{"id":4824,"date":"2023-03-26T13:55:57","date_gmt":"2023-03-26T13:55:57","guid":{"rendered":"https:\/\/gpdstore.net\/sin%20categor\u00eda\/gpd-bolsillo-3\/"},"modified":"2026-01-07T00:09:10","modified_gmt":"2026-01-07T00:09:10","slug":"gpd-pocket-3","status":"publish","type":"product","link":"https:\/\/gpdstore.net\/es\/product\/gpd-pocket-3\/","title":{"rendered":"Miniport\u00e1til GPD Pocket 3"},"content":{"rendered":"\n<figure class=\"wp-block-video\"><video controls=\"\" poster=\"https:\/\/gpdstore.net\/wp-content\/uploads\/2023\/03\/s-l1600-2025-11-11T121147209.webp\" src=\"https:\/\/gpdstore.net\/wp-content\/uploads\/2023\/03\/kaezXFcAdRaf7bFG0dm_1100204901809_mp4_265_hd-1.mp4\"><\/video><\/figure>\n\n<div class=\"wp-block-columns is-layout-flex wp-container-core-columns-is-layout-28f84493 wp-block-columns-is-layout-flex\">\n<div class=\"wp-block-column is-layout-flow wp-block-column-is-layout-flow\" style=\"flex-basis:33.33%\">\n<figure class=\"wp-block-image size-full\"><a href=\"https:\/\/gpdstore.net\/wp-content\/uploads\/2023\/03\/Wholesale-Price-GPD-Pocket-3-Mini-Laptop-16GB-1TB-i7-GPD-Pocket-3jpg_.webp\"><img fetchpriority=\"high\" decoding=\"async\" width=\"800\" height=\"800\" src=\"https:\/\/gpdstore.net\/wp-content\/uploads\/2023\/03\/Wholesale-Price-GPD-Pocket-3-Mini-Laptop-16GB-1TB-i7-GPD-Pocket-3jpg_.webp\" alt=\"GPD Pocket 3, un miniport&#xE1;til compacto y potente dise&#xF1;ado para una inform&#xE1;tica vers&#xE1;til y port&#xE1;til.\" class=\"wp-image-1263941\" srcset=\"https:\/\/gpdstore.net\/wp-content\/uploads\/2023\/03\/Wholesale-Price-GPD-Pocket-3-Mini-Laptop-16GB-1TB-i7-GPD-Pocket-3jpg_.webp 800w, https:\/\/gpdstore.net\/wp-content\/uploads\/2023\/03\/Wholesale-Price-GPD-Pocket-3-Mini-Laptop-16GB-1TB-i7-GPD-Pocket-3jpg_-600x600.webp 600w, https:\/\/gpdstore.net\/wp-content\/uploads\/2023\/03\/Wholesale-Price-GPD-Pocket-3-Mini-Laptop-16GB-1TB-i7-GPD-Pocket-3jpg_-150x150.webp 150w, https:\/\/gpdstore.net\/wp-content\/uploads\/2023\/03\/Wholesale-Price-GPD-Pocket-3-Mini-Laptop-16GB-1TB-i7-GPD-Pocket-3jpg_-768x768.webp 768w, https:\/\/gpdstore.net\/wp-content\/uploads\/2023\/03\/Wholesale-Price-GPD-Pocket-3-Mini-Laptop-16GB-1TB-i7-GPD-Pocket-3jpg_-65x65.webp 65w, https:\/\/gpdstore.net\/wp-content\/uploads\/2023\/03\/Wholesale-Price-GPD-Pocket-3-Mini-Laptop-16GB-1TB-i7-GPD-Pocket-3jpg_-360x360.webp 360w, https:\/\/gpdstore.net\/wp-content\/uploads\/2023\/03\/Wholesale-Price-GPD-Pocket-3-Mini-Laptop-16GB-1TB-i7-GPD-Pocket-3jpg_-441x441.webp 441w, https:\/\/gpdstore.net\/wp-content\/uploads\/2023\/03\/Wholesale-Price-GPD-Pocket-3-Mini-Laptop-16GB-1TB-i7-GPD-Pocket-3jpg_-100x100.webp 100w\" sizes=\"(max-width: 800px) 100vw, 800px\" \/><\/a><\/figure>\n<\/div>\n\n\n\n<div class=\"wp-block-column is-layout-flow wp-block-column-is-layout-flow\" style=\"flex-basis:66.66%\">\n<h2 class=\"wp-block-heading\"><strong><br\/><\/strong><strong>GPD Pocket 3: Potencia compacta con<br\/>Rendimiento Intel Pentium Gold 7505<\/strong><\/h2>\n\n\n\n<p>El <strong>GPD Pocket<\/strong> 3 ya est\u00e1 disponible en una configuraci\u00f3n optimizada que incluye el <a href=\"https:\/\/www.intel.com\/content\/www\/us\/en\/products\/sku\/208667\/intel-pentium-gold-7505-processor-4m-cache-up-to-3-50-ghz-with-ipu\/specifications.html\" target=\"_blank\" rel=\"noopener nofollow\" title=\"\">procesador Intel Pentium Gold 7505<\/a>. Con cuatro n\u00facleos y ocho subprocesos, y velocidades de aceleraci\u00f3n de hasta 3,5 GHz, esta CPU ofrece un rendimiento s\u00f3lido para la productividad diaria y la multitarea. <\/p>\n\n\n\n<p>Emparejado con 16 GB de RAM LPDDR4x a 3733 MHz y una r\u00e1pida SSD M.2 <a href=\"https:\/\/droix.net\/product\/ayn-odin-2-super-dock\/\" target=\"_blank\" rel=\"noopener nofollow\" title=\"\">NVMe<\/a>, el Pocket 3 proporciona una experiencia fluida para tareas como edici\u00f3n de documentos, navegaci\u00f3n web, streaming de v\u00eddeo y trabajo creativo ligero. Su dise\u00f1o compacto y su sistema de puertos modulares lo hacen ideal para profesionales y entusiastas que necesitan un dispositivo Windows potente pero port\u00e1til. <\/p>\n\n\n\n<p>Tanto si trabajas a distancia como si est\u00e1s de viaje o necesitas un PC ultraport\u00e1til y vers\u00e1til, el GPD Pocket 3 con Intel Pentium Gold consigue el equilibrio perfecto entre rendimiento y portabilidad.<\/p>\n<\/div>\n<\/div>\n\n<h2 class=\"wp-block-heading has-text-align-center\">Dise\u00f1ada para profesionales: Versatilidad, Control y Excelencia en el Dise\u00f1o<\/h2>\n\n<div class=\"wp-block-columns is-layout-flex wp-container-core-columns-is-layout-28f84493 wp-block-columns-is-layout-flex\">\n<div class=\"wp-block-column is-layout-flow wp-block-column-is-layout-flow\">\n<figure class=\"wp-block-image size-full\"><img decoding=\"async\" width=\"300\" height=\"300\" src=\"https:\/\/gpdstore.net\/wp-content\/uploads\/2023\/03\/87affa8a-19ce-4c6d-891b-43840ae1d1f6__CR00300300_PT0_SX300_V1___.jpg\" alt=\"Miniport&#xE1;til GPD Pocket 3 con pantalla giratoria de 180 grados y capacidad de volteo de 180 grados, que ofrece opciones flexibles de visualizaci&#xF3;n y uso\" class=\"wp-image-1263942\" srcset=\"https:\/\/gpdstore.net\/wp-content\/uploads\/2023\/03\/87affa8a-19ce-4c6d-891b-43840ae1d1f6__CR00300300_PT0_SX300_V1___.jpg 300w, https:\/\/gpdstore.net\/wp-content\/uploads\/2023\/03\/87affa8a-19ce-4c6d-891b-43840ae1d1f6__CR00300300_PT0_SX300_V1___-150x150.jpg 150w, https:\/\/gpdstore.net\/wp-content\/uploads\/2023\/03\/87affa8a-19ce-4c6d-891b-43840ae1d1f6__CR00300300_PT0_SX300_V1___-65x65.jpg 65w, https:\/\/gpdstore.net\/wp-content\/uploads\/2023\/03\/87affa8a-19ce-4c6d-891b-43840ae1d1f6__CR00300300_PT0_SX300_V1___-100x100.jpg 100w\" sizes=\"(max-width: 300px) 100vw, 300px\" \/><\/figure>\n\n\n\n<h3 class=\"wp-block-heading\"><strong><strong>Una Pantalla Que Se Adapta:<\/strong> La Pantalla Giratoria 180\u00ba con Durabilidad Pulvimetal\u00fargica.<\/strong><\/h3>\n\n\n\n<p>Nuestra innovadora criba giratoria, fabricada con tecnolog\u00eda pulvimetal\u00fargica avanzada, permite una rotaci\u00f3n suave de 180 grados con una sola mano alrededor del eje Y. Ha superado con \u00e9xito rigurosas pruebas de durabilidad, soportando 100.000 operaciones rob\u00f3ticas continuas (incluyendo rotaci\u00f3n, apertura y cierre) con una impresionante tasa de mantenimiento del 99,3%. <\/p>\n<\/div>\n\n\n\n<div class=\"wp-block-column is-layout-flow wp-block-column-is-layout-flow\">\n<figure class=\"wp-block-image size-full\"><img decoding=\"async\" width=\"300\" height=\"300\" src=\"https:\/\/gpdstore.net\/wp-content\/uploads\/2023\/03\/9728f488-7c9a-4702-8194-6d4228a0fa83__CR00300300_PT0_SX300_V1___.jpg\" alt=\"Miniport&#xE1;til GPD Pocket 3 con soporte para l&#xE1;piz &#xF3;ptico, que permite una introducci&#xF3;n precisa y una mayor productividad.\" class=\"wp-image-1263943\" srcset=\"https:\/\/gpdstore.net\/wp-content\/uploads\/2023\/03\/9728f488-7c9a-4702-8194-6d4228a0fa83__CR00300300_PT0_SX300_V1___.jpg 300w, https:\/\/gpdstore.net\/wp-content\/uploads\/2023\/03\/9728f488-7c9a-4702-8194-6d4228a0fa83__CR00300300_PT0_SX300_V1___-150x150.jpg 150w, https:\/\/gpdstore.net\/wp-content\/uploads\/2023\/03\/9728f488-7c9a-4702-8194-6d4228a0fa83__CR00300300_PT0_SX300_V1___-65x65.jpg 65w, https:\/\/gpdstore.net\/wp-content\/uploads\/2023\/03\/9728f488-7c9a-4702-8194-6d4228a0fa83__CR00300300_PT0_SX300_V1___-100x100.jpg 100w\" sizes=\"(max-width: 300px) 100vw, 300px\" \/><\/figure>\n\n\n\n<h3 class=\"wp-block-heading\"><strong><strong><strong>Entrada de precisi\u00f3n:<\/strong> Utiliza el teclado QWERTY galardonado con el premio Red Dot y un l\u00e1piz \u00f3ptico de 4096 niveles.<\/strong><\/strong><\/h3>\n\n\n\n<p>Pocket 3 es compatible con un l\u00e1piz \u00f3ptico activo con 4096 niveles de sensibilidad a la presi\u00f3n, lo que proporciona una precisi\u00f3n de escritura original. Compatible con el L\u00e1piz para Surface a trav\u00e9s del protocolo Microsoft MPP 2.0, permite tomar notas, hacer anotaciones y firmas sin problemas, facilitando la creaci\u00f3n de contenidos precisos y creativos en cualquier momento. <\/p>\n<\/div>\n\n\n\n<div class=\"wp-block-column is-layout-flow wp-block-column-is-layout-flow\">\n<figure class=\"wp-block-image size-full\"><img loading=\"lazy\" decoding=\"async\" width=\"300\" height=\"300\" src=\"https:\/\/gpdstore.net\/wp-content\/uploads\/2023\/03\/a2d68f01-c1f4-4886-afb1-90dae8b01b16__CR00300300_PT0_SX300_V1___.jpg\" alt=\"Minilaptop GPD Pocket 3 con c&#xE1;mara ultrafina 1080P, que proporciona calidad de v&#xED;deo de alta definici&#xF3;n para videollamadas claras y n&#xED;tidas\" class=\"wp-image-1263944\" srcset=\"https:\/\/gpdstore.net\/wp-content\/uploads\/2023\/03\/a2d68f01-c1f4-4886-afb1-90dae8b01b16__CR00300300_PT0_SX300_V1___.jpg 300w, https:\/\/gpdstore.net\/wp-content\/uploads\/2023\/03\/a2d68f01-c1f4-4886-afb1-90dae8b01b16__CR00300300_PT0_SX300_V1___-150x150.jpg 150w, https:\/\/gpdstore.net\/wp-content\/uploads\/2023\/03\/a2d68f01-c1f4-4886-afb1-90dae8b01b16__CR00300300_PT0_SX300_V1___-65x65.jpg 65w, https:\/\/gpdstore.net\/wp-content\/uploads\/2023\/03\/a2d68f01-c1f4-4886-afb1-90dae8b01b16__CR00300300_PT0_SX300_V1___-100x100.jpg 100w\" sizes=\"(max-width: 300px) 100vw, 300px\" \/><\/figure>\n\n\n\n<h3 class=\"wp-block-heading\"><strong><strong><strong>Comunicaci\u00f3n clara:<\/strong> Con\u00e9ctate en cualquier lugar con la c\u00e1mara gran angular ultrafina de 1080P.<\/strong><\/strong><\/h3>\n\n\n\n<p>Minic\u00e1mara ultrafina de alta definici\u00f3n 1080P con 2 millones de p\u00edxeles y un amplio campo de visi\u00f3n de 77\u00b0. Esto te permite comunicarte con tu familia mediante una transmisi\u00f3n en directo o celebrar videoconferencias con tus colegas en cualquier momento y lugar. <\/p>\n<\/div>\n<\/div>\n\n<div class=\"wp-block-columns is-layout-flex wp-container-core-columns-is-layout-28f84493 wp-block-columns-is-layout-flex\">\n<div class=\"wp-block-column is-layout-flow wp-block-column-is-layout-flow\">\n<figure class=\"wp-block-image size-full\"><img loading=\"lazy\" decoding=\"async\" width=\"300\" height=\"400\" src=\"https:\/\/gpdstore.net\/wp-content\/uploads\/2023\/03\/dfaad9ca-c981-4178-9f69-19a4a5cf5f38__CR00300400_PT0_SX300_V1___.jpg\" alt=\"Miniport&#xE1;til GPD Pocket 3 con control KVM, que ofrece una integraci&#xF3;n y gesti&#xF3;n perfectas de varios dispositivos desde una &#xFA;nica interfaz\" class=\"wp-image-1263945\" srcset=\"https:\/\/gpdstore.net\/wp-content\/uploads\/2023\/03\/dfaad9ca-c981-4178-9f69-19a4a5cf5f38__CR00300400_PT0_SX300_V1___.jpg 300w, https:\/\/gpdstore.net\/wp-content\/uploads\/2023\/03\/dfaad9ca-c981-4178-9f69-19a4a5cf5f38__CR00300400_PT0_SX300_V1___-150x200.jpg 150w\" sizes=\"(max-width: 300px) 100vw, 300px\" \/><\/figure>\n<\/div>\n\n\n\n<div class=\"wp-block-column is-layout-flow wp-block-column-is-layout-flow\">\n<h3 class=\"wp-block-heading\"><strong>Poder de la administraci\u00f3n inform\u00e1tica:<\/strong> acceso al servidor a nivel de hardware mediante el m\u00f3dulo KVM intercambiable en caliente.<\/h3>\n\n\n\n<p>A diferencia del &#8220;escritorio remoto&#8221;, el m\u00f3dulo de control KVM se utiliza para el control de acceso a nivel de hardware que abarca todo el proceso de uso del servidor objetivo, desde el arranque, la configuraci\u00f3n de la BIOS hasta las operaciones dentro del SO.<\/p>\n\n\n\n<p>Es intercambiable en caliente, pero no tiene KVM IP, por lo que no admite gesti\u00f3n remota y es adecuado para gestionar equipos de red local que no tengan teclado, rat\u00f3n y pantalla.<\/p>\n\n\n\n<p>*M\u00f3dulo KVM\/M\u00f3dulo RS-232\/Stylus Se venden por separado<\/p>\n<\/div>\n\n\n\n<div class=\"wp-block-column is-layout-flow wp-block-column-is-layout-flow\">\n<figure class=\"wp-block-image size-full\"><img loading=\"lazy\" decoding=\"async\" width=\"350\" height=\"175\" src=\"https:\/\/gpdstore.net\/wp-content\/uploads\/2023\/03\/c011901a-1c49-4ed6-b6e2-a74a6089bf57__CR00350175_PT0_SX350_V1___-1.jpg\" alt=\"Miniport&#xE1;til GPD Pocket 3 con teclado QWERTY, dise&#xF1;ado para escribir c&#xF3;moda y eficazmente en un formato compacto\" class=\"wp-image-1263946\" srcset=\"https:\/\/gpdstore.net\/wp-content\/uploads\/2023\/03\/c011901a-1c49-4ed6-b6e2-a74a6089bf57__CR00350175_PT0_SX350_V1___-1.jpg 350w, https:\/\/gpdstore.net\/wp-content\/uploads\/2023\/03\/c011901a-1c49-4ed6-b6e2-a74a6089bf57__CR00350175_PT0_SX350_V1___-1-150x75.jpg 150w\" sizes=\"(max-width: 350px) 100vw, 350px\" \/><\/figure>\n\n\n\n<h3 class=\"wp-block-heading\"><strong>&#8220;Teclado &#8220;QWERTY<\/strong><\/h3>\n\n\n\n<p>Nuestro aclamado teclado &#8220;QWERTY&#8221; estilo chocolate chiclet, que ha ganado el premio alem\u00e1n Red Dot, est\u00e1 optimizado para escribir con ambas manos concentrando las teclas m\u00e1s importantes en el centro, \u00a1lo que hace que sea muy c\u00f3modo jugar a juegos controlados por teclado y rat\u00f3n en este dispositivo!<\/p>\n<\/div>\n<\/div>\n\n<h2 class=\"wp-block-heading has-text-align-center\">Entradas de calidad profesional: Control por hardware y mecanograf\u00eda ergon\u00f3mica<\/h2>\n\n<figure class=\"wp-block-image aligncenter size-full\"><img loading=\"lazy\" decoding=\"async\" width=\"1024\" height=\"678\" src=\"https:\/\/gpdstore.net\/wp-content\/uploads\/2023\/03\/GPD-POCKET-3-MARKETING-IMAGE-2-1024x678-1.jpg\" alt=\"Miniport&#xE1;til GPD Pocket 3 capaz de conectar varias pantallas para mejorar la productividad y la multitarea\" class=\"wp-image-1263947\" srcset=\"https:\/\/gpdstore.net\/wp-content\/uploads\/2023\/03\/GPD-POCKET-3-MARKETING-IMAGE-2-1024x678-1.jpg 1024w, https:\/\/gpdstore.net\/wp-content\/uploads\/2023\/03\/GPD-POCKET-3-MARKETING-IMAGE-2-1024x678-1-600x397.jpg 600w, https:\/\/gpdstore.net\/wp-content\/uploads\/2023\/03\/GPD-POCKET-3-MARKETING-IMAGE-2-1024x678-1-768x509.jpg 768w, https:\/\/gpdstore.net\/wp-content\/uploads\/2023\/03\/GPD-POCKET-3-MARKETING-IMAGE-2-1024x678-1-360x238.jpg 360w, https:\/\/gpdstore.net\/wp-content\/uploads\/2023\/03\/GPD-POCKET-3-MARKETING-IMAGE-2-1024x678-1-990x655.jpg 990w, https:\/\/gpdstore.net\/wp-content\/uploads\/2023\/03\/GPD-POCKET-3-MARKETING-IMAGE-2-1024x678-1-441x292.jpg 441w, https:\/\/gpdstore.net\/wp-content\/uploads\/2023\/03\/GPD-POCKET-3-MARKETING-IMAGE-2-1024x678-1-150x99.jpg 150w\" sizes=\"(max-width: 1024px) 100vw, 1024px\" \/><\/figure>\n\n<p>GPD vuelve con la tercera iteraci\u00f3n de su popular l\u00ednea de miniport\u00e1tiles, \u00a1el acertadamente llamado <strong>GPD Pocket 3<\/strong>! Este port\u00e1til de factor de forma peque\u00f1o y repleto de funciones est\u00e1 totalmente equipado y es lo suficientemente flexible como para cubrir todas tus necesidades inform\u00e1ticas cotidianas con facilidad.<\/p>\n\n<p>Adem\u00e1s de la pl\u00e9tora de interfaces que ya tiene el dispositivo (USB, Thunderbolt, RJ45, etc.), el GPD Pocket 3 tambi\u00e9n incorpora una &#8220;interfaz de conexi\u00f3n modular&#8221;. Esto te permite ajustar libremente los puertos del <strong>GPD Pocket<\/strong> 3 para adaptarlos a tus necesidades. \u00bfQuieres un puerto USB adicional para otro dispositivo? No hay problema. \u00bfNecesitas una interfaz con un servidor? Es f\u00e1cil con el m\u00f3dulo KVM dedicado*.     <\/p>\n\n<p>Al fin y al cabo, el <strong>GPD Pocket<\/strong> 3 est\u00e1 repleto de caracter\u00edsticas y funciones \u00fatiles. \u00bfMicr\u00f3fono incorporado? Lo tiene. \u00bfPantalla giratoria 360 grados? Claro! \u00bfPuerto HDMI? \u00a1Ya est\u00e1 ah\u00ed!      <\/p>\n\n<p>Tanto si te interesa el modelo de gama alta como el b\u00e1sico, obtendr\u00e1s un port\u00e1til muy port\u00e1til y personalizable para que se adapte perfectamente a ti.<\/p>\n\n<figure class=\"wp-block-image aligncenter size-full\"><img loading=\"lazy\" decoding=\"async\" width=\"970\" height=\"600\" src=\"https:\/\/gpdstore.net\/wp-content\/uploads\/2023\/03\/28ee65cf-aa50-4535-b107-c1d20069d506__CR00970600_PT0_SX970_V1___.jpg\" alt=\"Par&#xE1;metros del sistema del miniport&#xE1;til GPD Pocket 3, incluidas las especificaciones del procesador, la memoria, el almacenamiento y la pantalla, para un rendimiento &#xF3;ptimo.\" class=\"wp-image-1263948\" srcset=\"https:\/\/gpdstore.net\/wp-content\/uploads\/2023\/03\/28ee65cf-aa50-4535-b107-c1d20069d506__CR00970600_PT0_SX970_V1___.jpg 970w, https:\/\/gpdstore.net\/wp-content\/uploads\/2023\/03\/28ee65cf-aa50-4535-b107-c1d20069d506__CR00970600_PT0_SX970_V1___-600x371.jpg 600w, https:\/\/gpdstore.net\/wp-content\/uploads\/2023\/03\/28ee65cf-aa50-4535-b107-c1d20069d506__CR00970600_PT0_SX970_V1___-768x475.jpg 768w, https:\/\/gpdstore.net\/wp-content\/uploads\/2023\/03\/28ee65cf-aa50-4535-b107-c1d20069d506__CR00970600_PT0_SX970_V1___-360x223.jpg 360w, https:\/\/gpdstore.net\/wp-content\/uploads\/2023\/03\/28ee65cf-aa50-4535-b107-c1d20069d506__CR00970600_PT0_SX970_V1___-441x273.jpg 441w, https:\/\/gpdstore.net\/wp-content\/uploads\/2023\/03\/28ee65cf-aa50-4535-b107-c1d20069d506__CR00970600_PT0_SX970_V1___-150x93.jpg 150w\" sizes=\"(max-width: 970px) 100vw, 970px\" \/><\/figure>\n","protected":false},"excerpt":{"rendered":"<ul>\n<li>Intel\u00ae Pentium\u00ae Gold 7505 hasta 3,50GHz ; 4 N\u00facleos\/8 Hilos<\/li>\n<li><strong>16 GB de RAM LPDDR4x<\/strong> a 3733Mhz<\/li>\n<li><strong>Thunderbolt 4 \/ Pantalla t\u00e1ctil de 8&#8243; \/ Esc\u00e1ner de huellas dactilares<\/strong><\/li>\n<li><strong>Hasta 4 TB<\/strong> de SSD PCI-E NVMe<\/li>\n<li>Modular con <strong>puertos KVM\/RS-232 <\/strong>(se venden por separado)<\/li>\n<\/ul>\n<p><img loading=\"lazy\" decoding=\"async\" src=\"https:\/\/gpdstore.net\/wp-content\/uploads\/2024\/08\/POCKET-4-FREEBIE-LONG.jpg\" alt=\"Banner promocional para el GPD Pocket 4 que ofrece una funda protectora gratuita. El texto dice \"REGALOS GRATUITOS - FUNDA PROTECTORA - A\u00d1ADIDO AUTOM\u00c1TICAMENTE AL CARRITO\", acompa\u00f1ado de la imagen de una elegante funda protectora negra.\" width=\"1000\" height=\"140\" class=\"alignnone size-full wp-image-973719\" srcset=\"https:\/\/gpdstore.net\/wp-content\/uploads\/2024\/08\/POCKET-4-FREEBIE-LONG.jpg 1000w, https:\/\/gpdstore.net\/wp-content\/uploads\/2024\/08\/POCKET-4-FREEBIE-LONG-600x84.jpg 600w, https:\/\/gpdstore.net\/wp-content\/uploads\/2024\/08\/POCKET-4-FREEBIE-LONG-768x108.jpg 768w, https:\/\/gpdstore.net\/wp-content\/uploads\/2024\/08\/POCKET-4-FREEBIE-LONG-360x50.jpg 360w, https:\/\/gpdstore.net\/wp-content\/uploads\/2024\/08\/POCKET-4-FREEBIE-LONG-990x139.jpg 990w, https:\/\/gpdstore.net\/wp-content\/uploads\/2024\/08\/POCKET-4-FREEBIE-LONG-441x62.jpg 441w, https:\/\/gpdstore.net\/wp-content\/uploads\/2024\/08\/POCKET-4-FREEBIE-LONG-150x21.jpg 150w\" sizes=\"(max-width: 1000px) 100vw, 1000px\" \/><\/p>\n<p> [cg_accordion title=\"INFORMACI\u00d3N SOBRE EL PAGO\"] Utilizamos la \u00faltima tecnolog\u00eda en procesamiento de pagos, lo que te permite pagar con tarjeta de d\u00e9bito\/cr\u00e9dito o PayPal para una experiencia r\u00e1pida y segura.[\/cg_accordion] [cg_accordion title=\"GARANT\u00cdA\"] 2 a\u00f1os de garant\u00eda de <a href=\"https:\/\/droix.net\/\" target=\"_blank\" rel=\"nofollow noopener\">DROIX<\/a> Global para tu tranquilidad[\/cg_accordion] [cg_accordion title=\"GARANT\u00cdA DE CALIDAD Y PRUEBAS PREVIAS A LA EXPEDICI\u00d3N\"] Garantizamos la satisfacci\u00f3n del cliente al m\u00e1s alto nivel: Cada dispositivo se somete a rigurosas pruebas y a un control de calidad de varios puntos antes de ser enviado. Nuestro equipo especializado verifica el rendimiento, la funcionalidad y la integridad de los componentes para garantizar que tu dispositivo GPD est\u00e9 en perfecto estado de funcionamiento a su llegada, proporcion\u00e1ndote confianza y tranquilidad.[\/cg_accordion] [cg_accordion title=\"PRECIOS, IMPUESTOS Y GASTOS DE ENV\u00cdO\"] <strong><u>Nota:<\/u><\/strong><\/p>\n<ul>\n<li>Clientes de Estados Unidos: El precio indicado NO incluye impuestos ni aranceles. La responsabilidad de despachar aduanas y pagar cualquier impuesto o arancel asociado recae en el cliente. <\/li>\n<li>Clientes de la UE: El precio indicado incluye el IMPUESTO aplicable, que puede ser de hasta el 25% dependiendo de tu pa\u00eds.<\/li>\n<li>Clientes de Canad\u00e1: El precio mostrado incluye los impuestos aplicables, que pueden incluir un 5% de GST e impuestos de venta provinciales (PST), impuestos de venta armonizados (HST) o impuestos de venta de Quebec (QST) adicionales, dependiendo de tu provincia.<\/li>\n<\/ul>\n<p><strong>S\u00d3LO para clientes de la UE:<\/strong> DDP expr\u00e9s (entrega con derechos pagados). Esto significa: <\/p>\n<ul>\n<li style=\"list-style-type: none;\">\n<ul>\n<li>Todos los derechos de aduana e impuestos est\u00e1n incluidos en el precio que aparece en la p\u00e1gina del producto.<\/li>\n<li>No tendr\u00e1s que pagar ning\u00fan gasto adicional en el momento de la entrega.<\/li>\n<li>En el raro caso de que surjan problemas relacionados con las aduanas, nuestro equipo se encargar\u00e1 del proceso de despacho de aduanas en tu nombre para garantizar una experiencia de entrega sin problemas.<\/li>\n<p>Informaci\u00f3n importante sobre devoluciones:<\/p>\n<li>Si decides devolver tu pedido o solicitar un reembolso, ten en cuenta que los impuestos y aranceles pagados en tu nombre seg\u00fan las condiciones del DDP no pueden reembolsarse.<\/li>\n<p>Consulta nuestra<\/ul>\n<\/li>\n<\/ul>\n<p><a href=\"https:\/\/droix.net\/terms-and-conditions\/\" target=\"_blank\" rel=\"nofollow noopener\">Condiciones generales<\/a><\/p>\n<ul>para obtener informaci\u00f3n detallada.<\/ul>\n<p>[\/cg_accordion] [cg_accordion title=\"ATENCI\u00d3N AL CLIENTE\"]  \u00bfTienes alguna pregunta? \u00a1Estamos a un SMS de solucionar tu problema!  Consulta nuestras <a href=\"https:\/\/gpdstore.net\/en-gb\/terms-of-service\/\" target=\"_blank\" rel=\"nofollow noopener\">Condiciones generales<\/a> para obtener informaci\u00f3n detallada.  [\/cg_accordion] [cg_accordion title=\"QU\u00c9 INCLUYE\"]<\/p>\n<ul>\n<li>1x GPD Bolsillo 3<\/li>\n<li>1x Adaptador de corriente<\/li>\n<li>1x Cable USB Tipo-C<\/li>\n<li>1x Manual del usuario<\/li>\n<li>1x Palpador GPD<\/li>\n<\/ul>\n<p>[\/cg_accordion]<\/p>\n","protected":false},"featured_media":4825,"template":"","meta":{"_acf_changed":false},"product_brand":[],"product_cat":[1403,1404,1281],"product_tag":[14531,1406],"woo-feed-brand":[738],"class_list":{"0":"post-4824","1":"product","2":"type-product","3":"status-publish","4":"has-post-thumbnail","6":"product_cat-portatiles","7":"product_cat-tableta-portatil","8":"product_cat-miniportatiles-gpd","9":"product_tag-8xmsale-es-2","10":"product_tag-gpd-bolsillo-3","11":"product_shipping_class-premium","12":"pa_bluetooth-5-es","13":"pa_brand-gpd","14":"pa_display-type-h-ips-es","15":"pa_graphics-gpu-model-core-i3-1125g4-graficos-uhd","16":"pa_graphics-gpu-model-core-i7-1195g7-graficos-iris-xe","17":"pa_graphics-gpu-model-pentium-gold-7505-graficos-uhd","18":"pa_i-o-video-1x-hdmi-2-0b-es","19":"pa_i-o-video-mediante-1x-usb-4-0-tipo-c-a-40-gb-s","20":"pa_memory-ram-capacity-8gb-es","21":"pa_memory-ram-capacity-16-gb-es","22":"pa_memory-ram-technology-lpddr4x-es","23":"pa_processor-cpu-model-intel-core-i3-1125g4","24":"pa_processor-cpu-model-intel-core-i7-1195g7","25":"pa_processor-cpu-model-intel-pentium-gold-7505","26":"pa_processor-cpu-model-pentium-silver-n6000","27":"pa_storage-capacity-512-gb-es","28":"pa_storage-capacity-1tb-es","29":"pa_wi-fi-wi-fi-6-es","30":"woo-feed-brand-gpd-es","32":"first","33":"instock","34":"sale","35":"taxable","36":"shipping-taxable","37":"purchasable","38":"product-type-variable","39":"has-default-attributes"},"acf":[],"aioseo_notices":[],"_links":{"self":[{"href":"https:\/\/gpdstore.net\/es\/wp-json\/wp\/v2\/product\/4824","targetHints":{"allow":["GET"]}}],"collection":[{"href":"https:\/\/gpdstore.net\/es\/wp-json\/wp\/v2\/product"}],"about":[{"href":"https:\/\/gpdstore.net\/es\/wp-json\/wp\/v2\/types\/product"}],"wp:featuredmedia":[{"embeddable":true,"href":"https:\/\/gpdstore.net\/es\/wp-json\/wp\/v2\/media\/4825"}],"wp:attachment":[{"href":"https:\/\/gpdstore.net\/es\/wp-json\/wp\/v2\/media?parent=4824"}],"wp:term":[{"taxonomy":"product_brand","embeddable":true,"href":"https:\/\/gpdstore.net\/es\/wp-json\/wp\/v2\/product_brand?post=4824"},{"taxonomy":"product_cat","embeddable":true,"href":"https:\/\/gpdstore.net\/es\/wp-json\/wp\/v2\/product_cat?post=4824"},{"taxonomy":"product_tag","embeddable":true,"href":"https:\/\/gpdstore.net\/es\/wp-json\/wp\/v2\/product_tag?post=4824"},{"taxonomy":"woo-feed-brand","embeddable":true,"href":"https:\/\/gpdstore.net\/es\/wp-json\/wp\/v2\/woo-feed-brand?post=4824"}],"curies":[{"name":"wp","href":"https:\/\/api.w.org\/{rel}","templated":true}]}}