{"id":4478,"date":"2023-03-24T18:47:23","date_gmt":"2023-03-24T18:47:23","guid":{"rendered":"https:\/\/gpdstore.net\/sin%20categor\u00eda\/pc-portatil-para-juegos-gpd-win-4\/"},"modified":"2025-12-23T10:34:29","modified_gmt":"2025-12-23T10:34:29","slug":"gpd-win-4","status":"publish","type":"product","link":"https:\/\/gpdstore.net\/es\/product\/gpd-win-4\/","title":{"rendered":"GPD WIN 4 PC port\u00e1til para juegos"},"content":{"rendered":"\n<p>Si eres un \u00e1vido jugador al que le encanta jugar fuera de casa, te encantar\u00e1 conocer el \u00faltimo PC port\u00e1til para juegos de GPD, el GPD WIN 4. Con su tama\u00f1o compacto y sus potentes especificaciones, este dispositivo impresionar\u00e1 a los jugadores m\u00e1s exigentes. <\/p>\n\n<p>Con s\u00f3lo 22,0 \u00d7 9,2 \u00d7 2,8 cm (8,6 x 3,6 x 1,10 pulgadas) y unos 570 g de peso, GPD WIN 4 es incre\u00edblemente port\u00e1til. Es incluso m\u00e1s peque\u00f1a que su predecesora, la GPD WIN 3, por lo que es f\u00e1cil de guardar en un bolso peque\u00f1o o en el bolsillo de una chaqueta y llevarla a todas partes. <\/p>\n\n<p>Una de las caracter\u00edsticas m\u00e1s destacadas del GPD WIN 4 es su procesador AMD Ryzen 7 6800U con ocho n\u00facleos y diecis\u00e9is hilos que funciona hasta a 4,7GHz @ 28W TDP. Esto, unido a la Radeon 680M de hasta 2,2Ghz, permite jugar sin problemas a los \u00faltimos juegos AAA de Windows en este PC port\u00e1til para juegos con una configuraci\u00f3n jugable. Tanto si te gustan los shooters en primera persona, los juegos de rol o las simulaciones deportivas, GPD WIN 4 te ofrece todo lo que necesitas.  <\/p>\n\n<p>En t\u00e9rminos de memoria y almacenamiento, el GPD WIN 4 ofrece una selecci\u00f3n de 16 GB o 32 GB de RAM LPDDR5-6400 MT y hasta 2 TB de r\u00e1pido SSD compatible con hasta M.2 PCIe 4.0 NVMe 2280 SSD. Esto significa que tendr\u00e1s espacio de sobra para almacenar tus juegos y otros archivos, y con las rapid\u00edsimas velocidades de lectura y escritura del SSD, no tendr\u00e1s que esperar mucho para que se carguen tus juegos.  <\/p>\n\n<p>El GPD WIN 4 tambi\u00e9n presume de una r\u00e1pida conectividad inal\u00e1mbrica con WiFi 6 802.11 a\/b\/g\/n\/ac\/ax y Bluetooth 5.2. Y si est\u00e1s de viaje y necesitas acceso a Internet, puedes adquirir por separado un m\u00f3dulo acoplable compatible con tarjetas nano-sim 4G LTE para datos m\u00f3viles. <\/p>\n\n<p>El dispositivo cuenta con una pantalla t\u00e1ctil H-IPS de 6 pulgadas con una resoluci\u00f3n nativa de 1920&#215;1080, compatible con 40 Hz y 60 Hz para velocidades de fotogramas configurables. Esto garantiza que los juegos m\u00e1s antiguos se ejecuten sin problemas en GPD WIN 4, sin los problemas de rotaci\u00f3n de pantalla que pueden producirse en otros dispositivos port\u00e1tiles. <\/p>\n\n<p>El GPD WIN 4 tambi\u00e9n ofrece un impresionante esquema de control y dise\u00f1o que recuerda a la PSP de Sony, con joysticks de doble sensor Hall, D-pad de estilo cl\u00e1sico y botones de disparo anal\u00f3gicos lineales con iluminaci\u00f3n LED. Adem\u00e1s, hay dos botones personalizables en la parte trasera del dispositivo, lo que te permite configurar los controles a tu gusto. <\/p>\n\n<p>Si quieres llevar a\u00fan m\u00e1s lejos el rendimiento de GPD WIN 4, puedes conectar una tarjeta gr\u00e1fica externa (eGPU) a trav\u00e9s del puerto USB 4 de alta velocidad, que admite hasta 40 Gbps. El dispositivo tambi\u00e9n cuenta con un puerto USB 3.2 Gen 2 para datos y carga, as\u00ed como un puerto USB Tipo-A para perif\u00e9ricos adicionales. <\/p>\n\n<p>Con una bater\u00eda de pol\u00edmero de litio de 45,62 Wh, el GPD WIN 4 puede durar hasta 10 horas con un uso ligero, de 3 a 6 horas con un uso moderado y unas 2 horas de uso intensivo. Esto significa que puedes jugar a tus juegos favoritos sobre la marcha sin preocuparte de quedarte sin bater\u00eda. <\/p>\n\n<p>En conclusi\u00f3n, GPD WIN 4 es un potente port\u00e1til perfecto para jugar fuera de casa. Tanto si vas al trabajo, como si viajas o simplemente te relajas en casa, este PC port\u00e1til te proporcionar\u00e1 horas de entretenimiento. As\u00ed que, \u00bfpor qu\u00e9 no hacerse con uno hoy mismo y disfrutar de los juegos AAA de gama alta?  <\/p>\n","protected":false},"excerpt":{"rendered":"<ul>\n<li>AMD <strong>Ryzen 7 6800U<\/strong> \/ AMD Radeon 680M<\/li>\n<li><strong>hasta 32 GB<\/strong> LPDDR5 a 6400 MT\/s<\/li>\n<li><strong>hasta 2 TB de<\/strong> SSD PCI-E <strong>M.2<\/strong> 2280 de alta velocidad<\/li>\n<li>Pantalla t\u00e1ctil de <strong>6&#8243; con tecnolog\u00eda H-IPS<\/strong> <\/li>\n<li>Compatible con <strong>WiFi 6<\/strong> y <strong>Bluetooth 5.2<\/strong>  <\/li>\n<\/ul>\n<p><img fetchpriority=\"high\" decoding=\"async\" src=\"https:\/\/gpdstore.net\/wp-content\/uploads\/2024\/03\/WIN-4-FREE-GIFTS.jpg\" alt=\"\" width=\"2000\" height=\"500\" class=\"alignnone size-full wp-image-4175\" srcset=\"https:\/\/gpdstore.net\/wp-content\/uploads\/2024\/03\/WIN-4-FREE-GIFTS.jpg 2000w, https:\/\/gpdstore.net\/wp-content\/uploads\/2024\/03\/WIN-4-FREE-GIFTS-600x150.jpg 600w, https:\/\/gpdstore.net\/wp-content\/uploads\/2024\/03\/WIN-4-FREE-GIFTS-1200x300.jpg 1200w, https:\/\/gpdstore.net\/wp-content\/uploads\/2024\/03\/WIN-4-FREE-GIFTS-768x192.jpg 768w, https:\/\/gpdstore.net\/wp-content\/uploads\/2024\/03\/WIN-4-FREE-GIFTS-1536x384.jpg 1536w, https:\/\/gpdstore.net\/wp-content\/uploads\/2024\/03\/WIN-4-FREE-GIFTS-360x90.jpg 360w, https:\/\/gpdstore.net\/wp-content\/uploads\/2024\/03\/WIN-4-FREE-GIFTS-990x248.jpg 990w, https:\/\/gpdstore.net\/wp-content\/uploads\/2024\/03\/WIN-4-FREE-GIFTS-441x110.jpg 441w, https:\/\/gpdstore.net\/wp-content\/uploads\/2024\/03\/WIN-4-FREE-GIFTS-150x38.jpg 150w\" sizes=\"(max-width: 2000px) 100vw, 2000px\" \/><\/p>\n[cg_accordion title=\"INFORMACI\u00d3N SOBRE EL PAGO\"]<\/p>\n<p>Utilizamos la \u00faltima tecnolog\u00eda en procesamiento de pagos, lo que le permite pagar a trav\u00e9s de su tarjeta de d\u00e9bito o cr\u00e9dito, o PayPal para una experiencia r\u00e1pida y segura.[\/cg_accordion]\n[cg_accordion title=\"GARANT\u00cdA\"]<\/p>\n<p>2 a\u00f1os de garant\u00eda de <a href=\"https:\/\/droix.net\/\" target=\"_blank\" rel=\"nofollow noopener\">DROIX Global<\/a> para su tranquilidad[\/cg_accordion]\n[cg_accordion title=\"GARANT\u00cdA DE CALIDAD Y PRUEBAS PREVIAS A LA EXPEDICI\u00d3N\"]<\/p>\n<p>Garantizamos la satisfacci\u00f3n del cliente al m\u00e1s alto nivel: Cada dispositivo se somete a rigurosas pruebas y a una comprobaci\u00f3n de garant\u00eda de calidad en varios puntos antes de ser enviado. Nuestro equipo especializado verifica el rendimiento, la funcionalidad y la integridad de los componentes para garantizar que tu dispositivo GPD est\u00e9 en perfecto estado de funcionamiento a su llegada, proporcion\u00e1ndote confianza y tranquilidad. [\/cg_accordion]\n[cg_accordion title=\"PRECIOS, IMPUESTOS Y GASTOS DE ENV\u00cdO\"]<\/p>\n<p><strong><u>Nota:<\/u><\/strong><\/p>\n<ul>\n<li>Clientes de Estados Unidos: El precio indicado NO incluye impuestos ni aranceles. El cliente es responsable del despacho de aduanas y del pago de los impuestos y aranceles correspondientes. <\/li>\n<li>Clientes de la UE: El precio mostrado incluye el IMPUESTO aplicable, que puede ser de hasta el 25% dependiendo de su pa\u00eds.<\/li>\n<li>Clientes de Canad\u00e1: El precio mostrado incluye los impuestos aplicables, que pueden incluir un 5% de GST e impuestos de venta provinciales (PST) adicionales, impuesto de venta armonizado (HST) o impuesto de venta de Quebec (QST), dependiendo de su provincia.<\/li>\n<\/ul>\n<p><strong>S\u00d3LO para clientes de la UE:<\/strong> Express DDP (Entrega con derechos pagados). Esto significa: <\/p>\n<ul>\n<li>Todos los derechos de aduana e impuestos est\u00e1n incluidos en el precio que aparece en la p\u00e1gina del producto.<\/li>\n<li>No tendr\u00e1 que pagar ning\u00fan gasto adicional en el momento de la entrega.<\/li>\n<li>En el raro caso de que surjan problemas relacionados con las aduanas, nuestro equipo se encargar\u00e1 del proceso de despacho de aduanas en su nombre para garantizar una entrega sin problemas.<\/li>\n<p>Informaci\u00f3n importante sobre devoluciones:<\/p>\n<li>Si decide devolver su pedido o solicitar un reembolso, tenga en cuenta que los impuestos y aranceles pagados en su nombre con arreglo a las condiciones del DDP no pueden reembolsarse.<\/li>\n<p>Consulte nuestras <a href=\"https:\/\/droix.net\/terms-and-conditions\/\" target=\"_blank\" rel=\"nofollow noopener\">Condiciones generales<\/a> para obtener informaci\u00f3n detallada.\n<\/ul>\n<p>[\/cg_accordion]\n[cg_accordion title=\"ATENCI\u00d3N AL CLIENTE\"]<\/p>\n<p>\u00bfTiene alguna pregunta? Estamos a un paso de resolver su problema. <\/p>\n<p>Consulte nuestras <a href=\"https:\/\/gpdstore.net\/es\/terms-of-service\/\" target=\"_blank\" rel=\"nofollow noopener\">Condiciones generales<\/a> para obtener informaci\u00f3n detallada.\n<\/ul>\n<p>[\/cg_accordion]\n[cg_accordion title=\"QU\u00c9 INCLUYE\"]<\/p>\n<ul>\n<li>1x GPD WIN 4<\/li>\n<li>1x adaptador de corriente<\/li>\n<li>1x Cable USB Tipo-C<\/li>\n<li>1x Manual del usuario<\/li>\n<\/ul>\n<p>[\/cg_accordion]\n","protected":false},"featured_media":4479,"template":"","meta":{"_acf_changed":false},"product_brand":[],"product_cat":[734],"product_tag":[736,737],"woo-feed-brand":[738],"class_list":{"0":"post-4478","1":"product","2":"type-product","3":"status-publish","4":"has-post-thumbnail","6":"product_cat-gpd-pc-portatil-para-juegos","7":"product_tag-10gpdsale-es","8":"product_tag-gpd-win-4-es","9":"product_shipping_class-premium","10":"pa_bluetooth-5-2-es","11":"pa_display-type-h-ips-es","12":"pa_graphics-gpu-model-radeon-680m-es","13":"pa_i-o-video-mediante-1x-usb-4-0-tipo-c-a-40-gb-s","14":"pa_memory-ram-capacity-16-gb-es","15":"pa_memory-ram-capacity-32-gb-es","16":"pa_memory-ram-technology-lpddr5-es","17":"pa_processor-cpu-model-ryzen-7-6800u","18":"pa_storage-capacity-512-gb-es","19":"pa_storage-capacity-1tb-es","20":"pa_storage-capacity-2tb-es","21":"pa_wi-fi-wi-fi-6-es","22":"woo-feed-brand-gpd-es","24":"first","25":"outofstock","26":"sale","27":"taxable","28":"shipping-taxable","29":"purchasable","30":"product-type-variable","31":"has-default-attributes"},"acf":[],"aioseo_notices":[],"_links":{"self":[{"href":"https:\/\/gpdstore.net\/es\/wp-json\/wp\/v2\/product\/4478","targetHints":{"allow":["GET"]}}],"collection":[{"href":"https:\/\/gpdstore.net\/es\/wp-json\/wp\/v2\/product"}],"about":[{"href":"https:\/\/gpdstore.net\/es\/wp-json\/wp\/v2\/types\/product"}],"wp:featuredmedia":[{"embeddable":true,"href":"https:\/\/gpdstore.net\/es\/wp-json\/wp\/v2\/media\/4479"}],"wp:attachment":[{"href":"https:\/\/gpdstore.net\/es\/wp-json\/wp\/v2\/media?parent=4478"}],"wp:term":[{"taxonomy":"product_brand","embeddable":true,"href":"https:\/\/gpdstore.net\/es\/wp-json\/wp\/v2\/product_brand?post=4478"},{"taxonomy":"product_cat","embeddable":true,"href":"https:\/\/gpdstore.net\/es\/wp-json\/wp\/v2\/product_cat?post=4478"},{"taxonomy":"product_tag","embeddable":true,"href":"https:\/\/gpdstore.net\/es\/wp-json\/wp\/v2\/product_tag?post=4478"},{"taxonomy":"woo-feed-brand","embeddable":true,"href":"https:\/\/gpdstore.net\/es\/wp-json\/wp\/v2\/woo-feed-brand?post=4478"}],"curies":[{"name":"wp","href":"https:\/\/api.w.org\/{rel}","templated":true}]}}