{"id":1275940,"date":"2026-01-22T10:18:28","date_gmt":"2026-01-22T10:18:28","guid":{"rendered":"https:\/\/gpdstore.net\/product\/biwin-rd510-mini-lector-ssd\/"},"modified":"2026-03-29T00:46:11","modified_gmt":"2026-03-29T00:46:11","slug":"biwin-rd510-mini-ssd-reader","status":"publish","type":"product","link":"https:\/\/gpdstore.net\/es\/product\/biwin-rd510-mini-ssd-reader\/","title":{"rendered":"Biwin RD510 Mini Lector SSD"},"content":{"rendered":"\n<h2 class=\"wp-block-heading\">Mini Lector SSD Biwin: La soluci\u00f3n de almacenamiento USB 4.0 definitiva para profesionales<\/h2>\n\n<p>El <strong>Mini Lector SSD Biwin RD510<\/strong> representa un gran avance en la tecnolog\u00eda de almacenamiento port\u00e1til. Este lector de alto rendimiento es el primero de su clase, dise\u00f1ado espec\u00edficamente para el formato ultracompacto &#8220;Mini SSD&#8221;. Estas min\u00fasculas unidades, que s\u00f3lo miden 15,0 mm \u00d7 17,0 mm \u00d7 1,4 mm, requieren un alojamiento preciso para funcionar al m\u00e1ximo<sup>.2<\/sup> Como esta soluci\u00f3n <strong>biwin ssd<\/strong> est\u00e1 adaptada a unas dimensiones tan reducidas, ofrece un nivel de portabilidad nunca visto en el mercado del hardware profesional.  <\/p>\n\n<h2 class=\"wp-block-heading\">Velocidades de v\u00e9rtigo con el Mini Lector SSD Biwin RD510<\/h2>\n\n<p>El rendimiento es donde realmente brilla este <strong>mini lector de SSD Biwinn<\/strong>. Utiliza el avanzado protocolo USB 4.0 para ofrecer asombrosas velocidades de transferencia de datos de hasta 40 Gbps<sup>.3<\/sup> En consecuencia, el <strong>Mini Lector SSD Biwin RD510<\/strong> alcanza velocidades de lectura secuencial de 3300 MB\/s y velocidades de escritura de 3000 MB\/s<sup>.4<\/sup> Estas cifras representan una combinaci\u00f3n perfecta para los usuarios que manejan con frecuencia archivos de v\u00eddeo 8K o enormes repositorios de software. <\/p>\n\n<p>Adem\u00e1s, la arquitectura <strong>del controlador ssd biwin<\/strong> est\u00e1 optimizada para los sistemas operativos modernos para garantizar la simplicidad plug-and-play. Comprobar\u00e1s que las copias de seguridad de datos a gran escala se completan en segundos en lugar de minutos. Como la interfaz es tan eficiente, la latencia se mantiene al m\u00ednimo absoluto durante las aplicaciones profesionales intensivas.  <\/p>\n\n<h2 class=\"wp-block-heading\">Refrigeraci\u00f3n activa para un rendimiento sostenido de las SSD Biwin<\/h2>\n\n<p>Mantener altas velocidades a menudo conlleva desaf\u00edos t\u00e9rmicos. Por eso, el <strong>Mini Lector SSD Biwin RD510<\/strong> est\u00e1 equipado con un ventilador de refrigeraci\u00f3n integrado para la gesti\u00f3n activa del calor. Esta soluci\u00f3n t\u00e9rmica evita las ca\u00eddas de rendimiento asociadas al sobrecalentamiento. En consecuencia, tu <strong>biwin ssd<\/strong> mantendr\u00e1 su velocidad m\u00e1xima incluso durante migraciones de datos de una hora de duraci\u00f3n.   <\/p>\n\n<p>La robusta construcci\u00f3n del <strong>Mini Lector SSD Biwin RD510<\/strong> garantiza que pueda sobrevivir a los desplazamientos diarios. Mientras que el exterior tiene un aspecto elegante y profesional, los componentes internos est\u00e1n protegidos contra los golpes f\u00edsicos. Se prioriza el funcionamiento estable e ininterrumpido, lo que en \u00faltima instancia ayuda a prolongar la vida \u00fatil de tus soportes de almacenamiento.  <\/p>\n\n<h2 class=\"wp-block-heading\">Conectividad multiplataforma para el Mini Lector SSD Biwinn<\/h2>\n\n<p>La versatilidad es uno de los puntos fuertes de este <strong>mini lector SSD Biwinn<\/strong>. Viene con un cable USB 4.0 Tipo-C a Tipo-C de alta calidad para liberar todo el potencial de tu hardware<sup>.5<\/sup> Esto garantiza que el <strong>Mini Lector SSD Biwin RD510<\/strong> sea compatible con una amplia gama de ecosistemas modernos. <\/p>\n\n<figure class=\"wp-block-table\"><table class=\"has-fixed-layout\"><thead><tr><td><strong>Categor\u00eda del sistema<\/strong><\/td><td><strong>Plataformas compatibles<\/strong><\/td><\/tr><\/thead><tbody><tr><td><strong>Ordenadores<\/strong><\/td><td>Windows 10\/11, macOS 11.0+<\/td><\/tr><tr><td><strong>M\u00f3vil<\/strong><\/td><td>iOS 17.0+, Android 11.0+<\/td><\/tr><tr><td><strong>Juegos<\/strong><\/td><td>PlayStation 5 (Sistema 08+)<\/td><\/tr><tr><td><strong>Sistemas operativos<\/strong><\/td><td>HyperOS 1.0+, HarmonyOS 3.0+<\/td><\/tr><\/tbody><\/table><\/figure>\n","protected":false},"excerpt":{"rendered":"<ul>\n<li><strong>Biwin RD510<\/strong> Lector USB 4.0 Mini SSD<\/li>\n<li><strong>Interfaz USB 4.0<\/strong> &#8211; Transferencia de datos a alta velocidad de hasta 40 Gbps<\/li>\n<li><strong>3300 MB\/s de lectura y 3000 MB\/s de escritura<\/strong> &#8211; Optimizado para v\u00eddeo 8K y archivos grandes<\/li>\n<li><strong>Sistema de refrigeraci\u00f3n activa<\/strong> &#8211; Ventilador incorporado para un rendimiento m\u00e1ximo sostenido<\/li>\n<li><strong>Dise\u00f1o ultraport\u00e1til<\/strong>: dise\u00f1ado espec\u00edficamente para el factor de forma Mini SSD<\/li>\n<\/ul>\n[cg_accordion title=\"INFORMACI\u00d3N SOBRE EL PAGO\"]<\/p>\n<p>Utilizamos la \u00faltima tecnolog\u00eda en procesamiento de pagos, lo que le permite pagar a trav\u00e9s de su tarjeta de d\u00e9bito o cr\u00e9dito, o PayPal para una experiencia r\u00e1pida y segura.[\/cg_accordion]\n[cg_accordion title=\"GARANT\u00cdA\"]<\/p>\n<p>2 a\u00f1os de garant\u00eda de <a href=\"https:\/\/droix.net\/\" target=\"_blank\" rel=\"nofollow noopener\">DROIX Global<\/a> para su tranquilidad[\/cg_accordion]\n[cg_accordion title=\"GARANT\u00cdA DE CALIDAD Y PRUEBAS PREVIAS A LA EXPEDICI\u00d3N\"]<\/p>\n<p>Garantizamos la satisfacci\u00f3n del cliente al m\u00e1s alto nivel: Cada dispositivo se somete a rigurosas pruebas y a una comprobaci\u00f3n de garant\u00eda de calidad en varios puntos antes de ser enviado. Nuestro equipo especializado verifica el rendimiento, la funcionalidad y la integridad de los componentes para garantizar que tu dispositivo GPD est\u00e9 en perfecto estado de funcionamiento a su llegada, proporcion\u00e1ndote confianza y tranquilidad. [\/cg_accordion]\n[cg_accordion title=\"PRECIOS, IMPUESTOS Y GASTOS DE ENV\u00cdO\"]<\/p>\n<p><strong><u>Nota:<\/u><\/strong><\/p>\n<ul>\n<li>Clientes de Estados Unidos: El precio indicado NO incluye impuestos ni aranceles. El cliente es responsable del despacho de aduanas y del pago de los impuestos y aranceles correspondientes. <\/li>\n<li>Clientes de la UE: El precio mostrado incluye el IMPUESTO aplicable, que puede ser de hasta el 25% dependiendo de su pa\u00eds.<\/li>\n<li>Clientes de Canad\u00e1: El precio mostrado incluye los impuestos aplicables, que pueden incluir un 5% de GST e impuestos de venta provinciales (PST) adicionales, impuesto de venta armonizado (HST) o impuesto de venta de Quebec (QST), dependiendo de su provincia.<\/li>\n<\/ul>\n<p>Para nuestros clientes de EE.UU: Los pedidos se env\u00edan DAP (Entregado en el Lugar). Aunque los clientes son responsables del pago de los aranceles aplicables, aprovechamos nuestra amplia experiencia en env\u00edos desde el Reino Unido para asegurarnos de que pagas lo menos posible.  Seg\u00fan nuestros registros, estos gastos no suelen superar el 10% del valor del art\u00edculo.<\/p>\n<p><strong>S\u00d3LO para clientes de la UE:<\/strong> Express DDP (Entrega con derechos pagados). Esto significa: <\/p>\n<ul>\n<li>Todos los derechos de aduana e impuestos est\u00e1n incluidos en el precio que aparece en la p\u00e1gina del producto.<\/li>\n<li>No tendr\u00e1 que pagar ning\u00fan gasto adicional en el momento de la entrega.<\/li>\n<li>En el raro caso de que surjan problemas relacionados con las aduanas, nuestro equipo se encargar\u00e1 del proceso de despacho de aduanas en su nombre para garantizar una entrega sin problemas.<\/li>\n<p>Informaci\u00f3n importante sobre devoluciones:<\/p>\n<li>Si decide devolver su pedido o solicitar un reembolso, tenga en cuenta que los impuestos y aranceles pagados en su nombre con arreglo a las condiciones del DDP no pueden reembolsarse.<\/li>\n<p>Consulte nuestras <a href=\"https:\/\/droix.net\/terms-and-conditions\/\" target=\"_blank\" rel=\"nofollow noopener\">Condiciones generales<\/a> para obtener informaci\u00f3n detallada.\n<\/ul>\n<p>[\/cg_accordion]\n[cg_accordion title=\"ATENCI\u00d3N AL CLIENTE\"]<\/p>\n<p>\u00bfTiene alguna pregunta? Estamos a un paso de resolver su problema. <\/p>\n<p>Consulte nuestras <a href=\"https:\/\/gpdstore.net\/terms-of-service\/\" target=\"_blank\" rel=\"nofollow noopener\">Condiciones generales<\/a> para obtener informaci\u00f3n detallada.\n<\/ul>\n<p>[\/cg_accordion]\n[cg_accordion title=\"QU\u00c9 INCLUYE\"]<\/p>\n<ul>\n<li>1x Biwin RD510 Mini Lector SSD<\/li>\n<\/ul>\n<p>[\/cg_accordion]\n","protected":false},"featured_media":1275959,"template":"","meta":{"_acf_changed":false},"product_brand":[],"product_cat":[1338],"product_tag":[],"woo-feed-brand":[],"class_list":{"0":"post-1275940","1":"product","2":"type-product","3":"status-publish","4":"has-post-thumbnail","6":"product_cat-accesorios","7":"product_shipping_class-low-end","9":"pa_brand-biwin","11":"first","12":"outofstock","13":"sale","14":"taxable","15":"shipping-taxable","16":"purchasable","17":"product-type-simple"},"acf":[],"aioseo_notices":[],"_links":{"self":[{"href":"https:\/\/gpdstore.net\/es\/wp-json\/wp\/v2\/product\/1275940","targetHints":{"allow":["GET"]}}],"collection":[{"href":"https:\/\/gpdstore.net\/es\/wp-json\/wp\/v2\/product"}],"about":[{"href":"https:\/\/gpdstore.net\/es\/wp-json\/wp\/v2\/types\/product"}],"wp:featuredmedia":[{"embeddable":true,"href":"https:\/\/gpdstore.net\/es\/wp-json\/wp\/v2\/media\/1275959"}],"wp:attachment":[{"href":"https:\/\/gpdstore.net\/es\/wp-json\/wp\/v2\/media?parent=1275940"}],"wp:term":[{"taxonomy":"product_brand","embeddable":true,"href":"https:\/\/gpdstore.net\/es\/wp-json\/wp\/v2\/product_brand?post=1275940"},{"taxonomy":"product_cat","embeddable":true,"href":"https:\/\/gpdstore.net\/es\/wp-json\/wp\/v2\/product_cat?post=1275940"},{"taxonomy":"product_tag","embeddable":true,"href":"https:\/\/gpdstore.net\/es\/wp-json\/wp\/v2\/product_tag?post=1275940"},{"taxonomy":"woo-feed-brand","embeddable":true,"href":"https:\/\/gpdstore.net\/es\/wp-json\/wp\/v2\/woo-feed-brand?post=1275940"}],"curies":[{"name":"wp","href":"https:\/\/api.w.org\/{rel}","templated":true}]}}