{"id":1274687,"date":"2025-01-09T09:45:24","date_gmt":"2025-01-09T09:45:24","guid":{"rendered":"https:\/\/gpdstore.net\/product\/complemento-gpd-win-max-2025-4g-lte\/"},"modified":"2026-03-29T00:39:44","modified_gmt":"2026-03-29T00:39:44","slug":"gpd-win-max-2-2025-4g-lte-add-on","status":"publish","type":"product","link":"https:\/\/gpdstore.net\/es\/product\/gpd-win-max-2-2025-4g-lte-add-on\/","title":{"rendered":"Complemento GPD WIN MAX 2025 4G LTE"},"content":{"rendered":"\n<h2 class=\"wp-block-heading\">Experimenta la verdadera portabilidad con el M\u00f3dulo Complementario 4G LTE para el GPD WIN MAX 2 (2025)<\/h2>\n\n<p>Transforma tu <a href=\"https:\/\/gpdstore.net\/gpd-win-max-2-2025-review\/gpd-win-max-2-2025\/\" target=\"_blank\" rel=\"noreferrer noopener\">GPD WIN MAX 2 (2025<\/a>) en la potencia port\u00e1til definitiva para juegos y productividad con el m\u00f3dulo 4G LTE opcional. Dise\u00f1ado exclusivamente para este dispositivo, el m\u00f3dulo garantiza una conectividad perfecta que te permite estar conectado en cualquier momento y lugar. <\/p>\n\n<p>Dise\u00f1ado pensando en la precisi\u00f3n y la facilidad de uso, este m\u00f3dulo es compatible con una amplia gama de redes, incluidas <strong>4G TD-LTE, FDD-LTE y 3G CDMA<\/strong>, lo que ofrece una versatilidad inigualable para una compatibilidad global. No es necesario desmontarlo ni realizar instalaciones complejas: la ranura del m\u00f3dulo 4G orientada hacia atr\u00e1s permite una configuraci\u00f3n r\u00e1pida y sencilla. <\/p>\n\n<p>Ya sea para jugar, trabajar o hacer streaming, el m\u00f3dulo 4G LTE ofrece un rendimiento estable y de alta velocidad que rivaliza con el de los port\u00e1tiles convencionales. Con este accesorio esencial, podr\u00e1 disfrutar de un juego y una productividad ininterrumpidos, incluso en escenarios complejos o sobre la marcha.<\/p>\n\n<h4 class=\"wp-block-heading\">Caracter\u00edsticas:<\/h4>\n\n<ul class=\"wp-block-list\">\n<li><strong>Dise\u00f1o a medida<\/strong>: Fabricado exclusivamente para la GPD WIN Max 2 (2025) para garantizar un ajuste perfecto y una funcionalidad sin fisuras.<\/li>\n\n\n\n<li><strong>Conectividad fiable<\/strong>: Permite acceso 4G LTE de alta velocidad, por lo que es ideal para juegos, streaming y trabajo.<\/li>\n\n\n\n<li><strong>Compatibilidad con redes globales<\/strong>: Compatible con 4G TD-LTE, FDD-LTE y 3G CDMA para su uso en todo el mundo.<\/li>\n\n\n\n<li><strong>Instalaci\u00f3n sin esfuerzo<\/strong>: Instalaci\u00f3n r\u00e1pida y segura a trav\u00e9s de la ranura para m\u00f3dulos 4G orientada hacia atr\u00e1s.<\/li>\n<\/ul>\n\n<h4 class=\"wp-block-heading\">Avisos:<\/h4>\n\n<ol class=\"wp-block-list\">\n<li>Este accesorio <strong>no es compatible<\/strong> con los modelos anteriores de la serie GPD WIN Max, incluidas <strong>las versiones 2024, 2023 y 2021<\/strong>. Est\u00e1 dise\u00f1ado exclusivamente para la <strong>GPD WIN Max 2 (2025)<\/strong>. <\/li>\n\n\n\n<li>Compruebe el a\u00f1o del modelo de su dispositivo para garantizar la compatibilidad antes de la compra.<\/li>\n<\/ol>\n","protected":false},"excerpt":{"rendered":"<ul>\n<li>Dise\u00f1ado espec\u00edficamente para la GPD WIN Max 2 (2025)<\/li>\n<li>Compatible con &#8211; 4G TD-LTE, FDD-LTE, 3G CDMA.<\/li>\n<li>Compatibilidad con 4G TD-LTE, FDD-LTE y 3G CDMA<\/li>\n<li>Ranura Nano-SIM para facilitar su uso<\/li>\n<li>Modelo EG25-G de Quectel<\/li>\n<\/ul>\n<pre><b>IMPORTANTE<\/b>\nLA INSTALACI\u00d3N REQUIERE LA APERTURA DEL DISPOSITIVO\nLOS COMPONENTES SON PEQUE\u00d1OS Y DELICADOS\nNO NOS HACEMOS RESPONSABLES DE LOS DA\u00d1OS OCASIONADOS POR EL CLIENTE<\/pre>\n[cg_accordion title=\"INFORMACI\u00d3N SOBRE EL PAGO\"]<\/p>\n<p>Utilizamos la \u00faltima tecnolog\u00eda en procesamiento de pagos, lo que le permite pagar a trav\u00e9s de su tarjeta de d\u00e9bito o cr\u00e9dito, o PayPal para una experiencia r\u00e1pida y segura.[\/cg_accordion]\n[cg_accordion title=\"GARANT\u00cdA\"]<\/p>\n<p>2 a\u00f1os de garant\u00eda de <a href=\"https:\/\/droix.net\/\" target=\"_blank\" rel=\"nofollow noopener\">DROIX Global<\/a> para su tranquilidad[\/cg_accordion]\n[cg_accordion title=\"GARANT\u00cdA DE CALIDAD Y PRUEBAS PREVIAS A LA EXPEDICI\u00d3N\"]<\/p>\n<p>Garantizamos la satisfacci\u00f3n del cliente al m\u00e1s alto nivel: Cada dispositivo se somete a rigurosas pruebas y a una comprobaci\u00f3n de garant\u00eda de calidad en varios puntos antes de ser enviado. Nuestro equipo especializado verifica el rendimiento, la funcionalidad y la integridad de los componentes para garantizar que tu dispositivo GPD est\u00e9 en perfecto estado de funcionamiento a su llegada, proporcion\u00e1ndote confianza y tranquilidad. [\/cg_accordion]\n[cg_accordion title=\"PRECIOS, IMPUESTOS Y GASTOS DE ENV\u00cdO\"]<\/p>\n<p><strong><u>Nota:<\/u><\/strong><\/p>\n<ul>\n<li>Clientes de Estados Unidos: El precio indicado NO incluye impuestos ni aranceles. El cliente es responsable del despacho de aduanas y del pago de los impuestos y aranceles correspondientes. <\/li>\n<li>Clientes de la UE: El precio mostrado incluye el IMPUESTO aplicable, que puede ser de hasta el 25% dependiendo de su pa\u00eds.<\/li>\n<li>Clientes de Canad\u00e1: El precio mostrado incluye los impuestos aplicables, que pueden incluir un 5% de GST e impuestos de venta provinciales (PST) adicionales, impuesto de venta armonizado (HST) o impuesto de venta de Quebec (QST), dependiendo de su provincia.<\/li>\n<\/ul>\n<p>Para nuestros clientes de EE.UU: Los pedidos se env\u00edan DAP (Entregado en el Lugar). Aunque los clientes son responsables del pago de los aranceles aplicables, nos basamos en nuestra amplia experiencia en env\u00edos desde el Reino Unido para asegurarnos de que pagas el menor cargo posible. Seg\u00fan nuestros registros, estos cargos no suelen superar el 10% del valor del art\u00edculo.  <\/p>\n<p><strong>S\u00d3LO para clientes de la UE:<\/strong> Express DDP (Entrega con derechos pagados). Esto significa: <\/p>\n<ul>\n<li>Todos los derechos de aduana e impuestos est\u00e1n incluidos en el precio que aparece en la p\u00e1gina del producto.<\/li>\n<li>No tendr\u00e1 que pagar ning\u00fan gasto adicional en el momento de la entrega.<\/li>\n<li>En el raro caso de que surjan problemas relacionados con las aduanas, nuestro equipo se encargar\u00e1 del proceso de despacho de aduanas en su nombre para garantizar una entrega sin problemas.<\/li>\n<p>Informaci\u00f3n importante sobre devoluciones:<\/p>\n<li>Si decide devolver su pedido o solicitar un reembolso, tenga en cuenta que los impuestos y aranceles pagados en su nombre con arreglo a las condiciones del DDP no pueden reembolsarse.<\/li>\n<p>Consulte nuestras <a href=\"https:\/\/droix.net\/terms-and-conditions\/\" target=\"_blank\" rel=\"nofollow noopener\">Condiciones generales<\/a> para obtener informaci\u00f3n detallada.\n<\/ul>\n<p>[\/cg_accordion]\n[cg_accordion title=\"ATENCI\u00d3N AL CLIENTE\"]<\/p>\n<p>\u00bfTiene alguna pregunta? Estamos a un paso de resolver su problema. <\/p>\n<p>Consulte nuestras <a href=\"https:\/\/gpdstore.net\/es\/terms-of-service\/\" target=\"_blank\" rel=\"nofollow noopener\">Condiciones generales<\/a> para obtener informaci\u00f3n detallada.\n<\/ul>\n<p>[\/cg_accordion]\n[cg_accordion title=\"QU\u00c9 INCLUYE\"]<\/p>\n<ul>\n<li>1x M\u00f3dulo GPD WIN MAX 2 2025 LTE<\/li>\n<\/ul>\n<p>[\/cg_accordion]\n","protected":false},"featured_media":1015,"template":"","meta":{"_acf_changed":false},"product_brand":[],"product_cat":[1338],"product_tag":[15759,1761],"woo-feed-brand":[],"class_list":{"0":"post-1274687","1":"product","2":"type-product","3":"status-publish","4":"has-post-thumbnail","6":"product_cat-accesorios","7":"product_tag-20xmsale-es-2","8":"product_tag-gpd-wm2-accesorio","9":"product_shipping_class-low-end","10":"pa_accessory-type-complementos","11":"pa_brand-gpd","13":"first","14":"instock","15":"sale","16":"taxable","17":"shipping-taxable","18":"purchasable","19":"product-type-simple"},"acf":[],"aioseo_notices":[],"_links":{"self":[{"href":"https:\/\/gpdstore.net\/es\/wp-json\/wp\/v2\/product\/1274687","targetHints":{"allow":["GET"]}}],"collection":[{"href":"https:\/\/gpdstore.net\/es\/wp-json\/wp\/v2\/product"}],"about":[{"href":"https:\/\/gpdstore.net\/es\/wp-json\/wp\/v2\/types\/product"}],"wp:featuredmedia":[{"embeddable":true,"href":"https:\/\/gpdstore.net\/es\/wp-json\/wp\/v2\/media\/1015"}],"wp:attachment":[{"href":"https:\/\/gpdstore.net\/es\/wp-json\/wp\/v2\/media?parent=1274687"}],"wp:term":[{"taxonomy":"product_brand","embeddable":true,"href":"https:\/\/gpdstore.net\/es\/wp-json\/wp\/v2\/product_brand?post=1274687"},{"taxonomy":"product_cat","embeddable":true,"href":"https:\/\/gpdstore.net\/es\/wp-json\/wp\/v2\/product_cat?post=1274687"},{"taxonomy":"product_tag","embeddable":true,"href":"https:\/\/gpdstore.net\/es\/wp-json\/wp\/v2\/product_tag?post=1274687"},{"taxonomy":"woo-feed-brand","embeddable":true,"href":"https:\/\/gpdstore.net\/es\/wp-json\/wp\/v2\/woo-feed-brand?post=1274687"}],"curies":[{"name":"wp","href":"https:\/\/api.w.org\/{rel}","templated":true}]}}