{"id":1261230,"date":"2025-10-23T08:14:29","date_gmt":"2025-10-23T08:14:29","guid":{"rendered":"https:\/\/gpdstore.net\/?post_type=product&#038;p=1261230"},"modified":"2026-01-19T15:12:41","modified_gmt":"2026-01-19T15:12:41","slug":"gpd-win-5-battery","status":"publish","type":"product","link":"https:\/\/gpdstore.net\/es\/product\/gpd-win-5-battery\/","title":{"rendered":"Bater\u00eda GPD WIN 5"},"content":{"rendered":"\n<p><strong>La bater\u00eda recargable de i\u00f3n-litio GPD WIN 5<\/strong> es el accesorio esencial dise\u00f1ado para maximizar el tiempo de juego port\u00e1til de tu GPD WIN 5. Dise\u00f1ada para ofrecer un alto rendimiento y una integraci\u00f3n perfecta, esta aut\u00e9ntica bater\u00eda externa de 80 Wh te permite desconectarte de la pared y disfrutar de juegos de PC de gama alta en cualquier lugar.<\/p>\n\n<hr class=\"wp-block-separator has-alpha-channel-opacity\"\/>\n\n<h3 class=\"wp-block-heading\">Caracter\u00edsticas principales:<\/h3>\n\n<p>\ud83d\udd0b Capacidad ampliada de 80,04Wh<\/p>\n\n<p>Con una gran energ\u00eda nominal de 80,04 Wh y una capacidad nominal de 5170 mAh, esta bater\u00eda proporciona una gran autonom\u00eda, permiti\u00e9ndote disfrutar de largas sesiones de juego lejos de una toma de corriente.<\/p>\n\n<p>\u26a1 Suministro de alta potencia<\/p>\n\n<p>Con una tensi\u00f3n nominal de 15,48 V y una tensi\u00f3n de carga limitada de 17,80 V, esta bater\u00eda de i\u00f3n-litio de 4 celdas est\u00e1 dise\u00f1ada para soportar el exigente consumo de energ\u00eda de la potente APU AMD Strix Halo de la GPD WIN 5.<\/p>\n\n<p>\ud83d\udd04 Dise\u00f1o modular de enganche r\u00e1pido<\/p>\n\n<p>La bater\u00eda incorpora un mecanismo patentado de conexi\u00f3n r\u00e1pida que se engancha de forma f\u00e1cil y segura a la parte posterior de la GPD WIN 5 (como se muestra en la imagen), lo que la hace modular e intercambiable en caliente por una de repuesto.<\/p>\n\n<p>\ud83d\udcaa Ergon\u00f3mico e integrado<\/p>\n\n<p>Dise\u00f1ada para integrarse perfectamente con el chasis de la GPD WIN 5, la bater\u00eda mantiene el factor de forma port\u00e1til del dispositivo, al tiempo que a\u00f1ade un agarre ergon\u00f3mico y una fuente de alimentaci\u00f3n necesarios.<\/p>\n\n<p>\ud83d\udd0c Accesorio GPD original<\/p>\n\n<p>Se trata de una bater\u00eda de iones de litio oficial de GPD (modelo: 5.054BAG, modelo: 4ICP 77\/48\/100), que garantiza una compatibilidad perfecta, seguridad y rendimiento \u00f3ptimo con tu GPD WIN 5.<\/p>\n\n<hr class=\"wp-block-separator has-alpha-channel-opacity\"\/>\n\n<h3 class=\"wp-block-heading\">Especificaciones:<\/h3>\n\n<figure class=\"wp-block-table\"><table class=\"has-fixed-layout\"><thead><tr><td><strong>Detalle<\/strong><\/td><td><strong>Especificaci\u00f3n<\/strong><\/td><\/tr><\/thead><tbody><tr><td><strong>Modelo<\/strong><\/td><td>5.054BAG (4ICP 77\/48\/100)<\/td><\/tr><tr><td><strong>Tipo de bater\u00eda<\/strong><\/td><td>Bater\u00eda recargable de i\u00f3n-litio<\/td><\/tr><tr><td><strong>Energ\u00eda nominal<\/strong><\/td><td>80,04 Wh<\/td><\/tr><tr><td><strong>Capacidad nominal<\/strong><\/td><td>5170 mAh<\/td><\/tr><tr><td><strong>Tensi\u00f3n nominal<\/strong><\/td><td>15.48 V<\/td><\/tr><tr><td><strong>Tensi\u00f3n de carga limitada<\/strong><\/td><td>17.80 V<\/td><\/tr><tr><td><strong>Compatibilidad<\/strong><\/td><td>GPD WIN 5 PC port\u00e1til para juegos<\/td><\/tr><\/tbody><\/table><\/figure>\n","protected":false},"excerpt":{"rendered":"<ul>\n<li><strong>Capacidad de 80,04 Wh:<\/strong> Proporciona un tiempo de juego port\u00e1til prolongado y de alta potencia.<\/li>\n<li><strong>Capacidad nominal de 5170 mAh:<\/strong> Garantiza un uso duradero y fiable sobre la marcha.<\/li>\n<li><strong>Dise\u00f1o modular:<\/strong> Mecanismo de enganche r\u00e1pido para cambiar y quitar f\u00e1cilmente.<\/li>\n<li><strong>Potencia de alto voltaje:<\/strong> dise\u00f1ada para soportar la potente APU de la GPD WIN 5.<\/li>\n<li><strong>Accesorio oficial de GPD:<\/strong> Garantiza un ajuste perfecto, compatibilidad y seguridad.<\/li>\n<\/ul>\n<pre><b>Art\u00edculo en pre-pedido<\/b>\nFecha de lanzamiento ETA:\n<ul>\n<li>2 de febrero de 2026<\/li><\/pre>\n<\/ul>\n[cg_accordion title=\"INFORMACI\u00d3N SOBRE EL PAGO\"]<\/p>\n<p>Utilizamos la \u00faltima tecnolog\u00eda en procesamiento de pagos, lo que le permite pagar a trav\u00e9s de su tarjeta de d\u00e9bito o cr\u00e9dito, o PayPal para una experiencia r\u00e1pida y segura.[\/cg_accordion]\n[cg_accordion title=\"GARANT\u00cdA\"]<\/p>\n<p>2 a\u00f1os de garant\u00eda de <a href=\"https:\/\/droix.net\/\" target=\"_blank\" rel=\"nofollow noopener\">DROIX Global<\/a> para su tranquilidad[\/cg_accordion]\n[cg_accordion title=\"GARANT\u00cdA DE CALIDAD Y PRUEBAS PREVIAS A LA EXPEDICI\u00d3N\"]<\/p>\n<p>Garantizamos la satisfacci\u00f3n del cliente al m\u00e1s alto nivel: Cada dispositivo se somete a rigurosas pruebas y a una comprobaci\u00f3n de garant\u00eda de calidad en varios puntos antes de ser enviado. Nuestro equipo especializado verifica el rendimiento, la funcionalidad y la integridad de los componentes para garantizar que tu dispositivo GPD est\u00e9 en perfecto estado de funcionamiento a su llegada, proporcion\u00e1ndote confianza y tranquilidad. [\/cg_accordion]\n[cg_accordion title=\"PRECIOS, IMPUESTOS Y GASTOS DE ENV\u00cdO\"]<\/p>\n<p><strong><u>Nota:<\/u><\/strong><\/p>\n<ul>\n<li>Clientes de Estados Unidos: El precio indicado NO incluye impuestos ni aranceles. El cliente es responsable del despacho de aduanas y del pago de los impuestos y aranceles correspondientes. <\/li>\n<li>Clientes de la UE: El precio mostrado incluye el IMPUESTO aplicable, que puede ser de hasta el 25% dependiendo de su pa\u00eds.<\/li>\n<li>Clientes de Canad\u00e1: El precio mostrado incluye los impuestos aplicables, que pueden incluir un 5% de GST e impuestos de venta provinciales (PST) adicionales, impuesto de venta armonizado (HST) o impuesto de venta de Quebec (QST), dependiendo de su provincia.<\/li>\n<\/ul>\n<p>Para nuestros clientes de EE.UU: Los pedidos se env\u00edan DAP (Entregado en el Lugar). Aunque los clientes son responsables del pago de los aranceles aplicables, aprovechamos nuestra amplia experiencia en env\u00edos desde el Reino Unido para asegurarnos de que pagas lo menos posible.  Seg\u00fan nuestros registros, estos gastos no suelen superar el 10% del valor del art\u00edculo.<\/p>\n<p><strong>S\u00d3LO para clientes de la UE:<\/strong> Express DDP (Entrega con derechos pagados). Esto significa: <\/p>\n<ul>\n<li>Todos los derechos de aduana e impuestos est\u00e1n incluidos en el precio que aparece en la p\u00e1gina del producto.<\/li>\n<li>No tendr\u00e1 que pagar ning\u00fan gasto adicional en el momento de la entrega.<\/li>\n<li>En el raro caso de que surjan problemas relacionados con las aduanas, nuestro equipo se encargar\u00e1 del proceso de despacho de aduanas en su nombre para garantizar una entrega sin problemas.<\/li>\n<p>Informaci\u00f3n importante sobre devoluciones:<\/p>\n<li>Si decide devolver su pedido o solicitar un reembolso, tenga en cuenta que los impuestos y aranceles pagados en su nombre con arreglo a las condiciones del DDP no pueden reembolsarse.<\/li>\n<p>Consulte nuestras <a href=\"https:\/\/droix.net\/terms-and-conditions\/\" target=\"_blank\" rel=\"nofollow noopener\">Condiciones generales<\/a> para obtener informaci\u00f3n detallada.\n<\/ul>\n<p>[\/cg_accordion]\n[cg_accordion title=\"ATENCI\u00d3N AL CLIENTE\"]<\/p>\n<p>\u00bfTiene alguna pregunta? Estamos a un paso de resolver su problema. <\/p>\n<p>Consulte nuestras <a href=\"https:\/\/gpdstore.net\/es\/terms-of-service\/\" target=\"_blank\" rel=\"nofollow noopener\">Condiciones generales<\/a> para obtener informaci\u00f3n detallada.\n<\/ul>\n<p>[\/cg_accordion]\n[cg_accordion title=\"QU\u00c9 INCLUYE\"]<\/p>\n<ul>\n<li>1x Bater\u00eda GPD WIN 5<\/li>\n<\/ul>\n<p>[\/cg_accordion]\n","protected":false},"featured_media":1261239,"template":"","meta":{"_acf_changed":false},"product_brand":[],"product_cat":[1338],"product_tag":[],"woo-feed-brand":[738],"class_list":{"0":"post-1261230","1":"product","2":"type-product","3":"status-publish","4":"has-post-thumbnail","6":"product_cat-accesorios","7":"product_shipping_class-low-end","8":"pa_accessory-type-complementos","9":"pa_brand-gpd","10":"woo-feed-brand-gpd-es","12":"first","13":"instock","14":"taxable","15":"shipping-taxable","16":"purchasable","17":"product-type-variable","18":"has-default-attributes"},"acf":[],"aioseo_notices":[],"_links":{"self":[{"href":"https:\/\/gpdstore.net\/es\/wp-json\/wp\/v2\/product\/1261230","targetHints":{"allow":["GET"]}}],"collection":[{"href":"https:\/\/gpdstore.net\/es\/wp-json\/wp\/v2\/product"}],"about":[{"href":"https:\/\/gpdstore.net\/es\/wp-json\/wp\/v2\/types\/product"}],"wp:featuredmedia":[{"embeddable":true,"href":"https:\/\/gpdstore.net\/es\/wp-json\/wp\/v2\/media\/1261239"}],"wp:attachment":[{"href":"https:\/\/gpdstore.net\/es\/wp-json\/wp\/v2\/media?parent=1261230"}],"wp:term":[{"taxonomy":"product_brand","embeddable":true,"href":"https:\/\/gpdstore.net\/es\/wp-json\/wp\/v2\/product_brand?post=1261230"},{"taxonomy":"product_cat","embeddable":true,"href":"https:\/\/gpdstore.net\/es\/wp-json\/wp\/v2\/product_cat?post=1261230"},{"taxonomy":"product_tag","embeddable":true,"href":"https:\/\/gpdstore.net\/es\/wp-json\/wp\/v2\/product_tag?post=1261230"},{"taxonomy":"woo-feed-brand","embeddable":true,"href":"https:\/\/gpdstore.net\/es\/wp-json\/wp\/v2\/woo-feed-brand?post=1261230"}],"curies":[{"name":"wp","href":"https:\/\/api.w.org\/{rel}","templated":true}]}}