{"id":1258306,"date":"2025-10-21T14:46:01","date_gmt":"2025-10-21T14:46:01","guid":{"rendered":"https:\/\/gpdstore.net\/product\/estacion-de-acoplamiento-gpd-win-5\/"},"modified":"2026-01-19T14:33:18","modified_gmt":"2026-01-19T14:33:18","slug":"gpd-win-5-docking-station","status":"publish","type":"product","link":"https:\/\/gpdstore.net\/es\/product\/gpd-win-5-docking-station\/","title":{"rendered":"Estaci\u00f3n de acoplamiento GPD WIN 5"},"content":{"rendered":"\n<p><strong>La GPD WIN 5 Docking Station<\/strong> (a menudo denominada Smart Dock) es el centro de escritorio esencial dise\u00f1ado para liberar todo el potencial de tu <a href=\"https:\/\/gpdstore.net\/es\/product\/gpd-win-5\/\" target=\"_blank\" rel=\"noopener\" title=\"\">PC port\u00e1til para juegos GPD WIN 5<\/a>. Transforma tu central port\u00e1til en una completa configuraci\u00f3n de sobremesa para juegos y productividad con una simple conexi\u00f3n, garantizando la m\u00e1xima entrega de potencia y una perfecta integraci\u00f3n de perif\u00e9ricos.<\/p>\n\n<hr class=\"wp-block-separator has-alpha-channel-opacity\"\/>\n\n<h2 class=\"wp-block-heading\">Caracter\u00edsticas principales:<\/h2>\n\n<p>La base est\u00e1 dise\u00f1ada para conectarse al puerto de alimentaci\u00f3n dedicado de la GPD WIN 5, lo que permite que el dispositivo funcione con los <strong>100 W<\/strong> completos de su cargador. Esto permite a la APU de alto rendimiento Strix Halo mantener su TDP m\u00e1ximo para frecuencias de cuadro de sobremesa sin ralentizaci\u00f3n t\u00e9rmica. <\/p>\n\n<p>\ud83d\udcbb <strong>Transformaci\u00f3n instant\u00e1nea del escritorio<\/strong> Acopla f\u00e1cilmente tu GPD WIN 5 para conectarla al instante a todos tus perif\u00e9ricos de escritorio.<sup><\/sup> Transforma tu consola port\u00e1til en un completo PC con Windows 11, listo para el juego competitivo, el trabajo o el consumo multimedia.<sup><\/sup><\/p>\n\n<p>\ud83d\udda5\ufe0f <strong>Salida de pantalla 4K de alta velocidad<\/strong> Equipado con un <strong>puerto HDMI 2.1<\/strong> dedicado, el Smart Dock puede enviar <strong>una resoluci\u00f3n<\/strong> de hasta <strong>4K a <sup><\/sup>144 Hz<\/strong> a un monitor de juegos externo o a un televisor, proporcionando una experiencia de alta fidelidad suave como la mantequilla que rivaliza con los PC de sobremesa tradicionales.<sup><\/sup><\/p>\n\n<p>\ud83d\udd0c <strong>Completa expansi\u00f3n de E\/S<\/strong> Ampl\u00eda significativamente tus opciones de conectividad para dar cabida a todo tu equipo de juego y trabajo:<\/p>\n\n<ul class=\"wp-block-list\">\n<li><strong>1 puerto HDMI 2.1:<\/strong> Para salida de pantalla de alta resoluci\u00f3n y alta velocidad de refresco.<\/li>\n\n\n\n<li><strong>3 puertos USB tipo A:<\/strong> Conecta teclados externos, ratones, unidades flash y otros perif\u00e9ricos.<\/li>\n\n\n\n<li><strong>1 puerto Ethernet (RJ45):<\/strong> Garantiza una conexi\u00f3n por cable estable y de baja latencia para juegos online competitivos.<\/li>\n\n\n\n<li><strong>1 puerto USB tipo C:<\/strong> Para datos o conexiones perif\u00e9ricas adicionales.<\/li>\n<\/ul>\n\n<p>\ud83d\udd0b So <strong>porte inteligente todo en uno<\/strong> Su dise\u00f1o exclusivo hace las veces de soporte seguro y centro de alimentaci\u00f3n. Proporciona un lugar de descanso estable y vertical para tu GPD WIN 5, al tiempo que carga activamente el sistema y proporciona la energ\u00eda necesaria para un juego sostenido de alto rendimiento. <\/p>\n\n<h2 class=\"wp-block-heading\">\u00bfPor qu\u00e9 elegir la estaci\u00f3n de acoplamiento GPD WIN 5?<\/h2>\n\n<p>La GPD WIN 5 est\u00e1 pensada para sustituir a un ordenador de sobremesa, y este Smart Dock es el puente. Elimina el desorden de cables a la vez que garantiza que tu potente chip Strix Halo reciba los 100 W de potencia que necesita para ofrecer un rendimiento de clase RTX 4060 en tu gran pantalla. Es el accesorio esencial para disfrutar de la experiencia de juego de sobremesa plug-and-play definitiva. <\/p>\n\n<hr class=\"wp-block-separator has-alpha-channel-opacity\"\/>\n\n<h3 class=\"wp-block-heading\">Especificaciones:<\/h3>\n\n<figure class=\"wp-block-table\"><table class=\"has-fixed-layout\"><thead><tr><td>Detalle<\/td><td>Especificaci\u00f3n<\/td><\/tr><\/thead><tbody><tr><td><strong>Compatibilidad<\/strong><\/td><td>GPD WIN 5 PC port\u00e1til para juegos<\/td><\/tr><tr><td><strong>Salida de v\u00eddeo<\/strong><\/td><td>1\u00d7HDMI 2.1(hasta 4K @144 Hz)<\/td><\/tr><tr><td><strong>Puertos USB<\/strong><\/td><td>3\u00d7USB Tipo-A, 1\u00d7USB Tipo-C<\/td><\/tr><tr><td><strong>Red<\/strong><\/td><td>1\u00d7Puerto Ethernet (RJ45)<\/td><\/tr><tr><td><strong>Entrada de alimentaci\u00f3n<\/strong><\/td><td>Gato de barril (dise\u00f1ado para el cargador GPD WIN 5 de 100 W)<\/td><\/tr><tr><td><strong>Funci\u00f3n<\/strong><\/td><td>Acoplamiento, Carga, Despliegue, Soporte<\/td><\/tr><\/tbody><\/table><\/figure>\n\n<p><\/p>\n","protected":false},"excerpt":{"rendered":"<ul>\n<li><strong>Paso de potencia de 180 W:<\/strong> Proporciona la m\u00e1xima potencia para un rendimiento m\u00e1ximo.<\/li>\n<li><strong>Modo Escritorio:<\/strong> Transforma instant\u00e1neamente la computadora de mano en un PC de sobremesa completo.<\/li>\n<li><strong>Salida de pantalla 4K:<\/strong> Incluye HDMI 2.1 para monitores externos de alta resoluci\u00f3n.<\/li>\n<li><strong>Juego por cable:<\/strong> Incluye un puerto Ethernet para un juego en l\u00ednea estable y sin retrasos.<\/li>\n<li><strong>Ajuste oficial:<\/strong> Accesorio GPD dise\u00f1ado a medida para la WIN 5.<\/li>\n<\/ul>\n[cg_accordion title=\"INFORMACI\u00d3N SOBRE EL PAGO\"]<\/p>\n<p>Utilizamos la \u00faltima tecnolog\u00eda en procesamiento de pagos, lo que le permite pagar a trav\u00e9s de su tarjeta de d\u00e9bito o cr\u00e9dito, o PayPal para una experiencia r\u00e1pida y segura.[\/cg_accordion]\n[cg_accordion title=\"GARANT\u00cdA\"]<\/p>\n<p>2 a\u00f1os de garant\u00eda de <a href=\"https:\/\/droix.net\/\" target=\"_blank\" rel=\"nofollow noopener\">DROIX Global<\/a> para su tranquilidad[\/cg_accordion]\n[cg_accordion title=\"GARANT\u00cdA DE CALIDAD Y PRUEBAS PREVIAS A LA EXPEDICI\u00d3N\"]<\/p>\n<p>Garantizamos la satisfacci\u00f3n del cliente al m\u00e1s alto nivel: Cada dispositivo se somete a rigurosas pruebas y a una comprobaci\u00f3n de garant\u00eda de calidad en varios puntos antes de ser enviado. Nuestro equipo especializado verifica el rendimiento, la funcionalidad y la integridad de los componentes para garantizar que tu dispositivo GPD est\u00e9 en perfecto estado de funcionamiento a su llegada, proporcion\u00e1ndote confianza y tranquilidad. [\/cg_accordion]\n[cg_accordion title=\"PRECIOS, IMPUESTOS Y GASTOS DE ENV\u00cdO\"]<\/p>\n<p><strong><u>Nota:<\/u><\/strong><\/p>\n<ul>\n<li>Clientes de Estados Unidos: El precio indicado NO incluye impuestos ni aranceles. El cliente es responsable del despacho de aduanas y del pago de los impuestos y aranceles correspondientes. <\/li>\n<li>Clientes de la UE: El precio mostrado incluye el IMPUESTO aplicable, que puede ser de hasta el 25% dependiendo de su pa\u00eds.<\/li>\n<li>Clientes de Canad\u00e1: El precio mostrado incluye los impuestos aplicables, que pueden incluir un 5% de GST e impuestos de venta provinciales (PST) adicionales, impuesto de venta armonizado (HST) o impuesto de venta de Quebec (QST), dependiendo de su provincia.<\/li>\n<\/ul>\n<p>Para nuestros clientes de EE.UU: Los pedidos se env\u00edan DAP (Entregado en el Lugar). Aunque los clientes son responsables del pago de los aranceles aplicables, nos basamos en nuestra amplia experiencia en env\u00edos desde el Reino Unido para asegurarnos de que pagas el menor cargo posible. Seg\u00fan nuestros registros, estos cargos no suelen superar el 10% del valor del art\u00edculo.  <\/p>\n<p><strong>S\u00d3LO para clientes de la UE:<\/strong> Express DDP (Entrega con derechos pagados). Esto significa: <\/p>\n<ul>\n<li>Todos los derechos de aduana e impuestos est\u00e1n incluidos en el precio que aparece en la p\u00e1gina del producto.<\/li>\n<li>No tendr\u00e1 que pagar ning\u00fan gasto adicional en el momento de la entrega.<\/li>\n<li>En el raro caso de que surjan problemas relacionados con las aduanas, nuestro equipo se encargar\u00e1 del proceso de despacho de aduanas en su nombre para garantizar una entrega sin problemas.<\/li>\n<p>Informaci\u00f3n importante sobre devoluciones:<\/p>\n<li>Si decide devolver su pedido o solicitar un reembolso, tenga en cuenta que los impuestos y aranceles pagados en su nombre con arreglo a las condiciones del DDP no pueden reembolsarse.<\/li>\n<p>Consulte nuestras <a href=\"https:\/\/droix.net\/terms-and-conditions\/\" target=\"_blank\" rel=\"nofollow noopener\">Condiciones generales<\/a> para obtener informaci\u00f3n detallada.\n<\/ul>\n<p>[\/cg_accordion]\n[cg_accordion title=\"ATENCI\u00d3N AL CLIENTE\"]<\/p>\n<p>\u00bfTiene alguna pregunta? Estamos a un paso de resolver su problema. <\/p>\n<p>Consulte nuestras <a href=\"https:\/\/gpdstore.net\/es\/terms-of-service\/\" target=\"_blank\" rel=\"nofollow noopener\">Condiciones generales<\/a> para obtener informaci\u00f3n detallada.\n<\/ul>\n<p>[\/cg_accordion]\n[cg_accordion title=\"QU\u00c9 INCLUYE\"]<\/p>\n<ul>\n<li>1x Estaci\u00f3n de acoplamiento oficial GPD WIN 5<\/li>\n<\/ul>\n<p>[\/cg_accordion]\n","protected":false},"featured_media":1261035,"template":"","meta":{"_acf_changed":false},"product_brand":[],"product_cat":[1338],"product_tag":[],"woo-feed-brand":[],"class_list":{"0":"post-1258306","1":"product","2":"type-product","3":"status-publish","4":"has-post-thumbnail","6":"product_cat-accesorios","7":"product_shipping_class-low-end","8":"product_shipping_class-premium","9":"pa_accessory-type-estacion-de-acoplamiento","10":"pa_brand-gpd","12":"first","13":"instock","14":"taxable","15":"shipping-taxable","16":"purchasable","17":"product-type-variable","18":"has-default-attributes"},"acf":[],"aioseo_notices":[],"_links":{"self":[{"href":"https:\/\/gpdstore.net\/es\/wp-json\/wp\/v2\/product\/1258306","targetHints":{"allow":["GET"]}}],"collection":[{"href":"https:\/\/gpdstore.net\/es\/wp-json\/wp\/v2\/product"}],"about":[{"href":"https:\/\/gpdstore.net\/es\/wp-json\/wp\/v2\/types\/product"}],"wp:featuredmedia":[{"embeddable":true,"href":"https:\/\/gpdstore.net\/es\/wp-json\/wp\/v2\/media\/1261035"}],"wp:attachment":[{"href":"https:\/\/gpdstore.net\/es\/wp-json\/wp\/v2\/media?parent=1258306"}],"wp:term":[{"taxonomy":"product_brand","embeddable":true,"href":"https:\/\/gpdstore.net\/es\/wp-json\/wp\/v2\/product_brand?post=1258306"},{"taxonomy":"product_cat","embeddable":true,"href":"https:\/\/gpdstore.net\/es\/wp-json\/wp\/v2\/product_cat?post=1258306"},{"taxonomy":"product_tag","embeddable":true,"href":"https:\/\/gpdstore.net\/es\/wp-json\/wp\/v2\/product_tag?post=1258306"},{"taxonomy":"woo-feed-brand","embeddable":true,"href":"https:\/\/gpdstore.net\/es\/wp-json\/wp\/v2\/woo-feed-brand?post=1258306"}],"curies":[{"name":"wp","href":"https:\/\/api.w.org\/{rel}","templated":true}]}}