{"id":1250547,"date":"2025-01-03T15:47:35","date_gmt":"2025-01-03T15:47:35","guid":{"rendered":"https:\/\/gpdstore.net\/product\/lapiz-optico-capacitivo-universal-para-gpd\/"},"modified":"2026-01-23T10:36:37","modified_gmt":"2026-01-23T10:36:37","slug":"universal-stylus-pen-for-gpd","status":"publish","type":"product","link":"https:\/\/gpdstore.net\/es\/product\/universal-stylus-pen-for-gpd\/","title":{"rendered":"L\u00e1piz \u00f3ptico capacitivo universal para GPD"},"content":{"rendered":"\n<h2 class=\"wp-block-heading\"><strong>Da rienda suelta a tu creatividad con el l\u00e1piz \u00f3ptico capacitivo universal para GPD<\/strong><\/h2>\n\n<p>Dise\u00f1ado para ofrecer precisi\u00f3n, rendimiento y compatibilidad perfecta con sus dispositivos favoritos, este avanzado l\u00e1piz \u00f3ptico capacitivo es la herramienta perfecta para dibujar, escribir o navegar, ideal tanto para uso ocasional como profesional.<\/p>\n\n<hr class=\"wp-block-separator has-alpha-channel-opacity\"\/>\n\n<h3 class=\"wp-block-heading\"><strong>Caracter\u00edsticas principales:<\/strong> <\/h3>\n\n<p><strong>1. No requiere emparejamiento<\/strong><br\/>\u00a1Ponlo en marcha al instante! Con un interruptor de inducci\u00f3n capacitiva, basta con tocar dos veces para encenderlo, sin necesidad de un complejo proceso de emparejamiento. <\/p>\n\n<p><strong>2. Ultra-Precise &amp; Lag-Free<\/strong> <br\/>Experimenta golpes suaves y precisos gracias a su antena de se\u00f1al de sat\u00e9lite personalizada para una respuesta de alta velocidad y un retardo m\u00ednimo.<\/p>\n\n<p><strong>3. Compatibilidad universal<\/strong><br\/>Funciona a la perfecci\u00f3n con todos los dispositivos de pantalla t\u00e1ctil capacitiva, incluidos los dispositivos de mano GPD, tabletas, tel\u00e9fonos inteligentes y m\u00e1s, compatibles con los sistemas operativos iOS, Android y Windows.<\/p>\n\n<p><strong>4. Bater\u00eda de larga duraci\u00f3n<\/strong><br\/>Disfruta de una creatividad ininterrumpida con un indicador luminoso de bater\u00eda y una carga Type-C eficiente para prolongar el tiempo de uso.<\/p>\n\n<p><strong>5. Dise\u00f1o elegante y ligero<\/strong><br\/>Su dise\u00f1o delgado y ergon\u00f3mico garantiza un uso c\u00f3modo, tanto para dibujar dise\u00f1os intrincados como para tomar notas r\u00e1pidas.<\/p>\n\n<hr class=\"wp-block-separator has-alpha-channel-opacity\"\/>\n\n<h3 class=\"wp-block-heading\"><strong>Perfecto para dispositivos GPD<\/strong><\/h3>\n\n<p>Espec\u00edficamente dise\u00f1ado pensando en los usuarios de GPD, este l\u00e1piz capacitivo complementa sus PC port\u00e1tiles para juegos y tabletas, convirti\u00e9ndolo en un accesorio esencial tanto para la productividad como para el entretenimiento.<\/p>\n\n<hr class=\"wp-block-separator has-alpha-channel-opacity\"\/>\n\n<h3 class=\"wp-block-heading\"><strong>\u00bfPor qu\u00e9 elegir el l\u00e1piz \u00f3ptico capacitivo universal para GPD?<\/strong><\/h3>\n\n<ul class=\"wp-block-list\">\n<li>Configuraci\u00f3n sencilla sin necesidad de emparejamiento<\/li>\n\n\n\n<li>Alta sensibilidad para un trabajo detallado y un funcionamiento suave<\/li>\n\n\n\n<li>Compatibilidad universal con dispositivos y plataformas de pantalla t\u00e1ctil capacitiva<\/li>\n\n\n\n<li>Duradera, ligera y port\u00e1til para llevarla a todas partes<\/li>\n<\/ul>\n\n<p>Ya seas un profesional creativo, un estudiante o un entusiasta de la tecnolog\u00eda, el l\u00e1piz \u00f3ptico capacitivo universal para GPD es tu compa\u00f1ero definitivo para interactuar con tus dispositivos de forma precisa y sin esfuerzo.<\/p>\n\n<p><strong>Pida el suyo hoy mismo y mejore su experiencia digital.<\/strong><\/p>\n\n<hr class=\"wp-block-separator has-alpha-channel-opacity\"\/>\n","protected":false},"excerpt":{"rendered":"<ul>\n<li>Compatible con <strong>dispositivos GPD<\/strong>, tabletas y tel\u00e9fonos inteligentes<\/li>\n<li><strong>Sin emparejamiento<\/strong>: activaci\u00f3n sencilla con un doble toque<\/li>\n<li>Dise\u00f1o elegante y <strong>ergon\u00f3mico<\/strong> <\/li>\n<li>Rendimiento preciso y <strong>sin retrasos<\/strong> <\/li>\n<li>Indicador de bater\u00eda con <strong>carga Type-C<\/strong><\/li>\n<\/ul>\n[cg_accordion title=\"INFORMACI\u00d3N SOBRE EL PAGO\"]<\/p>\n<p>Utilizamos la \u00faltima tecnolog\u00eda en procesamiento de pagos, lo que le permite pagar a trav\u00e9s de su tarjeta de d\u00e9bito o cr\u00e9dito, o PayPal para una experiencia r\u00e1pida y segura.[\/cg_accordion]\n[cg_accordion title=\"GARANT\u00cdA\"]<\/p>\n<p>2 a\u00f1os de garant\u00eda de <a href=\"https:\/\/droix.net\/\" target=\"_blank\" rel=\"nofollow noopener\">DROIX Global<\/a> para su tranquilidad[\/cg_accordion]\n[cg_accordion title=\"GARANT\u00cdA DE CALIDAD Y PRUEBAS PREVIAS A LA EXPEDICI\u00d3N\"]<\/p>\n<p>Garantizamos la satisfacci\u00f3n del cliente al m\u00e1s alto nivel: Cada dispositivo se somete a rigurosas pruebas y a una comprobaci\u00f3n de garant\u00eda de calidad en varios puntos antes de ser enviado. Nuestro equipo especializado verifica el rendimiento, la funcionalidad y la integridad de los componentes para garantizar que tu dispositivo GPD est\u00e9 en perfecto estado de funcionamiento a su llegada, proporcion\u00e1ndote confianza y tranquilidad. [\/cg_accordion]\n[cg_accordion title=\"PRECIOS, IMPUESTOS Y GASTOS DE ENV\u00cdO\"]<\/p>\n<p><strong><u>Nota:<\/u><\/strong><\/p>\n<ul>\n<li>Clientes de Estados Unidos: El precio indicado NO incluye impuestos ni aranceles. El cliente es responsable del despacho de aduanas y del pago de los impuestos y aranceles correspondientes. <\/li>\n<li>Clientes de la UE: El precio mostrado incluye el IMPUESTO aplicable, que puede ser de hasta el 25% dependiendo de su pa\u00eds.<\/li>\n<li>Clientes de Canad\u00e1: El precio mostrado incluye los impuestos aplicables, que pueden incluir un 5% de GST e impuestos de venta provinciales (PST) adicionales, impuesto de venta armonizado (HST) o impuesto de venta de Quebec (QST), dependiendo de su provincia.<\/li>\n<\/ul>\n<p>Para nuestros clientes de EE.UU: Los pedidos se env\u00edan DAP (Entregado en el Lugar). Aunque los clientes son responsables del pago de los aranceles aplicables, nos basamos en nuestra amplia experiencia en env\u00edos desde el Reino Unido para asegurarnos de que pagas el menor cargo posible. Seg\u00fan nuestros registros, estos cargos no suelen superar el 10% del valor del art\u00edculo.  <\/p>\n<p><strong>S\u00d3LO para clientes de la UE:<\/strong> Express DDP (Entrega con derechos pagados). Esto significa: <\/p>\n<ul>\n<li>Todos los derechos de aduana e impuestos est\u00e1n incluidos en el precio que aparece en la p\u00e1gina del producto.<\/li>\n<li>No tendr\u00e1 que pagar ning\u00fan gasto adicional en el momento de la entrega.<\/li>\n<li>En el raro caso de que surjan problemas relacionados con las aduanas, nuestro equipo se encargar\u00e1 del proceso de despacho de aduanas en su nombre para garantizar una entrega sin problemas.<\/li>\n<p>Informaci\u00f3n importante sobre devoluciones:<\/p>\n<li>Si decide devolver su pedido o solicitar un reembolso, tenga en cuenta que los impuestos y aranceles pagados en su nombre con arreglo a las condiciones del DDP no pueden reembolsarse.<\/li>\n<p>Consulte nuestras <a href=\"https:\/\/droix.net\/terms-and-conditions\/\" target=\"_blank\" rel=\"nofollow noopener\">Condiciones generales<\/a> para obtener informaci\u00f3n detallada.\n<\/ul>\n<p>[\/cg_accordion]\n[cg_accordion title=\"ATENCI\u00d3N AL CLIENTE\"]<\/p>\n<p>\u00bfTiene alguna pregunta? Estamos a un paso de resolver su problema. <\/p>\n<p>Consulte nuestras <a href=\"https:\/\/gpdstore.net\/es\/terms-of-service\/\" target=\"_blank\" rel=\"nofollow noopener\">Condiciones generales<\/a> para obtener informaci\u00f3n detallada.\n<\/ul>\n<p>[\/cg_accordion]\n[cg_accordion title=\"QU\u00c9 INCLUYE\"]<\/p>\n<ul>\n<li>1x L\u00e1piz \u00f3ptico universal para GPD<\/li>\n<\/ul>\n<p>[\/cg_accordion]\n","protected":false},"featured_media":1061375,"template":"","meta":{"_acf_changed":false},"product_brand":[],"product_cat":[1338],"product_tag":[17853,1761],"woo-feed-brand":[2429],"class_list":{"0":"post-1250547","1":"product","2":"type-product","3":"status-publish","4":"has-post-thumbnail","6":"product_cat-accesorios","7":"product_tag-15xmsale-es","8":"product_tag-gpd-wm2-accesorio","9":"product_shipping_class-low-end","10":"pa_accessory-type-estilete","11":"pa_brand-gpd","12":"woo-feed-brand-droix-es","14":"first","15":"instock","16":"taxable","17":"shipping-taxable","18":"purchasable","19":"product-type-variable","20":"has-default-attributes"},"acf":[],"aioseo_notices":[],"_links":{"self":[{"href":"https:\/\/gpdstore.net\/es\/wp-json\/wp\/v2\/product\/1250547","targetHints":{"allow":["GET"]}}],"collection":[{"href":"https:\/\/gpdstore.net\/es\/wp-json\/wp\/v2\/product"}],"about":[{"href":"https:\/\/gpdstore.net\/es\/wp-json\/wp\/v2\/types\/product"}],"wp:featuredmedia":[{"embeddable":true,"href":"https:\/\/gpdstore.net\/es\/wp-json\/wp\/v2\/media\/1061375"}],"wp:attachment":[{"href":"https:\/\/gpdstore.net\/es\/wp-json\/wp\/v2\/media?parent=1250547"}],"wp:term":[{"taxonomy":"product_brand","embeddable":true,"href":"https:\/\/gpdstore.net\/es\/wp-json\/wp\/v2\/product_brand?post=1250547"},{"taxonomy":"product_cat","embeddable":true,"href":"https:\/\/gpdstore.net\/es\/wp-json\/wp\/v2\/product_cat?post=1250547"},{"taxonomy":"product_tag","embeddable":true,"href":"https:\/\/gpdstore.net\/es\/wp-json\/wp\/v2\/product_tag?post=1250547"},{"taxonomy":"woo-feed-brand","embeddable":true,"href":"https:\/\/gpdstore.net\/es\/wp-json\/wp\/v2\/woo-feed-brand?post=1250547"}],"curies":[{"name":"wp","href":"https:\/\/api.w.org\/{rel}","templated":true}]}}