{"id":1199282,"date":"2025-10-08T14:34:02","date_gmt":"2025-10-08T14:34:02","guid":{"rendered":"https:\/\/gpdstore.net\/product\/mini-ssd-biwin\/"},"modified":"2026-01-19T14:32:38","modified_gmt":"2026-01-19T14:32:38","slug":"biwin-mini-ssd","status":"publish","type":"product","link":"https:\/\/gpdstore.net\/es\/product\/biwin-mini-ssd\/","title":{"rendered":"Mini SSD BIWIN"},"content":{"rendered":"\n<h2 class=\"wp-block-heading\"><strong>Libera el verdadero potencial de tu dispositivo<\/strong><\/h2>\n\n<p>En el mundo de la tecnolog\u00eda de \u00e9lite, la velocidad lo es todo. El Mini SSD BIWIN es una declaraci\u00f3n de potencia sin concesiones, dise\u00f1ado con tecnolog\u00eda PCIe Gen4x2 para alcanzar una asombrosa velocidad te\u00f3rica de <strong>3.700 MB\/s<\/strong>.<sup><\/sup> No se trata s\u00f3lo de una actualizaci\u00f3n; es una revoluci\u00f3n en un paquete m\u00e1s peque\u00f1o que un sello de correos. <\/p>\n\n<p>Para los usuarios de dispositivos port\u00e1tiles de \u00faltima generaci\u00f3n como el <a href=\"https:\/\/gpdstore.net\/es\/product\/gpd-win-5\/\" target=\"_blank\" rel=\"noopener\" title=\"\">GPD WIN 5<\/a>, el Mini SSD BIWIN es la clave para desbloquear la m\u00e1xima velocidad de almacenamiento de tu dispositivo. Aunque estos dispositivos utilizan una ranura PCIe 4&#215;1, nuestra Mini SSD sigue ofreciendo <strong> unos<\/strong> impresionantes <strong>~1.700 MB\/s<\/strong> de rendimiento en el mundo real, superando la velocidad de cualquier tarjeta microSD y garantizando que tus juegos se carguen en un instante.<\/p>\n\n<p>Forjado para los extremos, su cuerpo <strong>impermeable IP68<\/strong> y <strong>a prueba de ca\u00eddas desde 3 metros<\/strong> significa que esta potencia va acompa\u00f1ada de una durabilidad legendaria.<sup><\/sup> Con hasta <strong>2 TB<\/strong> de capacidad, el Mini SSD BIWIN es la soluci\u00f3n de almacenamiento definitiva y sin compromisos para quienes exigen lo mejor.<\/p>\n","protected":false},"excerpt":{"rendered":"<ul>\n<li>Interfaz: <strong>PCIe Gen4x2<\/strong> con protocolo **NVMe 1.4**.<\/li>\n<li>Factor de forma: <strong>Paquete LGA ultracompacto<\/strong> (15,0 mm \u00d7 17,0 mm \u00d7 1,4 mm)<\/li>\n<li>Rendimiento: Hasta **3.700 MB\/s de lectura** \/ Hasta **3.400 MB\/s de escritura**<\/li>\n<li>Capacidad: 512 GB, 1 TB o 2 TB 3D TLC NAND<\/li>\n<li>Durabilidad: Resistencia al polvo y al agua <strong>IP68<\/strong> \/ **Supervivencia a ca\u00eddas de 3 metros**.<\/li>\n<li>Tecnolog\u00eda: Cach\u00e9 din\u00e1mico **SLC** y **Nivelaci\u00f3n de desgaste**.<\/li>\n<\/ul>\n[cg_accordion title=\"INFORMACI\u00d3N SOBRE EL PAGO\"]<\/p>\n<p>Utilizamos la \u00faltima tecnolog\u00eda en procesamiento de pagos, lo que le permite pagar a trav\u00e9s de su tarjeta de d\u00e9bito o cr\u00e9dito, o PayPal para una experiencia r\u00e1pida y segura.[\/cg_accordion]\n[cg_accordion title=\"GARANT\u00cdA\"]<\/p>\n<p>2 a\u00f1os de garant\u00eda de <a href=\"https:\/\/droix.net\/\" target=\"_blank\" rel=\"nofollow noopener\">DROIX Global<\/a> para su tranquilidad[\/cg_accordion]\n[cg_accordion title=\"GARANT\u00cdA DE CALIDAD Y PRUEBAS PREVIAS A LA EXPEDICI\u00d3N\"]<\/p>\n<p>Garantizamos la satisfacci\u00f3n del cliente al m\u00e1s alto nivel: Cada dispositivo se somete a rigurosas pruebas y a una comprobaci\u00f3n de garant\u00eda de calidad en varios puntos antes de ser enviado. Nuestro equipo especializado verifica el rendimiento, la funcionalidad y la integridad de los componentes para garantizar que tu dispositivo GPD est\u00e9 en perfecto estado de funcionamiento a su llegada, proporcion\u00e1ndote confianza y tranquilidad. [\/cg_accordion]\n[cg_accordion title=\"PRECIOS, IMPUESTOS Y GASTOS DE ENV\u00cdO\"]<\/p>\n<p><strong><u>Nota:<\/u><\/strong><\/p>\n<ul>\n<li>Clientes de Estados Unidos: El precio indicado NO incluye impuestos ni aranceles. El cliente es responsable del despacho de aduanas y del pago de los impuestos y aranceles correspondientes. <\/li>\n<li>Clientes de la UE: El precio mostrado incluye el IMPUESTO aplicable, que puede ser de hasta el 25% dependiendo de su pa\u00eds.<\/li>\n<li>Clientes de Canad\u00e1: El precio mostrado incluye los impuestos aplicables, que pueden incluir un 5% de GST e impuestos de venta provinciales (PST) adicionales, impuesto de venta armonizado (HST) o impuesto de venta de Quebec (QST), dependiendo de su provincia.<\/li>\n<\/ul>\n<p>Para nuestros clientes de EE.UU: Los pedidos se env\u00edan DAP (Entregado en el Lugar). Aunque los clientes son responsables del pago de los aranceles aplicables, nos basamos en nuestra amplia experiencia en env\u00edos desde el Reino Unido para asegurarnos de que pagas el menor cargo posible. Seg\u00fan nuestros registros, estos cargos no suelen superar el 10% del valor del art\u00edculo.  <\/p>\n<p><strong>S\u00d3LO para clientes de la UE:<\/strong> Express DDP (Entrega con derechos pagados). Esto significa: <\/p>\n<ul>\n<li>Todos los derechos de aduana e impuestos est\u00e1n incluidos en el precio que aparece en la p\u00e1gina del producto.<\/li>\n<li>No tendr\u00e1 que pagar ning\u00fan gasto adicional en el momento de la entrega.<\/li>\n<li>En el raro caso de que surjan problemas relacionados con las aduanas, nuestro equipo se encargar\u00e1 del proceso de despacho de aduanas en su nombre para garantizar una entrega sin problemas.<\/li>\n<p>Informaci\u00f3n importante sobre devoluciones:<\/p>\n<li>Si decide devolver su pedido o solicitar un reembolso, tenga en cuenta que los impuestos y aranceles pagados en su nombre con arreglo a las condiciones del DDP no pueden reembolsarse.<\/li>\n<p>Consulte nuestras <a href=\"https:\/\/droix.net\/terms-and-conditions\/\" target=\"_blank\" rel=\"nofollow noopener\">Condiciones generales<\/a> para obtener informaci\u00f3n detallada.\n<\/ul>\n<p>[\/cg_accordion]\n[cg_accordion title=\"ATENCI\u00d3N AL CLIENTE\"]<\/p>\n<p>\u00bfTiene alguna pregunta? Estamos a un paso de resolver su problema. <\/p>\n<p>Consulte nuestras <a href=\"https:\/\/gpdstore.net\/es\/terms-of-service\/\" target=\"_blank\" rel=\"nofollow noopener\">Condiciones generales<\/a> para obtener informaci\u00f3n detallada.\n<\/ul>\n<p>[\/cg_accordion]\n[cg_accordion title=\"QU\u00c9 INCLUYE\"]<\/p>\n<ul>\n<li>1x BIWIN Mini SSD<\/li>\n<\/ul>\n<p>[\/cg_accordion]\n","protected":false},"featured_media":1196761,"template":"","meta":{"_acf_changed":false},"product_brand":[],"product_cat":[1338],"product_tag":[],"woo-feed-brand":[],"class_list":{"0":"post-1199282","1":"product","2":"type-product","3":"status-publish","4":"has-post-thumbnail","6":"product_cat-accesorios","7":"product_shipping_class-premium","8":"pa_brand-biwin","9":"pa_storage-capacity-512-gb-es","10":"pa_storage-capacity-512gb","11":"pa_storage-capacity-512gb-fr","12":"pa_storage-capacity-1tb-es","13":"pa_storage-capacity-1tb","14":"pa_storage-capacity-1tb-fr","15":"pa_storage-capacity-2tb-es","16":"pa_storage-capacity-2tb","17":"pa_storage-capacity-2tb-fr","19":"first","20":"instock","21":"taxable","22":"shipping-taxable","23":"purchasable","24":"product-type-variable","25":"has-default-attributes"},"acf":[],"aioseo_notices":[],"_links":{"self":[{"href":"https:\/\/gpdstore.net\/es\/wp-json\/wp\/v2\/product\/1199282","targetHints":{"allow":["GET"]}}],"collection":[{"href":"https:\/\/gpdstore.net\/es\/wp-json\/wp\/v2\/product"}],"about":[{"href":"https:\/\/gpdstore.net\/es\/wp-json\/wp\/v2\/types\/product"}],"wp:featuredmedia":[{"embeddable":true,"href":"https:\/\/gpdstore.net\/es\/wp-json\/wp\/v2\/media\/1196761"}],"wp:attachment":[{"href":"https:\/\/gpdstore.net\/es\/wp-json\/wp\/v2\/media?parent=1199282"}],"wp:term":[{"taxonomy":"product_brand","embeddable":true,"href":"https:\/\/gpdstore.net\/es\/wp-json\/wp\/v2\/product_brand?post=1199282"},{"taxonomy":"product_cat","embeddable":true,"href":"https:\/\/gpdstore.net\/es\/wp-json\/wp\/v2\/product_cat?post=1199282"},{"taxonomy":"product_tag","embeddable":true,"href":"https:\/\/gpdstore.net\/es\/wp-json\/wp\/v2\/product_tag?post=1199282"},{"taxonomy":"woo-feed-brand","embeddable":true,"href":"https:\/\/gpdstore.net\/es\/wp-json\/wp\/v2\/woo-feed-brand?post=1199282"}],"curies":[{"name":"wp","href":"https:\/\/api.w.org\/{rel}","templated":true}]}}