{"id":4615,"date":"2023-03-23T16:49:44","date_gmt":"2023-03-23T16:49:44","guid":{"rendered":"https:\/\/gpdstore.net\/politica-de-cookies\/"},"modified":"2024-12-11T13:39:44","modified_gmt":"2024-12-11T13:39:44","slug":"politica-de-cookies","status":"publish","type":"page","link":"https:\/\/gpdstore.net\/es\/politica-de-cookies\/","title":{"rendered":"Pol\u00edtica de cookies"},"content":{"rendered":"\n<p>La siguiente Pol\u00edtica de Cookies debe tomarse en concordancia con (Emparejada con), &#8220;como una&#8221; con los <a href=\"https:\/\/gpdstore.net\/es\/condiciones-de-servicio\/\" target=\"_blank\" data-type=\"URL\" data-id=\"\/terms-of-service\/\" rel=\"noreferrer noopener\">T\u00e9rminos y Condiciones<\/a>, la <a href=\"https:\/\/gpdstore.net\/es\/politica-de-devoluciones-y-reembolsos\/\" target=\"_blank\" data-type=\"URL\" data-id=\"\/refund-and-returns-policy\/\" rel=\"noreferrer noopener\">Pol\u00edtica de Devoluciones y Reembolsos<\/a> y la <a href=\"https:\/\/gpdstore.net\/es\/politica-de-privacidad\/\" target=\"_blank\" data-type=\"URL\" data-id=\"\/privacy-policy\/\" rel=\"noreferrer noopener\">Pol\u00edtica de Privacidad<\/a><\/p>\n\n<ol class=\"wp-block-list\">\n<li>Estas condiciones de venta se aplican a todos los productos suministrados por DroiX US Corp (el Proveedor).\n<ol class=\"wp-block-list\">\n<li>En el contrato establecido, las referencias son a: Nosotros (DroiX US Corp) somos el Proveedor, y t\u00fa (el Cliente)<\/li>\n<\/ol>\n<\/li>\n<\/ol>\n\n<ol class=\"wp-block-list\">\n<li>El sitio web del Proveedor utiliza cookies para distinguir al cliente, es decir, a Ti, de otros usuarios del sitio web. Esto ayuda al Proveedor a proporcionarte una buena experiencia cuando navegas por el sitio web del Proveedor y tambi\u00e9n le permite mejorar nuestro sitio. Al continuar navegando por el sitio, aceptas el uso de cookies por parte del Proveedor.  <\/li>\n\n\n\n<li>Una cookie es un peque\u00f1o archivo de letras y n\u00fameros que el Proveedor almacena en tu navegador o en el disco duro de tu ordenador o tel\u00e9fono m\u00f3vil si est\u00e1s de acuerdo. Las cookies contienen informaci\u00f3n que se transfiere al disco duro de tu ordenador. <\/li>\n\n\n\n<li>El Proveedor utiliza las siguientes cookies:\n<ol class=\"wp-block-list\">\n<li>Cookies estrictamente necesarias. Son cookies necesarias para el funcionamiento del sitio web del Proveedor. Incluyen, por ejemplo, cookies que te permiten iniciar sesi\u00f3n en \u00e1reas seguras del sitio web del Proveedor y realizar transacciones.  <\/li>\n\n\n\n<li>Cookies anal\u00edticas\/de rendimiento. Permiten al Proveedor reconocer y contar el n\u00famero de visitantes y ver c\u00f3mo se mueven los visitantes por el sitio web del Proveedor cuando lo utilizan. Esto ayuda al Proveedor a mejorar el funcionamiento del sitio web, por ejemplo, asegur\u00e1ndose de que los usuarios encuentran lo que buscan f\u00e1cilmente y sin complicaciones.  <\/li>\n\n\n\n<li>El Proveedor utiliza cookies de Google Analytics. Google Analytics recopila informaci\u00f3n de forma an\u00f3nima. Informa de las tendencias del sitio web sin identificar a los visitantes individuales. Puedes excluirte de Google Analytics sin que ello afecte al modo en que visitas este sitio. Para obtener m\u00e1s informaci\u00f3n sobre Google Analytics, haz clic aqu\u00ed.    <\/li>\n\n\n\n<li>Cookies de orientaci\u00f3n. Estas cookies registran tu visita al sitio web del Proveedor, las p\u00e1ginas que has visitado y los enlaces que has seguido. El Proveedor utiliza esta informaci\u00f3n para hacer que el sitio web y la publicidad que se muestra en \u00e9l sean m\u00e1s relevantes para tus intereses. El Proveedor tambi\u00e9n puede compartir esta informaci\u00f3n con terceros con este fin.   <\/li>\n<\/ol>\n<\/li>\n\n\n\n<li>Ten en cuenta que terceros (incluyendo, por ejemplo, redes de publicidad y proveedores de servicios externos como servicios de an\u00e1lisis de tr\u00e1fico web) tambi\u00e9n pueden utilizar cookies, sobre las que el Proveedor no tiene control. Es probable que estas cookies sean cookies anal\u00edticas\/de rendimiento o cookies de orientaci\u00f3n. <\/li>\n\n\n\n<li>Puedes bloquear las cookies activando la configuraci\u00f3n de tu navegador que te permite rechazar la instalaci\u00f3n de todas o algunas cookies. Sin embargo, si utilizas la configuraci\u00f3n de tu navegador para bloquear todas las cookies (incluidas las cookies esenciales) es posible que no puedas acceder a la totalidad o a partes del sitio web del Proveedor. <\/li>\n<\/ol>\n\n<p>\u00daltima actualizaci\u00f3n de la Pol\u00edtica de Cookies: 23 marzo, 2023 &#8211; 4:48PM.<\/p>\n","protected":false},"excerpt":{"rendered":"<p>La siguiente Pol\u00edtica de Cookies debe tomarse en concordancia con (Emparejada con), &#8220;como una&#8221; con los T\u00e9rminos y Condiciones, la Pol\u00edtica de Devoluciones y Reembolsos y la Pol\u00edtica de Privacidad \u00daltima actualizaci\u00f3n de la Pol\u00edtica de Cookies: 23 marzo, 2023 &#8211; 4:48PM.<\/p>\n","protected":false},"author":1,"featured_media":0,"parent":0,"menu_order":0,"comment_status":"closed","ping_status":"closed","template":"template-fullwidth.php","meta":{"_acf_changed":false,"footnotes":""},"class_list":["post-4615","page","type-page","status-publish","hentry"],"acf":[],"aioseo_notices":[],"_links":{"self":[{"href":"https:\/\/gpdstore.net\/es\/wp-json\/wp\/v2\/pages\/4615","targetHints":{"allow":["GET"]}}],"collection":[{"href":"https:\/\/gpdstore.net\/es\/wp-json\/wp\/v2\/pages"}],"about":[{"href":"https:\/\/gpdstore.net\/es\/wp-json\/wp\/v2\/types\/page"}],"author":[{"embeddable":true,"href":"https:\/\/gpdstore.net\/es\/wp-json\/wp\/v2\/users\/1"}],"replies":[{"embeddable":true,"href":"https:\/\/gpdstore.net\/es\/wp-json\/wp\/v2\/comments?post=4615"}],"version-history":[{"count":0,"href":"https:\/\/gpdstore.net\/es\/wp-json\/wp\/v2\/pages\/4615\/revisions"}],"wp:attachment":[{"href":"https:\/\/gpdstore.net\/es\/wp-json\/wp\/v2\/media?parent=4615"}],"curies":[{"name":"wp","href":"https:\/\/api.w.org\/{rel}","templated":true}]}}