{"id":908924,"date":"2024-11-28T09:58:39","date_gmt":"2024-11-28T09:58:39","guid":{"rendered":"https:\/\/gpdstore.net\/unkategorisiert\/gpd-pocket-4-rs-232-modul\/"},"modified":"2026-03-29T01:05:22","modified_gmt":"2026-03-29T01:05:22","slug":"gpd-pocket-4-rs-232-module","status":"publish","type":"product","link":"https:\/\/gpdstore.net\/de\/product\/gpd-pocket-4-rs-232-module\/","title":{"rendered":"GPD Pocket 4 RS-232 Modul"},"content":{"rendered":"\n<p>Der GPD Pocket 4 bietet ein exklusives RS-232-Modul als optionales Merkmal, mit dem Sie eine Vielzahl von seriellen Ger\u00e4ten anschlie\u00dfen k\u00f6nnen.<\/p>\n\n<p><\/p>\n","protected":false},"excerpt":{"rendered":"<ul>\n<li><strong>Offizielles GPD-Zubeh\u00f6r<\/strong><\/li>\n<li><strong>RS-232<\/strong> Erweiterungsmodul<\/li>\n<li>Verbindung zu <strong>seriellen<\/strong> Ger\u00e4ten<\/li>\n<li>Einfacher Einbau in die<strong> GPD Pocket 4<\/strong><\/li>\n<\/ul>\n[cg_accordion title=\"INFO ZUR BEZAHLUNG\"]<\/p>\n<p>Wir verwenden die neueste Technologie in der Zahlungsabwicklung, die es Ihnen erm\u00f6glicht, mit Ihrer Debit-\/Kreditkarte oder mit PayPal schnell und sicher zu bezahlen.[\/cg_accordion]\n[cg_accordion title=\"GARANTIE\"]<\/p>\n<p>2 Jahre Garantie von <a href=\"https:\/\/droix.net\/\" target=\"_blank\" rel=\"nofollow noopener\">DROIX Global<\/a> f\u00fcr Ihren Seelenfrieden[\/cg_accordion]\n[cg_accordion title=\"QUALIT\u00c4TSSICHERUNG &amp; TESTS VOR DER AUSLIEFERUNG\"]<\/p>\n<p>Sicherstellung der Kundenzufriedenheit auf h\u00f6chstem Niveau: Jedes Ger\u00e4t wird vor der Auslieferung strengen Tests und einer mehrstufigen Qualit\u00e4tskontrolle unterzogen. Unser engagiertes Team pr\u00fcft die Leistung, Funktionalit\u00e4t und Integrit\u00e4t der Komponenten, um zu gew\u00e4hrleisten, dass Ihr GPD-Ger\u00e4t bei der Ankunft in einwandfreiem Zustand ist und Sie sich darauf verlassen k\u00f6nnen. [\/cg_accordion]\n[cg_accordion title=\"PREISE, STEUERN UND VERSAND\"]<\/p>\n<p><strong><u>Anmerkung:<\/u><\/strong><\/p>\n<ul>\n<li>Kunden aus den Vereinigten Staaten: Der angezeigte Preis enth\u00e4lt KEINE STEUERN oder Z\u00f6lle. Die Verantwortung f\u00fcr die Zollabfertigung und die Zahlung aller damit verbundenen Steuern und Abgaben liegt beim Kunden. <\/li>\n<li>EU-Kunden: Der angezeigte Preis enth\u00e4lt die gesetzliche Mehrwertsteuer, die je nach Land bis zu 25% betragen kann.<\/li>\n<li>Kunden aus Kanada: Der angezeigte Preis enth\u00e4lt die anfallenden Steuern, die je nach Provinz 5% GST und zus\u00e4tzliche Provincial Sales Taxes (PST), Harmonized Sales Tax (HST) oder Quebec Sales Tax (QST) umfassen k\u00f6nnen.<\/li>\n<\/ul>\n<p>F\u00fcr unsere Kunden in den USA: Die Bestellungen werden DAP (Delivered At Place) versandt. Obwohl die Kunden f\u00fcr die Zahlung aller anfallenden Geb\u00fchren verantwortlich sind, nutzen wir unsere umfangreiche Erfahrung mit dem Versand aus Gro\u00dfbritannien, um sicherzustellen, dass Sie die geringstm\u00f6glichen Geb\u00fchren zahlen. Nach unseren Aufzeichnungen betragen diese Geb\u00fchren in der Regel nicht mehr als 10% des Artikelwerts.  <\/p>\n<p><strong>NUR f\u00fcr EU-Kunden:<\/strong> Express DDP (Delivered Duty Paid). Dies bedeutet: <\/p>\n<ul>\n<li>Alle Zollgeb\u00fchren und Steuern sind in dem auf der Produktseite angegebenen Preis enthalten.<\/li>\n<li>Bei der Zustellung m\u00fcssen Sie keine zus\u00e4tzlichen Geb\u00fchren zahlen.<\/li>\n<li>Im seltenen Fall von Zollproblemen \u00fcbernimmt unser Team die Zollabfertigung in Ihrem Namen, um eine reibungslose Lieferung zu gew\u00e4hrleisten.<\/li>\n<p>Wichtige Informationen \u00fcber R\u00fccksendungen:<\/p>\n<li>Wenn Sie sich entscheiden, Ihre Bestellung zur\u00fcckzusenden oder eine R\u00fcckerstattung zu beantragen, beachten Sie bitte, dass Steuern und Abgaben, die in Ihrem Namen gem\u00e4\u00df den DDP-Bedingungen gezahlt wurden, nicht erstattet werden k\u00f6nnen.<\/li>\n<p>Ausf\u00fchrliche Informationen finden Sie in unseren <a href=\"https:\/\/droix.net\/terms-and-conditions\/\" target=\"_blank\" rel=\"nofollow noopener\">Allgemeinen Gesch\u00e4ftsbedingungen<\/a>.\n<\/ul>\n<p>[\/cg_accordion]\n[cg_accordion title=\"KUNDENBETREUUNG\"]<\/p>\n<p>Haben Sie eine Frage? Wir sind nur einen kurzen Text davon entfernt, Ihr Problem zu l\u00f6sen! <\/p>\n<p>Ausf\u00fchrliche Informationen finden Sie in unseren <a href=\"https:\/\/gpdstore.net\/de\/terms-of-service\/\" target=\"_blank\" rel=\"nofollow noopener\">Allgemeinen Gesch\u00e4ftsbedingungen<\/a>.\n<\/ul>\n<p>[\/cg_accordion]\n[cg_accordion title=\"WAS ENTHALTEN IST\"]<\/p>\n<ul>\n<li>1x RS-232 Modul<\/li>\n<\/ul>\n<p>[\/cg_accordion]\n","protected":false},"featured_media":907934,"template":"","meta":{"_acf_changed":false},"product_brand":[],"product_cat":[1199],"product_tag":[14852],"woo-feed-brand":[858],"class_list":{"0":"post-908924","1":"product","2":"type-product","3":"status-publish","4":"has-post-thumbnail","6":"product_cat-zubehor","7":"product_tag-25xmsale-de-2","8":"product_shipping_class-low-end","9":"pa_accessory-type-add-ons-de","10":"pa_brand-gpd","11":"woo-feed-brand-gpd-de","13":"first","14":"instock","15":"sale","16":"taxable","17":"shipping-taxable","18":"purchasable","19":"product-type-simple"},"acf":[],"aioseo_notices":[],"_links":{"self":[{"href":"https:\/\/gpdstore.net\/de\/wp-json\/wp\/v2\/product\/908924","targetHints":{"allow":["GET"]}}],"collection":[{"href":"https:\/\/gpdstore.net\/de\/wp-json\/wp\/v2\/product"}],"about":[{"href":"https:\/\/gpdstore.net\/de\/wp-json\/wp\/v2\/types\/product"}],"wp:featuredmedia":[{"embeddable":true,"href":"https:\/\/gpdstore.net\/de\/wp-json\/wp\/v2\/media\/907934"}],"wp:attachment":[{"href":"https:\/\/gpdstore.net\/de\/wp-json\/wp\/v2\/media?parent=908924"}],"wp:term":[{"taxonomy":"product_brand","embeddable":true,"href":"https:\/\/gpdstore.net\/de\/wp-json\/wp\/v2\/product_brand?post=908924"},{"taxonomy":"product_cat","embeddable":true,"href":"https:\/\/gpdstore.net\/de\/wp-json\/wp\/v2\/product_cat?post=908924"},{"taxonomy":"product_tag","embeddable":true,"href":"https:\/\/gpdstore.net\/de\/wp-json\/wp\/v2\/product_tag?post=908924"},{"taxonomy":"woo-feed-brand","embeddable":true,"href":"https:\/\/gpdstore.net\/de\/wp-json\/wp\/v2\/woo-feed-brand?post=908924"}],"curies":[{"name":"wp","href":"https:\/\/api.w.org\/{rel}","templated":true}]}}