{"id":8545,"date":"2024-01-24T17:32:18","date_gmt":"2024-01-24T17:32:18","guid":{"rendered":"https:\/\/gpdstore.net\/unkategorisiert\/sd1-docking-station\/"},"modified":"2025-12-23T10:21:03","modified_gmt":"2025-12-23T10:21:03","slug":"sd1-docking-station","status":"publish","type":"product","link":"https:\/\/gpdstore.net\/de\/product\/sd1-docking-station\/","title":{"rendered":"SD1 Docking Station"},"content":{"rendered":"\n<h1 class=\"wp-block-heading\"><strong>Entfesseln Sie das volle Potenzial von Handheld-Spielen mit der SD1 Docking Station!<\/strong><\/h1>\n\n<h3 class=\"wp-block-heading\">Nahtlose Spielintegration an Ihren Fingerspitzen!<\/h3>\n\n<p>Willkommen beim ultimativen Spielver\u00e4nderer f\u00fcr tragbare Gaming-PCs! Wir pr\u00e4sentieren die SD1 Docking Station, die speziell f\u00fcr leidenschaftliche Gamer entwickelt wurde, die ein nahtloses und ununterbrochenes Spielerlebnis w\u00fcnschen. Mit dieser hochmodernen Dockingstation k\u00f6nnen Spieler die F\u00e4higkeiten ihrer Handheld-Gaming-PCs wie nie zuvor erweitern. Vom beliebten Steam Deck bis hin zum exquisiten AYA NEO Geek 1S &#8211; das SD1 ist vielseitig einsetzbar und sorgt daf\u00fcr, dass Ihr Lieblings-Handheld-Ger\u00e4t die n\u00f6tige Unterst\u00fctzung erh\u00e4lt. Docken Sie es einfach an, verbinden Sie es mit dem USB Typ-C Kabel und beobachten Sie, wie sich die Magie entfaltet.<\/p>\n\n<h3 class=\"wp-block-heading\"><strong>Ultra-schnelle und stabile Internetverbindung<\/strong><\/h3>\n\n<p>Keine Verz\u00f6gerung mehr. Keine Unterbrechungen mehr. Tauchen Sie ein in das Gaming-Universum mit dem RJ45 Gigabit Ethernet des SD1. Mit Geschwindigkeiten von bis zu 1000M sorgt diese Dockingstation daf\u00fcr, dass Sie bei Multiplayer-Spielen einen Vorsprung haben und extrem reaktionsschnelle Gaming-Sessions erleben. Verabschieden Sie sich von frustrierenden Latenzzeiten und begr\u00fc\u00dfen Sie reibungslose Spieleinteraktionen in Echtzeit. Wenn jede Millisekunde z\u00e4hlt, sorgt die SD1 daf\u00fcr, dass Sie immer einen Schritt voraus sind.<\/p>\n\n<h3 class=\"wp-block-heading\"><strong>Lebendiges und scharfes Display-Erlebnis<\/strong><\/h3>\n\n<p>Erh\u00f6hen Sie Ihr visuelles Spielerlebnis! Die SD1-Dockingstation ist mit einem HDMI 2.0-Ausgang ausgestattet, der es dem Spieler erm\u00f6glicht, in 4K-Grafik mit seidenweichen 60 Hz einzutauchen. Mit einer Aufl\u00f6sung von bis zu 4096&#215;2160 wird jedes Pixel zum Leben erweckt, so dass Sie mitten im Geschehen sind. Erleben Sie Spiele in ihrer ganzen Pracht, mit tadellosen Details, lebendigen Farben und un\u00fcbertroffener Klarheit.<\/p>\n\n<h3 class=\"wp-block-heading\"><strong>Schnelle und effiziente Stromlieferung<\/strong><\/h3>\n\n<p>Die Macht, endlos zu spielen! Bei der SD1 Docking Station geht es nicht nur um Konnektivit\u00e4t und Grafik, sondern auch darum, dass Ihr Spielger\u00e4t immer mit Strom versorgt wird. Mit einer unglaublichen PD-Ladeleistung von 100 W l\u00e4dt es Ihr Ger\u00e4t schnell wieder auf und sorgt daf\u00fcr, dass Ihnen in der Hitze des Gefechts nie der Akku ausgeht. Spielen Sie weiter, in der Gewissheit, dass Ihr Ger\u00e4t durch ein zuverl\u00e4ssiges und schnelles Ladesystem kontinuierlich mit Strom versorgt wird.<\/p>\n\n<h3 class=\"wp-block-heading\"><strong>Zugriff auf mehrere Ports f\u00fcr verbesserte Benutzerfreundlichkeit<\/strong><\/h3>\n\n<p>Vielseitigkeit in Reinkultur! Das SD1 ist mit drei USB Typ-A 3.0 Anschl\u00fcssen ausgestattet und bietet Gamern den Luxus, mehrere Peripherieger\u00e4te anzuschlie\u00dfen. Ob es sich um einen zus\u00e4tzlichen Controller, ein Headset oder anderes USB-basiertes Zubeh\u00f6r handelt, mit der SD1-Dockingstation sind Sie f\u00fcr jedes Spielszenario ger\u00fcstet. Erleben Sie schnellere Daten\u00fcbertragungsraten und genie\u00dfen Sie eine \u00fcbersichtliche Spielumgebung.<\/p>\n\n<h3 class=\"wp-block-heading\"><strong>Robuste und effiziente Konnektivit\u00e4t<\/strong><\/h3>\n\n<p>Eine Welt voller Spielm\u00f6glichkeiten, die Sie mit einem einzigen Kabel erreichen. Die SD1 nutzt die Leistung von USB Typ-C, um eine stabile und effiziente Verbindung zwischen der Dockingstation und Ihrem Handheld-Gaming-Ger\u00e4t zu gew\u00e4hrleisten. Diese innovative Konnektivit\u00e4tsl\u00f6sung verspricht nicht nur schnellere Daten\u00fcbertragungsraten, sondern sorgt auch f\u00fcr universelle Kompatibilit\u00e4t mit den neuesten Gaming-Ger\u00e4ten.<\/p>\n\n<h3 class=\"wp-block-heading\"><strong>Robuste Bauweise mit eleganter \u00c4sthetik<\/strong><\/h3>\n\n<p>Neben seinen technischen F\u00e4higkeiten ist der SD1 auch ein Beweis f\u00fcr elegantes Design und robuste Konstruktion. Gefertigt aus grauem Aluminium, strahlt er ein hochwertiges Gef\u00fchl aus und verspricht Langlebigkeit. Um sicherzustellen, dass Ihre wertvollen Spielger\u00e4te stets gesch\u00fctzt sind, ist er mit schwarzen Silikonpads ausgestattet, die einen zus\u00e4tzlichen Schutz vor Kratzern und versehentlichem Ausrutschen bieten.<\/p>\n\n<h3 class=\"wp-block-heading\"><strong>Universelle Kompatibilit\u00e4t: Ein Gamer&#8217;s Delight!<\/strong><\/h3>\n\n<p>Das Markenzeichen eines gro\u00dfartigen Zubeh\u00f6rs ist seine Anpassungsf\u00e4higkeit, und das SD1 gl\u00e4nzt in dieser Hinsicht. Er wurde f\u00fcr eine breite Palette von Handheld-Gaming-PCs entwickelt und sorgt daf\u00fcr, dass kein Gamer zur\u00fcckbleibt. Ganz gleich, ob Sie den neuesten GPD WIN 4 2023 oder den ONEXPLAYER 2 besitzen, diese Dockingstation ist Ihre Komplettl\u00f6sung f\u00fcr erweiterte Spielm\u00f6glichkeiten. Getestet mit Steam Deck, ROG Ally, GPD WIN 4, GPD WIN 4 2023, ONEXPLAYER 2, AYA NEO 2S, AYA NEO Geek, und AYA NEO Geek 1S.<\/p>\n\n<h3 class=\"wp-block-heading\"><strong>Fazit<\/strong><\/h3>\n\n<p>Treten Sie ein in die Zukunft der Handheld-Spiele mit der SD1 Docking Station. Es ist nicht nur eine Dockingstation, es ist ein Erlebnis, eine Reise, eine neue Art zu spielen. Erh\u00f6hen Sie Ihre Spielesessions und begr\u00fc\u00dfen Sie die neue \u00c4ra der Handheld-Spiele mit der SD1-Dockingstation.<\/p>\n\n<p><\/p>\n","protected":false},"excerpt":{"rendered":"<ul>\n<li><strong>SD1 <\/strong>Docking Station<\/li>\n<li>Gigabit-Ethernet<\/li>\n<li>100W PD USB-C<\/li>\n<li>HDMI-Ausgang<\/li>\n<li><strong>Kompatibel mit<\/strong> GPD WIN 4 2024 &amp; vielen anderen<\/li>\n<\/ul>\n[cg_accordion title=\"INFO ZUR BEZAHLUNG\"]<\/p>\n<p>Wir verwenden die neueste Technologie in der Zahlungsabwicklung, die es Ihnen erm\u00f6glicht, \u00fcber Apple Pay, Google Pay, Ihre Debit-\/Kreditkarte, PayPal oder BNPL-Methoden wie Klarna, Affirm oder AfterPay schnell und sicher zu bezahlen.[\/cg_accordion]\n[cg_accordion title=\"GARANTIE\"]<\/p>\n<p>2 Jahre Garantie von <a href=\"https:\/\/droix.net\/\" target=\"_blank\" rel=\"nofollow noopener\">DROIX Global<\/a> f\u00fcr Ihren Seelenfrieden[\/cg_accordion]\n[cg_accordion title=\"PREISE, STEUERN UND VERSAND\"]<\/p>\n<p><strong><u>Anmerkung:<\/u><\/strong><\/p>\n<ul>\n<li>Kunden aus den Vereinigten Staaten: Der angezeigte Preis enth\u00e4lt KEINE STEUERN oder Z\u00f6lle. Die Verantwortung f\u00fcr die Zollabfertigung und die Zahlung aller damit verbundenen Steuern und Abgaben liegt beim Kunden. <\/li>\n<li>EU-Kunden: Der angezeigte Preis enth\u00e4lt die gesetzliche Mehrwertsteuer, die je nach Land bis zu 25% betragen kann.<\/li>\n<li>Kunden aus Kanada: Der angezeigte Preis enth\u00e4lt die anfallenden Steuern, die je nach Provinz 5% GST und zus\u00e4tzliche Provincial Sales Taxes (PST), Harmonized Sales Tax (HST) oder Quebec Sales Tax (QST) umfassen k\u00f6nnen.<\/li>\n<\/ul>\n<p><strong>NUR f\u00fcr EU-Kunden:<\/strong> Express DDP (Delivered Duty Paid). Dies bedeutet: <\/p>\n<ul>\n<li>Alle Zollgeb\u00fchren und Steuern sind in dem auf der Produktseite angegebenen Preis enthalten.<\/li>\n<li>Bei der Zustellung m\u00fcssen Sie keine zus\u00e4tzlichen Geb\u00fchren zahlen.<\/li>\n<li>Im seltenen Fall von Zollproblemen \u00fcbernimmt unser Team die Zollabfertigung in Ihrem Namen, um eine reibungslose Lieferung zu gew\u00e4hrleisten.<\/li>\n<p>Wichtige Informationen \u00fcber R\u00fccksendungen:<\/p>\n<li>Wenn Sie sich entscheiden, Ihre Bestellung zur\u00fcckzusenden oder eine R\u00fcckerstattung zu beantragen, beachten Sie bitte, dass Steuern und Abgaben, die in Ihrem Namen gem\u00e4\u00df den DDP-Bedingungen gezahlt wurden, nicht erstattet werden k\u00f6nnen.<\/li>\n<p>Ausf\u00fchrliche Informationen finden Sie in unseren <a href=\"https:\/\/gpdstore.net\/de\/terms-of-service\/\" target=\"_blank\" rel=\"nofollow noopener\">Allgemeinen Gesch\u00e4ftsbedingungen<\/a>.\n<\/ul>\n<p>[\/cg_accordion]\n[cg_accordion title=\"KUNDENBETREUUNG\"]<\/p>\n<p>Haben Sie eine Frage? Wir sind nur einen kurzen Text davon entfernt, Ihr Problem zu l\u00f6sen!<br \/>\n[\/cg_accordion]\n[cg_accordion title=\"WAS ENTHALTEN IST\"]<\/p>\n<ul>\n<li>1x SD1 Docking Station<\/li>\n<\/ul>\n<p>[\/cg_accordion]\n","protected":false},"featured_media":11337,"template":"","meta":{"_acf_changed":false},"product_brand":[],"product_cat":[1199],"product_tag":[14818,3195],"woo-feed-brand":[2447],"class_list":{"0":"post-8545","1":"product","2":"type-product","3":"status-publish","4":"has-post-thumbnail","6":"product_cat-zubehor","7":"product_tag-40xmsale-de","8":"product_tag-droix-hub-de","9":"product_shipping_class-standard","11":"pa_accessory-type-docking-station-de","12":"pa_i-o-video-1x-hdmi-de","13":"woo-feed-brand-droix-de","15":"first","16":"outofstock","17":"sale","18":"taxable","19":"shipping-taxable","20":"purchasable","21":"product-type-simple"},"acf":[],"aioseo_notices":[],"_links":{"self":[{"href":"https:\/\/gpdstore.net\/de\/wp-json\/wp\/v2\/product\/8545","targetHints":{"allow":["GET"]}}],"collection":[{"href":"https:\/\/gpdstore.net\/de\/wp-json\/wp\/v2\/product"}],"about":[{"href":"https:\/\/gpdstore.net\/de\/wp-json\/wp\/v2\/types\/product"}],"wp:featuredmedia":[{"embeddable":true,"href":"https:\/\/gpdstore.net\/de\/wp-json\/wp\/v2\/media\/11337"}],"wp:attachment":[{"href":"https:\/\/gpdstore.net\/de\/wp-json\/wp\/v2\/media?parent=8545"}],"wp:term":[{"taxonomy":"product_brand","embeddable":true,"href":"https:\/\/gpdstore.net\/de\/wp-json\/wp\/v2\/product_brand?post=8545"},{"taxonomy":"product_cat","embeddable":true,"href":"https:\/\/gpdstore.net\/de\/wp-json\/wp\/v2\/product_cat?post=8545"},{"taxonomy":"product_tag","embeddable":true,"href":"https:\/\/gpdstore.net\/de\/wp-json\/wp\/v2\/product_tag?post=8545"},{"taxonomy":"woo-feed-brand","embeddable":true,"href":"https:\/\/gpdstore.net\/de\/wp-json\/wp\/v2\/woo-feed-brand?post=8545"}],"curies":[{"name":"wp","href":"https:\/\/api.w.org\/{rel}","templated":true}]}}