{"id":8500,"date":"2024-01-23T12:16:16","date_gmt":"2024-01-23T12:16:16","guid":{"rendered":"https:\/\/gpdstore.net\/unkategorisiert\/gpd-micro-pc\/"},"modified":"2025-12-23T10:23:38","modified_gmt":"2025-12-23T10:23:38","slug":"gpd-micro-pc","status":"publish","type":"product","link":"https:\/\/gpdstore.net\/de\/product\/gpd-micro-pc\/","title":{"rendered":"GPD Micro PC UMPC"},"content":{"rendered":"\n<figure class=\"wp-block-video\"><video controls=\"\" muted=\"\" poster=\"https:\/\/gpdstore.net\/wp-content\/uploads\/2024\/01\/gpd-hero.jpg\" src=\"https:\/\/gpdstore.net\/wp-content\/uploads\/2024\/01\/Video-Project-22.mp4\"><\/video><\/figure>\n\n<div class=\"wp-block-columns is-layout-flex wp-container-core-columns-is-layout-28f84493 wp-block-columns-is-layout-flex\">\n<div class=\"wp-block-column is-layout-flow wp-block-column-is-layout-flow\" style=\"flex-basis:33.33%\">\n<figure class=\"wp-block-image size-full\"><img fetchpriority=\"high\" decoding=\"async\" width=\"1200\" height=\"929\" src=\"https:\/\/gpdstore.net\/wp-content\/uploads\/2024\/05\/1271643.jpg\" alt=\"GPD Micro PC, ein kompakter und vielseitiger Mini-PC f&#xFC;r den Einsatz unterwegs und die Produktivit&#xE4;t.\" class=\"wp-image-1670\" srcset=\"https:\/\/gpdstore.net\/wp-content\/uploads\/2024\/05\/1271643.jpg 1200w, https:\/\/gpdstore.net\/wp-content\/uploads\/2024\/05\/1271643-150x116.jpg 150w, https:\/\/gpdstore.net\/wp-content\/uploads\/2024\/05\/1271643-600x465.jpg 600w, https:\/\/gpdstore.net\/wp-content\/uploads\/2024\/05\/1271643-768x595.jpg 768w, https:\/\/gpdstore.net\/wp-content\/uploads\/2024\/05\/1271643-990x766.jpg 990w, https:\/\/gpdstore.net\/wp-content\/uploads\/2024\/05\/1271643-441x341.jpg 441w\" sizes=\"(max-width: 1200px) 100vw, 1200px\" \/><\/figure>\n<\/div>\n\n\n\n<div class=\"wp-block-column is-layout-flow wp-block-column-is-layout-flow\" style=\"flex-basis:66.66%\">\n<h2 class=\"wp-block-heading\">Mobiles Produktivit\u00e4tstool mit mehreren Schnittstellen: der 6&#8243; MicroPC!<\/h2>\n\n\n\n<p>Das Microsoft Surface Go wurde bereits als kompaktes, leichtes und erschwingliches Kraftpaket gefeiert, aber der 6&#8243; MicroPC hebt es auf die n\u00e4chste Stufe. Es ist nicht nur kleiner als das Surface Go, sondern verf\u00fcgt auch \u00fcber mehr Schnittstellen, was es zu einem unglaublich vielseitigen Ger\u00e4t macht. Dieses handtellergro\u00dfe Wunderwerk, das an seiner d\u00fcnnsten Stelle nur 15 mm misst und gerade einmal 440 g wiegt, wurde f\u00fcr ein H\u00f6chstma\u00df an Portabilit\u00e4t entwickelt, ohne dabei Kompromisse bei der Leistung einzugehen. Mit einer thermischen Leistungsaufnahme von nur 10 W bietet der MicroPC die gleiche Leistung wie das Surface Go &#8211; und das zu einem g\u00fcnstigeren Preis. Der MicroPC ist ideal f\u00fcr Fachleute aus allen Branchen und ist das mobile Produktivit\u00e4tswerkzeug schlechthin!<\/p>\n<\/div>\n<\/div>\n\n<h2 class=\"wp-block-heading has-text-align-center\">Extreme Portabilit\u00e4t trifft auf praktisches Design: GPD Micro PC Technische Daten und Formfaktor<\/h2>\n\n<div class=\"wp-block-columns is-layout-flex wp-container-core-columns-is-layout-28f84493 wp-block-columns-is-layout-flex\">\n<div class=\"wp-block-column is-layout-flow wp-block-column-is-layout-flow\">\n<figure class=\"wp-block-image size-full is-resized\"><img decoding=\"async\" width=\"1000\" height=\"899\" src=\"https:\/\/gpdstore.net\/wp-content\/uploads\/2024\/05\/714PPtewL._AC_UF10001000_QL80_.jpg\" alt=\"GPD Micro PC mit 6-Zoll-IPS-Display, ideal f&#xFC;r tragbare Computer und Multimedia-Aufgaben.\" class=\"wp-image-1675\" style=\"width:299px;height:auto\" srcset=\"https:\/\/gpdstore.net\/wp-content\/uploads\/2024\/05\/714PPtewL._AC_UF10001000_QL80_.jpg 1000w, https:\/\/gpdstore.net\/wp-content\/uploads\/2024\/05\/714PPtewL._AC_UF10001000_QL80_-150x135.jpg 150w, https:\/\/gpdstore.net\/wp-content\/uploads\/2024\/05\/714PPtewL._AC_UF10001000_QL80_-600x539.jpg 600w, https:\/\/gpdstore.net\/wp-content\/uploads\/2024\/05\/714PPtewL._AC_UF10001000_QL80_-768x690.jpg 768w, https:\/\/gpdstore.net\/wp-content\/uploads\/2024\/05\/714PPtewL._AC_UF10001000_QL80_-990x890.jpg 990w, https:\/\/gpdstore.net\/wp-content\/uploads\/2024\/05\/714PPtewL._AC_UF10001000_QL80_-441x396.jpg 441w\" sizes=\"(max-width: 1000px) 100vw, 1000px\" \/><\/figure>\n\n\n\n<h3 class=\"wp-block-heading\">Der ultimative Taschen-PC: Warum der 6-Zoll-Formfaktor perfekt f\u00fcr digitale Nomaden ist<\/h3>\n\n\n\n<p>Mit einer Gr\u00f6\u00dfe von nur 6 x 4 Zoll und einem Gewicht von nur 440 Gramm ist dieser Mini-PC perfekt f\u00fcr Berufst\u00e4tige, Studenten und digitale Nomaden, die st\u00e4ndig unterwegs sind. Mit einem Quad-Core-Prozessor von Intel, <a href=\"https:\/\/gpdstore.net\/de\/product-attribute\/memory-ram-capacity\/8gb-de\/\" target=\"_blank\" rel=\"noreferrer noopener\">8 GB<\/a> RAM und <a href=\"https:\/\/gpdstore.net\/de\/product-attribute\/storage-capacity\/256gb-de\/\" target=\"_blank\" data-type=\"link\" data-id=\"https:\/\/gpdstore.net\/product-attribute\/storage-capacity\/256gb\/\" rel=\"noreferrer noopener\">256 GB<\/a>, <a href=\"https:\/\/gpdstore.net\/de\/product-attribute\/storage-capacity\/512gb-de\/\" target=\"_blank\" rel=\"noreferrer noopener\">512 GB<\/a> oder <a href=\"https:\/\/gpdstore.net\/de\/product-attribute\/storage-capacity\/1tb-de\/\" target=\"_blank\" rel=\"noreferrer noopener\">1 TB<\/a> Speicherplatz bietet es flotte Leistung f\u00fcr Multitasking und Unterhaltung auf seinem hochaufl\u00f6senden Display.<\/p>\n<\/div>\n\n\n\n<div class=\"wp-block-column is-layout-flow wp-block-column-is-layout-flow\">\n<figure class=\"wp-block-image size-full\"><img decoding=\"async\" width=\"300\" height=\"300\" src=\"https:\/\/gpdstore.net\/wp-content\/uploads\/2024\/05\/078e6b89-8d78-4318-bf09-8caf8fecef63.__CR1800840840_PT0_SX300_V1___.jpg\" alt=\"GPD Micro PC, entwickelt, um sto&#xDF;fest zu sein und in verschiedenen Umgebungen zu bestehen\" class=\"wp-image-1672\" srcset=\"https:\/\/gpdstore.net\/wp-content\/uploads\/2024\/05\/078e6b89-8d78-4318-bf09-8caf8fecef63.__CR1800840840_PT0_SX300_V1___.jpg 300w, https:\/\/gpdstore.net\/wp-content\/uploads\/2024\/05\/078e6b89-8d78-4318-bf09-8caf8fecef63.__CR1800840840_PT0_SX300_V1___-150x150.jpg 150w, https:\/\/gpdstore.net\/wp-content\/uploads\/2024\/05\/078e6b89-8d78-4318-bf09-8caf8fecef63.__CR1800840840_PT0_SX300_V1___-100x100.jpg 100w\" sizes=\"(max-width: 300px) 100vw, 300px\" \/><\/figure>\n\n\n\n<h3 class=\"wp-block-heading\"><strong>ABS-Schale in Luftfahrtqualit\u00e4t: Die Haltbarkeit und der Schutz des GPD Micro PC im Test<\/strong><\/h3>\n\n\n\n<p>Das aus S\u00fcdkorea importierte ABS-Kunstharz LG-DOW 121H bietet au\u00dfergew\u00f6hnliche Strapazierf\u00e4higkeit und Schutz und ist sto\u00dffest. Mit einer Dicke von 1 mm ist es schwer entflammbar, hoch hitzebest\u00e4ndig und V-0-zertifiziert. Seine beeindruckende Rockwell-H\u00e4rte von bis zu 109 R und eine Biegefestigkeit von 26000kg\/cm\u00b2<\/p>\n<\/div>\n\n\n\n<div class=\"wp-block-column is-layout-flow wp-block-column-is-layout-flow\">\n<figure class=\"wp-block-image size-full\"><img loading=\"lazy\" decoding=\"async\" width=\"300\" height=\"300\" src=\"https:\/\/gpdstore.net\/wp-content\/uploads\/2024\/05\/84908091-c530-4179-9369-d0a566b13ce8.__CR1260949949_PT0_SX300_V1___.jpg\" alt=\"GPD Micro PC mit Unterst&#xFC;tzung f&#xFC;r erweiterte Peripherieger&#xE4;te, die vielseitige Anschlussm&#xF6;glichkeiten und Funktionen in einem kompakten Format erm&#xF6;glichen\" class=\"wp-image-1674\" srcset=\"https:\/\/gpdstore.net\/wp-content\/uploads\/2024\/05\/84908091-c530-4179-9369-d0a566b13ce8.__CR1260949949_PT0_SX300_V1___.jpg 300w, https:\/\/gpdstore.net\/wp-content\/uploads\/2024\/05\/84908091-c530-4179-9369-d0a566b13ce8.__CR1260949949_PT0_SX300_V1___-150x150.jpg 150w, https:\/\/gpdstore.net\/wp-content\/uploads\/2024\/05\/84908091-c530-4179-9369-d0a566b13ce8.__CR1260949949_PT0_SX300_V1___-100x100.jpg 100w\" sizes=\"(max-width: 300px) 100vw, 300px\" \/><\/figure>\n\n\n\n<h3 class=\"wp-block-heading\"><strong>Erweitern Sie Speicher und Funktionalit\u00e4t: Mit dem USB 3.0- und Micro SD-Steckplatz<\/strong><\/h3>\n\n\n\n<p>Ausgestattet mit drei USB 3.0-Schnittstellen und einem Micro SD-Steckplatz kann dieses Ger\u00e4t bis zu vier externe Speichermedien aufnehmen und bietet damit praktisch unbegrenzte Speicherkapazit\u00e4t. Aber die Vielseitigkeit h\u00f6rt hier noch nicht auf. Mit der M\u00f6glichkeit, zus\u00e4tzliche Peripherieger\u00e4te \u00fcber den Hub anzuschlie\u00dfen, k\u00f6nnen Sie Ihre Einrichtung an Ihre Bed\u00fcrfnisse anpassen, sei es zur Steigerung der Produktivit\u00e4t oder zur Erweiterung der Funktionalit\u00e4t.<\/p>\n<\/div>\n<\/div>\n\n<figure class=\"wp-block-image size-large\"><img loading=\"lazy\" decoding=\"async\" width=\"1200\" height=\"563\" src=\"https:\/\/gpdstore.net\/wp-content\/uploads\/2024\/05\/1068053-1200x563.jpg\" alt=\"GPD Micro PC, ein kompakter und leistungsstarker Minicomputer, der sich ideal f&#xFC;r mobiles Computing und Produktivit&#xE4;t unterwegs eignet\" class=\"wp-image-1678\" srcset=\"https:\/\/gpdstore.net\/wp-content\/uploads\/2024\/05\/1068053-1200x563.jpg 1200w, https:\/\/gpdstore.net\/wp-content\/uploads\/2024\/05\/1068053-150x70.jpg 150w, https:\/\/gpdstore.net\/wp-content\/uploads\/2024\/05\/1068053-600x281.jpg 600w, https:\/\/gpdstore.net\/wp-content\/uploads\/2024\/05\/1068053-768x360.jpg 768w, https:\/\/gpdstore.net\/wp-content\/uploads\/2024\/05\/1068053-1536x720.jpg 1536w, https:\/\/gpdstore.net\/wp-content\/uploads\/2024\/05\/1068053-990x464.jpg 990w, https:\/\/gpdstore.net\/wp-content\/uploads\/2024\/05\/1068053-441x207.jpg 441w, https:\/\/gpdstore.net\/wp-content\/uploads\/2024\/05\/1068053.jpg 1920w\" sizes=\"(max-width: 1200px) 100vw, 1200px\" \/><\/figure>\n\n<p><br\/>Erleben Sie mit dem GPD Micro PC erstklassige Leistung in einem kompakten Paket. Dieser Windows 10 PRO Mini-Laptop ist f\u00fcr alle gedacht, die einen schnellen und effizienten Industrie-PC mit robusten Kommunikationsanschl\u00fcssen suchen.<\/p>\n\n<figure class=\"wp-block-image size-large\"><img loading=\"lazy\" decoding=\"async\" width=\"1200\" height=\"600\" src=\"https:\/\/gpdstore.net\/wp-content\/uploads\/2024\/05\/MicroPC-1200x600.jpg\" alt=\"GPD Micro PC, ein kleiner, aber leistungsstarker tragbarer Computer f&#xFC;r vielseitige Computeraufgaben\" class=\"wp-image-1677\" srcset=\"https:\/\/gpdstore.net\/wp-content\/uploads\/2024\/05\/MicroPC-1200x600.jpg 1200w, https:\/\/gpdstore.net\/wp-content\/uploads\/2024\/05\/MicroPC-150x75.jpg 150w, https:\/\/gpdstore.net\/wp-content\/uploads\/2024\/05\/MicroPC-600x300.jpg 600w, https:\/\/gpdstore.net\/wp-content\/uploads\/2024\/05\/MicroPC-768x384.jpg 768w, https:\/\/gpdstore.net\/wp-content\/uploads\/2024\/05\/MicroPC-1536x768.jpg 1536w, https:\/\/gpdstore.net\/wp-content\/uploads\/2024\/05\/MicroPC-990x495.jpg 990w, https:\/\/gpdstore.net\/wp-content\/uploads\/2024\/05\/MicroPC-441x221.jpg 441w, https:\/\/gpdstore.net\/wp-content\/uploads\/2024\/05\/MicroPC.jpg 1920w\" sizes=\"(max-width: 1200px) 100vw, 1200px\" \/><\/figure>\n\n<p>Mit einem schnellen Intel\u00ae Celeron\u00ae N4120 Quad-Core-Prozessor, der eine Turbofrequenz von bis zu 2,6 GHz erreicht, und <a href=\"https:\/\/gpdstore.net\/de\/product-attribute\/memory-ram-capacity\/8gb-de\/\" target=\"_blank\" rel=\"noreferrer noopener\">8 GB<\/a> schnellem <a href=\"https:\/\/gpdstore.net\/de\/product-attribute\/memory-ram-technology\/lpddr4-de\/\" target=\"_blank\" rel=\"noreferrer noopener\">LPDDR4-RAM<\/a> bietet der Micro PC eine beeindruckende Leistung. W\u00e4hlen Sie aus drei Speicheroptionen: <a href=\"https:\/\/gpdstore.net\/de\/product-attribute\/storage-capacity\/256gb-de\/\" target=\"_blank\" rel=\"noreferrer noopener\">256GB<\/a>, <a href=\"https:\/\/gpdstore.net\/de\/product-attribute\/storage-capacity\/512gb-de\/\" target=\"_blank\" rel=\"noreferrer noopener\">512GB<\/a>, oder <a href=\"https:\/\/gpdstore.net\/de\/product-attribute\/storage-capacity\/1tb-de\/\" target=\"_blank\" rel=\"noreferrer noopener\">1TB<\/a> NGFF M.2 SATA SSD, mit der Flexibilit\u00e4t, sp\u00e4ter aufzur\u00fcsten.<\/p>\n\n<p>Die Konnektivit\u00e4t ist ein Highlight, das sogar mit ausgewachsenen Industrie-PCs mithalten kann. Es verf\u00fcgt \u00fcber drei USB 3.0 Typ-A-Anschl\u00fcsse, einen USB Typ-C-Anschluss, einen seriellen RS232-Anschluss, einen RJ45 1GB\/s Ethernet-Anschluss, einen HDMI-Anschluss und einen MicroSD-Kartenleser. Zu den drahtlosen Optionen geh\u00f6ren 802.11b\/g\/n\/ac, 2.4G\/5G Dual-Band Wi-Fi und <a href=\"https:\/\/gpdstore.net\/de\/product-attribute\/bluetooth\/4-2-de\/\" target=\"_blank\" rel=\"noreferrer noopener\">Bluetooth 4.2<\/a>.<\/p>\n\n<p>Das 6-Zoll-Display des Micro PC bietet eine Aufl\u00f6sung von 1280&#215;720 und ist durch kratzfestes Corning Gorilla Glass 4 gesch\u00fctzt. Trotz seiner leistungsstarken Hardware ist dieses Ger\u00e4t kompakt und misst im geschlossenen Zustand nur 6&#8243; x 4,4&#8243; x 0,9&#8243; &#8211; klein genug, um in eine Tasche oder einen kleinen Beutel zu passen.<\/p>\n\n<p>F\u00fcr das ultimative Micro PC-Erlebnis bietet der GPD Micro au\u00dfergew\u00f6hnliche Portabilit\u00e4t, umfangreiche Anschlussm\u00f6glichkeiten und Hochleistungsf\u00e4higkeiten, was ihn zur idealen Wahl f\u00fcr Windows 10 Micro PC-Enthusiasten macht&#8230;<\/p>\n\n<figure class=\"wp-block-image size-large\"><img loading=\"lazy\" decoding=\"async\" width=\"1200\" height=\"500\" src=\"https:\/\/gpdstore.net\/wp-content\/uploads\/2024\/05\/1068559-1200x500.jpg\" alt=\"GPD Micro PC, ein kompakter und robuster Minicomputer, der sich perfekt f&#xFC;r mobiles Computing und Produktivit&#xE4;t eignet.\" class=\"wp-image-1676\" srcset=\"https:\/\/gpdstore.net\/wp-content\/uploads\/2024\/05\/1068559-1200x500.jpg 1200w, https:\/\/gpdstore.net\/wp-content\/uploads\/2024\/05\/1068559-150x63.jpg 150w, https:\/\/gpdstore.net\/wp-content\/uploads\/2024\/05\/1068559-600x250.jpg 600w, https:\/\/gpdstore.net\/wp-content\/uploads\/2024\/05\/1068559-768x320.jpg 768w, https:\/\/gpdstore.net\/wp-content\/uploads\/2024\/05\/1068559-1536x640.jpg 1536w, https:\/\/gpdstore.net\/wp-content\/uploads\/2024\/05\/1068559-990x413.jpg 990w, https:\/\/gpdstore.net\/wp-content\/uploads\/2024\/05\/1068559-441x184.jpg 441w, https:\/\/gpdstore.net\/wp-content\/uploads\/2024\/05\/1068559.jpg 1920w\" sizes=\"(max-width: 1200px) 100vw, 1200px\" \/><\/figure>\n","protected":false},"excerpt":{"rendered":"<ul>\n<li>Ma\u00dfgeschneidert f\u00fcr IT-Fachleute<\/li>\n<li>Intel-Chipsatz N4120<\/li>\n<li>Windows 10 <strong>Pro<\/strong><\/li>\n<li>Serieller RS-232-Anschluss<\/li>\n<li>Dual-Band Wi-Fi &amp; 1 Gigabit RJ45 Anschluss<\/li>\n<\/ul>\n<p>[cg_accordion title=\"INFO ZUR BEZAHLUNG\"] Wir verwenden die neueste Technologie in der Zahlungsabwicklung, die es Ihnen erm\u00f6glicht, mit Ihrer Debit-\/Kreditkarte oder mit PayPal schnell und sicher zu bezahlen.[\/cg_accordion] [cg_accordion title=\"GARANTIE\"]  2 Jahre Garantie von <a href=\"https:\/\/droix.net\/\" target=\"_blank\" rel=\"nofollow noopener\">DROIX Global<\/a> f\u00fcr Ihren Seelenfrieden[\/cg_accordion] [cg_accordion title=\"QUALIT\u00c4TSSICHERUNG &amp; TESTS VOR DER AUSLIEFERUNG\"]  Sicherstellung der Kundenzufriedenheit auf h\u00f6chstem Niveau: Jedes Ger\u00e4t wird vor der Auslieferung strengen Tests und einer mehrstufigen Qualit\u00e4tskontrolle unterzogen. Unser engagiertes Team pr\u00fcft die Leistung, Funktionalit\u00e4t und Integrit\u00e4t der Komponenten, um zu gew\u00e4hrleisten, dass Ihr GPD-Ger\u00e4t bei der Ankunft in einwandfreiem Zustand ist und Sie sich darauf verlassen k\u00f6nnen. [\/cg_accordion] [cg_accordion title=\"PRICING, TAXES AND SHIPPING\"] <strong><u>Anmerkung:<\/u><\/strong><\/p>\n<ul>\n<li>Kunden aus den Vereinigten Staaten: Der angezeigte Preis enth\u00e4lt KEINE STEUERN oder Z\u00f6lle. Die Verantwortung f\u00fcr die Zollabfertigung und die Zahlung aller damit verbundenen Steuern und Abgaben liegt beim Kunden. <\/li>\n<li>EU-Kunden: Der angezeigte Preis enth\u00e4lt die gesetzliche Mehrwertsteuer, die je nach Land bis zu 25% betragen kann.<\/li>\n<li>Kunden aus Kanada: Der angezeigte Preis enth\u00e4lt die anfallenden Steuern, die je nach Provinz 5% GST und zus\u00e4tzliche Provincial Sales Taxes (PST), Harmonized Sales Tax (HST) oder Quebec Sales Tax (QST) umfassen k\u00f6nnen.<\/li>\n<\/ul>\n<p><strong>NUR f\u00fcr EU-Kunden:<\/strong> Express DDP (Delivered Duty Paid). Dies bedeutet: <\/p>\n<ul>\n<li style=\"list-style-type: none;\">\n<ul>\n<li>Alle Zollgeb\u00fchren und Steuern sind in dem auf der Produktseite angegebenen Preis enthalten.<\/li>\n<li>Bei der Zustellung m\u00fcssen Sie keine zus\u00e4tzlichen Geb\u00fchren zahlen.<\/li>\n<li>Im seltenen Fall von Zollproblemen \u00fcbernimmt unser Team die Zollabfertigung in Ihrem Namen, um eine reibungslose Lieferung zu gew\u00e4hrleisten.<\/li>\n<p>Wichtige Informationen \u00fcber R\u00fccksendungen:<\/p>\n<li>Wenn Sie sich entscheiden, Ihre Bestellung zur\u00fcckzusenden oder eine R\u00fcckerstattung zu beantragen, beachten Sie bitte, dass Steuern und Abgaben, die in Ihrem Namen gem\u00e4\u00df den DDP-Bedingungen gezahlt wurden, nicht erstattet werden k\u00f6nnen.<\/li>\n<p>Bitte beachten Sie unser<\/ul>\n<\/li>\n<\/ul>\n<p><a href=\"https:\/\/droix.net\/terms-and-conditions\/\" target=\"_blank\" rel=\"nofollow noopener\">Bedingungen und Konditionen<\/a><\/p>\n<ul>f\u00fcr detaillierte Informationen.<\/ul>\n<p>[\/cg_accordion] [cg_accordion title=\"KUNDENBETREUUNG\"]  Haben Sie eine Frage? Wir sind nur einen kurzen Text davon entfernt, Ihr Problem zu l\u00f6sen!  Detaillierte Informationen finden Sie in unseren <a href=\"https:\/\/gpdstore.net\/de\/terms-of-service\/\" target=\"_blank\" rel=\"nofollow noopener\">Allgemeinen Gesch\u00e4ftsbedingungen<\/a>.  [\/cg_accordion] [cg_accordion title=\"WHAT'S INCLUDED\"]<\/p>\n<ul>\n<li>1x GPD Micro PC<\/li>\n<li>1x Netzadapter<\/li>\n<li>1x USB Typ-C Kabel<\/li>\n<li>1x Benutzerhandbuch<\/li>\n<\/ul>\n<p>[\/cg_accordion]<\/p>\n","protected":false},"featured_media":10848,"template":"","meta":{"_acf_changed":false},"product_brand":[],"product_cat":[1116],"product_tag":[16625,4683],"woo-feed-brand":[858],"class_list":{"0":"post-8500","1":"product","2":"type-product","3":"status-publish","4":"has-post-thumbnail","6":"product_cat-gpd-mini-laptops-de","7":"product_tag-10xmsale-de","8":"product_tag-gpd-micro-pc-de","9":"product_shipping_class-standard","10":"pa_bluetooth-4-2-de","11":"pa_brand-gpd","12":"pa_graphics-gpu-model-uhd-grafik-600-de","13":"pa_i-o-video-1x-hdmi-2-0-typ-a-de","14":"pa_memory-ram-capacity-8gb-de","15":"pa_memory-ram-technology-lpddr4-de","16":"pa_processor-cpu-model-celeron-n4120-processor","17":"pa_storage-capacity-1tb","18":"pa_storage-capacity-1tb-de","19":"pa_storage-capacity-256gb","20":"pa_storage-capacity-256gb-de","21":"pa_storage-capacity-512gb","22":"pa_storage-capacity-512gb-de","23":"pa_storage-technology-m-2-2242-ssd-de","24":"pa_wi-fi-2-4g-5g-dual-band-de","25":"woo-feed-brand-gpd-de","27":"first","28":"outofstock","29":"sale","30":"taxable","31":"shipping-taxable","32":"purchasable","33":"product-type-variable","34":"has-default-attributes"},"acf":[],"aioseo_notices":[],"_links":{"self":[{"href":"https:\/\/gpdstore.net\/de\/wp-json\/wp\/v2\/product\/8500","targetHints":{"allow":["GET"]}}],"collection":[{"href":"https:\/\/gpdstore.net\/de\/wp-json\/wp\/v2\/product"}],"about":[{"href":"https:\/\/gpdstore.net\/de\/wp-json\/wp\/v2\/types\/product"}],"wp:featuredmedia":[{"embeddable":true,"href":"https:\/\/gpdstore.net\/de\/wp-json\/wp\/v2\/media\/10848"}],"wp:attachment":[{"href":"https:\/\/gpdstore.net\/de\/wp-json\/wp\/v2\/media?parent=8500"}],"wp:term":[{"taxonomy":"product_brand","embeddable":true,"href":"https:\/\/gpdstore.net\/de\/wp-json\/wp\/v2\/product_brand?post=8500"},{"taxonomy":"product_cat","embeddable":true,"href":"https:\/\/gpdstore.net\/de\/wp-json\/wp\/v2\/product_cat?post=8500"},{"taxonomy":"product_tag","embeddable":true,"href":"https:\/\/gpdstore.net\/de\/wp-json\/wp\/v2\/product_tag?post=8500"},{"taxonomy":"woo-feed-brand","embeddable":true,"href":"https:\/\/gpdstore.net\/de\/wp-json\/wp\/v2\/woo-feed-brand?post=8500"}],"curies":[{"name":"wp","href":"https:\/\/api.w.org\/{rel}","templated":true}]}}