{"id":8431,"date":"2024-01-23T16:02:24","date_gmt":"2024-01-23T16:02:24","guid":{"rendered":"https:\/\/gpdstore.net\/unkategorisiert\/gpd-win-4-hartschalenkoffer\/"},"modified":"2025-12-23T10:21:46","modified_gmt":"2025-12-23T10:21:46","slug":"gpd-win-4-hardshell-case","status":"publish","type":"product","link":"https:\/\/gpdstore.net\/de\/product\/gpd-win-4-hardshell-case\/","title":{"rendered":"GPD WIN 4 Hartschalenkoffer"},"content":{"rendered":"\n<p>GPD WIN 4 Hardshell Case, bewahren Sie Ihr GPD WIN 4 oder GPD WIN 4 2023 Handheld sicher und gesch\u00fctzt in der stabilen und eleganten Hardshell-Tasche auf. Mit etwas Platz, um Zubeh\u00f6r zusammen mit Ihrem Ger\u00e4t zu verstauen. <\/p>\n","protected":false},"excerpt":{"rendered":"<ul>\n<li>Offizielle GPD WIN 4 Tasche<\/li>\n<li>Platz f\u00fcr Zubeh\u00f6r<\/li>\n<li>Starr &amp; stilvoll<\/li>\n<li>Innen weich gef\u00fcttert<\/li>\n<li>Starkes Hartschalen-\u00c4u\u00dferes<\/li>\n<\/ul>\n[cg_accordion title=\"INFO ZUR BEZAHLUNG\"]<\/p>\n<p>Wir verwenden die neueste Technologie in der Zahlungsabwicklung, die es Ihnen erm\u00f6glicht, \u00fcber Apple Pay, Google Pay, Ihre Debit-\/Kreditkarte, PayPal oder BNPL-Methoden wie Klarna, Affirm oder AfterPay schnell und sicher zu bezahlen.[\/cg_accordion]\n[cg_accordion title=\"GARANTIE\"]<\/p>\n<p>2 Jahre Garantie von <a href=\"https:\/\/droix.net\/\" target=\"_blank\" rel=\"nofollow noopener\">DROIX Global<\/a> f\u00fcr Ihren Seelenfrieden[\/cg_accordion]\n[cg_accordion title=\"PREISE, STEUERN UND VERSAND\"]<\/p>\n<p><strong><u>Anmerkung:<\/u><\/strong><\/p>\n<ul>\n<li>Kunden aus den Vereinigten Staaten: Der angezeigte Preis enth\u00e4lt KEINE STEUERN oder Z\u00f6lle. Die Verantwortung f\u00fcr die Zollabfertigung und die Zahlung aller damit verbundenen Steuern und Abgaben liegt beim Kunden. <\/li>\n<li>EU-Kunden: Der angezeigte Preis enth\u00e4lt die gesetzliche Mehrwertsteuer, die je nach Land bis zu 25% betragen kann.<\/li>\n<li>Kunden aus Kanada: Der angezeigte Preis enth\u00e4lt die anfallenden Steuern, die je nach Provinz 5% GST und zus\u00e4tzliche Provincial Sales Taxes (PST), Harmonized Sales Tax (HST) oder Quebec Sales Tax (QST) umfassen k\u00f6nnen.<\/li>\n<\/ul>\n<p><strong>NUR f\u00fcr EU-Kunden:<\/strong> Express DDP (Delivered Duty Paid). Dies bedeutet: <\/p>\n<ul>\n<li>Alle Zollgeb\u00fchren und Steuern sind in dem auf der Produktseite angegebenen Preis enthalten.<\/li>\n<li>Bei der Zustellung m\u00fcssen Sie keine zus\u00e4tzlichen Geb\u00fchren zahlen.<\/li>\n<li>Im seltenen Fall von Zollproblemen \u00fcbernimmt unser Team die Zollabfertigung in Ihrem Namen, um eine reibungslose Lieferung zu gew\u00e4hrleisten.<\/li>\n<p>Wichtige Informationen \u00fcber R\u00fccksendungen:<\/p>\n<li>Wenn Sie sich entscheiden, Ihre Bestellung zur\u00fcckzusenden oder eine R\u00fcckerstattung zu beantragen, beachten Sie bitte, dass Steuern und Abgaben, die in Ihrem Namen gem\u00e4\u00df den DDP-Bedingungen gezahlt wurden, nicht erstattet werden k\u00f6nnen.<\/li>\n<p>Ausf\u00fchrliche Informationen finden Sie in unseren <a href=\"https:\/\/gpdstore.net\/de\/terms-of-service\/\" target=\"_blank\" rel=\"nofollow noopener\">Allgemeinen Gesch\u00e4ftsbedingungen<\/a>.\n<\/ul>\n<p>[\/cg_accordion]\n[cg_accordion title=\"KUNDENBETREUUNG\"]<\/p>\n<p>Haben Sie eine Frage? Wir sind nur einen kurzen Text davon entfernt, Ihr Problem zu l\u00f6sen!<br \/>\n[\/cg_accordion]\n[cg_accordion title=\"WAS ENTHALTEN IST\"]<\/p>\n<ul>\n<li>1x GPD WIN 4 Hartschalenkoffer<\/li>\n<\/ul>\n<p>[\/cg_accordion]\n","protected":false},"featured_media":11100,"template":"","meta":{"_acf_changed":false},"product_brand":[],"product_cat":[1199],"product_tag":[2100],"woo-feed-brand":[858],"class_list":{"0":"post-8431","1":"product","2":"type-product","3":"status-publish","4":"has-post-thumbnail","6":"product_cat-zubehor","7":"product_tag-gpd-win-4-accessory-de","8":"product_shipping_class-low-end","9":"pa_accessory-type-schutzhulle","10":"pa_brand-gpd","11":"woo-feed-brand-gpd-de","13":"first","14":"outofstock","15":"sale","16":"taxable","17":"shipping-taxable","18":"purchasable","19":"product-type-simple"},"acf":[],"aioseo_notices":[],"_links":{"self":[{"href":"https:\/\/gpdstore.net\/de\/wp-json\/wp\/v2\/product\/8431","targetHints":{"allow":["GET"]}}],"collection":[{"href":"https:\/\/gpdstore.net\/de\/wp-json\/wp\/v2\/product"}],"about":[{"href":"https:\/\/gpdstore.net\/de\/wp-json\/wp\/v2\/types\/product"}],"wp:featuredmedia":[{"embeddable":true,"href":"https:\/\/gpdstore.net\/de\/wp-json\/wp\/v2\/media\/11100"}],"wp:attachment":[{"href":"https:\/\/gpdstore.net\/de\/wp-json\/wp\/v2\/media?parent=8431"}],"wp:term":[{"taxonomy":"product_brand","embeddable":true,"href":"https:\/\/gpdstore.net\/de\/wp-json\/wp\/v2\/product_brand?post=8431"},{"taxonomy":"product_cat","embeddable":true,"href":"https:\/\/gpdstore.net\/de\/wp-json\/wp\/v2\/product_cat?post=8431"},{"taxonomy":"product_tag","embeddable":true,"href":"https:\/\/gpdstore.net\/de\/wp-json\/wp\/v2\/product_tag?post=8431"},{"taxonomy":"woo-feed-brand","embeddable":true,"href":"https:\/\/gpdstore.net\/de\/wp-json\/wp\/v2\/woo-feed-brand?post=8431"}],"curies":[{"name":"wp","href":"https:\/\/api.w.org\/{rel}","templated":true}]}}