{"id":8382,"date":"2024-01-23T13:57:51","date_gmt":"2024-01-23T13:57:51","guid":{"rendered":"https:\/\/gpdstore.net\/unkategorisiert\/usb-4-0-typ-c-kabel\/"},"modified":"2025-12-23T10:22:37","modified_gmt":"2025-12-23T10:22:37","slug":"usb-4-0-type-c-cable","status":"publish","type":"product","link":"https:\/\/gpdstore.net\/de\/product\/usb-4-0-type-c-cable\/","title":{"rendered":"USB 4.0 Typ-C Kabel"},"content":{"rendered":"\n<h3 class=\"wp-block-heading\"><strong>Erh\u00f6hen Sie die Konnektivit\u00e4t mit unserem hochmodernen USB 4.0 Typ-C Kabel<\/strong><br\/><strong>Entdecken Sie die Macht der nahtlosen Konnektivit\u00e4t<\/strong><\/h3>\n\n<h4 class=\"wp-block-heading\"><strong>Entfesseln Sie das Potenzial von Daten<\/strong><\/h4>\n\n<p>Entfesseln Sie das Potenzial von Daten mit unserem revolution\u00e4ren USB 4.0 Typ-C Kabel. Mit einer beeindruckenden Daten\u00fcbertragungsgeschwindigkeit von 40 Gbit\/s sorgt es f\u00fcr schnelle Datei\u00fcbertragungen und macht Schluss mit l\u00e4stigen Verz\u00f6gerungen bei der \u00dcbertragung. <\/p>\n\n<h4 class=\"wp-block-heading\"><strong>Zukunftssichere Kompatibilit\u00e4t<\/strong><\/h4>\n\n<p>Bleiben Sie an der Spitze der Technologie, denn unser Kabel ist mit Thunderbolt 3 und 4 kompatibel. Dies garantiert eine reibungslose Integration mit den neuesten Ger\u00e4ten und sorgt daf\u00fcr, dass Ihre Konnektivit\u00e4tsl\u00f6sung auch in Zukunft auf dem neuesten Stand bleibt. <\/p>\n\n<h4 class=\"wp-block-heading\"><strong>Unerreichte Leistungsabgabe<\/strong><\/h4>\n\n<p>Erleben Sie eine erstklassige Stromversorgung mit unserem USB 4.0 Typ-C-Kabel, das hervorragende 240 W liefert. Das bedeutet schnelleres Aufladen und l\u00e4ngere Betriebszeit des Ger\u00e4ts und damit ununterbrochene Konnektivit\u00e4t. <\/p>\n\n<h4 class=\"wp-block-heading\"><strong>Tauchen Sie ein in au\u00dfergew\u00f6hnliche visuelle Wiedergabetreue<\/strong><\/h4>\n\n<p>Tauchen Sie ein in eine Welt von atemberaubender Klarheit mit Unterst\u00fctzung f\u00fcr bis zu 8K bei 60Hz. Jedes Detail wird mit bemerkenswerter Pr\u00e4zision zum Leben erweckt, und das ist genau das Richtige f\u00fcr alle, die hochaufl\u00f6sende Inhalte erstellen, Gamer und Unterhaltungsliebhaber. <\/p>\n\n<h4 class=\"wp-block-heading\"><strong>Innovativer Bildschirm zur Energienutzung<\/strong><\/h4>\n\n<p>Bleiben Sie \u00fcber den Stromverbrauch auf dem Laufenden mit dem integrierten Bildschirm am USB-Anschluss, der Informationen zum Stromverbrauch in Echtzeit liefert. \u00dcberwachen Sie den Stromverbrauch Ihrer Ger\u00e4te f\u00fcr ein effizienteres und kontrolliertes Ladeerlebnis. <\/p>\n\n<h4 class=\"wp-block-heading\"><strong>Ma\u00dfgeschneiderte L\u00f6sungen f\u00fcr Ihre Anforderungen<\/strong><\/h4>\n\n<p>W\u00e4hlen Sie die L\u00e4nge, die am besten zu Ihrer Einrichtung passt. Zur Auswahl stehen das Standardkabel in 0,8 m und 1,5 m oder das L-f\u00f6rmige Kabel, das ebenfalls in den Varianten 0,8 m und 1,5 m erh\u00e4ltlich ist. Ganz gleich, ob Sie Flexibilit\u00e4t bevorzugen oder eine platzsparende L\u00f6sung ben\u00f6tigen, unser USB 4.0 Typ-C Kabel erf\u00fcllt Ihre Anforderungen an die Konnektivit\u00e4t. <\/p>\n\n<h4 class=\"wp-block-heading\"><strong>Erleben Sie Konnektivit\u00e4t ohne Kompromisse<\/strong><\/h4>\n\n<p>Unser mit Pr\u00e4zision und Fachwissen hergestelltes USB 4.0 Type-C Kabel ist der ultimative Begleiter f\u00fcr Technikbegeisterte, Kreativprofis und Alltagsnutzer, die bei ihren Verbindungsl\u00f6sungen h\u00f6chste Anspr\u00fcche stellen. Entdecken Sie mit dem USB 4.0 Type-C Kabel eine Welt der unbegrenzten M\u00f6glichkeiten. <\/p>\n","protected":false},"excerpt":{"rendered":"<ul>\n<li><strong>40Gbps<\/strong> Daten\u00fcbertragungsgeschwindigkeit<\/li>\n<li>Thunderbolt <strong>3<\/strong> &amp; <strong>4<\/strong><\/li>\n<li>Bis zu <strong>240 W<\/strong> Leistungsabgabe<\/li>\n<li>Unterst\u00fctzt bis zu <strong>8K @ 60Hz<\/strong> Videoausgang<\/li>\n<li>Eingebaute <strong>Watt-Anzeige<\/strong><\/li>\n<\/ul>\n[cg_accordion title=\"INFO ZUR BEZAHLUNG\"]<\/p>\n<p>Wir verwenden die neueste Technologie in der Zahlungsabwicklung, die es Ihnen erm\u00f6glicht, mit Ihrer Debit-\/Kreditkarte oder mit PayPal schnell und sicher zu bezahlen.[\/cg_accordion]\n[cg_accordion title=\"GARANTIE\"]<\/p>\n<p>2 Jahre Garantie von <a href=\"https:\/\/droix.net\/\" target=\"_blank\" rel=\"nofollow noopener\">DROIX Global<\/a> f\u00fcr Ihren Seelenfrieden[\/cg_accordion]\n[cg_accordion title=\"PREISE, STEUERN UND VERSAND\"]<\/p>\n<p><strong><u>Anmerkung:<\/u><\/strong><\/p>\n<ul>\n<li>Kunden aus den Vereinigten Staaten: Der angezeigte Preis enth\u00e4lt KEINE STEUERN oder Z\u00f6lle. Die Verantwortung f\u00fcr die Zollabfertigung und die Zahlung aller damit verbundenen Steuern und Abgaben liegt beim Kunden. <\/li>\n<li>EU-Kunden: Der angezeigte Preis enth\u00e4lt die gesetzliche Mehrwertsteuer, die je nach Land bis zu 25% betragen kann.<\/li>\n<li>Kunden aus Kanada: Der angezeigte Preis enth\u00e4lt die anfallenden Steuern, die je nach Provinz 5% GST und zus\u00e4tzliche Provincial Sales Taxes (PST), Harmonized Sales Tax (HST) oder Quebec Sales Tax (QST) umfassen k\u00f6nnen.<\/li>\n<\/ul>\n<p><strong>NUR f\u00fcr EU-Kunden:<\/strong> Express DDP (Delivered Duty Paid). Dies bedeutet: <\/p>\n<ul>\n<li>Alle Zollgeb\u00fchren und Steuern sind in dem auf der Produktseite angegebenen Preis enthalten.<\/li>\n<li>Bei der Zustellung m\u00fcssen Sie keine zus\u00e4tzlichen Geb\u00fchren zahlen.<\/li>\n<li>Im seltenen Fall von Zollproblemen \u00fcbernimmt unser Team die Zollabfertigung in Ihrem Namen, um eine reibungslose Lieferung zu gew\u00e4hrleisten.<\/li>\n<p>Wichtige Informationen \u00fcber R\u00fccksendungen:<\/p>\n<li>Wenn Sie sich entscheiden, Ihre Bestellung zur\u00fcckzusenden oder eine R\u00fcckerstattung zu beantragen, beachten Sie bitte, dass Steuern und Abgaben, die in Ihrem Namen gem\u00e4\u00df den DDP-Bedingungen gezahlt wurden, nicht erstattet werden k\u00f6nnen.<\/li>\n<p>Ausf\u00fchrliche Informationen finden Sie in unseren <a href=\"https:\/\/droix.net\/terms-and-conditions\/\" target=\"_blank\" rel=\"nofollow noopener\">Allgemeinen Gesch\u00e4ftsbedingungen<\/a>.\n<\/ul>\n<p>[\/cg_accordion]\n[cg_accordion title=\"KUNDENBETREUUNG\"]<\/p>\n<p>Haben Sie eine Frage? Wir sind nur einen kurzen Text davon entfernt, Ihr Problem zu l\u00f6sen! <\/p>\n<p>Ausf\u00fchrliche Informationen finden Sie in unseren <a href=\"https:\/\/gpdstore.net\/de\/terms-of-service\/\" target=\"_blank\" rel=\"nofollow noopener\">Allgemeinen Gesch\u00e4ftsbedingungen<\/a>.\n<\/ul>\n<p>[\/cg_accordion]\n[cg_accordion title=\"WAS ENTHALTEN IST\"]<\/p>\n<ul>\n<li>1x USB 4.0 Typ-C Kabel<\/li>\n<\/ul>\n<p>[\/cg_accordion]\n","protected":false},"featured_media":10963,"template":"","meta":{"_acf_changed":false},"product_brand":[],"product_cat":[1199],"product_tag":[12558,4547],"woo-feed-brand":[2447],"class_list":{"0":"post-8382","1":"product","2":"type-product","3":"status-publish","4":"has-post-thumbnail","6":"product_cat-zubehor","7":"product_tag-40bfsale-de","8":"product_tag-allgemeines-zubehor","9":"product_shipping_class-low-end","10":"pa_accessory-type-kabel-de","11":"pa_i-o-video-1x-uber-usb-4-0-typ-c-dp-8k60hz","12":"woo-feed-brand-droix-de","14":"first","15":"outofstock","16":"sale","17":"taxable","18":"shipping-taxable","19":"purchasable","20":"product-type-variable","21":"has-default-attributes"},"acf":[],"aioseo_notices":[],"_links":{"self":[{"href":"https:\/\/gpdstore.net\/de\/wp-json\/wp\/v2\/product\/8382","targetHints":{"allow":["GET"]}}],"collection":[{"href":"https:\/\/gpdstore.net\/de\/wp-json\/wp\/v2\/product"}],"about":[{"href":"https:\/\/gpdstore.net\/de\/wp-json\/wp\/v2\/types\/product"}],"wp:featuredmedia":[{"embeddable":true,"href":"https:\/\/gpdstore.net\/de\/wp-json\/wp\/v2\/media\/10963"}],"wp:attachment":[{"href":"https:\/\/gpdstore.net\/de\/wp-json\/wp\/v2\/media?parent=8382"}],"wp:term":[{"taxonomy":"product_brand","embeddable":true,"href":"https:\/\/gpdstore.net\/de\/wp-json\/wp\/v2\/product_brand?post=8382"},{"taxonomy":"product_cat","embeddable":true,"href":"https:\/\/gpdstore.net\/de\/wp-json\/wp\/v2\/product_cat?post=8382"},{"taxonomy":"product_tag","embeddable":true,"href":"https:\/\/gpdstore.net\/de\/wp-json\/wp\/v2\/product_tag?post=8382"},{"taxonomy":"woo-feed-brand","embeddable":true,"href":"https:\/\/gpdstore.net\/de\/wp-json\/wp\/v2\/woo-feed-brand?post=8382"}],"curies":[{"name":"wp","href":"https:\/\/api.w.org\/{rel}","templated":true}]}}