{"id":8303,"date":"2023-11-17T17:45:40","date_gmt":"2023-11-17T17:45:40","guid":{"rendered":"https:\/\/gpdstore.net\/unkategorisiert\/gpd-win-mini-spiele-handheld-pc\/"},"modified":"2025-12-19T16:26:42","modified_gmt":"2025-12-19T16:26:42","slug":"gpd-win-mini","status":"publish","type":"product","link":"https:\/\/gpdstore.net\/de\/product\/gpd-win-mini\/","title":{"rendered":"GPD WIN Mini-Spiele-Handheld-PC"},"content":{"rendered":"\n<figure class=\"wp-block-video\"><video controls=\"\" src=\"https:\/\/gpdstore.net\/wp-content\/uploads\/2024\/05\/86a7687b-c392-4721-a97b-82e6dfa14b0d-3.mp4\"><\/video><\/figure>\n\n<div class=\"wp-block-columns is-layout-flex wp-container-core-columns-is-layout-28f84493 wp-block-columns-is-layout-flex\">\n<div class=\"wp-block-column is-layout-flow wp-block-column-is-layout-flow\" style=\"flex-basis:33.33%\">\n<figure class=\"wp-block-image size-full\"><img fetchpriority=\"high\" decoding=\"async\" width=\"640\" height=\"640\" src=\"https:\/\/gpdstore.net\/wp-content\/uploads\/2024\/03\/4ebac7a0-58e9-47ef-a036-783efd2a5e00._CR00640640_.jpg\" alt=\"gpd win mini 2024\" class=\"wp-image-1650\" srcset=\"https:\/\/gpdstore.net\/wp-content\/uploads\/2024\/03\/4ebac7a0-58e9-47ef-a036-783efd2a5e00._CR00640640_.jpg 640w, https:\/\/gpdstore.net\/wp-content\/uploads\/2024\/03\/4ebac7a0-58e9-47ef-a036-783efd2a5e00._CR00640640_-600x600.jpg 600w, https:\/\/gpdstore.net\/wp-content\/uploads\/2024\/03\/4ebac7a0-58e9-47ef-a036-783efd2a5e00._CR00640640_-150x150.jpg 150w, https:\/\/gpdstore.net\/wp-content\/uploads\/2024\/03\/4ebac7a0-58e9-47ef-a036-783efd2a5e00._CR00640640_-441x441.jpg 441w, https:\/\/gpdstore.net\/wp-content\/uploads\/2024\/03\/4ebac7a0-58e9-47ef-a036-783efd2a5e00._CR00640640_-100x100.jpg 100w\" sizes=\"(max-width: 640px) 100vw, 640px\" \/><\/figure>\n<\/div>\n\n\n\n<div class=\"wp-block-column is-layout-flow wp-block-column-is-layout-flow\" style=\"flex-basis:66.66%\">\n<h2 class=\"wp-block-heading\"><strong>GPD WIN Mini (2023 Edition) &#8211; AMD Ryzen 7 7840U Handheld Gaming PC | 7&#8243; 120Hz LTPS Screen | 32GB\/64GB LPDDR5 | OcuLink SGLM Support &#8211; Best Value UMPC<\/strong><\/h2>\n\n\n\n<p>Why pay 2025 flagship prices? The GPD WIN Mini (2023 Edition) remains the ultimate &#8220;Silicon Sweet Spot.&#8221; Powered by the legendary AMD Ryzen 7 7840U, it delivers the perfect balance of Zen 4 power and portability for gamers who demand elite performance without the &#8220;Strix Point&#8221; premium. This Mobile Gaming PC redefines on-the-go gaming by seamlessly integrating the raw power of top-tier hardware into a form factor that comfortably nestles in the palm of your hand. Brace yourself for unparalleled gaming adventures with the GPD WIN Mini, your portal to gaming excellence in a compact, lightweight, and formidable package.<\/p>\n<\/div>\n<\/div>\n\n<h2 class=\"wp-block-heading has-text-align-center\">Pr\u00e4zision trifft auf Tragbarkeit: Die fortschrittlichen Bedienelemente und das Clamshell-Design des GPD WIN Mini<\/h2>\n\n<div class=\"wp-block-columns is-layout-flex wp-container-core-columns-is-layout-28f84493 wp-block-columns-is-layout-flex\">\n<div class=\"wp-block-column is-layout-flow wp-block-column-is-layout-flow\">\n<figure class=\"wp-block-image size-full\"><img decoding=\"async\" width=\"300\" height=\"300\" src=\"https:\/\/gpdstore.net\/wp-content\/uploads\/2024\/03\/cc2489ee-271a-4803-836e-eb3326d46fd8.__CR1310638638_PT0_SX300_V1___-1.png\" alt=\"GPD Win Mini Joysticks\" class=\"wp-image-1652\" srcset=\"https:\/\/gpdstore.net\/wp-content\/uploads\/2024\/03\/cc2489ee-271a-4803-836e-eb3326d46fd8.__CR1310638638_PT0_SX300_V1___-1.png 300w, https:\/\/gpdstore.net\/wp-content\/uploads\/2024\/03\/cc2489ee-271a-4803-836e-eb3326d46fd8.__CR1310638638_PT0_SX300_V1___-1-150x150.png 150w, https:\/\/gpdstore.net\/wp-content\/uploads\/2024\/03\/cc2489ee-271a-4803-836e-eb3326d46fd8.__CR1310638638_PT0_SX300_V1___-1-100x100.png 100w\" sizes=\"(max-width: 300px) 100vw, 300px\" \/><\/figure>\n\n\n\n<h3 class=\"wp-block-heading\"><strong><strong>Null tote Zonen:<\/strong> 37,5% bessere Genauigkeit mit Hall-Effekt-Mini-Joysticks.<\/strong><\/h3>\n\n\n\n<p>Die eingebauten Hall-Effekt-Mini-Joysticks verf\u00fcgen \u00fcber ein versenktes Design mit Druckunterst\u00fctzung f\u00fcr L3 und R3 und sind stufenlos einstellbar und superlinear. Nach der Kalibrierung haben die Hall-Effekt-Joysticks im Vergleich zu Standard-Joysticks eine um 37,5 % bzw. 25 % verbesserte R\u00fccklaufgenauigkeit und Pr\u00e4zision bei der Spannungsteilung, wodurch das Auftreten von toten Zonen im Mittelpunkt fast vollst\u00e4ndig vermieden wird. <\/p>\n<\/div>\n\n\n\n<div class=\"wp-block-column is-layout-flow wp-block-column-is-layout-flow\">\n<figure class=\"wp-block-image size-full\"><img decoding=\"async\" src=\"https:\/\/gpdstore.net\/wp-content\/uploads\/\" alt=\"GPD Win Mini L2 R2\" class=\"wp-image-1654\"\/><\/figure>\n\n\n\n<h3 class=\"wp-block-heading\"><strong><strong>Immersiver Realismus:<\/strong> Simulation von Schie\u00dfen und Beschleunigung mit linear-analogen L2\/R2-Ausl\u00f6sern.<\/strong><\/h3>\n\n\n\n<p>Im Vergleich zum WIN 2 wurden die L2\/R2-Trigger des WIN Mini in lineare analoge Trigger-Tasten umgewandelt, die die Reaktion der Tasten bei unterschiedlichen Intensit\u00e4ten genau simulieren und pr\u00e4zises Schie\u00dfen, Beschleunigen und andere Operationen erm\u00f6glichen. Dies sorgt f\u00fcr ein realistischeres Erlebnis der dynamischen Ver\u00e4nderungen in Spielen, eine komfortable Nutzung des Controllers und eine erh\u00f6hte Immersion und Spielbarkeit in Spielen. <\/p>\n<\/div>\n\n\n\n<div class=\"wp-block-column is-layout-flow wp-block-column-is-layout-flow\">\n<figure class=\"wp-block-image size-full\"><img decoding=\"async\" width=\"300\" height=\"300\" src=\"https:\/\/gpdstore.net\/wp-content\/uploads\/2024\/05\/81bbfc87-3418-4c8a-90fa-bd4c521a3eba.__CR1710559559_PT0_SX300_V1___-1.png\" alt=\"GPD Win Mini SSD\" class=\"wp-image-1655\" srcset=\"https:\/\/gpdstore.net\/wp-content\/uploads\/2024\/05\/81bbfc87-3418-4c8a-90fa-bd4c521a3eba.__CR1710559559_PT0_SX300_V1___-1.png 300w, https:\/\/gpdstore.net\/wp-content\/uploads\/2024\/05\/81bbfc87-3418-4c8a-90fa-bd4c521a3eba.__CR1710559559_PT0_SX300_V1___-1-150x150.png 150w, https:\/\/gpdstore.net\/wp-content\/uploads\/2024\/05\/81bbfc87-3418-4c8a-90fa-bd4c521a3eba.__CR1710559559_PT0_SX300_V1___-1-65x65.png 65w, https:\/\/gpdstore.net\/wp-content\/uploads\/2024\/05\/81bbfc87-3418-4c8a-90fa-bd4c521a3eba.__CR1710559559_PT0_SX300_V1___-1-100x100.png 100w\" sizes=\"(max-width: 300px) 100vw, 300px\" \/><\/figure>\n\n\n\n<h3 class=\"wp-block-heading\"><strong><strong>Null Verz\u00f6gerung: Eliminieren Sie Ladezeiten mit bis zu 4 TB PCIe 4.0 SSD-Speicher.<\/strong><\/strong><\/h3>\n\n\n\n<p>Der AMD Ryzen 7 7840U unterst\u00fctzt die PCIe Gen4 Spezifikation mit einem theoretischen maximalen Durchsatz von bis zu 7.877GB\/s. Die offizielle Konfiguration beinhaltet eine 512GB bis 2TB WD SN740 M.2 2230 SSD (PCIe Gen4), mit einer gemessenen sequentiellen Lese- und Schreibgeschwindigkeit von bis zu 5150MB\/s und ist unbegrenzt erweiterbar.  <br\/><\/p>\n<\/div>\n<\/div>\n\n<h2 class=\"wp-block-heading has-text-align-center\">Das volle Potenzial freisetzen: Konnektivit\u00e4t, Individualisierung und \u00d6kosystem<\/h2>\n\n<div class=\"wp-block-columns is-layout-flex wp-container-core-columns-is-layout-28f84493 wp-block-columns-is-layout-flex\">\n<div class=\"wp-block-column is-layout-flow wp-block-column-is-layout-flow\" style=\"flex-basis:33.33%\">\n<figure class=\"wp-block-image size-full\"><img loading=\"lazy\" decoding=\"async\" width=\"300\" height=\"300\" src=\"https:\/\/gpdstore.net\/wp-content\/uploads\/2024\/03\/49ca9adf-2d79-4de3-8125-bfa7036712ac.__CR00742742_PT0_SX300_V1___.png\" alt=\"65W\" class=\"wp-image-1656\" srcset=\"https:\/\/gpdstore.net\/wp-content\/uploads\/2024\/03\/49ca9adf-2d79-4de3-8125-bfa7036712ac.__CR00742742_PT0_SX300_V1___.png 300w, https:\/\/gpdstore.net\/wp-content\/uploads\/2024\/03\/49ca9adf-2d79-4de3-8125-bfa7036712ac.__CR00742742_PT0_SX300_V1___-150x150.png 150w, https:\/\/gpdstore.net\/wp-content\/uploads\/2024\/03\/49ca9adf-2d79-4de3-8125-bfa7036712ac.__CR00742742_PT0_SX300_V1___-65x65.png 65w, https:\/\/gpdstore.net\/wp-content\/uploads\/2024\/03\/49ca9adf-2d79-4de3-8125-bfa7036712ac.__CR00742742_PT0_SX300_V1___-100x100.png 100w\" sizes=\"(max-width: 300px) 100vw, 300px\" \/><\/figure>\n<\/div>\n\n\n\n<div class=\"wp-block-column is-layout-flow wp-block-column-is-layout-flow\" style=\"flex-basis:66.66%\">\n<h3 class=\"wp-block-heading\"><br\/><br\/>Voll ausgestatteter Typ-C-Anschluss<\/h3>\n\n\n\n<p>Wenn der USB4-Anschluss verwendet wird, kann das WIN Mini \u00fcber diesen voll ausgestatteten Typ-C-Anschluss mit einer Bandbreite von 10 Gbps (USB 3.2 Gen 2) und Unterst\u00fctzung f\u00fcr ein externes 8K@60Hz-Display weiterhin laden und Audio-, Video- und Datendaten \u00fcbertragen.<\/p>\n<\/div>\n<\/div>\n\n<h2 class=\"wp-block-heading\"><strong>Entfesseln Sie un\u00fcbertroffene Verarbeitungsf\u00e4higkeiten: AMD Ryzen Dominanz<\/strong><\/h2>\n\n<p>Zen 4 Performance: The Legendary 7840U &#8220;Phoenix&#8221;<\/p>\n\n<p>The Emulation King: Native AVX-512 support makes the 7840U faster than many newer chips for PS3 (RPCS3) and Xbox 360 (Xenia) emulation.<\/p>\n\n<p>Radeon 780M + AFMF 2: Boost your frame rates in AAA titles like <em>Cyberpunk 2077<\/em> using the latest AMD Fluid Motion Frames software.<\/p>\n\n<p>64GB LPDDR5 Power: One of the few ultra-portables offering massive RAM configurations for heavy multitasking and virtualization.<\/p>\n\n<p>This Portable Gaming PC fearlessly tackles the most demanding gaming titles and resource-intensive applications, showcasing unparalleled prowess. Immerse yourself in seamless multitasking, accelerated load times, and ultra-smooth gameplay as you traverse the expansive gaming universe on the go.<\/p>\n\n<p>The AMD Ryzen 7 7840U remains a fan favorite in 2025 for its incredible efficiency-to-power ratio.<\/p>\n\n<h2 class=\"wp-block-heading\"><strong>Visuelle Eindr\u00fccke jenseits der Realit\u00e4t: AMD Radeon Grafiken<\/strong><\/h2>\n\n<p>Die AMD Radeon-Grafikkarte im GPD WIN Mini sorgt f\u00fcr Spiele, die \u00fcber die Realit\u00e4t hinausgehen. Die <g id=\"gid_0\">AMD Radeon 780M<\/g> (Modell 7840U) mit 12 Compute Units und einer Taktrate von bis zu 2700 MHz oder die AMD Radeon 760M (Modell 7640U) mit 8 Compute Units und einer Taktrate von bis zu 2600 MHz liefern atemberaubend realistische Grafiken und extrem reaktionsschnelle Framerates. Tauchen Sie ein in \u00fcppige Landschaften, realistische Umgebungen und explosive Action &#8211; alles auf der handtellergro\u00dfen Leinwand dieses tragbaren Spielewunders.  <\/p>\n\n<h2 class=\"wp-block-heading\"><strong>Unbegrenzter Arbeitsspeicher und Speicherplatz: Geballte Leistung<\/strong><\/h2>\n\n<p>Gehen Sie keine Kompromisse ein, wenn es um Arbeitsspeicher und Speicher geht. Das GPD WIN Mini bietet zwei RAM-Optionen: 64 GB <a href=\"https:\/\/en.wikipedia.org\/wiki\/LPDDR\">LPDDR5<\/a> 6400MT\/s beim Modell 7840U oder 16 GB LPDDR5 6400 MT\/s beim Modell 7640U. Damit sind Sie auch f\u00fcr die intensivsten Multitasking-Szenarien bestens ger\u00fcstet. Mit Speicheroptionen bis zu kolossalen 2 TB PCIe 4.0 x 4 NVMe 1.3\/1.4 haben Sie reichlich Platz f\u00fcr Ihre umfangreiche Spielebibliothek, Multimedia-Dateien und mehr. Keine Kompromisse mehr, nur schiere Leistung in Reichweite.    <\/p>\n\n<h2 class=\"wp-block-heading\"><strong>Erh\u00f6hte visuelle Meisterleistung: Enth\u00fcllung des 7-Zoll 120Hz High-Refresh-Rate Gaming-Bildschirms<\/strong><\/h2>\n\n<p>Tauchen Sie ein in ein Reich der visuellen Perfektion mit dem revolution\u00e4ren 7-Zoll-Gaming-Display, einer Symphonie aus LTPS-Technologie und einer atemberaubenden 120Hz High-Refresh-Rate. Umh\u00fcllt von der sechsten Generation des Corning Gorilla Glass, besticht dieser Bildschirm durch k\u00fcrzere Reaktionszeiten, w\u00e4hrend die AF+AR Anti-Glare-Beschichtung f\u00fcr ein reflexionsfreies Display sorgt, das eine strahlende Helligkeit von 500 cd\/m\u00b2 bietet. Die 1080P-Aufl\u00f6sung zeichnet jedes Pixel akribisch nach, w\u00e4hrend die Option, zwischen 60Hz und 120Hz Bildwiederholfrequenz umzuschalten, Ihr visuelles Erlebnis formt. Bei 314 PPI konvergieren Sch\u00e4rfe und Immersion, und die Innovation h\u00f6rt nicht auf &#8211; DC-Dimming sorgt f\u00fcr flimmerfreien Genuss der Wunder der Spielewelt.   <\/p>\n\n<h2 class=\"wp-block-heading\"><strong>Laden Sie Ihren GPD WIN Mini mit der GPD G1 eGPU Docking Station auf<\/strong><\/h2>\n\n<p>Die GPD G1 eGPU-Dockingstation mit Grafikkarte definiert die Gaming-Leistung mit ihrer AMD Radeon RX 7600M XT-GPU mit RDNA 3.0-Architektur neu und sorgt f\u00fcr atemberaubende Grafik und fl\u00fcssiges Gameplay. Mit 8 GB GDDR6 RAM wird Multitasking nahtlos m\u00f6glich, und blitzschnelle Ladezeiten sorgen f\u00fcr ein noch besseres Spielerlebnis. Seine <a href=\"https:\/\/droix.net\/blogs\/oculink-transforming-graphics-card-connectivity\/\">OCuLink-<\/a> und USB 4-Kompatibilit\u00e4t gew\u00e4hrleistet vielseitige Anschlussm\u00f6glichkeiten f\u00fcr verschiedene Ger\u00e4te, einschlie\u00dflich des GPD WIN Mini, w\u00e4hrend mehrere Grafik- und Videoanschl\u00fcsse den Anschluss von drei externen Bildschirmen f\u00fcr ein realistisches Setup erm\u00f6glichen. Das aktive K\u00fchlsystem des GPD G1 sorgt auch bei intensiven Sessions f\u00fcr optimale Leistung.   <\/p>\n\n<h2 class=\"wp-block-heading\"><strong>Gaming-Steuerungen: Eine Revolution der Pr\u00e4zision<\/strong><\/h2>\n\n<p>Der GPD WIN Mini bringt die Spielsteuerung auf die n\u00e4chste Stufe. Duale Hall-Effekt-Joysticks sorgen f\u00fcr pr\u00e4zise und reaktionsschnelle Eingaben, w\u00e4hrend das unendliche, ultralineare Design tote Zonen ausmerzt und daf\u00fcr sorgt, dass jede Bewegung z\u00e4hlt. Wenn Sie die L3\/R3-Funktion gedr\u00fcckt halten, erhalten Sie eine zus\u00e4tzliche Ebene der Kontrolle. Die Tasten L2 und R2 f\u00fcr den linearen Analogausl\u00f6ser bieten eine un\u00fcbertroffene Empfindlichkeit, mit der Sie Ihre Aktionen fein abstimmen k\u00f6nnen. Mit den zus\u00e4tzlichen programmierbaren Makrotasten, dem klassischen D-Pad und den Men\u00fctasten k\u00f6nnen Sie Ihr Spielerlebnis bis ins kleinste Detail anpassen.    <\/p>\n\n<h2 class=\"wp-block-heading\"><strong>Erweitertes Eingabeerlebnis: Hervorragende Tastatur und Touchpad<\/strong><\/h2>\n\n<p>Mit seiner QWERTY-Volltastatur mit Scherentasten und Hintergrundbeleuchtung geht der GPD WIN Mini Handheld-Gaming-Computer \u00fcber das reine Spielen hinaus. Es verwandelt sich unterwegs in ein Produktivit\u00e4tskraftwerk, mit dem Sie nahtlos zwischen Arbeit und Spiel wechseln k\u00f6nnen. Das Pr\u00e4zisions-Touchpad mit Unterst\u00fctzung f\u00fcr bis zu 4-Finger-Gesten bietet eine neue Ebene der Kontrolle, ob Sie nun durch Men\u00fcs navigieren oder Dokumente bearbeiten. Bei diesem tragbaren Gaming-PC geht es nicht nur um Spiele, sondern um die Verbesserung Ihres gesamten tragbaren Computererlebnisses.   <\/p>\n\n<h2 class=\"wp-block-heading\"><strong>Immersive audiovisuelle Medien: DTS:X Ultra Sound Effekte<\/strong><\/h2>\n\n<p>Bereiten Sie sich auf ein beeindruckendes audiovisuelles Erlebnis vor, das alle Erwartungen \u00fcbertrifft. Der GPD WIN Mini verf\u00fcgt \u00fcber zwei integrierte hyperlineare Lautsprecher, die durch <a href=\"DTS:X%20Ultra%20Sound%20Effekte\">DTS:X Ultra Sound Effects<\/a> erg\u00e4nzt werden. Diese Effekte simulieren das Klangerlebnis einer physischen 7.1-Kanal-Anlage und lassen Sie in jedes Ger\u00e4usch eintauchen, egal ob es sich um das Rascheln von Bl\u00e4ttern oder das explosive Dr\u00f6hnen von Sch\u00fcssen handelt. Dank der Unterst\u00fctzung von Kopfh\u00f6rern und Lautsprechern ist Ihnen ein H\u00f6rerlebnis garantiert, das dem visuellen Spektakel in nichts nachsteht.   <\/p>\n\n<h2 class=\"wp-block-heading\"><strong>Grenz\u00fcberschreitende Konnektivit\u00e4t: Wi-Fi 6 und Bluetooth 5.2<\/strong><\/h2>\n\n<p>Bleiben Sie in Verbindung, egal wohin Ihre Gaming-Reise Sie f\u00fchrt. Das GPD WIN Mini unterst\u00fctzt Wi-Fi 6 IEEE 802.11 a\/b\/g\/n\/ac\/ax mit 2.4G\/5G Dual-Frequenzband-Unterst\u00fctzung und einer maximalen Dual-Kanal-\u00dcbertragungsrate von 2402Mbps. Dies gew\u00e4hrleistet reibungslose Online-Spiele, schnelle Downloads und nahtloses Streaming. Mit Bluetooth 5.2 k\u00f6nnen Sie ganz einfach Peripherieger\u00e4te, Kopfh\u00f6rer und vieles mehr anschlie\u00dfen, was diesen Compact Gaming PC zu Ihrem ultimativen mobilen Gaming-Hub macht.   <\/p>\n\n<h2 class=\"wp-block-heading\"><strong>Vielseitige E\/A-Schnittstellen: USB4 und USB 3.2 Gen 2 Typ-C<\/strong><\/h2>\n\n<p>Der GPD WIN Mini ist mit einer Vielzahl von E\/A-Schnittstellen ausgestattet, darunter ein extrem schneller USB4-Anschluss mit Geschwindigkeiten von bis zu 40 Gbit\/s. Dar\u00fcber hinaus bietet der USB 3.2 Gen 2 Type-C-Anschluss Geschwindigkeiten von bis zu 10 Gbit\/s und sorgt so f\u00fcr blitzschnelle Daten\u00fcbertragungen und reibungslose Peripherieanbindung. Der OCuLink (SFF-8612)-Anschluss verleiht diesem tragbaren Gaming-Computer noch mehr Vielseitigkeit und macht ihn zu einem Knotenpunkt f\u00fcr alle Ihre Anschlussanforderungen.  <\/p>\n\n<h2 class=\"wp-block-heading\"><strong>Erweiterbarer Speicher: microSD-Steckplatz f\u00fcr zus\u00e4tzlichen Komfort<\/strong><\/h2>\n\n<p>Das GPD WIN Mini ist nicht nur mit reichlich internem Speicher ausgestattet. Sie verf\u00fcgt \u00fcber einen microSD-Steckplatz mit SD 3.0-Protokoll, der die UHS-I-Busschnittstelle, die Video Speed Class V30 und eine beeindruckende I\/O-Leistung unterst\u00fctzt. Mit einer theoretischen Lesegeschwindigkeit von 160 MB\/s und einer Schreibgeschwindigkeit von 120 MB\/s k\u00f6nnen Sie Ihren Speicher unterwegs m\u00fchelos erweitern. Dank der Kompatibilit\u00e4t mit microSDHC-, microSDXC- und microSDUC-Karten k\u00f6nnen Sie Ihre Medien, Dokumente und Dateien problemlos transportieren.   <\/p>\n\n<h2 class=\"wp-block-heading\"><strong>Lange Spielsitzungen: Langlebige Batterie<\/strong><\/h2>\n\n<p>Spielen Sie \u00fcber einen l\u00e4ngeren Zeitraum, ohne sich Sorgen machen zu m\u00fcssen, dass der Akku leer wird. Der GPD WIN Mini ist mit einem 44,24-Wh-Lithium-Polymer-Akku ausgestattet, der sich an Ihre Nutzung anpasst. Ganz gleich, ob Sie in intensive Spielesessions vertieft sind oder Arbeitsaufgaben bew\u00e4ltigen m\u00fcssen, die Akkulaufzeit wird Sie nicht entt\u00e4uschen. Erleben Sie bis zu 3 Stunden bei intensiver Nutzung, 6-8 Stunden bei moderater Nutzung oder beeindruckende 14 Stunden bei leichter Nutzung, je nach Ihrem spezifischen Nutzungsszenario.   <\/p>\n\n<h2 class=\"wp-block-heading\"><strong>F\u00fcr die Eleganz gemacht: Rostfarbenes Clamshell-Design<\/strong><\/h2>\n\n<p>Der GPD WIN Mini ist nicht nur ein Kraftpaket in Sachen Leistung, sondern auch ein Meisterwerk in Sachen Design. Das rostfarbene, aus einer hochwertigen Aluminiumlegierung gefertigte Clamshell-Design strahlt nicht nur Eleganz aus, sondern garantiert auch Langlebigkeit. Dank des kompakten Formfaktors von 6,6 x 4,2 x 1,02 Zoll (16,8\u00d710,9\u00d72,6 cm) und des geringen Gewichts von nur 520 g l\u00e4sst es sich leicht in Ihre Tasche stecken und sorgt daf\u00fcr, dass Sie Ihre Spiele immer in Reichweite haben.  <\/p>\n\n<h2 class=\"wp-block-heading\"><strong>Warum Sie sich f\u00fcr den GPD WIN Mini entscheiden sollten<\/strong><\/h2>\n\n<p>Zusammenfassend l\u00e4sst sich sagen, dass der GPD WIN Mini Portable Gaming PC nicht einfach nur ein Gaming-Ger\u00e4t ist, sondern ein tragbares Kraftpaket, das kompromisslose Leistung, au\u00dfergew\u00f6hnliche Vielseitigkeit und ein immersives Spielerlebnis garantiert, das alle Erwartungen \u00fcbertrifft. Mit erstklassiger Hardware, durchdachtem Design und einem Formfaktor, der Portabilit\u00e4t neu definiert, ist dieser kompakte Gaming-PC Ihr Zugang zu gro\u00dfartigem Gaming f\u00fcr unterwegs. Erweitern Sie Ihren Gaming-Lifestyle mit dem GPD WIN Mini und begeben Sie sich auf eine Reise, die die Grenzen zwischen Realit\u00e4t und virtuellen Welten verwischt.  <\/p>\n\n<h3 class=\"wp-block-heading\"><strong>Order Your GPD WIN Mini \u2013 In Stock &amp; Ready to Ship<\/strong><\/h3>\n\n<p>Secure the best-value ultra-portable on the market. Get flagship power without the flagship price tag.<\/p>\n\n<ul class=\"wp-block-list\">\n<li>Authentic GPD Product: Guaranteed genuine Zen 4 hardware.<\/li>\n\n\n\n<li>12-Month Official Warranty: Full support for your high-performance investment.<\/li>\n\n\n\n<li>Global Express Shipping: Tracked and insured delivery to your door.<\/li>\n<\/ul>\n\n<p>Lesen Sie <a href=\"https:\/\/droix.net\/blogs\/gpd-win-mini-review\/\">hier<\/a> unseren vollst\u00e4ndigen GPD WIN Mini Test. Sind Sie an der GPD G1 eGPU-Dockingstation interessiert, um Ihre Spieleleistung zu verbessern? Lesen Sie <a href=\"https:\/\/droix.net\/blogs\/gpd-g1-egpu-docking-station-review\/\">hier<\/a> unseren ausf\u00fchrlichen Testbericht zur GPD G1 eGPU-Dockingstation.<\/p>\n","protected":false},"excerpt":{"rendered":"<ul>\n<li>CPU: AMD Ryzen 5 \/ 7<strong> 7640U \/ 7840U <\/strong> <\/li>\n<li>GPU: AMD Radeon<strong> 760M \/ 780M<\/strong><\/li>\n<li>RAM: bis zu<strong> 64GB LPDDR5 @ 6400 MT\/s<\/strong><\/li>\n<li>SPEICHER: bis zu<strong> 2TB<\/strong> <strong>Gen 4<\/strong> PCI-E NVMe SSD<\/li>\n<li>CONNECTIVITY: Wi-Fi<strong> 6<\/strong> &amp; Bluetooth <strong>5.2<\/strong> Unterst\u00fctzung<\/li>\n<\/ul>\n[cg_accordion title=\"INFO ZUR BEZAHLUNG\"]<\/p>\n<p>Wir verwenden die neueste Technologie in der Zahlungsabwicklung, die es Ihnen erm\u00f6glicht, mit Ihrer Debit-\/Kreditkarte oder mit PayPal schnell und sicher zu bezahlen.[\/cg_accordion]\n[cg_accordion title=\"GARANTIE\"]<\/p>\n<p>2 Jahre Garantie von <a href=\"https:\/\/droix.net\/\" target=\"_blank\" rel=\"nofollow noopener\">DROIX Global<\/a> f\u00fcr Ihren Seelenfrieden[\/cg_accordion]\n[cg_accordion title=\"QUALIT\u00c4TSSICHERUNG &amp; TESTS VOR DER AUSLIEFERUNG\"]<\/p>\n<p>Sicherstellung der Kundenzufriedenheit auf h\u00f6chstem Niveau: Jedes Ger\u00e4t wird vor der Auslieferung strengen Tests und einer mehrstufigen Qualit\u00e4tskontrolle unterzogen. Unser engagiertes Team pr\u00fcft die Leistung, Funktionalit\u00e4t und Integrit\u00e4t der Komponenten, um zu gew\u00e4hrleisten, dass Ihr GPD-Ger\u00e4t bei der Ankunft in einwandfreiem Zustand ist und Sie sich darauf verlassen k\u00f6nnen. [\/cg_accordion]\n[cg_accordion title=\"PREISE, STEUERN UND VERSAND\"]<\/p>\n<p><strong><u>Anmerkung:<\/u><\/strong><\/p>\n<ul>\n<li>Kunden aus den Vereinigten Staaten: Der angezeigte Preis enth\u00e4lt KEINE STEUERN oder Z\u00f6lle. Die Verantwortung f\u00fcr die Zollabfertigung und die Zahlung aller damit verbundenen Steuern und Abgaben liegt beim Kunden. <\/li>\n<li>EU-Kunden: Der angezeigte Preis enth\u00e4lt die gesetzliche Mehrwertsteuer, die je nach Land bis zu 25% betragen kann.<\/li>\n<li>Kunden aus Kanada: Der angezeigte Preis enth\u00e4lt die anfallenden Steuern, die je nach Provinz 5% GST und zus\u00e4tzliche Provincial Sales Taxes (PST), Harmonized Sales Tax (HST) oder Quebec Sales Tax (QST) umfassen k\u00f6nnen.<\/li>\n<\/ul>\n<p><strong>NUR f\u00fcr EU-Kunden:<\/strong> Express DDP (Delivered Duty Paid). Dies bedeutet: <\/p>\n<ul>\n<li>Alle Zollgeb\u00fchren und Steuern sind in dem auf der Produktseite angegebenen Preis enthalten.<\/li>\n<li>Bei der Zustellung m\u00fcssen Sie keine zus\u00e4tzlichen Geb\u00fchren zahlen.<\/li>\n<li>Im seltenen Fall von Zollproblemen \u00fcbernimmt unser Team die Zollabfertigung in Ihrem Namen, um eine reibungslose Lieferung zu gew\u00e4hrleisten.<\/li>\n<p>Wichtige Informationen \u00fcber R\u00fccksendungen:<\/p>\n<li>Wenn Sie sich entscheiden, Ihre Bestellung zur\u00fcckzusenden oder eine R\u00fcckerstattung zu beantragen, beachten Sie bitte, dass Steuern und Abgaben, die in Ihrem Namen gem\u00e4\u00df den DDP-Bedingungen gezahlt wurden, nicht erstattet werden k\u00f6nnen.<\/li>\n<p>Ausf\u00fchrliche Informationen finden Sie in unseren <a href=\"https:\/\/droix.net\/terms-and-conditions\/\" target=\"_blank\" rel=\"nofollow noopener\">Allgemeinen Gesch\u00e4ftsbedingungen<\/a>.\n<\/ul>\n<p>[\/cg_accordion]\n[cg_accordion title=\"KUNDENBETREUUNG\"]<\/p>\n<p>Haben Sie eine Frage? Wir sind nur einen kurzen Text davon entfernt, Ihr Problem zu l\u00f6sen! <\/p>\n<p>Ausf\u00fchrliche Informationen finden Sie in unseren <a href=\"https:\/\/gpdstore.net\/de\/terms-of-service\/\" target=\"_blank\" rel=\"nofollow noopener\">Allgemeinen Gesch\u00e4ftsbedingungen<\/a>.\n<\/ul>\n<p>[\/cg_accordion]\n[cg_accordion title=\"WAS ENTHALTEN IST\"]<\/p>\n<ul>\n<li>1x GPD WIN Mini<\/li>\n<li>1x USB-C Kabel<\/li>\n<li>1x Netzstecker<\/li>\n<li>1x Trageriemen<\/li>\n<li>1x USB C &gt; A Konverter<\/li>\n<li>1x Benutzerhandbuch<\/li>\n<\/ul>\n<p>[\/cg_accordion]\n","protected":false},"featured_media":10501,"template":"","meta":{"_acf_changed":false},"product_brand":[],"product_cat":[854],"product_tag":[16611,4471],"woo-feed-brand":[858],"class_list":{"0":"post-8303","1":"product","2":"type-product","3":"status-publish","4":"has-post-thumbnail","6":"product_cat-gpd-handheld-pc-fur-spiele","7":"product_tag-13xmsale-de","8":"product_tag-gpd-win-mini-de","9":"product_shipping_class-premium","10":"pa_bluetooth-5-2-de","11":"pa_brand-gpd","12":"pa_graphics-gpu-model-intel-iris-xe-graphics-de","13":"pa_graphics-gpu-model-radeon-760m-de","14":"pa_i-o-video-1x-oculink-de","15":"pa_i-o-video-uber-1x-usb-3-2-gen-2-typ-c","16":"pa_i-o-video-uber-1x-usb-4-0-typ-c-40gb-s","17":"pa_memory-ram-capacity-16gb-de","18":"pa_memory-ram-capacity-32gb-de","19":"pa_memory-ram-capacity-64gb-de","20":"pa_memory-ram-technology-lpddr5-de","21":"pa_processor-cpu-model-amd-ryzen-5-7640u","22":"pa_processor-cpu-model-amd-ryzen-7-7840u","23":"pa_storage-capacity-1tb-de","24":"pa_storage-capacity-4tb-de","25":"pa_storage-capacity-512gb-de","26":"pa_storage-technology-pcie-gen-4-de","27":"pa_wi-fi-wi-fi-6-de","28":"woo-feed-brand-gpd-de","30":"first","31":"outofstock","32":"sale","33":"taxable","34":"shipping-taxable","35":"purchasable","36":"product-type-variable","37":"has-default-attributes"},"acf":[],"aioseo_notices":[],"_links":{"self":[{"href":"https:\/\/gpdstore.net\/de\/wp-json\/wp\/v2\/product\/8303","targetHints":{"allow":["GET"]}}],"collection":[{"href":"https:\/\/gpdstore.net\/de\/wp-json\/wp\/v2\/product"}],"about":[{"href":"https:\/\/gpdstore.net\/de\/wp-json\/wp\/v2\/types\/product"}],"wp:featuredmedia":[{"embeddable":true,"href":"https:\/\/gpdstore.net\/de\/wp-json\/wp\/v2\/media\/10501"}],"wp:attachment":[{"href":"https:\/\/gpdstore.net\/de\/wp-json\/wp\/v2\/media?parent=8303"}],"wp:term":[{"taxonomy":"product_brand","embeddable":true,"href":"https:\/\/gpdstore.net\/de\/wp-json\/wp\/v2\/product_brand?post=8303"},{"taxonomy":"product_cat","embeddable":true,"href":"https:\/\/gpdstore.net\/de\/wp-json\/wp\/v2\/product_cat?post=8303"},{"taxonomy":"product_tag","embeddable":true,"href":"https:\/\/gpdstore.net\/de\/wp-json\/wp\/v2\/product_tag?post=8303"},{"taxonomy":"woo-feed-brand","embeddable":true,"href":"https:\/\/gpdstore.net\/de\/wp-json\/wp\/v2\/woo-feed-brand?post=8303"}],"curies":[{"name":"wp","href":"https:\/\/api.w.org\/{rel}","templated":true}]}}