{"id":8169,"date":"2023-11-17T16:30:05","date_gmt":"2023-11-17T16:30:05","guid":{"rendered":"https:\/\/gpdstore.net\/unkategorisiert\/gpd-win-max-2-2023-spiele-handheld-pc\/"},"modified":"2025-12-19T16:31:25","modified_gmt":"2025-12-19T16:31:25","slug":"gpd-win-max-2-2023","status":"publish","type":"product","link":"https:\/\/gpdstore.net\/de\/product\/gpd-win-max-2-2023\/","title":{"rendered":"GPD WIN MAX 2 2023 Spiele-Handheld-PC"},"content":{"rendered":"\n<figure class=\"wp-block-video\"><video controls=\"\" muted=\"\" poster=\"https:\/\/gpdstore.net\/wp-content\/uploads\/2024\/03\/q2hzxpbiybborpwbpolh-ezgif.com-webp-to-png-converter.png\" src=\"https:\/\/gpdstore.net\/wp-content\/uploads\/2024\/05\/gpd-win-max-2.mp4\"><\/video><\/figure>\n\n<div class=\"wp-block-columns is-layout-flex wp-container-core-columns-is-layout-28f84493 wp-block-columns-is-layout-flex\">\n<div class=\"wp-block-column is-layout-flow wp-block-column-is-layout-flow\" style=\"flex-basis:33.33%\">\n<figure class=\"wp-block-image size-full\"><img fetchpriority=\"high\" decoding=\"async\" width=\"669\" height=\"582\" src=\"https:\/\/gpdstore.net\/wp-content\/uploads\/2024\/05\/7044098-1.png\" alt=\"gpd win max 2\" class=\"wp-image-1642\" srcset=\"https:\/\/gpdstore.net\/wp-content\/uploads\/2024\/05\/7044098-1.png 669w, https:\/\/gpdstore.net\/wp-content\/uploads\/2024\/05\/7044098-1-150x130.png 150w, https:\/\/gpdstore.net\/wp-content\/uploads\/2024\/05\/7044098-1-600x522.png 600w, https:\/\/gpdstore.net\/wp-content\/uploads\/2024\/05\/7044098-1-441x384.png 441w\" sizes=\"(max-width: 669px) 100vw, 669px\" \/><\/figure>\n<\/div>\n\n\n\n<div class=\"wp-block-column is-layout-flow wp-block-column-is-layout-flow\" style=\"flex-basis:66.66%\">\n<h2 class=\"wp-block-heading\"><strong>GPD WIN MAX 2 2023 Handheld Gaming PC &#8211; AMD Ryzen 7 7840U (Zen 4), 10.1&#8243; 2.5K Display, 64GB RAM, OcuLink Support<\/strong><\/h2>\n\n\n\n<p>Why pay 2025 flagship prices when the GPD WIN MAX 2 2023 remains a top-tier contender? Powered by the legendary AMD Ryzen 7 7840U, this device is the ultimate &#8220;Silicon Sweet Spot&#8221; for gamers and professionals who demand 2.5K resolution and desktop-grade multitasking without the 2025 premium.<\/p>\n<\/div>\n<\/div>\n\n<h2 class=\"wp-block-heading has-text-align-center\">Entwickelt f\u00fcr Spitzenleistungen: Pr\u00e4zisionssteuerungen, professionelle Vielseitigkeit und intelligente K\u00fchlung<\/h2>\n\n<div class=\"wp-block-columns is-layout-flex wp-container-core-columns-is-layout-28f84493 wp-block-columns-is-layout-flex\">\n<div class=\"wp-block-column is-layout-flow wp-block-column-is-layout-flow\">\n<figure class=\"wp-block-image size-full\"><img decoding=\"async\" width=\"300\" height=\"300\" src=\"https:\/\/gpdstore.net\/wp-content\/uploads\/2024\/05\/074b1b41-54da-4de3-8a68-9035e22feb91.__CR880899899_PT0_SX300_V1___-1.jpg\" alt=\"Entfernen von Tasten f&#xFC;r gpd win max 2\" class=\"wp-image-1643\" srcset=\"https:\/\/gpdstore.net\/wp-content\/uploads\/2024\/05\/074b1b41-54da-4de3-8a68-9035e22feb91.__CR880899899_PT0_SX300_V1___-1.jpg 300w, https:\/\/gpdstore.net\/wp-content\/uploads\/2024\/05\/074b1b41-54da-4de3-8a68-9035e22feb91.__CR880899899_PT0_SX300_V1___-1-150x150.jpg 150w, https:\/\/gpdstore.net\/wp-content\/uploads\/2024\/05\/074b1b41-54da-4de3-8a68-9035e22feb91.__CR880899899_PT0_SX300_V1___-1-100x100.jpg 100w\" sizes=\"(max-width: 300px) 100vw, 300px\" \/><\/figure>\n\n\n\n<h3 class=\"wp-block-heading\"><strong><strong><strong>Der Hall-Sensor-Vorteil:<\/strong> Wie magnetische Induktion &#8220;Stick Drift&#8221; und physischen Verschlei\u00df eliminiert.<\/strong><\/strong><\/h3>\n\n\n\n<p>Der herk\u00f6mmliche Potentiometerkn\u00fcppel, bei dem das Spannungssignal durch den B\u00fcrstenwiderstand erzeugt wird, ist anf\u00e4llig f\u00fcr \u201eDrift\u201c-Probleme, die durch Abnutzung bei langfristigem Gebrauch entstehen. Mit dem WIN Max 2 2023 haben wir zum ersten Mal Hall-Sensor-Sticks mit eingebauten Induktionsspulen eingef\u00fchrt. Aufgrund des Funktionsprinzips der magnetischen Induktion (bei der Drehung des Kn\u00fcppels in verschiedene Positionen werden unterschiedliche magnetische Fl\u00fcsse erzeugt, die wiederum unterschiedliche Spannungssignale erzeugen) gibt es bei Hall-Sensor-Kn\u00fcppeln keine Abnutzung und somit auch kein Problem mit dem Kn\u00fcppeldrift<\/p>\n<\/div>\n\n\n\n<div class=\"wp-block-column is-layout-flow wp-block-column-is-layout-flow\">\n<figure class=\"wp-block-image size-full\"><img decoding=\"async\" src=\"https:\/\/gpdstore.net\/wp-content\/uploads\/\" alt=\"Magnetische Abdeckungen f&#xFC;r gpd\" class=\"wp-image-1645\"\/><\/figure>\n\n\n\n<h3 class=\"wp-block-heading\"><strong><strong><strong><strong>Magnetic Stealth Covers:<\/strong> Hide the joysticks for a clean, professional look in meetings.<\/strong><\/strong><\/strong><\/h3>\n\n\n\n<p>Der in den Handheld-Gaming-PC integrierte Game-Controller kann ihn f\u00fcr den Arbeitsplatz ungeeignet machen! Um dieses Problem zu l\u00f6sen, haben wir zwei Stick Cover f\u00fcr WIN Max 2 2023 hinzugef\u00fcgt. Das magnetische Design sorgt daf\u00fcr, dass die beiden Abdeckungen bei der Verwendung des Ger\u00e4ts nicht herunterfallen. Wenn Sie spielen, k\u00f6nnen Sie die Abdeckungen auch im hinteren Fach verstauen, damit sie nicht versehentlich verloren gehen!<\/p>\n<\/div>\n\n\n\n<div class=\"wp-block-column is-layout-flow wp-block-column-is-layout-flow\">\n<figure class=\"wp-block-image size-full\"><img decoding=\"async\" width=\"300\" height=\"300\" src=\"https:\/\/gpdstore.net\/wp-content\/uploads\/2024\/05\/5f397565-522a-44f6-910c-e7d2cec4ed88.__CR107012291229_PT0_SX300_V1___-1.jpg\" alt=\"K&#xFC;hlung win max 2\" class=\"wp-image-1646\" srcset=\"https:\/\/gpdstore.net\/wp-content\/uploads\/2024\/05\/5f397565-522a-44f6-910c-e7d2cec4ed88.__CR107012291229_PT0_SX300_V1___-1.jpg 300w, https:\/\/gpdstore.net\/wp-content\/uploads\/2024\/05\/5f397565-522a-44f6-910c-e7d2cec4ed88.__CR107012291229_PT0_SX300_V1___-1-150x150.jpg 150w, https:\/\/gpdstore.net\/wp-content\/uploads\/2024\/05\/5f397565-522a-44f6-910c-e7d2cec4ed88.__CR107012291229_PT0_SX300_V1___-1-100x100.jpg 100w\" sizes=\"(max-width: 300px) 100vw, 300px\" \/><\/figure>\n\n\n\n<h3 class=\"wp-block-heading\"><strong><strong>Fortschrittliche Hardware:<\/strong> Einsatz eines Hochleistungs-Turbol\u00fcfters und doppelter W\u00e4rmerohre f\u00fcr eine robuste Luftstr\u00f6mung.<\/strong><\/h3>\n\n\n\n<p>GPD WIN MAX 2 2023 verf\u00fcgt \u00fcber ein verbessertes K\u00fchlsystem in PC-Qualit\u00e4t mit einem gro\u00dfen Turbol\u00fcfter und zwei W\u00e4rmerohren, das sich durch ein hohes seitliches Luftvolumen und eine hochintelligente Geschwindigkeitssteuerung auszeichnet. Wenn die Innentemperatur unter 40 \u00b0C liegt, darf die L\u00fcftergeschwindigkeit 20 % der maximalen Leistung nicht \u00fcberschreiten. Wenn die Innentemperatur 40\u00b0C \u00fcbersteigt, erh\u00f6ht sich die L\u00fcfterdrehzahl in 2%igen PWM-Schritten bis zum Erreichen des maximalen Schwellenwerts (100%).<\/p>\n<\/div>\n<\/div>\n\n<h3 class=\"wp-block-heading\"><strong>EIN VISUELLES VERGN\u00dcGEN: 10.1&#8243; TOUCH CONTROL DISPLAY<\/strong><\/h3>\n\n<figure class=\"wp-block-image size-large\"><img loading=\"lazy\" decoding=\"async\" width=\"1200\" height=\"782\" src=\"https:\/\/gpdstore.net\/wp-content\/uploads\/2024\/05\/7044066-1-1200x782.png\" alt=\"GPD win max mit PC\" class=\"wp-image-1648\" srcset=\"https:\/\/gpdstore.net\/wp-content\/uploads\/2024\/05\/7044066-1-1200x782.png 1200w, https:\/\/gpdstore.net\/wp-content\/uploads\/2024\/05\/7044066-1-150x98.png 150w, https:\/\/gpdstore.net\/wp-content\/uploads\/2024\/05\/7044066-1-600x391.png 600w, https:\/\/gpdstore.net\/wp-content\/uploads\/2024\/05\/7044066-1-768x501.png 768w, https:\/\/gpdstore.net\/wp-content\/uploads\/2024\/05\/7044066-1-990x645.png 990w, https:\/\/gpdstore.net\/wp-content\/uploads\/2024\/05\/7044066-1-441x287.png 441w, https:\/\/gpdstore.net\/wp-content\/uploads\/2024\/05\/7044066-1.png 1442w\" sizes=\"(max-width: 1200px) 100vw, 1200px\" \/><\/figure>\n\n<p>Lassen Sie sich vom 10,1-Zoll-Touch-Display mit 10-Punkt-Touch-Steuerung des GPD WIN MAX 2 2023 \u00fcberraschen. Mit einem Seitenverh\u00e4ltnis von 16:10 und einer Aufl\u00f6sung von 1920&#215;1200 liefert dieser lebendige Bildschirm atemberaubende Bilder. Mit einer Aufl\u00f6sung von bis zu 2560&#215;1600 und einer Pixeldichte von 299 <a href=\"https:\/\/www.displayninja.com\/what-is-pixel-density\/\">PPI<\/a> ist jedes Detail klar und deutlich zu erkennen und sorgt f\u00fcr ein intensives Spielerlebnis.  <\/p>\n\n<h2 class=\"wp-block-heading\"><strong><strong>Zen 4 Performance: The Emulation King<\/strong><\/strong><\/h2>\n\n<p>The 7840U Phoenix architecture remains a fan favorite in 2025 for its incredible efficiency.<\/p>\n\n<p>Native OcuLink: Skip the USB4 bottlenecks. Connect directly to the GPD G1 eGPU for a 4K desktop experience.<\/p>\n\n<p>Pro-Grade Emulation: Native AVX-512 support allows for superior PS3 (RPCS3) and Xbox 360 (Xenia) performance compared to many newer, more expensive handhelds.<\/p>\n\n<p>Software Boosted: Fully compatible with AMD AFMF 2 and FSR 3.1, allowing you to play AAA titles at smooth frame rates on the 10.1&#8243; screen.<\/p>\n\n<h2 class=\"wp-block-heading\"><strong>GRAFIK, DIE VERBL\u00dcFFT: AMD RADEON 780M GPU<\/strong><\/h2>\n\n<p>Lassen Sie sich von der atemberaubenden Grafik des GPD WIN MAX 2 2023 dank seines <a href=\"https:\/\/www.notebookcheck.net\/AMD-Radeon-780M-GPU-Benchmarks-and-Specs.680539.0.html\" target=\"_blank\" rel=\"noreferrer noopener nofollow\">AMD Radeon 780M Grafikprozessors<\/a> \u00fcberw\u00e4ltigen. Diese leistungsstarke Grafikkarte liefert fl\u00fcssige Bildraten und atemberaubende Grafiken f\u00fcr ein visuell beeindruckendes Spielerlebnis.<\/p>\n\n<h2 class=\"wp-block-heading\"><strong>UN\u00dcBERTROFFENER SPEICHER: BIS ZU 64GB LPDDR5 RAM<\/strong><\/h2>\n\n<p>GPD WIN MAX 2 2023 ist mit blitzschnellem 6400 MT\/s <a href=\"https:\/\/en.wikipedia.org\/wiki\/LPDDR\">LPDDR5<\/a> RAM ausgestattet, der schnelle Ladezeiten, nahtloses Multitasking und fl\u00fcssiges Gameplay in anspruchsvollen Szenarien gew\u00e4hrleistet.<\/p>\n\n<h2 class=\"wp-block-heading\"><strong>GROSSER SPEICHER: M.2 NVME 2280 SSD 4TB <\/strong><\/h2>\n\n<p>Mit der ger\u00e4umigen M.2 <a href=\"https:\/\/en.wikipedia.org\/wiki\/NVM_Express#:~:text=NVM%20Express%20(NVMe)%20or%20Non,via%20the%20PCI%20Express%20bus.\">NVME<\/a> 2280 SSD mit einer Kapazit\u00e4t von satten 4 TB geht Ihnen der Speicherplatz nicht mehr aus. Verabschieden Sie sich davon, Spiele aus Platzgr\u00fcnden zu l\u00f6schen; mit GPD WIN MAX 2 2023 sind die M\u00f6glichkeiten endlos.<\/p>\n\n<h2 class=\"wp-block-heading\"><strong>BLEIBEN SIE VERBUNDEN: WI-FI 6 UND BLUETOOTH 5.2<\/strong><\/h2>\n\n<p>Konnektivit\u00e4t ist das A und O. <a href=\"https:\/\/www.theverge.com\/2019\/2\/21\/18232026\/wi-fi-6-speed-explained-router-wifi-how-does-work\">WiFi 6<\/a> sorgt f\u00fcr blitzschnelle und stabile Internetverbindungen und damit f\u00fcr ein reibungsloses Online-Gaming-Erlebnis. Mit <a href=\"https:\/\/www.bluetooth.com\/bluetooth-resources\/whats-new-in-core-spec-version-5-2\/\">Bluetooth 5.2<\/a> k\u00f6nnen Sie kabellose Peripherieger\u00e4te f\u00fcr ein wirklich beeindruckendes Spielerlebnis anschlie\u00dfen.<\/p>\n\n<h2 class=\"wp-block-heading\"><strong>NAHTLOSE KONNEKTIVIT\u00c4T: VIELSEITIGE ANSCHL\u00dcSSE<\/strong><\/h2>\n\n<p>GPD WIN MAX 2 2023 verf\u00fcgt \u00fcber eine Reihe von Anschl\u00fcssen f\u00fcr alle Gaming- und Peripheriebed\u00fcrfnisse. Mit 1x USB 4, 1x USB 3.2 Gen 2 Typ-C, 2x USB 3.2 Gen 2 Typ-A und einem <a href=\"https:\/\/blog.fosketts.net\/2017\/06\/22\/what-is-oculink\/\" target=\"_blank\" rel=\"noreferrer noopener nofollow\">OCuLink<\/a>(SFF-8612)-Anschluss k\u00f6nnen Sie externe Ger\u00e4te problemlos anschlie\u00dfen. <\/p>\n\n<h2 class=\"wp-block-heading\"><strong>ERWEITERTE FUNKTIONEN F\u00dcR UN\u00dcBERTROFFENEN KOMFORT<\/strong><\/h2>\n\n<p>GPD WIN MAX 2 2023 bietet ein nahtloses Spielerlebnis mit einem Fingerabdruck-Sensor f\u00fcr die schnelle und sichere Entsperrung des Ger\u00e4ts. Ein Microsoft Precision Touchpad (PTP) sorgt f\u00fcr eine fl\u00fcssige und pr\u00e4zise Cursorsteuerung, und die beleuchtete Tastatur erm\u00f6glicht das Spielen in schwach beleuchteten Umgebungen. <\/p>\n\n<h2 class=\"wp-block-heading\"><strong>ENERGIE, DIE ANH\u00c4LT: LANGLEBIGE AKKULAUFZEIT<\/strong><\/h2>\n\n<p>Der 67-Wh-Li-Polymer-Akku des GPD WIN MAX 2 2023 bietet bis zu 3 Stunden bei intensiver Nutzung, 6-8 Stunden bei moderater Nutzung und beeindruckende 14 Stunden bei leichter Nutzung und ist damit eine zuverl\u00e4ssige und langlebige Energiequelle f\u00fcr Gamer.<\/p>\n\n<h2 class=\"wp-block-heading\"><strong>KOMPAKTES UND LEICHTES DESIGN<\/strong><\/h2>\n\n<p>GPD WIN MAX 2 2023 bietet eine starke Leistung in einem kompakten und leichten Design. Es misst nur 8,9 x 6,2 x 0,9 Zoll und wiegt nur 1005 g. Es ist aus hochwertigen Materialien gefertigt und garantiert Langlebigkeit und Verarbeitungsqualit\u00e4t f\u00fcr das Spielen unterwegs. <\/p>\n\n<h2 class=\"wp-block-heading\"><strong>WINDOWS 11 HOME VORINSTALLIERT<\/strong><\/h2>\n\n<p>GPD WIN MAX 2 2023 ist mit <a href=\"https:\/\/www.microsoft.com\/en-gb\/windows\/windows-11\" target=\"_blank\" rel=\"noreferrer noopener nofollow\">Windows 11 Home<\/a> vorinstalliert und bietet mit seiner intuitiven Benutzeroberfl\u00e4che und den erweiterten Spielfunktionen ein optimiertes Spielerlebnis.<\/p>\n\n<h2 class=\"wp-block-heading\"><strong>SCHLUSSFOLGERUNG<\/strong><\/h2>\n\n<p>GPD WIN MAX 2 2023 ist der ultimative tragbare Gaming-PC, der High-End-Gaming-Leistung in einem kompakten Formfaktor bietet. Mit der AMD Ryzen 7 7840U oder Ryzen 5 7640U CPU, der AMD Radeon 780M GPU und bis zu 64 GB RAM sorgt er f\u00fcr herausragende Leistung bei anspruchsvollen Spielen. Das 10,1-Zoll-Touch-Display, die vielseitigen Anschlussm\u00f6glichkeiten und die praktischen Funktionen machen das Spielen unterwegs zum Kinderspiel. Dank der langen Akkulaufzeit und dem kompakten Design k\u00f6nnen Sie Spiele ohne Einschr\u00e4nkungen genie\u00dfen.   <\/p>\n\n<h3 class=\"wp-block-heading\"><strong>Die Vorteile des GPD WIN MAX 2 2023:<\/strong><\/h3>\n\n<ol class=\"wp-block-list\">\n<li>Powerful Performance: AMD Ryzen 7 7840U CPU and Ryzen 5 7640U with AMD Radeon 780M GPU deliver impressive performance for demanding games.<\/li>\n\n\n\n<li>Compact and Portable: The GPD WIN MAX 2 2023 offers unparalleled portability, making it easy to game on the go.<\/li>\n\n\n\n<li>Stunning Display: The 10.1&#8243; touch control display provides vibrant visuals and a high-resolution experience.<\/li>\n\n\n\n<li>Versatile Connectivity: The GPD WIN MAX 2 2023 offers a range of ports and wireless connectivity options, ensuring seamless integration with peripherals and online gaming experiences.<\/li>\n\n\n\n<li>Ample Storage: The spacious 4TB SSD eliminates the need to constantly delete and reinstall games.<\/li>\n<\/ol>\n\n<h3 class=\"wp-block-heading\">Order Your GPD WIN MAX 2 \u2013 In Stock &amp; Ready to Ship<\/h3>\n\n<p>Get the industry\u2019s most versatile work-and-play hybrid with a full 12-month official warranty.<\/p>\n\n<ul class=\"wp-block-list\">\n<li>Status: In Stock (Ships within 24 hours).<\/li>\n\n\n\n<li>Shipping: Insured worldwide express delivery.<\/li>\n\n\n\n<li>Support: Authorized GPD technical assistance included.<\/li>\n<\/ul>\n\n<p>Lesen Sie <a href=\"https:\/\/droix.net\/blogs\/gpd-win-max-2-2023-review\/\">hier<\/a> unseren vollst\u00e4ndigen GPD WIN MAX 2 2023 Testbericht mit detaillierten Funktionen, Benchmarks, Gameplay und Emulationsleistung.<\/p>\n","protected":false},"excerpt":{"rendered":"<ul>\n<li>CPU: AMD Ryzen 5 \/ 7<strong> 7640U \/ 7840U <\/strong> <\/li>\n<li>GPU: AMD Radeon<strong> 760M \/ 780M<\/strong><\/li>\n<li>RAM: bis zu<strong> 64GB LPDDR5X @ 6400 MT\/s<\/strong><\/li>\n<li>SPEICHER: bis zu<strong> 4TB<\/strong> <strong>Gen 3<\/strong> PCI-E NVMe SSD<\/li>\n<li>CONNECTIVITY: Wi-Fi<strong> 6<\/strong> &amp; Bluetooth <strong>5.2<\/strong> Unterst\u00fctzung<\/li>\n<\/ul>\n[cg_accordion title=\"INFO ZUR BEZAHLUNG\"]<\/p>\n<p>Wir verwenden die neueste Technologie in der Zahlungsabwicklung, die es Ihnen erm\u00f6glicht, mit Ihrer Debit-\/Kreditkarte oder mit PayPal schnell und sicher zu bezahlen.[\/cg_accordion]\n[cg_accordion title=\"GARANTIE\"]<\/p>\n<p>2 Jahre Garantie von <a href=\"https:\/\/droix.net\/\" target=\"_blank\" rel=\"nofollow noopener\">DROIX Global<\/a> f\u00fcr Ihren Seelenfrieden[\/cg_accordion]\n[cg_accordion title=\"QUALIT\u00c4TSSICHERUNG &amp; TESTS VOR DER AUSLIEFERUNG\"]<\/p>\n<p>Sicherstellung der Kundenzufriedenheit auf h\u00f6chstem Niveau: Jedes Ger\u00e4t wird vor der Auslieferung strengen Tests und einer mehrstufigen Qualit\u00e4tskontrolle unterzogen. Unser engagiertes Team pr\u00fcft die Leistung, Funktionalit\u00e4t und Integrit\u00e4t der Komponenten, um zu gew\u00e4hrleisten, dass Ihr GPD-Ger\u00e4t bei der Ankunft in einwandfreiem Zustand ist und Sie sich darauf verlassen k\u00f6nnen. [\/cg_accordion]\n[cg_accordion title=\"PREISE, STEUERN UND VERSAND\"]<\/p>\n<p><strong><u>Anmerkung:<\/u><\/strong><\/p>\n<ul>\n<li>Kunden aus den Vereinigten Staaten: Der angezeigte Preis enth\u00e4lt KEINE STEUERN oder Z\u00f6lle. Die Verantwortung f\u00fcr die Zollabfertigung und die Zahlung aller damit verbundenen Steuern und Abgaben liegt beim Kunden. <\/li>\n<li>EU-Kunden: Der angezeigte Preis enth\u00e4lt die gesetzliche Mehrwertsteuer, die je nach Land bis zu 25% betragen kann.<\/li>\n<li>Kunden aus Kanada: Der angezeigte Preis enth\u00e4lt die anfallenden Steuern, die je nach Provinz 5% GST und zus\u00e4tzliche Provincial Sales Taxes (PST), Harmonized Sales Tax (HST) oder Quebec Sales Tax (QST) umfassen k\u00f6nnen.<\/li>\n<\/ul>\n<p><strong>NUR f\u00fcr EU-Kunden:<\/strong> Express DDP (Delivered Duty Paid). Dies bedeutet: <\/p>\n<ul>\n<li>Alle Zollgeb\u00fchren und Steuern sind in dem auf der Produktseite angegebenen Preis enthalten.<\/li>\n<li>Bei der Zustellung m\u00fcssen Sie keine zus\u00e4tzlichen Geb\u00fchren zahlen.<\/li>\n<li>Im seltenen Fall von Zollproblemen \u00fcbernimmt unser Team die Zollabfertigung in Ihrem Namen, um eine reibungslose Lieferung zu gew\u00e4hrleisten.<\/li>\n<p>Wichtige Informationen \u00fcber R\u00fccksendungen:<\/p>\n<li>Wenn Sie sich entscheiden, Ihre Bestellung zur\u00fcckzusenden oder eine R\u00fcckerstattung zu beantragen, beachten Sie bitte, dass Steuern und Abgaben, die in Ihrem Namen gem\u00e4\u00df den DDP-Bedingungen gezahlt wurden, nicht erstattet werden k\u00f6nnen.<\/li>\n<p>Ausf\u00fchrliche Informationen finden Sie in unseren <a href=\"https:\/\/droix.net\/terms-and-conditions\/\" target=\"_blank\" rel=\"nofollow noopener\">Allgemeinen Gesch\u00e4ftsbedingungen<\/a>.\n<\/ul>\n<p>[\/cg_accordion]\n[cg_accordion title=\"KUNDENBETREUUNG\"]<\/p>\n<p>Haben Sie eine Frage? Wir sind nur einen kurzen Text davon entfernt, Ihr Problem zu l\u00f6sen! <\/p>\n<p>Ausf\u00fchrliche Informationen finden Sie in unseren <a href=\"https:\/\/gpdstore.net\/de\/terms-of-service\/\" target=\"_blank\" rel=\"nofollow noopener\">Allgemeinen Gesch\u00e4ftsbedingungen<\/a>.\n<\/ul>\n<p>[\/cg_accordion]\n[cg_accordion title=\"WAS ENTHALTEN IST\"]<\/p>\n<ul>\n<li>1x GPD WIN MAX 2 2023<\/li>\n<li>1x Netzadapter<\/li>\n<li>1x USB Typ-C Kabel<\/li>\n<li>1x Benutzerhandbuch<\/li>\n<\/ul>\n<p>[\/cg_accordion]\n","protected":false},"featured_media":15259,"template":"","meta":{"_acf_changed":false},"product_brand":[],"product_cat":[854],"product_tag":[15871,2299],"woo-feed-brand":[858],"class_list":{"0":"post-8169","1":"product","2":"type-product","3":"status-publish","4":"has-post-thumbnail","6":"product_cat-gpd-handheld-pc-fur-spiele","7":"product_tag-15xmsale-de","8":"product_tag-gpd-win-max-2-de","9":"product_shipping_class-premium","10":"pa_bluetooth-5-2-de","11":"pa_brand-gpd","12":"pa_graphics-gpu-model-intel-iris-xe-graphics-de","13":"pa_graphics-gpu-model-radeon-760m-de","14":"pa_i-o-video-1x-hdmi-2-1-de","15":"pa_i-o-video-1x-oculink-de","16":"pa_i-o-video-uber-1x-usb-4-0-typ-c-40gb-s","17":"pa_memory-ram-capacity-16gb-de","18":"pa_memory-ram-capacity-32gb-de","19":"pa_memory-ram-capacity-64gb-de","20":"pa_memory-ram-technology-lpddr5x-de","21":"pa_processor-cpu-model-amd-ryzen-5-7640u","22":"pa_processor-cpu-model-amd-ryzen-7-7840u","23":"pa_storage-capacity-1tb-de","24":"pa_storage-capacity-2tb-de","25":"pa_storage-capacity-4tb-de","26":"pa_storage-technology-pcie-gen-3-de","27":"pa_wi-fi-wi-fi-6-de","28":"woo-feed-brand-gpd-de","30":"first","31":"outofstock","32":"sale","33":"taxable","34":"shipping-taxable","35":"purchasable","36":"product-type-variable","37":"has-default-attributes"},"acf":[],"aioseo_notices":[],"_links":{"self":[{"href":"https:\/\/gpdstore.net\/de\/wp-json\/wp\/v2\/product\/8169","targetHints":{"allow":["GET"]}}],"collection":[{"href":"https:\/\/gpdstore.net\/de\/wp-json\/wp\/v2\/product"}],"about":[{"href":"https:\/\/gpdstore.net\/de\/wp-json\/wp\/v2\/types\/product"}],"wp:featuredmedia":[{"embeddable":true,"href":"https:\/\/gpdstore.net\/de\/wp-json\/wp\/v2\/media\/15259"}],"wp:attachment":[{"href":"https:\/\/gpdstore.net\/de\/wp-json\/wp\/v2\/media?parent=8169"}],"wp:term":[{"taxonomy":"product_brand","embeddable":true,"href":"https:\/\/gpdstore.net\/de\/wp-json\/wp\/v2\/product_brand?post=8169"},{"taxonomy":"product_cat","embeddable":true,"href":"https:\/\/gpdstore.net\/de\/wp-json\/wp\/v2\/product_cat?post=8169"},{"taxonomy":"product_tag","embeddable":true,"href":"https:\/\/gpdstore.net\/de\/wp-json\/wp\/v2\/product_tag?post=8169"},{"taxonomy":"woo-feed-brand","embeddable":true,"href":"https:\/\/gpdstore.net\/de\/wp-json\/wp\/v2\/woo-feed-brand?post=8169"}],"curies":[{"name":"wp","href":"https:\/\/api.w.org\/{rel}","templated":true}]}}