{"id":808696,"date":"2024-11-21T09:56:41","date_gmt":"2024-11-21T09:56:41","guid":{"rendered":"https:\/\/gpdstore.net\/?post_type=product&#038;p=808696"},"modified":"2026-01-14T19:33:58","modified_gmt":"2026-01-14T19:33:58","slug":"gpd-duo-protective-case","status":"publish","type":"product","link":"https:\/\/gpdstore.net\/de\/product\/gpd-duo-protective-case\/","title":{"rendered":"GPD DUO Schutztasche"},"content":{"rendered":"\n<p>Sch\u00fctzen Sie Ihren GPD DUO stilvoll mit der <strong>offiziellen GPD DUO Schutztasche<\/strong>. Diese elegante und robuste Tasche wurde exklusiv f\u00fcr den GPD DUO entwickelt und bietet die perfekte Kombination aus Funktionalit\u00e4t und Schutz. Ob Sie nun pendeln, reisen oder Ihr Ger\u00e4t einfach nur aufbewahren, diese Tasche sorgt daf\u00fcr, dass Ihr GPD DUO sicher und gesch\u00fctzt bleibt.  <\/p>\n\n<p>Die Tasche verf\u00fcgt \u00fcber eine <strong>robuste Au\u00dfenseite aus Stoff<\/strong>, um Ihr Ger\u00e4t vor \u00e4u\u00dferen Sch\u00e4den zu sch\u00fctzen, und eine <strong>weiche, gepolsterte Innenseite<\/strong> zum Schutz vor Kratzern und St\u00f6\u00dfen. Dank des kompakten Designs passt Ihr GPD DUO problemlos hinein und es bleibt Platz f\u00fcr wichtiges Zubeh\u00f6r. <\/p>\n\n<p>Die Tasche ist mit <strong>doppelten Griffen<\/strong> f\u00fcr einfaches Tragen und einem <strong>verstellbaren Schultergurt<\/strong> ausgestattet, so dass Sie sie flexibel so tragen k\u00f6nnen, wie es Ihnen am besten passt. Durch ihr geringes Gewicht ist sie ideal f\u00fcr alle, die unterwegs sind und zuverl\u00e4ssigen Schutz ohne unn\u00f6tigen Ballast w\u00fcnschen. <\/p>\n\n<h3 class=\"wp-block-heading\"><strong>Wichtige Merkmale:<\/strong><\/h3>\n\n<ul class=\"wp-block-list\">\n<li>Offizielles GPD-Produkt, das speziell f\u00fcr den GPD DUO entwickelt wurde<\/li>\n\n\n\n<li>Strapazierf\u00e4higes Au\u00dfenmaterial f\u00fcr verbesserten Schutz<\/li>\n\n\n\n<li>Weiches, gepolstertes Innenleben zum Schutz Ihres Ger\u00e4ts vor Kratzern und St\u00f6\u00dfen<\/li>\n\n\n\n<li>Doppelte Griffe und verstellbarer Schultergurt f\u00fcr vielseitige Tragem\u00f6glichkeiten<\/li>\n\n\n\n<li>Kompaktes und leichtes Design f\u00fcr maximale Portabilit\u00e4t<\/li>\n<\/ul>\n\n<p>Nehmen Sie Ihr GPD DUO \u00fcberallhin mit, denn Sie wissen, dass es durch eine Tasche gesch\u00fctzt ist, die Funktionalit\u00e4t, Haltbarkeit und Stil vereint.<\/p>\n\n<p><\/p>\n","protected":false},"excerpt":{"rendered":"<ul>\n<li>Offizielles <strong>GPD-Produkt<\/strong> <\/li>\n<li>Speziell f\u00fcr den <strong>GPD DUO<\/strong> entwickelt<\/li>\n<li>Strapazierf\u00e4higes Au\u00dfenmaterial f\u00fcr verbesserten Schutz<\/li>\n<li>Weiches, gepolstertes Innenleben zum Schutz vor Kratzern und St\u00f6\u00dfen<\/li>\n<li>Mit doppelten Griffen und einem verstellbaren Schultergurt f\u00fcr vielseitige Tragem\u00f6glichkeiten<\/li>\n<\/ul>\n[cg_accordion title=\"INFO ZUR BEZAHLUNG\"]<\/p>\n<p>Wir verwenden die neueste Technologie in der Zahlungsabwicklung, die es Ihnen erm\u00f6glicht, \u00fcber Apple Pay, Google Pay, Ihre Debit-\/Kreditkarte, PayPal oder BNPL-Methoden wie Klarna, Affirm oder AfterPay schnell und sicher zu bezahlen.[\/cg_accordion]\n[cg_accordion title=\"GARANTIE\"]<\/p>\n<p>2 Jahre Garantie von <a href=\"https:\/\/droix.net\/\" target=\"_blank\" rel=\"nofollow noopener\">DROIX Global<\/a> f\u00fcr Ihren Seelenfrieden[\/cg_accordion]\n[cg_accordion title=\"PREISE, STEUERN UND VERSAND\"]<\/p>\n<p><strong><u>Anmerkung:<\/u><\/strong><\/p>\n<ul>\n<li>Kunden aus den Vereinigten Staaten: Der angezeigte Preis enth\u00e4lt KEINE STEUERN oder Z\u00f6lle. Die Verantwortung f\u00fcr die Zollabfertigung und die Zahlung aller damit verbundenen Steuern und Abgaben liegt beim Kunden. <\/li>\n<li>EU-Kunden: Der angezeigte Preis enth\u00e4lt die anwendbare STEUER, die je nach Land bis zu 25% betragen kann.<\/li>\n<li>Kunden aus Kanada: Der angezeigte Preis enth\u00e4lt die anfallenden Steuern, die je nach Provinz 5% GST und zus\u00e4tzliche Provincial Sales Taxes (PST), Harmonized Sales Tax (HST) oder Quebec Sales Tax (QST) umfassen k\u00f6nnen.<\/li>\n<\/ul>\n<p><strong>NUR f\u00fcr EU-Kunden:<\/strong> Express DDP (Delivered Duty Paid). Dies bedeutet: <\/p>\n<ul>\n<li>Alle Z\u00f6lle und Steuern sind in dem auf der Produktseite angegebenen Preis enthalten.<\/li>\n<li>Sie m\u00fcssen bei der Lieferung keine zus\u00e4tzlichen Geb\u00fchren zahlen.<\/li>\n<li>Im seltenen Fall von Zollproblemen \u00fcbernimmt unser Team die Zollabfertigung in Ihrem Namen, um eine reibungslose Lieferung zu gew\u00e4hrleisten.<\/li>\n<p>Wichtige Informationen \u00fcber R\u00fccksendungen:<\/p>\n<li>Wenn Sie sich entscheiden, Ihre Bestellung zur\u00fcckzusenden oder eine R\u00fcckerstattung zu beantragen, beachten Sie bitte, dass Steuern und Abgaben, die im Rahmen von DDP in Ihrem Namen gezahlt wurden, nicht erstattet werden k\u00f6nnen.<\/li>\n<p>Detaillierte Informationen finden Sie in unseren <a href=\"https:\/\/gpdstore.net\/de\/terms-of-service\/\" target=\"_blank\" rel=\"nofollow noopener\">Allgemeinen Gesch\u00e4ftsbedingungen<\/a>.\n<\/ul>\n<p>[\/cg_accordion]\n[cg_accordion title=\"KUNDENBETREUUNG\"]<\/p>\n<p>Haben Sie eine Frage? Wir sind nur eine kurze SMS davon entfernt, Ihr Problem zu l\u00f6sen!<br \/>\n[\/cg_accordion]\n[cg_accordion title=\"WAS ENTHALTEN IST\"]<\/p>\n<ul>\n<li>1x GPD DUO Koffer<\/li>\n<\/ul>\n<p>[\/cg_accordion]\n","protected":false},"featured_media":818169,"template":"","meta":{"_acf_changed":false},"product_brand":[],"product_cat":[1199],"product_tag":[15844],"woo-feed-brand":[],"class_list":{"0":"post-808696","1":"product","2":"type-product","3":"status-publish","4":"has-post-thumbnail","6":"product_cat-zubehor","7":"product_tag-20xmsale-de-2","8":"product_shipping_class-low-end","9":"pa_accessory-type-schutzhulle","10":"pa_brand-gpd","12":"first","13":"instock","14":"sale","15":"taxable","16":"shipping-taxable","17":"purchasable","18":"product-type-simple"},"acf":[],"aioseo_notices":[],"_links":{"self":[{"href":"https:\/\/gpdstore.net\/de\/wp-json\/wp\/v2\/product\/808696","targetHints":{"allow":["GET"]}}],"collection":[{"href":"https:\/\/gpdstore.net\/de\/wp-json\/wp\/v2\/product"}],"about":[{"href":"https:\/\/gpdstore.net\/de\/wp-json\/wp\/v2\/types\/product"}],"wp:featuredmedia":[{"embeddable":true,"href":"https:\/\/gpdstore.net\/de\/wp-json\/wp\/v2\/media\/818169"}],"wp:attachment":[{"href":"https:\/\/gpdstore.net\/de\/wp-json\/wp\/v2\/media?parent=808696"}],"wp:term":[{"taxonomy":"product_brand","embeddable":true,"href":"https:\/\/gpdstore.net\/de\/wp-json\/wp\/v2\/product_brand?post=808696"},{"taxonomy":"product_cat","embeddable":true,"href":"https:\/\/gpdstore.net\/de\/wp-json\/wp\/v2\/product_cat?post=808696"},{"taxonomy":"product_tag","embeddable":true,"href":"https:\/\/gpdstore.net\/de\/wp-json\/wp\/v2\/product_tag?post=808696"},{"taxonomy":"woo-feed-brand","embeddable":true,"href":"https:\/\/gpdstore.net\/de\/wp-json\/wp\/v2\/woo-feed-brand?post=808696"}],"curies":[{"name":"wp","href":"https:\/\/api.w.org\/{rel}","templated":true}]}}