{"id":8011,"date":"2023-11-17T14:17:25","date_gmt":"2023-11-17T14:17:25","guid":{"rendered":"https:\/\/gpdstore.net\/unkategorisiert\/gpd-win-4-2023-spiele-handheld-pc\/"},"modified":"2026-01-09T00:12:03","modified_gmt":"2026-01-09T00:12:03","slug":"gpd-win-4-2023","status":"publish","type":"product","link":"https:\/\/gpdstore.net\/de\/product\/gpd-win-4-2023\/","title":{"rendered":"GPD WIN 4 2023 Spiele-Handheld-PC"},"content":{"rendered":"\n<figure class=\"wp-block-video\"><video controls=\"\" muted=\"\" poster=\"https:\/\/gpdstore.net\/wp-content\/uploads\/2024\/03\/gpd-win4-indiegogo-time-is-here-v0-te3iiclycf5a1.webp\" src=\"https:\/\/gpdstore.net\/wp-content\/uploads\/2024\/05\/gpd-win-4-1.mp4\"><\/video><\/figure>\n\n<div class=\"wp-block-columns is-layout-flex wp-container-core-columns-is-layout-28f84493 wp-block-columns-is-layout-flex\">\n<div class=\"wp-block-column is-layout-flow wp-block-column-is-layout-flow\" style=\"flex-basis:33.33%\">\n<figure class=\"wp-block-image size-full\"><img fetchpriority=\"high\" decoding=\"async\" width=\"1000\" height=\"1000\" src=\"https:\/\/gpdstore.net\/wp-content\/uploads\/2024\/05\/GPD-WIN-4-2024-WHITE-DONE-LISTING-IMAGE-5.jpg\" alt=\"gpd win 4 in wei&#xDF;\" class=\"wp-image-1555\" srcset=\"https:\/\/gpdstore.net\/wp-content\/uploads\/2024\/05\/GPD-WIN-4-2024-WHITE-DONE-LISTING-IMAGE-5.jpg 1000w, https:\/\/gpdstore.net\/wp-content\/uploads\/2024\/05\/GPD-WIN-4-2024-WHITE-DONE-LISTING-IMAGE-5-600x600.jpg 600w, https:\/\/gpdstore.net\/wp-content\/uploads\/2024\/05\/GPD-WIN-4-2024-WHITE-DONE-LISTING-IMAGE-5-150x150.jpg 150w, https:\/\/gpdstore.net\/wp-content\/uploads\/2024\/05\/GPD-WIN-4-2024-WHITE-DONE-LISTING-IMAGE-5-768x768.jpg 768w, https:\/\/gpdstore.net\/wp-content\/uploads\/2024\/05\/GPD-WIN-4-2024-WHITE-DONE-LISTING-IMAGE-5-990x990.jpg 990w, https:\/\/gpdstore.net\/wp-content\/uploads\/2024\/05\/GPD-WIN-4-2024-WHITE-DONE-LISTING-IMAGE-5-441x441.jpg 441w, https:\/\/gpdstore.net\/wp-content\/uploads\/2024\/05\/GPD-WIN-4-2024-WHITE-DONE-LISTING-IMAGE-5-100x100.jpg 100w\" sizes=\"(max-width: 1000px) 100vw, 1000px\" \/><\/figure>\n<\/div>\n\n\n\n<div class=\"wp-block-column is-layout-flow wp-block-column-is-layout-flow\" style=\"flex-basis:66.66%\">\n<h2 class=\"wp-block-heading\"><strong>Willkommen beim GPD WIN 4 2023: Ihr ultimatives Spielerlebnis f\u00fcr unterwegs<\/strong><\/h2>\n\n\n\n<p>Verabschieden Sie sich von den Einschr\u00e4nkungen Ihrer Heim-Gaming-Einrichtung und begr\u00fc\u00dfen Sie die Freiheit, \u00fcberall und jederzeit zu spielen! Wir stellen vor: <strong>GPD WIN 4 2023<\/strong>, den ultimativen tragbaren Gaming-PC, mit dem Sie auch unterwegs Ihre Spielf\u00e4higkeiten entfesseln k\u00f6nnen. Dieses au\u00dfergew\u00f6hnliche Ger\u00e4t verbindet nahtlos die Leistung eines Hochleistungs-Gaming-PCs mit dem Komfort eines tragbaren Ger\u00e4ts und erm\u00f6glicht es Ihnen, sich in Ihre Lieblingsspiele zu st\u00fcrzen, wo immer das Leben Sie hinf\u00fchrt.  <br\/><\/p>\n<\/div>\n<\/div>\n\n<h2 class=\"wp-block-heading has-text-align-center\">F\u00fcr den Sieg gebaut: Pr\u00e4zisionssteuerungen, massiver Speicher und fortschrittliche K\u00fchlung<\/h2>\n\n<div class=\"wp-block-columns is-layout-flex wp-container-core-columns-is-layout-28f84493 wp-block-columns-is-layout-flex\">\n<div class=\"wp-block-column is-layout-flow wp-block-column-is-layout-flow\">\n<figure class=\"wp-block-image size-full\"><img decoding=\"async\" width=\"300\" height=\"300\" src=\"https:\/\/gpdstore.net\/wp-content\/uploads\/2024\/05\/b5cb8955-f86d-4378-b631-321b31b7280f.__CR017900900_PT0_SX300_V1___.jpg\" alt=\"Analogstick f&#xFC;r gpd win 4\" class=\"wp-image-1557\" srcset=\"https:\/\/gpdstore.net\/wp-content\/uploads\/2024\/05\/b5cb8955-f86d-4378-b631-321b31b7280f.__CR017900900_PT0_SX300_V1___.jpg 300w, https:\/\/gpdstore.net\/wp-content\/uploads\/2024\/05\/b5cb8955-f86d-4378-b631-321b31b7280f.__CR017900900_PT0_SX300_V1___-150x150.jpg 150w, https:\/\/gpdstore.net\/wp-content\/uploads\/2024\/05\/b5cb8955-f86d-4378-b631-321b31b7280f.__CR017900900_PT0_SX300_V1___-100x100.jpg 100w\" sizes=\"(max-width: 300px) 100vw, 300px\" \/><\/figure>\n\n\n\n<h3 class=\"wp-block-heading\"><strong><strong><strong>Ultimative Kontrolle:<\/strong> Meistern Sie das Gameplay mit ALPS 3D Joysticks und 6-Achsen-Bewegungen.<\/strong><\/strong><\/h3>\n\n\n\n<p>Der GPD WIN 4 2023 bietet mit seinen ALPS 3D-Joysticks und Gaming-Tasten ein \u00fcberragendes Spielerlebnis. Diese hochwertigen Bedienelemente sorgen f\u00fcr pr\u00e4zise Eingaben und optimales Feedback und gew\u00e4hrleisten so ein pr\u00e4zises und fesselndes Gameplay. Dank des 6-Achsen-Gyroskops genie\u00dfen Sie eine verbesserte Bewegungssteuerung, die intuitive Bewegungen in kompatiblen Spielen erm\u00f6glicht. Die beiden Vibrationsmotoren sorgen f\u00fcr ein noch intensiveres Spielerlebnis und geben Ihnen ein taktiles Feedback, das Ihre Abenteuer noch intensiver werden l\u00e4sst.   <\/p>\n<\/div>\n\n\n\n<div class=\"wp-block-column is-layout-flow wp-block-column-is-layout-flow\">\n<figure class=\"wp-block-image size-full\"><img decoding=\"async\" width=\"300\" height=\"300\" src=\"https:\/\/gpdstore.net\/wp-content\/uploads\/2024\/05\/078c9d42-e74f-4fb3-893b-5f22ffd9d6ed.__CR1300600600_PT0_SX300_V1___.jpg\" alt=\"ssd in gpd win 4\" class=\"wp-image-1558\" srcset=\"https:\/\/gpdstore.net\/wp-content\/uploads\/2024\/05\/078c9d42-e74f-4fb3-893b-5f22ffd9d6ed.__CR1300600600_PT0_SX300_V1___.jpg 300w, https:\/\/gpdstore.net\/wp-content\/uploads\/2024\/05\/078c9d42-e74f-4fb3-893b-5f22ffd9d6ed.__CR1300600600_PT0_SX300_V1___-150x150.jpg 150w, https:\/\/gpdstore.net\/wp-content\/uploads\/2024\/05\/078c9d42-e74f-4fb3-893b-5f22ffd9d6ed.__CR1300600600_PT0_SX300_V1___-100x100.jpg 100w\" sizes=\"(max-width: 300px) 100vw, 300px\" \/><\/figure>\n\n\n\n<h3 class=\"wp-block-heading\"><strong><strong><strong>Null Verz\u00f6gerung:<\/strong> Eliminieren Sie Ladezeiten mit bis zu 4 TB PCIe 4.0 SSD-Speicher.<\/strong><\/strong><\/h3>\n\n\n\n<p>Das GPD WIN 4 2023 bietet reichlich Speicherplatz f\u00fcr Ihre Spielebibliothek und Ihre Multimedia-Anforderungen. Mit einer PCIe 4.0 M.2 2280 SSD k\u00f6nnen Sie zwischen 512GB, 2TB oder satten 4TB Speicherplatz w\u00e4hlen. Diese Hochgeschwindigkeits-SSD sorgt f\u00fcr schnellen Datenzugriff und k\u00fcrzere Ladezeiten, so dass Sie sich ohne Verz\u00f6gerung in Ihre Lieblingsspiele st\u00fcrzen k\u00f6nnen. Bei einer so gro\u00dfen Speicherkapazit\u00e4t m\u00fcssen Sie sich nie Sorgen machen, dass Ihnen der Platz f\u00fcr Ihre wachsende Sammlung von Spielen, Filmen oder anderen Mediendateien ausgeht.    <\/p>\n<\/div>\n\n\n\n<div class=\"wp-block-column is-layout-flow wp-block-column-is-layout-flow\">\n<figure class=\"wp-block-image size-full\"><img loading=\"lazy\" decoding=\"async\" width=\"300\" height=\"300\" src=\"https:\/\/gpdstore.net\/wp-content\/uploads\/2024\/05\/a8eb6f30-f8ed-4e5f-8fa9-fd52740523bc.__CR1530747747_PT0_SX300_V1___.jpg\" alt=\"k&#xFC;hlsystem f&#xFC;r gpd win mini\" class=\"wp-image-1559\" srcset=\"https:\/\/gpdstore.net\/wp-content\/uploads\/2024\/05\/a8eb6f30-f8ed-4e5f-8fa9-fd52740523bc.__CR1530747747_PT0_SX300_V1___.jpg 300w, https:\/\/gpdstore.net\/wp-content\/uploads\/2024\/05\/a8eb6f30-f8ed-4e5f-8fa9-fd52740523bc.__CR1530747747_PT0_SX300_V1___-150x150.jpg 150w, https:\/\/gpdstore.net\/wp-content\/uploads\/2024\/05\/a8eb6f30-f8ed-4e5f-8fa9-fd52740523bc.__CR1530747747_PT0_SX300_V1___-100x100.jpg 100w\" sizes=\"(max-width: 300px) 100vw, 300px\" \/><\/figure>\n\n\n\n<h3 class=\"wp-block-heading\"><strong><strong><strong>H\u00f6chste Leistung:<\/strong> Verhinderung von Drosselung mit dem 50% effizienteren Dual Heat Pipe K\u00fchlsystem.<\/strong><\/strong><\/h3>\n\n\n\n<p>Das GPD WIN 4 2023 verf\u00fcgt \u00fcber ein ausgekl\u00fcgeltes K\u00fchlsystem, das auch bei l\u00e4ngeren Gaming-Sessions eine optimale Leistung gew\u00e4hrleistet. Mit seinen dicken dualen Heatpipes erh\u00f6ht dieser tragbare Gaming-PC die thermische Effizienz um 50% im Vergleich zu fr\u00fcheren Modellen. Die verbesserte W\u00e4rmeableitung sorgt daf\u00fcr, dass Ihr Ger\u00e4t auch bei starker Belastung k\u00fchl bleibt. So wird eine Leistungsdrosselung verhindert und ein reibungsloses und unterbrechungsfreies Gameplay gew\u00e4hrleistet.  <\/p>\n<\/div>\n<\/div>\n\n<h2 class=\"wp-block-heading\">GPD WIN 4 2024: Ein Durchbruch bei tragbaren Gaming-PCs<\/h2>\n\n<figure class=\"wp-block-image size-large\"><img decoding=\"async\" src=\"https:\/\/gpdstore.net\/wp-content\/uploads\/\" alt=\"gpd win 4 in wei&#xDF;\" class=\"wp-image-1626\"\/><\/figure>\n\n<h2 class=\"wp-block-heading\"><strong>Unerreichte Leistung: Ausgestattet mit AMD Ryzen 7 und 5 Prozessoren<\/strong><\/h2>\n\n<p>Beim <strong>GPD WIN 4 2023<\/strong> haben Sie die Wahl zwischen dem <a href=\"https:\/\/www.amd.com\/en\/products\/apu\/amd-ryzen-7-7840u\" target=\"_blank\" rel=\"noreferrer noopener\">AMD Ryzen 7 7840U<\/a> Prozessor mit 8 Kernen und 16 Threads, der mit bis zu 5,1 GHz l\u00e4uft, und dem <a href=\"https:\/\/www.amd.com\/en\/products\/apu\/amd-ryzen-5-7640u\" target=\"_blank\" rel=\"noreferrer noopener\">AMD Ryzen 5 7640U<\/a> mit 6 Kernen und 12 Threads, der eine Geschwindigkeit von bis zu 4,9 GHz erreicht. In Verbindung mit den AMD Radeon GPUs sorgt der <strong>GPD WIN 4 2023<\/strong> selbst bei den anspruchsvollsten Titeln f\u00fcr fl\u00fcssiges Gameplay. Die leistungsstarke Grafikkarte liefert eine atemberaubende Grafik und fl\u00fcssige Bildraten und sorgt f\u00fcr ein beeindruckendes Spielerlebnis, egal ob Sie riesige offene Welten erkunden oder sich in intensive Multiplayer-Schlachten st\u00fcrzen.<\/p>\n\n<h2 class=\"wp-block-heading\"><strong>Entfesseln Sie Ihre Kreativit\u00e4t: Bis zu 64GB LPDDR5X RAM<\/strong><\/h2>\n\n<p>Um die unglaubliche Leistung zu erg\u00e4nzen, ist der <strong>GPD WIN 4 2023<\/strong> mit 32GB oder 64GB LPDDR5X RAM beim 7840U Modell und 16GB <a href=\"https:\/\/en.wikipedia.org\/wiki\/LPDDR\" target=\"_blank\" rel=\"noreferrer noopener\">LPDDR5X<\/a> RAM beim 7640U Modell ausgestattet. Mit einer blitzschnellen Speichergeschwindigkeit von 6400 MT\/s erleben Sie rasante Ladezeiten und nahtloses Multitasking. Verabschieden Sie sich von der Verz\u00f6gerung und genie\u00dfen Sie das ununterbrochene Gameplay, w\u00e4hrend Sie Quests bew\u00e4ltigen, neue Welten erkunden oder Ihre virtuellen Meisterwerke herstellen.<\/p>\n\n<h2 class=\"wp-block-heading\"><strong>Fesselndes Bildmaterial: 6&#8243; Touchscreen-Display<\/strong><\/h2>\n\n<p>Erlebe Spiele wie nie zuvor mit dem atemberaubenden 6-Zoll-Touchscreen-Display des <strong>GPD WIN 4 2023<\/strong>. Mit einer Full HD-Aufl\u00f6sung (1920&#215;1080) und einer Pixeldichte von 368 <a href=\"https:\/\/en.wikipedia.org\/wiki\/Pixel_density\" target=\"_blank\" rel=\"noreferrer noopener\">PPI<\/a> wird jedes Bild pr\u00e4zise und klar wiedergegeben. Das Display unterst\u00fctzt eine Bildwiederholfrequenz von 44 Hz und 60 Hz, wodurch ein fl\u00fcssiges Gameplay gew\u00e4hrleistet und Bewegungsunsch\u00e4rfen minimiert werden. Tauchen Sie ein in die fesselnden Welten Ihrer Lieblingsspiele mit einer Grafik, die zum Leben erwacht.   <\/p>\n\n<h2 class=\"wp-block-heading\"><strong>M\u00fchsames Tippen: QWERTY-Tastatur mit einstellbarer Hintergrundbeleuchtung<\/strong><\/h2>\n\n<p>Das <strong>GPD WIN 4 2023<\/strong> verf\u00fcgt \u00fcber eine QWERTY-Tastatur mit Scherentasten, die f\u00fcr mehr Komfort sorgt. Mit dieser Tastatur, die ein taktiles Tipperlebnis bietet, k\u00f6nnen Sie m\u00fchelos mit Freunden chatten, im Internet surfen oder Notizen machen. Die stets einstellbare Hintergrundbeleuchtung sorgt daf\u00fcr, dass Sie auch in schwach beleuchteten Umgebungen weiter spielen oder arbeiten k\u00f6nnen. Mit der komfortablen und vielseitigen Tastatur des <strong>GPD WIN 4 2023<\/strong> k\u00f6nnen Sie nahtlos vom Gaming zur Produktivit\u00e4t \u00fcbergehen.   <\/p>\n\n<h2 class=\"wp-block-heading\"><strong>Fl\u00fcssige Navigation: Optische Fingernavigation<\/strong><\/h2>\n\n<p>Mit der optischen Fingernavigation des <strong>GPD WIN 4 2023<\/strong> navigieren Sie m\u00fchelos durch Ihre Lieblingsspiele und -anwendungen. Verabschieden Sie sich von umst\u00e4ndlichen Touchpads und genie\u00dfen Sie die pr\u00e4zise und reaktionsschnelle Steuerung mit dieser intuitiven Funktion. Ganz gleich, ob Sie durch Men\u00fcs scrollen oder weitl\u00e4ufige Umgebungen erkunden, die optische Fingernavigation sorgt f\u00fcr eine reibungslose und pr\u00e4zise Navigation und damit f\u00fcr ein nahtloses Benutzererlebnis.  <\/p>\n\n<h2 class=\"wp-block-heading\"><strong>Vielseitige Anschlussm\u00f6glichkeiten: USB4, OCuLink, USB Typ-C und microSD-Kartensteckplatz<\/strong><\/h2>\n\n<figure class=\"wp-block-image size-full\"><img loading=\"lazy\" decoding=\"async\" width=\"695\" height=\"567\" src=\"https:\/\/gpdstore.net\/wp-content\/uploads\/2024\/05\/wmzjr3vrvkng71unwqmb.jpg\" alt=\"gpd win 4 mit gpd g1\" class=\"wp-image-1625\" srcset=\"https:\/\/gpdstore.net\/wp-content\/uploads\/2024\/05\/wmzjr3vrvkng71unwqmb.jpg 695w, https:\/\/gpdstore.net\/wp-content\/uploads\/2024\/05\/wmzjr3vrvkng71unwqmb-150x122.jpg 150w, https:\/\/gpdstore.net\/wp-content\/uploads\/2024\/05\/wmzjr3vrvkng71unwqmb-600x489.jpg 600w, https:\/\/gpdstore.net\/wp-content\/uploads\/2024\/05\/wmzjr3vrvkng71unwqmb-441x360.jpg 441w\" sizes=\"(max-width: 695px) 100vw, 695px\" \/><\/figure>\n\n<p>Das <strong>GPD WIN 4 2023<\/strong> erf\u00fcllt Ihre Anforderungen an die Konnektivit\u00e4t mit einer Reihe von Optionen. \u00dcber den USB4-Anschluss k\u00f6nnen Sie externe Ger\u00e4te und Peripherieger\u00e4te anschlie\u00dfen und so Ihre Spielm\u00f6glichkeiten erweitern. Der <g id=\"gid_1\">OCuLink-Anschluss<\/g> bietet eine direkte <g id=\"gid_2\">PCIe<\/g> Gen4 x4-Verbindung mit einer beeindruckenden effektiven Bandbreite von 63 Gbps und unterst\u00fctzt blitzschnelle Daten\u00fcbertragungen sowie die GPD G1 Docking Station f\u00fcr zus\u00e4tzliche Anschlussm\u00f6glichkeiten. Der USB-Typ-C-Anschluss sorgt f\u00fcr Kompatibilit\u00e4t mit einer Vielzahl von Ger\u00e4ten, und der microSD-Kartensteckplatz erm\u00f6glicht eine bequeme Speichererweiterung.   <\/p>\n\n<h2 class=\"wp-block-heading\"><strong>Hochgeschwindigkeits-Konnektivit\u00e4t: Wi-Fi 6 &amp; Bluetooth 5.2<\/strong><\/h2>\n\n<p>Dank der Wi-Fi 6-F\u00e4higkeit des <strong>GPD WIN 4 2023<\/strong> bleiben Sie nahtlos verbunden. Mit Geschwindigkeiten von bis zu 2042 Mbit\/s genie\u00dfen Sie verz\u00f6gerungsfreie Online-Spiele, reibungsloses Streaming und schnelle Downloads. Verabschiede dich von Verz\u00f6gerungen und genie\u00dfe eine stabile und reaktionsschnelle Verbindung, wo immer dich deine Abenteuer hinf\u00fchren. Egal, ob du online gegen andere Spieler antrittst oder deine Lieblingsinhalte streamst, das <strong>GPD WIN 4 2023<\/strong> h\u00e4lt dich mit unvergleichlicher Geschwindigkeit in Verbindung.   <\/p>\n\n<h2 class=\"wp-block-heading\"><strong>Optionales 4G LTE-Modul: \u00dcberall verbunden bleiben<\/strong><\/h2>\n\n<p>F\u00fcr diejenigen, die sich nach einer unterbrechungsfreien Verbindung abseits von Wi-Fi-Netzwerken sehnen, bietet das <strong>GPD WIN 4 2023<\/strong> ein optionales GPD 4G LTE-Modul. Dieses Modul unterst\u00fctzt 4G TD-LTE, FDD-LTE und 3G CDMA-Netzwerke und sorgt daf\u00fcr, dass Sie \u00fcberall in Verbindung bleiben. Stecken Sie einfach eine Nano-SIM-Karte ein, und schon haben Sie auch unterwegs Zugang zu schnellen und zuverl\u00e4ssigen mobilen Daten. Bleiben Sie mit Freunden in Verbindung, nehmen Sie an Online-Multiplayer-Spielen teil, und genie\u00dfen Sie Streaming-Unterhaltung, ohne auf Wi-Fi-Netzwerke angewiesen zu sein.   <\/p>\n\n<h2 class=\"wp-block-heading\"><strong>Einf\u00fchrung von MotionAssistant: Erh\u00f6hen Sie Ihr Spielerlebnis<\/strong><\/h2>\n\n<p>Um Ihr Spielerlebnis noch weiter zu verbessern, ist das <strong>GPD WIN 4 2023<\/strong> mit der leistungsstarken Software MotionAssistant ausgestattet. Dieses Tool wurde speziell f\u00fcr die GPD-Handheld-Gaming-Ger\u00e4teserie entwickelt und bietet eine Vielzahl von Optimierungsfunktionen zur Feinabstimmung Ihres Spielerlebnisses. Vom TDP Tuning in 1W-Schritten bis zur GPU-Lock-Frequenz haben Sie die volle Kontrolle \u00fcber die Leistung Ihres Ger\u00e4ts. Vordefinierte Stromverbrauchseinstellungen erm\u00f6glichen es Ihnen, Leistung und Akkulaufzeit nach Ihren Bed\u00fcrfnissen auszugleichen. Die Software bietet au\u00dferdem Tastenkombinationen f\u00fcr den Wechsel in den Vordergrund, Overlays auf dem Spielbildschirm f\u00fcr den schnellen Zugriff auf wichtige Funktionen und eine benutzerdefinierte Zuordnung von R\u00fccktasten zu Tastenkombinationen. Mit MotionAssistant k\u00f6nnen Sie Einstellungen \u00e4ndern, ohne Ihr Spiel zu unterbrechen, und so Ihr Spielerlebnis einfacher denn je optimieren.     <\/p>\n\n<h2 class=\"wp-block-heading\"><strong>Fazit<\/strong><\/h2>\n\n<p>Das <strong>GPD WIN 4 2023<\/strong> definiert Gaming f\u00fcr unterwegs neu und bietet einen kompakten Formfaktor mit leistungsstarker Hardware, einem fesselnden Display, komfortablen Bedienelementen und vielseitigen Anschlussm\u00f6glichkeiten. Ganz gleich, ob Sie ein Gelegenheitsspieler sind, der seine Lieblingstitel genie\u00dft, oder ein ernsthafter Enthusiast, der unterwegs leistungsstarkes Gaming sucht, das <strong>GPD WIN 4 2023<\/strong> ist der perfekte Begleiter. Entfesseln Sie mit diesem bemerkenswerten Ger\u00e4t Ihre Gaming-Power \u00fcberall und jederzeit. Machen Sie sich bereit, mit dem <strong>GPD WIN 4 2023<\/strong> das mobile Spielen neu zu definieren.   <\/p>\n\n<h3 class=\"wp-block-heading\"><strong>Die Vorteile des GPD WIN 4 2023:<\/strong><\/h3>\n\n<ol class=\"wp-block-list\">\n<li><strong>Starke Leistung:<\/strong> Ausgestattet mit der leistungsstarken AMD Ryzen 5 &amp; 7 Serie CPU und GPU, die au\u00dfergew\u00f6hnliche Spieleleistung und Multitasking-F\u00e4higkeiten bieten.<\/li>\n\n\n\n<li><strong>Kompaktes und tragbares Design:<\/strong> Der Handheld-Formfaktor bietet den Komfort des Spielens unterwegs. Er ist leicht und passt problemlos in Ihre Tasche, so dass Sie \u00fcberall spielen k\u00f6nnen, wo Sie gerade sind. <\/li>\n\n\n\n<li><strong>Vielseitige Konnektivit\u00e4t:<\/strong> Bietet eine Reihe von Konnektivit\u00e4tsoptionen, darunter USB4, Oculink, USB Typ-C und einen microSD-Kartensteckplatz. Diese Optionen bieten Flexibilit\u00e4t f\u00fcr den Anschluss externer Ger\u00e4te und die Erweiterung des Speichers. <\/li>\n\n\n\n<li><strong>Anpassungsoptionen:<\/strong> Mit der MotionAssistant-Software k\u00f6nnen Sie Ihr Spielerlebnis feinabstimmen und optimieren. Von TDP bis hin zur benutzerdefinierten Belegung der Tasten k\u00f6nnen Sie das Ger\u00e4t an Ihre Vorlieben anpassen. <\/li>\n\n\n\n<li><strong>All-in-One Gaming-L\u00f6sung:<\/strong> Kombiniert die Funktionalit\u00e4t eines Gaming-PCs mit der Tragbarkeit eines Handhelds. Sie brauchen keine separaten Spielkonsolen mehr und k\u00f6nnen eine breite Palette von Spielen in einem Ger\u00e4t genie\u00dfen.<\/li>\n<\/ol>\n\n<h3 class=\"wp-block-heading\"><strong>Nachteile des GPD WIN 4 2023:<\/strong><\/h3>\n\n<ol class=\"wp-block-list\">\n<li><strong>Begrenzte Bildschirmgr\u00f6\u00dfe:<\/strong> Mit einem 6-Zoll-Touchscreen, der sich im Vergleich zu gr\u00f6\u00dferen Handhelds oder Desktop-Monitoren klein anf\u00fchlt, kann das Spielerlebnis f\u00fcr manche Spieler beeintr\u00e4chtigt werden.<\/li>\n\n\n\n<li><strong>Reduzierte Tastaturgr\u00f6\u00dfe:<\/strong> Aufgrund des kompakten Formfaktors ist die Tastatur kleiner und kann f\u00fcr Benutzer, die an Tastaturen in voller Gr\u00f6\u00dfe gew\u00f6hnt sind, etwas gew\u00f6hnungsbed\u00fcrftig sein.<\/li>\n\n\n\n<li><strong>Abh\u00e4ngigkeit vom Akku:<\/strong> Als tragbares Ger\u00e4t ist das GPD WIN 4 2023 auf seinen internen Akku angewiesen. L\u00e4ngere Spielsitzungen k\u00f6nnen h\u00e4ufiges Aufladen erfordern, was die Dauer des ununterbrochenen Spielens einschr\u00e4nkt. <\/li>\n<\/ol>\n","protected":false},"excerpt":{"rendered":"<ul>\n<li>CPU: AMD Ryzen 5 \/ 7<strong> 7640U \/ 7840U <\/strong> <\/li>\n<li>GPU: AMD Radeon<strong> 760M \/ 780M<\/strong><\/li>\n<li>RAM: bis zu<strong> 64GB LPDDR5X @ 6400 MT\/s<\/strong><\/li>\n<li>SPEICHER: bis zu<strong> 4TB<\/strong> <strong>Gen 4<\/strong> PCI-E NVMe SSD<\/li>\n<li>CONNECTIVITY: Wi-Fi<strong> 6<\/strong> &amp; Bluetooth <strong>5.2<\/strong> Unterst\u00fctzung<\/li>\n<\/ul>\n<p><img loading=\"lazy\" decoding=\"async\" src=\"https:\/\/gpdstore.net\/wp-content\/uploads\/2024\/03\/WIN-4-FREE-GIFTS.jpg\" alt=\"\" width=\"2000\" height=\"500\" class=\"alignnone size-full wp-image-4175\" srcset=\"https:\/\/gpdstore.net\/wp-content\/uploads\/2024\/03\/WIN-4-FREE-GIFTS.jpg 2000w, https:\/\/gpdstore.net\/wp-content\/uploads\/2024\/03\/WIN-4-FREE-GIFTS-600x150.jpg 600w, https:\/\/gpdstore.net\/wp-content\/uploads\/2024\/03\/WIN-4-FREE-GIFTS-1200x300.jpg 1200w, https:\/\/gpdstore.net\/wp-content\/uploads\/2024\/03\/WIN-4-FREE-GIFTS-768x192.jpg 768w, https:\/\/gpdstore.net\/wp-content\/uploads\/2024\/03\/WIN-4-FREE-GIFTS-1536x384.jpg 1536w, https:\/\/gpdstore.net\/wp-content\/uploads\/2024\/03\/WIN-4-FREE-GIFTS-360x90.jpg 360w, https:\/\/gpdstore.net\/wp-content\/uploads\/2024\/03\/WIN-4-FREE-GIFTS-990x248.jpg 990w, https:\/\/gpdstore.net\/wp-content\/uploads\/2024\/03\/WIN-4-FREE-GIFTS-441x110.jpg 441w, https:\/\/gpdstore.net\/wp-content\/uploads\/2024\/03\/WIN-4-FREE-GIFTS-150x38.jpg 150w\" sizes=\"(max-width: 2000px) 100vw, 2000px\" \/><\/p>\n[cg_accordion title=\"INFO ZUR BEZAHLUNG\"]<\/p>\n<p>Wir verwenden die neueste Technologie in der Zahlungsabwicklung, die es Ihnen erm\u00f6glicht, mit Ihrer Debit-\/Kreditkarte oder mit PayPal schnell und sicher zu bezahlen.[\/cg_accordion]\n[cg_accordion title=\"GARANTIE\"]<\/p>\n<p>2 Jahre Garantie von <a href=\"https:\/\/droix.net\/\" target=\"_blank\" rel=\"nofollow noopener\">DROIX Global<\/a> f\u00fcr Ihren Seelenfrieden[\/cg_accordion]\n[cg_accordion title=\"QUALIT\u00c4TSSICHERUNG &amp; TESTS VOR DER AUSLIEFERUNG\"]<\/p>\n<p>Sicherstellung der Kundenzufriedenheit auf h\u00f6chstem Niveau: Jedes Ger\u00e4t wird vor der Auslieferung strengen Tests und einer mehrstufigen Qualit\u00e4tskontrolle unterzogen. Unser engagiertes Team pr\u00fcft die Leistung, Funktionalit\u00e4t und Integrit\u00e4t der Komponenten, um zu gew\u00e4hrleisten, dass Ihr GPD-Ger\u00e4t bei der Ankunft in einwandfreiem Zustand ist und Sie sich darauf verlassen k\u00f6nnen. [\/cg_accordion]\n[cg_accordion title=\"PREISE, STEUERN UND VERSAND\"]<\/p>\n<p><strong><u>Anmerkung:<\/u><\/strong><\/p>\n<ul>\n<li>Kunden aus den Vereinigten Staaten: Der angezeigte Preis enth\u00e4lt KEINE STEUERN oder Z\u00f6lle. Die Verantwortung f\u00fcr die Zollabfertigung und die Zahlung aller damit verbundenen Steuern und Abgaben liegt beim Kunden. <\/li>\n<li>EU-Kunden: Der angezeigte Preis enth\u00e4lt die gesetzliche Mehrwertsteuer, die je nach Land bis zu 25% betragen kann.<\/li>\n<li>Kunden aus Kanada: Der angezeigte Preis enth\u00e4lt die anfallenden Steuern, die je nach Provinz 5% GST und zus\u00e4tzliche Provincial Sales Taxes (PST), Harmonized Sales Tax (HST) oder Quebec Sales Tax (QST) umfassen k\u00f6nnen.<\/li>\n<\/ul>\n<p><strong>NUR f\u00fcr EU-Kunden:<\/strong> Express DDP (Delivered Duty Paid). Dies bedeutet: <\/p>\n<ul>\n<li>Alle Zollgeb\u00fchren und Steuern sind in dem auf der Produktseite angegebenen Preis enthalten.<\/li>\n<li>Bei der Zustellung m\u00fcssen Sie keine zus\u00e4tzlichen Geb\u00fchren zahlen.<\/li>\n<li>Im seltenen Fall von Zollproblemen \u00fcbernimmt unser Team die Zollabfertigung in Ihrem Namen, um eine reibungslose Lieferung zu gew\u00e4hrleisten.<\/li>\n<p>Wichtige Informationen \u00fcber R\u00fccksendungen:<\/p>\n<li>Wenn Sie sich entscheiden, Ihre Bestellung zur\u00fcckzusenden oder eine R\u00fcckerstattung zu beantragen, beachten Sie bitte, dass Steuern und Abgaben, die in Ihrem Namen gem\u00e4\u00df den DDP-Bedingungen gezahlt wurden, nicht erstattet werden k\u00f6nnen.<\/li>\n<p>Ausf\u00fchrliche Informationen finden Sie in unseren <a href=\"https:\/\/droix.net\/terms-and-conditions\/\" target=\"_blank\" rel=\"nofollow noopener\">Allgemeinen Gesch\u00e4ftsbedingungen<\/a>.\n<\/ul>\n<p>[\/cg_accordion]\n[cg_accordion title=\"KUNDENBETREUUNG\"]<\/p>\n<p>Haben Sie eine Frage? Wir sind nur einen kurzen Text davon entfernt, Ihr Problem zu l\u00f6sen! <\/p>\n<p>Ausf\u00fchrliche Informationen finden Sie in unseren <a href=\"https:\/\/gpdstore.net\/de\/terms-of-service\/\" target=\"_blank\" rel=\"nofollow noopener\">Allgemeinen Gesch\u00e4ftsbedingungen<\/a>.\n<\/ul>\n<p>[\/cg_accordion]\n[cg_accordion title=\"WAS ENTHALTEN IST\"]<\/p>\n<ul>\n<li>1x GPD WIN 4 2023<\/li>\n<li>1x Netzadapter<\/li>\n<li>1x USB Typ-C Kabel<\/li>\n<li>1x Benutzerhandbuch<\/li>\n<\/ul>\n<p>[\/cg_accordion]\n","protected":false},"featured_media":10284,"template":"","meta":{"_acf_changed":false},"product_brand":[],"product_cat":[854],"product_tag":[857],"woo-feed-brand":[858],"class_list":{"0":"post-8011","1":"product","2":"type-product","3":"status-publish","4":"has-post-thumbnail","6":"product_cat-gpd-handheld-pc-fur-spiele","7":"product_tag-gpd-win-4-de","8":"product_shipping_class-premium","9":"pa_bluetooth-5-2-de","10":"pa_brand-gpd","11":"pa_graphics-gpu-model-radeon-760m-de","12":"pa_graphics-gpu-model-radeon-780m-de","13":"pa_i-o-video-1x-oculink-de","14":"pa_i-o-video-uber-1x-usb-4-0-typ-c-40gb-s","15":"pa_memory-ram-capacity-16gb-de","16":"pa_memory-ram-capacity-32gb-de","17":"pa_memory-ram-capacity-64gb-de","18":"pa_memory-ram-technology-lpddr5x-de","19":"pa_processor-cpu-model-amd-ryzen-5-7640u","20":"pa_processor-cpu-model-amd-ryzen-7-7840u","21":"pa_storage-capacity-1tb-de","22":"pa_storage-capacity-2tb-de","23":"pa_storage-capacity-4tb-de","24":"pa_storage-capacity-512gb-de","25":"pa_storage-technology-pcie-gen-4-de","26":"pa_wi-fi-wi-fi-6-de","27":"woo-feed-brand-gpd-de","29":"first","30":"outofstock","31":"sale","32":"taxable","33":"shipping-taxable","34":"purchasable","35":"product-type-variable","36":"has-default-attributes"},"acf":[],"aioseo_notices":[],"_links":{"self":[{"href":"https:\/\/gpdstore.net\/de\/wp-json\/wp\/v2\/product\/8011","targetHints":{"allow":["GET"]}}],"collection":[{"href":"https:\/\/gpdstore.net\/de\/wp-json\/wp\/v2\/product"}],"about":[{"href":"https:\/\/gpdstore.net\/de\/wp-json\/wp\/v2\/types\/product"}],"wp:featuredmedia":[{"embeddable":true,"href":"https:\/\/gpdstore.net\/de\/wp-json\/wp\/v2\/media\/10284"}],"wp:attachment":[{"href":"https:\/\/gpdstore.net\/de\/wp-json\/wp\/v2\/media?parent=8011"}],"wp:term":[{"taxonomy":"product_brand","embeddable":true,"href":"https:\/\/gpdstore.net\/de\/wp-json\/wp\/v2\/product_brand?post=8011"},{"taxonomy":"product_cat","embeddable":true,"href":"https:\/\/gpdstore.net\/de\/wp-json\/wp\/v2\/product_cat?post=8011"},{"taxonomy":"product_tag","embeddable":true,"href":"https:\/\/gpdstore.net\/de\/wp-json\/wp\/v2\/product_tag?post=8011"},{"taxonomy":"woo-feed-brand","embeddable":true,"href":"https:\/\/gpdstore.net\/de\/wp-json\/wp\/v2\/woo-feed-brand?post=8011"}],"curies":[{"name":"wp","href":"https:\/\/api.w.org\/{rel}","templated":true}]}}