{"id":7648,"date":"2023-03-24T15:33:39","date_gmt":"2023-03-24T15:33:39","guid":{"rendered":"https:\/\/gpdstore.net\/unkategorisiert\/gpd-win-max-2-schutzhuelle\/"},"modified":"2026-01-06T11:20:45","modified_gmt":"2026-01-06T11:20:45","slug":"gpd-win-max-2-protective-case","status":"publish","type":"product","link":"https:\/\/gpdstore.net\/de\/product\/gpd-win-max-2-protective-case\/","title":{"rendered":"GPD WIN Max 2 Ledertasche &#8211; Premium-Schutz und Stil!"},"content":{"rendered":"\n<p>Sch\u00fctzen Sie Ihr <strong>GPD WIN Max 2<\/strong> mit dieser <strong>eleganten und robusten Ledertasche<\/strong>. Dieses erstklassige Accessoire wurde f\u00fcr eine <strong>perfekte Passform<\/strong> entwickelt und <strong>sch\u00fctzt<\/strong> Ihr Ger\u00e4t <strong>sicher und stilvoll<\/strong>, egal ob zu Hause oder unterwegs. <\/p>\n\n<h2 class=\"wp-block-heading\"><strong>Wesentliche Merkmale:<\/strong><\/h2>\n\n<p><strong>Hochwertiges Leder<\/strong> &#8211; Hochwertiges Leder sorgt f\u00fcr einen anspruchsvollen Look und \u00fcberragende Haltbarkeit.<\/p>\n\n<p><strong>Perfekter Sitz und Rundumschutz<\/strong> &#8211; Speziell f\u00fcr das <strong>GPD WIN Max 2<\/strong> angefertigt, gew\u00e4hrleistet es einen <strong>sicheren, passgenauen Sitz<\/strong> und sch\u00fctzt Ihr Ger\u00e4t vor Kratzern, Staub und kleineren St\u00f6\u00dfen.  <\/p>\n\n<p><strong>Weiche Innenauskleidung<\/strong> &#8211; Sch\u00fctzt den Bildschirm und das Geh\u00e4use Ihres Ger\u00e4ts vor Abrieb und h\u00e4lt es staubfrei.<\/p>\n\n<p><strong>Schlankes und leichtes Design<\/strong> &#8211; Bietet ausgezeichneten Schutz ohne zus\u00e4tzliches Gewicht und ist daher ideal f\u00fcr Reisen.<\/p>\n\n<p><strong>Magnetischer Verschluss<\/strong> &#8211; H\u00e4lt Ihr Ger\u00e4t sicher und erm\u00f6glicht gleichzeitig einen schnellen und einfachen Zugriff.  <\/p>\n\n<p>Werten Sie Ihr <strong>GPD WIN Max 2<\/strong> mit dieser <strong>luxuri\u00f6sen Ledertasche<\/strong> auf &#8211; hier <strong>trifft Stil auf Schutz<\/strong>!<\/p>\n","protected":false},"excerpt":{"rendered":"<ul>\n<li><strong>Offizielle<\/strong> GPD WIN Max 2 Ledertasche<\/li>\n<li><strong>Hochwertiges Leder<\/strong> &#8211; Elegant, strapazierf\u00e4hig und langlebig.<\/li>\n<li><strong>Weiche Innenauskleidung<\/strong> &#8211; Sch\u00fctzt vor Kratzern und Staub.<\/li>\n<li><strong>Leicht und tragbar<\/strong> &#8211; Einfach zu transportieren, ohne zu sperrig zu sein.<\/li>\n<li><strong>Magnetischer Verschluss<\/strong> &#8211; Sicherer und bequemer Zugriff.<\/li>\n<\/ul>\n[cg_accordion title=\"INFO ZUR BEZAHLUNG\"]<\/p>\n<p>Wir verwenden die neueste Technologie in der Zahlungsabwicklung, die es Ihnen erm\u00f6glicht, \u00fcber Apple Pay, Google Pay, Ihre Debit-\/Kreditkarte, PayPal oder BNPL-Methoden wie Klarna, Affirm oder AfterPay schnell und sicher zu bezahlen.[\/cg_accordion]\n[cg_accordion title=\"GARANTIE\"]<\/p>\n<p>2 Jahre Garantie von <a href=\"https:\/\/droix.net\/\" target=\"_blank\" rel=\"nofollow noopener\">DROIX Global<\/a> f\u00fcr Ihren Seelenfrieden[\/cg_accordion]\n[cg_accordion title=\"PREISE, STEUERN UND VERSAND\"]<\/p>\n<p><strong><u>Anmerkung:<\/u><\/strong><\/p>\n<ul>\n<li>Kunden aus den Vereinigten Staaten: Der angezeigte Preis enth\u00e4lt KEINE STEUERN oder Z\u00f6lle. Die Verantwortung f\u00fcr die Zollabfertigung und die Zahlung aller damit verbundenen Steuern und Abgaben liegt beim Kunden. <\/li>\n<li>EU-Kunden: Der angezeigte Preis enth\u00e4lt die gesetzliche Mehrwertsteuer, die je nach Land bis zu 25% betragen kann.<\/li>\n<li>Kunden aus Kanada: Der angezeigte Preis enth\u00e4lt die anfallenden Steuern, die je nach Provinz 5% GST und zus\u00e4tzliche Provincial Sales Taxes (PST), Harmonized Sales Tax (HST) oder Quebec Sales Tax (QST) umfassen k\u00f6nnen.<\/li>\n<\/ul>\n<p><strong>NUR f\u00fcr EU-Kunden:<\/strong> Express DDP (Delivered Duty Paid). Dies bedeutet: <\/p>\n<ul>\n<li>Alle Zollgeb\u00fchren und Steuern sind in dem auf der Produktseite angegebenen Preis enthalten.<\/li>\n<li>Bei der Zustellung m\u00fcssen Sie keine zus\u00e4tzlichen Geb\u00fchren zahlen.<\/li>\n<li>Im seltenen Fall von Zollproblemen \u00fcbernimmt unser Team die Zollabfertigung in Ihrem Namen, um eine reibungslose Lieferung zu gew\u00e4hrleisten.<\/li>\n<p>Wichtige Informationen \u00fcber R\u00fccksendungen:<\/p>\n<li>Wenn Sie sich entscheiden, Ihre Bestellung zur\u00fcckzusenden oder eine R\u00fcckerstattung zu beantragen, beachten Sie bitte, dass Steuern und Abgaben, die in Ihrem Namen gem\u00e4\u00df den DDP-Bedingungen gezahlt wurden, nicht erstattet werden k\u00f6nnen.<\/li>\n<p>Ausf\u00fchrliche Informationen finden Sie in unseren <a href=\"https:\/\/gpdstore.net\/de\/terms-of-service\/\" target=\"_blank\" rel=\"nofollow noopener\">Allgemeinen Gesch\u00e4ftsbedingungen<\/a>.\n<\/ul>\n<p>[\/cg_accordion]\n[cg_accordion title=\"KUNDENBETREUUNG\"]<\/p>\n<p>Haben Sie eine Frage? Wir sind nur einen kurzen Text davon entfernt, Ihr Problem zu l\u00f6sen!<br \/>\n[\/cg_accordion]\n[cg_accordion title=\"WAS ENTHALTEN IST\"]<\/p>\n<ul>\n<li>1x GPD WIN MAX 2 Geh\u00e4use<\/li>\n<\/ul>\n<p>[\/cg_accordion]\n","protected":false},"featured_media":1075594,"template":"","meta":{"_acf_changed":false},"product_brand":[],"product_cat":[1199],"product_tag":[15871,1201],"woo-feed-brand":[858],"class_list":{"0":"post-7648","1":"product","2":"type-product","3":"status-publish","4":"has-post-thumbnail","6":"product_cat-zubehor","7":"product_tag-15xmsale-de","8":"product_tag-gpd-wm2-zubehor","9":"product_shipping_class-low-end","10":"pa_accessory-type-schutzhulle","11":"pa_brand-gpd","12":"woo-feed-brand-gpd-de","14":"first","15":"instock","16":"sale","17":"taxable","18":"shipping-taxable","19":"purchasable","20":"product-type-variable","21":"has-default-attributes"},"acf":[],"aioseo_notices":[],"_links":{"self":[{"href":"https:\/\/gpdstore.net\/de\/wp-json\/wp\/v2\/product\/7648","targetHints":{"allow":["GET"]}}],"collection":[{"href":"https:\/\/gpdstore.net\/de\/wp-json\/wp\/v2\/product"}],"about":[{"href":"https:\/\/gpdstore.net\/de\/wp-json\/wp\/v2\/types\/product"}],"wp:featuredmedia":[{"embeddable":true,"href":"https:\/\/gpdstore.net\/de\/wp-json\/wp\/v2\/media\/1075594"}],"wp:attachment":[{"href":"https:\/\/gpdstore.net\/de\/wp-json\/wp\/v2\/media?parent=7648"}],"wp:term":[{"taxonomy":"product_brand","embeddable":true,"href":"https:\/\/gpdstore.net\/de\/wp-json\/wp\/v2\/product_brand?post=7648"},{"taxonomy":"product_cat","embeddable":true,"href":"https:\/\/gpdstore.net\/de\/wp-json\/wp\/v2\/product_cat?post=7648"},{"taxonomy":"product_tag","embeddable":true,"href":"https:\/\/gpdstore.net\/de\/wp-json\/wp\/v2\/product_tag?post=7648"},{"taxonomy":"woo-feed-brand","embeddable":true,"href":"https:\/\/gpdstore.net\/de\/wp-json\/wp\/v2\/woo-feed-brand?post=7648"}],"curies":[{"name":"wp","href":"https:\/\/api.w.org\/{rel}","templated":true}]}}