{"id":7610,"date":"2023-03-26T17:56:24","date_gmt":"2023-03-26T17:56:24","guid":{"rendered":"https:\/\/gpdstore.net\/unkategorisiert\/gpd-win-max-2021-spiele-handheld-pc\/"},"modified":"2025-12-23T10:31:22","modified_gmt":"2025-12-23T10:31:22","slug":"gpd-win-max-2021","status":"publish","type":"product","link":"https:\/\/gpdstore.net\/de\/product\/gpd-win-max-2021\/","title":{"rendered":"GPD WIN MAX 2021 Spiele-Handheld-PC"},"content":{"rendered":"\n<p>Das GPD WIN MAX 2021 ist ein Gaming-Ultrabook, das f\u00fcr PC-Spiele unterwegs entwickelt wurde. Dieses leistungsstarke Ger\u00e4t gibt es in zwei Versionen, eine mit dem Intel\u00ae Core\u2122 i7-1195G7-Prozessor und die andere mit dem AMD Ryzen\u2122 7 4800U-CPU. Abgesehen von den unterschiedlichen CPU-Optionen sind die beiden Versionen des Ger\u00e4ts identisch.<\/p>\n\n<p>Wir bei GPD Store sind stolz darauf, den GPD WIN MAX 2021 f\u00fcr Gamer anbieten zu k\u00f6nnen, die einen leistungsstarken PC-Gaming-Handheld suchen, den sie \u00fcberallhin mitnehmen k\u00f6nnen. Dieses Ultrabook ist perfekt f\u00fcr Gamer, die ihre Lieblingsspiele auch unterwegs genie\u00dfen m\u00f6chten, ohne auf Leistung oder Qualit\u00e4t verzichten zu m\u00fcssen.<\/p>\n\n<p>Das GPD WIN MAX 2021 ist ein leistungsstarkes Gaming-Ultrabook mit einem 8,0 Zoll gro\u00dfen IPS-Touchscreen-Display und einer Aufl\u00f6sung von 1280 x 800 Pixeln. Das Ger\u00e4t ist mit einer integrierten Intel\u00ae Iris\u00ae Xe-Grafik oder AMD Radeon\u2122-Grafik ausgestattet und eignet sich damit perfekt f\u00fcr die Ausf\u00fchrung anspruchsvoller Spiele und Anwendungen.<\/p>\n\n<p>Der GPD WIN MAX 2021 ist entweder mit dem Intel\u00ae Core\u2122 i7-1195G7 Prozessor oder dem AMD Ryzen\u2122 7 4800U Prozessor erh\u00e4ltlich. Diese leistungsstarken Prozessoren sorgen daf\u00fcr, dass das Ger\u00e4t auch die anspruchsvollsten Spiele und Anwendungen m\u00fchelos bew\u00e4ltigen kann.<\/p>\n\n<p>Der GPD WIN MAX 2021 verf\u00fcgt au\u00dferdem \u00fcber 16 GB LPDDR4X 4266 MT\/s RAM und 1 TB M.2 NVMe SSD-Speicher, damit Sie gen\u00fcgend Platz zum Speichern Ihrer Spiele und anderer Daten haben. Das Ger\u00e4t verf\u00fcgt au\u00dferdem \u00fcber eine Vielzahl von Anschl\u00fcssen, darunter ein USB Typ-C-Anschluss, ein USB 3.0-Anschluss, ein HDMI-Anschluss und ein 3,5-mm-Kopfh\u00f6reranschluss.<\/p>\n\n<p>Eines der herausragenden Merkmale des GPD WIN MAX 2021 ist seine kompakte Gr\u00f6\u00dfe. Obwohl es ein leistungsstarkes Ultrabook ist, misst das Ger\u00e4t nur 8,5 x 5,7 x 1,1 Zoll und wiegt nur 1,5 Pfund. So k\u00f6nnen Sie das Ger\u00e4t \u00fcberallhin mitnehmen, egal ob Sie auf Reisen sind oder einfach nur Ihre Lieblingsspiele auf der Couch genie\u00dfen m\u00f6chten.<\/p>\n\n<p>Der GPD WIN MAX 2021 verf\u00fcgt au\u00dferdem \u00fcber einen integrierten Game-Controller mit D-Pad, Analogsticks und Trigger-Tasten. So k\u00f6nnen Sie Ihre Lieblingsspiele ganz einfach spielen, ohne einen externen Controller anschlie\u00dfen zu m\u00fcssen. Das Ger\u00e4t verf\u00fcgt au\u00dferdem \u00fcber eine vollst\u00e4ndige QWERTY-Tastatur, die das Tippen und Navigieren durch die Men\u00fcs erleichtert.<\/p>\n\n<p>Wir bei GPD Store sind der Meinung, dass das GPD WIN MAX 2021 das perfekte Ultrabook f\u00fcr Gamer ist, die ein leistungsstarkes PC-Gaming-Handheld suchen, das sie \u00fcberallhin mitnehmen k\u00f6nnen. Dieses leistungsstarke Ger\u00e4t ist perfekt f\u00fcr Gamer, die ihre Lieblingsspiele auch unterwegs genie\u00dfen m\u00f6chten, ohne auf Leistung oder Qualit\u00e4t verzichten zu m\u00fcssen.<\/p>\n\n<p>Egal, ob Sie ein Gelegenheitsspieler oder ein Hardcore-Gamer sind, der GPD WIN MAX 2021 ist das perfekte Ger\u00e4t f\u00fcr Sie. Mit seinem leistungsstarken Prozessor, der hochwertigen Grafik und der kompakten Gr\u00f6\u00dfe ist es das ultimative Ultrabook f\u00fcr PC-Spiele unterwegs. Warum also warten? Besuchen Sie noch heute den GPD Store und sichern Sie sich den GPD WIN MAX 2021.<\/p>\n","protected":false},"excerpt":{"rendered":"<ul>\n<li>AMD <strong>Ryzen 7 6800U<\/strong> @2.7GHz TDP 15-28W<\/li>\n<li>AMD Radeon 680M <strong>12 CUs @2200 MHz<\/strong><\/li>\n<li><strong>bis zu 32 GB LPDDR5-6400 MT\/s<\/strong><\/li>\n<li><strong>bis zu 2TB<\/strong> Hochgeschwindigkeits-PCI-E <strong>NVMe<\/strong> SSD<\/li>\n<li>Unterst\u00fctzung von WiFi 6 und Bluetooth <strong>5.2<\/strong>  <\/li>\n<\/ul>\n<p> [cg_accordion title=\"INFO ZUR BEZAHLUNG\"] Wir verwenden die neueste Technologie in der Zahlungsabwicklung, die es Ihnen erm\u00f6glicht, \u00fcber Apple Pay, Google Pay, Ihre Debit-\/Kreditkarte, PayPal oder BNPL-Methoden wie Klarna, Affirm oder AfterPay f\u00fcr eine schnelle und sichere Erfahrung zu bezahlen.[\/cg_accordion] [cg_accordion title=\"GARANTIE\"] 2 Jahre Garantie von <a href=\"https:\/\/droix.net\/\" target=\"_blank\" rel=\"nofollow noopener\">DROIX Global<\/a> f\u00fcr Ihren Seelenfrieden[\/cg_accordion] [cg_accordion title=\"PRICING, TAXES AND SHIPPING\"] <strong><br \/>\n  <u>Hinweis:<\/u><br \/>\n<\/strong><\/p>\n<ul>\n<li>Kunden aus den Vereinigten Staaten: Der angezeigte Preis enth\u00e4lt KEINE STEUERN oder Z\u00f6lle. Die Verantwortung f\u00fcr die Zollabfertigung und die Zahlung aller damit verbundenen Steuern und Abgaben liegt beim Kunden. <\/li>\n<li>EU-Kunden: Der angezeigte Preis enth\u00e4lt die gesetzliche Mehrwertsteuer, die je nach Land bis zu 25% betragen kann.<\/li>\n<li>Kunden aus Kanada: Der angezeigte Preis enth\u00e4lt die anfallenden Steuern, die je nach Provinz 5% GST und zus\u00e4tzliche Provincial Sales Taxes (PST), Harmonized Sales Tax (HST) oder Quebec Sales Tax (QST) umfassen k\u00f6nnen.<\/li>\n<\/ul>\n<p><strong>NUR f\u00fcr EU-Kunden:<\/strong> Express DDP (Delivered Duty Paid). Dies bedeutet: <\/p>\n<ul>\n<li style=\"list-style-type: none;\">\n<ul>\n<li>Alle Zollgeb\u00fchren und Steuern sind in dem auf der Produktseite angegebenen Preis enthalten.<\/li>\n<li>Bei der Zustellung m\u00fcssen Sie keine zus\u00e4tzlichen Geb\u00fchren zahlen.<\/li>\n<li>Im seltenen Fall von Zollproblemen \u00fcbernimmt unser Team die Zollabfertigung in Ihrem Namen, um eine reibungslose Lieferung zu gew\u00e4hrleisten.<\/li>\n<p>Wichtige Informationen \u00fcber R\u00fccksendungen:<\/p>\n<li>Wenn Sie sich entscheiden, Ihre Bestellung zur\u00fcckzusenden oder eine R\u00fcckerstattung zu beantragen, beachten Sie bitte, dass Steuern und Abgaben, die in Ihrem Namen gem\u00e4\u00df den DDP-Bedingungen gezahlt wurden, nicht erstattet werden k\u00f6nnen.<\/li>\n<p>Bitte beachten Sie unser<\/ul>\n<\/li>\n<\/ul>\n<p><a href=\"https:\/\/gpdstore.net\/de\/terms-of-service\/\" target=\"_blank\" rel=\"nofollow noopener\">Bedingungen und Konditionen<\/a><\/p>\n<ul>f\u00fcr detaillierte Informationen.<\/ul>\n<p>[\/cg_accordion] [cg_accordion title=\"KUNDENBETREUUNG\"]  Haben Sie eine Frage? Wir sind nur einen kurzen Text davon entfernt, Ihr Problem zu l\u00f6sen!   [\/cg_accordion] [cg_accordion title=\"WHAT'S INCLUDED\"]<\/p>\n<ul>\n<li>1x GPD WIN MAX 2021<\/li>\n<li>1x Netzadapter<\/li>\n<li>1x USB Typ-C Kabel<\/li>\n<li>1x Benutzerhandbuch<\/li>\n<\/ul>\n<p>[\/cg_accordion]<\/p>\n","protected":false},"featured_media":7611,"template":"","meta":{"_acf_changed":false},"product_brand":[],"product_cat":[854],"product_tag":[4070],"woo-feed-brand":[858],"class_list":{"0":"post-7610","1":"product","2":"type-product","3":"status-publish","4":"has-post-thumbnail","6":"product_cat-gpd-handheld-pc-fur-spiele","7":"product_tag-gpd-win-max-de","8":"product_shipping_class-premium","9":"pa_bluetooth-5-de","10":"pa_bluetooth-5-2-de","11":"pa_display-type-h-ips-de","12":"pa_graphics-gpu-model-radeon-graphics-de","13":"pa_graphics-gpu-model-intel-iris-xe-graphics-de","14":"pa_i-o-video-1x-hdmi-2-0b-de","15":"pa_memory-ram-capacity-16gb-de","16":"pa_memory-ram-technology-lpddr4x-de","17":"pa_processor-cpu-model-amd-ryzen-7-4800u","18":"pa_processor-cpu-model-intel-core-i7-1195g7","19":"pa_storage-capacity-1tb-de","20":"pa_wi-fi-wi-fi-6-de","21":"woo-feed-brand-gpd-de","23":"first","24":"outofstock","25":"sale","26":"taxable","27":"shipping-taxable","28":"purchasable","29":"product-type-variable","30":"has-default-attributes"},"acf":[],"aioseo_notices":[],"_links":{"self":[{"href":"https:\/\/gpdstore.net\/de\/wp-json\/wp\/v2\/product\/7610","targetHints":{"allow":["GET"]}}],"collection":[{"href":"https:\/\/gpdstore.net\/de\/wp-json\/wp\/v2\/product"}],"about":[{"href":"https:\/\/gpdstore.net\/de\/wp-json\/wp\/v2\/types\/product"}],"wp:featuredmedia":[{"embeddable":true,"href":"https:\/\/gpdstore.net\/de\/wp-json\/wp\/v2\/media\/7611"}],"wp:attachment":[{"href":"https:\/\/gpdstore.net\/de\/wp-json\/wp\/v2\/media?parent=7610"}],"wp:term":[{"taxonomy":"product_brand","embeddable":true,"href":"https:\/\/gpdstore.net\/de\/wp-json\/wp\/v2\/product_brand?post=7610"},{"taxonomy":"product_cat","embeddable":true,"href":"https:\/\/gpdstore.net\/de\/wp-json\/wp\/v2\/product_cat?post=7610"},{"taxonomy":"product_tag","embeddable":true,"href":"https:\/\/gpdstore.net\/de\/wp-json\/wp\/v2\/product_tag?post=7610"},{"taxonomy":"woo-feed-brand","embeddable":true,"href":"https:\/\/gpdstore.net\/de\/wp-json\/wp\/v2\/woo-feed-brand?post=7610"}],"curies":[{"name":"wp","href":"https:\/\/api.w.org\/{rel}","templated":true}]}}