{"id":7569,"date":"2023-03-26T17:49:20","date_gmt":"2023-03-26T17:49:20","guid":{"rendered":"https:\/\/gpdstore.net\/unkategorisiert\/biwin-2230-nvme-speicher\/"},"modified":"2025-12-23T10:30:50","modified_gmt":"2025-12-23T10:30:50","slug":"biwin-2230-nvme-storage","status":"publish","type":"product","link":"https:\/\/gpdstore.net\/de\/product\/biwin-2230-nvme-storage\/","title":{"rendered":"BiWin 2230 NVMe-Speicher"},"content":{"rendered":"\n<p>Suchen Sie nach einem leistungsstarken Speicher-Upgrade f\u00fcr Ihr GPD WIN MAX 2 oder Valve Steam Deck? Die BiWin 22*30 PCI-e NVMe SSD ist die ideale L\u00f6sung! Diese kompakte und dennoch leistungsstarke SSD ist f\u00fcr blitzschnelle Lese- und Schreibgeschwindigkeiten ausgelegt, damit Ihre Lieblingsspiele und -anwendungen schnell geladen werden und reibungslos laufen.<\/p>\n\n<p>Mit nur 22 mm x 30 mm ist die BiWin 22*30 eine der kleinsten NVMe-SSDs auf dem Markt. Aber lassen Sie sich von seiner kompakten Gr\u00f6\u00dfe nicht t\u00e4uschen &#8211; dieses SSD hat es in sich! Mit Lesegeschwindigkeiten von bis zu 3.500 MB\/s und Schreibgeschwindigkeiten von bis zu 3.000 MB\/s ist sie mehr als in der Lage, selbst mit den anspruchsvollsten Spielen und Anwendungen Schritt zu halten.<\/p>\n\n<p>Einer der gr\u00f6\u00dften Vorteile des BiWin 2230<em>ist seine Kompatibilit\u00e4t sowohl mit dem GPD WIN MAX 2 als auch mit dem Steam Deck von Valve. Wenn Sie den Speicher eines dieser Ger\u00e4te aufr\u00fcsten m\u00f6chten,<\/em>ist<em>der BiWin 2230<\/em>die perfekte Wahl. Installieren Sie die SSD einfach in den NVMe-Steckplatz des Ger\u00e4ts und schon k\u00f6nnen Sie loslegen!<\/p>\n\n<p>Ein weiterer Vorteil des BiWin 22*30 ist seine Kompatibilit\u00e4t mit einer breiten Palette von Betriebssystemen, darunter Windows, Linux und macOS. Das macht es zu einer vielseitigen Wahl f\u00fcr jeden, der seinen Speicher aufr\u00fcsten m\u00f6chte, unabh\u00e4ngig von dem System, das er verwendet.<\/p>\n\n<p>Nat\u00fcrlich kann man den BiWin 22*30 am besten im GPD Store kaufen. Als f\u00fchrender Einzelh\u00e4ndler von GPD-Produkten ist der GPD Store der perfekte Ort, um alle Zubeh\u00f6rteile und Upgrades zu finden, die Sie ben\u00f6tigen, um das Beste aus Ihrem GPD WIN MAX 2 oder Steam Deck herauszuholen. Und mit schnellem Versand, g\u00fcnstigen Preisen und erstklassigem Kundenservice k\u00f6nnen Sie beruhigt einkaufen, denn Sie wissen, dass Sie das bestm\u00f6gliche Angebot erhalten.<\/p>\n\n<p>Wenn Sie also auf der Suche nach einem leistungsstarken NVMe-SSD-Upgrade f\u00fcr Ihren GPD WIN MAX 2 oder Ihr Steam Deck sind, ist der BiWin 22*30 genau das Richtige f\u00fcr Sie. Mit seiner kompakten Gr\u00f6\u00dfe, den blitzschnellen Geschwindigkeiten und der breiten Kompatibilit\u00e4t ist er die perfekte Wahl f\u00fcr alle, die ihr Gaming- und Computererlebnis auf die n\u00e4chste Stufe heben wollen. Und mit dem GPD Store, der nur einen Klick entfernt ist, war es noch nie so einfach, die Produkte zu bekommen, die Sie f\u00fcr Ihren Erfolg brauchen!<\/p>\n","protected":false},"excerpt":{"rendered":"<ul>\n<li>Kompatibel mit dem Ventil Steam Deck, GPD WIN Max 2, GPD WIN 4<\/li>\n<li>Bis zu 3200 MB\/s Lesen | 2600 MB\/s Schreiben<\/li>\n<li>0,107ms Lese-Latenzzeit | 0,109ms Schreib-Latenzzeit<\/li>\n<li>Unterst\u00fctzung von Garbage Collection, TRIM und Modern Standby<\/li>\n<\/ul>\n[cg_accordion title=\"INFO ZUR BEZAHLUNG\"]<\/p>\n<p>Wir verwenden die neueste Technologie in der Zahlungsabwicklung, die es Ihnen erm\u00f6glicht, \u00fcber Apple Pay, Google Pay, Ihre Debit-\/Kreditkarte, PayPal oder BNPL-Methoden wie Klarna, Affirm oder AfterPay schnell und sicher zu bezahlen.[\/cg_accordion]\n[cg_accordion title=\"GARANTIE\"]<\/p>\n<p>2 Jahre Garantie von <a href=\"https:\/\/droix.net\/\" target=\"_blank\" rel=\"nofollow noopener\">DROIX Global<\/a> f\u00fcr Ihren Seelenfrieden[\/cg_accordion]\n[cg_accordion title=\"PREISE, STEUERN UND VERSAND\"]<\/p>\n<p><strong><u>Anmerkung:<\/u><\/strong><\/p>\n<ul>\n<li>Kunden aus den Vereinigten Staaten: Der angezeigte Preis enth\u00e4lt KEINE STEUERN oder Z\u00f6lle. Die Verantwortung f\u00fcr die Zollabfertigung und die Zahlung aller damit verbundenen Steuern und Abgaben liegt beim Kunden. <\/li>\n<li>EU-Kunden: Der angezeigte Preis enth\u00e4lt die gesetzliche Mehrwertsteuer, die je nach Land bis zu 25% betragen kann.<\/li>\n<li>Kunden aus Kanada: Der angezeigte Preis enth\u00e4lt die anfallenden Steuern, die je nach Provinz 5% GST und zus\u00e4tzliche Provincial Sales Taxes (PST), Harmonized Sales Tax (HST) oder Quebec Sales Tax (QST) umfassen k\u00f6nnen.<\/li>\n<\/ul>\n<p><strong>NUR f\u00fcr EU-Kunden:<\/strong> Express DDP (Delivered Duty Paid). Dies bedeutet: <\/p>\n<ul>\n<li>Alle Zollgeb\u00fchren und Steuern sind in dem auf der Produktseite angegebenen Preis enthalten.<\/li>\n<li>Bei der Zustellung m\u00fcssen Sie keine zus\u00e4tzlichen Geb\u00fchren zahlen.<\/li>\n<li>Im seltenen Fall von Zollproblemen \u00fcbernimmt unser Team die Zollabfertigung in Ihrem Namen, um eine reibungslose Lieferung zu gew\u00e4hrleisten.<\/li>\n<p>Wichtige Informationen \u00fcber R\u00fccksendungen:<\/p>\n<li>Wenn Sie sich entscheiden, Ihre Bestellung zur\u00fcckzusenden oder eine R\u00fcckerstattung zu beantragen, beachten Sie bitte, dass Steuern und Abgaben, die in Ihrem Namen gem\u00e4\u00df den DDP-Bedingungen gezahlt wurden, nicht erstattet werden k\u00f6nnen.<\/li>\n<p>Ausf\u00fchrliche Informationen finden Sie in unseren <a href=\"https:\/\/gpdstore.net\/de\/terms-of-service\/\" target=\"_blank\" rel=\"nofollow noopener\">Allgemeinen Gesch\u00e4ftsbedingungen<\/a>.\n<\/ul>\n<p>[\/cg_accordion]\n[cg_accordion title=\"KUNDENBETREUUNG\"]<\/p>\n<p>Haben Sie eine Frage? Wir sind nur einen kurzen Text davon entfernt, Ihr Problem zu l\u00f6sen!<br \/>\n[\/cg_accordion]\n[cg_accordion title=\"WAS ENTHALTEN IST\"]<\/p>\n<ul>\n<li>1x BiWIN 2230 NVMe<\/li>\n<\/ul>\n<p>[\/cg_accordion]\n","protected":false},"featured_media":7571,"template":"","meta":{"_acf_changed":false},"product_brand":[],"product_cat":[1199],"product_tag":[3950],"woo-feed-brand":[],"class_list":{"0":"post-7569","1":"product","2":"type-product","3":"status-publish","4":"has-post-thumbnail","6":"product_cat-zubehor","7":"product_tag-hardware-de-2","8":"product_shipping_class-low-end","9":"pa_accessory-type-add-ons-de","11":"first","12":"outofstock","13":"sold-individually","14":"taxable","15":"shipping-taxable","16":"purchasable","17":"product-type-simple"},"acf":[],"aioseo_notices":[],"_links":{"self":[{"href":"https:\/\/gpdstore.net\/de\/wp-json\/wp\/v2\/product\/7569","targetHints":{"allow":["GET"]}}],"collection":[{"href":"https:\/\/gpdstore.net\/de\/wp-json\/wp\/v2\/product"}],"about":[{"href":"https:\/\/gpdstore.net\/de\/wp-json\/wp\/v2\/types\/product"}],"wp:featuredmedia":[{"embeddable":true,"href":"https:\/\/gpdstore.net\/de\/wp-json\/wp\/v2\/media\/7571"}],"wp:attachment":[{"href":"https:\/\/gpdstore.net\/de\/wp-json\/wp\/v2\/media?parent=7569"}],"wp:term":[{"taxonomy":"product_brand","embeddable":true,"href":"https:\/\/gpdstore.net\/de\/wp-json\/wp\/v2\/product_brand?post=7569"},{"taxonomy":"product_cat","embeddable":true,"href":"https:\/\/gpdstore.net\/de\/wp-json\/wp\/v2\/product_cat?post=7569"},{"taxonomy":"product_tag","embeddable":true,"href":"https:\/\/gpdstore.net\/de\/wp-json\/wp\/v2\/product_tag?post=7569"},{"taxonomy":"woo-feed-brand","embeddable":true,"href":"https:\/\/gpdstore.net\/de\/wp-json\/wp\/v2\/woo-feed-brand?post=7569"}],"curies":[{"name":"wp","href":"https:\/\/api.w.org\/{rel}","templated":true}]}}