{"id":7504,"date":"2023-03-26T17:20:14","date_gmt":"2023-03-26T17:20:14","guid":{"rendered":"https:\/\/gpdstore.net\/unkategorisiert\/gpd-win-max-2-spiele-handheld-pc\/"},"modified":"2026-04-02T03:46:24","modified_gmt":"2026-04-02T03:46:24","slug":"gpd-win-max-2","status":"publish","type":"product","link":"https:\/\/gpdstore.net\/de\/product\/gpd-win-max-2\/","title":{"rendered":"GPD WIN MAX 2 Spiele-Handheld-PC"},"content":{"rendered":"\n<p>Das GPD WIN MAX 2, das im GPD Store erh\u00e4ltlich ist, ist ein beeindruckendes Ultrabook, das Arbeit und Freizeit in einem einzigen Ger\u00e4t vereint. Dieser Handheld-Gaming-PC ist mit einem leistungsstarken AMD Ryzen 7 6800U-Prozessor mit acht Kernen und sechzehn Threads ausgestattet, der zwischen einem konfigurierbaren 15W-28W TDP bis zu 4,7GHz erreichen kann. Die AMD Radeon 680M liefert eine Leistung von bis zu 2,2 GHz und sorgt f\u00fcr eine fl\u00fcssige Darstellung auf dem 10,1-Zoll-Touchscreen-Display IPS.<\/p>\n\n<p>Mit den kompakten Ma\u00dfen von 8,9 x 6,2 x 0,9 Zoll (22,7 \u00d7 16,0 \u00d7 2,3 cm) und einem Gewicht von etwas mehr als einem Kilogramm ist der GPD WIN MAX 2 \u00e4u\u00dferst tragbar und passt problemlos in eine Laptop-Tasche oder einen Koffer. Dieser Handheld-Gaming-PC unterst\u00fctzt bis zu 32 GB LPDDR5-6400 MT\/s RAM und bis zu 2 TB SSD, mit einem zus\u00e4tzlichen Steckplatz auf der R\u00fcckseite f\u00fcr bis zu 2 TB m.2 PCIe 3.0 SSD.<\/p>\n\n<p>Der GPD WIN MAX 2 ist au\u00dferdem mit einer kompletten Gaming-Steuerung ausgestattet, einschlie\u00dflich zwei Analogsticks mit Hall-Effekt-Sensor, einem Gaming-D-Pad und Hall-Effekt-Triggern. Auf der R\u00fcckseite befinden sich sogar zwei zus\u00e4tzliche Tasten, die nach Belieben konfiguriert werden k\u00f6nnen. Dieses Ultrabook verf\u00fcgt au\u00dferdem \u00fcber schnelles WiFi 6 und Bluetooth 5.2, mit optionaler 4G LTE-Unterst\u00fctzung f\u00fcr mobile Daten.<\/p>\n\n<p>Der GPD WIN MAX 2 wird von einem 67-Wh-Li-Polymer-Akku angetrieben, der bis zu 14 Stunden bei leichter, 6-8 Stunden bei mittlerer und 3 Stunden bei starker Nutzung erm\u00f6glicht. Au\u00dferdem k\u00f6nnen Sie \u00fcber einen USB-4-Anschluss eine externe Grafikkarte (eGPU) anschlie\u00dfen, um eine noch h\u00f6here Leistung zu erzielen. Es gibt sogar einen integrierten HDMI 2.1-Anschluss f\u00fcr die Anzeige auf zwei Monitoren.<\/p>\n\n<p>Insgesamt ist der GPD WIN MAX 2 ein au\u00dfergew\u00f6hnlicher Handheld-Gaming-PC, der nahtlos zwischen Arbeit und Spiel \u00fcbergeht und eine hervorragende Akkulaufzeit aufweist. Ganz gleich, ob Sie an anspruchsvollen Office-Dokumenten arbeiten oder in Ihren Lieblings-AAA-Spielen schwelgen, dieses Ultrabook hat alles, was Sie brauchen.<\/p>\n\n<p><\/p>\n","protected":false},"excerpt":{"rendered":"<ul>\n<li>AMD <strong>Ryzen 7 6800U<\/strong> @2.7GHz TDP 15-28W<\/li>\n<li>AMD Radeon 680M <strong>12 CUs @2200 MHz<\/strong><\/li>\n<li><strong>bis zu 32 GB LPDDR5-6400 MT\/s<\/strong><\/li>\n<li><strong>bis zu 2TB<\/strong> Hochgeschwindigkeits-PCI-E <strong>NVMe<\/strong> SSD<\/li>\n<li>Unterst\u00fctzung von WiFi 6 und Bluetooth <strong>5.2<\/strong>  <\/li>\n<\/ul>\n[cg_accordion title=\"INFO ZUR BEZAHLUNG\"]<\/p>\n<p>Wir verwenden die neueste Technologie in der Zahlungsabwicklung, die es Ihnen erm\u00f6glicht, mit Ihrer Debit-\/Kreditkarte oder mit PayPal schnell und sicher zu bezahlen.[\/cg_accordion]\n[cg_accordion title=\"GARANTIE\"]<\/p>\n<p>2 Jahre Garantie von <a href=\"https:\/\/droix.net\/\" target=\"_blank\" rel=\"nofollow noopener\">DROIX Global<\/a> f\u00fcr Ihren Seelenfrieden[\/cg_accordion]\n[cg_accordion title=\"PREISE, STEUERN UND VERSAND\"]<\/p>\n<p><strong><u>Anmerkung:<\/u><\/strong><\/p>\n<ul>\n<li>Kunden aus den Vereinigten Staaten: Der angezeigte Preis enth\u00e4lt KEINE STEUERN oder Z\u00f6lle. Die Verantwortung f\u00fcr die Zollabfertigung und die Zahlung aller damit verbundenen Steuern und Abgaben liegt beim Kunden. <\/li>\n<li>EU-Kunden: Der angezeigte Preis enth\u00e4lt die gesetzliche Mehrwertsteuer, die je nach Land bis zu 25% betragen kann.<\/li>\n<li>Kunden aus Kanada: Der angezeigte Preis enth\u00e4lt die anfallenden Steuern, die je nach Provinz 5% GST und zus\u00e4tzliche Provincial Sales Taxes (PST), Harmonized Sales Tax (HST) oder Quebec Sales Tax (QST) umfassen k\u00f6nnen.<\/li>\n<\/ul>\n<p><strong>NUR f\u00fcr EU-Kunden:<\/strong> Express DDP (Delivered Duty Paid). Dies bedeutet: <\/p>\n<ul>\n<li>Alle Zollgeb\u00fchren und Steuern sind in dem auf der Produktseite angegebenen Preis enthalten.<\/li>\n<li>Bei der Zustellung m\u00fcssen Sie keine zus\u00e4tzlichen Geb\u00fchren zahlen.<\/li>\n<li>Im seltenen Fall von Zollproblemen \u00fcbernimmt unser Team die Zollabfertigung in Ihrem Namen, um eine reibungslose Lieferung zu gew\u00e4hrleisten.<\/li>\n<p>Wichtige Informationen \u00fcber R\u00fccksendungen:<\/p>\n<li>Wenn Sie sich entscheiden, Ihre Bestellung zur\u00fcckzusenden oder eine R\u00fcckerstattung zu beantragen, beachten Sie bitte, dass Steuern und Abgaben, die in Ihrem Namen gem\u00e4\u00df den DDP-Bedingungen gezahlt wurden, nicht erstattet werden k\u00f6nnen.<\/li>\n<p>Ausf\u00fchrliche Informationen finden Sie in unseren <a href=\"https:\/\/droix.net\/terms-and-conditions\/\" target=\"_blank\" rel=\"nofollow noopener\">Allgemeinen Gesch\u00e4ftsbedingungen<\/a>.\n<\/ul>\n<p>[\/cg_accordion]\n[cg_accordion title=\"KUNDENBETREUUNG\"]<\/p>\n<p>Haben Sie eine Frage? Wir sind nur einen kurzen Text davon entfernt, Ihr Problem zu l\u00f6sen! <\/p>\n<p>Ausf\u00fchrliche Informationen finden Sie in unseren <a href=\"https:\/\/gpdstore.net\/de\/terms-of-service\/\" target=\"_blank\" rel=\"nofollow noopener\">Allgemeinen Gesch\u00e4ftsbedingungen<\/a>.\n<\/ul>\n<p>[\/cg_accordion]\n[cg_accordion title=\"WAS ENTHALTEN IST\"]<\/p>\n<ul>\n<li>1x GPD WIN MAX 2<\/li>\n<li>1x Netzadapter<\/li>\n<li>1x USB Typ-C Kabel<\/li>\n<li>1x Benutzerhandbuch<\/li>\n<\/ul>\n<p>[\/cg_accordion]\n","protected":false},"featured_media":7506,"template":"","meta":{"_acf_changed":false},"product_brand":[],"product_cat":[854],"product_tag":[2299],"woo-feed-brand":[858],"class_list":{"0":"post-7504","1":"product","2":"type-product","3":"status-publish","4":"has-post-thumbnail","6":"product_cat-gpd-handheld-pc-fur-spiele","7":"product_tag-gpd-win-max-2-de","8":"product_shipping_class-premium","9":"pa_bluetooth-5-2-de","10":"pa_display-type-h-ips-de","11":"pa_graphics-gpu-model-radeon-680m-de","12":"pa_i-o-video-1x-hdmi-2-1-de","13":"pa_i-o-video-uber-1x-usb-4-0-typ-c-40gb-s","14":"pa_memory-ram-capacity-16gb-de","15":"pa_memory-ram-capacity-32gb-de","16":"pa_memory-ram-technology-lpddr5-de","17":"pa_storage-capacity-1tb-de","18":"pa_storage-capacity-2tb-de","19":"pa_wi-fi-wi-fi-6-de","20":"woo-feed-brand-gpd-de","22":"first","23":"outofstock","24":"taxable","25":"shipping-taxable","26":"purchasable","27":"product-type-variable","28":"has-default-attributes"},"acf":[],"aioseo_notices":[],"_links":{"self":[{"href":"https:\/\/gpdstore.net\/de\/wp-json\/wp\/v2\/product\/7504","targetHints":{"allow":["GET"]}}],"collection":[{"href":"https:\/\/gpdstore.net\/de\/wp-json\/wp\/v2\/product"}],"about":[{"href":"https:\/\/gpdstore.net\/de\/wp-json\/wp\/v2\/types\/product"}],"wp:featuredmedia":[{"embeddable":true,"href":"https:\/\/gpdstore.net\/de\/wp-json\/wp\/v2\/media\/7506"}],"wp:attachment":[{"href":"https:\/\/gpdstore.net\/de\/wp-json\/wp\/v2\/media?parent=7504"}],"wp:term":[{"taxonomy":"product_brand","embeddable":true,"href":"https:\/\/gpdstore.net\/de\/wp-json\/wp\/v2\/product_brand?post=7504"},{"taxonomy":"product_cat","embeddable":true,"href":"https:\/\/gpdstore.net\/de\/wp-json\/wp\/v2\/product_cat?post=7504"},{"taxonomy":"product_tag","embeddable":true,"href":"https:\/\/gpdstore.net\/de\/wp-json\/wp\/v2\/product_tag?post=7504"},{"taxonomy":"woo-feed-brand","embeddable":true,"href":"https:\/\/gpdstore.net\/de\/wp-json\/wp\/v2\/woo-feed-brand?post=7504"}],"curies":[{"name":"wp","href":"https:\/\/api.w.org\/{rel}","templated":true}]}}