{"id":7381,"date":"2023-03-24T18:26:18","date_gmt":"2023-03-24T18:26:18","guid":{"rendered":"https:\/\/gpdstore.net\/unkategorisiert\/gpd-micro-pc-tragetasche\/"},"modified":"2025-12-23T10:32:34","modified_gmt":"2025-12-23T10:32:34","slug":"gpd-micro-pc-carry-case","status":"publish","type":"product","link":"https:\/\/gpdstore.net\/de\/product\/gpd-micro-pc-carry-case\/","title":{"rendered":"GPD Micro PC Tragetasche"},"content":{"rendered":"\n<p>Suchen Sie nach einer praktischen und eleganten M\u00f6glichkeit, Ihre GPD-Ger\u00e4te zu transportieren? Dann ist die GPD Micro PC Tragetasche genau das Richtige f\u00fcr Sie! Diese ger\u00e4umige Tasche wurde speziell f\u00fcr Ihr GPD XD Plus, GPD WIN 2 oder GPD Micro PC entwickelt und bietet viel Platz f\u00fcr all Ihr Zubeh\u00f6r. Mit dem mitgelieferten Trageriemen k\u00f6nnen Sie Ihre GPD-Ger\u00e4te problemlos mitnehmen, w\u00e4hrend das l\u00e4ssige und dennoch elegante Design daf\u00fcr sorgt, dass Sie sie jeden Tag benutzen k\u00f6nnen. Das aus hochwertigen Materialien gefertigte Etui bietet hervorragenden Schutz vor Kratzern, St\u00f6\u00dfen und anderen \u00e4u\u00dferen Sch\u00e4den. Bewahren Sie Ihre GPD-Ger\u00e4te sicher auf mit der GPD Micro PC Tragetasche.<\/p>\n","protected":false},"excerpt":{"rendered":"<ul>\n<li>Offizielles GPD-Produkt<\/li>\n<li>Perfekt f\u00fcr das GPD XD Plus, GPD WIN 2 und GPD Micro PC<\/li>\n<li>Entwickelt mit dem Schwerpunkt auf Portabilit\u00e4t<\/li>\n<li>Stilvolles Aussehen<\/li>\n<\/ul>\n[cg_accordion title=\"INFO ZUR BEZAHLUNG\"]<\/p>\n<p>Wir verwenden die neueste Technologie in der Zahlungsabwicklung, die es Ihnen erm\u00f6glicht, \u00fcber Apple Pay, Google Pay, Ihre Debit-\/Kreditkarte, PayPal oder BNPL-Methoden wie Klarna, Affirm oder AfterPay schnell und sicher zu bezahlen.[\/cg_accordion]\n[cg_accordion title=\"GARANTIE\"]<\/p>\n<p>2 Jahre Garantie von <a href=\"https:\/\/droix.net\/\" target=\"_blank\" rel=\"nofollow noopener\">DROIX Global<\/a> f\u00fcr Ihren Seelenfrieden[\/cg_accordion]\n[cg_accordion title=\"PREISE, STEUERN UND VERSAND\"]<\/p>\n<p><strong><u>Anmerkung:<\/u><\/strong><\/p>\n<ul>\n<li>Kunden aus den Vereinigten Staaten: Der angezeigte Preis enth\u00e4lt KEINE STEUERN oder Z\u00f6lle. Die Verantwortung f\u00fcr die Zollabfertigung und die Zahlung aller damit verbundenen Steuern und Abgaben liegt beim Kunden. <\/li>\n<li>EU-Kunden: Der angezeigte Preis enth\u00e4lt die gesetzliche Mehrwertsteuer, die je nach Land bis zu 25% betragen kann.<\/li>\n<li>Kunden aus Kanada: Der angezeigte Preis enth\u00e4lt die anfallenden Steuern, die je nach Provinz 5% GST und zus\u00e4tzliche Provincial Sales Taxes (PST), Harmonized Sales Tax (HST) oder Quebec Sales Tax (QST) umfassen k\u00f6nnen.<\/li>\n<\/ul>\n<p><strong>NUR f\u00fcr EU-Kunden:<\/strong> Express DDP (Delivered Duty Paid). Dies bedeutet: <\/p>\n<ul>\n<li>Alle Zollgeb\u00fchren und Steuern sind in dem auf der Produktseite angegebenen Preis enthalten.<\/li>\n<li>Bei der Zustellung m\u00fcssen Sie keine zus\u00e4tzlichen Geb\u00fchren zahlen.<\/li>\n<li>Im seltenen Fall von Zollproblemen \u00fcbernimmt unser Team die Zollabfertigung in Ihrem Namen, um eine reibungslose Lieferung zu gew\u00e4hrleisten.<\/li>\n<p>Wichtige Informationen \u00fcber R\u00fccksendungen:<\/p>\n<li>Wenn Sie sich entscheiden, Ihre Bestellung zur\u00fcckzusenden oder eine R\u00fcckerstattung zu beantragen, beachten Sie bitte, dass Steuern und Abgaben, die in Ihrem Namen gem\u00e4\u00df den DDP-Bedingungen gezahlt wurden, nicht erstattet werden k\u00f6nnen.<\/li>\n<p>Ausf\u00fchrliche Informationen finden Sie in unseren <a href=\"https:\/\/gpdstore.net\/de\/terms-of-service\/\" target=\"_blank\" rel=\"nofollow noopener\">Allgemeinen Gesch\u00e4ftsbedingungen<\/a>.\n<\/ul>\n<p>[\/cg_accordion]\n[cg_accordion title=\"KUNDENBETREUUNG\"]<\/p>\n<p>Haben Sie eine Frage? Wir sind nur einen kurzen Text davon entfernt, Ihr Problem zu l\u00f6sen!<br \/>\n[\/cg_accordion]\n[cg_accordion title=\"WAS ENTHALTEN IST\"]<\/p>\n<ul>\n<li>1x GPD Micro PC Etui<\/li>\n<\/ul>\n<p>[\/cg_accordion]\n","protected":false},"featured_media":7383,"template":"","meta":{"_acf_changed":false},"product_brand":[],"product_cat":[1199],"product_tag":[3816],"woo-feed-brand":[858],"class_list":{"0":"post-7381","1":"product","2":"type-product","3":"status-publish","4":"has-post-thumbnail","6":"product_cat-zubehor","7":"product_tag-gpd-micro-pc-accessory-de","8":"product_shipping_class-low-end","9":"pa_accessory-type-schutzhulle","10":"woo-feed-brand-gpd-de","12":"first","13":"outofstock","14":"sale","15":"taxable","16":"shipping-taxable","17":"purchasable","18":"product-type-simple"},"acf":[],"aioseo_notices":[],"_links":{"self":[{"href":"https:\/\/gpdstore.net\/de\/wp-json\/wp\/v2\/product\/7381","targetHints":{"allow":["GET"]}}],"collection":[{"href":"https:\/\/gpdstore.net\/de\/wp-json\/wp\/v2\/product"}],"about":[{"href":"https:\/\/gpdstore.net\/de\/wp-json\/wp\/v2\/types\/product"}],"wp:featuredmedia":[{"embeddable":true,"href":"https:\/\/gpdstore.net\/de\/wp-json\/wp\/v2\/media\/7383"}],"wp:attachment":[{"href":"https:\/\/gpdstore.net\/de\/wp-json\/wp\/v2\/media?parent=7381"}],"wp:term":[{"taxonomy":"product_brand","embeddable":true,"href":"https:\/\/gpdstore.net\/de\/wp-json\/wp\/v2\/product_brand?post=7381"},{"taxonomy":"product_cat","embeddable":true,"href":"https:\/\/gpdstore.net\/de\/wp-json\/wp\/v2\/product_cat?post=7381"},{"taxonomy":"product_tag","embeddable":true,"href":"https:\/\/gpdstore.net\/de\/wp-json\/wp\/v2\/product_tag?post=7381"},{"taxonomy":"woo-feed-brand","embeddable":true,"href":"https:\/\/gpdstore.net\/de\/wp-json\/wp\/v2\/woo-feed-brand?post=7381"}],"curies":[{"name":"wp","href":"https:\/\/api.w.org\/{rel}","templated":true}]}}