{"id":7272,"date":"2024-03-18T17:00:25","date_gmt":"2024-03-18T17:00:25","guid":{"rendered":"https:\/\/gpdstore.net\/unkategorisiert\/gpd-win-max-2-2024-4g-lte-add-on\/"},"modified":"2025-12-23T10:19:41","modified_gmt":"2025-12-23T10:19:41","slug":"gpd-win-max-2-4g-lte-add-on","status":"publish","type":"product","link":"https:\/\/gpdstore.net\/de\/product\/gpd-win-max-2-4g-lte-add-on\/","title":{"rendered":"GPD WIN MAX 2 \/ 2024 4G LTE Add-on"},"content":{"rendered":"\n<p><br\/>Wir stellen Ihnen die neueste 4G LTE Modul-Erweiterung f\u00fcr das GPD WIN MAX 2 \/ GPD WIN MAX 2 2024 vor. Mit dieser bahnbrechenden Erweiterung k\u00f6nnen Spielbegeisterte dank der nahtlosen 4G-Konnektivit\u00e4t und der umfassenden Betreiberunterst\u00fctzung ununterbrochene Spielmarathons genie\u00dfen, wo immer sie sich befinden. <\/p>\n\n<p>Dieses 4G LTE-Modul wurde als Reaktion auf das Feedback der Nutzer entwickelt und sorgf\u00e4ltig darauf ausgelegt, technische H\u00fcrden zu \u00fcberwinden. Es unterst\u00fctzt 4G TD-LTE, FDD-LTE und 3G CDMA-Netze und bietet eine Leistung, die der von Mainstream-Laptops entspricht. Seine nahtlose Integration in die WIN Max 2 2024 Serie er\u00f6ffnet Ihnen eine Welt komplexer Spielerlebnisse, die bisher f\u00fcr tragbare Ger\u00e4te unerreichbar war. <\/p>\n","protected":false},"excerpt":{"rendered":"<ul>\n<li>Offizielles GPD WIN MAX 2 2024 LTE-Modul<\/li>\n<li>Unterst\u00fctzt &#8211; 4G TD-LTE, FDD-LTE, 3G CDMA.<\/li>\n<li>Unterst\u00fctzung f\u00fcr 4G TD-LTE, FDD-LTE und 3G CDMA<\/li>\n<li>Nano-SIM-Steckplatz f\u00fcr einfache Nutzung<\/li>\n<li>Quectel EG25-G Modell<\/li>\n<\/ul>\n<pre><b>WICHTIG<\/b>\nINSTALLATION ERFORDERT DAS \u00d6FFNEN DES GER\u00c4TS\nDIE KOMPONENTEN SIND KLEIN UND EMPFINDLICH\nWIR SIND NICHT VERANTWORTLICH F\u00dcR EVENTUELLE KUNDENSCH\u00c4DEN<\/pre>\n[cg_accordion title=\"INFO ZUR BEZAHLUNG\"]<\/p>\n<p>Wir verwenden die neueste Technologie in der Zahlungsabwicklung, die es Ihnen erm\u00f6glicht, \u00fcber Apple Pay, Google Pay, Ihre Debit-\/Kreditkarte, PayPal oder BNPL-Methoden wie Klarna, Affirm oder AfterPay schnell und sicher zu bezahlen.[\/cg_accordion]\n[cg_accordion title=\"GARANTIE\"]<\/p>\n<p>2 Jahre Garantie von <a href=\"https:\/\/droix.net\/\" target=\"_blank\" rel=\"nofollow noopener\">DROIX Global<\/a> f\u00fcr Ihren Seelenfrieden[\/cg_accordion]\n[cg_accordion title=\"PREISE, STEUERN UND VERSAND\"]<\/p>\n<p><strong><u>Anmerkung:<\/u><\/strong><\/p>\n<ul>\n<li>Kunden aus den Vereinigten Staaten: Der angezeigte Preis enth\u00e4lt KEINE STEUERN oder Z\u00f6lle. Die Verantwortung f\u00fcr die Zollabfertigung und die Zahlung aller damit verbundenen Steuern und Abgaben liegt beim Kunden. <\/li>\n<li>EU-Kunden: Der angezeigte Preis enth\u00e4lt die gesetzliche Mehrwertsteuer, die je nach Land bis zu 25% betragen kann.<\/li>\n<li>Kunden aus Kanada: Der angezeigte Preis enth\u00e4lt die anfallenden Steuern, die je nach Provinz 5% GST und zus\u00e4tzliche Provincial Sales Taxes (PST), Harmonized Sales Tax (HST) oder Quebec Sales Tax (QST) umfassen k\u00f6nnen.<\/li>\n<\/ul>\n<p><strong>NUR f\u00fcr EU-Kunden:<\/strong> Express DDP (Delivered Duty Paid). Dies bedeutet: <\/p>\n<ul>\n<li>Alle Zollgeb\u00fchren und Steuern sind in dem auf der Produktseite angegebenen Preis enthalten.<\/li>\n<li>Bei der Zustellung m\u00fcssen Sie keine zus\u00e4tzlichen Geb\u00fchren zahlen.<\/li>\n<li>Im seltenen Fall von Zollproblemen \u00fcbernimmt unser Team die Zollabfertigung in Ihrem Namen, um eine reibungslose Lieferung zu gew\u00e4hrleisten.<\/li>\n<p>Wichtige Informationen \u00fcber R\u00fccksendungen:<\/p>\n<li>Wenn Sie sich entscheiden, Ihre Bestellung zur\u00fcckzusenden oder eine R\u00fcckerstattung zu beantragen, beachten Sie bitte, dass Steuern und Abgaben, die in Ihrem Namen gem\u00e4\u00df den DDP-Bedingungen gezahlt wurden, nicht erstattet werden k\u00f6nnen.<\/li>\n<p>Ausf\u00fchrliche Informationen finden Sie in unseren <a href=\"https:\/\/gpdstore.net\/de\/terms-of-service\/\" target=\"_blank\" rel=\"nofollow noopener\">Allgemeinen Gesch\u00e4ftsbedingungen<\/a>.\n<\/ul>\n<p>[\/cg_accordion]\n[cg_accordion title=\"KUNDENBETREUUNG\"]<\/p>\n<p>Haben Sie eine Frage? Wir sind nur einen kurzen Text davon entfernt, Ihr Problem zu l\u00f6sen!<br \/>\n[\/cg_accordion]\n[cg_accordion title=\"WAS ENTHALTEN IST\"]<\/p>\n<ul>\n<li>1x GPD WIN MAX 2 LTE-Modul<\/li>\n<\/ul>\n<p>[\/cg_accordion]\n","protected":false},"featured_media":11606,"template":"","meta":{"_acf_changed":false},"product_brand":[],"product_cat":[1199],"product_tag":[15844,1201],"woo-feed-brand":[858],"class_list":{"0":"post-7272","1":"product","2":"type-product","3":"status-publish","4":"has-post-thumbnail","6":"product_cat-zubehor","7":"product_tag-20xmsale-de-2","8":"product_tag-gpd-wm2-zubehor","9":"product_shipping_class-low-end","10":"pa_accessory-type-add-ons-de","11":"pa_brand-gpd","12":"woo-feed-brand-gpd-de","14":"first","15":"outofstock","16":"sale","17":"taxable","18":"shipping-taxable","19":"purchasable","20":"product-type-simple"},"acf":[],"aioseo_notices":[],"_links":{"self":[{"href":"https:\/\/gpdstore.net\/de\/wp-json\/wp\/v2\/product\/7272","targetHints":{"allow":["GET"]}}],"collection":[{"href":"https:\/\/gpdstore.net\/de\/wp-json\/wp\/v2\/product"}],"about":[{"href":"https:\/\/gpdstore.net\/de\/wp-json\/wp\/v2\/types\/product"}],"wp:featuredmedia":[{"embeddable":true,"href":"https:\/\/gpdstore.net\/de\/wp-json\/wp\/v2\/media\/11606"}],"wp:attachment":[{"href":"https:\/\/gpdstore.net\/de\/wp-json\/wp\/v2\/media?parent=7272"}],"wp:term":[{"taxonomy":"product_brand","embeddable":true,"href":"https:\/\/gpdstore.net\/de\/wp-json\/wp\/v2\/product_brand?post=7272"},{"taxonomy":"product_cat","embeddable":true,"href":"https:\/\/gpdstore.net\/de\/wp-json\/wp\/v2\/product_cat?post=7272"},{"taxonomy":"product_tag","embeddable":true,"href":"https:\/\/gpdstore.net\/de\/wp-json\/wp\/v2\/product_tag?post=7272"},{"taxonomy":"woo-feed-brand","embeddable":true,"href":"https:\/\/gpdstore.net\/de\/wp-json\/wp\/v2\/woo-feed-brand?post=7272"}],"curies":[{"name":"wp","href":"https:\/\/api.w.org\/{rel}","templated":true}]}}