{"id":6902,"date":"2024-08-22T08:22:33","date_gmt":"2024-08-22T08:22:33","guid":{"rendered":"https:\/\/gpdstore.net\/unkategorisiert\/gpd-p2-max-2022-mini-laptop\/"},"modified":"2025-12-23T10:05:46","modified_gmt":"2025-12-23T10:05:46","slug":"gpd-p2-max-2022-mini-laptop","status":"publish","type":"product","link":"https:\/\/gpdstore.net\/de\/product\/gpd-p2-max-2022-mini-laptop\/","title":{"rendered":"GPD P2 Max 2022 Mini-Laptop"},"content":{"rendered":"\n<figure class=\"wp-block-image aligncenter\"><a href=\"https:\/\/droix.net\/wp-content\/uploads\/2022\/01\/GPD-P2-MAX-2022-MARKETING-IMAGE-1.png\"><img decoding=\"async\" src=\"https:\/\/droix.net\/wp-content\/uploads\/2022\/01\/GPD-P2-MAX-2022-MARKETING-IMAGE-1.png\" alt=\"GPD P2 Max 2022 Ultrabook mit Eingabestift\" class=\"wp-image-10581\"\/><\/a><\/figure>\n\n<figure class=\"wp-block-image aligncenter\"><a href=\"https:\/\/droix.net\/wp-content\/uploads\/2022\/01\/GPD-P2-MAX-2022-MARKETING-IMAGE-2.png\"><img decoding=\"async\" src=\"https:\/\/droix.net\/wp-content\/uploads\/2022\/01\/GPD-P2-MAX-2022-MARKETING-IMAGE-2.png\" alt=\"GPD P2 Max 2022 Ultrabook mit Tastatur\" class=\"wp-image-10582\"\/><\/a><\/figure>\n\n<figure class=\"wp-block-image aligncenter\"><a href=\"https:\/\/droix.net\/wp-content\/uploads\/2022\/01\/GPD-P2-MAX-2022-MARKETING-IMAGE-3.png\"><img decoding=\"async\" src=\"https:\/\/droix.net\/wp-content\/uploads\/2022\/01\/GPD-P2-MAX-2022-MARKETING-IMAGE-3.png\" alt=\"GPD P2 Max 2022 Ultrabook mit Fingerabdruck-Sensor\" class=\"wp-image-10583\"\/><\/a><\/figure>\n\n<figure class=\"wp-block-image aligncenter\"><a href=\"https:\/\/droix.net\/wp-content\/uploads\/2022\/01\/GPD-P2-MAX-2022-MARKETING-IMAGE-4.png\"><img decoding=\"async\" src=\"https:\/\/droix.net\/wp-content\/uploads\/2022\/01\/GPD-P2-MAX-2022-MARKETING-IMAGE-4.png\" alt=\"GPD P2 Max 2022 Ultrabook mit Prozessor\" class=\"wp-image-10584\"\/><\/a><\/figure>\n\n<figure class=\"wp-block-image aligncenter\"><a href=\"https:\/\/droix.net\/wp-content\/uploads\/2022\/01\/GPD-P2-MAX-2022-MARKETING-IMAGE-5.png\"><img decoding=\"async\" src=\"https:\/\/droix.net\/wp-content\/uploads\/2022\/01\/GPD-P2-MAX-2022-MARKETING-IMAGE-5.png\" alt=\"GPD P2 Max 2022 Ultrabook zeigt usb c\" class=\"wp-image-10585\"\/><\/a><\/figure>\n\n<p><span data-contrast=\"none\">Eine Auffrischung eines beliebten Ultrabooks ist da! Das <strong>GPD P2 Max 2022<\/strong> betritt die B\u00fchne mit einer Reihe von Upgrades, um es auf dem neuesten Stand zu halten und in der heutigen Zeit relevant zu sein! Es ist der perfekte Begleiter f\u00fcr lange Pendelstrecken, den reisenden Schriftsteller und alle anderen Arten von Situationen.  <\/span><\/p>\n\n<p><span data-contrast=\"none\">Das Herzst\u00fcck des <strong>P2 Max 2022<\/strong> ist der Intel Pentium N6000. Dieser Quad-Core-Prozessor kombiniert Energieeffizienz mit respektabler Leistung. Er meistert alle allt\u00e4glichen Aufgaben mit Leichtigkeit.  <\/span><\/p>\n\n<p><span data-contrast=\"none\"><strong>16 GB LPDDR4x RAM<\/strong> sorgen f\u00fcr stabile und zuverl\u00e4ssige Leistung beim Multitasking und bei der Produktion\/Bearbeitung von Inhalten. Kombinieren Sie dies mit <strong>1 TB schnellem NVMe-Speicher<\/strong>, und Sie haben eine wunderbar flexible und dennoch hochgradig mobile Workstation. <\/span><\/p>\n\n<p><span data-contrast=\"none\">Das gro\u00dfe <strong>8,9-Zoll-Display<\/strong> mit einer Aufl\u00f6sung von 2560 x 1600p bietet Ihnen eine gestochen scharfe Darstellung all Ihrer Shows, Fotos, Videos und mehr. Dieses Display ist au\u00dferdem <strong>ber\u00fchrungsempfindlich<\/strong> und kann sogar mit Stiften verwendet werden! <\/span><\/p>\n\n<p><span data-contrast=\"none\">Was die Anschlussm\u00f6glichkeiten angeht, so bietet dieser <strong>Mini-Laptop<\/strong> gerade genug, ohne zu sperrig zu sein. Mit zwei USB-Typ-A-Anschl\u00fcssen, einem USB-Typ-C-Anschluss, einer 3,5-mm-Audiobuchse   <\/span><strong><span data-contrast=\"none\">und<\/span><\/strong><span data-contrast=\"none\">  und einem Micro-HDMI-Anschluss ist der P2 Max 2022 sowohl auf dem Scho\u00df als auch in einer Docking-Station einsetzbar! F\u00fcr diejenigen, die eine drahtlose Verbindung bevorzugen, bietet der <strong>GPD P2 Max 2022<\/strong> Wi-Fi 6 f\u00fcr maximale Netzwerkgeschwindigkeit und -stabilit\u00e4t. <\/span>.<\/p>\n\n<p><\/p>\n","protected":false},"excerpt":{"rendered":"<ul>\n<li>Intel\u00ae Pentium\u00ae Silver N6000 Prozessor<\/li>\n<li><strong>16GB LPDDR4x RAM<\/strong> @2933Mhz<\/li>\n<li><strong>8,9&#8243; Touchscreen-Display \/ Fingerabdruck-Scanner<\/strong><\/li>\n<li><strong>1TB<\/strong> PCI-E NVMe SSD<\/li>\n<li>Kompatibel mit <strong>Windows 11<\/strong><\/li>\n<\/ul>\n<p> [cg_accordion title=\"INFO ZUR BEZAHLUNG\"] Wir verwenden die neueste Technologie in der Zahlungsabwicklung, die es Ihnen erm\u00f6glicht, \u00fcber Apple Pay, Google Pay, Ihre Debit-\/Kreditkarte, PayPal oder BNPL-Methoden wie Klarna, Affirm oder AfterPay f\u00fcr eine schnelle und sichere Erfahrung zu bezahlen.[\/cg_accordion] [cg_accordion title=\"GARANTIE\"] 2 Jahre Garantie von <a href=\"https:\/\/droix.net\/\" target=\"_blank\" rel=\"nofollow noopener\">DROIX Global<\/a> f\u00fcr Ihren Seelenfrieden[\/cg_accordion] [cg_accordion title=\"PRICING, TAXES AND SHIPPING\"] <strong><u>Hinweis:<\/u><\/strong><\/p>\n<ul>\n<li>Kunden aus den Vereinigten Staaten: Der angezeigte Preis enth\u00e4lt KEINE STEUERN oder Z\u00f6lle. Die Verantwortung f\u00fcr die Zollabfertigung und die Zahlung aller damit verbundenen Steuern und Abgaben liegt beim Kunden. <\/li>\n<li>EU-Kunden: Der angezeigte Preis enth\u00e4lt die gesetzliche Mehrwertsteuer, die je nach Land bis zu 25% betragen kann.<\/li>\n<li>Kunden aus Kanada: Der angezeigte Preis enth\u00e4lt die anfallenden Steuern, die je nach Provinz 5% GST und zus\u00e4tzliche Provincial Sales Taxes (PST), Harmonized Sales Tax (HST) oder Quebec Sales Tax (QST) umfassen k\u00f6nnen.<\/li>\n<\/ul>\n<p><strong>NUR f\u00fcr EU-Kunden:<\/strong> Express DDP (Delivered Duty Paid). Dies bedeutet: <\/p>\n<ul>\n<li style=\"list-style-type: none;\">\n<ul>\n<li>Alle Zollgeb\u00fchren und Steuern sind in dem auf der Produktseite angegebenen Preis enthalten.<\/li>\n<li>Bei der Zustellung m\u00fcssen Sie keine zus\u00e4tzlichen Geb\u00fchren zahlen.<\/li>\n<li>Im seltenen Fall von Zollproblemen \u00fcbernimmt unser Team die Zollabfertigung in Ihrem Namen, um eine reibungslose Lieferung zu gew\u00e4hrleisten.<\/li>\n<p>Wichtige Informationen \u00fcber R\u00fccksendungen:<\/p>\n<li>Wenn Sie sich entscheiden, Ihre Bestellung zur\u00fcckzusenden oder eine R\u00fcckerstattung zu beantragen, beachten Sie bitte, dass Steuern und Abgaben, die in Ihrem Namen gem\u00e4\u00df den DDP-Bedingungen gezahlt wurden, nicht erstattet werden k\u00f6nnen.<\/li>\n<p>Bitte beachten Sie unser<\/ul>\n<\/li>\n<\/ul>\n<p><a href=\"https:\/\/gpdstore.net\/de\/terms-of-service\/\" target=\"_blank\" rel=\"nofollow noopener\">Bedingungen und Konditionen<\/a><\/p>\n<ul>f\u00fcr detaillierte Informationen.<\/ul>\n<p>[\/cg_accordion] [cg_accordion title=\"KUNDENBETREUUNG\"]  Haben Sie eine Frage? Wir sind nur einen kurzen Text davon entfernt, Ihr Problem zu l\u00f6sen!   [\/cg_accordion] [cg_accordion title=\"WHAT'S INCLUDED\"]<\/p>\n<ul>\n<li>1x USB Typ-C Kabel<\/li>\n<li>1x Netzadapter<\/li>\n<li>1x Benutzerhandbuch<\/li>\n<\/ul>\n<p>[\/cg_accordion]<\/p>\n","protected":false},"featured_media":6905,"template":"","meta":{"_acf_changed":false},"product_brand":[],"product_cat":[1644,1116],"product_tag":[3487],"woo-feed-brand":[858],"class_list":{"0":"post-6902","1":"product","2":"type-product","3":"status-publish","4":"has-post-thumbnail","6":"product_cat-laptops-de","7":"product_cat-gpd-mini-laptops-de","8":"product_tag-gpd-p2-max-de-2","9":"product_shipping_class-premium","10":"pa_bluetooth-5-de","11":"pa_brand-gpd","12":"pa_display-type-h-ips-de","13":"pa_graphics-gpu-model-intel-uhd-graphics-de","14":"pa_i-o-video-uber-1x-usb-3-2-gen-2-typ-c","15":"pa_memory-ram-capacity-16gb-de","16":"pa_memory-ram-technology-lpddr4x-de","17":"pa_storage-capacity-1tb-de","18":"pa_wi-fi-wi-fi-6-de","19":"woo-feed-brand-gpd-de","21":"first","22":"outofstock","23":"sale","24":"taxable","25":"shipping-taxable","26":"purchasable","27":"product-type-variable","28":"has-default-attributes"},"acf":[],"aioseo_notices":[],"_links":{"self":[{"href":"https:\/\/gpdstore.net\/de\/wp-json\/wp\/v2\/product\/6902","targetHints":{"allow":["GET"]}}],"collection":[{"href":"https:\/\/gpdstore.net\/de\/wp-json\/wp\/v2\/product"}],"about":[{"href":"https:\/\/gpdstore.net\/de\/wp-json\/wp\/v2\/types\/product"}],"wp:featuredmedia":[{"embeddable":true,"href":"https:\/\/gpdstore.net\/de\/wp-json\/wp\/v2\/media\/6905"}],"wp:attachment":[{"href":"https:\/\/gpdstore.net\/de\/wp-json\/wp\/v2\/media?parent=6902"}],"wp:term":[{"taxonomy":"product_brand","embeddable":true,"href":"https:\/\/gpdstore.net\/de\/wp-json\/wp\/v2\/product_brand?post=6902"},{"taxonomy":"product_cat","embeddable":true,"href":"https:\/\/gpdstore.net\/de\/wp-json\/wp\/v2\/product_cat?post=6902"},{"taxonomy":"product_tag","embeddable":true,"href":"https:\/\/gpdstore.net\/de\/wp-json\/wp\/v2\/product_tag?post=6902"},{"taxonomy":"woo-feed-brand","embeddable":true,"href":"https:\/\/gpdstore.net\/de\/wp-json\/wp\/v2\/woo-feed-brand?post=6902"}],"curies":[{"name":"wp","href":"https:\/\/api.w.org\/{rel}","templated":true}]}}