{"id":6758,"date":"2024-08-12T15:14:19","date_gmt":"2024-08-12T15:14:19","guid":{"rendered":"https:\/\/gpdstore.net\/unkategorisiert\/droix-nh8-usb-hub-mit-nvme\/"},"modified":"2025-12-23T10:13:48","modified_gmt":"2025-12-23T10:13:48","slug":"droix-nh8-nvme-usb-hub","status":"publish","type":"product","link":"https:\/\/gpdstore.net\/de\/product\/droix-nh8-nvme-usb-hub\/","title":{"rendered":"DroiX NH8 USB-Hub mit NVMe"},"content":{"rendered":"\n<h3 class=\"wp-block-heading\">Wir stellen den DroiX NH8 Hub mit NVMe-Slot vor: Ihre ultimative Konnektivit\u00e4tsl\u00f6sung!<\/h3>\n\n<h3 class=\"wp-block-heading\">Blitzschnelles Gigabit-Ethernet<\/h3>\n\n<p>Starten Sie mit dem DroiX NH8 Hub in die Zukunft der Internetkonnektivit\u00e4t! Ausgestattet mit einem robusten 10\/100\/1000M RJ45 Gigabit-Ethernet-Anschluss sorgt dieser Hub f\u00fcr eine blitzschnelle, stabile und ultrazuverl\u00e4ssige Internetverbindung. Ob Sie nun spielen, streamen oder ein wichtiges Videotelefonat f\u00fchren &#8211; erleben Sie die reibungslose, verz\u00f6gerungsfreie Leistung, die nur eine kabelgebundene Verbindung bieten kann. Verabschieden Sie sich von Wi-Fi-Problemen und freuen Sie sich auf einen konstanten Hochgeschwindigkeitszugang!   <\/p>\n\n<h3 class=\"wp-block-heading\">Atemberaubende Videoausgabe<\/h3>\n\n<p>Verwandeln Sie Ihr visuelles Erlebnis mit der HDMI 2.0-Unterst\u00fctzung des DroiX NH8 Hub. Ganz gleich, ob Sie in einen 4K-Film eintauchen, einem Kunden eine Pr\u00e4sentation halten oder bei hohen Aufl\u00f6sungen spielen, der Hub gibt atemberaubende Bilder mit einer Aufl\u00f6sung von 4096&#215;2160 und einer fl\u00fcssigen Bildwiederholfrequenz von 60 Hz aus. Bereiten Sie sich darauf vor, von den leuchtenden Farben und gestochen scharfen Details fasziniert zu sein, die Sie in jedes Bild eintauchen lassen.  <\/p>\n\n<h3 class=\"wp-block-heading\">M\u00fchelose Speichererweiterung<\/h3>\n\n<p>Geht Ihnen der Speicherplatz aus? Dann ist der DroiX NH8 Hub genau das Richtige f\u00fcr Sie. Mit seinem integrierten PCIe NVMe-Steckplatz war die Erweiterung Ihres Speichers noch nie so einfach. Dieser Steckplatz ist ideal f\u00fcr Hochleistungsanwendungen oder die Speicherung gro\u00dfer Dateien und unterst\u00fctzt blitzschnelle Daten\u00fcbertragungsraten, damit Ihr System reibungslos und effizient l\u00e4uft. Passen Sie Ihren Speicher an Ihre Bed\u00fcrfnisse an und sorgen Sie daf\u00fcr, dass Ihr Ger\u00e4t immer die beste Leistung bringt.    <\/p>\n\n<h3 class=\"wp-block-heading\">Hochgeschwindigkeits-Daten\u00fcbertragung<\/h3>\n\n<p>M\u00fcssen Sie gro\u00dfe Dateien im Handumdrehen \u00fcbertragen? Der DroiX NH8 Hub verf\u00fcgt \u00fcber einen USB Typ-A 3.0-Anschluss, der schnelle Daten\u00fcbertragungsgeschwindigkeiten bietet, die die Dateiverwaltung zum Kinderspiel machen. Ganz gleich, ob Sie Peripherieger\u00e4te anschlie\u00dfen, Ger\u00e4te aufladen oder Daten \u00fcbertragen m\u00f6chten, dieser Hub sorgt daf\u00fcr, dass alles schnell und effizient abl\u00e4uft und Sie wertvolle Zeit sparen.  <\/p>\n\n<h3 class=\"wp-block-heading\">Universelle USB Typ-C Kompatibilit\u00e4t<\/h3>\n\n<p>Der DroiX NH8 Hub ist mit einem vielseitigen USB Typ-C Kabel ausgestattet, das universelle Kompatibilit\u00e4t mit einer Vielzahl von Ger\u00e4ten bietet. Dieses All-in-One-Kabel unterst\u00fctzt nicht nur die schnelle Daten\u00fcbertragung, sondern auch effizientes Aufladen und ist damit ein unverzichtbarer Begleiter f\u00fcr Ihre Konnektivit\u00e4tsanforderungen. Kein l\u00e4stiges Hantieren mit mehreren Kabeln mehr &#8211; bleiben Sie ganz einfach verbunden.  <\/p>\n\n<h3 class=\"wp-block-heading\">Nahtloser Medienzugang<\/h3>\n\n<p>Mit dem integrierten SD-Kartenleser des DroiX NH8 Hub k\u00f6nnen Sie m\u00fchelos auf Ihre Medien zugreifen und diese \u00fcbertragen. Mit dieser Funktion, die sowohl Micro SD- als auch SD-Karten unterst\u00fctzt, k\u00f6nnen Sie Ihre Dateien schnell sichern oder darauf zugreifen, egal ob es sich um Fotos, Videos oder wichtige Dokumente handelt. Bequemlichkeit war noch nie so einfach.  <\/p>\n\n<h3 class=\"wp-block-heading\">Unerreichte Vielseitigkeit<\/h3>\n\n<p>Was den DroiX NH8 Hub wirklich auszeichnet, ist seine un\u00fcbertroffene Vielseitigkeit. Dieser Hub wurde f\u00fcr die nahtlose Zusammenarbeit mit einer Vielzahl von USB Typ-C-Ger\u00e4ten entwickelt &#8211; ob PCs, Mini-PCs, Laptops, tragbare Gaming-Ger\u00e4te oder mehr &#8211; und passt sich Ihren Bed\u00fcrfnissen an, indem er durchg\u00e4ngig erstklassige Leistung bietet. Er ist nicht nur ein Hub, sondern ein Kraftpaket der Konnektivit\u00e4t.  <\/p>\n\n<h3 class=\"wp-block-heading\">Fazit: Verbessern Sie Ihr Konnektivit\u00e4tserlebnis<\/h3>\n\n<p>Der DroiX NH8 Hub ist mehr als nur ein Konnektivit\u00e4ts-Tool; er ist eine umfassende L\u00f6sung, die die vielf\u00e4ltigen Bed\u00fcrfnisse der technisch versierten Benutzer von heute erf\u00fcllt. Jede Funktion spiegelt das \u00fcberlegene Design, die au\u00dfergew\u00f6hnliche Leistung und den zukunftsweisenden Ansatz f\u00fcr Konnektivit\u00e4t wider. Erh\u00f6hen Sie Ihr Erlebnis und ver\u00e4ndern Sie die Art und Weise, wie Sie sich verbinden &#8211; mit dem DroiX NH8 Hub!  <\/p>\n\n<p>Erfahren Sie mehr in unserem Leitfaden <strong>Erste Schritte mit dem Droix NH8 USB Hub<\/strong>.<\/p>\n\n<p><\/p>\n","protected":false},"excerpt":{"rendered":"<ul>\n<li>DroiX<strong> NH8 <\/strong>USB-Hub mit NVMe<\/li>\n<li><strong>10\/100\/1000M<\/strong> Gigabit-Ethernet<\/li>\n<li><strong>Integrierter PCIe NVMe-Steckplatz<\/strong> f\u00fcr Speichererweiterung<\/li>\n<li><strong>4K Display-Ausgang<\/strong> \u00fcber HDMI<\/li>\n<li><strong>MicroSD-\/SD-Kartensteckplatz<\/strong> &#8211; bis zu 5Gbps<\/li>\n<\/ul>\n[cg_accordion title=\"INFO ZUR BEZAHLUNG\"]<\/p>\n<p>Wir verwenden die neueste Technologie in der Zahlungsabwicklung, die es Ihnen erm\u00f6glicht, mit Ihrer Debit-\/Kreditkarte oder mit PayPal schnell und sicher zu bezahlen.[\/cg_accordion]\n[cg_accordion title=\"GARANTIE\"]<\/p>\n<p>2 Jahre Garantie von <a href=\"https:\/\/droix.net\/\" target=\"_blank\" rel=\"nofollow noopener\">DROIX Global<\/a> f\u00fcr Ihren Seelenfrieden[\/cg_accordion]\n[cg_accordion title=\"QUALIT\u00c4TSSICHERUNG &amp; TESTS VOR DER AUSLIEFERUNG\"]<\/p>\n<p>Sicherstellung der Kundenzufriedenheit auf h\u00f6chstem Niveau: Jedes Ger\u00e4t wird strengen Tests und einer mehrstufigen Qualit\u00e4tskontrolle unterzogen, bevor es ausgeliefert wird. Unser engagiertes Team pr\u00fcft die Leistung, Funktionalit\u00e4t und Integrit\u00e4t der Komponenten, um zu gew\u00e4hrleisten, dass Ihr GPD-Ger\u00e4t bei der Ankunft in einwandfreiem Zustand ist und Sie sich darauf verlassen k\u00f6nnen. [\/cg_accordion]\n[cg_accordion title=\"PREISE, STEUERN UND VERSAND\"]<\/p>\n<p><strong><u>Anmerkung:<\/u><\/strong><\/p>\n<ul>\n<li>Kunden aus den Vereinigten Staaten: Der angezeigte Preis enth\u00e4lt KEINE STEUER oder Z\u00f6lle. Die Verantwortung f\u00fcr die Zollabfertigung und die Zahlung aller damit verbundenen Steuern und Abgaben liegt beim Kunden. <\/li>\n<li>EU-Kunden: Der angezeigte Preis enth\u00e4lt die anwendbare STEUER, die je nach Land bis zu 25% betragen kann.<\/li>\n<li>Kunden aus Kanada: Der angezeigte Preis enth\u00e4lt die anfallenden Steuern, die je nach Provinz 5% GST und zus\u00e4tzliche Provincial Sales Taxes (PST), Harmonized Sales Tax (HST) oder Quebec Sales Tax (QST) umfassen k\u00f6nnen.<\/li>\n<\/ul>\n<p><strong>NUR f\u00fcr EU-Kunden:<\/strong> Express DDP (Delivered Duty Paid). Dies bedeutet: <\/p>\n<ul>\n<li>Alle Z\u00f6lle und Steuern sind in dem auf der Produktseite angegebenen Preis enthalten.<\/li>\n<li>Sie m\u00fcssen bei der Lieferung keine zus\u00e4tzlichen Geb\u00fchren zahlen.<\/li>\n<li>Im seltenen Fall von Zollproblemen \u00fcbernimmt unser Team die Zollabfertigung in Ihrem Namen, um eine reibungslose Lieferung zu gew\u00e4hrleisten.<\/li>\n<p>Wichtige Informationen \u00fcber R\u00fccksendungen:<\/p>\n<li>Wenn Sie sich entscheiden, Ihre Bestellung zur\u00fcckzusenden oder eine R\u00fcckerstattung zu beantragen, beachten Sie bitte, dass Steuern und Abgaben, die im Rahmen von DDP in Ihrem Namen gezahlt wurden, nicht erstattet werden k\u00f6nnen.<\/li>\n<p>Detaillierte Informationen finden Sie in unseren <a href=\"https:\/\/droix.net\/terms-and-conditions\/\" target=\"_blank\" rel=\"nofollow noopener\">Allgemeinen Gesch\u00e4ftsbedingungen<\/a>.\n<\/ul>\n<p>[\/cg_accordion]\n[cg_accordion title=\"KUNDENBETREUUNG\"]<\/p>\n<p>Haben Sie eine Frage? Wir sind nur einen kurzen Text davon entfernt, Ihr Problem zu l\u00f6sen! <\/p>\n<p>Detaillierte Informationen finden Sie in unseren <a href=\"https:\/\/gpdstore.net\/de\/terms-of-service\/\" target=\"_blank\" rel=\"nofollow noopener\">Allgemeinen Gesch\u00e4ftsbedingungen<\/a>.\n<\/ul>\n<p>[\/cg_accordion]\n[cg_accordion title=\"WAS ENTHALTEN IST\"]<\/p>\n<ul>\n<li>1x DroiX NH8 USB-Hub mit NVMe<\/li>\n<\/ul>\n<p>[\/cg_accordion]\n","protected":false},"featured_media":17047,"template":"","meta":{"_acf_changed":false},"product_brand":[],"product_cat":[1199],"product_tag":[14818,3195],"woo-feed-brand":[2447],"class_list":{"0":"post-6758","1":"product","2":"type-product","3":"status-publish","4":"has-post-thumbnail","6":"product_cat-zubehor","7":"product_tag-40xmsale-de","8":"product_tag-droix-hub-de","9":"product_shipping_class-low-end","10":"pa_brand-droix","11":"pa_i-o-video-1x-hdmi-de","12":"woo-feed-brand-droix-de","14":"first","15":"outofstock","16":"sale","17":"taxable","18":"shipping-taxable","19":"purchasable","20":"product-type-variable","21":"has-default-attributes"},"acf":[],"aioseo_notices":[],"_links":{"self":[{"href":"https:\/\/gpdstore.net\/de\/wp-json\/wp\/v2\/product\/6758","targetHints":{"allow":["GET"]}}],"collection":[{"href":"https:\/\/gpdstore.net\/de\/wp-json\/wp\/v2\/product"}],"about":[{"href":"https:\/\/gpdstore.net\/de\/wp-json\/wp\/v2\/types\/product"}],"wp:featuredmedia":[{"embeddable":true,"href":"https:\/\/gpdstore.net\/de\/wp-json\/wp\/v2\/media\/17047"}],"wp:attachment":[{"href":"https:\/\/gpdstore.net\/de\/wp-json\/wp\/v2\/media?parent=6758"}],"wp:term":[{"taxonomy":"product_brand","embeddable":true,"href":"https:\/\/gpdstore.net\/de\/wp-json\/wp\/v2\/product_brand?post=6758"},{"taxonomy":"product_cat","embeddable":true,"href":"https:\/\/gpdstore.net\/de\/wp-json\/wp\/v2\/product_cat?post=6758"},{"taxonomy":"product_tag","embeddable":true,"href":"https:\/\/gpdstore.net\/de\/wp-json\/wp\/v2\/product_tag?post=6758"},{"taxonomy":"woo-feed-brand","embeddable":true,"href":"https:\/\/gpdstore.net\/de\/wp-json\/wp\/v2\/woo-feed-brand?post=6758"}],"curies":[{"name":"wp","href":"https:\/\/api.w.org\/{rel}","templated":true}]}}