{"id":6714,"date":"2024-07-12T13:07:42","date_gmt":"2024-07-12T13:07:42","guid":{"rendered":"https:\/\/gpdstore.net\/unkategorisiert\/156-4k-tragbarer-monitor-mit-touchscreen\/"},"modified":"2025-12-23T10:13:43","modified_gmt":"2025-12-23T10:13:43","slug":"15-6-4k-portable-monitor-with-touchscreen","status":"publish","type":"product","link":"https:\/\/gpdstore.net\/de\/product\/15-6-4k-portable-monitor-with-touchscreen\/","title":{"rendered":"15,6&#8243; 4K Tragbarer Monitor mit Touchscreen"},"content":{"rendered":"\n<p>Wir stellen den tragbaren S23b-1 4K-Monitor vor: Erh\u00f6hen Sie Ihr visuelles Erlebnis an jedem Ort<\/p>\n\n<p>Erleben Sie unvergleichliche visuelle Klarheit und Brillanz mit dem S23b-1 4K Portable Monitor. Dieser Monitor wurde f\u00fcr diejenigen entwickelt, die nur das Beste von tragbaren Bildschirmen erwarten. Er bietet eine atemberaubende 4K UHD-Aufl\u00f6sung auf einem kompakten 15,6-Zoll-Bildschirm. Ganz gleich, ob Sie hochaufl\u00f6sende Fotos bearbeiten, komplizierte Grafiken entwerfen oder in faszinierende Spielewelten eintauchen, der S23b-1 sorgt daf\u00fcr, dass jedes Detail mit au\u00dfergew\u00f6hnlicher Pr\u00e4zision und lebendigen Farben zum Leben erweckt wird.  <\/p>\n\n<p>Das TFT-Panel IPS LCD bietet eine hervorragende Farbgenauigkeit und weite Betrachtungswinkel &#8211; perfekt f\u00fcr die gemeinsame Nutzung von Inhalten mit Freunden oder die Zusammenarbeit mit Kollegen. Der kapazitive G+G-Touchscreen verbessert Ihre Interaktion und bietet pr\u00e4zise Steuerung mit nahtloser Navigation durch Men\u00fcs und Dokumente.<\/p>\n\n<p>Mit dem HDMI-Mini-Anschluss und den beiden Type-C-Anschl\u00fcssen, die die Stromversorgung und den Hochgeschwindigkeits-Datentransfer zwischen mehreren Ger\u00e4ten unterst\u00fctzen, ist die Konnektivit\u00e4t m\u00fchelos. F\u00fcr zus\u00e4tzlichen Komfort gibt es einen Kopfh\u00f6reranschluss f\u00fcr privates H\u00f6ren und einen Micro-USB-Anschluss f\u00fcr Peripherieger\u00e4te wie Tastaturen und M\u00e4use.<\/p>\n\n<p>Der aus einer robusten Aluminiumlegierung gefertigte S23b-1 kombiniert ein schlankes, unglaublich schlankes Profil mit einem geringen Gewicht, was ihn zum idealen Begleiter auf Reisen oder beim Wechsel des Arbeitsplatzes macht. Das faltbare Geh\u00e4use dient gleichzeitig als St\u00e4nder f\u00fcr eine stabile Positionierung auf jeder flachen Oberfl\u00e4che und gew\u00e4hrleistet Vielseitigkeit, wo auch immer Sie hingehen.<\/p>\n\n<p>Vorteile:<\/p>\n\n<ul class=\"wp-block-list\">\n<li>Atemberaubendes 4K UHD-Display f\u00fcr beeindruckende visuelle Erlebnisse<\/li>\n\n\n\n<li>Vielseitige Konnektivit\u00e4tsoptionen, einschlie\u00dflich HDMI Mini und Type-C Ports<\/li>\n\n\n\n<li>Schlankes, leichtes Design aus hochwertiger Aluminiumlegierung<\/li>\n\n\n\n<li>Reaktionsschneller kapazitiver G+G-Touchscreen f\u00fcr intuitive Interaktion<\/li>\n<\/ul>\n\n<p>Nachteile:<\/p>\n\n<ul class=\"wp-block-list\">\n<li>Begrenzt auf 15,6-Zoll-Bildschirmgr\u00f6\u00dfe<\/li>\n\n\n\n<li>Eingebaute Lautsprecher entsprechen m\u00f6glicherweise nicht der externen Audioqualit\u00e4t<\/li>\n<\/ul>\n\n<p>Ganz gleich, ob Sie ein kreativer Profi, ein begeisterter Gamer oder ein Enthusiast sind, der tragbare Monitor S23b-1 4K definiert den Begriff &#8220;tragbarer Monitor&#8221; neu und bietet au\u00dfergew\u00f6hnliche Leistung in einem kompakten Paket.<\/p>\n","protected":false},"excerpt":{"rendered":"<ul>\n<li>Tragbarer <strong>15,6&#8243; 4K-Monitor<\/strong> mit Touchscreen f\u00fcr hohe Aufl\u00f6sung<\/li>\n<li>Kompakte Gr\u00f6\u00dfe von 14,17 x 8,4 x 0,43 Zoll und <strong>920g<\/strong> Gewicht<\/li>\n<li>Touchscreen Kompatibel mit <strong>MacOS<\/strong><\/li>\n<li>Touchscreen <strong>unterst\u00fctzt Toucheingabe<\/strong> auf kompatiblen Ger\u00e4ten<\/li>\n<li><strong>Stromversorgung \u00fcber USB<\/strong>, unterst\u00fctzt Mini-HDMI, USB Typ-C<\/li>\n<\/ul>\n[cg_accordion title=\"INFO ZUR BEZAHLUNG\"]<\/p>\n<p>Wir verwenden die neueste Technologie in der Zahlungsabwicklung, die es Ihnen erm\u00f6glicht, mit Ihrer Debit-\/Kreditkarte oder mit PayPal schnell und sicher zu bezahlen.[\/cg_accordion]\n[cg_accordion title=\"GARANTIE\"]<\/p>\n<p>2 Jahre Garantie von <a href=\"https:\/\/droix.net\/\" target=\"_blank\" rel=\"nofollow noopener\">DROIX Global<\/a> f\u00fcr Ihren Seelenfrieden[\/cg_accordion]\n[cg_accordion title=\"PREISE, STEUERN UND VERSAND\"]<\/p>\n<p><strong><u>Anmerkung:<\/u><\/strong><\/p>\n<ul>\n<li>Kunden aus den Vereinigten Staaten: Der angezeigte Preis enth\u00e4lt KEINE STEUERN oder Z\u00f6lle. Die Verantwortung f\u00fcr die Zollabfertigung und die Zahlung aller damit verbundenen Steuern und Abgaben liegt beim Kunden. <\/li>\n<li>EU-Kunden: Der angezeigte Preis enth\u00e4lt die gesetzliche Mehrwertsteuer, die je nach Land bis zu 25% betragen kann.<\/li>\n<li>Kunden aus Kanada: Der angezeigte Preis enth\u00e4lt die anfallenden Steuern, die je nach Provinz 5% GST und zus\u00e4tzliche Provincial Sales Taxes (PST), Harmonized Sales Tax (HST) oder Quebec Sales Tax (QST) umfassen k\u00f6nnen.<\/li>\n<\/ul>\n<p><strong>NUR f\u00fcr EU-Kunden:<\/strong> Express DDP (Delivered Duty Paid). Dies bedeutet: <\/p>\n<ul>\n<li>Alle Zollgeb\u00fchren und Steuern sind in dem auf der Produktseite angegebenen Preis enthalten.<\/li>\n<li>Bei der Zustellung m\u00fcssen Sie keine zus\u00e4tzlichen Geb\u00fchren zahlen.<\/li>\n<li>Im seltenen Fall von Zollproblemen \u00fcbernimmt unser Team die Zollabfertigung in Ihrem Namen, um eine reibungslose Lieferung zu gew\u00e4hrleisten.<\/li>\n<p>Wichtige Informationen \u00fcber R\u00fccksendungen:<\/p>\n<li>Wenn Sie sich entscheiden, Ihre Bestellung zur\u00fcckzusenden oder eine R\u00fcckerstattung zu beantragen, beachten Sie bitte, dass Steuern und Abgaben, die in Ihrem Namen gem\u00e4\u00df den DDP-Bedingungen gezahlt wurden, nicht erstattet werden k\u00f6nnen.<\/li>\n<p>Ausf\u00fchrliche Informationen finden Sie in unseren <a href=\"https:\/\/droix.net\/terms-and-conditions\/\" target=\"_blank\" rel=\"nofollow noopener\">Allgemeinen Gesch\u00e4ftsbedingungen<\/a>.\n<\/ul>\n<p>[\/cg_accordion]\n[cg_accordion title=\"KUNDENBETREUUNG\"]<\/p>\n<p>Haben Sie eine Frage? Wir sind nur einen kurzen Text davon entfernt, Ihr Problem zu l\u00f6sen! <\/p>\n<p>Ausf\u00fchrliche Informationen finden Sie in unseren <a href=\"https:\/\/gpdstore.net\/de\/terms-of-service\/\" target=\"_blank\" rel=\"nofollow noopener\">Allgemeinen Gesch\u00e4ftsbedingungen<\/a>.\n<\/ul>\n<p>[\/cg_accordion]\n[cg_accordion title=\"WAS ENTHALTEN IST\"]<\/p>\n<ul>\n<li>1x Netzstecker (EU\/US)<\/li>\n<li>1x Benutzerhandbuch<\/li>\n<\/ul>\n<p>[\/cg_accordion]\n","protected":false},"featured_media":15923,"template":"","meta":{"_acf_changed":false},"product_brand":[],"product_cat":[2444],"product_tag":[2497,2446],"woo-feed-brand":[2447],"class_list":{"0":"post-6714","1":"product","2":"type-product","3":"status-publish","4":"has-post-thumbnail","6":"product_cat-tragbare-monitore","7":"product_tag-30gpdsale-de","8":"product_tag-droix-portable-monitor-de","9":"product_shipping_class-standard","10":"pa_brand-droix","11":"woo-feed-brand-droix-de","13":"first","14":"outofstock","15":"sale","16":"taxable","17":"shipping-taxable","18":"purchasable","19":"product-type-variable","20":"has-default-attributes"},"acf":[],"aioseo_notices":[],"_links":{"self":[{"href":"https:\/\/gpdstore.net\/de\/wp-json\/wp\/v2\/product\/6714","targetHints":{"allow":["GET"]}}],"collection":[{"href":"https:\/\/gpdstore.net\/de\/wp-json\/wp\/v2\/product"}],"about":[{"href":"https:\/\/gpdstore.net\/de\/wp-json\/wp\/v2\/types\/product"}],"wp:featuredmedia":[{"embeddable":true,"href":"https:\/\/gpdstore.net\/de\/wp-json\/wp\/v2\/media\/15923"}],"wp:attachment":[{"href":"https:\/\/gpdstore.net\/de\/wp-json\/wp\/v2\/media?parent=6714"}],"wp:term":[{"taxonomy":"product_brand","embeddable":true,"href":"https:\/\/gpdstore.net\/de\/wp-json\/wp\/v2\/product_brand?post=6714"},{"taxonomy":"product_cat","embeddable":true,"href":"https:\/\/gpdstore.net\/de\/wp-json\/wp\/v2\/product_cat?post=6714"},{"taxonomy":"product_tag","embeddable":true,"href":"https:\/\/gpdstore.net\/de\/wp-json\/wp\/v2\/product_tag?post=6714"},{"taxonomy":"woo-feed-brand","embeddable":true,"href":"https:\/\/gpdstore.net\/de\/wp-json\/wp\/v2\/woo-feed-brand?post=6714"}],"curies":[{"name":"wp","href":"https:\/\/api.w.org\/{rel}","templated":true}]}}