{"id":6696,"date":"2024-07-12T12:39:31","date_gmt":"2024-07-12T12:39:31","guid":{"rendered":"https:\/\/gpdstore.net\/unkategorisiert\/tragbarer-156-4k-monitor-mit-stylus-unterstuetzung\/"},"modified":"2025-12-23T10:13:56","modified_gmt":"2025-12-23T10:13:56","slug":"15-6-4k-portable-monitor-with-stylus-support","status":"publish","type":"product","link":"https:\/\/gpdstore.net\/de\/product\/15-6-4k-portable-monitor-with-stylus-support\/","title":{"rendered":"Tragbarer 15,6&#8243; 4K-Monitor mit Stylus-Unterst\u00fctzung"},"content":{"rendered":"\n<p>Der neue tragbare 15.6&#8243; 4K-Monitor: Erh\u00f6hen Sie Ihr mobiles Seherlebnis<\/p>\n\n<p>Entdecken Sie mit dem tragbaren 15,6-Zoll-4K-Monitor einen neuen Standard f\u00fcr tragbare Displays. Dieser hochmoderne Bildschirm wurde f\u00fcr diejenigen entwickelt, die h\u00f6chste Anspr\u00fcche an die visuelle Leistung und Flexibilit\u00e4t stellen, und definiert das Arbeiten unterwegs neu. Egal, ob Sie ein digitaler Nomade, Fotograf oder Designer sind, es ist Ihr Tor zu nahtloser Produktivit\u00e4t und spannender Unterhaltung, wo immer Sie auch unterwegs sind.<\/p>\n\n<p>Immersiver 4K UHD Bildschirm: Ihr mobiles Fenster zur Brillanz<\/p>\n\n<p>Erleben Sie atemberaubende Klarheit auf dem 15,6-Zoll-4K-UHD-Bildschirm. Mit einem G+G-Touchscreen mit Volllaminierung und einem 16:9-Breitbildformat sorgt die LED-Hintergrundbeleuchtung f\u00fcr lebendige Farben und scharfe Kontraste, damit die Inhalte auf dem Bildschirm richtig zur Geltung kommen. Die Aufl\u00f6sung von 3840 x 2160 Pixeln und die 10-Bit-Farbtiefe sind ideal f\u00fcr die Anzeige von 4K-Medien, die Bearbeitung von Fotos oder Grafikdesign-Projekte und liefern unvergleichliche Details.<\/p>\n\n<p>Schlankes Design, intuitiver Touchscreen: Entwickelt f\u00fcr m\u00fchelose Interaktion<\/p>\n\n<p>Der aus einer hochwertigen Aluminiumlegierung gefertigte Monitor verbindet Langlebigkeit mit einem schlanken Profil. Das schmale Rahmendesign maximiert den Platz auf dem Bildschirm und sorgt f\u00fcr ein intensives visuelles Erlebnis. Dank des reaktionsschnellen kapazitiven 10-Punkt-Touchscreens f\u00fchlt sich das Navigieren in Men\u00fcs, das Bearbeiten von Fotos oder das Skizzieren von Ideen nat\u00fcrlich und intuitiv an.<\/p>\n\n<p>Verbessertes Sehvergn\u00fcgen: Brillant aus jedem Blickwinkel<\/p>\n\n<p>Dank des gro\u00dfen 15,6-Zoll-Panels mit einem weiten Betrachtungswinkel von 85 Grad k\u00f6nnen Sie Ihren Bildschirm m\u00fchelos mit anderen teilen, ohne auf Bildqualit\u00e4t verzichten zu m\u00fcssen. Ein hohes Kontrastverh\u00e4ltnis von 1500:1 und eine Helligkeit von 600 cd\/m2 sorgen f\u00fcr tiefe Schwarzt\u00f6ne und lebendige Farben, selbst in gut beleuchteten Umgebungen.<\/p>\n\n<p>Nahtlose Konnektivit\u00e4t, verbesserte Vielseitigkeit<\/p>\n\n<p>Der HDMI-Mini-Anschluss und der Typ-C-Anschluss f\u00fcr Video- und Strom\u00fcbertragung sorgen f\u00fcr m\u00fchelose Konnektivit\u00e4t und sind mit Smartphones, Laptops und Spielekonsolen wie PlayStation 5 und Xbox kompatibel. Ein Micro-USB-Anschluss verwandelt es mit Leichtigkeit in eine Workstation.<\/p>\n\n<p>Entfesseln Sie Ihre Kreativit\u00e4t mit Pr\u00e4zision<\/p>\n\n<p>F\u00fcr Kreativprofis unterst\u00fctzt der Monitor einen Stylus-Stift mit 4096 Druckpunkten (separat erh\u00e4ltlich), der eine pr\u00e4zise Steuerung f\u00fcr Skizzen, Notizen oder die Bearbeitung von Fotos mit nat\u00fcrlicher Leichtigkeit erm\u00f6glicht.<\/p>\n\n<p>Tragbares Kraftpaket: Arbeiten und Spielen ohne Grenzen<\/p>\n\n<p>Der eingebaute Akku (10000 mAh ) sorgt f\u00fcr 4-5 Stunden ununterbrochenen Betrieb &#8211; perfekt f\u00fcr das Arbeiten unterwegs oder das Anschauen Ihrer Lieblingssendungen. Das kompakte und leichte Ger\u00e4t passt m\u00fchelos in jede Tasche und sorgt daf\u00fcr, dass hochaufl\u00f6sende Produktivit\u00e4t und Unterhaltung immer in Reichweite sind.<\/p>\n\n<p>Steigern Sie Ihre Produktivit\u00e4t und Unterhaltung<\/p>\n\n<p>Erweitern Sie Ihre Bildschirmfl\u00e4che nahtlos f\u00fcr Multitasking, schlie\u00dfen Sie Spielkonsolen f\u00fcr ein packendes Gameplay an oder genie\u00dfen Sie Filme in atemberaubenden 4K UHD-Details &#8211; dieser Monitor verwandelt jede Aufgabe in ein au\u00dfergew\u00f6hnliches Erlebnis.<\/p>\n\n<p>Satter Klang, zuverl\u00e4ssige Kompatibilit\u00e4t<\/p>\n\n<p>Zwei eingebaute Lautsprecher liefern satte Klangbilder, die Ihr Sehvergn\u00fcgen steigern, egal ob Sie Filme ansehen, spielen oder Musik h\u00f6ren. Er ist mit einer Vielzahl von HDMI- und Typ-C-Ger\u00e4ten kompatibel und l\u00e4sst sich problemlos an Ihre Bed\u00fcrfnisse anpassen.<\/p>\n\n<p>Entwickelt f\u00fcr Profis: Wo Pr\u00e4zision auf Leistung trifft<\/p>\n\n<p>Perfekt f\u00fcr Fotografen und Grafikdesigner: Die 4K UHD-Aufl\u00f6sung und die pr\u00e4zise Farbwiedergabe sorgen f\u00fcr lebensechte Bilder. Mit einer 100%igen sRGB-Abdeckung und 10-Bit-Farbtiefe erf\u00fcllt er selbst die Anforderungen der anspruchsvollsten Profis.<\/p>\n\n<p>M\u00fchelose Einrichtung, zuverl\u00e4ssiger Aufbau<\/p>\n\n<p>Dank der einfachen Plug-and-Play-Funktion ist die Einrichtung in Sekundenschnelle erledigt &#8211; keine komplizierten Installationen erforderlich. Mit den intuitiven Bedienelementen k\u00f6nnen Sie Einstellungen wie Helligkeit und Kontrast m\u00fchelos anpassen und so optimalen Komfort bei l\u00e4ngerer Nutzung gew\u00e4hrleisten.<\/p>\n\n<p>Langlebig, stilvoll und zukunftssicher<\/p>\n\n<p>Mit seinem eleganten Geh\u00e4use aus einer Aluminiumlegierung bietet es robusten Schutz f\u00fcr den t\u00e4glichen Gebrauch und f\u00fcr Reisen. Das Design mit schmalem Rand verbindet \u00c4sthetik mit Funktionalit\u00e4t und maximiert Ihr Sehvergn\u00fcgen ohne Ablenkung.<\/p>\n\n<p>Fazit: Definieren Sie mobiles Fernsehen neu mit dem tragbaren 15,6&#8243; 4K Monitor<\/p>\n\n<p>Erleben Sie die Zukunft mobiler Bildschirme mit dem tragbaren 15,6-Zoll-4K-Monitor &#8211; ein Meisterwerk an Klarheit, Vielseitigkeit und Mobilit\u00e4t. Ganz gleich, ob Sie kreativ arbeiten, spielen oder sich unterhalten lassen m\u00f6chten &#8211; er bietet Ihnen \u00fcberall un\u00fcbertroffene Leistung.<\/p>\n\n<p>Vorteile:<\/p>\n\n<ul class=\"wp-block-list\">\n<li>Atemberaubendes 4K UHD Display<\/li>\n\n\n\n<li>Intuitive Touchscreen-Funktionen<\/li>\n\n\n\n<li>Vielseitige Konnektivit\u00e4tsoptionen<\/li>\n\n\n\n<li>Leichtes und tragbares Design<\/li>\n\n\n\n<li>Langlebige und stilvolle Konstruktion<\/li>\n<\/ul>\n\n<p>Nachteile:<\/p>\n\n<ul class=\"wp-block-list\">\n<li>Stylus Pen Separat erh\u00e4ltlich<\/li>\n\n\n\n<li>Begrenzte Batterielebensdauer f\u00fcr l\u00e4ngeren Gebrauch<\/li>\n\n\n\n<li>Eingebaute Lautsprecher entsprechen m\u00f6glicherweise nicht den audiophilen Standards<\/li>\n<\/ul>\n\n\r\n<div class=\"wp-block-jetpack-tiled-gallery aligncenter is-style-rectangular\">\r\n<div class=\"tiled-gallery__gallery\">\r\n<div class=\"tiled-gallery__row\">\r\n<div class=\"tiled-gallery__col\" style=\"flex-basis: 55.49556%;\">\r\n<figure class=\"tiled-gallery__item\"><img decoding=\"async\" src=\"https:\/\/i2.wp.com\/droix.net\/wp-content\/uploads\/2023\/04\/S23B_5-MONITOR-MARKETING-IMAGE-DONE-2.jpg?ssl=1\" alt=\"\" data-height=\"1000\" data-id=\"157015\" data-link=\"https:\/\/droix.net\/?attachment_id=157015\" data-url=\"https:\/\/droix.net\/wp-content\/uploads\/2023\/04\/S23B_5-MONITOR-MARKETING-IMAGE-DONE-2.jpg\" data-width=\"1000\" data-amp-layout=\"responsive\"><\/figure>\r\n<\/div>\r\n<div class=\"tiled-gallery__col\" style=\"flex-basis: 44.50444%;\">\r\n<figure class=\"tiled-gallery__item\"><img decoding=\"async\" src=\"https:\/\/i0.wp.com\/droix.net\/wp-content\/uploads\/2023\/04\/S23B_5-MONITOR-MARKETING-IMAGE-DONE-1.jpg?ssl=1\" alt=\"\" data-height=\"619\" data-id=\"157010\" data-link=\"https:\/\/droix.net\/?attachment_id=157010\" data-url=\"https:\/\/droix.net\/wp-content\/uploads\/2023\/04\/S23B_5-MONITOR-MARKETING-IMAGE-DONE-1.jpg\" data-width=\"1000\" data-amp-layout=\"responsive\"><\/figure>\r\n<figure class=\"tiled-gallery__item\"><img decoding=\"async\" src=\"https:\/\/i2.wp.com\/droix.net\/wp-content\/uploads\/2023\/04\/S23B_5-MONITOR-MARKETING-IMAGE-DONE-3.jpg?ssl=1\" alt=\"\" data-height=\"619\" data-id=\"157020\" data-link=\"https:\/\/droix.net\/?attachment_id=157020\" data-url=\"https:\/\/droix.net\/wp-content\/uploads\/2023\/04\/S23B_5-MONITOR-MARKETING-IMAGE-DONE-3.jpg\" data-width=\"1000\" data-amp-layout=\"responsive\"><\/figure>\r\n<\/div>\r\n<\/div>\r\n<div class=\"tiled-gallery__row\">\r\n<div class=\"tiled-gallery__col\" style=\"flex-basis: 37.61498%;\">\r\n<figure class=\"tiled-gallery__item\"><img decoding=\"async\" src=\"https:\/\/i2.wp.com\/droix.net\/wp-content\/uploads\/2023\/04\/S23B_5-MONITOR-MARKETING-IMAGE-DONE-4.jpg?ssl=1\" alt=\"\" data-height=\"1000\" data-id=\"157025\" data-link=\"https:\/\/droix.net\/?attachment_id=157025\" data-url=\"https:\/\/droix.net\/wp-content\/uploads\/2023\/04\/S23B_5-MONITOR-MARKETING-IMAGE-DONE-4.jpg\" data-width=\"1000\" data-amp-layout=\"responsive\"><\/figure>\r\n<figure class=\"tiled-gallery__item\"><img decoding=\"async\" src=\"https:\/\/i0.wp.com\/droix.net\/wp-content\/uploads\/2023\/04\/S23B_5-MONITOR-MARKETING-IMAGE-DONE-5.jpg?ssl=1\" alt=\"\" data-height=\"619\" data-id=\"157030\" data-link=\"https:\/\/droix.net\/?attachment_id=157030\" data-url=\"https:\/\/droix.net\/wp-content\/uploads\/2023\/04\/S23B_5-MONITOR-MARKETING-IMAGE-DONE-5.jpg\" data-width=\"1000\" data-amp-layout=\"responsive\"><\/figure>\r\n<\/div>\r\n<div class=\"tiled-gallery__col\" style=\"flex-basis: 62.38502%;\">\r\n<figure class=\"tiled-gallery__item\"><img decoding=\"async\" src=\"https:\/\/i0.wp.com\/droix.net\/wp-content\/uploads\/2023\/04\/S23B_5-MONITOR-MARKETING-IMAGE-DONE-6.jpg?ssl=1\" alt=\"\" data-height=\"981\" data-id=\"157035\" data-link=\"https:\/\/droix.net\/?attachment_id=157035\" data-url=\"https:\/\/droix.net\/wp-content\/uploads\/2023\/04\/S23B_5-MONITOR-MARKETING-IMAGE-DONE-6.jpg\" data-width=\"1000\" data-amp-layout=\"responsive\"><\/figure>\r\n<\/div>\r\n<\/div>\r\n<div class=\"tiled-gallery__row\">\r\n<div class=\"tiled-gallery__col\" style=\"flex-basis: 33.33333%;\">\r\n<figure class=\"tiled-gallery__item\"><img decoding=\"async\" src=\"https:\/\/i1.wp.com\/droix.net\/wp-content\/uploads\/2023\/04\/S23B_5-MONITOR-MARKETING-IMAGE-DONE-7.jpg?ssl=1\" alt=\"\" data-height=\"1000\" data-id=\"157040\" data-link=\"https:\/\/droix.net\/?attachment_id=157040\" data-url=\"https:\/\/droix.net\/wp-content\/uploads\/2023\/04\/S23B_5-MONITOR-MARKETING-IMAGE-DONE-7.jpg\" data-width=\"1000\" data-amp-layout=\"responsive\"><\/figure>\r\n<\/div>\r\n<div class=\"tiled-gallery__col\" style=\"flex-basis: 33.33333%;\">\r\n<figure class=\"tiled-gallery__item\"><img decoding=\"async\" src=\"https:\/\/i1.wp.com\/droix.net\/wp-content\/uploads\/2023\/04\/S23B_5-MONITOR-MARKETING-IMAGE-DONE-8.jpg?ssl=1\" alt=\"\" data-height=\"1000\" data-id=\"157045\" data-link=\"https:\/\/droix.net\/?attachment_id=157045\" data-url=\"https:\/\/droix.net\/wp-content\/uploads\/2023\/04\/S23B_5-MONITOR-MARKETING-IMAGE-DONE-8.jpg\" data-width=\"1000\" data-amp-layout=\"responsive\"><\/figure>\r\n<\/div>\r\n<div class=\"tiled-gallery__col\" style=\"flex-basis: 33.33333%;\">\r\n<figure class=\"tiled-gallery__item\"><img decoding=\"async\" src=\"https:\/\/i1.wp.com\/droix.net\/wp-content\/uploads\/2023\/04\/S23B_5-MONITOR-MARKETING-IMAGE-DONE-9.jpg?ssl=1\" alt=\"\" data-height=\"1000\" data-id=\"157050\" data-link=\"https:\/\/droix.net\/?attachment_id=157050\" data-url=\"https:\/\/droix.net\/wp-content\/uploads\/2023\/04\/S23B_5-MONITOR-MARKETING-IMAGE-DONE-9.jpg\" data-width=\"1000\" data-amp-layout=\"responsive\"><\/figure>\r\n<\/div>\r\n<\/div>\r\n<div class=\"tiled-gallery__row\">\r\n<div class=\"tiled-gallery__col\" style=\"flex-basis: 50.00000%;\">\r\n<figure class=\"tiled-gallery__item\"><img decoding=\"async\" src=\"https:\/\/i0.wp.com\/droix.net\/wp-content\/uploads\/2023\/04\/S23B_5-MONITOR-MARKETING-IMAGE-DONE-10.jpg?ssl=1\" alt=\"\" data-height=\"1000\" data-id=\"157055\" data-link=\"https:\/\/droix.net\/?attachment_id=157055\" data-url=\"https:\/\/droix.net\/wp-content\/uploads\/2023\/04\/S23B_5-MONITOR-MARKETING-IMAGE-DONE-10.jpg\" data-width=\"1000\" data-amp-layout=\"responsive\"><\/figure>\r\n<\/div>\r\n<div class=\"tiled-gallery__col\" style=\"flex-basis: 50.00000%;\">\r\n<figure class=\"tiled-gallery__item\"><img decoding=\"async\" src=\"https:\/\/i0.wp.com\/droix.net\/wp-content\/uploads\/2023\/04\/S23B_5-MONITOR-MARKETING-IMAGE-DONE-11.jpg?ssl=1\" alt=\"\" data-height=\"1000\" data-id=\"157060\" data-link=\"https:\/\/droix.net\/?attachment_id=157060\" data-url=\"https:\/\/droix.net\/wp-content\/uploads\/2023\/04\/S23B_5-MONITOR-MARKETING-IMAGE-DONE-11.jpg\" data-width=\"1000\" data-amp-layout=\"responsive\"><\/figure>\r\n<\/div>\r\n<\/div>\r\n<div class=\"tiled-gallery__row\">\r\n<div class=\"tiled-gallery__col\" style=\"flex-basis: 29.89199%;\">\r\n<figure class=\"tiled-gallery__item\"><img decoding=\"async\" src=\"https:\/\/i2.wp.com\/droix.net\/wp-content\/uploads\/2023\/04\/S23B_5-MONITOR-MARKETING-IMAGE-DONE-12.jpg?ssl=1\" alt=\"\" data-height=\"619\" data-id=\"157065\" data-link=\"https:\/\/droix.net\/?attachment_id=157065\" data-url=\"https:\/\/droix.net\/wp-content\/uploads\/2023\/04\/S23B_5-MONITOR-MARKETING-IMAGE-DONE-12.jpg\" data-width=\"1000\" data-amp-layout=\"responsive\"><\/figure>\r\n<figure class=\"tiled-gallery__item\"><img decoding=\"async\" src=\"https:\/\/i1.wp.com\/droix.net\/wp-content\/uploads\/2023\/04\/S23B_5-MONITOR-MARKETING-IMAGE-DONE-13.jpg?ssl=1\" alt=\"\" data-height=\"1000\" data-id=\"157070\" data-link=\"https:\/\/droix.net\/?attachment_id=157070\" data-url=\"https:\/\/droix.net\/wp-content\/uploads\/2023\/04\/S23B_5-MONITOR-MARKETING-IMAGE-DONE-13.jpg\" data-width=\"1000\" data-amp-layout=\"responsive\"><\/figure>\r\n<figure class=\"tiled-gallery__item\"><img decoding=\"async\" src=\"https:\/\/i2.wp.com\/droix.net\/wp-content\/uploads\/2023\/04\/S23B_5-MONITOR-MARKETING-IMAGE-DONE-14.jpg?ssl=1\" alt=\"\" data-height=\"822\" data-id=\"157075\" data-link=\"https:\/\/droix.net\/?attachment_id=157075\" data-url=\"https:\/\/droix.net\/wp-content\/uploads\/2023\/04\/S23B_5-MONITOR-MARKETING-IMAGE-DONE-14.jpg\" data-width=\"1000\" data-amp-layout=\"responsive\"><\/figure>\r\n<\/div>\r\n<div class=\"tiled-gallery__col\" style=\"flex-basis: 70.10801%;\">\r\n<figure class=\"tiled-gallery__item\"><img decoding=\"async\" src=\"https:\/\/i1.wp.com\/droix.net\/wp-content\/uploads\/2023\/04\/S23B_5-MONITOR-MARKETING-IMAGE-DONE-15-977x1024.jpg?ssl=1\" alt=\"\" data-height=\"1048\" data-id=\"157080\" data-link=\"https:\/\/droix.net\/?attachment_id=157080\" data-url=\"https:\/\/droix.net\/wp-content\/uploads\/2023\/04\/S23B_5-MONITOR-MARKETING-IMAGE-DONE-15-977x1024.jpg\" data-width=\"1000\" data-amp-layout=\"responsive\"><\/figure>\r\n<\/div>\r\n<\/div>\r\n<div class=\"tiled-gallery__row\">\r\n<div class=\"tiled-gallery__col\" style=\"flex-basis: 54.96322%;\">\r\n<figure class=\"tiled-gallery__item\"><img decoding=\"async\" src=\"https:\/\/i0.wp.com\/droix.net\/wp-content\/uploads\/2023\/04\/S23B_5-MONITOR-MARKETING-IMAGE-DONE-16.jpg?ssl=1\" alt=\"\" data-height=\"787\" data-id=\"157085\" data-link=\"https:\/\/droix.net\/?attachment_id=157085\" data-url=\"https:\/\/droix.net\/wp-content\/uploads\/2023\/04\/S23B_5-MONITOR-MARKETING-IMAGE-DONE-16.jpg\" data-width=\"1000\" data-amp-layout=\"responsive\"><\/figure>\r\n<\/div>\r\n<div class=\"tiled-gallery__col\" style=\"flex-basis: 45.03678%;\">\r\n<figure class=\"tiled-gallery__item\"><img decoding=\"async\" src=\"https:\/\/i1.wp.com\/droix.net\/wp-content\/uploads\/2023\/04\/S23B_5-MONITOR-MARKETING-IMAGE-DONE-17.jpg?ssl=1\" alt=\"\" data-height=\"961\" data-id=\"157090\" data-link=\"https:\/\/droix.net\/?attachment_id=157090\" data-url=\"https:\/\/droix.net\/wp-content\/uploads\/2023\/04\/S23B_5-MONITOR-MARKETING-IMAGE-DONE-17.jpg\" data-width=\"1000\" data-amp-layout=\"responsive\"><\/figure>\r\n<\/div>\r\n<\/div>\r\n<\/div>\r\n<\/div>\r\n","protected":false},"excerpt":{"rendered":"<ul>\n<li>Touchscreen Kompatibel mit <strong>MacOS<\/strong><\/li>\n<li>Touchscreen-F\u00e4higkeit <strong>Inklusive Stylus<\/strong><\/li>\n<li>Zusammenklappbares Geh\u00e4use als Monitorst\u00e4nder<\/li>\n<li>Tragbar und leicht<\/li>\n<li><strong>Stromversorgung \u00fcber USB<\/strong>, unterst\u00fctzt Mini-HDMI, USB Typ-C<\/li>\n<\/ul>\n[cg_accordion title=\"INFO ZUR BEZAHLUNG\"]<\/p>\n<p>Wir verwenden die neueste Technologie in der Zahlungsabwicklung, die es Ihnen erm\u00f6glicht, \u00fcber Apple Pay, Google Pay, Ihre Debit-\/Kreditkarte, PayPal oder BNPL-Methoden wie Klarna, Affirm oder AfterPay schnell und sicher zu bezahlen.[\/cg_accordion]\n[cg_accordion title=\"GARANTIE\"]<\/p>\n<p>2 Jahre Garantie von <a href=\"https:\/\/droix.net\/\" target=\"_blank\" rel=\"nofollow noopener\">DROIX Global<\/a> f\u00fcr Ihren Seelenfrieden[\/cg_accordion]\n[cg_accordion title=\"PREISE, STEUERN UND VERSAND\"]<\/p>\n<p><strong><u>Anmerkung:<\/u><\/strong><\/p>\n<ul>\n<li>Kunden aus den Vereinigten Staaten: Der angezeigte Preis enth\u00e4lt KEINE STEUERN oder Z\u00f6lle. Die Verantwortung f\u00fcr die Zollabfertigung und die Zahlung aller damit verbundenen Steuern und Abgaben liegt beim Kunden. <\/li>\n<li>EU-Kunden: Der angezeigte Preis enth\u00e4lt die gesetzliche Mehrwertsteuer, die je nach Land bis zu 25% betragen kann.<\/li>\n<li>Kunden aus Kanada: Der angezeigte Preis enth\u00e4lt die anfallenden Steuern, die je nach Provinz 5% GST und zus\u00e4tzliche Provincial Sales Taxes (PST), Harmonized Sales Tax (HST) oder Quebec Sales Tax (QST) umfassen k\u00f6nnen.<\/li>\n<\/ul>\n<p><strong>NUR f\u00fcr EU-Kunden:<\/strong> Express DDP (Delivered Duty Paid). Dies bedeutet: <\/p>\n<ul>\n<li>Alle Zollgeb\u00fchren und Steuern sind in dem auf der Produktseite angegebenen Preis enthalten.<\/li>\n<li>Bei der Zustellung m\u00fcssen Sie keine zus\u00e4tzlichen Geb\u00fchren zahlen.<\/li>\n<li>Im seltenen Fall von Zollproblemen \u00fcbernimmt unser Team die Zollabfertigung in Ihrem Namen, um eine reibungslose Lieferung zu gew\u00e4hrleisten.<\/li>\n<p>Wichtige Informationen \u00fcber R\u00fccksendungen:<\/p>\n<li>Wenn Sie sich entscheiden, Ihre Bestellung zur\u00fcckzusenden oder eine R\u00fcckerstattung zu beantragen, beachten Sie bitte, dass Steuern und Abgaben, die in Ihrem Namen gem\u00e4\u00df den DDP-Bedingungen gezahlt wurden, nicht erstattet werden k\u00f6nnen.<\/li>\n<p>Ausf\u00fchrliche Informationen finden Sie in unseren <a href=\"https:\/\/gpdstore.net\/de\/terms-of-service\/\" target=\"_blank\" rel=\"nofollow noopener\">Allgemeinen Gesch\u00e4ftsbedingungen<\/a>.\n<\/ul>\n<p>[\/cg_accordion]\n[cg_accordion title=\"KUNDENBETREUUNG\"]<\/p>\n<p>Haben Sie eine Frage? Wir sind nur einen kurzen Text davon entfernt, Ihr Problem zu l\u00f6sen!<br \/>\n[\/cg_accordion]\n[cg_accordion title=\"WAS ENTHALTEN IST\"]<\/p>\n<ul>\n<li>1x Netzstecker (EU\/US)<\/li>\n<li>1x Eingabestift<\/li>\n<li>1x Benutzerhandbuch<\/li>\n<\/ul>\n<p>[\/cg_accordion]\n","protected":false},"featured_media":15847,"template":"","meta":{"_acf_changed":false},"product_brand":[],"product_cat":[2444],"product_tag":[2497,2446],"woo-feed-brand":[2447],"class_list":{"0":"post-6696","1":"product","2":"type-product","3":"status-publish","4":"has-post-thumbnail","6":"product_cat-tragbare-monitore","7":"product_tag-30gpdsale-de","8":"product_tag-droix-portable-monitor-de","9":"product_shipping_class-standard","10":"pa_brand-droix","11":"woo-feed-brand-droix-de","13":"first","14":"outofstock","15":"sale","16":"taxable","17":"shipping-taxable","18":"purchasable","19":"product-type-variable","20":"has-default-attributes"},"acf":[],"aioseo_notices":[],"_links":{"self":[{"href":"https:\/\/gpdstore.net\/de\/wp-json\/wp\/v2\/product\/6696","targetHints":{"allow":["GET"]}}],"collection":[{"href":"https:\/\/gpdstore.net\/de\/wp-json\/wp\/v2\/product"}],"about":[{"href":"https:\/\/gpdstore.net\/de\/wp-json\/wp\/v2\/types\/product"}],"wp:featuredmedia":[{"embeddable":true,"href":"https:\/\/gpdstore.net\/de\/wp-json\/wp\/v2\/media\/15847"}],"wp:attachment":[{"href":"https:\/\/gpdstore.net\/de\/wp-json\/wp\/v2\/media?parent=6696"}],"wp:term":[{"taxonomy":"product_brand","embeddable":true,"href":"https:\/\/gpdstore.net\/de\/wp-json\/wp\/v2\/product_brand?post=6696"},{"taxonomy":"product_cat","embeddable":true,"href":"https:\/\/gpdstore.net\/de\/wp-json\/wp\/v2\/product_cat?post=6696"},{"taxonomy":"product_tag","embeddable":true,"href":"https:\/\/gpdstore.net\/de\/wp-json\/wp\/v2\/product_tag?post=6696"},{"taxonomy":"woo-feed-brand","embeddable":true,"href":"https:\/\/gpdstore.net\/de\/wp-json\/wp\/v2\/woo-feed-brand?post=6696"}],"curies":[{"name":"wp","href":"https:\/\/api.w.org\/{rel}","templated":true}]}}