{"id":6687,"date":"2024-07-12T09:49:06","date_gmt":"2024-07-12T09:49:06","guid":{"rendered":"https:\/\/gpdstore.net\/unkategorisiert\/156%e2%80%b3-tragbarer-4k-monitor-mit-adobe-rgb\/"},"modified":"2025-12-23T10:15:24","modified_gmt":"2025-12-23T10:15:24","slug":"15-6-4k-portable-monitor-with-adobe-rgb","status":"publish","type":"product","link":"https:\/\/gpdstore.net\/de\/product\/15-6-4k-portable-monitor-with-adobe-rgb\/","title":{"rendered":"15,6\u2033 tragbarer 4K-Monitor mit Adobe RGB"},"content":{"rendered":"\n<p>Wir stellen den 15,6&#8243; 4K Portable Monitor S23B-5 vor: Modernste mobile Ultra-High-Definition-Displays<\/p>\n\n<p>Sie suchen einen tragbaren Monitor, der auch unterwegs au\u00dfergew\u00f6hnliche Bildqualit\u00e4t und Leistung bietet? Das ist der tragbare 4K-Monitor S23B-5. Dieses fortschrittliche Ger\u00e4t bringt ultrahochaufl\u00f6sende mobile Bildschirme zu Ihren Fingerspitzen und bietet atemberaubende 4K UHD Klarheit und Pr\u00e4zision. Ganz gleich, ob Sie ein Gamer, ein professioneller Videobearbeiter, ein Grafikdesigner oder ein Liebhaber der mobilen Produktivit\u00e4t sind, dieser hochaufl\u00f6sende tragbare Monitor ist Ihr perfekter Begleiter.   <\/p>\n\n<p>Immersives visuelles Erlebnis mit 4K UHD-Reisemonitoren Bereiten Sie sich darauf vor, von dem immersiven visuellen Erlebnis des S23B-5 gefesselt zu werden. Dieses Ger\u00e4t ist mit einem 15,6-Zoll-Touchscreen-Monitor ausgestattet und verf\u00fcgt \u00fcber ein 4K UHD-Display, das Inhalte mit bemerkenswerten Details und lebendigen Farben zum Leben erweckt. Mit einer Aufl\u00f6sung von 3840 x 2160 und einer Farbtiefe von 10 Bit wird jedes Bild und Video auf diesem tragbaren 4K-Bildschirm in erstaunlicher Klarheit wiedergegeben, so dass kein Detail unbemerkt bleibt. Ganz gleich, ob Sie sich Filme ansehen, Spiele spielen oder Fotos und Videos bearbeiten, das S23B-5 ist ein visueller Leckerbissen.<\/p>\n\n<p>Schlanker und reaktionsschneller kapazitiver 10-Punkte-Touchscreen Die Interaktion mit dem S23B-5 ist dank seines kapazitiven 10-Punkte-Touchscreens ein Vergn\u00fcgen. Mit seinem voll laminierten G+G-Touchscreen bietet dieser tragbare Monitor eine fl\u00fcssige und pr\u00e4zise Touch-Reaktion, die eine nahtlose Navigation durch Men\u00fcs, Anwendungssteuerung und Befehlsausf\u00fchrung erm\u00f6glicht. Ganz gleich, ob Sie Fotos vergr\u00f6\u00dfern, durch Webseiten bl\u00e4ttern oder komplizierte Designs entwerfen, der Touchscreen des S23B-5 sorgt f\u00fcr Reaktionsschnelligkeit und Genauigkeit und steigert so Ihre Produktivit\u00e4t und Kreativit\u00e4t.<\/p>\n\n<p>Entfesseln Sie Ihre Kreativit\u00e4t unterwegs Das S23B-5 wurde f\u00fcr kreative Profis entwickelt und ist Ihr ultimativer Begleiter f\u00fcr Videobearbeitung, Grafikdesign und Fotobearbeitung. Mit einer 100%igen Abdeckung des Adobe RGB-Farbraums sorgt dieser tragbare Monitor f\u00fcr naturgetreue Farben, pr\u00e4zise Farbeinstellungen und beeindruckende Ergebnisse. Das hochaufl\u00f6sende Display in Verbindung mit der 10-Bit-Farbtiefe erm\u00f6glicht die Arbeit mit komplizierten Details und eine visuelle Genauigkeit, die f\u00fcr die professionelle kreative Arbeit entscheidend ist.<\/p>\n\n<p>Nahtlose Konnektivit\u00e4t f\u00fcr mehr Vielseitigkeit Mit dem S23B-5 ist Konnektivit\u00e4t m\u00fchelos m\u00f6glich. Dieser 4K UHD-Reisemonitor verf\u00fcgt \u00fcber einen HD-Mini-Anschluss, Typ-C-Anschl\u00fcsse f\u00fcr Videodaten\u00fcbertragung und Stromversorgung, einen Kopfh\u00f6reranschluss (3,5 mm) und einen Micro-USB-Anschluss f\u00fcr den Anschluss von Peripherieger\u00e4ten wie Tastaturen und M\u00e4usen. Ganz gleich, ob Sie Ihr Smartphone, Ihren Laptop, Ihre PlayStation, Ihre Xbox oder andere kompatible Ger\u00e4te anschlie\u00dfen, der S23B-5 sorgt f\u00fcr Kompatibilit\u00e4t und erweitert Ihre Bildschirmfl\u00e4che, um Ihre Produktivit\u00e4t oder Ihr Spielerlebnis zu steigern, wo immer Sie auch sind.<\/p>\n\n<p>Eingebauter Akku f\u00fcr unterbrechungsfreien Betrieb Der S23B-5 ist nicht nur leistungsstark und vielseitig, sondern mit seinem eingebauten Polymer-Akku (10000 mAh ) auch unglaublich praktisch. Genie\u00dfen Sie die unterbrechungsfreie Nutzung, wenn Sie unterwegs sind, an Meetings teilnehmen oder aus der Ferne arbeiten. Der langlebige Akku gibt Ihnen die Freiheit, zu arbeiten, zu spielen oder zu kreieren, ohne sich Gedanken \u00fcber die Stromversorgung machen zu m\u00fcssen. Bleiben Sie auch unterwegs produktiv und unterhaltsam.<\/p>\n\n<p>Erstklassige Verarbeitungsqualit\u00e4t und tragbares Design Das S23B-5 ist aus einer hochwertigen Aluminiumlegierung gefertigt, ist langlebig und hat ein erstklassiges Aussehen und Gef\u00fchl. Sein schlankes Design, das nur 357 x 223 x 9 mm misst und 1300 g wiegt, macht es \u00e4u\u00dferst tragbar und leicht in Ihrer Tasche oder Ihrem Rucksack zu transportieren. Das S23B-5 wurde als zuverl\u00e4ssiger Begleiter entwickelt, der Sie ohne Kompromisse in Sachen Produktivit\u00e4t und Unterhaltung begleitet, ganz gleich, wo Sie sind.<\/p>\n\n<p>Immersives Audioerlebnis Der S23B-5 bietet nicht nur atemberaubende Bilder, sondern auch ein immersives Audioerlebnis mit zwei 1.0W-Lautsprechern. Genie\u00dfen Sie gestochen scharfen und klaren Sound f\u00fcr Filme, Spiele oder Multimedia-Aktivit\u00e4ten. Ob in einer Videokonferenz, beim H\u00f6ren von Musik oder beim Ansehen von Sendungen &#8211; das S23B-5 verbessert Ihr sensorisches Erlebnis und macht es fesselnd und mitrei\u00dfend.<\/p>\n\n<p>Verbesserter Betrachtungskomfort Ihr Komfort ist wichtig, besonders bei l\u00e4ngerer Bildschirmarbeit. Der S23B-5 sorgt mit weiten Betrachtungswinkeln und anpassbaren Einstellungen f\u00fcr optimalen Sehkomfort. Mit einem Betrachtungswinkel von 85 Grad in alle Richtungen (U\/D\/L\/R) genie\u00dfen Sie klare Bilder und lebendige Farben aus verschiedenen Perspektiven. Egal, ob Sie zusammenarbeiten, Inhalte freigeben oder den Monitor auf Ihre bevorzugte Betrachtungsposition einstellen, der S23B-5 erm\u00f6glicht eine komfortable und lange Nutzung, ohne die Augen zu belasten oder die K\u00f6rperhaltung zu beeintr\u00e4chtigen.<\/p>\n\n<p>Ideal f\u00fcr Gaming-Enthusiasten F\u00fcr Gaming-Enthusiasten ist der S23B-5 Ihr ultimativer tragbarer 4K-Gaming-Monitor. Mit 4K UHD-Aufl\u00f6sung, pr\u00e4ziser Farbgenauigkeit und einer schnellen Reaktionszeit von 25 ms bietet dieser Monitor ein unvergleichliches Spielerlebnis. Tauchen Sie ein in lebensechte Grafiken, satte Farben und scharfe Details, die Ihre Spielabenteuer aufwerten. Die S23B-5 sorgt daf\u00fcr, dass jedes Bild klar und deutlich zu erkennen ist. Das erm\u00f6glicht schnelle Reaktionen und einen Wettbewerbsvorteil in rasanten Actionspielen, fesselnden RPGs oder visuell beeindruckenden Welten.<\/p>\n\n<p>Steigern Sie die Produktivit\u00e4t unterwegs Das S23B-5 ist nicht nur ein Unterhaltungs- und Spielger\u00e4t, sondern auch ein Produktivit\u00e4tskraftwerk. Egal, ob Sie ein digitaler Nomade, ein Student oder ein Berufst\u00e4tiger sind, der einen mobilen Arbeitsplatz ben\u00f6tigt, dieser Monitor erf\u00fcllt Ihre Anforderungen. Erweitern Sie den Bildschirm Ihres Laptops oder Smartphones, betreiben Sie m\u00fchelos Multitasking und verbessern Sie Effizienz und Arbeitsabl\u00e4ufe. Bearbeiten Sie Dokumente, erstellen Sie Pr\u00e4sentationen oder analysieren Sie Daten mit der zus\u00e4tzlichen Bildschirmfl\u00e4che, die das S23B-5 bietet. Das hochaufl\u00f6sende Display und die pr\u00e4zise Farbwiedergabe erm\u00f6glichen die Arbeit mit komplizierten Details und sorgen f\u00fcr Konsistenz auf allen Ger\u00e4ten. Das S23B-5 ist Ihr tragbares Produktivit\u00e4tszentrum, mit dem Sie auch unterwegs mehr erreichen k\u00f6nnen.<\/p>\n\n<p>Fazit: Der tragbare Monitor S23B-5 4K ist ein au\u00dfergew\u00f6hnliches Ger\u00e4t, das Ihnen mobile Ultra-High-Definition-Displays an die Hand gibt. Mit einer 4K UHD-Aufl\u00f6sung, einem kapazitiven 10-Punkt-Touchscreen und einem gro\u00dfen Farbraum bietet dieser tragbare Monitor atemberaubende Bilder und au\u00dfergew\u00f6hnliche Leistung. Ganz gleich, ob Sie ein Gamer sind, ein kreativer Profi oder Wert auf Produktivit\u00e4t unterwegs legen, das S23B-5 ist auf Ihre Bed\u00fcrfnisse zugeschnitten. Seine vielseitigen Konnektivit\u00e4tsoptionen, der integrierte Akku und die erstklassige Verarbeitungsqualit\u00e4t machen es zu einer herausragenden Wahl.<\/p>\n\n<p>Vorteile: Atemberaubende Optik: Der S23B-5 bietet ein 4K UHD-Display mit au\u00dfergew\u00f6hnlicher Farbgenauigkeit, perfekt f\u00fcr Spiele, Videobearbeitung, Grafikdesign und Fotobearbeitung. Touchscreen-Funktionalit\u00e4t: Der kapazitive 10-Punkte-Touchscreen bietet eine reaktionsschnelle und intuitive Benutzererfahrung, die m\u00fchelose Navigation und pr\u00e4zise Steuerung erm\u00f6glicht. Tragbarkeit: Das S23B-5 ist schlank und leicht und eignet sich daher hervorragend f\u00fcr Reisen, Gesch\u00e4ftsreisen und Fernarbeit. Vielseitige Anschlussm\u00f6glichkeiten: Mehrere Anschl\u00fcsse, darunter HD Mini, Typ C, Kopfh\u00f6rer und Micro-USB, sorgen f\u00fcr Kompatibilit\u00e4t mit Smartphones, Laptops und Spielkonsolen. Eingebauter Akku: Mit einem 10000 mAh Polymer-Akku bietet der S23B-5 ununterbrochene Nutzung unterwegs, ohne dass eine Stromquelle ben\u00f6tigt wird.<\/p>\n\n<p>Nachteile: Begrenzte Gr\u00f6\u00dfenoptionen: Nur in der Gr\u00f6\u00dfe 15,6 Zoll erh\u00e4ltlich, m\u00f6glicherweise nicht f\u00fcr Benutzer geeignet, die gr\u00f6\u00dfere oder kleinere tragbare Monitore bevorzugen. Audio-Ausgang: Die eingebauten Lautsprecher k\u00f6nnen nicht mit externen Lautsprechern oder Kopfh\u00f6rern mithalten, wenn Sie ein intensiveres Klangerlebnis w\u00fcnschen.<\/p>\n","protected":false},"excerpt":{"rendered":"<ul>\n<li><strong>100% des Adobe Farbraums<\/strong> <strong>15,6 Zoll UHD 4K<\/strong> Portable Monitor<\/li>\n<li>Kapazitiver 10-Punkt-Touchscreen-Monitor<\/li>\n<li>Touchscreen Kompatibel mit <strong>MacOS<\/strong><\/li>\n<li>Eingebauter 10000mAh-Akku<\/li>\n<li><strong>Stromversorgung \u00fcber USB<\/strong>, unterst\u00fctzt Mini-HDMI, USB Typ-C<\/li>\n<\/ul>\n[cg_accordion title=\"INFO ZUR BEZAHLUNG\"]<\/p>\n<p>Wir verwenden die neueste Technologie in der Zahlungsabwicklung, die es Ihnen erm\u00f6glicht, \u00fcber Apple Pay, Google Pay, Ihre Debit-\/Kreditkarte, PayPal oder BNPL-Methoden wie Klarna, Affirm oder AfterPay schnell und sicher zu bezahlen.[\/cg_accordion]\n[cg_accordion title=\"GARANTIE\"]<\/p>\n<p>2 Jahre Garantie von <a href=\"https:\/\/droix.net\/\" target=\"_blank\" rel=\"nofollow noopener\">DROIX Global<\/a> f\u00fcr Ihren Seelenfrieden[\/cg_accordion]\n[cg_accordion title=\"PREISE, STEUERN UND VERSAND\"]<\/p>\n<p><strong><u>Anmerkung:<\/u><\/strong><\/p>\n<ul>\n<li>Kunden aus den Vereinigten Staaten: Der angezeigte Preis enth\u00e4lt KEINE STEUERN oder Z\u00f6lle. Die Verantwortung f\u00fcr die Zollabfertigung und die Zahlung aller damit verbundenen Steuern und Abgaben liegt beim Kunden. <\/li>\n<li>EU-Kunden: Der angezeigte Preis enth\u00e4lt die gesetzliche Mehrwertsteuer, die je nach Land bis zu 25% betragen kann.<\/li>\n<li>Kunden aus Kanada: Der angezeigte Preis enth\u00e4lt die anfallenden Steuern, die je nach Provinz 5% GST und zus\u00e4tzliche Provincial Sales Taxes (PST), Harmonized Sales Tax (HST) oder Quebec Sales Tax (QST) umfassen k\u00f6nnen.<\/li>\n<\/ul>\n<p><strong>NUR f\u00fcr EU-Kunden:<\/strong> Express DDP (Delivered Duty Paid). Dies bedeutet: <\/p>\n<ul>\n<li>Alle Zollgeb\u00fchren und Steuern sind in dem auf der Produktseite angegebenen Preis enthalten.<\/li>\n<li>Bei der Zustellung m\u00fcssen Sie keine zus\u00e4tzlichen Geb\u00fchren zahlen.<\/li>\n<li>Im seltenen Fall von Zollproblemen \u00fcbernimmt unser Team die Zollabfertigung in Ihrem Namen, um eine reibungslose Lieferung zu gew\u00e4hrleisten.<\/li>\n<p>Wichtige Informationen \u00fcber R\u00fccksendungen:<\/p>\n<li>Wenn Sie sich entscheiden, Ihre Bestellung zur\u00fcckzusenden oder eine R\u00fcckerstattung zu beantragen, beachten Sie bitte, dass Steuern und Abgaben, die in Ihrem Namen gem\u00e4\u00df den DDP-Bedingungen gezahlt wurden, nicht erstattet werden k\u00f6nnen.<\/li>\n<p>Ausf\u00fchrliche Informationen finden Sie in unseren <a href=\"https:\/\/gpdstore.net\/de\/terms-of-service\/\" target=\"_blank\" rel=\"nofollow noopener\">Allgemeinen Gesch\u00e4ftsbedingungen<\/a>.\n<\/ul>\n<p>[\/cg_accordion]\n[cg_accordion title=\"KUNDENBETREUUNG\"]<\/p>\n<p>Haben Sie eine Frage? Wir sind nur einen kurzen Text davon entfernt, Ihr Problem zu l\u00f6sen!<br \/>\n[\/cg_accordion]\n[cg_accordion title=\"WAS ENTHALTEN IST\"]<\/p>\n<ul>\n<li>1x Netzstecker (EU\/US)<\/li>\n<li>1x Benutzerhandbuch<\/li>\n<\/ul>\n<p>[\/cg_accordion]\n","protected":false},"featured_media":15836,"template":"","meta":{"_acf_changed":false},"product_brand":[],"product_cat":[2444],"product_tag":[2497,2446],"woo-feed-brand":[2447],"class_list":{"0":"post-6687","1":"product","2":"type-product","3":"status-publish","4":"has-post-thumbnail","6":"product_cat-tragbare-monitore","7":"product_tag-30gpdsale-de","8":"product_tag-droix-portable-monitor-de","9":"product_shipping_class-standard","10":"pa_brand-droix","11":"woo-feed-brand-droix-de","13":"first","14":"outofstock","15":"sale","16":"taxable","17":"shipping-taxable","18":"purchasable","19":"product-type-variable","20":"has-default-attributes"},"acf":[],"aioseo_notices":[],"_links":{"self":[{"href":"https:\/\/gpdstore.net\/de\/wp-json\/wp\/v2\/product\/6687","targetHints":{"allow":["GET"]}}],"collection":[{"href":"https:\/\/gpdstore.net\/de\/wp-json\/wp\/v2\/product"}],"about":[{"href":"https:\/\/gpdstore.net\/de\/wp-json\/wp\/v2\/types\/product"}],"wp:featuredmedia":[{"embeddable":true,"href":"https:\/\/gpdstore.net\/de\/wp-json\/wp\/v2\/media\/15836"}],"wp:attachment":[{"href":"https:\/\/gpdstore.net\/de\/wp-json\/wp\/v2\/media?parent=6687"}],"wp:term":[{"taxonomy":"product_brand","embeddable":true,"href":"https:\/\/gpdstore.net\/de\/wp-json\/wp\/v2\/product_brand?post=6687"},{"taxonomy":"product_cat","embeddable":true,"href":"https:\/\/gpdstore.net\/de\/wp-json\/wp\/v2\/product_cat?post=6687"},{"taxonomy":"product_tag","embeddable":true,"href":"https:\/\/gpdstore.net\/de\/wp-json\/wp\/v2\/product_tag?post=6687"},{"taxonomy":"woo-feed-brand","embeddable":true,"href":"https:\/\/gpdstore.net\/de\/wp-json\/wp\/v2\/woo-feed-brand?post=6687"}],"curies":[{"name":"wp","href":"https:\/\/api.w.org\/{rel}","templated":true}]}}