{"id":5644,"date":"2024-07-12T08:46:50","date_gmt":"2024-07-12T08:46:50","guid":{"rendered":"https:\/\/gpdstore.net\/unkategorisiert\/droix-pm13-2k-tragbarer-monitor\/"},"modified":"2026-01-18T21:39:22","modified_gmt":"2026-01-18T21:39:22","slug":"droix-pm13-2k-portable-monitor","status":"publish","type":"product","link":"https:\/\/gpdstore.net\/de\/product\/droix-pm13-2k-portable-monitor\/","title":{"rendered":"DroiX PM13 2K Tragbarer Monitor"},"content":{"rendered":"\n<figure class=\"wp-block-video\"><video controls=\"\" muted=\"\" poster=\"https:\/\/droix.net\/wp-content\/uploads\/2024\/03\/1.jpg\" src=\"https:\/\/droix.net\/wp-content\/uploads\/2024\/06\/pm131.mp4\"><\/video><\/figure>\n\n<div class=\"wp-block-columns is-layout-flex wp-container-core-columns-is-layout-28f84493 wp-block-columns-is-layout-flex\">\n<div class=\"wp-block-column is-layout-flow wp-block-column-is-layout-flow\" style=\"flex-basis:33.33%\">\n<figure class=\"wp-block-image size-large\"><a href=\"https:\/\/droix.net\/wp-content\/uploads\/2024\/03\/DROIX-S13-GENERIC-DONE-LISTING-IMAGE-1-1.png\"><img decoding=\"async\" src=\"https:\/\/droix.net\/wp-content\/uploads\/2024\/03\/DROIX-S13-GENERIC-DONE-LISTING-IMAGE-1-1-1024x1024.png\" alt=\"Image of DroiX Tragbarer Monitor, 13-Zoll, 2K, ultrad&#xFC;nn, leicht und tragbar\" class=\"wp-image-175965\"\/><\/a><\/figure>\n<\/div>\n\n\n\n<div class=\"wp-block-column is-layout-flow wp-block-column-is-layout-flow\" style=\"flex-basis:66.66%\">\n<h3 class=\"wp-block-heading\"><strong>DroiX PM13 &#8211; 13.0 Zoll 4K Ultrad\u00fcnner tragbarer Monitor<\/strong><\/h3>\n\n\n\n<p>Der DroiX PM13 ist ein eleganter und federleichter tragbarer 13&#8243; 2K-Monitor, der gerade einmal 494 Gramm auf die Waage bringt. Mit seinem schlanken Aluminiumrahmen und den ultrad\u00fcnnen 0,11-Zoll-R\u00e4ndern verbindet er meisterhaft Stil mit Komfort. Das lebendige IPS-Display bietet satte Farben und einen weiten Betrachtungswinkel von 170 Grad und sorgt so f\u00fcr ein fesselndes visuelles Erlebnis. Dank der Kompatibilit\u00e4t mit zahlreichen Ger\u00e4ten \u00fcber HDMI und USB-C ist der PM13 der ultimative, vielseitige Bildschirm, mit dem Sie Ihr Setup aufr\u00fcsten k\u00f6nnen, wo immer Sie sind.  <\/p>\n<\/div>\n<\/div>\n\n<div class=\"wp-block-columns is-layout-flex wp-container-core-columns-is-layout-28f84493 wp-block-columns-is-layout-flex\">\n<div class=\"wp-block-column is-layout-flow wp-block-column-is-layout-flow\">\n<h3 class=\"wp-block-heading\">Der ideale tragbare Monitor f\u00fcr Laptops<br\/><em>Keine Kompromisse<\/em><\/h3>\n\n\n\n<p>Der tragbare Monitor DroiX PM13 bietet mit seinen herausragenden Funktionen ein au\u00dfergew\u00f6hnliches Anzeigeerlebnis. Mit seiner hohen Helligkeit und HDR-Unterst\u00fctzung sorgt er f\u00fcr klare Sicht bei allen Lichtverh\u00e4ltnissen. Die 100%ige sRGB-Abdeckung und 16,7 Millionen Farben liefern die pr\u00e4zise Farbgenauigkeit, die f\u00fcr Fotobearbeitung und Grafikdesign entscheidend ist. Die 2K-Aufl\u00f6sung auf dem 13-Zoll-Bildschirm garantiert eine hohe Pixeldichte und sorgt f\u00fcr eine scharfe und lebendige Darstellung von Text und Multimedia. Dies macht das PM13 zu einer Top-Wahl f\u00fcr Profis und Enthusiasten gleicherma\u00dfen.    <\/p>\n<\/div>\n\n\n\n<div class=\"wp-block-column is-layout-flow wp-block-column-is-layout-flow\">\n<figure class=\"wp-block-image size-full\"><a href=\"https:\/\/droix.net\/wp-content\/uploads\/2024\/03\/2.jpg\"><img decoding=\"async\" src=\"https:\/\/droix.net\/wp-content\/uploads\/2024\/03\/2.jpg\" alt=\"DroiX PM13 hochwertiges tragbares Display mit HDR400-Unterst&#xFC;tzung, QHD-Aufl&#xF6;sung 2160x1350 und 100% sRGB-Abdeckung\" class=\"wp-image-182193\"\/><\/a><\/figure>\n<\/div>\n<\/div>\n\n<div class=\"wp-block-columns is-layout-flex wp-container-core-columns-is-layout-28f84493 wp-block-columns-is-layout-flex\">\n<div class=\"wp-block-column is-layout-flow wp-block-column-is-layout-flow\">\n<figure class=\"wp-block-image size-full\"><a href=\"https:\/\/droix.net\/wp-content\/uploads\/2024\/07\/3-1.jpg\"><img decoding=\"async\" src=\"https:\/\/droix.net\/wp-content\/uploads\/2024\/07\/3-1.jpg\" alt=\"Der DroiX PM13 ist ein tragbarer Monitor, der die Kompatibilit&#xE4;t und Konnektivit&#xE4;t mit einer Vielzahl von Ger&#xE4;ten neu definiert. Dank der robusten Unterst&#xFC;tzung von USB- und ActiveDP-Technologien l&#xE4;sst sich dieser Monitor nahtlos in verschiedene moderne Ger&#xE4;te integrieren, von Laptops bis zu Smartphones und mehr. Der PM13 wurde f&#xFC;r m&#xFC;helose Interaktion entwickelt und arbeitet mit Ger&#xE4;ten zusammen, die DisplayPort &#xFC;ber USB unterst&#xFC;tzen, &#xFC;ber Thunderbolt-USB-Anschl&#xFC;sse verf&#xFC;gen oder das USB 4-Protokoll f&#xFC;r die Videoausgabe verwenden. Ganz gleich, ob Sie unterwegs spielen, Ihre Produktivit&#xE4;t steigern oder Multimedia-Inhalte genie&#xDF;en m&#xF6;chten, die PM13 ist Ihr ultimativer Begleiter und bietet un&#xFC;bertroffene Flexibilit&#xE4;t und Leistung, wo immer Sie sie brauchen   \" class=\"wp-image-182203\"\/><\/a><\/figure>\n<\/div>\n\n\n\n<div class=\"wp-block-column is-layout-flow wp-block-column-is-layout-flow\">\n<h3 class=\"wp-block-heading\">Tragbarkeit &amp; Leistung<br\/><em>Kompatibilit\u00e4t<\/em><\/h3>\n\n\n\n<p>Erleben Sie die hochmoderne Vielseitigkeit des DroiX PM13, eines tragbaren Monitors, der die Kompatibilit\u00e4t und Konnektivit\u00e4t mit einer Vielzahl von Ger\u00e4ten neu definiert. Dank der robusten Unterst\u00fctzung von USB- und ActiveDP-Technologien l\u00e4sst sich dieser Monitor nahtlos in verschiedene moderne Ger\u00e4te integrieren, von Laptops bis zu Smartphones und mehr. <\/p>\n\n\n\n<p>Der PM13 wurde f\u00fcr eine m\u00fchelose Interaktion entwickelt und arbeitet mit Ger\u00e4ten zusammen, die DisplayPort \u00fcber USB unterst\u00fctzen, \u00fcber Thunderbolt-USB-Anschl\u00fcsse verf\u00fcgen oder dem USB 4-Protokoll f\u00fcr die Videoausgabe folgen. Ob Sie unterwegs spielen, Ihre Produktivit\u00e4t steigern oder Multimedia-Inhalte genie\u00dfen, die PM13 ist Ihr ultimativer Begleiter und bietet un\u00fcbertroffene Flexibilit\u00e4t und Leistung, wo immer Sie sie brauchen. <\/p>\n<\/div>\n<\/div>\n\n<div class=\"wp-block-columns is-layout-flex wp-container-core-columns-is-layout-28f84493 wp-block-columns-is-layout-flex\">\n<div class=\"wp-block-column is-layout-flow wp-block-column-is-layout-flow\">\n<h3 class=\"wp-block-heading\">Mehr als nur ein tragbarer Monitor<br\/><em>Funktionsreich<\/em><\/h3>\n\n\n\n<p>Der DroiX PM13 ist ein vielseitiger Monitor mit einem um 180\u00b0 verstellbaren Standfu\u00df, mit dem Sie den Bildschirm in verschiedenen Winkeln aufstellen k\u00f6nnen, um eine optimale Sicht zu gew\u00e4hrleisten. Au\u00dferdem verf\u00fcgt er \u00fcber eine integrierte 75x75mm VESA-Halterung, die eine flexible Montage an kompatiblen Armen oder St\u00e4ndern erm\u00f6glicht. F\u00fcr die Audiowiedergabe verf\u00fcgt das PM13 \u00fcber integrierte Stereolautsprecher mit einer Leistung von jeweils 1,0 W. Diese Lautsprecher sind zwar nicht besonders leistungsstark, bieten aber eine komfortable Audiol\u00f6sung, die keine externen Ger\u00e4te erfordert.   <\/p>\n\n\n\n<h3 class=\"wp-block-heading\"><br\/><\/h3>\n<\/div>\n\n\n\n<div class=\"wp-block-column is-layout-flow wp-block-column-is-layout-flow\">\n<figure class=\"wp-block-image size-full\"><a href=\"https:\/\/droix.net\/wp-content\/uploads\/2024\/07\/4.jpg\"><img decoding=\"async\" src=\"https:\/\/droix.net\/wp-content\/uploads\/2024\/07\/4.jpg\" alt=\"Der DroiX PM13 ist ein tragbarer Monitor mit einem um 180&#xB0; verstellbaren St&#xE4;nder, mit dem Sie den Bildschirm in verschiedenen Winkeln aufstellen k&#xF6;nnen, um ihn optimal zu betrachten. Er verf&#xFC;gt &#xFC;ber eine integrierte 75x75mm VESA-Halterung f&#xFC;r die flexible Montage an kompatiblen Armen oder St&#xE4;ndern. Der PM13 ist au&#xDF;erdem mit integrierten Stereolautsprechern mit einer Leistung von jeweils 1,0 W ausgestattet, die eine komfortable Audiol&#xF6;sung bieten, ohne dass externe Ger&#xE4;te erforderlich sind.  \" class=\"wp-image-182205\"\/><\/a><\/figure>\n<\/div>\n<\/div>\n\n<div class=\"wp-block-columns is-layout-flex wp-container-core-columns-is-layout-28f84493 wp-block-columns-is-layout-flex\">\n<div class=\"wp-block-column is-layout-flow wp-block-column-is-layout-flow\">\n<figure class=\"wp-block-image size-full\"><a href=\"https:\/\/droix.net\/wp-content\/uploads\/2024\/07\/5.jpg\"><img decoding=\"async\" src=\"https:\/\/droix.net\/wp-content\/uploads\/2024\/07\/5.jpg\" alt=\"Der tragbare Monitor DroiX PM13 ist ein Beispiel f&#xFC;r Vielseitigkeit mit umfangreichen Kompatibilit&#xE4;ts- und Anschlussm&#xF6;glichkeiten. Er verf&#xFC;gt &#xFC;ber vier Modi: Duplicated Mode f&#xFC;r die Spiegelung von Inhalten, Extend Mode f&#xFC;r die Erweiterung des Arbeitsbereichs, Second Screen f&#xFC;r Spielkonsolen und Portrait Mode f&#xFC;r die vertikale Ausrichtung. Ideal f&#xFC;r Berufst&#xE4;tige, Gamer und digitale Nomaden zur Steigerung der Produktivit&#xE4;t und Unterhaltung in verschiedenen Umgebungen  \" class=\"wp-image-182206\"\/><\/a><\/figure>\n<\/div>\n\n\n\n<div class=\"wp-block-column is-layout-flow wp-block-column-is-layout-flow\">\n<h3 class=\"wp-block-heading\">Erweiterung, Vervielf\u00e4ltigung, Hochformat &amp; mehr<br\/><em>Wahre Vielseitigkeit<br\/><\/em><\/h3>\n\n\n\n<p>Der tragbare Monitor DroiX PM13 ist mit seinen umfangreichen Kompatibilit\u00e4ts- und Konnektivit\u00e4tsoptionen ein Beispiel f\u00fcr Vielseitigkeit. Er bietet vier vielseitige Modi: Duplicated Mode f\u00fcr die Spiegelung von Inhalten, Extend Mode f\u00fcr die Erweiterung des Arbeitsbereichs, Second Screen f\u00fcr Spielkonsolen und Portrait Mode f\u00fcr die vertikale Ausrichtung. Diese Anpassungsf\u00e4higkeit macht ihn zu einem idealen Begleiter f\u00fcr Profis, Gamer und digitale Nomaden, der die Produktivit\u00e4t und Unterhaltung in verschiedenen Umgebungen verbessert.  <\/p>\n\n\n\n<p>4o<\/p>\n<\/div>\n<\/div>\n\n<figure class=\"wp-block-image aligncenter size-large\"><a href=\"https:\/\/droix.net\/wp-content\/uploads\/2024\/07\/7.jpg\"><img decoding=\"async\" src=\"https:\/\/droix.net\/wp-content\/uploads\/2024\/07\/7-1024x420.jpg\" alt=\"Verbinden Sie Ihr Thunderbolt 3 oder 4 f&#xE4;higes MacBook nahtlos mit dem DroiX PM13 tragbaren Monitor &#xFC;ber seinen Type-C Anschluss mit DP ALT-MODE Unterst&#xFC;tzung. Diese fortschrittliche Konnektivit&#xE4;t gew&#xE4;hrleistet sowohl die Video&#xFC;bertragung als auch die Stromzufuhr &#xFC;ber ein einziges Type-C-Kabel und maximiert so den Komfort und die Effizienz. \" class=\"wp-image-182195\"\/><\/a><\/figure>\n\n<p>Verbinden Sie Ihr Thunderbolt 3 oder 4 f\u00e4higes MacBook nahtlos mit dem DroiX PM13 tragbaren Monitor \u00fcber seinen Type-C Anschluss mit DP ALT-MODE Unterst\u00fctzung. Diese fortschrittliche Konnektivit\u00e4t gew\u00e4hrleistet sowohl die Video\u00fcbertragung als auch die Stromzufuhr \u00fcber ein einziges Type-C-Kabel und maximiert so den Komfort und die Effizienz. <\/p>\n\n<figure class=\"wp-block-image aligncenter size-large is-resized\"><a href=\"https:\/\/droix.net\/wp-content\/uploads\/2024\/03\/8.jpg\"><img decoding=\"async\" src=\"https:\/\/droix.net\/wp-content\/uploads\/2024\/03\/8-1024x420.jpg\" alt=\"Nutzen Sie die fortschrittlichen Funktionen von Thunderbolt 3, 4 oder USB 3.1 DP ALT-MODE auf Ihrem Smartphone, um eine nahtlose Verbindung mit dem tragbaren Monitor DroiX PM13 herzustellen, sowohl f&#xFC;r die Videoausgabe als auch f&#xFC;r die Stromversorgung. Nutzen Sie den Type-C-Anschluss mit DP ALT-MODE-Unterst&#xFC;tzung auf Ihrem Smartphone f&#xFC;r ein optimiertes Erlebnis mit einem einzigen Kabel f&#xFC;r die Video&#xFC;bertragung und Stromversorgung \" class=\"wp-image-182197\" style=\"width:900px;height:auto\"\/><\/a><\/figure>\n\n<p>Schlie\u00dfen Sie Ihr Windows-Notebook m\u00fchelos an den tragbaren Monitor DroiX PM13 an. Der HDMI- und der Typ-C-Anschluss sorgen f\u00fcr eine nahtlose Video\u00fcbertragung und Stromversorgung. Der Typ-C-Anschluss unterst\u00fctzt Power Delivery (PD), w\u00e4hrend der HDMI-Anschluss f\u00fcr eine hochaufl\u00f6sende Videoausgabe sorgt, so dass Sie Ihre Produktivit\u00e4t und Ihre Unterhaltung m\u00fchelos steigern k\u00f6nnen. <\/p>\n\n<figure class=\"wp-block-image aligncenter size-large\"><a href=\"https:\/\/droix.net\/wp-content\/uploads\/2024\/03\/9.jpg\"><img decoding=\"async\" src=\"https:\/\/droix.net\/wp-content\/uploads\/2024\/03\/9-1024x420.jpg\" alt=\"Nutzen Sie die fortschrittlichen Funktionen von Thunderbolt 3, 4 oder USB 3.1 DP ALT-MODE auf Ihrem Smartphone, um eine nahtlose Verbindung mit dem tragbaren Monitor DroiX PM13 herzustellen, sowohl f&#xFC;r die Videoausgabe als auch f&#xFC;r die Stromversorgung. Nutzen Sie den Type-C-Anschluss mit DP ALT-MODE-Unterst&#xFC;tzung auf Ihrem Smartphone f&#xFC;r ein optimiertes Erlebnis mit einem einzigen Kabel f&#xFC;r die Video&#xFC;bertragung und Stromversorgung \" class=\"wp-image-182198\"\/><\/a><\/figure>\n\n<p>Nutzen Sie die fortschrittlichen Funktionen von Thunderbolt 3, 4 oder USB 3.1 DP ALT-MODE auf Ihrem Smartphone, um den tragbaren Monitor DroiX PM13 sowohl f\u00fcr die Videoausgabe als auch f\u00fcr die Stromversorgung nahtlos anzuschlie\u00dfen. Durch die Nutzung des Type-C-Anschlusses mit DP ALT-MODE-Unterst\u00fctzung auf Ihrem Smartphone k\u00f6nnen Sie ein optimiertes Erlebnis mit einem einzigen Kabel genie\u00dfen, das sowohl die Video\u00fcbertragung als auch die Stromversorgung \u00fcbernimmt. <\/p>\n\n<figure class=\"wp-block-image aligncenter size-large\"><a href=\"https:\/\/droix.net\/wp-content\/uploads\/2024\/03\/11.jpg\"><img decoding=\"async\" src=\"https:\/\/droix.net\/wp-content\/uploads\/2024\/03\/11-1024x420.jpg\" alt=\"Der tragbare Monitor DroiX PM13 kann auf verschiedene Arten angeschlossen werden: USB, ActiveDP, DisplayPort over USB, Thunderbolt USB Ports und USB 4 Protokoll f&#xFC;r die Videoausgabe, was eine vielseitige Konnektivit&#xE4;t gew&#xE4;hrleistet.\" class=\"wp-image-182199\"\/><\/a><\/figure>\n\n<figure class=\"wp-block-image aligncenter size-large\"><a href=\"https:\/\/droix.net\/wp-content\/uploads\/2024\/03\/12.jpg\"><img decoding=\"async\" src=\"https:\/\/droix.net\/wp-content\/uploads\/2024\/03\/12-1024x420.jpg\" alt=\"FAQ f&#xFC;r den tragbaren Monitor DroiX PM13\" class=\"wp-image-182200\"\/><\/a><\/figure>\n\n<h3 class=\"wp-block-heading\"><strong>Fazit<\/strong><\/h3>\n\n<p>Der DroiX PM13 definiert das Wesen tragbarer Monitore neu, indem er hohe Aufl\u00f6sung, \u00fcberragende Portabilit\u00e4t und umfassende Kompatibilit\u00e4t in einem schlanken, benutzerfreundlichen Design vereint. Er wurde f\u00fcr diejenigen entwickelt, die auch unterwegs keine Kompromisse bei Qualit\u00e4t und Funktionalit\u00e4t eingehen wollen. Entdecken Sie die Zukunft der tragbaren Monitore mit dem DroiX PM13 und erleben Sie die perfekte Mischung aus Innovation und Komfort aus erster Hand.  <\/p>\n\n<p>Verpassen Sie nicht die Gelegenheit, mit dem DroiX PM13 Ihre Erfahrung mit tragbaren Monitoren zu verbessern. Bestellen Sie jetzt vor und sichern Sie sich Ihren Platz unter den Ersten, die in den Genuss dieses bahnbrechenden Ger\u00e4ts kommen. Da die Verf\u00fcgbarkeit begrenzt ist, haben Sie jetzt die Chance, die Nase vorn zu haben und das Nonplusultra der tragbaren Bildschirmtechnologie zu erleben. Bestellen Sie Ihren DroiX PM13 tragbaren Monitor noch heute!   <\/p>\n\n<p>4o<\/p>\n","protected":false},"excerpt":{"rendered":"<ul>\n<li>2K 13&#8243;<strong> IPS<\/strong> Display<\/li>\n<li>100%<strong> sRGB-Abdeckung<\/strong> <\/li>\n<li>450 <strong>Nits<\/strong> Helligkeit<\/li>\n<li>75x75mm<strong> VESA-Halterung<\/strong> <\/li>\n<li> <strong> Eingebaute<\/strong> Lautsprecher<\/li>\n<\/ul>\n<p> [cg_accordion title=\"INFO ZUR BEZAHLUNG\"] Wir verwenden die neueste Technologie in der Zahlungsabwicklung, die es Ihnen erm\u00f6glicht, mit Ihrer Debit-\/Kreditkarte oder mit PayPal schnell und sicher zu bezahlen.[\/cg_accordion] [cg_accordion title=\"GARANTIE\"] 1 oder 2 Jahre* Garantie von <a href=\"https:\/\/droix.net\/\" target=\"_blank\" rel=\"nofollow noopener\">DroiX Global<\/a> f\u00fcr Ihren Seelenfrieden[\/cg_accordion] [cg_accordion title=\"VERSAND UND STEUERN\"] <strong><u>Hinweis:<\/u><\/strong> Kunden aus den Vereinigten Staaten: Der angezeigte Preis enth\u00e4lt alle anfallenden Steuern. EU-Kunden: Der angezeigte Preis enth\u00e4lt die anfallenden STEUERN, die je nach Land bis zu 25% betragen k\u00f6nnen. Kunden aus Kanada: Der angezeigte Preis enth\u00e4lt 5% GST.   Versand und R\u00fccksendungen werden von <a href=\"https:\/\/droix.net\/\" target=\"_blank\" rel=\"nofollow noopener\">DroiX<\/a>, einem offiziellen GPD-Vertriebspartner, abgewickelt. Wir bieten schnellen DHL Express DDP (Delivered Duty Paid) Versand. Alle Z\u00f6lle und Steuern sind im angezeigten Preis inbegriffen &#8211; es werden keine zus\u00e4tzlichen Zahlungen bei der Lieferung verlangt. Sollten Zollprobleme auftreten, wird unser Team die Zollabfertigung f\u00fcr Sie \u00fcbernehmen. Wichtig: Im Falle einer R\u00fcckgabe oder eines Meinungswechsels k\u00f6nnen die in Ihrem Namen gezahlten Steuern und Abgaben aufgrund der DDP-Versandbedingungen nicht erstattet werden. Detaillierte Informationen finden Sie in unseren <a href=\"\" target=\"\" rel=\"\">Allgemeinen Gesch\u00e4ftsbedingungen (AGB<\/a> ).    [\/cg_accordion] [cg_accordion title=\"WHAT'S INCLUDED\"]<\/p>\n<ul>\n<li>1x DroiX PM13 Tragbarer Monitor<\/li>\n<li>1x Netzstecker (EU\/US)<\/li>\n<li>1x HDMI-Kabel<\/li>\n<li>1x USB Typ-C Kabel<\/li>\n<li>1x USB Typ-A zu Typ-C Kabel<\/li>\n<li>1x Schutzh\u00fclle<\/li>\n<li>1x Benutzerhandbuch<\/li>\n<\/ul>\n<p>[\/cg_accordion]<\/p>\n","protected":false},"featured_media":818483,"template":"","meta":{"_acf_changed":false},"product_brand":[],"product_cat":[2444],"product_tag":[18230,2446],"woo-feed-brand":[2447],"class_list":{"0":"post-5644","1":"product","2":"type-product","3":"status-publish","4":"has-post-thumbnail","6":"product_cat-tragbare-monitore","7":"product_tag-25bfsale-de","8":"product_tag-droix-portable-monitor-de","9":"product_shipping_class-low-end","10":"pa_brand-droix","11":"woo-feed-brand-droix-de","13":"first","14":"instock","15":"sale","16":"taxable","17":"shipping-taxable","18":"purchasable","19":"product-type-variable","20":"has-default-attributes"},"acf":[],"aioseo_notices":[],"_links":{"self":[{"href":"https:\/\/gpdstore.net\/de\/wp-json\/wp\/v2\/product\/5644","targetHints":{"allow":["GET"]}}],"collection":[{"href":"https:\/\/gpdstore.net\/de\/wp-json\/wp\/v2\/product"}],"about":[{"href":"https:\/\/gpdstore.net\/de\/wp-json\/wp\/v2\/types\/product"}],"wp:featuredmedia":[{"embeddable":true,"href":"https:\/\/gpdstore.net\/de\/wp-json\/wp\/v2\/media\/818483"}],"wp:attachment":[{"href":"https:\/\/gpdstore.net\/de\/wp-json\/wp\/v2\/media?parent=5644"}],"wp:term":[{"taxonomy":"product_brand","embeddable":true,"href":"https:\/\/gpdstore.net\/de\/wp-json\/wp\/v2\/product_brand?post=5644"},{"taxonomy":"product_cat","embeddable":true,"href":"https:\/\/gpdstore.net\/de\/wp-json\/wp\/v2\/product_cat?post=5644"},{"taxonomy":"product_tag","embeddable":true,"href":"https:\/\/gpdstore.net\/de\/wp-json\/wp\/v2\/product_tag?post=5644"},{"taxonomy":"woo-feed-brand","embeddable":true,"href":"https:\/\/gpdstore.net\/de\/wp-json\/wp\/v2\/woo-feed-brand?post=5644"}],"curies":[{"name":"wp","href":"https:\/\/api.w.org\/{rel}","templated":true}]}}