{"id":5175,"date":"2024-05-08T15:41:24","date_gmt":"2024-05-08T15:41:24","guid":{"rendered":"https:\/\/gpdstore.net\/unkategorisiert\/gpd-win-4-docking-station\/"},"modified":"2025-12-23T10:17:22","modified_gmt":"2025-12-23T10:17:22","slug":"gpd-win-4-docking-station","status":"publish","type":"product","link":"https:\/\/gpdstore.net\/de\/product\/gpd-win-4-docking-station\/","title":{"rendered":"GPD WIN 4 Docking-Station"},"content":{"rendered":"\n<h3 class=\"wp-block-heading\"><strong>Verwandeln Sie Ihr GPD WIN 4 in einen Desktop mit der offiziellen Dockingstation<\/strong><\/h3>\n\n<p>Mit der GPD WIN 4-Dockingstation k\u00f6nnen Sie Ihr Handheld-Gaming-Erlebnis auf ein Desktop-Niveau heben. Dieses unverzichtbare Zubeh\u00f6r erweitert nicht nur Ihre Konnektivit\u00e4tsoptionen, sondern verbessert auch die Funktionalit\u00e4t Ihres Ger\u00e4ts und verwandelt es in einen voll ausgestatteten Desktop-PC.<\/p>\n\n<h3 class=\"wp-block-heading\"><strong>Verbesserte USB-Konnektivit\u00e4t<\/strong><\/h3>\n\n<p>Die GPD WIN 4-Dockingstation ist mit drei USB 3.2 Gen 2 Typ-A-Anschl\u00fcssen ausgestattet, die Geschwindigkeiten von bis zu 10 Gbps f\u00fcr den Anschluss einer Vielzahl von Peripherieger\u00e4ten wie Tastaturen, M\u00e4usen und externen Hochgeschwindigkeits-Speicherger\u00e4ten bieten.<\/p>\n\n<p>Au\u00dferdem verf\u00fcgt er \u00fcber einen USB 3.2 Gen 2 Typ-C-Anschluss, der f\u00fcr Schnellladungen ausgelegt ist und leistungsstarke Ladeger\u00e4te unterst\u00fctzt, um Ihr Ger\u00e4t schnell aufzuladen.<\/p>\n\n<h3 class=\"wp-block-heading\"><strong>\u00dcberlegene Anzeigeoptionen<\/strong><\/h3>\n\n<p>Erleben Sie hochaufl\u00f6sende Bilder, indem Sie Ihr GPD WIN 4 \u00fcber den HDMI 2.0-Anschluss an einen externen Monitor oder Fernseher anschlie\u00dfen. Mit dieser Einrichtung k\u00f6nnen Sie das Display des GPD WIN 4 als zweiten Bildschirm verwenden und so Ihre Produktivit\u00e4t und Ihr Spielerlebnis durch die Dual-Display-Funktionen verbessern.<\/p>\n\n<h3 class=\"wp-block-heading\"><strong>Schnelle und sichere Internetverbindung<\/strong><\/h3>\n\n<p>Die Dockingstation verf\u00fcgt \u00fcber einen RJ45-Ethernet-Anschluss mit 1 Gbit\/s, der eine schnelle und sichere Verbindung f\u00fcr Streaming, Spiele und Daten\u00fcbertragungen bietet, die die Geschwindigkeit und Sicherheit drahtloser Ger\u00e4te \u00fcbertrifft.<\/p>\n\n<h3 class=\"wp-block-heading\"><strong>Kompaktes Design f\u00fcr maximale Portabilit\u00e4t<\/strong><\/h3>\n\n<p>Die Dockingstation GPD WIN 4 hat einen kompakten Formfaktor, misst nur 3,4 x 5,6 x 3,2 Zoll und wiegt nur 224 g. Dadurch ist sie unglaublich tragbar und l\u00e4sst sich leicht in jeden Arbeitsbereich integrieren, ohne zu st\u00f6ren. Das Design umfasst eine abnehmbare R\u00fcckseite, die einen einfachen Anschluss und Transport der Dockingstation und des Ger\u00e4ts erm\u00f6glicht.  <\/p>\n\n<p>Dar\u00fcber hinaus l\u00e4sst das Design der Dockingstation den zweiten USB-Typ-C-Anschluss des GPD WIN 4 frei, so dass Sie leistungsstarke Peripherieger\u00e4te wie eine externe GPU anschlie\u00dfen k\u00f6nnen, was Ihr Setup noch weiter verbessert.<\/p>\n\n<h3 class=\"wp-block-heading\"><strong>Vor- und Nachteile der GPD WIN 4 Docking Station<\/strong><\/h3>\n\n<h3 class=\"wp-block-heading\"><strong>Vorteile:<\/strong><\/h3>\n\n<ul class=\"wp-block-list\">\n<li>Mehrere USB 3.2 Gen 2 Typ-A-Anschl\u00fcsse f\u00fcr verschiedene Peripherieger\u00e4te<\/li>\n\n\n\n<li>HDMI 2.0 Ausgang f\u00fcr externe Monitore oder TV-Ger\u00e4te<\/li>\n\n\n\n<li>Hochgeschwindigkeits-Ethernet mit 1 Gbps f\u00fcr zuverl\u00e4ssige Internetkonnektivit\u00e4t<\/li>\n\n\n\n<li>USB Typ-C Anschluss zum schnellen Aufladen von Ger\u00e4ten<\/li>\n<\/ul>\n\n<h3 class=\"wp-block-heading\"><strong>Nachteile:<\/strong><\/h3>\n\n<ul class=\"wp-block-list\">\n<li>Es fehlt ein zus\u00e4tzlicher USB Typ-C Anschluss f\u00fcr Peripherieger\u00e4te<\/li>\n<\/ul>\n\n<h3 class=\"wp-block-heading\"><strong>Vorteile der Verwendung einer Docking Station<\/strong><\/h3>\n\n<p>Eine Dockingstation vereinfacht Ihren Arbeitsablauf, indem sie Ihren Laptop \u00fcber ein einziges Kabel mit mehreren Peripherieger\u00e4ten verbindet. Dies hilft nicht nur bei der Entr\u00fcmpelung Ihres Arbeitsplatzes, sondern steigert auch Ihre Produktivit\u00e4t durch die M\u00f6glichkeit, zwei Bildschirme aufzustellen. Dar\u00fcber hinaus wird die Abnutzung der Anschl\u00fcsse Ihres Ger\u00e4ts minimiert und die Lebensdauer Ihres GPD WIN 4 verl\u00e4ngert, da Sie nicht mehr so h\u00e4ufig mehrere Kabel anschlie\u00dfen und abziehen m\u00fcssen.<\/p>\n\n<p>Investieren Sie noch heute in die GPD WIN 4-Dockingstation, um Ihr Gaming-Setup umzugestalten und Ihren Arbeitsbereich zu optimieren, sodass Ihr GPD WIN 4 nicht nur ein Gaming-Gadget, sondern eine umfassende Workstation wird.<\/p>\n","protected":false},"excerpt":{"rendered":"<ul>\n<li>Speichern und laden Sie Ihr <strong>GPD WIN 4<\/strong><\/li>\n<li>Verwandeln Sie Ihren Handheld in einen <strong>Desktop<\/strong><\/li>\n<li>Schlie\u00dfen Sie alle Ihre Peripherieger\u00e4te an.<\/li>\n<li>Offizielles GPD Dock f\u00fcr das <strong>GPD WIN 4<\/strong><\/li>\n<li>Klein, leicht und reisefreundlich<\/li>\n<\/ul>\n[cg_accordion title=\"INFO ZUR BEZAHLUNG\"]<\/p>\n<p>Wir verwenden die neueste Technologie in der Zahlungsabwicklung, die es Ihnen erm\u00f6glicht, mit Ihrer Debit-\/Kreditkarte oder mit PayPal schnell und sicher zu bezahlen.[\/cg_accordion]\n[cg_accordion title=\"GARANTIE\"]<\/p>\n<p>2 Jahre Garantie von <a href=\"https:\/\/droix.net\/\" target=\"_blank\" rel=\"nofollow noopener\">DROIX Global<\/a> f\u00fcr Ihren Seelenfrieden[\/cg_accordion]\n[cg_accordion title=\"PREISE, STEUERN UND VERSAND\"]<\/p>\n<p><strong><u>Anmerkung:<\/u><\/strong><br \/>\n &#8211; Kunden aus den Vereinigten Staaten: Der angezeigte Preis enth\u00e4lt alle anfallenden Steuern.<br \/>\n &#8211; EU-Kunden: Der angezeigte Preis enth\u00e4lt die geltenden Steuern, die je nach Land bis zu 25 % betragen k\u00f6nnen.<br \/>\n &#8211; Kunden aus Kanada: Der angezeigte Preis enth\u00e4lt die anwendbaren Steuern, die je nach Provinz 5% GST und zus\u00e4tzliche Provincial Sales Taxes (PST), Harmonized Sales Tax (HST) oder Quebec Sales Tax (QST) umfassen k\u00f6nnen.[\/cg_accordion]\n[cg_accordion title=\"VERSAND UND R\u00dcCKGABE\"]<\/p>\n<p>Organisiert von <a href=\"https:\/\/droix.net\/\" target=\"_blank\" rel=\"nofollow noopener\">DroiX<\/a>, einem offiziellen GPD-Vertriebspartner, versenden wir mit DHL Express DDP (Delivered Duty Paid). Dies bedeutet: <\/p>\n<p>Express DDP (Delivered Duty Paid). Dies bedeutet:<br \/>\n &#8211; Alle Zollgeb\u00fchren und Steuern sind in dem auf der Produktseite angezeigten Preis enthalten.<br \/>\n &#8211; Sie brauchen bei der Lieferung keine zus\u00e4tzlichen Geb\u00fchren zu zahlen.<br \/>\n &#8211; Im seltenen Fall von Zollproblemen wird unser Team die Zollabfertigung f\u00fcr Sie \u00fcbernehmen, um eine reibungslose Lieferung zu gew\u00e4hrleisten. <\/p>\n<p>Wichtige Informationen \u00fcber R\u00fccksendungen:<br \/>\n &#8211; Wenn Sie sich entschlie\u00dfen, Ihre Bestellung zur\u00fcckzusenden oder eine R\u00fcckerstattung zu beantragen, beachten Sie bitte, dass Steuern und Abgaben, die in Ihrem Namen gem\u00e4\u00df den DDP-Bedingungen gezahlt wurden, nicht erstattet werden k\u00f6nnen.<\/p>\n<p>Ausf\u00fchrliche Informationen finden Sie in unseren <a href=\"https:\/\/gpdstore.net\/de\/terms-of-service\/\" target=\"_blank\" rel=\"nofollow noopener\">Allgemeinen Gesch\u00e4ftsbedingungen<\/a>.[\/cg_accordion]\n[cg_accordion title=\"WAS ENTHALTEN IST\"]<\/p>\n<ul>\n<li>1x GPD WIN 4 Dock<\/li>\n<\/ul>\n<p>[\/cg_accordion]\n","protected":false},"featured_media":12200,"template":"","meta":{"_acf_changed":false},"product_brand":[],"product_cat":[1199],"product_tag":[2100],"woo-feed-brand":[858],"class_list":{"0":"post-5175","1":"product","2":"type-product","3":"status-publish","4":"has-post-thumbnail","6":"product_cat-zubehor","7":"product_tag-gpd-win-4-accessory-de","8":"product_shipping_class-standard","10":"pa_accessory-type-docking-station-de","11":"pa_brand-gpd","12":"woo-feed-brand-gpd-de","14":"first","15":"outofstock","16":"taxable","17":"shipping-taxable","18":"purchasable","19":"product-type-variable","20":"has-default-attributes"},"acf":[],"aioseo_notices":[],"_links":{"self":[{"href":"https:\/\/gpdstore.net\/de\/wp-json\/wp\/v2\/product\/5175","targetHints":{"allow":["GET"]}}],"collection":[{"href":"https:\/\/gpdstore.net\/de\/wp-json\/wp\/v2\/product"}],"about":[{"href":"https:\/\/gpdstore.net\/de\/wp-json\/wp\/v2\/types\/product"}],"wp:featuredmedia":[{"embeddable":true,"href":"https:\/\/gpdstore.net\/de\/wp-json\/wp\/v2\/media\/12200"}],"wp:attachment":[{"href":"https:\/\/gpdstore.net\/de\/wp-json\/wp\/v2\/media?parent=5175"}],"wp:term":[{"taxonomy":"product_brand","embeddable":true,"href":"https:\/\/gpdstore.net\/de\/wp-json\/wp\/v2\/product_brand?post=5175"},{"taxonomy":"product_cat","embeddable":true,"href":"https:\/\/gpdstore.net\/de\/wp-json\/wp\/v2\/product_cat?post=5175"},{"taxonomy":"product_tag","embeddable":true,"href":"https:\/\/gpdstore.net\/de\/wp-json\/wp\/v2\/product_tag?post=5175"},{"taxonomy":"woo-feed-brand","embeddable":true,"href":"https:\/\/gpdstore.net\/de\/wp-json\/wp\/v2\/woo-feed-brand?post=5175"}],"curies":[{"name":"wp","href":"https:\/\/api.w.org\/{rel}","templated":true}]}}