{"id":4868,"date":"2023-03-26T13:55:57","date_gmt":"2023-03-26T13:55:57","guid":{"rendered":"https:\/\/gpdstore.net\/unkategorisiert\/gpd-pocket-3\/"},"modified":"2026-01-24T14:17:22","modified_gmt":"2026-01-24T14:17:22","slug":"gpd-pocket-3","status":"publish","type":"product","link":"https:\/\/gpdstore.net\/de\/product\/gpd-pocket-3\/","title":{"rendered":"GPD Tasche 3 Mini-Laptop"},"content":{"rendered":"\n<figure class=\"wp-block-video\"><video controls=\"\" poster=\"https:\/\/gpdstore.net\/wp-content\/uploads\/2023\/03\/s-l1600-2025-11-11T121147209.webp\" src=\"https:\/\/gpdstore.net\/wp-content\/uploads\/2023\/03\/kaezXFcAdRaf7bFG0dm_1100204901809_mp4_265_hd-1.mp4\"><\/video><\/figure>\n\n<div class=\"wp-block-columns is-layout-flex wp-container-core-columns-is-layout-28f84493 wp-block-columns-is-layout-flex\">\n<div class=\"wp-block-column is-layout-flow wp-block-column-is-layout-flow\" style=\"flex-basis:33.33%\">\n<figure class=\"wp-block-image size-full\"><a href=\"https:\/\/gpdstore.net\/wp-content\/uploads\/2023\/03\/Wholesale-Price-GPD-Pocket-3-Mini-Laptop-16GB-1TB-i7-GPD-Pocket-3jpg_.webp\"><img fetchpriority=\"high\" decoding=\"async\" width=\"800\" height=\"800\" src=\"https:\/\/gpdstore.net\/wp-content\/uploads\/2023\/03\/Wholesale-Price-GPD-Pocket-3-Mini-Laptop-16GB-1TB-i7-GPD-Pocket-3jpg_.webp\" alt=\"GPD Pocket 3, ein kompaktes und leistungsstarkes Mini-Notebook, das f&#xFC;r vielseitiges Computing und Portabilit&#xE4;t entwickelt wurde.\" class=\"wp-image-1263941\" srcset=\"https:\/\/gpdstore.net\/wp-content\/uploads\/2023\/03\/Wholesale-Price-GPD-Pocket-3-Mini-Laptop-16GB-1TB-i7-GPD-Pocket-3jpg_.webp 800w, https:\/\/gpdstore.net\/wp-content\/uploads\/2023\/03\/Wholesale-Price-GPD-Pocket-3-Mini-Laptop-16GB-1TB-i7-GPD-Pocket-3jpg_-600x600.webp 600w, https:\/\/gpdstore.net\/wp-content\/uploads\/2023\/03\/Wholesale-Price-GPD-Pocket-3-Mini-Laptop-16GB-1TB-i7-GPD-Pocket-3jpg_-150x150.webp 150w, https:\/\/gpdstore.net\/wp-content\/uploads\/2023\/03\/Wholesale-Price-GPD-Pocket-3-Mini-Laptop-16GB-1TB-i7-GPD-Pocket-3jpg_-768x768.webp 768w, https:\/\/gpdstore.net\/wp-content\/uploads\/2023\/03\/Wholesale-Price-GPD-Pocket-3-Mini-Laptop-16GB-1TB-i7-GPD-Pocket-3jpg_-65x65.webp 65w, https:\/\/gpdstore.net\/wp-content\/uploads\/2023\/03\/Wholesale-Price-GPD-Pocket-3-Mini-Laptop-16GB-1TB-i7-GPD-Pocket-3jpg_-360x360.webp 360w, https:\/\/gpdstore.net\/wp-content\/uploads\/2023\/03\/Wholesale-Price-GPD-Pocket-3-Mini-Laptop-16GB-1TB-i7-GPD-Pocket-3jpg_-441x441.webp 441w, https:\/\/gpdstore.net\/wp-content\/uploads\/2023\/03\/Wholesale-Price-GPD-Pocket-3-Mini-Laptop-16GB-1TB-i7-GPD-Pocket-3jpg_-100x100.webp 100w\" sizes=\"(max-width: 800px) 100vw, 800px\" \/><\/a><\/figure>\n<\/div>\n\n\n\n<div class=\"wp-block-column is-layout-flow wp-block-column-is-layout-flow\" style=\"flex-basis:66.66%\">\n<h2 class=\"wp-block-heading\"><strong><br\/><\/strong><strong>GPD Pocket 3: Kompaktes Kraftpaket mit<br\/>Intel Pentium Gold 7505 Leistung<\/strong><\/h2>\n\n\n\n<p>Der <strong>GPD Pocket 3<\/strong> ist jetzt in einer optimierten Konfiguration mit dem <a href=\"https:\/\/www.intel.com\/content\/www\/us\/en\/products\/sku\/208667\/intel-pentium-gold-7505-processor-4m-cache-up-to-3-50-ghz-with-ipu\/specifications.html\" target=\"_blank\" rel=\"noopener nofollow\" title=\"\">Intel Pentium Gold 7505 Prozessor<\/a> erh\u00e4ltlich. Mit vier Kernen und acht Threads und einer Boost-Geschwindigkeit von bis zu 3,5 GHz bietet diese CPU eine solide Leistung f\u00fcr die t\u00e4gliche Produktivit\u00e4t und Multitasking. <\/p>\n\n\n\n<p>Gepaart mit 16 GB LPDDR4x RAM mit 3733 MHz und einer schnellen M.2 <a href=\"https:\/\/droix.net\/product\/ayn-odin-2-super-dock\/\" target=\"_blank\" rel=\"noopener nofollow\" title=\"\">NVMe<\/a> SSD bietet das Pocket 3 ein reibungsloses Erlebnis f\u00fcr Aufgaben wie die Bearbeitung von Dokumenten, das Surfen im Internet, Video-Streaming und leichte kreative Arbeiten. Sein kompaktes Design und das modulare Anschlusssystem machen es ideal f\u00fcr Profis und Enthusiasten, die ein leistungsstarkes und dennoch tragbares Windows-Ger\u00e4t ben\u00f6tigen. <\/p>\n\n\n\n<p>Ganz gleich, ob Sie von unterwegs arbeiten, auf Reisen sind oder einen vielseitigen, ultraportablen PC ben\u00f6tigen, der GPD Pocket 3 mit Intel Pentium Gold bietet die perfekte Balance zwischen Leistung und Mobilit\u00e4t.<\/p>\n<\/div>\n<\/div>\n\n<h2 class=\"wp-block-heading has-text-align-center\">Entwickelt f\u00fcr Profis: Vielseitigkeit, Kontrolle und hervorragendes Design<\/h2>\n\n<div class=\"wp-block-columns is-layout-flex wp-container-core-columns-is-layout-28f84493 wp-block-columns-is-layout-flex\">\n<div class=\"wp-block-column is-layout-flow wp-block-column-is-layout-flow\">\n<figure class=\"wp-block-image size-full\"><img decoding=\"async\" width=\"300\" height=\"300\" src=\"https:\/\/gpdstore.net\/wp-content\/uploads\/2023\/03\/87affa8a-19ce-4c6d-891b-43840ae1d1f6__CR00300300_PT0_SX300_V1___.jpg\" alt=\"GPD Pocket 3 Mini-Laptop mit um 180 Grad drehbarem Bildschirm und 180-Grad-Klappfunktion f&#xFC;r flexible Betrachtungs- und Nutzungsm&#xF6;glichkeiten\" class=\"wp-image-1263942\" srcset=\"https:\/\/gpdstore.net\/wp-content\/uploads\/2023\/03\/87affa8a-19ce-4c6d-891b-43840ae1d1f6__CR00300300_PT0_SX300_V1___.jpg 300w, https:\/\/gpdstore.net\/wp-content\/uploads\/2023\/03\/87affa8a-19ce-4c6d-891b-43840ae1d1f6__CR00300300_PT0_SX300_V1___-150x150.jpg 150w, https:\/\/gpdstore.net\/wp-content\/uploads\/2023\/03\/87affa8a-19ce-4c6d-891b-43840ae1d1f6__CR00300300_PT0_SX300_V1___-65x65.jpg 65w, https:\/\/gpdstore.net\/wp-content\/uploads\/2023\/03\/87affa8a-19ce-4c6d-891b-43840ae1d1f6__CR00300300_PT0_SX300_V1___-100x100.jpg 100w\" sizes=\"(max-width: 300px) 100vw, 300px\" \/><\/figure>\n\n\n\n<h3 class=\"wp-block-heading\"><strong><strong>Ein Display, das sich anpasst:<\/strong> Der um 180\u00b0 schwenkbare Bildschirm mit pulvermetallurgischer Best\u00e4ndigkeit.<\/strong><\/h3>\n\n\n\n<p>Unser innovativ konstruiertes Schwenksieb, das mit modernster Pulvermetallurgie hergestellt wurde, erm\u00f6glicht eine reibungslose 180-Grad-Drehung mit einer Hand um die Y-Achse. Es wurde erfolgreich strengen Haltbarkeitstests unterzogen und \u00fcberstand 100.000 kontinuierliche Roboteroperationen (einschlie\u00dflich Drehen, \u00d6ffnen und Schlie\u00dfen) mit einer beeindruckenden Wartungsrate von 99,3 %. <\/p>\n<\/div>\n\n\n\n<div class=\"wp-block-column is-layout-flow wp-block-column-is-layout-flow\">\n<figure class=\"wp-block-image size-full\"><img decoding=\"async\" width=\"300\" height=\"300\" src=\"https:\/\/gpdstore.net\/wp-content\/uploads\/2023\/03\/9728f488-7c9a-4702-8194-6d4228a0fa83__CR00300300_PT0_SX300_V1___.jpg\" alt=\"GPD Pocket 3 Mini-Laptop mit Stylus-Unterst&#xFC;tzung f&#xFC;r pr&#xE4;zise Eingaben und erh&#xF6;hte Produktivit&#xE4;t.\" class=\"wp-image-1263943\" srcset=\"https:\/\/gpdstore.net\/wp-content\/uploads\/2023\/03\/9728f488-7c9a-4702-8194-6d4228a0fa83__CR00300300_PT0_SX300_V1___.jpg 300w, https:\/\/gpdstore.net\/wp-content\/uploads\/2023\/03\/9728f488-7c9a-4702-8194-6d4228a0fa83__CR00300300_PT0_SX300_V1___-150x150.jpg 150w, https:\/\/gpdstore.net\/wp-content\/uploads\/2023\/03\/9728f488-7c9a-4702-8194-6d4228a0fa83__CR00300300_PT0_SX300_V1___-65x65.jpg 65w, https:\/\/gpdstore.net\/wp-content\/uploads\/2023\/03\/9728f488-7c9a-4702-8194-6d4228a0fa83__CR00300300_PT0_SX300_V1___-100x100.jpg 100w\" sizes=\"(max-width: 300px) 100vw, 300px\" \/><\/figure>\n\n\n\n<h3 class=\"wp-block-heading\"><strong><strong><strong>Pr\u00e4zise Eingabe:<\/strong> Mit der Red Dot-ausgezeichneten QWERTY-Tastatur und dem 4096-Ebenen-Stift.<\/strong><\/strong><\/h3>\n\n\n\n<p>Das Pocket 3 bietet aktive Stylus-Unterst\u00fctzung mit 4096 Stufen der Druckempfindlichkeit und sorgt so f\u00fcr originalgetreue Handschrift. Er ist \u00fcber das Microsoft MPP 2.0-Protokoll mit dem Surface Pen kompatibel und erm\u00f6glicht nahtlose Notizen, Anmerkungen und Unterschriften, so dass Sie jederzeit pr\u00e4zise und kreative Inhalte erstellen k\u00f6nnen. <\/p>\n<\/div>\n\n\n\n<div class=\"wp-block-column is-layout-flow wp-block-column-is-layout-flow\">\n<figure class=\"wp-block-image size-full\"><img loading=\"lazy\" decoding=\"async\" width=\"300\" height=\"300\" src=\"https:\/\/gpdstore.net\/wp-content\/uploads\/2023\/03\/a2d68f01-c1f4-4886-afb1-90dae8b01b16__CR00300300_PT0_SX300_V1___.jpg\" alt=\"GPD Pocket 3 Mini-Laptop mit ultraflacher 1080P-Kamera, die hochaufl&#xF6;sende Videoqualit&#xE4;t f&#xFC;r klare und scharfe Videogespr&#xE4;che liefert\" class=\"wp-image-1263944\" srcset=\"https:\/\/gpdstore.net\/wp-content\/uploads\/2023\/03\/a2d68f01-c1f4-4886-afb1-90dae8b01b16__CR00300300_PT0_SX300_V1___.jpg 300w, https:\/\/gpdstore.net\/wp-content\/uploads\/2023\/03\/a2d68f01-c1f4-4886-afb1-90dae8b01b16__CR00300300_PT0_SX300_V1___-150x150.jpg 150w, https:\/\/gpdstore.net\/wp-content\/uploads\/2023\/03\/a2d68f01-c1f4-4886-afb1-90dae8b01b16__CR00300300_PT0_SX300_V1___-65x65.jpg 65w, https:\/\/gpdstore.net\/wp-content\/uploads\/2023\/03\/a2d68f01-c1f4-4886-afb1-90dae8b01b16__CR00300300_PT0_SX300_V1___-100x100.jpg 100w\" sizes=\"(max-width: 300px) 100vw, 300px\" \/><\/figure>\n\n\n\n<h3 class=\"wp-block-heading\"><strong><strong><strong>Klare Kommunikation:<\/strong> Verbinden Sie sich \u00fcberall mit der 1080P Ultra-Thin Wide-Angle Kamera.<\/strong><\/strong><\/h3>\n\n\n\n<p>1080P hochaufl\u00f6sende, ultraflache Minikamera mit 2 Millionen Pixeln und einem weiten Sichtfeld von 77\u00b0. So k\u00f6nnen Sie mit Ihrer Familie per Live-Webcast kommunizieren oder Videokonferenzen mit Kollegen abhalten &#8211; jederzeit und \u00fcberall. <\/p>\n<\/div>\n<\/div>\n\n<div class=\"wp-block-columns is-layout-flex wp-container-core-columns-is-layout-28f84493 wp-block-columns-is-layout-flex\">\n<div class=\"wp-block-column is-layout-flow wp-block-column-is-layout-flow\">\n<figure class=\"wp-block-image size-full\"><img loading=\"lazy\" decoding=\"async\" width=\"300\" height=\"400\" src=\"https:\/\/gpdstore.net\/wp-content\/uploads\/2023\/03\/dfaad9ca-c981-4178-9f69-19a4a5cf5f38__CR00300400_PT0_SX300_V1___.jpg\" alt=\"GPD Pocket 3 Mini-Laptop mit KVM-Steuerung, der die nahtlose Integration und Verwaltung mehrerer Ger&#xE4;te &#xFC;ber eine einzige Schnittstelle erm&#xF6;glicht\" class=\"wp-image-1263945\" srcset=\"https:\/\/gpdstore.net\/wp-content\/uploads\/2023\/03\/dfaad9ca-c981-4178-9f69-19a4a5cf5f38__CR00300400_PT0_SX300_V1___.jpg 300w, https:\/\/gpdstore.net\/wp-content\/uploads\/2023\/03\/dfaad9ca-c981-4178-9f69-19a4a5cf5f38__CR00300400_PT0_SX300_V1___-150x200.jpg 150w\" sizes=\"(max-width: 300px) 100vw, 300px\" \/><\/figure>\n<\/div>\n\n\n\n<div class=\"wp-block-column is-layout-flow wp-block-column-is-layout-flow\">\n<h3 class=\"wp-block-heading\"><strong>IT-Verwaltungsleistung:<\/strong> Serverzugriff auf Hardware-Ebene \u00fcber das Hot-Swap-f\u00e4hige KVM-Modul.<\/h3>\n\n\n\n<p>Im Gegensatz zum &#8220;Remote-Desktop&#8221; wird das KVM-Steuermodul f\u00fcr die Zugriffskontrolle auf Hardwareebene verwendet, die den gesamten Nutzungsprozess des Zielservers abdeckt, vom Booten \u00fcber die BIOS-Einstellungen bis hin zu Operationen innerhalb des Betriebssystems.<\/p>\n\n\n\n<p>Er ist hot-swap-f\u00e4hig, verf\u00fcgt aber nicht \u00fcber IP KVM, unterst\u00fctzt also keine Fernverwaltung und eignet sich f\u00fcr die Verwaltung lokaler Netzwerkger\u00e4te, die nicht \u00fcber Tastatur, Maus und Bildschirm verf\u00fcgen.<\/p>\n\n\n\n<p>*KVM-Modul\/RS-232-Modul\/Stylus separat erh\u00e4ltlich<\/p>\n<\/div>\n\n\n\n<div class=\"wp-block-column is-layout-flow wp-block-column-is-layout-flow\">\n<figure class=\"wp-block-image size-full\"><img loading=\"lazy\" decoding=\"async\" width=\"350\" height=\"175\" src=\"https:\/\/gpdstore.net\/wp-content\/uploads\/2023\/03\/c011901a-1c49-4ed6-b6e2-a74a6089bf57__CR00350175_PT0_SX350_V1___-1.jpg\" alt=\"GPD Pocket 3 Mini-Laptop mit QWERTZ-Tastatur f&#xFC;r komfortables und effizientes Tippen in einem kompakten Format\" class=\"wp-image-1263946\" srcset=\"https:\/\/gpdstore.net\/wp-content\/uploads\/2023\/03\/c011901a-1c49-4ed6-b6e2-a74a6089bf57__CR00350175_PT0_SX350_V1___-1.jpg 350w, https:\/\/gpdstore.net\/wp-content\/uploads\/2023\/03\/c011901a-1c49-4ed6-b6e2-a74a6089bf57__CR00350175_PT0_SX350_V1___-1-150x75.jpg 150w\" sizes=\"(max-width: 350px) 100vw, 350px\" \/><\/figure>\n\n\n\n<h3 class=\"wp-block-heading\"><strong>&#8220;QWERTY&#8221;-Tastatur<\/strong><\/h3>\n\n\n\n<p>Unsere mit dem deutschen Red Dot Award ausgezeichnete &#8220;QWERTY&#8221;-Tastatur im Chiclet-Schokoladenstil ist f\u00fcr das Tippen mit beiden H\u00e4nden optimiert, indem die wichtigsten Tasten in der Mitte angeordnet sind. Das macht das Spielen von tastatur- und mausgesteuerten Spielen auf diesem Ger\u00e4t sehr komfortabel!<\/p>\n<\/div>\n<\/div>\n\n<h2 class=\"wp-block-heading has-text-align-center\">Eingaben in Profiqualit\u00e4t: Hardware-Steuerung und ergonomisches Tippen<\/h2>\n\n<figure class=\"wp-block-image aligncenter size-full\"><img loading=\"lazy\" decoding=\"async\" width=\"1024\" height=\"678\" src=\"https:\/\/gpdstore.net\/wp-content\/uploads\/2023\/03\/GPD-POCKET-3-MARKETING-IMAGE-2-1024x678-1.jpg\" alt=\"GPD Pocket 3 Mini-Laptop mit Anschlussm&#xF6;glichkeit f&#xFC;r mehrere Bildschirme f&#xFC;r mehr Produktivit&#xE4;t und Multitasking\" class=\"wp-image-1263947\" srcset=\"https:\/\/gpdstore.net\/wp-content\/uploads\/2023\/03\/GPD-POCKET-3-MARKETING-IMAGE-2-1024x678-1.jpg 1024w, https:\/\/gpdstore.net\/wp-content\/uploads\/2023\/03\/GPD-POCKET-3-MARKETING-IMAGE-2-1024x678-1-600x397.jpg 600w, https:\/\/gpdstore.net\/wp-content\/uploads\/2023\/03\/GPD-POCKET-3-MARKETING-IMAGE-2-1024x678-1-768x509.jpg 768w, https:\/\/gpdstore.net\/wp-content\/uploads\/2023\/03\/GPD-POCKET-3-MARKETING-IMAGE-2-1024x678-1-360x238.jpg 360w, https:\/\/gpdstore.net\/wp-content\/uploads\/2023\/03\/GPD-POCKET-3-MARKETING-IMAGE-2-1024x678-1-990x655.jpg 990w, https:\/\/gpdstore.net\/wp-content\/uploads\/2023\/03\/GPD-POCKET-3-MARKETING-IMAGE-2-1024x678-1-441x292.jpg 441w, https:\/\/gpdstore.net\/wp-content\/uploads\/2023\/03\/GPD-POCKET-3-MARKETING-IMAGE-2-1024x678-1-150x99.jpg 150w\" sizes=\"(max-width: 1024px) 100vw, 1024px\" \/><\/figure>\n\n<p>GPD ist zur\u00fcck mit der dritten Iteration seiner beliebten Mini-Laptop-Reihe, dem <strong>GPD Pocket 3<\/strong> mit dem treffenden Namen! Dieses funktionsreiche Notebook mit kleinem Formfaktor ist voll ausgestattet und flexibel genug, um alle Ihre t\u00e4glichen Computeranforderungen mit Leichtigkeit zu erf\u00fcllen.<\/p>\n\n<p>Zus\u00e4tzlich zu den zahlreichen Schnittstellen, \u00fcber die das Ger\u00e4t bereits verf\u00fcgt (USB, Thunderbolt, RJ45 usw.), bietet der GPD Pocket 3 auch eine &#8220;modulare Anschlussschnittstelle&#8221;. Damit k\u00f6nnen Sie die Anschl\u00fcsse des <strong>GPD Pocket 3<\/strong> frei an Ihre Bed\u00fcrfnisse anpassen. Sie m\u00f6chten einen zus\u00e4tzlichen USB-Anschluss f\u00fcr ein anderes Ger\u00e4t? Das ist kein Problem. Sie ben\u00f6tigen eine Schnittstelle zu einem Server? Mit dem speziellen KVM-Modul ist das ganz einfach!     <\/p>\n\n<p>Das <strong>GPD Pocket 3<\/strong> ist vollgepackt mit n\u00fctzlichen Eigenschaften und Funktionen. Eingebautes Mikrofon? Sie haben es. 360-Grad drehbares Display? Klar! HDMI-Anschluss? Schon vorhanden!      <\/p>\n\n<p>Ganz gleich, ob Sie sich f\u00fcr das High-End- oder das Basismodell interessieren, Sie erhalten ein Notebook, das sehr mobil ist und sich perfekt an Ihre Bed\u00fcrfnisse anpassen l\u00e4sst.<\/p>\n\n<figure class=\"wp-block-image aligncenter size-full\"><img loading=\"lazy\" decoding=\"async\" width=\"970\" height=\"600\" src=\"https:\/\/gpdstore.net\/wp-content\/uploads\/2023\/03\/28ee65cf-aa50-4535-b107-c1d20069d506__CR00970600_PT0_SX970_V1___.jpg\" alt=\"GPD Pocket 3 Mini-Laptop-Systemparameter, einschlie&#xDF;lich Prozessor, Arbeitsspeicher, Speicher und Display-Spezifikationen f&#xFC;r optimale Leistung.\" class=\"wp-image-1263948\" srcset=\"https:\/\/gpdstore.net\/wp-content\/uploads\/2023\/03\/28ee65cf-aa50-4535-b107-c1d20069d506__CR00970600_PT0_SX970_V1___.jpg 970w, https:\/\/gpdstore.net\/wp-content\/uploads\/2023\/03\/28ee65cf-aa50-4535-b107-c1d20069d506__CR00970600_PT0_SX970_V1___-600x371.jpg 600w, https:\/\/gpdstore.net\/wp-content\/uploads\/2023\/03\/28ee65cf-aa50-4535-b107-c1d20069d506__CR00970600_PT0_SX970_V1___-768x475.jpg 768w, https:\/\/gpdstore.net\/wp-content\/uploads\/2023\/03\/28ee65cf-aa50-4535-b107-c1d20069d506__CR00970600_PT0_SX970_V1___-360x223.jpg 360w, https:\/\/gpdstore.net\/wp-content\/uploads\/2023\/03\/28ee65cf-aa50-4535-b107-c1d20069d506__CR00970600_PT0_SX970_V1___-441x273.jpg 441w, https:\/\/gpdstore.net\/wp-content\/uploads\/2023\/03\/28ee65cf-aa50-4535-b107-c1d20069d506__CR00970600_PT0_SX970_V1___-150x93.jpg 150w\" sizes=\"(max-width: 970px) 100vw, 970px\" \/><\/figure>\n","protected":false},"excerpt":{"rendered":"<ul>\n<li>Intel\u00ae Pentium\u00ae Gold 7505 bis zu 3.50GHz ; 4 Kerne\/8 Threads<\/li>\n<li><strong>16GB LPDDR4x RAM<\/strong> @3733Mhz<\/li>\n<li><strong>Thunderbolt 4 \/ 8&#8243; Touchscreen Display \/ Fingerabdruck-Scanner<\/strong><\/li>\n<li><strong>Bis zu 4TB<\/strong> PCI-E NVMe SSD<\/li>\n<li>Modular mit <strong>KVM\/RS-232-Anschl\u00fcssen <\/strong>(separat erh\u00e4ltlich)<\/li>\n<\/ul>\n<p><img loading=\"lazy\" decoding=\"async\" src=\"https:\/\/gpdstore.net\/wp-content\/uploads\/2024\/08\/POCKET-4-FREEBIE-LONG.jpg\" alt=\"Werbebanner f\u00fcr das GPD Pocket 4, das eine kostenlose Schutzh\u00fclle anbietet. Der Text lautet 'GRATIS GESCHENK - SCHUTZH\u00dcLLE - AUTOMATISCH ZUM WARENKORB HINZUGEF\u00dcGT', begleitet von einem Bild einer eleganten schwarzen Schutzh\u00fclle.\" width=\"1000\" height=\"140\" class=\"alignnone size-full wp-image-973719\" srcset=\"https:\/\/gpdstore.net\/wp-content\/uploads\/2024\/08\/POCKET-4-FREEBIE-LONG.jpg 1000w, https:\/\/gpdstore.net\/wp-content\/uploads\/2024\/08\/POCKET-4-FREEBIE-LONG-600x84.jpg 600w, https:\/\/gpdstore.net\/wp-content\/uploads\/2024\/08\/POCKET-4-FREEBIE-LONG-768x108.jpg 768w, https:\/\/gpdstore.net\/wp-content\/uploads\/2024\/08\/POCKET-4-FREEBIE-LONG-360x50.jpg 360w, https:\/\/gpdstore.net\/wp-content\/uploads\/2024\/08\/POCKET-4-FREEBIE-LONG-990x139.jpg 990w, https:\/\/gpdstore.net\/wp-content\/uploads\/2024\/08\/POCKET-4-FREEBIE-LONG-441x62.jpg 441w, https:\/\/gpdstore.net\/wp-content\/uploads\/2024\/08\/POCKET-4-FREEBIE-LONG-150x21.jpg 150w\" sizes=\"(max-width: 1000px) 100vw, 1000px\" \/><\/p>\n<p> [cg_accordion title=\"INFO ZUR BEZAHLUNG\"] Wir verwenden die neueste Technologie in der Zahlungsabwicklung, die es Ihnen erm\u00f6glicht, mit Ihrer Debit-\/Kreditkarte oder mit PayPal schnell und sicher zu bezahlen.[\/cg_accordion] [cg_accordion title=\"GARANTIE\"] 2 Jahre Garantie von <a href=\"https:\/\/droix.net\/\" target=\"_blank\" rel=\"nofollow noopener\">DROIX Global<\/a> f\u00fcr Ihren Seelenfrieden[\/cg_accordion] [cg_accordion title=\"QUALIT\u00c4TSSICHERUNG &amp; TESTS VOR DER AUSLIEFERUNG\"] Sicherstellung der Kundenzufriedenheit auf h\u00f6chstem Niveau: Jedes Ger\u00e4t wird strengen Tests und einer mehrstufigen Qualit\u00e4tskontrolle unterzogen, bevor es ausgeliefert wird. Unser engagiertes Team pr\u00fcft die Leistung, Funktionalit\u00e4t und Integrit\u00e4t der Komponenten, um zu gew\u00e4hrleisten, dass Ihr GPD-Ger\u00e4t bei der Ankunft in einwandfreiem Zustand ist und Sie sich darauf verlassen k\u00f6nnen.[\/cg_accordion] [cg_accordion title=\"PREISE, STEUERN UND VERSAND\"] <strong><u>Anmerkung:<\/u><\/strong><\/p>\n<ul>\n<li>Kunden aus den Vereinigten Staaten: Der angezeigte Preis enth\u00e4lt KEINE STEUERN oder Z\u00f6lle. Die Verantwortung f\u00fcr die Zollabfertigung und die Zahlung aller damit verbundenen Steuern und Abgaben liegt beim Kunden. <\/li>\n<li>EU-Kunden: Der angezeigte Preis enth\u00e4lt die anwendbare STEUER, die je nach Land bis zu 25% betragen kann.<\/li>\n<li>Kunden aus Kanada: Der angezeigte Preis enth\u00e4lt die anfallenden Steuern, die je nach Provinz 5% GST und zus\u00e4tzliche Provincial Sales Taxes (PST), Harmonized Sales Tax (HST) oder Quebec Sales Tax (QST) umfassen k\u00f6nnen.<\/li>\n<\/ul>\n<p><strong>NUR f\u00fcr EU-Kunden:<\/strong> Express DDP (Delivered Duty Paid). Dies bedeutet: <\/p>\n<ul>\n<li style=\"list-style-type: none;\">\n<ul>\n<li>Alle Z\u00f6lle und Steuern sind in dem auf der Produktseite angegebenen Preis enthalten.<\/li>\n<li>Sie m\u00fcssen bei der Lieferung keine zus\u00e4tzlichen Geb\u00fchren zahlen.<\/li>\n<li>Im seltenen Fall von Zollproblemen \u00fcbernimmt unser Team die Zollabfertigung in Ihrem Namen, um eine reibungslose Lieferung zu gew\u00e4hrleisten.<\/li>\n<p>Wichtige Informationen \u00fcber R\u00fccksendungen:<\/p>\n<li>Wenn Sie sich entscheiden, Ihre Bestellung zur\u00fcckzusenden oder eine R\u00fcckerstattung zu beantragen, beachten Sie bitte, dass Steuern und Abgaben, die im Rahmen von DDP in Ihrem Namen gezahlt wurden, nicht erstattet werden k\u00f6nnen.<\/li>\n<p>Bitte beachten Sie unser<\/ul>\n<\/li>\n<\/ul>\n<p><a href=\"https:\/\/droix.net\/terms-and-conditions\/\" target=\"_blank\" rel=\"nofollow noopener\">Bedingungen &amp; Konditionen<\/a><\/p>\n<ul>f\u00fcr detaillierte Informationen.<\/ul>\n<p>[\/cg_accordion] [cg_accordion title=\"KUNDENBETREUUNG\"]  Haben Sie eine Frage? Wir sind nur eine kurze SMS davon entfernt, Ihr Problem zu l\u00f6sen!  Detaillierte Informationen finden Sie in unseren <a href=\"https:\/\/gpdstore.net\/en-gb\/terms-of-service\/\" target=\"_blank\" rel=\"nofollow noopener\">Allgemeinen Gesch\u00e4ftsbedingungen<\/a>.  [\/cg_accordion] [cg_accordion title=\"WAS ENTHALTEN IST\"]<\/p>\n<ul>\n<li>1x GPD Tasche 3<\/li>\n<li>1x Netzadapter<\/li>\n<li>1x USB Typ-C Kabel<\/li>\n<li>1x Benutzerhandbuch<\/li>\n<li>1x GPD-Stift<\/li>\n<\/ul>\n<p>[\/cg_accordion]<\/p>\n","protected":false},"featured_media":4869,"template":"","meta":{"_acf_changed":false},"product_brand":[],"product_cat":[1644,1645,1116],"product_tag":[14525,1647],"woo-feed-brand":[858],"class_list":{"0":"post-4868","1":"product","2":"type-product","3":"status-publish","4":"has-post-thumbnail","6":"product_cat-laptops-de","7":"product_cat-tablet-laptop-de","8":"product_cat-gpd-mini-laptops-de","9":"product_tag-8xmsale-de-2","10":"product_tag-gpd-pocket-3-de","11":"product_shipping_class-premium","12":"pa_bluetooth-5-de","13":"pa_brand-gpd","14":"pa_display-type-h-ips-de","15":"pa_graphics-gpu-model-core-i3-1125g4-uhd-grafik","16":"pa_graphics-gpu-model-core-i7-1195g7-iris-xe-grafik","17":"pa_graphics-gpu-model-pentium-gold-7505-uhd-grafik","18":"pa_i-o-video-1x-hdmi-2-0b-de","19":"pa_i-o-video-uber-1x-usb-4-0-typ-c-40gb-s","20":"pa_memory-ram-capacity-8gb-de","21":"pa_memory-ram-capacity-16gb-de","22":"pa_memory-ram-technology-lpddr4x-de","23":"pa_processor-cpu-model-intel-core-i3-1125g4","24":"pa_processor-cpu-model-intel-core-i7-1195g7","25":"pa_processor-cpu-model-intel-pentium-gold-7505","26":"pa_processor-cpu-model-pentium-silver-n6000","27":"pa_storage-capacity-512gb-de","28":"pa_storage-capacity-1tb-de","29":"pa_wi-fi-wi-fi-6-de","30":"woo-feed-brand-gpd-de","32":"first","33":"instock","34":"sale","35":"taxable","36":"shipping-taxable","37":"purchasable","38":"product-type-variable","39":"has-default-attributes"},"acf":[],"aioseo_notices":[],"_links":{"self":[{"href":"https:\/\/gpdstore.net\/de\/wp-json\/wp\/v2\/product\/4868","targetHints":{"allow":["GET"]}}],"collection":[{"href":"https:\/\/gpdstore.net\/de\/wp-json\/wp\/v2\/product"}],"about":[{"href":"https:\/\/gpdstore.net\/de\/wp-json\/wp\/v2\/types\/product"}],"wp:featuredmedia":[{"embeddable":true,"href":"https:\/\/gpdstore.net\/de\/wp-json\/wp\/v2\/media\/4869"}],"wp:attachment":[{"href":"https:\/\/gpdstore.net\/de\/wp-json\/wp\/v2\/media?parent=4868"}],"wp:term":[{"taxonomy":"product_brand","embeddable":true,"href":"https:\/\/gpdstore.net\/de\/wp-json\/wp\/v2\/product_brand?post=4868"},{"taxonomy":"product_cat","embeddable":true,"href":"https:\/\/gpdstore.net\/de\/wp-json\/wp\/v2\/product_cat?post=4868"},{"taxonomy":"product_tag","embeddable":true,"href":"https:\/\/gpdstore.net\/de\/wp-json\/wp\/v2\/product_tag?post=4868"},{"taxonomy":"woo-feed-brand","embeddable":true,"href":"https:\/\/gpdstore.net\/de\/wp-json\/wp\/v2\/woo-feed-brand?post=4868"}],"curies":[{"name":"wp","href":"https:\/\/api.w.org\/{rel}","templated":true}]}}