{"id":4746,"date":"2023-03-24T15:45:07","date_gmt":"2023-03-24T15:45:07","guid":{"rendered":"https:\/\/gpdstore.net\/unkategorisiert\/gpd-tasche-3-schutztasche\/"},"modified":"2026-01-06T02:01:58","modified_gmt":"2026-01-06T02:01:58","slug":"gpd-pocket-3-protective-case","status":"publish","type":"product","link":"https:\/\/gpdstore.net\/de\/product\/gpd-pocket-3-protective-case\/","title":{"rendered":"GPD Pocket 3 Schutzh\u00fclle"},"content":{"rendered":"\n<p>Suchen Sie eine Schutzh\u00fclle f\u00fcr Ihr GPD Pocket 3 Ultrabook? Unsere Schutzh\u00fclle aus Kunstleder GPD Pocket 3 ist die perfekte L\u00f6sung! Unsere H\u00fclle ist aus hochwertigen Materialien gefertigt und bietet hervorragenden Schutz vor Kratzern, St\u00fcrzen und anderen Gefahren, die Ihr Ger\u00e4t besch\u00e4digen k\u00f6nnen. Die pr\u00e4zisen Aussparungen und die perfekte Passform sorgen daf\u00fcr, dass Ihr GPD Pocket 3 jederzeit sicher und zug\u00e4nglich bleibt. Au\u00dferdem verf\u00fcgt es \u00fcber einen praktischen Schlitz f\u00fcr den offiziellen GPD Pocket 3 Stylus. Bestellen Sie jetzt, damit Ihr Ultrabook sicher und in einwandfreiem Zustand bleibt!<\/p>\n","protected":false},"excerpt":{"rendered":"<ul>\n<li><strong>Offizielles GPD<\/strong>-Produkt<\/li>\n<li>Entwickelt f\u00fcr <strong>GPD Pocket 3<\/strong> Mini Laptop<\/li>\n<li><strong>Kunstleder<\/strong>-Textur<\/li>\n<li><strong>Magnetische<\/strong> Abdeckung<\/li>\n<\/ul>\n[cg_accordion title=\"INFO ZUR BEZAHLUNG\"]<\/p>\n<p>Wir verwenden die neueste Technologie in der Zahlungsabwicklung, die es Ihnen erm\u00f6glicht, \u00fcber Apple Pay, Google Pay, Ihre Debit-\/Kreditkarte, PayPal oder BNPL-Methoden wie Klarna, Affirm oder AfterPay schnell und sicher zu bezahlen.[\/cg_accordion]\n[cg_accordion title=\"GARANTIE\"]<\/p>\n<p>2 Jahre Garantie von <a href=\"https:\/\/droix.net\/\" target=\"_blank\" rel=\"nofollow noopener\">DROIX Global<\/a> f\u00fcr Ihren Seelenfrieden[\/cg_accordion]\n[cg_accordion title=\"PREISE, STEUERN UND VERSAND\"]<\/p>\n<p><strong><u>Anmerkung:<\/u><\/strong><\/p>\n<ul>\n<li>Kunden aus den Vereinigten Staaten: Der angezeigte Preis enth\u00e4lt KEINE STEUERN oder Z\u00f6lle. Die Verantwortung f\u00fcr die Zollabfertigung und die Zahlung aller damit verbundenen Steuern und Abgaben liegt beim Kunden. <\/li>\n<li>EU-Kunden: Der angezeigte Preis enth\u00e4lt die gesetzliche Mehrwertsteuer, die je nach Land bis zu 25% betragen kann.<\/li>\n<li>Kunden aus Kanada: Der angezeigte Preis enth\u00e4lt die anfallenden Steuern, die je nach Provinz 5% GST und zus\u00e4tzliche Provincial Sales Taxes (PST), Harmonized Sales Tax (HST) oder Quebec Sales Tax (QST) umfassen k\u00f6nnen.<\/li>\n<\/ul>\n<p><strong>NUR f\u00fcr EU-Kunden:<\/strong> Express DDP (Delivered Duty Paid). Dies bedeutet: <\/p>\n<ul>\n<li>Alle Zollgeb\u00fchren und Steuern sind in dem auf der Produktseite angegebenen Preis enthalten.<\/li>\n<li>Bei der Zustellung m\u00fcssen Sie keine zus\u00e4tzlichen Geb\u00fchren zahlen.<\/li>\n<li>Im seltenen Fall von Zollproblemen \u00fcbernimmt unser Team die Zollabfertigung in Ihrem Namen, um eine reibungslose Lieferung zu gew\u00e4hrleisten.<\/li>\n<p>Wichtige Informationen \u00fcber R\u00fccksendungen:<\/p>\n<li>Wenn Sie sich entscheiden, Ihre Bestellung zur\u00fcckzusenden oder eine R\u00fcckerstattung zu beantragen, beachten Sie bitte, dass Steuern und Abgaben, die in Ihrem Namen gem\u00e4\u00df den DDP-Bedingungen gezahlt wurden, nicht erstattet werden k\u00f6nnen.<\/li>\n<p>Ausf\u00fchrliche Informationen finden Sie in unseren <a href=\"https:\/\/gpdstore.net\/de\/terms-of-service\/\" target=\"_blank\" rel=\"nofollow noopener\">Allgemeinen Gesch\u00e4ftsbedingungen<\/a>.\n<\/ul>\n<p>[\/cg_accordion]\n[cg_accordion title=\"KUNDENBETREUUNG\"]<\/p>\n<p>Haben Sie eine Frage? Wir sind nur einen kurzen Text davon entfernt, Ihr Problem zu l\u00f6sen!<br \/>\n[\/cg_accordion]\n[cg_accordion title=\"WAS ENTHALTEN IST\"]<\/p>\n<ul>\n<li>1x GPD Pocket 3 Geh\u00e4use<\/li>\n<\/ul>\n<p>[\/cg_accordion]\n","protected":false},"featured_media":4747,"template":"","meta":{"_acf_changed":false},"product_brand":[],"product_cat":[1199],"product_tag":[15871,1331],"woo-feed-brand":[858],"class_list":{"0":"post-4746","1":"product","2":"type-product","3":"status-publish","4":"has-post-thumbnail","6":"product_cat-zubehor","7":"product_tag-15xmsale-de","8":"product_tag-gpd-pocket-3-accessory-de","9":"product_shipping_class-low-end","10":"pa_accessory-type-schutzhulle","11":"woo-feed-brand-gpd-de","13":"first","14":"instock","15":"taxable","16":"shipping-taxable","17":"purchasable","18":"product-type-simple"},"acf":[],"aioseo_notices":[],"_links":{"self":[{"href":"https:\/\/gpdstore.net\/de\/wp-json\/wp\/v2\/product\/4746","targetHints":{"allow":["GET"]}}],"collection":[{"href":"https:\/\/gpdstore.net\/de\/wp-json\/wp\/v2\/product"}],"about":[{"href":"https:\/\/gpdstore.net\/de\/wp-json\/wp\/v2\/types\/product"}],"wp:featuredmedia":[{"embeddable":true,"href":"https:\/\/gpdstore.net\/de\/wp-json\/wp\/v2\/media\/4747"}],"wp:attachment":[{"href":"https:\/\/gpdstore.net\/de\/wp-json\/wp\/v2\/media?parent=4746"}],"wp:term":[{"taxonomy":"product_brand","embeddable":true,"href":"https:\/\/gpdstore.net\/de\/wp-json\/wp\/v2\/product_brand?post=4746"},{"taxonomy":"product_cat","embeddable":true,"href":"https:\/\/gpdstore.net\/de\/wp-json\/wp\/v2\/product_cat?post=4746"},{"taxonomy":"product_tag","embeddable":true,"href":"https:\/\/gpdstore.net\/de\/wp-json\/wp\/v2\/product_tag?post=4746"},{"taxonomy":"woo-feed-brand","embeddable":true,"href":"https:\/\/gpdstore.net\/de\/wp-json\/wp\/v2\/woo-feed-brand?post=4746"}],"curies":[{"name":"wp","href":"https:\/\/api.w.org\/{rel}","templated":true}]}}