{"id":4705,"date":"2024-04-23T16:13:31","date_gmt":"2024-04-23T16:13:31","guid":{"rendered":"https:\/\/gpdstore.net\/unkategorisiert\/gpd-stift-fur-gpd-pocket-3-and-win-max-2\/"},"modified":"2025-11-24T11:23:18","modified_gmt":"2025-11-24T11:23:18","slug":"gpd-stylus","status":"publish","type":"product","link":"https:\/\/gpdstore.net\/de\/product\/gpd-stylus\/","title":{"rendered":"GPD Stylus f\u00fcr GPD Pocket 3 &amp; WIN MAX 2"},"content":{"rendered":"\n<p><br\/>Wir stellen Ihnen den GPD Stylus vor: Ihr ultimatives Werkzeug f\u00fcr Pr\u00e4zision und Komfort, entwickelt, um die Funktionalit\u00e4t Ihres GPD Pocket 3 und GPD Win Max 2 zu verbessern, und kompatibel mit zahlreichen anderen Laptop- und Tablet-Modellen. Der aus einer robusten Aluminiumlegierung gefertigte Stylus ist so geformt, dass er bequem in Ihrer Hand liegt und auch bei l\u00e4ngerem Gebrauch nicht st\u00f6rt. Er verf\u00fcgt \u00fcber eine hochempfindliche, 4096-stufige druckempfindliche Spitze aus weichem, flexiblem Gummi, die daf\u00fcr sorgt, dass jeder Strich so pr\u00e4zise und reaktionsschnell ist wie ein Stift auf Papier. Dieses Ma\u00df an Genauigkeit ist perfekt f\u00fcr eine Vielzahl von Aktivit\u00e4ten, vom Skizzieren und Bearbeiten von Fotos bis hin zu detaillierten Pinselstrichen und dem Schreiben schneller Notizen.   <\/p>\n\n<p>Neben seinen pr\u00e4zisen F\u00e4higkeiten sorgt der GPD Stylus daf\u00fcr, dass Ihr Bildschirm dank seiner Gummispitze, die vor Kratzern und Verschmutzungen sch\u00fctzt, in einwandfreiem Zustand bleibt. Er ist nicht nur funktionell, sondern auch leicht und bequem zu transportieren. Er verf\u00fcgt \u00fcber eine praktische Schnalle, mit der Sie ihn einfach an einer Tasche oder einem Koffer befestigen k\u00f6nnen &#8211; ideal f\u00fcr vielbesch\u00e4ftigte Berufst\u00e4tige oder Kreative, die unterwegs sind. Mit dem GPD Stylus &#8211; der perfekten Mischung aus Funktionalit\u00e4t und innovativem Design &#8211; k\u00f6nnen Sie Ihre digitalen Interaktionen aufwerten, egal ob Sie durch Apps navigieren, Ideen festhalten oder Ihre k\u00fcnstlerische Seite erkunden.  <\/p>\n","protected":false},"excerpt":{"rendered":"<ul>\n<li>Funktioniert mit<strong> GPD Pocket 3<\/strong> und GPD WIN MAX 2<\/li>\n<li><strong>4096-stufige<\/strong> Druckempfindlichkeit<\/li>\n<li>Schlank &amp; Ergonomisch<\/li>\n<li><strong> Metallschnalle<\/strong><\/li>\n<li>Schreiben von Notizen und Zeicheneingabe<\/li>\n<\/ul>\n<p> [cg_accordion title=\"INFO ZUR BEZAHLUNG\"] Wir verwenden die neueste Technologie in der Zahlungsabwicklung, die es Ihnen erm\u00f6glicht, \u00fcber Apple Pay, Google Pay, Ihre Debit-\/Kreditkarte, PayPal oder BNPL-Methoden wie Klarna, Affirm oder AfterPay f\u00fcr eine schnelle und sichere Erfahrung zu bezahlen.[\/cg_accordion] [cg_accordion title=\"GARANTIE\"] 2 Jahre Garantie von <a href=\"https:\/\/droix.net\/\" target=\"_blank\" rel=\"nofollow noopener\">DROIX Global<\/a> f\u00fcr Ihren Seelenfrieden[\/cg_accordion] [cg_accordion title=\"PRICING, TAXES AND SHIPPING\"] <strong><u>Hinweis:<\/u><\/strong><\/p>\n<ul>\n<li>Kunden aus den Vereinigten Staaten: Der angezeigte Preis enth\u00e4lt KEINE STEUERN oder Z\u00f6lle. Die Verantwortung f\u00fcr die Zollabfertigung und die Zahlung aller damit verbundenen Steuern und Abgaben liegt beim Kunden. <\/li>\n<li>EU-Kunden: Der angezeigte Preis enth\u00e4lt die gesetzliche Mehrwertsteuer, die je nach Land bis zu 25% betragen kann.<\/li>\n<li>Kunden aus Kanada: Der angezeigte Preis enth\u00e4lt die anfallenden Steuern, die je nach Provinz 5% GST und zus\u00e4tzliche Provincial Sales Taxes (PST), Harmonized Sales Tax (HST) oder Quebec Sales Tax (QST) umfassen k\u00f6nnen.<\/li>\n<\/ul>\n<p><strong>NUR f\u00fcr EU-Kunden:<\/strong> Express DDP (Delivered Duty Paid). Dies bedeutet: <\/p>\n<ul>\n<li style=\"list-style-type: none;\">\n<ul>\n<li>Alle Zollgeb\u00fchren und Steuern sind in dem auf der Produktseite angegebenen Preis enthalten.<\/li>\n<li>Bei der Zustellung m\u00fcssen Sie keine zus\u00e4tzlichen Geb\u00fchren zahlen.<\/li>\n<li>Im seltenen Fall von Zollproblemen \u00fcbernimmt unser Team die Zollabfertigung in Ihrem Namen, um eine reibungslose Lieferung zu gew\u00e4hrleisten.<\/li>\n<p>Wichtige Informationen \u00fcber R\u00fccksendungen:<\/p>\n<li>Wenn Sie sich entscheiden, Ihre Bestellung zur\u00fcckzusenden oder eine R\u00fcckerstattung zu beantragen, beachten Sie bitte, dass Steuern und Abgaben, die in Ihrem Namen gem\u00e4\u00df den DDP-Bedingungen gezahlt wurden, nicht erstattet werden k\u00f6nnen.<\/li>\n<p>Bitte beachten Sie unser<\/ul>\n<\/li>\n<\/ul>\n<p><a href=\"https:\/\/gpdstore.net\/de\/terms-of-service\/\" target=\"_blank\" rel=\"nofollow noopener\">Bedingungen und Konditionen<\/a><\/p>\n<ul>f\u00fcr detaillierte Informationen.<\/ul>\n<p>[\/cg_accordion] [cg_accordion title=\"KUNDENBETREUUNG\"]  Haben Sie eine Frage? Wir sind nur einen kurzen Text davon entfernt, Ihr Problem zu l\u00f6sen!   [\/cg_accordion] [cg_accordion title=\"WHAT'S INCLUDED\"]<\/p>\n<ul>\n<li>1x GPD-Stift<\/li>\n<\/ul>\n<p>[\/cg_accordion]<\/p>\n","protected":false},"featured_media":11925,"template":"","meta":{"_acf_changed":false},"product_brand":[],"product_cat":[1199],"product_tag":[15871,1201],"woo-feed-brand":[858],"class_list":{"0":"post-4705","1":"product","2":"type-product","3":"status-publish","4":"has-post-thumbnail","6":"product_cat-zubehor","7":"product_tag-15xmsale-de","8":"product_tag-gpd-wm2-zubehor","9":"product_shipping_class-low-end","10":"pa_accessory-type-eingabestift","11":"pa_brand-gpd","12":"woo-feed-brand-gpd-de","14":"first","15":"instock","16":"sale","17":"taxable","18":"shipping-taxable","19":"purchasable","20":"product-type-variable","21":"has-default-attributes"},"acf":[],"aioseo_notices":[],"_links":{"self":[{"href":"https:\/\/gpdstore.net\/de\/wp-json\/wp\/v2\/product\/4705","targetHints":{"allow":["GET"]}}],"collection":[{"href":"https:\/\/gpdstore.net\/de\/wp-json\/wp\/v2\/product"}],"about":[{"href":"https:\/\/gpdstore.net\/de\/wp-json\/wp\/v2\/types\/product"}],"wp:featuredmedia":[{"embeddable":true,"href":"https:\/\/gpdstore.net\/de\/wp-json\/wp\/v2\/media\/11925"}],"wp:attachment":[{"href":"https:\/\/gpdstore.net\/de\/wp-json\/wp\/v2\/media?parent=4705"}],"wp:term":[{"taxonomy":"product_brand","embeddable":true,"href":"https:\/\/gpdstore.net\/de\/wp-json\/wp\/v2\/product_brand?post=4705"},{"taxonomy":"product_cat","embeddable":true,"href":"https:\/\/gpdstore.net\/de\/wp-json\/wp\/v2\/product_cat?post=4705"},{"taxonomy":"product_tag","embeddable":true,"href":"https:\/\/gpdstore.net\/de\/wp-json\/wp\/v2\/product_tag?post=4705"},{"taxonomy":"woo-feed-brand","embeddable":true,"href":"https:\/\/gpdstore.net\/de\/wp-json\/wp\/v2\/woo-feed-brand?post=4705"}],"curies":[{"name":"wp","href":"https:\/\/api.w.org\/{rel}","templated":true}]}}