{"id":4514,"date":"2023-03-24T18:47:23","date_gmt":"2023-03-24T18:47:23","guid":{"rendered":"https:\/\/gpdstore.net\/unkategorisiert\/gpd-win-4\/"},"modified":"2025-12-23T10:34:10","modified_gmt":"2025-12-23T10:34:10","slug":"gpd-win-4","status":"publish","type":"product","link":"https:\/\/gpdstore.net\/de\/product\/gpd-win-4\/","title":{"rendered":"GPD WIN 4 Spiele-Handheld-PC"},"content":{"rendered":"\n<p>Wenn Sie ein begeisterter Gamer sind, der gerne unterwegs spielt, werden Sie sich \u00fcber den neuesten Handheld-Gaming-PC von GPD, den GPD WIN 4, freuen. Mit seiner kompakten Gr\u00f6\u00dfe und seinen leistungsstarken Spezifikationen wird dieses Ger\u00e4t selbst die anspruchsvollsten Gamer beeindrucken. <\/p>\n\n<p>Mit nur 8,6 x 3,6 x 1,10 Zoll (22,0 \u00d7 9,2 \u00d7 2,8 cm) und einem Gewicht von nur 570 g ist das GPD WIN 4 unglaublich handlich. Es ist sogar noch kleiner als sein Vorg\u00e4nger, das GPD WIN 3, so dass es leicht in eine kleine Tasche oder Jackentasche passt und \u00fcberallhin mitgenommen werden kann. <\/p>\n\n<p>Eines der herausragenden Merkmale des GPD WIN 4 ist sein AMD Ryzen 7 6800U Prozessor mit acht Kernen und sechzehn Threads, der mit bis zu 4,7 GHz bei 28 W l\u00e4uft TDP. In Verbindung mit der Radeon 680M mit bis zu 2,2 GHz erm\u00f6glicht dies ein fl\u00fcssiges Spielen der neuesten AAA-Windows-Spiele auf diesem Handheld-Gaming-PC bei spielbaren Einstellungen. Ganz gleich, ob Sie auf Ego-Shooter, Rollenspiele oder Sportsimulationen stehen, die GPD WIN 4 hat alles, was Sie brauchen.  <\/p>\n\n<p>In Bezug auf Arbeitsspeicher und Speicher bietet das GPD WIN 4 eine Auswahl von 16GB oder 32GB LPDDR5-6400 MT&#8217;s RAM und bis zu 2TB schnellen SSD, der bis zu M.2 PCIe 4.0 NVMe 2280 SSD unterst\u00fctzt. Das bedeutet, dass Sie viel Platz zum Speichern Ihrer Spiele und anderer Dateien haben, und mit den blitzschnellen Lese- und Schreibgeschwindigkeiten des SSD m\u00fcssen Sie nicht lange warten, bis Ihre Spiele geladen sind.  <\/p>\n\n<p>Das GPD WIN 4 verf\u00fcgt au\u00dferdem \u00fcber schnelle drahtlose Verbindungen mit 802.11 a\/b\/g\/n\/ac\/ax WiFi 6 und Bluetooth 5.2. Und wenn Sie unterwegs sind und einen Internetzugang ben\u00f6tigen, k\u00f6nnen Sie ein separat erh\u00e4ltliches Aufsatzmodul erwerben, das 4G LTE-Nano-Sim-Karten f\u00fcr mobile Daten unterst\u00fctzt. <\/p>\n\n<p>Das Ger\u00e4t verf\u00fcgt \u00fcber einen 6-Zoll H-IPS Touchscreen mit einer nativen Aufl\u00f6sung von 1920&#215;1080, der sowohl 40Hz als auch 60 Hz f\u00fcr konfigurierbare Bildwiederholraten unterst\u00fctzt. Dadurch wird sichergestellt, dass \u00e4ltere Spiele auf dem GPD WIN 4 reibungslos laufen, ohne dass es zu Problemen mit der Bildschirmdrehung kommt, die bei anderen Handhelds auftreten k\u00f6nnen. <\/p>\n\n<p>Die GPD WIN 4 bietet au\u00dferdem ein beeindruckendes Steuerungs- und Designschema, das an die Sony PSP erinnert, mit zwei Hall-Sensor-Joysticks, einem D-Pad im klassischen Stil und linearen analogen Ausl\u00f6setasten mit LED-Beleuchtung. Dar\u00fcber hinaus gibt es zwei anpassbare Tasten auf der R\u00fcckseite des Ger\u00e4ts, mit denen Sie Ihre Bedienelemente nach Belieben einrichten k\u00f6nnen. <\/p>\n\n<p>Wenn Sie die Leistung des GPD WIN 4 noch weiter steigern m\u00f6chten, k\u00f6nnen Sie eine externe Grafikkarte (eGPU) \u00fcber den Hochgeschwindigkeits-USB-4-Anschluss anschlie\u00dfen, der bis zu 40 Gbps unterst\u00fctzt. Das Ger\u00e4t verf\u00fcgt au\u00dferdem \u00fcber einen USB 3.2 Gen 2-Anschluss f\u00fcr Daten und zum Aufladen sowie \u00fcber einen USB Typ-A-Anschluss f\u00fcr zus\u00e4tzliche Peripherieger\u00e4te. <\/p>\n\n<p>Mit einem 45,62-Wh-Li-Polymer-Akku h\u00e4lt das GPD WIN 4 bei leichter Nutzung bis zu 10 Stunden, bei mittlerer Nutzung 3-6 Stunden und bei starker Nutzung etwa 2 Stunden durch. Das bedeutet, dass Sie Ihre Lieblingsspiele auch unterwegs spielen k\u00f6nnen, ohne sich Sorgen machen zu m\u00fcssen, dass Ihnen der Strom ausgeht. <\/p>\n\n<p>Zusammenfassend l\u00e4sst sich sagen, dass das GPD WIN 4 ein \u00e4u\u00dferst tragbares Gaming-Kraftpaket ist, das sich perfekt f\u00fcr das Spielen unterwegs eignet. Ob auf dem Weg zur Arbeit, auf Reisen oder einfach nur zum Entspannen zu Hause &#8211; dieser Handheld-Gaming-PC sorgt f\u00fcr stundenlange Unterhaltung. Holen Sie sich also noch heute ein Exemplar und erleben Sie AAA auf h\u00f6chstem Niveau.  <\/p>\n","protected":false},"excerpt":{"rendered":"<ul>\n<li><strong>AMD Ryzen 7 6800U<\/strong> \/ AMD Radeon 680M<\/li>\n<li><strong>up to 32GB<\/strong> LPDDR5 @ 6400 MT\/s<\/li>\n<li><strong>bis zu 2TB<\/strong> Hochgeschwindigkeits-PCI-E <strong>M.2<\/strong> 2280 SSD<\/li>\n<li><strong>6&#8243; H-IPS Technologie<\/strong> Touchscreen Display<\/li>\n<li>Unterst\u00fctzung von <strong>WiFi 6<\/strong> und <strong>Bluetooth 5.2<\/strong>  <\/li>\n<\/ul>\n<p><img fetchpriority=\"high\" decoding=\"async\" src=\"https:\/\/gpdstore.net\/wp-content\/uploads\/2024\/03\/WIN-4-FREE-GIFTS.jpg\" alt=\"\" width=\"2000\" height=\"500\" class=\"alignnone size-full wp-image-4175\" srcset=\"https:\/\/gpdstore.net\/wp-content\/uploads\/2024\/03\/WIN-4-FREE-GIFTS.jpg 2000w, https:\/\/gpdstore.net\/wp-content\/uploads\/2024\/03\/WIN-4-FREE-GIFTS-600x150.jpg 600w, https:\/\/gpdstore.net\/wp-content\/uploads\/2024\/03\/WIN-4-FREE-GIFTS-1200x300.jpg 1200w, https:\/\/gpdstore.net\/wp-content\/uploads\/2024\/03\/WIN-4-FREE-GIFTS-768x192.jpg 768w, https:\/\/gpdstore.net\/wp-content\/uploads\/2024\/03\/WIN-4-FREE-GIFTS-1536x384.jpg 1536w, https:\/\/gpdstore.net\/wp-content\/uploads\/2024\/03\/WIN-4-FREE-GIFTS-360x90.jpg 360w, https:\/\/gpdstore.net\/wp-content\/uploads\/2024\/03\/WIN-4-FREE-GIFTS-990x248.jpg 990w, https:\/\/gpdstore.net\/wp-content\/uploads\/2024\/03\/WIN-4-FREE-GIFTS-441x110.jpg 441w, https:\/\/gpdstore.net\/wp-content\/uploads\/2024\/03\/WIN-4-FREE-GIFTS-150x38.jpg 150w\" sizes=\"(max-width: 2000px) 100vw, 2000px\" \/><\/p>\n[cg_accordion title=\"INFO ZUR BEZAHLUNG\"]<\/p>\n<p>Wir verwenden die neueste Technologie in der Zahlungsabwicklung, die es Ihnen erm\u00f6glicht, mit Ihrer Debit-\/Kreditkarte oder mit PayPal schnell und sicher zu bezahlen.[\/cg_accordion]\n[cg_accordion title=\"GARANTIE\"]<\/p>\n<p>2 Jahre Garantie von <a href=\"https:\/\/droix.net\/\" target=\"_blank\" rel=\"nofollow noopener\">DROIX Global<\/a> f\u00fcr Ihren Seelenfrieden[\/cg_accordion]\n[cg_accordion title=\"QUALIT\u00c4TSSICHERUNG &amp; TESTS VOR DER AUSLIEFERUNG\"]<\/p>\n<p>Sicherstellung der Kundenzufriedenheit auf h\u00f6chstem Niveau: Jedes Ger\u00e4t wird vor der Auslieferung strengen Tests und einer mehrstufigen Qualit\u00e4tskontrolle unterzogen. Unser engagiertes Team pr\u00fcft die Leistung, Funktionalit\u00e4t und Integrit\u00e4t der Komponenten, um zu gew\u00e4hrleisten, dass Ihr GPD-Ger\u00e4t bei der Ankunft in einwandfreiem Zustand ist und Sie sich darauf verlassen k\u00f6nnen. [\/cg_accordion]\n[cg_accordion title=\"PREISE, STEUERN UND VERSAND\"]<\/p>\n<p><strong><u>Anmerkung:<\/u><\/strong><\/p>\n<ul>\n<li>Kunden aus den Vereinigten Staaten: Der angezeigte Preis enth\u00e4lt KEINE STEUERN oder Z\u00f6lle. Die Verantwortung f\u00fcr die Zollabfertigung und die Zahlung aller damit verbundenen Steuern und Abgaben liegt beim Kunden. <\/li>\n<li>EU-Kunden: Der angezeigte Preis enth\u00e4lt die gesetzliche Mehrwertsteuer, die je nach Land bis zu 25% betragen kann.<\/li>\n<li>Kunden aus Kanada: Der angezeigte Preis enth\u00e4lt die anfallenden Steuern, die je nach Provinz 5% GST und zus\u00e4tzliche Provincial Sales Taxes (PST), Harmonized Sales Tax (HST) oder Quebec Sales Tax (QST) umfassen k\u00f6nnen.<\/li>\n<\/ul>\n<p><strong>NUR f\u00fcr EU-Kunden:<\/strong> Express DDP (Delivered Duty Paid). Dies bedeutet: <\/p>\n<ul>\n<li>Alle Zollgeb\u00fchren und Steuern sind in dem auf der Produktseite angegebenen Preis enthalten.<\/li>\n<li>Bei der Zustellung m\u00fcssen Sie keine zus\u00e4tzlichen Geb\u00fchren zahlen.<\/li>\n<li>Im seltenen Fall von Zollproblemen \u00fcbernimmt unser Team die Zollabfertigung in Ihrem Namen, um eine reibungslose Lieferung zu gew\u00e4hrleisten.<\/li>\n<p>Wichtige Informationen \u00fcber R\u00fccksendungen:<\/p>\n<li>Wenn Sie sich entscheiden, Ihre Bestellung zur\u00fcckzusenden oder eine R\u00fcckerstattung zu beantragen, beachten Sie bitte, dass Steuern und Abgaben, die in Ihrem Namen gem\u00e4\u00df den DDP-Bedingungen gezahlt wurden, nicht erstattet werden k\u00f6nnen.<\/li>\n<p>Ausf\u00fchrliche Informationen finden Sie in unseren <a href=\"https:\/\/droix.net\/terms-and-conditions\/\" target=\"_blank\" rel=\"nofollow noopener\">Allgemeinen Gesch\u00e4ftsbedingungen<\/a>.\n<\/ul>\n<p>[\/cg_accordion]\n[cg_accordion title=\"KUNDENBETREUUNG\"]<\/p>\n<p>Haben Sie eine Frage? Wir sind nur einen kurzen Text davon entfernt, Ihr Problem zu l\u00f6sen! <\/p>\n<p>Ausf\u00fchrliche Informationen finden Sie in unseren <a href=\"https:\/\/gpdstore.net\/de\/terms-of-service\/\" target=\"_blank\" rel=\"nofollow noopener\">Allgemeinen Gesch\u00e4ftsbedingungen<\/a>.\n<\/ul>\n<p>[\/cg_accordion]\n[cg_accordion title=\"WAS ENTHALTEN IST\"]<\/p>\n<ul>\n<li>1x GPD WIN 4<\/li>\n<li>1x Netzadapter<\/li>\n<li>1x USB Typ-C Kabel<\/li>\n<li>1x Benutzerhandbuch<\/li>\n<\/ul>\n<p>[\/cg_accordion]\n","protected":false},"featured_media":4515,"template":"","meta":{"_acf_changed":false},"product_brand":[],"product_cat":[854],"product_tag":[856,857],"woo-feed-brand":[858],"class_list":{"0":"post-4514","1":"product","2":"type-product","3":"status-publish","4":"has-post-thumbnail","6":"product_cat-gpd-handheld-pc-fur-spiele","7":"product_tag-10gpdsale-de","8":"product_tag-gpd-win-4-de","9":"product_shipping_class-premium","10":"pa_bluetooth-5-2-de","11":"pa_display-type-h-ips-de","12":"pa_graphics-gpu-model-radeon-680m-de","13":"pa_i-o-video-uber-1x-usb-4-0-typ-c-40gb-s","14":"pa_memory-ram-capacity-16gb-de","15":"pa_memory-ram-capacity-32gb-de","16":"pa_memory-ram-technology-lpddr5-de","17":"pa_processor-cpu-model-ryzen-7-6800u","18":"pa_storage-capacity-512gb-de","19":"pa_storage-capacity-1tb-de","20":"pa_storage-capacity-2tb-de","21":"pa_wi-fi-wi-fi-6-de","22":"woo-feed-brand-gpd-de","24":"first","25":"outofstock","26":"sale","27":"taxable","28":"shipping-taxable","29":"purchasable","30":"product-type-variable","31":"has-default-attributes"},"acf":[],"aioseo_notices":[],"_links":{"self":[{"href":"https:\/\/gpdstore.net\/de\/wp-json\/wp\/v2\/product\/4514","targetHints":{"allow":["GET"]}}],"collection":[{"href":"https:\/\/gpdstore.net\/de\/wp-json\/wp\/v2\/product"}],"about":[{"href":"https:\/\/gpdstore.net\/de\/wp-json\/wp\/v2\/types\/product"}],"wp:featuredmedia":[{"embeddable":true,"href":"https:\/\/gpdstore.net\/de\/wp-json\/wp\/v2\/media\/4515"}],"wp:attachment":[{"href":"https:\/\/gpdstore.net\/de\/wp-json\/wp\/v2\/media?parent=4514"}],"wp:term":[{"taxonomy":"product_brand","embeddable":true,"href":"https:\/\/gpdstore.net\/de\/wp-json\/wp\/v2\/product_brand?post=4514"},{"taxonomy":"product_cat","embeddable":true,"href":"https:\/\/gpdstore.net\/de\/wp-json\/wp\/v2\/product_cat?post=4514"},{"taxonomy":"product_tag","embeddable":true,"href":"https:\/\/gpdstore.net\/de\/wp-json\/wp\/v2\/product_tag?post=4514"},{"taxonomy":"woo-feed-brand","embeddable":true,"href":"https:\/\/gpdstore.net\/de\/wp-json\/wp\/v2\/woo-feed-brand?post=4514"}],"curies":[{"name":"wp","href":"https:\/\/api.w.org\/{rel}","templated":true}]}}