{"id":1261110,"date":"2025-10-23T08:14:29","date_gmt":"2025-10-23T08:14:29","guid":{"rendered":"https:\/\/gpdstore.net\/?post_type=product&#038;p=1261110"},"modified":"2026-03-07T15:32:01","modified_gmt":"2026-03-07T15:32:01","slug":"gpd-win-5-battery","status":"publish","type":"product","link":"https:\/\/gpdstore.net\/de\/product\/gpd-win-5-battery\/","title":{"rendered":"GPD WIN 5 Akku"},"content":{"rendered":"\n<p>Der <strong>wiederaufladbare Li-Ionen-Akku des GPD WIN 5<\/strong> ist ein unverzichtbares Zubeh\u00f6r, um die Spielzeit Ihres tragbaren GPD WIN 5 Gaming-PCs zu maximieren. Dieser externe 80-Wh-Akku wurde f\u00fcr hohe Leistung und nahtlose Integration entwickelt und erm\u00f6glicht es Ihnen, sich vom Stromnetz zu l\u00f6sen und High-End-PC-Spiele unterwegs zu erleben.<\/p>\n\n<hr class=\"wp-block-separator has-alpha-channel-opacity\"\/>\n\n<h3 class=\"wp-block-heading\">Wesentliche Merkmale:<\/h3>\n\n<p>\ud83d\udd0b Erweiterte 80.04Wh Kapazit\u00e4t<\/p>\n\n<p>Mit einer hohen Nennenergie von 80,04 Wh und einer Nennkapazit\u00e4t von 5170 mAh bietet dieser Akku eine betr\u00e4chtliche Laufzeit, so dass Sie ausgedehnte Gaming-Sessions abseits einer Steckdose genie\u00dfen k\u00f6nnen.<\/p>\n\n<p>\u26a1 Hohe Leistungsabgabe<\/p>\n\n<p>Mit einer Nennspannung von 15,48 V und einer begrenzten Ladespannung von 17,80 V ist dieser 4-Zellen-Li-Ionen-Akku f\u00fcr die anspruchsvolle Leistungsaufnahme der leistungsstarken AMD Strix Halo APU des GPD WIN 5 ausgelegt.<\/p>\n\n<p>\ud83d\udd04 Modulares Design mit Schnellkupplung<\/p>\n\n<p>Der Akku verf\u00fcgt \u00fcber einen propriet\u00e4ren Schnellverbindungsmechanismus, der einfach und sicher auf der R\u00fcckseite des GPD WIN 5 Handhelds befestigt werden kann (wie auf dem Bild zu sehen), wodurch er modular ist und im laufenden Betrieb gegen einen Ersatzakku ausgetauscht werden kann.<\/p>\n\n<p>\ud83d\udcaa Ergonomisch und integriert<\/p>\n\n<p>Das Akkupack wurde so konzipiert, dass es sich perfekt in das Geh\u00e4use des GPD WIN 5 einf\u00fcgt und den Handheld-Formfaktor des Ger\u00e4ts beibeh\u00e4lt, w\u00e4hrend es gleichzeitig den notwendigen ergonomischen Griff und eine Stromquelle bietet.<\/p>\n\n<p>\ud83d\udd0c Echtes GPD-Zubeh\u00f6r<\/p>\n\n<p>Dies ist ein offizieller GPD Li-Ion-Akku (Modell: 5.054BAG, Modell: 4ICP 77\/48\/100), der perfekte Kompatibilit\u00e4t, Sicherheit und optimale Leistung mit Ihrem GPD WIN 5 gew\u00e4hrleistet.<\/p>\n\n<hr class=\"wp-block-separator has-alpha-channel-opacity\"\/>\n\n<h3 class=\"wp-block-heading\">Spezifikationen:<\/h3>\n\n<figure class=\"wp-block-table\"><table class=\"has-fixed-layout\"><thead><tr><td><strong>Detail<\/strong><\/td><td><strong>Spezifikation<\/strong><\/td><\/tr><\/thead><tbody><tr><td><strong>Modell<\/strong><\/td><td>5.054BAG (4ICP 77\/48\/100)<\/td><\/tr><tr><td><strong>Batterie Typ<\/strong><\/td><td>Wiederaufladbarer Li-Ion-Akku<\/td><\/tr><tr><td><strong>Nennleistung<\/strong><\/td><td>80.04 Wh<\/td><\/tr><tr><td><strong>Nennkapazit\u00e4t<\/strong><\/td><td>5170 mAh<\/td><\/tr><tr><td><strong>Nennspannung<\/strong><\/td><td>15.48 V<\/td><\/tr><tr><td><strong>Begrenzte Ladespannung<\/strong><\/td><td>17.80 V<\/td><\/tr><tr><td><strong>Kompatibilit\u00e4t<\/strong><\/td><td>GPD WIN 5 Handheld Gaming PC<\/td><\/tr><\/tbody><\/table><\/figure>\n","protected":false},"excerpt":{"rendered":"<ul>\n<li><strong>80.04Wh Kapazit\u00e4t:<\/strong> Sorgt f\u00fcr eine lange, leistungsstarke Spielzeit beim mobilen Spielen.<\/li>\n<li><strong>5170mAh Nennkapazit\u00e4t:<\/strong> Sorgt f\u00fcr lang anhaltende, zuverl\u00e4ssige Nutzung unterwegs.<\/li>\n<li><strong>Modulares Design:<\/strong> Schnellbefestigungsmechanismus f\u00fcr einfaches Austauschen und Entfernen.<\/li>\n<li><strong>Hochspannungsleistung:<\/strong> Entwickelt f\u00fcr die leistungsstarke APU des GPD WIN 5.<\/li>\n<li><strong>Offizielles GPD-Zubeh\u00f6r:<\/strong> Garantiert perfekte Passform, Kompatibilit\u00e4t und Sicherheit.<\/li>\n<\/ul>\n<pre><b>Artikel auf Vorbestellung<\/b>\nErscheinungsdatum ETA:\n<ul>\n<li>2. Februar 2026<\/li><\/pre>\n<\/ul>\n[cg_accordion title=\"INFO ZUR BEZAHLUNG\"]<\/p>\n<p>Wir verwenden die neueste Technologie in der Zahlungsabwicklung, die es Ihnen erm\u00f6glicht, mit Ihrer Debit-\/Kreditkarte oder mit PayPal schnell und sicher zu bezahlen.[\/cg_accordion]\n[cg_accordion title=\"GARANTIE\"]<\/p>\n<p>2 Jahre Garantie von <a href=\"https:\/\/droix.net\/\" target=\"_blank\" rel=\"nofollow noopener\">DROIX Global<\/a> f\u00fcr Ihren Seelenfrieden[\/cg_accordion]\n[cg_accordion title=\"QUALIT\u00c4TSSICHERUNG &amp; TESTS VOR DER AUSLIEFERUNG\"]<\/p>\n<p>Sicherstellung der Kundenzufriedenheit auf h\u00f6chstem Niveau: Jedes Ger\u00e4t wird vor der Auslieferung strengen Tests und einer mehrstufigen Qualit\u00e4tskontrolle unterzogen. Unser engagiertes Team pr\u00fcft die Leistung, Funktionalit\u00e4t und Integrit\u00e4t der Komponenten, um zu gew\u00e4hrleisten, dass Ihr GPD-Ger\u00e4t bei der Ankunft in einwandfreiem Zustand ist und Sie sich darauf verlassen k\u00f6nnen. [\/cg_accordion]\n[cg_accordion title=\"PREISE, STEUERN UND VERSAND\"]<\/p>\n<p><strong><u>Anmerkung:<\/u><\/strong><\/p>\n<ul>\n<li>Kunden aus den Vereinigten Staaten: Der angezeigte Preis enth\u00e4lt KEINE STEUERN oder Z\u00f6lle. Die Verantwortung f\u00fcr die Zollabfertigung und die Zahlung aller damit verbundenen Steuern und Abgaben liegt beim Kunden. <\/li>\n<li>EU-Kunden: Der angezeigte Preis enth\u00e4lt die gesetzliche Mehrwertsteuer, die je nach Land bis zu 25% betragen kann.<\/li>\n<li>Kunden aus Kanada: Der angezeigte Preis enth\u00e4lt die anfallenden Steuern, die je nach Provinz 5% GST und zus\u00e4tzliche Provincial Sales Taxes (PST), Harmonized Sales Tax (HST) oder Quebec Sales Tax (QST) umfassen k\u00f6nnen.<\/li>\n<\/ul>\n<p>F\u00fcr unsere Kunden in den USA: Die Bestellungen werden DAP (Delivered At Place) versandt. Obwohl die Kunden f\u00fcr die Zahlung aller anfallenden Geb\u00fchren verantwortlich sind, nutzen wir unsere umfangreiche Erfahrung mit dem Versand aus Gro\u00dfbritannien, um sicherzustellen, dass Sie die geringstm\u00f6glichen Geb\u00fchren zahlen. Nach unseren Aufzeichnungen betragen diese Geb\u00fchren in der Regel nicht mehr als 10% des Artikelwerts.  <\/p>\n<p><strong>NUR f\u00fcr EU-Kunden:<\/strong> Express DDP (Delivered Duty Paid). Dies bedeutet: <\/p>\n<ul>\n<li>Alle Zollgeb\u00fchren und Steuern sind in dem auf der Produktseite angegebenen Preis enthalten.<\/li>\n<li>Bei der Zustellung m\u00fcssen Sie keine zus\u00e4tzlichen Geb\u00fchren zahlen.<\/li>\n<li>Im seltenen Fall von Zollproblemen \u00fcbernimmt unser Team die Zollabfertigung in Ihrem Namen, um eine reibungslose Lieferung zu gew\u00e4hrleisten.<\/li>\n<p>Wichtige Informationen \u00fcber R\u00fccksendungen:<\/p>\n<li>Wenn Sie sich entscheiden, Ihre Bestellung zur\u00fcckzusenden oder eine R\u00fcckerstattung zu beantragen, beachten Sie bitte, dass Steuern und Abgaben, die in Ihrem Namen gem\u00e4\u00df den DDP-Bedingungen gezahlt wurden, nicht erstattet werden k\u00f6nnen.<\/li>\n<p>Ausf\u00fchrliche Informationen finden Sie in unseren <a href=\"https:\/\/droix.net\/terms-and-conditions\/\" target=\"_blank\" rel=\"nofollow noopener\">Allgemeinen Gesch\u00e4ftsbedingungen<\/a>.\n<\/ul>\n<p>[\/cg_accordion]\n[cg_accordion title=\"KUNDENBETREUUNG\"]<\/p>\n<p>Haben Sie eine Frage? Wir sind nur einen kurzen Text davon entfernt, Ihr Problem zu l\u00f6sen! <\/p>\n<p>Ausf\u00fchrliche Informationen finden Sie in unseren <a href=\"https:\/\/gpdstore.net\/de\/terms-of-service\/\" target=\"_blank\" rel=\"nofollow noopener\">Allgemeinen Gesch\u00e4ftsbedingungen<\/a>.\n<\/ul>\n<p>[\/cg_accordion]\n[cg_accordion title=\"WAS ENTHALTEN IST\"]<\/p>\n<ul>\n<li>1x GPD WIN 5 Akku<\/li>\n<\/ul>\n<p>[\/cg_accordion]\n","protected":false},"featured_media":1261126,"template":"","meta":{"_acf_changed":false},"product_brand":[],"product_cat":[1199],"product_tag":[],"woo-feed-brand":[858],"class_list":{"0":"post-1261110","1":"product","2":"type-product","3":"status-publish","4":"has-post-thumbnail","6":"product_cat-zubehor","7":"product_shipping_class-low-end","8":"pa_accessory-type-add-ons-de","9":"pa_brand-gpd","10":"woo-feed-brand-gpd-de","12":"first","13":"instock","14":"taxable","15":"shipping-taxable","16":"purchasable","17":"product-type-variable","18":"has-default-attributes"},"acf":[],"aioseo_notices":[],"_links":{"self":[{"href":"https:\/\/gpdstore.net\/de\/wp-json\/wp\/v2\/product\/1261110","targetHints":{"allow":["GET"]}}],"collection":[{"href":"https:\/\/gpdstore.net\/de\/wp-json\/wp\/v2\/product"}],"about":[{"href":"https:\/\/gpdstore.net\/de\/wp-json\/wp\/v2\/types\/product"}],"wp:featuredmedia":[{"embeddable":true,"href":"https:\/\/gpdstore.net\/de\/wp-json\/wp\/v2\/media\/1261126"}],"wp:attachment":[{"href":"https:\/\/gpdstore.net\/de\/wp-json\/wp\/v2\/media?parent=1261110"}],"wp:term":[{"taxonomy":"product_brand","embeddable":true,"href":"https:\/\/gpdstore.net\/de\/wp-json\/wp\/v2\/product_brand?post=1261110"},{"taxonomy":"product_cat","embeddable":true,"href":"https:\/\/gpdstore.net\/de\/wp-json\/wp\/v2\/product_cat?post=1261110"},{"taxonomy":"product_tag","embeddable":true,"href":"https:\/\/gpdstore.net\/de\/wp-json\/wp\/v2\/product_tag?post=1261110"},{"taxonomy":"woo-feed-brand","embeddable":true,"href":"https:\/\/gpdstore.net\/de\/wp-json\/wp\/v2\/woo-feed-brand?post=1261110"}],"curies":[{"name":"wp","href":"https:\/\/api.w.org\/{rel}","templated":true}]}}