{"id":1258243,"date":"2025-10-21T14:46:01","date_gmt":"2025-10-21T14:46:01","guid":{"rendered":"https:\/\/gpdstore.net\/product\/gpd-win-5-docking-station\/"},"modified":"2026-03-20T17:17:34","modified_gmt":"2026-03-20T17:17:34","slug":"gpd-win-5-docking-station","status":"publish","type":"product","link":"https:\/\/gpdstore.net\/de\/product\/gpd-win-5-docking-station\/","title":{"rendered":"GPD WIN 5 Docking-Station"},"content":{"rendered":"\n<p>Die <strong>GPD WIN 5 Docking Station<\/strong> (oft auch als Smart Dock bezeichnet) ist der unverzichtbare Desktop-Hub, der entwickelt wurde, um das volle Potenzial Ihres <a href=\"https:\/\/gpdstore.net\/de\/product\/gpd-win-5\/\" target=\"_blank\" rel=\"noopener\" title=\"\">GPD WIN 5 Handheld-Gaming-PCs<\/a> freizusetzen. Verwandeln Sie Ihr tragbares Kraftpaket mit einem einfachen Anschluss in ein komplettes Desktop-Gaming- und Produktivit\u00e4ts-Setup, das maximale Leistung und nahtlose Integration von Peripherieger\u00e4ten gew\u00e4hrleistet.<\/p>\n\n<hr class=\"wp-block-separator has-alpha-channel-opacity\"\/>\n\n<h2 class=\"wp-block-heading\">Wesentliche Merkmale:<\/h2>\n\n<p><strong>Die<\/strong> Dockingstation ist f\u00fcr den Anschluss an den speziellen Stromanschluss des GPD WIN 5 vorgesehen, so dass das Ger\u00e4t mit den vollen <strong>100 W<\/strong> des Ladeger\u00e4ts betrieben werden kann. Dadurch kann die leistungsstarke Strix Halo APU ihre maximale TDP f\u00fcr Bildraten der Desktop-Klasse ohne thermische Drosselung aufrechterhalten. <\/p>\n\n<p>\ud83d\udcbb Sof <strong>ortige Desktop-Verwandlung<\/strong> Docken Sie Ihr GPD WIN 5 einfach an, um es sofort mit all Ihren Desktop-Peripherieger\u00e4ten zu verbinden.<sup><\/sup> Verwandeln Sie Ihre Handheld-Konsole in einen vollwertigen Windows 11 PC, bereit f\u00fcr wettbewerbsf\u00e4hige Spiele, Arbeit oder Medienkonsum.<sup><\/sup><\/p>\n\n<p>\ud83d\udda5\ufe0f <strong>High-Speed 4K Display Output<\/strong> Ausgestattet mit einem dedizierten <strong>HDMI 2.1 Anschluss<\/strong> kann das Smart Dock eine <strong>Aufl\u00f6sung von<\/strong> bis zu <strong>4K bei <sup><\/sup>144 Hz<\/strong> an einen externen Gaming-Monitor oder Fernseher weiterleiten und so ein butterweiches High-Fidelity-Erlebnis bieten, das es mit herk\u00f6mmlichen Desktop-PCs aufnehmen kann.<sup><\/sup><\/p>\n\n<p><strong>\ud83d\udd0c Umfassende E\/A-Erweiterung<\/strong> Erweitern Sie Ihre Konnektivit\u00e4tsoptionen erheblich, um all Ihre Spiel- und Arbeitsger\u00e4te unterzubringen:<\/p>\n\n<ul class=\"wp-block-list\">\n<li><strong>1x HDMI 2.1 Anschluss:<\/strong> F\u00fcr die Ausgabe von hochaufl\u00f6senden Bildschirmen mit hoher Bildwiederholrate.<\/li>\n\n\n\n<li><strong>3x USB Typ-A-Anschl\u00fcsse:<\/strong> Schlie\u00dfen Sie externe Tastaturen, M\u00e4use, Flash-Laufwerke und andere Peripherieger\u00e4te an.<\/li>\n\n\n\n<li><strong>1x Ethernet-Anschluss (RJ45):<\/strong> Sorgt f\u00fcr eine stabile kabelgebundene Verbindung mit niedriger Latenz f\u00fcr wettbewerbsf\u00e4hige Online-Spiele.<\/li>\n\n\n\n<li><strong>1x USB Typ-C Anschluss:<\/strong> F\u00fcr Daten oder zus\u00e4tzliche Peripherieanschl\u00fcsse.<\/li>\n<\/ul>\n\n<p>\ud83d\udd0b <strong>All-in-One Smart Cradle<\/strong> Das einzigartige Design dient gleichzeitig als sicherer St\u00e4nder und Stromanschluss. Es bietet einen stabilen, aufrechten Standplatz f\u00fcr Ihr GPD WIN 5, w\u00e4hrend es das System aktiv aufl\u00e4dt und die notwendige Energie f\u00fcr anhaltendes Hochleistungs-Gaming liefert. <\/p>\n\n<h2 class=\"wp-block-heading\">Warum sollten Sie sich f\u00fcr die GPD WIN 5 Docking Station entscheiden?<\/h2>\n\n<p>Das GPD WIN 5 ist als Desktop-Ersatz gedacht, und dieses Smart Dock ist die Br\u00fccke. Es beseitigt den Kabelsalat und sorgt daf\u00fcr, dass Ihr leistungsstarker Strix Halo Chip die volle Leistung von 100 W erh\u00e4lt, die er ben\u00f6tigt, um auf Ihrem gro\u00dfen Bildschirm eine Leistung der RTX 4060-Klasse zu liefern. Es ist das unverzichtbare Zubeh\u00f6r f\u00fcr das ultimative Plug-and-Play-Desktop-Gaming-Erlebnis. <\/p>\n\n<hr class=\"wp-block-separator has-alpha-channel-opacity\"\/>\n\n<h3 class=\"wp-block-heading\">Spezifikationen:<\/h3>\n\n<figure class=\"wp-block-table\"><table class=\"has-fixed-layout\"><thead><tr><td>Detail<\/td><td>Spezifikation<\/td><\/tr><\/thead><tbody><tr><td><strong>Kompatibilit\u00e4t<\/strong><\/td><td>GPD WIN 5 Handheld Gaming PC<\/td><\/tr><tr><td><strong>Video Ausgang<\/strong><\/td><td>1\u00d7HDMI 2.1(bis zu 4K @144 Hz)<\/td><\/tr><tr><td><strong>USB-Anschl\u00fcsse<\/strong><\/td><td>3\u00d7USB Typ-A, 1\u00d7USB Typ-C<\/td><\/tr><tr><td><strong>Netzwerk<\/strong><\/td><td>1\u00d7Ethernet-Anschluss (RJ45)<\/td><\/tr><tr><td><strong>Stromeingang<\/strong><\/td><td>Barrel Jack (f\u00fcr das 100 W GPD WIN 5 Ladeger\u00e4t)<\/td><\/tr><tr><td><strong>Funktion<\/strong><\/td><td>Andocken, Aufladen, Display aus, St\u00e4nder<\/td><\/tr><\/tbody><\/table><\/figure>\n\n<p><\/p>\n","protected":false},"excerpt":{"rendered":"<ul>\n<li><strong>180W Power Passthrough:<\/strong> Liefert maximale Energie f\u00fcr Spitzenleistung.<\/li>\n<li><strong>Desktop-Modus:<\/strong> Verwandelt den Handheld sofort in einen vollwertigen Desktop-PC.<\/li>\n<li><strong>4K Display-Ausgang:<\/strong> Mit HDMI 2.1 f\u00fcr hochaufl\u00f6sende externe Monitore.<\/li>\n<li><strong>Kabelgebundenes Spielen:<\/strong> Enth\u00e4lt einen Ethernet-Anschluss f\u00fcr stabiles, verz\u00f6gerungsfreies Online-Spiel.<\/li>\n<li><strong>Offizielle Passform:<\/strong> Speziell entwickeltes GPD-Zubeh\u00f6r f\u00fcr das WIN 5.<\/li>\n<\/ul>\n[cg_accordion title=\"INFO ZUR BEZAHLUNG\"]<\/p>\n<p>Wir verwenden die neueste Technologie in der Zahlungsabwicklung, die es Ihnen erm\u00f6glicht, mit Ihrer Debit-\/Kreditkarte oder mit PayPal schnell und sicher zu bezahlen.[\/cg_accordion]\n[cg_accordion title=\"GARANTIE\"]<\/p>\n<p>2 Jahre Garantie von <a href=\"https:\/\/droix.net\/\" target=\"_blank\" rel=\"nofollow noopener\">DROIX Global<\/a> f\u00fcr Ihren Seelenfrieden[\/cg_accordion]\n[cg_accordion title=\"QUALIT\u00c4TSSICHERUNG &amp; TESTS VOR DER AUSLIEFERUNG\"]<\/p>\n<p>Sicherstellung der Kundenzufriedenheit auf h\u00f6chstem Niveau: Jedes Ger\u00e4t wird vor der Auslieferung strengen Tests und einer mehrstufigen Qualit\u00e4tskontrolle unterzogen. Unser engagiertes Team pr\u00fcft die Leistung, Funktionalit\u00e4t und Integrit\u00e4t der Komponenten, um zu gew\u00e4hrleisten, dass Ihr GPD-Ger\u00e4t bei der Ankunft in einwandfreiem Zustand ist und Sie sich darauf verlassen k\u00f6nnen. [\/cg_accordion]\n[cg_accordion title=\"PREISE, STEUERN UND VERSAND\"]<\/p>\n<p><strong><u>Anmerkung:<\/u><\/strong><\/p>\n<ul>\n<li>Kunden aus den Vereinigten Staaten: Der angezeigte Preis enth\u00e4lt KEINE STEUERN oder Z\u00f6lle. Die Verantwortung f\u00fcr die Zollabfertigung und die Zahlung aller damit verbundenen Steuern und Abgaben liegt beim Kunden. <\/li>\n<li>EU-Kunden: Der angezeigte Preis enth\u00e4lt die gesetzliche Mehrwertsteuer, die je nach Land bis zu 25% betragen kann.<\/li>\n<li>Kunden aus Kanada: Der angezeigte Preis enth\u00e4lt die anfallenden Steuern, die je nach Provinz 5% GST und zus\u00e4tzliche Provincial Sales Taxes (PST), Harmonized Sales Tax (HST) oder Quebec Sales Tax (QST) umfassen k\u00f6nnen.<\/li>\n<\/ul>\n<p>F\u00fcr unsere Kunden in den USA: Die Bestellungen werden DAP (Delivered At Place) versandt. Obwohl die Kunden f\u00fcr die Zahlung aller anfallenden Geb\u00fchren verantwortlich sind, nutzen wir unsere umfangreiche Erfahrung mit dem Versand aus Gro\u00dfbritannien, um sicherzustellen, dass Sie die geringstm\u00f6glichen Geb\u00fchren zahlen. Nach unseren Aufzeichnungen betragen diese Geb\u00fchren in der Regel nicht mehr als 10% des Artikelwerts.  <\/p>\n<p><strong>NUR f\u00fcr EU-Kunden:<\/strong> Express DDP (Delivered Duty Paid). Dies bedeutet: <\/p>\n<ul>\n<li>Alle Zollgeb\u00fchren und Steuern sind in dem auf der Produktseite angegebenen Preis enthalten.<\/li>\n<li>Bei der Zustellung m\u00fcssen Sie keine zus\u00e4tzlichen Geb\u00fchren zahlen.<\/li>\n<li>Im seltenen Fall von Zollproblemen \u00fcbernimmt unser Team die Zollabfertigung in Ihrem Namen, um eine reibungslose Lieferung zu gew\u00e4hrleisten.<\/li>\n<p>Wichtige Informationen \u00fcber R\u00fccksendungen:<\/p>\n<li>Wenn Sie sich entscheiden, Ihre Bestellung zur\u00fcckzusenden oder eine R\u00fcckerstattung zu beantragen, beachten Sie bitte, dass Steuern und Abgaben, die in Ihrem Namen gem\u00e4\u00df den DDP-Bedingungen gezahlt wurden, nicht erstattet werden k\u00f6nnen.<\/li>\n<p>Ausf\u00fchrliche Informationen finden Sie in unseren <a href=\"https:\/\/droix.net\/terms-and-conditions\/\" target=\"_blank\" rel=\"nofollow noopener\">Allgemeinen Gesch\u00e4ftsbedingungen<\/a>.\n<\/ul>\n<p>[\/cg_accordion]\n[cg_accordion title=\"KUNDENBETREUUNG\"]<\/p>\n<p>Haben Sie eine Frage? Wir sind nur einen kurzen Text davon entfernt, Ihr Problem zu l\u00f6sen! <\/p>\n<p>Ausf\u00fchrliche Informationen finden Sie in unseren <a href=\"https:\/\/gpdstore.net\/de\/terms-of-service\/\" target=\"_blank\" rel=\"nofollow noopener\">Allgemeinen Gesch\u00e4ftsbedingungen<\/a>.\n<\/ul>\n<p>[\/cg_accordion]\n[cg_accordion title=\"WAS ENTHALTEN IST\"]<\/p>\n<ul>\n<li>1x Offizielle GPD WIN 5 Docking Station<\/li>\n<\/ul>\n<p>[\/cg_accordion]\n","protected":false},"featured_media":1261017,"template":"","meta":{"_acf_changed":false},"product_brand":[],"product_cat":[1199],"product_tag":[],"woo-feed-brand":[],"class_list":{"0":"post-1258243","1":"product","2":"type-product","3":"status-publish","4":"has-post-thumbnail","6":"product_cat-zubehor","7":"product_shipping_class-low-end","8":"product_shipping_class-premium","9":"pa_accessory-type-docking-station-de","10":"pa_brand-gpd","12":"first","13":"instock","14":"taxable","15":"shipping-taxable","16":"purchasable","17":"product-type-variable","18":"has-default-attributes"},"acf":[],"aioseo_notices":[],"_links":{"self":[{"href":"https:\/\/gpdstore.net\/de\/wp-json\/wp\/v2\/product\/1258243","targetHints":{"allow":["GET"]}}],"collection":[{"href":"https:\/\/gpdstore.net\/de\/wp-json\/wp\/v2\/product"}],"about":[{"href":"https:\/\/gpdstore.net\/de\/wp-json\/wp\/v2\/types\/product"}],"wp:featuredmedia":[{"embeddable":true,"href":"https:\/\/gpdstore.net\/de\/wp-json\/wp\/v2\/media\/1261017"}],"wp:attachment":[{"href":"https:\/\/gpdstore.net\/de\/wp-json\/wp\/v2\/media?parent=1258243"}],"wp:term":[{"taxonomy":"product_brand","embeddable":true,"href":"https:\/\/gpdstore.net\/de\/wp-json\/wp\/v2\/product_brand?post=1258243"},{"taxonomy":"product_cat","embeddable":true,"href":"https:\/\/gpdstore.net\/de\/wp-json\/wp\/v2\/product_cat?post=1258243"},{"taxonomy":"product_tag","embeddable":true,"href":"https:\/\/gpdstore.net\/de\/wp-json\/wp\/v2\/product_tag?post=1258243"},{"taxonomy":"woo-feed-brand","embeddable":true,"href":"https:\/\/gpdstore.net\/de\/wp-json\/wp\/v2\/woo-feed-brand?post=1258243"}],"curies":[{"name":"wp","href":"https:\/\/api.w.org\/{rel}","templated":true}]}}