{"id":1251763,"date":"2025-10-15T11:30:11","date_gmt":"2025-10-15T11:30:11","guid":{"rendered":"https:\/\/gpdstore.net\/product\/gpd-win-5-gehaeuse\/"},"modified":"2026-03-20T17:17:30","modified_gmt":"2026-03-20T17:17:30","slug":"gpd-win-5-case","status":"publish","type":"product","link":"https:\/\/gpdstore.net\/de\/product\/gpd-win-5-case\/","title":{"rendered":"GPD WIN 5 Geh\u00e4use"},"content":{"rendered":"\n<p>Das <strong>GPD WIN 5 Case<\/strong> ist eine robuste, passgenaue und reisetaugliche H\u00fclle, die exklusiv f\u00fcr den revolution\u00e4ren GPD WIN 5 entwickelt wurdeDas <strong>GPD WIN 5 Case<\/strong> ist eine robuste, passgenaue und reisetaugliche H\u00fclle, die exklusiv f\u00fcr den revolution\u00e4ren Handheld-Gaming-PC GPD WIN 5 entwickelt wurde. Diese Tasche wurde entwickelt, um den Strapazen des Reisens standzuhalten und Ihr Hochleistungsger\u00e4t mit hochwertigen Materialien und einem intelligenten Design zu sch\u00fctzen. Sie bietet maximale Sicherheit und elegante Portabilit\u00e4t &#8211; perfekt f\u00fcr den Elite-Gamer, der viel unterwegs ist. <\/p>\n\n<hr class=\"wp-block-separator has-alpha-channel-opacity\"\/>\n\n<h3 class=\"wp-block-heading\">Wesentliche Merkmale:<\/h3>\n\n<p>\ud83c\udfae <strong>Ma\u00dfgeschneiderter Schutz f\u00fcr das GPD WIN 5<\/strong> Dieses exklusiv f\u00fcr das GPD WIN 5 entwickelte Etui sorgt f\u00fcr einen passgenauen Sitz des Handheld-Ger\u00e4ts und sch\u00fctzt es vor Bewegungen und internen Sto\u00dfsch\u00e4den w\u00e4hrend des Transports.<\/p>\n\n<p>\ud83d\udcbc <strong>Hartschalenkonstruktion<\/strong> Das strapazierf\u00e4hige <strong>EVA-Hartschalengeh\u00e4use<\/strong> bietet verbesserten Schutz vor St\u00f6\u00dfen, St\u00fcrzen und Kratzern und sch\u00fctzt Ihre Konsole und ihre leistungsstarken Innereien in jeder anspruchsvollen Reisesituation.<sup><\/sup><\/p>\n\n<p><strong>\ud83d\udc5c Weiche Innenpolsterung<\/strong> Im Inneren sorgen das <strong>weiche Stofffutter<\/strong> und der sto\u00dfd\u00e4mpfende Schaumstoff f\u00fcr eine sanfte Pflege Ihrer Konsole und des gro\u00dfen 7-Zoll-Displays und verhindern so Kratzer und Abnutzung der Oberfl\u00e4che.<\/p>\n\n<p>\ud83d\udd0b <strong>Modulares Zubeh\u00f6rfach<\/strong> Umfasst ein ger\u00e4umiges <strong>Innenfach<\/strong>, in dem Sie wichtige Komponenten wie den abnehmbaren 80-Wh-Akku, den 180-W-Netzadapter oder andere kleine Dinge aufbewahren k\u00f6nnen &#8211; so haben Sie Ihre gesamte Ausr\u00fcstung geordnet und an einem Ort.<\/p>\n\n<p>\ud83e\uddf2 <strong>Sicherer Rei\u00dfverschluss<\/strong> Ein strapazierf\u00e4higer, hochwertiger <strong>Rei\u00dfverschluss<\/strong> h\u00e4lt die Tasche sicher verschlossen und sch\u00fctzt Ihren hochwertigen Handheld, egal ob Sie pendeln, reisen oder ihn aufbewahren.<sup><\/sup><\/p>\n\n<p>\ud83c\udf1f <strong>Schlankes &amp; leichtes Design<\/strong> Trotz des robusten Schutzes ist der kompakte Formfaktor f\u00fcr ultimative Portabilit\u00e4t ausgelegt. Stecken Sie es einfach in Ihren Rucksack oder tragen Sie es alleine, denn Sie wissen, dass Ihr Gaming-Kraftpaket sicher ist. <\/p>\n\n<hr class=\"wp-block-separator has-alpha-channel-opacity\"\/>\n\n<h3 class=\"wp-block-heading\">Warum sollten Sie sich f\u00fcr das GPD WIN 5 Geh\u00e4use entscheiden?<\/h3>\n\n<p>Dieses f\u00fcr die anspruchsvollsten Gamer entwickelte Geh\u00e4use kombiniert robuste Haltbarkeit mit durchdachter, wichtiger Aufbewahrung f\u00fcr die einzigartigen modularen Komponenten des GPD WIN 5 und das leistungsstarke Ladeger\u00e4t. Egal, ob Sie eine Session mit hoher TDP oder ohne Stromanschluss spielen, das GPD WIN 5 Case ist der ideale Begleiter, um Ihren Strix Halo Handheld sicher und einsatzbereit zu halten. \ud83d\ude80<\/p>\n\n<hr class=\"wp-block-separator has-alpha-channel-opacity\"\/>\n\n<h3 class=\"wp-block-heading\">Spezifikationen:<\/h3>\n\n<figure class=\"wp-block-table\"><table class=\"has-fixed-layout\"><thead><tr><td>Detail<\/td><td>Spezifikation<\/td><\/tr><\/thead><tbody><tr><td><strong>Material<\/strong><\/td><td>EVA-Hartschale + Innenausstattung aus weichem Stoff<\/td><\/tr><tr><td><strong>Kompatibilit\u00e4t<\/strong><\/td><td><a href=\"https:\/\/gpdstore.net\/de\/product\/gpd-win-5\/\" target=\"_blank\" rel=\"noopener\" title=\"\">GPD WIN 5 Handheld Gaming PC<\/a><\/td><\/tr><tr><td><strong>Verschluss Typ<\/strong><\/td><td>Rei\u00dfverschluss<\/td><\/tr><tr><td><strong>Lagerung<\/strong><\/td><td>Innere Netztasche\/Fach f\u00fcr Zubeh\u00f6r (einschlie\u00dflich abnehmbarem Akku und Ladeger\u00e4t)<\/td><\/tr><tr><td><strong>Abmessungen<\/strong><\/td><td><strong>288 \u00d7 136 \u00d7 80 (25\/55) mm<\/strong><\/td><\/tr><\/tbody><\/table><\/figure>\n\n<p><\/p>\n","protected":false},"excerpt":{"rendered":"<ul>\n<li><strong>Offiziell passend:<\/strong> Speziell f\u00fcr den GPD WIN 5 Handheld PC entwickelt.<\/li>\n<li><strong>Sichere Gurte:<\/strong> H\u00e4lt das Ger\u00e4t und das externe Akkupack fest an seinem Platz.<\/li>\n<li><strong>Weiche Auskleidung:<\/strong> Verhindert Kratzer und sch\u00fctzt das 7-Zoll-Display mit 120 Hz.<\/li>\n<li><strong>Handschlaufe:<\/strong> Erm\u00f6glicht das einfache und sichere Tragen unterwegs.<\/li>\n<li><strong>Harte Schale:<\/strong> Bietet dauerhaften, stabilen Schutz f\u00fcr Ihren Hochleistungs-Gaming-PC.<\/li>\n<\/ul>\n[cg_accordion title=\"INFO ZUR BEZAHLUNG\"]<\/p>\n<p>Wir verwenden die neueste Technologie in der Zahlungsabwicklung, die es Ihnen erm\u00f6glicht, mit Ihrer Debit-\/Kreditkarte oder mit PayPal schnell und sicher zu bezahlen.[\/cg_accordion]\n[cg_accordion title=\"GARANTIE\"]<\/p>\n<p>2 Jahre Garantie von <a href=\"https:\/\/droix.net\/\" target=\"_blank\" rel=\"nofollow noopener\">DROIX Global<\/a> f\u00fcr Ihren Seelenfrieden[\/cg_accordion]\n[cg_accordion title=\"QUALIT\u00c4TSSICHERUNG &amp; TESTS VOR DER AUSLIEFERUNG\"]<\/p>\n<p>Sicherstellung der Kundenzufriedenheit auf h\u00f6chstem Niveau: Jedes Ger\u00e4t wird vor der Auslieferung strengen Tests und einer mehrstufigen Qualit\u00e4tskontrolle unterzogen. Unser engagiertes Team pr\u00fcft die Leistung, Funktionalit\u00e4t und Integrit\u00e4t der Komponenten, um zu gew\u00e4hrleisten, dass Ihr GPD-Ger\u00e4t bei der Ankunft in einwandfreiem Zustand ist und Sie sich darauf verlassen k\u00f6nnen. [\/cg_accordion]\n[cg_accordion title=\"PREISE, STEUERN UND VERSAND\"]<\/p>\n<p><strong><u>Anmerkung:<\/u><\/strong><\/p>\n<ul>\n<li>Kunden aus den Vereinigten Staaten: Der angezeigte Preis enth\u00e4lt KEINE STEUERN oder Z\u00f6lle. Die Verantwortung f\u00fcr die Zollabfertigung und die Zahlung aller damit verbundenen Steuern und Abgaben liegt beim Kunden. <\/li>\n<li>EU-Kunden: Der angezeigte Preis enth\u00e4lt die gesetzliche Mehrwertsteuer, die je nach Land bis zu 25% betragen kann.<\/li>\n<li>Kunden aus Kanada: Der angezeigte Preis enth\u00e4lt die anfallenden Steuern, die je nach Provinz 5% GST und zus\u00e4tzliche Provincial Sales Taxes (PST), Harmonized Sales Tax (HST) oder Quebec Sales Tax (QST) umfassen k\u00f6nnen.<\/li>\n<\/ul>\n<p>F\u00fcr unsere Kunden in den USA: Die Bestellungen werden DAP (Delivered At Place) versandt. Obwohl die Kunden f\u00fcr die Zahlung aller anfallenden Geb\u00fchren verantwortlich sind, nutzen wir unsere umfangreiche Erfahrung mit dem Versand aus Gro\u00dfbritannien, um sicherzustellen, dass Sie die geringstm\u00f6glichen Geb\u00fchren zahlen. Nach unseren Aufzeichnungen betragen diese Geb\u00fchren in der Regel nicht mehr als 10% des Artikelwerts.  <\/p>\n<p><strong>NUR f\u00fcr EU-Kunden:<\/strong> Express DDP (Delivered Duty Paid). Dies bedeutet: <\/p>\n<ul>\n<li>Alle Zollgeb\u00fchren und Steuern sind in dem auf der Produktseite angegebenen Preis enthalten.<\/li>\n<li>Bei der Zustellung m\u00fcssen Sie keine zus\u00e4tzlichen Geb\u00fchren zahlen.<\/li>\n<li>Im seltenen Fall von Zollproblemen \u00fcbernimmt unser Team die Zollabfertigung in Ihrem Namen, um eine reibungslose Lieferung zu gew\u00e4hrleisten.<\/li>\n<p>Wichtige Informationen \u00fcber R\u00fccksendungen:<\/p>\n<li>Wenn Sie sich entscheiden, Ihre Bestellung zur\u00fcckzusenden oder eine R\u00fcckerstattung zu beantragen, beachten Sie bitte, dass Steuern und Abgaben, die in Ihrem Namen gem\u00e4\u00df den DDP-Bedingungen gezahlt wurden, nicht erstattet werden k\u00f6nnen.<\/li>\n<p>Ausf\u00fchrliche Informationen finden Sie in unseren <a href=\"https:\/\/droix.net\/terms-and-conditions\/\" target=\"_blank\" rel=\"nofollow noopener\">Allgemeinen Gesch\u00e4ftsbedingungen<\/a>.\n<\/ul>\n<p>[\/cg_accordion]\n[cg_accordion title=\"KUNDENBETREUUNG\"]<\/p>\n<p>Haben Sie eine Frage? Wir sind nur einen kurzen Text davon entfernt, Ihr Problem zu l\u00f6sen! <\/p>\n<p>Ausf\u00fchrliche Informationen finden Sie in unseren <a href=\"https:\/\/gpdstore.net\/de\/terms-of-service\/\" target=\"_blank\" rel=\"nofollow noopener\">Allgemeinen Gesch\u00e4ftsbedingungen<\/a>.\n<\/ul>\n<p>[\/cg_accordion]\n[cg_accordion title=\"WAS ENTHALTEN IST\"]<\/p>\n<ul>\n<li>1x GPD WIN 5 Geh\u00e4use<\/li>\n<\/ul>\n<p>[\/cg_accordion]\n","protected":false},"featured_media":1250946,"template":"","meta":{"_acf_changed":false},"product_brand":[],"product_cat":[1199],"product_tag":[],"woo-feed-brand":[],"class_list":{"0":"post-1251763","1":"product","2":"type-product","3":"status-publish","4":"has-post-thumbnail","6":"product_cat-zubehor","7":"product_shipping_class-low-end","8":"pa_accessory-type-schutzhulle","9":"pa_brand-gpd","11":"first","12":"instock","13":"taxable","14":"shipping-taxable","15":"purchasable","16":"product-type-variable","17":"has-default-attributes"},"acf":[],"aioseo_notices":[],"_links":{"self":[{"href":"https:\/\/gpdstore.net\/de\/wp-json\/wp\/v2\/product\/1251763","targetHints":{"allow":["GET"]}}],"collection":[{"href":"https:\/\/gpdstore.net\/de\/wp-json\/wp\/v2\/product"}],"about":[{"href":"https:\/\/gpdstore.net\/de\/wp-json\/wp\/v2\/types\/product"}],"wp:featuredmedia":[{"embeddable":true,"href":"https:\/\/gpdstore.net\/de\/wp-json\/wp\/v2\/media\/1250946"}],"wp:attachment":[{"href":"https:\/\/gpdstore.net\/de\/wp-json\/wp\/v2\/media?parent=1251763"}],"wp:term":[{"taxonomy":"product_brand","embeddable":true,"href":"https:\/\/gpdstore.net\/de\/wp-json\/wp\/v2\/product_brand?post=1251763"},{"taxonomy":"product_cat","embeddable":true,"href":"https:\/\/gpdstore.net\/de\/wp-json\/wp\/v2\/product_cat?post=1251763"},{"taxonomy":"product_tag","embeddable":true,"href":"https:\/\/gpdstore.net\/de\/wp-json\/wp\/v2\/product_tag?post=1251763"},{"taxonomy":"woo-feed-brand","embeddable":true,"href":"https:\/\/gpdstore.net\/de\/wp-json\/wp\/v2\/woo-feed-brand?post=1251763"}],"curies":[{"name":"wp","href":"https:\/\/api.w.org\/{rel}","templated":true}]}}