{"id":1199362,"date":"2025-10-08T14:34:02","date_gmt":"2025-10-08T14:34:02","guid":{"rendered":"https:\/\/gpdstore.net\/product\/biwin-mini-ssd\/"},"modified":"2026-03-11T09:39:11","modified_gmt":"2026-03-11T09:39:11","slug":"biwin-mini-ssd","status":"publish","type":"product","link":"https:\/\/gpdstore.net\/de\/product\/biwin-mini-ssd\/","title":{"rendered":"BIWIN Mini SSD"},"content":{"rendered":"\n<h2 class=\"wp-block-heading\"><strong>Entfesseln Sie das wahre Potenzial Ihres Ger\u00e4ts<\/strong><\/h2>\n\n<p>In der Welt der Spitzentechnologie ist Geschwindigkeit alles. Die BIWIN Mini SSD ist ein Statement f\u00fcr kompromisslose Leistung. Sie wurde mit PCIe Gen4x2 Technologie entwickelt, um eine atemberaubende theoretische Geschwindigkeit von <strong>3.700 MB\/s<\/strong> zu erreichen.<sup><\/sup> Dies ist nicht nur ein Upgrade, sondern eine Revolution in einem Paket, das kleiner als eine Briefmarke ist. <\/p>\n\n<p>F\u00fcr Benutzer von Handhelds der n\u00e4chsten Generation, wie dem <a href=\"https:\/\/gpdstore.net\/de\/product\/gpd-win-5\/\" target=\"_blank\" rel=\"noopener\" title=\"\">GPD WIN 5<\/a>, ist die BIWIN Mini SSD der Schl\u00fcssel zur Erschlie\u00dfung der maximalen Speichergeschwindigkeit Ihres Ger\u00e4ts. Obwohl diese Ger\u00e4te einen PCIe 4&#215;1-Steckplatz verwenden, liefert unsere Mini SSD immer noch eine atemberaubende Leistung <strong> von ~1.700 MB\/s<\/strong> in der realen Welt &#8211; sie \u00fcbertrifft die Geschwindigkeit jeder microSD-Karte und sorgt daf\u00fcr, dass Ihre Spiele blitzschnell geladen werden.<\/p>\n\n<p>Geschmiedet f\u00fcr die Extreme, ist das Geh\u00e4use <strong>nach IP68 wasserdicht<\/strong> und <strong>3 Meter sturzsicher<\/strong>, was bedeutet, dass diese Leistung mit einer legend\u00e4ren Haltbarkeit einhergeht.<sup><\/sup> Mit einer Kapazit\u00e4t von bis zu <strong>2 TB<\/strong> ist die BIWIN Mini SSD die ultimative, kompromisslose Speicherl\u00f6sung f\u00fcr alle, die nur das Beste wollen.<\/p>\n","protected":false},"excerpt":{"rendered":"<ul>\n<li>Schnittstelle: <strong>PCIe Gen4x2<\/strong> mit **NVMe 1.4** Protokoll<\/li>\n<li>Formfaktor: <strong>Ultrakompaktes LGA-Geh\u00e4use<\/strong> (15,0 mm \u00d7 17,0 mm \u00d7 1,4 mm)<\/li>\n<li>Leistung: Bis zu **3.700 MB\/s Lesen** \/ Bis zu **3.400 MB\/s Schreiben**<\/li>\n<li>Kapazit\u00e4t: 512GB, 1TB oder 2TB 3D TLC NAND<\/li>\n<li>Widerstandsf\u00e4higkeit: <strong>IP68<\/strong> Staub- und Wasserdichtigkeit \/ **3-Meter-Fall** \u00dcberlebensf\u00e4higkeit<\/li>\n<li>Technologie: Dynamisches **SLC Caching** und **Wear Leveling**<\/li>\n<\/ul>\n[cg_accordion title=\"INFO ZUR BEZAHLUNG\"]<\/p>\n<p>Wir verwenden die neueste Technologie in der Zahlungsabwicklung, die es Ihnen erm\u00f6glicht, mit Ihrer Debit-\/Kreditkarte oder mit PayPal schnell und sicher zu bezahlen.[\/cg_accordion]\n[cg_accordion title=\"GARANTIE\"]<\/p>\n<p>2 Jahre Garantie von <a href=\"https:\/\/droix.net\/\" target=\"_blank\" rel=\"nofollow noopener\">DROIX Global<\/a> f\u00fcr Ihren Seelenfrieden[\/cg_accordion]\n[cg_accordion title=\"QUALIT\u00c4TSSICHERUNG &amp; TESTS VOR DER AUSLIEFERUNG\"]<\/p>\n<p>Sicherstellung der Kundenzufriedenheit auf h\u00f6chstem Niveau: Jedes Ger\u00e4t wird vor der Auslieferung strengen Tests und einer mehrstufigen Qualit\u00e4tskontrolle unterzogen. Unser engagiertes Team pr\u00fcft die Leistung, Funktionalit\u00e4t und Integrit\u00e4t der Komponenten, um zu gew\u00e4hrleisten, dass Ihr GPD-Ger\u00e4t bei der Ankunft in einwandfreiem Zustand ist und Sie sich darauf verlassen k\u00f6nnen. [\/cg_accordion]\n[cg_accordion title=\"PREISE, STEUERN UND VERSAND\"]<\/p>\n<p><strong><u>Anmerkung:<\/u><\/strong><\/p>\n<ul>\n<li>Kunden aus den Vereinigten Staaten: Der angezeigte Preis enth\u00e4lt KEINE STEUERN oder Z\u00f6lle. Die Verantwortung f\u00fcr die Zollabfertigung und die Zahlung aller damit verbundenen Steuern und Abgaben liegt beim Kunden. <\/li>\n<li>EU-Kunden: Der angezeigte Preis enth\u00e4lt die gesetzliche Mehrwertsteuer, die je nach Land bis zu 25% betragen kann.<\/li>\n<li>Kunden aus Kanada: Der angezeigte Preis enth\u00e4lt die anfallenden Steuern, die je nach Provinz 5% GST und zus\u00e4tzliche Provincial Sales Taxes (PST), Harmonized Sales Tax (HST) oder Quebec Sales Tax (QST) umfassen k\u00f6nnen.<\/li>\n<\/ul>\n<p>F\u00fcr unsere Kunden in den USA: Die Bestellungen werden DAP (Delivered At Place) versandt. Obwohl die Kunden f\u00fcr die Zahlung aller anfallenden Geb\u00fchren verantwortlich sind, nutzen wir unsere umfangreiche Erfahrung mit dem Versand aus Gro\u00dfbritannien, um sicherzustellen, dass Sie die geringstm\u00f6glichen Geb\u00fchren zahlen. Nach unseren Aufzeichnungen betragen diese Geb\u00fchren in der Regel nicht mehr als 10% des Artikelwerts.  <\/p>\n<p><strong>NUR f\u00fcr EU-Kunden:<\/strong> Express DDP (Delivered Duty Paid). Dies bedeutet: <\/p>\n<ul>\n<li>Alle Zollgeb\u00fchren und Steuern sind in dem auf der Produktseite angegebenen Preis enthalten.<\/li>\n<li>Bei der Zustellung m\u00fcssen Sie keine zus\u00e4tzlichen Geb\u00fchren zahlen.<\/li>\n<li>Im seltenen Fall von Zollproblemen \u00fcbernimmt unser Team die Zollabfertigung in Ihrem Namen, um eine reibungslose Lieferung zu gew\u00e4hrleisten.<\/li>\n<p>Wichtige Informationen \u00fcber R\u00fccksendungen:<\/p>\n<li>Wenn Sie sich entscheiden, Ihre Bestellung zur\u00fcckzusenden oder eine R\u00fcckerstattung zu beantragen, beachten Sie bitte, dass Steuern und Abgaben, die in Ihrem Namen gem\u00e4\u00df den DDP-Bedingungen gezahlt wurden, nicht erstattet werden k\u00f6nnen.<\/li>\n<p>Ausf\u00fchrliche Informationen finden Sie in unseren <a href=\"https:\/\/droix.net\/terms-and-conditions\/\" target=\"_blank\" rel=\"nofollow noopener\">Allgemeinen Gesch\u00e4ftsbedingungen<\/a>.\n<\/ul>\n<p>[\/cg_accordion]\n[cg_accordion title=\"KUNDENBETREUUNG\"]<\/p>\n<p>Haben Sie eine Frage? Wir sind nur einen kurzen Text davon entfernt, Ihr Problem zu l\u00f6sen! <\/p>\n<p>Ausf\u00fchrliche Informationen finden Sie in unseren <a href=\"https:\/\/gpdstore.net\/de\/terms-of-service\/\" target=\"_blank\" rel=\"nofollow noopener\">Allgemeinen Gesch\u00e4ftsbedingungen<\/a>.\n<\/ul>\n<p>[\/cg_accordion]\n[cg_accordion title=\"WAS ENTHALTEN IST\"]<\/p>\n<ul>\n<li>1x BIWIN Mini SSD<\/li>\n<\/ul>\n<p>[\/cg_accordion]\n","protected":false},"featured_media":1196743,"template":"","meta":{"_acf_changed":false},"product_brand":[],"product_cat":[1199],"product_tag":[],"woo-feed-brand":[],"class_list":{"0":"post-1199362","1":"product","2":"type-product","3":"status-publish","4":"has-post-thumbnail","6":"product_cat-zubehor","7":"product_shipping_class-premium","8":"pa_brand-biwin","9":"pa_storage-capacity-512gb","10":"pa_storage-capacity-512gb-fr","11":"pa_storage-capacity-512gb-de","12":"pa_storage-capacity-1tb-de","13":"pa_storage-capacity-1tb","14":"pa_storage-capacity-1tb-fr","15":"pa_storage-capacity-2tb-de","16":"pa_storage-capacity-2tb","17":"pa_storage-capacity-2tb-fr","19":"first","20":"instock","21":"taxable","22":"shipping-taxable","23":"purchasable","24":"product-type-variable","25":"has-default-attributes"},"acf":[],"aioseo_notices":[],"_links":{"self":[{"href":"https:\/\/gpdstore.net\/de\/wp-json\/wp\/v2\/product\/1199362","targetHints":{"allow":["GET"]}}],"collection":[{"href":"https:\/\/gpdstore.net\/de\/wp-json\/wp\/v2\/product"}],"about":[{"href":"https:\/\/gpdstore.net\/de\/wp-json\/wp\/v2\/types\/product"}],"wp:featuredmedia":[{"embeddable":true,"href":"https:\/\/gpdstore.net\/de\/wp-json\/wp\/v2\/media\/1196743"}],"wp:attachment":[{"href":"https:\/\/gpdstore.net\/de\/wp-json\/wp\/v2\/media?parent=1199362"}],"wp:term":[{"taxonomy":"product_brand","embeddable":true,"href":"https:\/\/gpdstore.net\/de\/wp-json\/wp\/v2\/product_brand?post=1199362"},{"taxonomy":"product_cat","embeddable":true,"href":"https:\/\/gpdstore.net\/de\/wp-json\/wp\/v2\/product_cat?post=1199362"},{"taxonomy":"product_tag","embeddable":true,"href":"https:\/\/gpdstore.net\/de\/wp-json\/wp\/v2\/product_tag?post=1199362"},{"taxonomy":"woo-feed-brand","embeddable":true,"href":"https:\/\/gpdstore.net\/de\/wp-json\/wp\/v2\/woo-feed-brand?post=1199362"}],"curies":[{"name":"wp","href":"https:\/\/api.w.org\/{rel}","templated":true}]}}