{"id":1069292,"date":"2025-01-27T10:09:41","date_gmt":"2025-01-27T10:09:41","guid":{"rendered":"https:\/\/gpdstore.net\/?post_type=product&#038;p=1069292"},"modified":"2026-03-29T00:51:21","modified_gmt":"2026-03-29T00:51:21","slug":"gpd-win-mini-grips-2025","status":"publish","type":"product","link":"https:\/\/gpdstore.net\/de\/product\/gpd-win-mini-grips-2025\/","title":{"rendered":"GPD WIN Mini-Griffe 2025"},"content":{"rendered":"\n<h2 class=\"wp-block-heading\">Produkt\u00fcbersicht:<\/h2>\n\n<p>Die <strong>GPD Win Mini Griffe 2025<\/strong> wurden entwickelt, um den Komfort und die Kontrolle beim Spielen zu verbessern. Diese ergonomischen Griffe lassen sich nahtlos an Ihrem GPD Win Mini anbringen und bieten einen sicheren und bequemen Halt, reduzieren Erm\u00fcdungserscheinungen und gew\u00e4hrleisten eine pr\u00e4zise Kontrolle w\u00e4hrend l\u00e4ngerer Spielphasen. <\/p>\n\n<ol class=\"wp-block-list\">\n<li><strong>Ergonomisches Design<\/strong> f\u00fcr maximalen Komfort w\u00e4hrend des Spielens.<\/li>\n\n\n\n<li><strong>Perfekt geeignet<\/strong> f\u00fcr die GPD Win Mini Konsole.<\/li>\n\n\n\n<li>Strapazierf\u00e4higes Material f\u00fcr eine <strong>lange Nutzungsdauer<\/strong>.<\/li>\n\n\n\n<li>Einfaches Anbringen und Abnehmen f\u00fcr eine <strong>schnelle Einrichtung<\/strong>.<\/li>\n\n\n\n<li>Verbesserter Griff f\u00fcr <strong>bessere Kontrolle und Pr\u00e4zision<\/strong>.<\/li>\n<\/ol>\n\n<hr class=\"wp-block-separator has-alpha-channel-opacity\"\/>\n\n<h2 class=\"wp-block-heading\">Warum sollten Sie sich f\u00fcr die GPD Win Mini Grips 2025 entscheiden?<\/h2>\n\n<p>Egal, ob Sie in intensiven Multiplayer-Matches k\u00e4mpfen oder lange Einzelspieler-Kampagnen genie\u00dfen, die GPD Win Mini Grips 2025 bieten ein intensiveres und komfortableres Spielerlebnis. Ihr ergonomisches Design und ihr sicherer Sitz sorgen daf\u00fcr, dass Sie stundenlang spielen k\u00f6nnen, ohne dass Sie sich unwohl f\u00fchlen oder verrutschen.<\/p>\n\n<hr class=\"wp-block-separator has-alpha-channel-opacity\"\/>\n\n<h2 class=\"wp-block-heading\">Spezifikationen:<\/h2>\n\n<ul class=\"wp-block-list\">\n<li><strong>Material:<\/strong> Strapazierf\u00e4higer Kunststoff mit ergonomischer, strukturierter Oberfl\u00e4che<\/li>\n\n\n\n<li><strong>Kompatibilit\u00e4t:<\/strong> GPD Win Mini 2025 Konsole<\/li>\n\n\n\n<li><strong>Merkmale:<\/strong> Leicht, langlebig und einfach zu befestigen<\/li>\n<\/ul>\n\n<p>R\u00fcsten Sie Ihren GPD Win Mini mit diesen Griffen f\u00fcr ein komfortables und pr\u00e4zises Spielerlebnis auf &#8211; denn jeder Zug z\u00e4hlt!<\/p>\n\n<p><\/p>\n","protected":false},"excerpt":{"rendered":"<ul>\n<li><strong>Ergonomisches Design<\/strong> f\u00fcr maximalen Komfort w\u00e4hrend des Spielens.<\/li>\n<li><strong>Perfekt geeignet<\/strong> f\u00fcr die GPD Win Mini Konsole.<\/li>\n<li>Strapazierf\u00e4higes Material f\u00fcr eine <strong>lange Nutzungsdauer<\/strong>.<\/li>\n<li>Einfaches Anbringen und Abnehmen f\u00fcr eine <strong>schnelle Einrichtung<\/strong>.<\/li>\n<li>Verbesserter Griff f\u00fcr <strong>bessere Kontrolle und Pr\u00e4zision<\/strong>.<\/li>\n<\/ul>\n[cg_accordion title=\"INFO ZUR BEZAHLUNG\"]<\/p>\n<p>Wir verwenden die neueste Technologie in der Zahlungsabwicklung, die es Ihnen erm\u00f6glicht, mit Ihrer Debit-\/Kreditkarte oder mit PayPal schnell und sicher zu bezahlen.[\/cg_accordion]\n[cg_accordion title=\"GARANTIE\"]<\/p>\n<p>2 Jahre Garantie von <a href=\"https:\/\/droix.net\/\" target=\"_blank\" rel=\"nofollow noopener\">DROIX Global<\/a> f\u00fcr Ihren Seelenfrieden[\/cg_accordion]\n[cg_accordion title=\"QUALIT\u00c4TSSICHERUNG &amp; TESTS VOR DER AUSLIEFERUNG\"]<\/p>\n<p>Sicherstellung der Kundenzufriedenheit auf h\u00f6chstem Niveau: Jedes Ger\u00e4t wird vor der Auslieferung strengen Tests und einer mehrstufigen Qualit\u00e4tskontrolle unterzogen. Unser engagiertes Team pr\u00fcft die Leistung, Funktionalit\u00e4t und Integrit\u00e4t der Komponenten, um zu gew\u00e4hrleisten, dass Ihr GPD-Ger\u00e4t bei der Ankunft in einwandfreiem Zustand ist und Sie sich darauf verlassen k\u00f6nnen. [\/cg_accordion]\n[cg_accordion title=\"PREISE, STEUERN UND VERSAND\"]<\/p>\n<p><strong><u>Anmerkung:<\/u><\/strong><\/p>\n<ul>\n<li>Kunden aus den Vereinigten Staaten: Der angezeigte Preis enth\u00e4lt KEINE STEUERN oder Z\u00f6lle. Die Verantwortung f\u00fcr die Zollabfertigung und die Zahlung aller damit verbundenen Steuern und Abgaben liegt beim Kunden. <\/li>\n<li>EU-Kunden: Der angezeigte Preis enth\u00e4lt die gesetzliche Mehrwertsteuer, die je nach Land bis zu 25% betragen kann.<\/li>\n<li>Kunden aus Kanada: Der angezeigte Preis enth\u00e4lt die anfallenden Steuern, die je nach Provinz 5% GST und zus\u00e4tzliche Provincial Sales Taxes (PST), Harmonized Sales Tax (HST) oder Quebec Sales Tax (QST) umfassen k\u00f6nnen.<\/li>\n<\/ul>\n<p>F\u00fcr unsere Kunden in den USA: Die Bestellungen werden DAP (Delivered At Place) versandt. Obwohl die Kunden f\u00fcr die Zahlung aller anfallenden Geb\u00fchren verantwortlich sind, nutzen wir unsere umfangreiche Erfahrung mit dem Versand aus Gro\u00dfbritannien, um sicherzustellen, dass Sie die geringstm\u00f6glichen Geb\u00fchren zahlen. Nach unseren Aufzeichnungen betragen diese Geb\u00fchren in der Regel nicht mehr als 10% des Artikelwerts.  <\/p>\n<p><strong>NUR f\u00fcr EU-Kunden:<\/strong> Express DDP (Delivered Duty Paid). Dies bedeutet: <\/p>\n<ul>\n<li>Alle Zollgeb\u00fchren und Steuern sind in dem auf der Produktseite angegebenen Preis enthalten.<\/li>\n<li>Bei der Zustellung m\u00fcssen Sie keine zus\u00e4tzlichen Geb\u00fchren zahlen.<\/li>\n<li>Im seltenen Fall von Zollproblemen \u00fcbernimmt unser Team die Zollabfertigung in Ihrem Namen, um eine reibungslose Lieferung zu gew\u00e4hrleisten.<\/li>\n<p>Wichtige Informationen \u00fcber R\u00fccksendungen:<\/p>\n<li>Wenn Sie sich entscheiden, Ihre Bestellung zur\u00fcckzusenden oder eine R\u00fcckerstattung zu beantragen, beachten Sie bitte, dass Steuern und Abgaben, die in Ihrem Namen gem\u00e4\u00df den DDP-Bedingungen gezahlt wurden, nicht erstattet werden k\u00f6nnen.<\/li>\n<p>Ausf\u00fchrliche Informationen finden Sie in unseren <a href=\"https:\/\/droix.net\/terms-and-conditions\/\" target=\"_blank\" rel=\"nofollow noopener\">Allgemeinen Gesch\u00e4ftsbedingungen<\/a>.\n<\/ul>\n<p>[\/cg_accordion]\n[cg_accordion title=\"KUNDENBETREUUNG\"]<\/p>\n<p>Haben Sie eine Frage? Wir sind nur einen kurzen Text davon entfernt, Ihr Problem zu l\u00f6sen! <\/p>\n<p>Ausf\u00fchrliche Informationen finden Sie in unseren <a href=\"https:\/\/gpdstore.net\/de\/terms-of-service\/\" target=\"_blank\" rel=\"nofollow noopener\">Allgemeinen Gesch\u00e4ftsbedingungen<\/a>.\n<\/ul>\n<p>[\/cg_accordion]\n[cg_accordion title=\"WAS ENTHALTEN IST\"]<\/p>\n<ul>\n<li>1x GPD WIN Mini Griffe 2025<\/li>\n<\/ul>\n<p>[\/cg_accordion]\n","protected":false},"featured_media":11050,"template":"","meta":{"_acf_changed":false},"product_brand":[],"product_cat":[1199],"product_tag":[],"woo-feed-brand":[858],"class_list":{"0":"post-1069292","1":"product","2":"type-product","3":"status-publish","4":"has-post-thumbnail","6":"product_cat-zubehor","7":"product_shipping_class-low-end","8":"pa_accessory-type-grip-de","9":"pa_brand-gpd","10":"woo-feed-brand-gpd-de","12":"first","13":"instock","14":"sale","15":"taxable","16":"shipping-taxable","17":"purchasable","18":"product-type-simple"},"acf":[],"aioseo_notices":[],"_links":{"self":[{"href":"https:\/\/gpdstore.net\/de\/wp-json\/wp\/v2\/product\/1069292","targetHints":{"allow":["GET"]}}],"collection":[{"href":"https:\/\/gpdstore.net\/de\/wp-json\/wp\/v2\/product"}],"about":[{"href":"https:\/\/gpdstore.net\/de\/wp-json\/wp\/v2\/types\/product"}],"wp:featuredmedia":[{"embeddable":true,"href":"https:\/\/gpdstore.net\/de\/wp-json\/wp\/v2\/media\/11050"}],"wp:attachment":[{"href":"https:\/\/gpdstore.net\/de\/wp-json\/wp\/v2\/media?parent=1069292"}],"wp:term":[{"taxonomy":"product_brand","embeddable":true,"href":"https:\/\/gpdstore.net\/de\/wp-json\/wp\/v2\/product_brand?post=1069292"},{"taxonomy":"product_cat","embeddable":true,"href":"https:\/\/gpdstore.net\/de\/wp-json\/wp\/v2\/product_cat?post=1069292"},{"taxonomy":"product_tag","embeddable":true,"href":"https:\/\/gpdstore.net\/de\/wp-json\/wp\/v2\/product_tag?post=1069292"},{"taxonomy":"woo-feed-brand","embeddable":true,"href":"https:\/\/gpdstore.net\/de\/wp-json\/wp\/v2\/woo-feed-brand?post=1069292"}],"curies":[{"name":"wp","href":"https:\/\/api.w.org\/{rel}","templated":true}]}}