{"id":1062058,"date":"2025-01-09T09:45:24","date_gmt":"2025-01-09T09:45:24","guid":{"rendered":"https:\/\/gpdstore.net\/?post_type=product&#038;p=1062058"},"modified":"2026-03-29T00:39:39","modified_gmt":"2026-03-29T00:39:39","slug":"gpd-win-max-2-2025-4g-lte-add-on","status":"publish","type":"product","link":"https:\/\/gpdstore.net\/de\/product\/gpd-win-max-2-2025-4g-lte-add-on\/","title":{"rendered":"GPD WIN MAX 2025 4G LTE Add-on"},"content":{"rendered":"\n<h2 class=\"wp-block-heading\">Erleben Sie echte Portabilit\u00e4t mit dem 4G LTE Modul Add-On f\u00fcr das GPD WIN Max 2 (2025)<\/h2>\n\n<p>Verwandeln Sie Ihr <a href=\"https:\/\/gpdstore.net\/gpd-win-max-2-2025-review\/gpd-win-max-2-2025\/\" target=\"_blank\" rel=\"noreferrer noopener\">GPD WIN MAX 2 (2025<\/a>) mit dem optionalen 4G LTE-Modul in das ultimative mobile Gaming- und Produktivit\u00e4ts-Kraftpaket. Das Modul wurde exklusiv f\u00fcr dieses Ger\u00e4t entwickelt und gew\u00e4hrleistet nahtlose Konnektivit\u00e4t, sodass Sie jederzeit und \u00fcberall online bleiben k\u00f6nnen. <\/p>\n\n<p>Dieses Modul wurde mit Blick auf Pr\u00e4zision und Benutzerfreundlichkeit entwickelt und unterst\u00fctzt eine breite Palette von Netzen, einschlie\u00dflich <strong>4G TD-LTE, FDD-LTE und 3G CDMA<\/strong>, und bietet so eine un\u00fcbertroffene Vielseitigkeit f\u00fcr globale Kompatibilit\u00e4t. Eine Demontage oder komplexe Installation ist nicht erforderlich &#8211; der 4G-Modulsteckplatz auf der R\u00fcckseite erm\u00f6glicht eine schnelle und unkomplizierte Einrichtung. <\/p>\n\n<p>Egal, ob Sie spielen, arbeiten oder streamen &#8211; das 4G LTE-Modul liefert eine stabile Hochgeschwindigkeitsleistung, die es mit Mainstream-Laptops aufnehmen kann. Mit diesem unverzichtbaren Zubeh\u00f6r k\u00f6nnen Sie ununterbrochen spielen und produktiv sein, selbst in komplexen Szenarien oder unterwegs.<\/p>\n\n<h4 class=\"wp-block-heading\">Merkmale:<\/h4>\n\n<ul class=\"wp-block-list\">\n<li><strong>Speziell angefertigtes Design<\/strong>: Exklusiv f\u00fcr den GPD WIN Max 2 (2025) entwickelt, um eine perfekte Passform und nahtlose Funktionalit\u00e4t zu gew\u00e4hrleisten.<\/li>\n\n\n\n<li><strong>Zuverl\u00e4ssige Konnektivit\u00e4t<\/strong>: Erm\u00f6glicht 4G LTE-Hochgeschwindigkeitszugang und ist damit ideal f\u00fcr Spiele, Streaming und Arbeit.<\/li>\n\n\n\n<li><strong>Globale Netzwerkunterst\u00fctzung<\/strong>: Kompatibel mit 4G TD-LTE, FDD-LTE und 3G CDMA f\u00fcr den weltweiten Einsatz.<\/li>\n\n\n\n<li><strong>M\u00fchelose Installation<\/strong>: Schnelle und sichere Einrichtung \u00fcber den r\u00fcckw\u00e4rtigen 4G-Modulsteckplatz.<\/li>\n<\/ul>\n\n<h4 class=\"wp-block-heading\">Bekanntmachungen:<\/h4>\n\n<ol class=\"wp-block-list\">\n<li>Dieses Zubeh\u00f6r ist <strong>nicht kompatibel<\/strong> mit fr\u00fcheren Modellen der GPD WIN Max-Serie, einschlie\u00dflich der <strong>Versionen 2024, 2023 und 2021<\/strong>. Es ist ausschlie\u00dflich f\u00fcr das <strong>GPD WIN Max 2 (2025)<\/strong> bestimmt. <\/li>\n\n\n\n<li>Bitte \u00fcberpr\u00fcfen Sie vor dem Kauf das Modelljahr Ihres Ger\u00e4ts, um die Kompatibilit\u00e4t sicherzustellen.<\/li>\n<\/ol>\n","protected":false},"excerpt":{"rendered":"<ul>\n<li>Speziell f\u00fcr den GPD WIN Max 2 (2025) entwickelt<\/li>\n<li>Unterst\u00fctzt &#8211; 4G TD-LTE, FDD-LTE, 3G CDMA.<\/li>\n<li>Unterst\u00fctzung f\u00fcr 4G TD-LTE, FDD-LTE und 3G CDMA<\/li>\n<li>Nano-SIM-Steckplatz f\u00fcr einfache Nutzung<\/li>\n<li>Quectel EG25-G Modell<\/li>\n<\/ul>\n<pre><b>WICHTIG<\/b>\nINSTALLATION ERFORDERT DAS \u00d6FFNEN DES GER\u00c4TS\nDIE KOMPONENTEN SIND KLEIN UND EMPFINDLICH\nWIR SIND NICHT VERANTWORTLICH F\u00dcR EVENTUELLE KUNDENSCH\u00c4DEN<\/pre>\n[cg_accordion title=\"INFO ZUR BEZAHLUNG\"]<\/p>\n<p>Wir verwenden die neueste Technologie in der Zahlungsabwicklung, die es Ihnen erm\u00f6glicht, mit Ihrer Debit-\/Kreditkarte oder mit PayPal schnell und sicher zu bezahlen.[\/cg_accordion]\n[cg_accordion title=\"GARANTIE\"]<\/p>\n<p>2 Jahre Garantie von <a href=\"https:\/\/droix.net\/\" target=\"_blank\" rel=\"nofollow noopener\">DROIX Global<\/a> f\u00fcr Ihren Seelenfrieden[\/cg_accordion]\n[cg_accordion title=\"QUALIT\u00c4TSSICHERUNG &amp; TESTS VOR DER AUSLIEFERUNG\"]<\/p>\n<p>Sicherstellung der Kundenzufriedenheit auf h\u00f6chstem Niveau: Jedes Ger\u00e4t wird vor der Auslieferung strengen Tests und einer mehrstufigen Qualit\u00e4tskontrolle unterzogen. Unser engagiertes Team pr\u00fcft die Leistung, Funktionalit\u00e4t und Integrit\u00e4t der Komponenten, um zu gew\u00e4hrleisten, dass Ihr GPD-Ger\u00e4t bei der Ankunft in einwandfreiem Zustand ist und Sie sich darauf verlassen k\u00f6nnen. [\/cg_accordion]\n[cg_accordion title=\"PREISE, STEUERN UND VERSAND\"]<\/p>\n<p><strong><u>Anmerkung:<\/u><\/strong><\/p>\n<ul>\n<li>Kunden aus den Vereinigten Staaten: Der angezeigte Preis enth\u00e4lt KEINE STEUERN oder Z\u00f6lle. Die Verantwortung f\u00fcr die Zollabfertigung und die Zahlung aller damit verbundenen Steuern und Abgaben liegt beim Kunden. <\/li>\n<li>EU-Kunden: Der angezeigte Preis enth\u00e4lt die gesetzliche Mehrwertsteuer, die je nach Land bis zu 25% betragen kann.<\/li>\n<li>Kunden aus Kanada: Der angezeigte Preis enth\u00e4lt die anfallenden Steuern, die je nach Provinz 5% GST und zus\u00e4tzliche Provincial Sales Taxes (PST), Harmonized Sales Tax (HST) oder Quebec Sales Tax (QST) umfassen k\u00f6nnen.<\/li>\n<\/ul>\n<p>F\u00fcr unsere Kunden in den USA: Die Bestellungen werden DAP (Delivered At Place) versandt. Obwohl die Kunden f\u00fcr die Zahlung aller anfallenden Geb\u00fchren verantwortlich sind, nutzen wir unsere umfangreiche Erfahrung mit dem Versand aus Gro\u00dfbritannien, um sicherzustellen, dass Sie die geringstm\u00f6glichen Geb\u00fchren zahlen. Nach unseren Aufzeichnungen betragen diese Geb\u00fchren in der Regel nicht mehr als 10% des Artikelwerts.  <\/p>\n<p><strong>NUR f\u00fcr EU-Kunden:<\/strong> Express DDP (Delivered Duty Paid). Dies bedeutet: <\/p>\n<ul>\n<li>Alle Zollgeb\u00fchren und Steuern sind in dem auf der Produktseite angegebenen Preis enthalten.<\/li>\n<li>Bei der Zustellung m\u00fcssen Sie keine zus\u00e4tzlichen Geb\u00fchren zahlen.<\/li>\n<li>Im seltenen Fall von Zollproblemen \u00fcbernimmt unser Team die Zollabfertigung in Ihrem Namen, um eine reibungslose Lieferung zu gew\u00e4hrleisten.<\/li>\n<p>Wichtige Informationen \u00fcber R\u00fccksendungen:<\/p>\n<li>Wenn Sie sich entscheiden, Ihre Bestellung zur\u00fcckzusenden oder eine R\u00fcckerstattung zu beantragen, beachten Sie bitte, dass Steuern und Abgaben, die in Ihrem Namen gem\u00e4\u00df den DDP-Bedingungen gezahlt wurden, nicht erstattet werden k\u00f6nnen.<\/li>\n<p>Ausf\u00fchrliche Informationen finden Sie in unseren <a href=\"https:\/\/droix.net\/terms-and-conditions\/\" target=\"_blank\" rel=\"nofollow noopener\">Allgemeinen Gesch\u00e4ftsbedingungen<\/a>.\n<\/ul>\n<p>[\/cg_accordion]\n[cg_accordion title=\"KUNDENBETREUUNG\"]<\/p>\n<p>Haben Sie eine Frage? Wir sind nur einen kurzen Text davon entfernt, Ihr Problem zu l\u00f6sen! <\/p>\n<p>Ausf\u00fchrliche Informationen finden Sie in unseren <a href=\"https:\/\/gpdstore.net\/de\/terms-of-service\/\" target=\"_blank\" rel=\"nofollow noopener\">Allgemeinen Gesch\u00e4ftsbedingungen<\/a>.\n<\/ul>\n<p>[\/cg_accordion]\n[cg_accordion title=\"WAS ENTHALTEN IST\"]<\/p>\n<ul>\n<li>1x GPD WIN MAX 2 2025 LTE-Modul<\/li>\n<\/ul>\n<p>[\/cg_accordion]\n","protected":false},"featured_media":11606,"template":"","meta":{"_acf_changed":false},"product_brand":[],"product_cat":[1199],"product_tag":[15844,1201],"woo-feed-brand":[],"class_list":{"0":"post-1062058","1":"product","2":"type-product","3":"status-publish","4":"has-post-thumbnail","6":"product_cat-zubehor","7":"product_tag-20xmsale-de-2","8":"product_tag-gpd-wm2-zubehor","9":"product_shipping_class-low-end","11":"pa_accessory-type-add-ons-de","12":"pa_brand-gpd","14":"first","15":"instock","16":"sale","17":"taxable","18":"shipping-taxable","19":"purchasable","20":"product-type-simple"},"acf":[],"aioseo_notices":[],"_links":{"self":[{"href":"https:\/\/gpdstore.net\/de\/wp-json\/wp\/v2\/product\/1062058","targetHints":{"allow":["GET"]}}],"collection":[{"href":"https:\/\/gpdstore.net\/de\/wp-json\/wp\/v2\/product"}],"about":[{"href":"https:\/\/gpdstore.net\/de\/wp-json\/wp\/v2\/types\/product"}],"wp:featuredmedia":[{"embeddable":true,"href":"https:\/\/gpdstore.net\/de\/wp-json\/wp\/v2\/media\/11606"}],"wp:attachment":[{"href":"https:\/\/gpdstore.net\/de\/wp-json\/wp\/v2\/media?parent=1062058"}],"wp:term":[{"taxonomy":"product_brand","embeddable":true,"href":"https:\/\/gpdstore.net\/de\/wp-json\/wp\/v2\/product_brand?post=1062058"},{"taxonomy":"product_cat","embeddable":true,"href":"https:\/\/gpdstore.net\/de\/wp-json\/wp\/v2\/product_cat?post=1062058"},{"taxonomy":"product_tag","embeddable":true,"href":"https:\/\/gpdstore.net\/de\/wp-json\/wp\/v2\/product_tag?post=1062058"},{"taxonomy":"woo-feed-brand","embeddable":true,"href":"https:\/\/gpdstore.net\/de\/wp-json\/wp\/v2\/woo-feed-brand?post=1062058"}],"curies":[{"name":"wp","href":"https:\/\/api.w.org\/{rel}","templated":true}]}}