{"id":1059827,"date":"2025-01-03T15:47:35","date_gmt":"2025-01-03T15:47:35","guid":{"rendered":"https:\/\/gpdstore.net\/?post_type=product&#038;p=1059827"},"modified":"2026-01-23T10:36:35","modified_gmt":"2026-01-23T10:36:35","slug":"universal-stylus-pen-for-gpd","status":"publish","type":"product","link":"https:\/\/gpdstore.net\/de\/product\/universal-stylus-pen-for-gpd\/","title":{"rendered":"Universeller kapazitiver Eingabestift f\u00fcr GPD"},"content":{"rendered":"\n<h2 class=\"wp-block-heading\"><strong>Entfesseln Sie Ihre Kreativit\u00e4t mit dem universellen kapazitiven Stylus-Stift f\u00fcr GPD<\/strong><\/h2>\n\n<p>Dieser fortschrittliche kapazitive Stylus-Stift wurde f\u00fcr Pr\u00e4zision, Leistung und nahtlose Kompatibilit\u00e4t mit Ihren Lieblingsger\u00e4ten entwickelt und ist das perfekte Werkzeug zum Skizzieren, Schreiben oder Navigieren &#8211; ideal f\u00fcr den gelegentlichen und professionellen Gebrauch.<\/p>\n\n<hr class=\"wp-block-separator has-alpha-channel-opacity\"\/>\n\n<h3 class=\"wp-block-heading\"><strong>Wesentliche Merkmale:<\/strong> <\/h3>\n\n<p><strong>1. Kein Pairing erforderlich<\/strong><br\/>Legen Sie sofort los! Mit einem kapazitiven Induktionsschalter schalten Sie das Ger\u00e4t einfach durch doppeltes Antippen ein &#8211; ein komplexer Kopplungsprozess ist nicht erforderlich. <\/p>\n\n<p><strong>2. Ultrapr\u00e4zise und verz\u00f6gerungsfrei<\/strong> <br\/>Erleben Sie sanfte, pr\u00e4zise Schl\u00e4ge dank der ma\u00dfgeschneiderten Satellitensignalantenne, die eine schnelle Reaktion und minimale Verz\u00f6gerung erm\u00f6glicht.<\/p>\n\n<p><strong>3. Universelle Kompatibilit\u00e4t<\/strong><br\/>Funktioniert nahtlos mit allen kapazitiven Touchscreen-Ger\u00e4ten, einschlie\u00dflich GPD-Handhelds, Tablets, Smartphones und mehr und unterst\u00fctzt iOS-, Android- und Windows-Betriebssysteme.<\/p>\n\n<p><strong>4. Langlebiger Akku<\/strong><br\/>Genie\u00dfen Sie ununterbrochene Kreativit\u00e4t mit einer Akkuanzeige und effizientem Typ-C-Laden f\u00fcr eine l\u00e4ngere Nutzungsdauer.<\/p>\n\n<p><strong>5. Schlankes, leichtes Design<\/strong><br\/>Die schlanke, ergonomische Form sorgt f\u00fcr eine komfortable Nutzung, egal ob Sie komplizierte Entw\u00fcrfe zeichnen oder schnelle Notizen machen.<\/p>\n\n<hr class=\"wp-block-separator has-alpha-channel-opacity\"\/>\n\n<h3 class=\"wp-block-heading\"><strong>Perfekt f\u00fcr GPD-Ger\u00e4te<\/strong><\/h3>\n\n<p>Dieser kapazitive Stift, der speziell f\u00fcr GPD-Benutzer entwickelt wurde, erg\u00e4nzt Ihre tragbaren Gaming-PCs und Tablets und ist damit ein unverzichtbares Zubeh\u00f6r f\u00fcr Produktivit\u00e4t und Unterhaltung.<\/p>\n\n<hr class=\"wp-block-separator has-alpha-channel-opacity\"\/>\n\n<h3 class=\"wp-block-heading\"><strong>Warum der universelle kapazitive Eingabestift f\u00fcr GPD?<\/strong><\/h3>\n\n<ul class=\"wp-block-list\">\n<li>Problemlose Einrichtung ohne Pairing erforderlich<\/li>\n\n\n\n<li>Hohe Empfindlichkeit f\u00fcr detaillierte Arbeit und reibungslosen Betrieb<\/li>\n\n\n\n<li>Universelle Kompatibilit\u00e4t mit kapazitiven Touchscreen-Ger\u00e4ten und -Plattformen<\/li>\n\n\n\n<li>Langlebig, leicht und tragbar f\u00fcr den Einsatz unterwegs<\/li>\n<\/ul>\n\n<p>Egal, ob Sie ein kreativer Profi, ein Student oder ein Technikbegeisterter sind, der Universal Capacitive Stylus Pen f\u00fcr GPD ist Ihr ultimativer Begleiter f\u00fcr eine pr\u00e4zise und m\u00fchelose Interaktion mit Ihren Ger\u00e4ten.<\/p>\n\n<p><strong>Bestellen Sie noch heute und verbessern Sie Ihr digitales Erlebnis!<\/strong><\/p>\n\n<hr class=\"wp-block-separator has-alpha-channel-opacity\"\/>\n","protected":false},"excerpt":{"rendered":"<ul>\n<li>Kompatibel mit <strong>GPD-Ger\u00e4ten<\/strong>, Tablets und Smartphones<\/li>\n<li><strong>Kein Pairing<\/strong> &#8211; Einfache Aktivierung durch doppeltes Antippen<\/li>\n<li>Schlankes und <strong>ergonomisches<\/strong> Design<\/li>\n<li>Pr\u00e4zise und <strong>verz\u00f6gerungsfreie<\/strong> Leistung<\/li>\n<li>Akku-Anzeige mit <strong>Typ-C-Ladung<\/strong><\/li>\n<\/ul>\n[cg_accordion title=\"INFO ZUR BEZAHLUNG\"]<\/p>\n<p>Wir verwenden die neueste Technologie in der Zahlungsabwicklung, die es Ihnen erm\u00f6glicht, mit Ihrer Debit-\/Kreditkarte oder mit PayPal schnell und sicher zu bezahlen.[\/cg_accordion]\n[cg_accordion title=\"GARANTIE\"]<\/p>\n<p>2 Jahre Garantie von <a href=\"https:\/\/droix.net\/\" target=\"_blank\" rel=\"nofollow noopener\">DROIX Global<\/a> f\u00fcr Ihren Seelenfrieden[\/cg_accordion]\n[cg_accordion title=\"QUALIT\u00c4TSSICHERUNG &amp; TESTS VOR DER AUSLIEFERUNG\"]<\/p>\n<p>Sicherstellung der Kundenzufriedenheit auf h\u00f6chstem Niveau: Jedes Ger\u00e4t wird vor der Auslieferung strengen Tests und einer mehrstufigen Qualit\u00e4tskontrolle unterzogen. Unser engagiertes Team pr\u00fcft die Leistung, Funktionalit\u00e4t und Integrit\u00e4t der Komponenten, um zu gew\u00e4hrleisten, dass Ihr GPD-Ger\u00e4t bei der Ankunft in einwandfreiem Zustand ist und Sie sich darauf verlassen k\u00f6nnen. [\/cg_accordion]\n[cg_accordion title=\"PREISE, STEUERN UND VERSAND\"]<\/p>\n<p><strong><u>Anmerkung:<\/u><\/strong><\/p>\n<ul>\n<li>Kunden aus den Vereinigten Staaten: Der angezeigte Preis enth\u00e4lt KEINE STEUERN oder Z\u00f6lle. Die Verantwortung f\u00fcr die Zollabfertigung und die Zahlung aller damit verbundenen Steuern und Abgaben liegt beim Kunden. <\/li>\n<li>EU-Kunden: Der angezeigte Preis enth\u00e4lt die gesetzliche Mehrwertsteuer, die je nach Land bis zu 25% betragen kann.<\/li>\n<li>Kunden aus Kanada: Der angezeigte Preis enth\u00e4lt die anfallenden Steuern, die je nach Provinz 5% GST und zus\u00e4tzliche Provincial Sales Taxes (PST), Harmonized Sales Tax (HST) oder Quebec Sales Tax (QST) umfassen k\u00f6nnen.<\/li>\n<\/ul>\n<p>F\u00fcr unsere Kunden in den USA: Die Bestellungen werden DAP (Delivered At Place) versandt. Obwohl die Kunden f\u00fcr die Zahlung aller anfallenden Geb\u00fchren verantwortlich sind, nutzen wir unsere umfangreiche Erfahrung mit dem Versand aus Gro\u00dfbritannien, um sicherzustellen, dass Sie die geringstm\u00f6glichen Geb\u00fchren zahlen. Nach unseren Aufzeichnungen betragen diese Geb\u00fchren in der Regel nicht mehr als 10% des Artikelwerts.  <\/p>\n<p><strong>NUR f\u00fcr EU-Kunden:<\/strong> Express DDP (Delivered Duty Paid). Dies bedeutet: <\/p>\n<ul>\n<li>Alle Zollgeb\u00fchren und Steuern sind in dem auf der Produktseite angegebenen Preis enthalten.<\/li>\n<li>Bei der Zustellung m\u00fcssen Sie keine zus\u00e4tzlichen Geb\u00fchren zahlen.<\/li>\n<li>Im seltenen Fall von Zollproblemen \u00fcbernimmt unser Team die Zollabfertigung in Ihrem Namen, um eine reibungslose Lieferung zu gew\u00e4hrleisten.<\/li>\n<p>Wichtige Informationen \u00fcber R\u00fccksendungen:<\/p>\n<li>Wenn Sie sich entscheiden, Ihre Bestellung zur\u00fcckzusenden oder eine R\u00fcckerstattung zu beantragen, beachten Sie bitte, dass Steuern und Abgaben, die in Ihrem Namen gem\u00e4\u00df den DDP-Bedingungen gezahlt wurden, nicht erstattet werden k\u00f6nnen.<\/li>\n<p>Ausf\u00fchrliche Informationen finden Sie in unseren <a href=\"https:\/\/droix.net\/terms-and-conditions\/\" target=\"_blank\" rel=\"nofollow noopener\">Allgemeinen Gesch\u00e4ftsbedingungen<\/a>.\n<\/ul>\n<p>[\/cg_accordion]\n[cg_accordion title=\"KUNDENBETREUUNG\"]<\/p>\n<p>Haben Sie eine Frage? Wir sind nur einen kurzen Text davon entfernt, Ihr Problem zu l\u00f6sen! <\/p>\n<p>Ausf\u00fchrliche Informationen finden Sie in unseren <a href=\"https:\/\/gpdstore.net\/de\/terms-of-service\/\" target=\"_blank\" rel=\"nofollow noopener\">Allgemeinen Gesch\u00e4ftsbedingungen<\/a>.\n<\/ul>\n<p>[\/cg_accordion]\n[cg_accordion title=\"WAS ENTHALTEN IST\"]<\/p>\n<ul>\n<li>1x Universal-Stylus-Stift f\u00fcr GPD<\/li>\n<\/ul>\n<p>[\/cg_accordion]\n","protected":false},"featured_media":11925,"template":"","meta":{"_acf_changed":false},"product_brand":[],"product_cat":[1199],"product_tag":[15871,1201],"woo-feed-brand":[2447],"class_list":{"0":"post-1059827","1":"product","2":"type-product","3":"status-publish","4":"has-post-thumbnail","6":"product_cat-zubehor","7":"product_tag-15xmsale-de","8":"product_tag-gpd-wm2-zubehor","9":"product_shipping_class-low-end","10":"pa_accessory-type-eingabestift","11":"pa_brand-gpd","12":"woo-feed-brand-droix-de","14":"first","15":"instock","16":"taxable","17":"shipping-taxable","18":"purchasable","19":"product-type-variable","20":"has-default-attributes"},"acf":[],"aioseo_notices":[],"_links":{"self":[{"href":"https:\/\/gpdstore.net\/de\/wp-json\/wp\/v2\/product\/1059827","targetHints":{"allow":["GET"]}}],"collection":[{"href":"https:\/\/gpdstore.net\/de\/wp-json\/wp\/v2\/product"}],"about":[{"href":"https:\/\/gpdstore.net\/de\/wp-json\/wp\/v2\/types\/product"}],"wp:featuredmedia":[{"embeddable":true,"href":"https:\/\/gpdstore.net\/de\/wp-json\/wp\/v2\/media\/11925"}],"wp:attachment":[{"href":"https:\/\/gpdstore.net\/de\/wp-json\/wp\/v2\/media?parent=1059827"}],"wp:term":[{"taxonomy":"product_brand","embeddable":true,"href":"https:\/\/gpdstore.net\/de\/wp-json\/wp\/v2\/product_brand?post=1059827"},{"taxonomy":"product_cat","embeddable":true,"href":"https:\/\/gpdstore.net\/de\/wp-json\/wp\/v2\/product_cat?post=1059827"},{"taxonomy":"product_tag","embeddable":true,"href":"https:\/\/gpdstore.net\/de\/wp-json\/wp\/v2\/product_tag?post=1059827"},{"taxonomy":"woo-feed-brand","embeddable":true,"href":"https:\/\/gpdstore.net\/de\/wp-json\/wp\/v2\/woo-feed-brand?post=1059827"}],"curies":[{"name":"wp","href":"https:\/\/api.w.org\/{rel}","templated":true}]}}