{"id":4617,"date":"2023-03-23T16:49:44","date_gmt":"2023-03-23T16:49:44","guid":{"rendered":"https:\/\/gpdstore.net\/cookie-richtlinie\/"},"modified":"2024-12-11T13:39:23","modified_gmt":"2024-12-11T13:39:23","slug":"cookie-richtlinie","status":"publish","type":"page","link":"https:\/\/gpdstore.net\/de\/cookie-richtlinie\/","title":{"rendered":"Cookies-Richtlinie"},"content":{"rendered":"\n<p>Die folgende Cookie-Richtlinie ist in \u00dcbereinstimmung mit den <a href=\"https:\/\/gpdstore.net\/de\/allgemeine-geschaftsbedingungen\/\" target=\"_blank\" data-type=\"URL\" data-id=\"\/terms-of-service\/\" rel=\"noreferrer noopener\">Allgemeinen Gesch\u00e4ftsbedingungen<\/a>, der <a href=\"https:\/\/gpdstore.net\/de\/erstattungs-und-ruckgaberichtlinien\/\" target=\"_blank\" data-type=\"URL\" data-id=\"\/refund-and-returns-policy\/\" rel=\"noreferrer noopener\">R\u00fcckgabe- und R\u00fcckerstattungsrichtlinie<\/a> und der <a href=\"https:\/\/gpdstore.net\/de\/datenschutzbestimmungen\/\" target=\"_blank\" data-type=\"URL\" data-id=\"\/privacy-policy\/\" rel=\"noreferrer noopener\">Datenschutzrichtlinie<\/a> zu verstehen (gepaart mit).<\/p>\n\n<ol class=\"wp-block-list\">\n<li>Diese Verkaufsbedingungen gelten f\u00fcr alle von DroiX US Corp (der Lieferant) gelieferten Waren.\n<ol class=\"wp-block-list\">\n<li>In dem vorliegenden Vertrag wird auf Folgendes Bezug genommen: Wir (DroiX US Corp) sind der Lieferant, und Sie (der Kunde)<\/li>\n<\/ol>\n<\/li>\n<\/ol>\n\n<ol class=\"wp-block-list\">\n<li>Die Website des Anbieters verwendet Cookies, um den Kunden, d.h. Sie, von anderen Benutzern der Website zu unterscheiden. Dies hilft dem Anbieter, Ihnen ein gutes Erlebnis zu bieten, wenn Sie auf der Website des Anbieters surfen, und erm\u00f6glicht es dem Anbieter au\u00dferdem, unsere Website zu verbessern. Wenn Sie auf der Website weitersurfen, erkl\u00e4ren Sie sich mit der Verwendung von Cookies durch den Anbieter einverstanden.  <\/li>\n\n\n\n<li>Ein Cookie ist eine kleine Datei mit Buchstaben und Zahlen, die der Anbieter in Ihrem Browser oder auf der Festplatte Ihres Computers oder Mobiltelefons speichert, wenn Sie damit einverstanden sind. Cookies enthalten Informationen, die auf die Festplatte Ihres Computers \u00fcbertragen werden. <\/li>\n\n\n\n<li>Der Anbieter verwendet die folgenden Cookies:\n<ol class=\"wp-block-list\">\n<li>Streng notwendige Cookies. Dies sind Cookies, die f\u00fcr den Betrieb der Website des Anbieters erforderlich sind. Dazu geh\u00f6ren zum Beispiel Cookies, die es Ihnen erm\u00f6glichen, sich in sichere Bereiche der Website des Anbieters einzuloggen und Transaktionen durchzuf\u00fchren.  <\/li>\n\n\n\n<li>Analytische\/Leistungs-Cookies. Sie erm\u00f6glichen es dem Anbieter, die Anzahl der Besucher zu erkennen und zu z\u00e4hlen und zu sehen, wie sich die Besucher auf der Website des Anbieters bewegen, wenn sie sie nutzen. Dies hilft dem Anbieter, die Funktionsweise der Website zu verbessern, z. B. indem er sicherstellt, dass die Benutzer das Gesuchte leicht und ohne Probleme finden.  <\/li>\n\n\n\n<li>Der Anbieter verwendet Google Analytics-Cookies. Google Analytics sammelt Informationen in anonymer Form. Es berichtet \u00fcber Website-Trends, ohne einzelne Besucher zu identifizieren. Sie k\u00f6nnen Google Analytics deaktivieren, ohne dass dies Auswirkungen auf Ihren Besuch auf dieser Website hat. F\u00fcr weitere Informationen zu Google Analytics klicken Sie bitte hier.    <\/li>\n\n\n\n<li>Zielgerichtete Cookies. Diese Cookies speichern Ihren Besuch auf der Website des Anbieters, die Seiten, die Sie besucht haben, und die Links, denen Sie gefolgt sind. Der Anbieter verwendet diese Informationen, um die Website und die darauf angezeigte Werbung besser auf Ihre Interessen abzustimmen. Der Anbieter kann diese Informationen zu diesem Zweck auch an Dritte weitergeben.   <\/li>\n<\/ol>\n<\/li>\n\n\n\n<li>Bitte beachten Sie, dass Dritte (z.B. Werbenetzwerke und Anbieter von externen Diensten wie Web-Traffic-Analysedienste) ebenfalls Cookies verwenden k\u00f6nnen, \u00fcber die der Anbieter keine Kontrolle hat. Bei diesen Cookies handelt es sich wahrscheinlich um Analyse-\/Leistungs-Cookies oder Targeting-Cookies. <\/li>\n\n\n\n<li>Sie k\u00f6nnen Cookies blockieren, indem Sie die Einstellung Ihres Browsers aktivieren, die es Ihnen erlaubt, das Setzen aller oder einiger Cookies abzulehnen. Wenn Sie Ihren Browser so einstellen, dass er alle Cookies (einschlie\u00dflich wichtiger Cookies) blockiert, k\u00f6nnen Sie jedoch m\u00f6glicherweise nicht auf die gesamte Website des Anbieters oder Teile davon zugreifen. <\/li>\n<\/ol>\n\n<p>Cookie-Richtlinie zuletzt aktualisiert: 23 M\u00e4rz, 2023 &#8211; 4:48PM.<\/p>\n","protected":false},"excerpt":{"rendered":"<p>Die folgende Cookie-Richtlinie ist in \u00dcbereinstimmung mit den Allgemeinen Gesch\u00e4ftsbedingungen, der R\u00fcckgabe- und R\u00fcckerstattungsrichtlinie und der Datenschutzrichtlinie zu verstehen (gepaart mit). Cookie-Richtlinie zuletzt aktualisiert: 23 M\u00e4rz, 2023 &#8211; 4:48PM.<\/p>\n","protected":false},"author":1,"featured_media":0,"parent":0,"menu_order":0,"comment_status":"closed","ping_status":"closed","template":"template-fullwidth.php","meta":{"_acf_changed":false,"footnotes":""},"class_list":["post-4617","page","type-page","status-publish","hentry"],"acf":[],"aioseo_notices":[],"_links":{"self":[{"href":"https:\/\/gpdstore.net\/de\/wp-json\/wp\/v2\/pages\/4617","targetHints":{"allow":["GET"]}}],"collection":[{"href":"https:\/\/gpdstore.net\/de\/wp-json\/wp\/v2\/pages"}],"about":[{"href":"https:\/\/gpdstore.net\/de\/wp-json\/wp\/v2\/types\/page"}],"author":[{"embeddable":true,"href":"https:\/\/gpdstore.net\/de\/wp-json\/wp\/v2\/users\/1"}],"replies":[{"embeddable":true,"href":"https:\/\/gpdstore.net\/de\/wp-json\/wp\/v2\/comments?post=4617"}],"version-history":[{"count":0,"href":"https:\/\/gpdstore.net\/de\/wp-json\/wp\/v2\/pages\/4617\/revisions"}],"wp:attachment":[{"href":"https:\/\/gpdstore.net\/de\/wp-json\/wp\/v2\/media?parent=4617"}],"curies":[{"name":"wp","href":"https:\/\/api.w.org\/{rel}","templated":true}]}}