{"id":4396,"date":"2023-03-23T16:51:27","date_gmt":"2023-03-23T16:51:27","guid":{"rendered":"https:\/\/gpdstore.net\/datenschutzbestimmungen\/"},"modified":"2024-12-11T13:47:59","modified_gmt":"2024-12-11T13:47:59","slug":"datenschutzbestimmungen","status":"publish","type":"page","link":"https:\/\/gpdstore.net\/de\/datenschutzbestimmungen\/","title":{"rendered":"Datenschutzbestimmungen"},"content":{"rendered":"\n<p>Die folgenden Datenschutzrichtlinien sind in \u00dcbereinstimmung mit den <a href=\"https:\/\/gpdstore.net\/de\/allgemeine-geschaftsbedingungen\/\" target=\"_blank\" data-type=\"URL\" data-id=\"\/terms-of-service\/\" rel=\"noreferrer noopener\">Allgemeinen Gesch\u00e4ftsbedingungen<\/a>, den <a href=\"https:\/\/gpdstore.net\/de\/erstattungs-und-ruckgaberichtlinien\/\" target=\"_blank\" data-type=\"URL\" data-id=\"\/refund-and-returns-policy\/\" rel=\"noreferrer noopener\">R\u00fcckgabe- und Erstattungsrichtlinien<\/a> und den <a href=\"https:\/\/gpdstore.net\/de\/cookie-richtlinie\/\" target=\"_blank\" data-type=\"URL\" data-id=\"\/cookies-policy\/\" rel=\"noreferrer noopener\">Cookie-Richtlinien<\/a> zu verstehen (gepaart mit).<\/p>\n\n<ol class=\"wp-block-list\">\n<li>Diese Verkaufsbedingungen gelten f\u00fcr alle von DroiX US Corp (der Lieferant) gelieferten Waren.\n<ol class=\"wp-block-list\">\n<li>In dem vorliegenden Vertrag wird auf Folgendes Bezug genommen: Wir (DroiX US Corp) sind der Lieferant, und Sie (der Kunde)<\/li>\n<\/ol>\n<\/li>\n<\/ol>\n\n<h2 class=\"wp-block-heading\" id=\"h-navigation\">Navigation<\/h2>\n\n<ul class=\"wp-block-list\">\n<li>DATENERFASSUNG<\/li>\n\n\n\n<li>DATENVERARBEITUNG<\/li>\n\n\n\n<li>DATENSCHUTZ<\/li>\n\n\n\n<li>DATENSCHUTZPOLITIK<\/li>\n<\/ul>\n\n<h2 class=\"wp-block-heading\" id=\"h-data-collection\">DATENERFASSUNG<\/h2>\n\n<ol class=\"wp-block-list\">\n<li>Der Anbieter sammelt pers\u00f6nliche Daten von Ihnen, wenn Sie die Produkte des Anbieters kaufen.<\/li>\n\n\n\n<li>Der Anbieter erhebt personenbezogene Daten von Ihnen und von allen Ger\u00e4ten (einschlie\u00dflich Mobilger\u00e4ten), die Sie verwenden, wenn Sie: sich f\u00fcr ein Konto bei uns registrieren, dem Anbieter Informationen in einem Webformular zur Verf\u00fcgung stellen, Informationen zu Ihrem Konto aktualisieren oder hinzuf\u00fcgen, an einem Support-Forum teilnehmen oder wenn Sie anderweitig mit dem Anbieter korrespondieren.\n<ol class=\"wp-block-list\">\n<li>Einige dieser pers\u00f6nlichen Informationen, wie z.B. eine M\u00f6glichkeit, Sie zu identifizieren, sind notwendig, um die Allgemeinen Gesch\u00e4ftsbedingungen des Anbieters zu akzeptieren. Die Angabe aller anderen pers\u00f6nlichen Daten ist freiwillig, kann aber f\u00fcr die Nutzung unserer Dienste erforderlich sein, wie z.B. die Teilnahme an Gewinnspielen oder Verlosungen oder die f\u00fcr den Abschluss einer Transaktion erforderlichen Informationen. <\/li>\n<\/ol>\n<\/li>\n\n\n\n<li>Pers\u00f6nliche Daten, die Sie dem Anbieter zur Verf\u00fcgung stellen, wenn Sie einen Kauf t\u00e4tigen oder sich f\u00fcr ein Konto beim Anbieter registrieren:\n<ol class=\"wp-block-list\">\n<li>Identifizierungsdaten wie Ihr Name, Adressen, Telefonnummern oder E-Mail-Adressen, wenn Sie sich bei uns f\u00fcr ein Konto registrieren.<\/li>\n\n\n\n<li>Bestellinformationen, die mit Ihrem Konto als Ergebnis einer Transaktion, an der Sie beteiligt sind, verbunden sind.<\/li>\n\n\n\n<li>Andere Inhalte, die Sie erstellen oder die mit Ihrem Konto verbunden sind (z. B. das Hinzuf\u00fcgen von Artikeln zu Ihrem Warenkorb).<\/li>\n\n\n\n<li>Finanzielle Informationen (wie Kreditkarten- oder Bankkontonummern) in Verbindung mit einer Transaktion.<\/li>\n\n\n\n<li>Versand-, Rechnungs- und andere Informationen, die zum Kauf oder Versand eines Artikels verwendet werden, sowie relevante Versandinformationen (z. B. Kontrollnummern und Aktualisierungen der Sendungsverfolgung).<\/li>\n\n\n\n<li>Sie k\u00f6nnen dem Anbieter auch andere Informationen \u00fcber ein Webformular zur Verf\u00fcgung stellen, indem Sie Informationen zu Ihrem Konto aktualisieren oder hinzuf\u00fcgen, durch Ihre Teilnahme an Forumsdiskussionen, Supportanfragen oder wenn Sie anderweitig mit dem Anbieter \u00fcber dessen Waren und Dienstleistungen kommunizieren.<\/li>\n\n\n\n<li>Zus\u00e4tzliche Informationen, zu deren Erhebung und Verarbeitung der Anbieter nach geltendem nationalen Recht verpflichtet oder berechtigt ist, um Sie zu authentifizieren oder zu identifizieren oder um die vom Anbieter erhobenen Informationen zu \u00fcberpr\u00fcfen.<\/li>\n<\/ol>\n<\/li>\n\n\n\n<li>Pers\u00f6nliche Daten, die der Anbieter automatisch erfasst, wenn Sie einen Kauf t\u00e4tigen oder sich f\u00fcr ein Konto beim Anbieter registrieren:\n<ol class=\"wp-block-list\">\n<li>Der Anbieter sammelt Informationen \u00fcber Ihre Interaktion mit der Website, Ihre Werbepr\u00e4ferenzen und Ihre Kommunikation mit dem Anbieter. Dabei handelt es sich um Informationen, die der Anbieter von Ger\u00e4ten (einschlie\u00dflich Mobilger\u00e4ten) erh\u00e4lt, die Sie verwenden, wenn Sie auf Teile der Website des Anbieters zugreifen. Diese Informationen k\u00f6nnen Folgendes umfassen: Ger\u00e4te-ID oder eindeutige Kennung, Ger\u00e4tetyp, ID f\u00fcr Werbung und eindeutiges Ger\u00e4te-Token.  <\/li>\n\n\n\n<li>Standortinformationen, einschlie\u00dflich Standortinformationen von Ihrem mobilen Ger\u00e4t. Denken Sie daran, dass Sie bei den meisten mobilen Ger\u00e4ten die Verwendung von Standortdiensten durch jede Anwendung auf Ihrem mobilen Ger\u00e4t im Einstellungsmen\u00fc des Ger\u00e4ts steuern oder deaktivieren k\u00f6nnen. <\/li>\n\n\n\n<li>Computer- und Verbindungsinformationen wie Statistiken \u00fcber Ihre Seitenaufrufe, Datenverkehr zu und von den Websites, Verweis-URLs, Werbedaten, Ihre IP-Adresse, Ihren Browserverlauf und Ihre Web-Log-Informationen.<\/li>\n<\/ol>\n<\/li>\n\n\n\n<li>Pers\u00f6nliche Informationen, die der Anbieter mit Hilfe von Cookies und \u00e4hnlichen Technologien sammelt\n<ol class=\"wp-block-list\">\n<li>Der Anbieter verwendet Cookies, Web Beacons, eindeutige Kennungen und \u00e4hnliche Technologien, um Informationen \u00fcber die von Ihnen angezeigten Seiten, die von Ihnen angeklickten Links und andere Aktionen zu sammeln, die Sie beim Surfen auf der Website des Anbieters, innerhalb der Werbung oder der E-Mail-Inhalte des Anbieters durchf\u00fchren. Weitere Informationen \u00fcber die Verwendung dieser Technologien und wie Sie sie kontrollieren k\u00f6nnen, finden Sie in unserer Cookie-Richtlinie. <\/li>\n<\/ol>\n<\/li>\n\n\n\n<li>Aus anderen Quellen gesammelte pers\u00f6nliche Informationen\n<ol class=\"wp-block-list\">\n<li>Der Anbieter erg\u00e4nzt die pers\u00f6nlichen Daten, die er direkt erhebt, durch Informationen, die er von Dritten erh\u00e4lt, und f\u00fcgt sie Ihren Kontoinformationen hinzu. So sammelt und verwendet der Anbieter beispielsweise demografische und andere Informationen, die in der jeweiligen Rechtsordnung \u00f6ffentlich zug\u00e4nglich sind, zus\u00e4tzliche Kontaktinformationen, Informationen zur Kreditpr\u00fcfung und Informationen von Kreditauskunfteien, soweit dies nach den geltenden nationalen Gesetzen zul\u00e4ssig ist. <\/li>\n\n\n\n<li>Soziale Medien &#8211; Der Anbieter erm\u00f6glicht es Ihnen, Informationen mit Websites sozialer Medien zu teilen oder Websites sozialer Medien zu nutzen, um Ihr Konto zu erstellen oder Ihr Konto mit der jeweiligen Website sozialer Medien zu verbinden. Diese Social-Media-Websites k\u00f6nnen dem Anbieter automatisch Zugriff auf bestimmte pers\u00f6nliche Daten geben, die sie \u00fcber Sie gespeichert haben (z.B. von Ihnen angesehene Inhalte, Inhalte, die Ihnen gefallen haben, und Informationen \u00fcber die Werbung, die Ihnen angezeigt wurde oder auf die Sie geklickt haben, usw.). Wenn Sie dem Anbieter den Zugang zu einer Website mit Videoinhalten erm\u00f6glichen, erkl\u00e4ren Sie sich damit einverstanden, dass der Anbieter Ihre Videoaufrufe f\u00fcr mindestens zwei Jahre oder bis Sie die Genehmigung oder die Verbindung zu der Social-Media-Website widerrufen, an Social-Media-Websites Dritter weitergeben oder von diesen Informationen \u00fcber Ihre Videoaufrufe erhalten kann. Sie kontrollieren die personenbezogenen Daten, auf die Sie dem Anbieter \u00fcber die Datenschutzeinstellungen auf der jeweiligen Social-Media-Website Zugriff gew\u00e4hren, sowie die Genehmigungen, die Sie dem Anbieter erteilen, wenn Sie ihm Zugriff auf die personenbezogenen Daten gew\u00e4hren, die die jeweilige Social-Media-Website \u00fcber Sie gespeichert hat. Indem Sie ein von einer Social-Media-Website verwaltetes Konto mit Ihrem Konto verkn\u00fcpfen und dem Anbieter den Zugriff auf diese Daten gestatten, erkl\u00e4ren Sie sich damit einverstanden, dass der Anbieter die von diesen Social-Media-Websites bereitgestellten Daten in \u00dcbereinstimmung mit diesem Datenschutzhinweis erheben, verwenden und speichern darf. Der Anbieter kann auch Plugins oder andere Technologien von verschiedenen Social-Media-Seiten verwenden. Wenn Sie auf einen Link klicken, der \u00fcber ein Social-Media-Plugin bereitgestellt wird, stellen Sie freiwillig eine Verbindung mit der jeweiligen Social-Media-Seite her.      <\/li>\n\n\n\n<li>Wenn Sie dem Anbieter personenbezogene Daten \u00fcber eine andere Person mitteilen, d\u00fcrfen Sie dies nur mit der Genehmigung dieser Person tun. Sie sollten sie dar\u00fcber informieren, wie der Anbieter ihre pers\u00f6nlichen Daten gem\u00e4\u00df den Allgemeinen Gesch\u00e4ftsbedingungen des Anbieters sammelt, verwendet, offenlegt und aufbewahrt. <\/li>\n<\/ol>\n<\/li>\n\n\n\n<li>Informationen, die dem Anbieter dabei helfen, Ihnen den Service des Anbieters zu liefern.\n<ol class=\"wp-block-list\">\n<li>Der Anbieter arbeitet eng mit Dritten zusammen, um dem Anbieter zu helfen, Ihnen Dienstleistungen zu erbringen. Bei diesen Dritten handelt es sich um Gesch\u00e4ftspartner f\u00fcr technische, Zahlungs- und Lieferdienste, Werbenetzwerke, Anbieter von Analysen, Anbieter von Suchinformationen, Kreditauskunfteien, Agenturen zur Betrugsbek\u00e4mpfung und Entwickler. Zu den Informationen, die der Anbieter von diesen Parteien \u00fcber Sie erh\u00e4lt, k\u00f6nnen Informationen zur Kreditsuche, Informationen, die dem Anbieter helfen, Ihre Identit\u00e4t zu \u00fcberpr\u00fcfen, oder Informationen \u00fcber Ihre Zahlungsvorg\u00e4nge geh\u00f6ren.  <\/li>\n\n\n\n<li>Wenn Sie es dem Anbieter gestatten, sammelt der Anbieter Freundeslisten von Facebook und \u00e4hnliche Informationen von anderen Drittanbietern wie Twitter und Google, und der Anbieter kann diese Informationen in regelm\u00e4\u00dfigen Abst\u00e4nden erneut sammeln, um auf dem neuesten Stand zu bleiben.<\/li>\n<\/ol>\n<\/li>\n<\/ol>\n\n<h2 class=\"wp-block-heading\" id=\"h-data-processing\">DATENVERARBEITUNG<\/h2>\n\n<ol class=\"wp-block-list\">\n<li>Der Anbieter wird Ihre pers\u00f6nlichen Daten nur dann verwenden, wenn das Gesetz es zul\u00e4sst. In den meisten F\u00e4llen kann der Anbieter Ihre personenbezogenen Daten (wie z. B. die von Ihnen \u00fcbermittelten Informationen, Standortinformationen oder Transaktionsdaten) verwenden, um sich ein Bild davon zu machen, was Sie nach Ansicht des Anbieters w\u00fcnschen oder ben\u00f6tigen oder was f\u00fcr Sie von Interesse sein k\u00f6nnte. <\/li>\n\n\n\n<li>Der Anbieter wird Ihre personenbezogenen Daten nur f\u00fcr die Zwecke verwenden, f\u00fcr die er sie erhoben hat, es sei denn, der Anbieter ist nach vern\u00fcnftigem Ermessen der Ansicht, dass er sie aus einem anderen Grund verwenden muss und dieser Grund mit dem urspr\u00fcnglichen Zweck vereinbar ist.<\/li>\n\n\n\n<li>Wenn Sie Ihre ausdr\u00fcckliche Zustimmung erteilen, kann der Anbieter Ihre Identit\u00e4ts-, Kontakt-, technischen, Nutzungs- und\/oder Profildaten verwenden, um sich ein Bild davon zu machen, was Sie nach Ansicht des Anbieters w\u00fcnschen oder ben\u00f6tigen oder was f\u00fcr Sie von Interesse sein k\u00f6nnte. Sie k\u00f6nnen Ihre Zustimmung jederzeit widerrufen. Unter bestimmten Umst\u00e4nden kann der Anbieter Sie \u00fcber \u00e4hnliche Produkte informieren, wenn Sie bereits Produkte beim Anbieter gekauft haben und Sie sich nicht gegen den Erhalt dieser Informationen entschieden haben.  <\/li>\n\n\n\n<li>Abmelden \/ Abbestellen &#8211; Sie k\u00f6nnen den Anbieter jederzeit bitten, Ihnen keine Marketingnachrichten mehr zu senden, indem Sie den Abmeldelinks in jeder an Sie gesendeten Marketingnachricht folgen oder sich jederzeit an den Anbieter wenden. Wenn Sie sich vom Erhalt dieser Marketingnachrichten abmelden, erhalten Sie m\u00f6glicherweise weiterhin Nachrichten zu anderen Zwecken (z. B. um Ihnen die entsprechenden auftrags- oder produktbezogenen Informationen zukommen zu lassen). <\/li>\n\n\n\n<li>Der Anbieter kann die Daten, die er von Ihnen sammelt, an bestimmte Dritte weitergeben, die personenbezogene Daten bei der Erbringung ihrer Dienstleistungen f\u00fcr den Anbieter verwenden. Diese verwenden die Daten sicher und vertraulich und unter strengen vertraglichen Kontrollen in \u00dcbereinstimmung mit den Datenschutzgesetzen.<\/li>\n\n\n\n<li>Sie k\u00f6nnen Ihre Zustimmung jederzeit widerrufen, nachdem Sie Ihr ausdr\u00fcckliches Einverst\u00e4ndnis gegeben haben, indem Sie sich an den Anbieter wenden<\/li>\n<\/ol>\n\n<h2 class=\"wp-block-heading\" id=\"h-data-protection\">DATENSCHUTZ<\/h2>\n\n<ol class=\"wp-block-list\">\n<li>Der Anbieter wird alle angemessenen Vorsichtsma\u00dfnahmen ergreifen, um die Details Ihrer Bestellung und Zahlung sicher zu halten. Sofern der Anbieter jedoch nicht fahrl\u00e4ssig handelt, haftet er nicht f\u00fcr den unbefugten Zugriff auf die von Ihnen bereitgestellten Informationen.<\/li>\n\n\n\n<li>Der Lieferant beschr\u00e4nkt den Zugriff auf Ihre pers\u00f6nlichen Daten auf diejenigen Mitarbeiter, Vertreter, Auftragnehmer und andere Dritte, die diese Daten aus gesch\u00e4ftlichen Gr\u00fcnden ben\u00f6tigen. Sie werden Ihre pers\u00f6nlichen Daten nur auf Anweisung des Anbieters verarbeiten und sind zur Vertraulichkeit verpflichtet. <\/li>\n\n\n\n<li>Der Anbieter hat Verfahren f\u00fcr den Umgang mit mutma\u00dflichen Verletzungen des Schutzes personenbezogener Daten eingerichtet und wird Sie und alle zust\u00e4ndigen Aufsichtsbeh\u00f6rden von einer Verletzung benachrichtigen, sofern der Anbieter gesetzlich dazu verpflichtet ist.<\/li>\n<\/ol>\n\n<h2 class=\"wp-block-heading\" id=\"h-privacy-policy\">DATENSCHUTZPOLITIK<\/h2>\n\n<ol class=\"wp-block-list\">\n<li>Der Anbieter speichert weder Kreditkartendaten noch gibt er Kundendaten an unrechtm\u00e4\u00dfige Dritte weiter.<\/li>\n\n\n\n<li>Der Anbieter wird Ihre personenbezogenen Daten nur so lange aufbewahren, wie es f\u00fcr die Erf\u00fcllung der Zwecke, f\u00fcr die der Anbieter sie erhoben hat, erforderlich ist, einschlie\u00dflich der Erf\u00fcllung von gesetzlichen, buchhalterischen oder Berichterstattungspflichten.<\/li>\n\n\n\n<li>Der Anbieter wird die Daten unserer Kunden in der Regel f\u00fcr einen Zeitraum von 6 (sechs) Jahren nach Vertragsende aufbewahren, um sicherzustellen, dass der Anbieter in der Lage ist, Ihnen bei Fragen oder R\u00fcckmeldungen zu den Produkten des Anbieters behilflich zu sein, oder um unsere gesetzlichen Rechte zu sch\u00fctzen oder zu verteidigen, oder f\u00fcr steuerliche Zwecke.<\/li>\n\n\n\n<li>Wenn der Anbieter Ihre personenbezogenen Daten verarbeitet hat, um Ihnen mit Ihrer Zustimmung Marketingmitteilungen zukommen zu lassen, kann der Anbieter Sie mindestens alle zw\u00f6lf (12) Monate kontaktieren, um sicherzustellen, dass Sie damit einverstanden sind, weiterhin solche Mitteilungen zu erhalten. Wenn Sie dem Anbieter mitteilen, dass Sie solche Mitteilungen nicht mehr erhalten m\u00f6chten, werden Ihre personenbezogenen Daten aus den Marketinglisten des Anbieters entfernt (aber auf eine &#8220;Nicht kontaktieren&#8221;-Liste gesetzt). <\/li>\n\n\n\n<li>Wenn der Anbieter Ihre Daten aus einem anderen Grund verarbeitet hat (z.B. wenn Sie den Anbieter mit einer Frage im Zusammenhang mit Produkten oder Dienstleistungen kontaktiert haben), wird der Anbieter Ihre Daten zw\u00f6lf (12) Monate lang aufbewahren.<\/li>\n\n\n\n<li>Unter bestimmten Umst\u00e4nden kann der Anbieter Ihre pers\u00f6nlichen Daten anonymisieren (so dass sie nicht mehr mit Ihnen in Verbindung gebracht werden k\u00f6nnen), um sie f\u00fcr Forschungs- oder statistische Zwecke zu nutzen. In diesem Fall kann der Anbieter diese Informationen auf unbestimmte Zeit verwenden, ohne Sie dar\u00fcber zu informieren.<\/li>\n\n\n\n<li>Unter bestimmten Umst\u00e4nden haben Sie nach den Datenschutzgesetzen Rechte in Bezug auf Ihre pers\u00f6nlichen Daten. Diese Rechte werden im Folgenden n\u00e4her erl\u00e4utert: \n<ol class=\"wp-block-list\">\n<li>Zugang zu Ihren pers\u00f6nlichen Daten beantragen (allgemein bekannt als &#8220;Antrag auf Zugang zu den Daten&#8221;). Auf diese Weise k\u00f6nnen Sie eine Kopie der personenbezogenen Daten erhalten, die der Anbieter \u00fcber Sie gespeichert hat, und \u00fcberpr\u00fcfen, ob der Anbieter sie rechtm\u00e4\u00dfig verarbeitet. <\/li>\n\n\n\n<li>Sie k\u00f6nnen die Berichtigung der personenbezogenen Daten, die der Anbieter \u00fcber Sie gespeichert hat, verlangen. Auf diese Weise k\u00f6nnen Sie unvollst\u00e4ndige oder ungenaue Daten, die der Anbieter \u00fcber Sie gespeichert hat, berichtigen lassen, auch wenn der Anbieter die Richtigkeit der neuen Daten, die Sie ihm zur Verf\u00fcgung stellen, \u00fcberpr\u00fcfen muss. <\/li>\n\n\n\n<li>L\u00f6schung Ihrer pers\u00f6nlichen Daten beantragen. Damit k\u00f6nnen Sie den Anbieter auffordern, Ihre personenbezogenen Daten zu l\u00f6schen oder zu entfernen, wenn es f\u00fcr den Anbieter keinen triftigen Grund gibt, diese weiterhin zu verarbeiten. Sie haben auch das Recht, den Anbieter aufzufordern, Ihre personenbezogenen Daten zu l\u00f6schen oder zu entfernen, wenn Sie erfolgreich von Ihrem Recht Gebrauch gemacht haben, der Verarbeitung zu widersprechen, wenn der Anbieter Ihre Daten m\u00f6glicherweise unrechtm\u00e4\u00dfig verarbeitet hat oder wenn der Anbieter verpflichtet ist, Ihre personenbezogenen Daten zu l\u00f6schen, um lokale Gesetze einzuhalten. Beachten Sie jedoch, dass der Anbieter Ihrer Bitte um L\u00f6schung aus bestimmten rechtlichen Gr\u00fcnden, die Ihnen gegebenenfalls zum Zeitpunkt Ihrer Bitte mitgeteilt werden, m\u00f6glicherweise nicht immer nachkommen kann.   <\/li>\n\n\n\n<li>Sie k\u00f6nnen der Verarbeitung Ihrer personenbezogenen Daten widersprechen, wenn sich der Anbieter auf ein berechtigtes Interesse (oder das eines Dritten) beruft und es etwas in Ihrer besonderen Situation gibt, das Sie dazu veranlasst, der Verarbeitung aus diesem Grund zu widersprechen, da Sie der Meinung sind, dass diese Ihre Grundrechte und -freiheiten beeintr\u00e4chtigt. Sie haben auch das Recht, Widerspruch einzulegen, wenn der Anbieter Ihre personenbezogenen Daten f\u00fcr Direktmarketingzwecke verarbeitet. In einigen F\u00e4llen kann der Anbieter nachweisen, dass er zwingende legitime Gr\u00fcnde f\u00fcr die Verarbeitung Ihrer Daten hat, die Ihre Rechte und Freiheiten \u00fcberwiegen.  <\/li>\n\n\n\n<li>Antrag auf Einschr\u00e4nkung der Verarbeitung Ihrer personenbezogenen Daten. Auf diese Weise k\u00f6nnen Sie den Anbieter bitten, die Verarbeitung Ihrer personenbezogenen Daten in den folgenden F\u00e4llen auszusetzen: wenn Sie m\u00f6chten, dass der Anbieter die Richtigkeit der Daten feststellt; wenn die Verwendung der Daten durch den Anbieter unrechtm\u00e4\u00dfig ist, Sie aber nicht m\u00f6chten, dass der Anbieter die Daten l\u00f6scht; wenn der Anbieter die Daten aufbewahren muss, auch wenn er sie nicht mehr ben\u00f6tigt, da Sie sie ben\u00f6tigen, um Rechtsanspr\u00fcche zu begr\u00fcnden, auszu\u00fcben oder zu verteidigen; oder wenn Sie der Verwendung Ihrer Daten durch den Anbieter widersprochen haben, der Anbieter aber \u00fcberpr\u00fcfen muss, ob er zwingende legitime Gr\u00fcnde f\u00fcr die Verwendung der Daten hat. <\/li>\n\n\n\n<li>die \u00dcbermittlung Ihrer personenbezogenen Daten (als betroffene Person) an Sie oder an einen Dritten zu verlangen. Ihre Einwilligung jederzeit zu widerrufen, wenn sich der Anbieter auf die Einwilligung zur Verarbeitung Ihrer personenbezogenen Daten beruft. Dies hat jedoch keinen Einfluss auf die Rechtm\u00e4\u00dfigkeit der Verarbeitung, die vor dem Widerruf Ihrer Einwilligung erfolgt ist. Wenn Sie Ihre Einwilligung widerrufen, kann der Anbieter Ihnen m\u00f6glicherweise bestimmte Produkte oder Dienstleistungen nicht mehr zur Verf\u00fcgung stellen. Der Anbieter wird Sie zu dem Zeitpunkt, an dem Sie Ihre Einwilligung widerrufen, dar\u00fcber informieren, ob dies der Fall ist. Wenn Sie eines der oben genannten Rechte aus\u00fcben m\u00f6chten, wenden Sie sich bitte direkt an den Anbieter \u00fcber dessen Kontaktinformationen.     <\/li>\n\n\n\n<li>In der Regel ist keine Geb\u00fchr erforderlich und Sie m\u00fcssen auch keine Geb\u00fchr f\u00fcr den Zugang zu Ihren personenbezogenen Daten (oder die Aus\u00fcbung anderer Rechte) zahlen. Der Anbieter kann jedoch eine angemessene Geb\u00fchr erheben, wenn Ihre Anfrage eindeutig unbegr\u00fcndet, wiederholend oder \u00fcberm\u00e4\u00dfig ist. Alternativ kann der Anbieter sich unter diesen Umst\u00e4nden weigern, Ihrer Anfrage nachzukommen.  <\/li>\n<\/ol>\n<\/li>\n\n\n\n<li>Es kann sein, dass der Anbieter bestimmte Informationen von Ihnen anfordern muss, um Ihre Identit\u00e4t zu best\u00e4tigen und Ihr Recht auf Zugang zu Ihren pers\u00f6nlichen Daten (oder auf die Aus\u00fcbung Ihrer anderen Rechte) zu gew\u00e4hrleisten. Dies ist eine Sicherheitsma\u00dfnahme, um sicherzustellen, dass personenbezogene Daten nicht an Personen weitergegeben werden, die kein Recht haben, sie zu erhalten. Der Anbieter kann sich auch mit Ihnen in Verbindung setzen, um Sie um weitere Informationen in Bezug auf Ihre Anfrage zu bitten, damit der Anbieter schneller reagieren kann.  <\/li>\n\n\n\n<li>Sie haben das Recht, jederzeit eine Beschwerde bei der ICO, der britischen Aufsichtsbeh\u00f6rde f\u00fcr Datenschutzfragen, einzureichen (unter www.ico.org.uk). Der Anbieter w\u00fcrde es jedoch begr\u00fc\u00dfen, wenn Sie sich mit Ihrem Anliegen befassen k\u00f6nnten, bevor Sie sich an die ICO wenden. Bitte setzen Sie sich daher zun\u00e4chst mit uns in Verbindung. <\/li>\n<\/ol>\n\n<p>Datenschutzrichtlinie zuletzt aktualisiert: 23 M\u00e4rz, 2023 &#8211; 4:50PM.<\/p>\n","protected":false},"excerpt":{"rendered":"<p>Die folgenden Datenschutzrichtlinien sind in \u00dcbereinstimmung mit den Allgemeinen Gesch\u00e4ftsbedingungen, den R\u00fcckgabe- und Erstattungsrichtlinien und den Cookie-Richtlinien zu verstehen (gepaart mit). Navigation DATENERFASSUNG DATENVERARBEITUNG DATENSCHUTZ DATENSCHUTZPOLITIK Datenschutzrichtlinie zuletzt aktualisiert: 23 M\u00e4rz, 2023 &#8211; 4:50PM.<\/p>\n","protected":false},"author":1,"featured_media":0,"parent":0,"menu_order":0,"comment_status":"closed","ping_status":"closed","template":"template-fullwidth.php","meta":{"_acf_changed":false,"footnotes":""},"class_list":["post-4396","page","type-page","status-publish","hentry"],"acf":[],"aioseo_notices":[],"_links":{"self":[{"href":"https:\/\/gpdstore.net\/de\/wp-json\/wp\/v2\/pages\/4396","targetHints":{"allow":["GET"]}}],"collection":[{"href":"https:\/\/gpdstore.net\/de\/wp-json\/wp\/v2\/pages"}],"about":[{"href":"https:\/\/gpdstore.net\/de\/wp-json\/wp\/v2\/types\/page"}],"author":[{"embeddable":true,"href":"https:\/\/gpdstore.net\/de\/wp-json\/wp\/v2\/users\/1"}],"replies":[{"embeddable":true,"href":"https:\/\/gpdstore.net\/de\/wp-json\/wp\/v2\/comments?post=4396"}],"version-history":[{"count":0,"href":"https:\/\/gpdstore.net\/de\/wp-json\/wp\/v2\/pages\/4396\/revisions"}],"wp:attachment":[{"href":"https:\/\/gpdstore.net\/de\/wp-json\/wp\/v2\/media?parent=4396"}],"curies":[{"name":"wp","href":"https:\/\/api.w.org\/{rel}","templated":true}]}}