{"id":8554,"date":"2024-01-24T17:32:18","date_gmt":"2024-01-24T17:32:18","guid":{"rendered":"https:\/\/gpdstore.net\/Ikke%20kategoriseret\/sd1-dockingstation\/"},"modified":"2025-12-23T10:21:02","modified_gmt":"2025-12-23T10:21:02","slug":"sd1-docking-station","status":"publish","type":"product","link":"https:\/\/gpdstore.net\/da\/product\/sd1-docking-station\/","title":{"rendered":"SD1-dockingstation"},"content":{"rendered":"\n<h1 class=\"wp-block-heading\"><strong>Slip det fulde potentiale af h\u00e5ndholdt gaming l\u00f8s med SD1 Docking Station!<\/strong><\/h1>\n\n<h3 class=\"wp-block-heading\">Problemfri spilintegration lige ved h\u00e5nden!<\/h3>\n\n<p>Velkommen til den ultimative game-changer inden for tilbeh\u00f8r til h\u00e5ndholdte gaming-pc&#8217;er! Vi pr\u00e6senterer SD1 Docking Station, som er specielt udviklet til passionerede gamere, der \u00f8nsker en problemfri og uafbrudt spiloplevelse. Med denne topmoderne dockingstation kan spillere forbedre deres h\u00e5ndholdte gaming-pc&#8217;ers muligheder som aldrig f\u00f8r. Fra den popul\u00e6re Steam Deck til den uds\u00f8gte AYA NEO Geek 1S, SD1 omfavner alsidighed og sikrer, at din foretrukne h\u00e5ndholdte enhed f\u00e5r det l\u00f8ft, den har brug for. Du skal blot dokke den, tilslutte den med USB Type-C-kablet og se, hvordan magien udfolder sig.<\/p>\n\n<h3 class=\"wp-block-heading\"><strong>Ultrahurtig og stabil internetforbindelse<\/strong><\/h3>\n\n<p>Ikke mere forsinkelse. Ikke flere afbrydelser. Dyk ned i gaming-universet med SD1&#8217;s RJ45 Gigabit Ethernet. Med hastigheder p\u00e5 op til 1000M sikrer denne dockingstation, at du har en fordel i multiplayer-spil og leverer ultra-responsive gaming-sessioner. Sig farvel til frustrerende ventetid, og byd velkommen til gnidningsl\u00f8se spilinteraktioner i realtid. N\u00e5r hvert millisekund t\u00e6ller, s\u00f8rger SD1 for, at du altid er et skridt foran.<\/p>\n\n<h3 class=\"wp-block-heading\"><strong>Levende og skarp sk\u00e6rmoplevelse<\/strong><\/h3>\n\n<p>L\u00f8ft din visuelle spiloplevelse! SD1-dockingstationen er udstyret med en HDMI 2.0-udgang, s\u00e5 spillerne kan fordybe sig i fyldige 4K-billeder med en silkebl\u00f8d 60 Hz. Med en opl\u00f8sning p\u00e5 op til 4096&#215;2160 kommer hver eneste pixel til live og kaster dig ind i hjertet af handlingen. Oplev spil i al deres pragt med up\u00e5klagelige detaljer, levende farver og uovertruffen klarhed.<\/p>\n\n<h3 class=\"wp-block-heading\"><strong>Hurtig og effektiv str\u00f8mforsyning<\/strong><\/h3>\n\n<p>Evnen til at spille i det uendelige! SD1-dockingstationen handler ikke kun om tilslutningsmuligheder og grafik; den handler ogs\u00e5 om at sikre, at din spilenhed forbliver opladet. Med en utrolig 100W PD-opladningskapacitet tanker den hurtigt din enhed op og sikrer, at du aldrig l\u00f8ber t\u00f8r for batteri i kampens hede. Spil videre i tillid til, at din enhed hele tiden f\u00e5r str\u00f8m fra et p\u00e5lideligt og hurtigt opladningssystem.<\/p>\n\n<h3 class=\"wp-block-heading\"><strong>Adgang til flere porte for \u00f8get brugervenlighed<\/strong><\/h3>\n\n<p>Alsidighed, n\u00e5r det er bedst! SD1 er udstyret med tre USB Type-A 3.0-porte, som giver gamere mulighed for at tilslutte flere perifere enheder. Uanset om det er en ekstra controller, et headset eller andet USB-baseret tilbeh\u00f8r, sikrer SD1-dockingstationen, at du er forberedt p\u00e5 ethvert spilscenarie. Oplev hurtigere dataoverf\u00f8rselshastigheder, og nyd et spilmilj\u00f8 uden rod.<\/p>\n\n<h3 class=\"wp-block-heading\"><strong>Robust og effektiv forbindelse<\/strong><\/h3>\n\n<p>En verden af spilmuligheder \u00e5bnes med et enkelt kabel. SD1 udnytter kraften i USB Type-C og sikrer en stabil og effektiv forbindelse mellem dockingstationen og din h\u00e5ndholdte spilleenhed. Denne innovative forbindelsesl\u00f8sning lover ikke kun hurtigere dataoverf\u00f8rselshastigheder, men sikrer ogs\u00e5 universel kompatibilitet med de nyeste gaming-enheder.<\/p>\n\n<h3 class=\"wp-block-heading\"><strong>Robust konstruktion med elegant \u00e6stetik<\/strong><\/h3>\n\n<p>Ud over sin tekniske form\u00e5en er SD1 et vidnesbyrd om elegant design og robust konstruktion. Den er fremstillet af gr\u00e5 aluminium og udstr\u00e5ler en f\u00f8rsteklasses fornemmelse, samtidig med at den lover lang levetid. For at sikre, at dine dyrebare spilleenheder altid er beskyttet, er den udstyret med sorte silikonepuder, der giver et ekstra lag af sikkerhed mod ridser og utilsigtede udskridninger.<\/p>\n\n<h3 class=\"wp-block-heading\"><strong>Universel kompatibilitet: En forn\u00f8jelse for gamere!<\/strong><\/h3>\n\n<p>Kendetegnet for et godt tilbeh\u00f8r er dets tilpasningsevne, og SD1 str\u00e5ler i dette aspekt. Den er designet til at rumme en bred vifte af h\u00e5ndholdte gaming-pc&#8217;er og sikrer, at ingen gamer lades i stikken. Uanset om du ejer den nyeste GPD WIN 4 2023 eller ONEXPLAYER 2, er denne dockingstation din one-stop-l\u00f8sning til forbedrede spilfunktioner. Testet med Steam Deck, ROG Ally, GPD WIN 4, GPD WIN 4 2023, ONEXPLAYER 2, AYA NEO 2S, AYA NEO Geek og AYA NEO Geek 1S.<\/p>\n\n<h3 class=\"wp-block-heading\"><strong>Som konklusion<\/strong><\/h3>\n\n<p>Tr\u00e6d ind i fremtiden for h\u00e5ndholdt gaming med SD1 Docking Station. Det er ikke bare en dockingstation; det er en oplevelse, en rejse, en ny m\u00e5de at spille p\u00e5. L\u00f8ft dine spilsessioner og tag hul p\u00e5 den nye \u00e6ra med h\u00e5ndholdte spil med SD1-dockingstationen.<\/p>\n\n<p><\/p>\n","protected":false},"excerpt":{"rendered":"<ul>\n<li><strong>SD1-dockingstation <\/strong><\/li>\n<li>Gigabit Ethernet<\/li>\n<li>100W PD USB-C<\/li>\n<li>HDMI-udgang<\/li>\n<li><strong>Kompatibel med<\/strong> GPD WIN 4 2024 og mange flere<\/li>\n<\/ul>\n[cg_accordion title=\"INFO OM BETALING\"]<\/p>\n<p>Vi bruger den nyeste teknologi inden for betalingsbehandling, som giver dig mulighed for at betale via Apple Pay, Google Pay, dit betalings-\/kreditkort, PayPal eller BNPL-metoder som Klarna, Affirm eller AfterPay for en hurtig og sikker oplevelse.[\/cg_accordion]\n[cg_accordion title=\"GARANTI\"]<\/p>\n<p>2 \u00e5rs garanti fra <a href=\"https:\/\/droix.net\/\" target=\"_blank\" rel=\"nofollow noopener\">DROIX Global<\/a> for at give dig ro i sindet[\/cg_accordion]\n[cg_accordion title=\"PRISER, AFGIFTER OG FORSENDELSE\"]<\/p>\n<p><strong><u>Bem\u00e6rk:<\/u><\/strong><\/p>\n<ul>\n<li>Kunder i USA: Den viste pris inkluderer IKKE SKAT eller afgifter. Ansvaret for at toldbehandle og betale eventuelle tilknyttede skatter\/afgifter ligger hos kunden. <\/li>\n<li>EU-kunder: Den viste pris inkluderer g\u00e6ldende SKAT, som kan v\u00e6re op til 25% afh\u00e6ngigt af dit land.<\/li>\n<li>Kunder i Canada: Den viste pris inkluderer g\u00e6ldende skatter, som kan omfatte 5% GST og yderligere Provincial Sales Taxes (PST), Harmonized Sales Tax (HST) eller Quebec Sales Tax (QST), afh\u00e6ngigt af din provins.<\/li>\n<\/ul>\n<p><strong>KUN for EU-kunder:<\/strong> Express DDP (Delivered Duty Paid). Dette betyder: <\/p>\n<ul>\n<li>Alle toldafgifter og skatter er inkluderet i den pris, der vises p\u00e5 produktsiden.<\/li>\n<li>Du skal ikke betale yderligere gebyrer ved levering.<\/li>\n<li>I sj\u00e6ldne tilf\u00e6lde af toldrelaterede problemer vil vores team h\u00e5ndtere fortoldningsprocessen p\u00e5 dine vegne for at sikre en problemfri leveringsoplevelse.<\/li>\n<p>Vigtig information om returnering:<\/p>\n<li>Hvis du beslutter at returnere din ordre eller anmode om refusion, skal du v\u00e6re opm\u00e6rksom p\u00e5, at skatter og afgifter, der er betalt p\u00e5 dine vegne i henhold til DDP-vilk\u00e5r, ikke kan refunderes.<\/li>\n<p>Se vores <a href=\"https:\/\/gpdstore.net\/da\/terms-of-service\/\" target=\"_blank\" rel=\"nofollow noopener\">vilk\u00e5r og betingelser<\/a> for detaljerede oplysninger.\n<\/ul>\n<p>[\/cg_accordion]\n[cg_accordion title=\"KUNDESUPPORT\"]<\/p>\n<p>Har du et sp\u00f8rgsm\u00e5l? Vi er kun en kort sms v\u00e6k fra at have l\u00f8st dit problem!<br \/>\n[\/cg_accordion]\n[cg_accordion title=\"HVAD DER ER INKLUDERET\"]<\/p>\n<ul>\n<li>1x SD1-dockingstation<\/li>\n<\/ul>\n<p>[\/cg_accordion]\n","protected":false},"featured_media":11334,"template":"","meta":{"_acf_changed":false},"product_brand":[],"product_cat":[1211],"product_tag":[14819,3219],"woo-feed-brand":[2493],"class_list":{"0":"post-8554","1":"product","2":"type-product","3":"status-publish","4":"has-post-thumbnail","6":"product_cat-tilbehor-da","7":"product_tag-40xmsale-da","8":"product_tag-droix-hub-da","9":"product_shipping_class-low-end","10":"product_shipping_class-standard","12":"pa_accessory-type-dockingstation","13":"pa_i-o-video-1x-hdmi-da","14":"woo-feed-brand-droix-da","16":"first","17":"outofstock","18":"sale","19":"taxable","20":"shipping-taxable","21":"purchasable","22":"product-type-simple"},"acf":[],"aioseo_notices":[],"_links":{"self":[{"href":"https:\/\/gpdstore.net\/da\/wp-json\/wp\/v2\/product\/8554","targetHints":{"allow":["GET"]}}],"collection":[{"href":"https:\/\/gpdstore.net\/da\/wp-json\/wp\/v2\/product"}],"about":[{"href":"https:\/\/gpdstore.net\/da\/wp-json\/wp\/v2\/types\/product"}],"wp:featuredmedia":[{"embeddable":true,"href":"https:\/\/gpdstore.net\/da\/wp-json\/wp\/v2\/media\/11334"}],"wp:attachment":[{"href":"https:\/\/gpdstore.net\/da\/wp-json\/wp\/v2\/media?parent=8554"}],"wp:term":[{"taxonomy":"product_brand","embeddable":true,"href":"https:\/\/gpdstore.net\/da\/wp-json\/wp\/v2\/product_brand?post=8554"},{"taxonomy":"product_cat","embeddable":true,"href":"https:\/\/gpdstore.net\/da\/wp-json\/wp\/v2\/product_cat?post=8554"},{"taxonomy":"product_tag","embeddable":true,"href":"https:\/\/gpdstore.net\/da\/wp-json\/wp\/v2\/product_tag?post=8554"},{"taxonomy":"woo-feed-brand","embeddable":true,"href":"https:\/\/gpdstore.net\/da\/wp-json\/wp\/v2\/woo-feed-brand?post=8554"}],"curies":[{"name":"wp","href":"https:\/\/api.w.org\/{rel}","templated":true}]}}