{"id":8476,"date":"2023-11-29T11:23:37","date_gmt":"2023-11-29T11:23:37","guid":{"rendered":"https:\/\/gpdstore.net\/Ikke%20kategoriseret\/gpd-g1-2024-egpu-dockingstation\/"},"modified":"2026-03-27T11:13:16","modified_gmt":"2026-03-27T11:13:16","slug":"gpd-g1","status":"publish","type":"product","link":"https:\/\/gpdstore.net\/da\/product\/gpd-g1\/","title":{"rendered":"GPD G1 (2024) eGPU-dockingstation"},"content":{"rendered":"\n<figure class=\"wp-block-image aligncenter size-full\"><img decoding=\"async\" src=\"https:\/\/gpdstore.net\/wp-content\/uploads\/\" alt=\"Billede af GPD G1 2024 eGPU Docking Station med AMD Radeon RX 7600M XT GPU, TGP Toggle Switch og alsidige tilslutningsmuligheder. Perfekt til gamere og professionelle. Forudbestil nu for at f&#xE5; revolutionerende muligheder\" class=\"wp-image-1471\"\/><\/figure>\n\n<h2 class=\"wp-block-heading\"><strong>GPD G1 2024 eGPU-dockingstationen: Et revolutionerende spring<\/strong><\/h2>\n\n<p>GPD G1 2024 eGPU Docking Station repr\u00e6senterer et betydeligt spring fremad i verdenen af eksterne grafikprocessorenheder. Denne dockingstation er designet til brugere, der har brug for b\u00e5de mobilitet og h\u00f8jtydende computere, og den omdefinerer standarderne i eGPU-industrien. Med banebrydende teknologi, herunder AMD Radeon RX 7600M XT-grafikkortet, og innovative funktioner som TGP Toggle Switch henvender GPD G1 eGPU-dockingstationen sig til b\u00e5de gamere og professionelle. Dens slanke og b\u00e6rbare design forbedrer ikke kun dit arbejdsomr\u00e5de, men leverer ogs\u00e5 kraftfuld ydeevne, uanset hvor du er. Med GPD G1 kan du omfavne fremtidens underholdning og produktivitet uden at g\u00e5 p\u00e5 kompromis.    <\/p>\n\n<figure class=\"wp-block-gallery has-nested-images columns-default is-cropped wp-block-gallery-1 is-layout-flex wp-block-gallery-is-layout-flex\">\n<figure class=\"wp-block-image size-large\"><img decoding=\"async\" data-id=\"1494\" src=\"https:\/\/gpdstore.net\/wp-content\/uploads\/\" alt=\"Billedet viser en GPD G1 h&#xE5;ndholdt enhed tilsluttet en WIN MAX 2 b&#xE6;rbar computer, hvor begge enheder er tilsluttet eksterne sk&#xE6;rme for udvidet sk&#xE6;rmops&#xE6;tning\" class=\"wp-image-1494\"\/><\/figure>\n\n\n\n<figure class=\"wp-block-image size-large\"><img decoding=\"async\" data-id=\"1493\" src=\"https:\/\/gpdstore.net\/wp-content\/uploads\/\" alt=\"Billedet viser en GPD G1 h&#xE5;ndholdt enhed, der er tilsluttet en WIN 4 b&#xE6;rbar computer sammen med eksterne sk&#xE6;rme, hvilket muligg&#xF8;r en ops&#xE6;tning med flere sk&#xE6;rme.\" class=\"wp-image-1493\"\/><\/figure>\n\n\n\n<figure class=\"wp-block-image size-large\"><img decoding=\"async\" data-id=\"1467\" src=\"https:\/\/gpdstore.net\/wp-content\/uploads\/\" alt=\"Billedet viser en GPD G1 h&#xE5;ndholdt enhed forbundet med en GPD Pocket 3, hvor begge enheder er forbundet med eksterne sk&#xE6;rme til en konfiguration med flere sk&#xE6;rme.\" class=\"wp-image-1467\"\/><\/figure>\n\n\n\n<figure class=\"wp-block-image size-large\"><img decoding=\"async\" data-id=\"1464\" src=\"https:\/\/gpdstore.net\/wp-content\/uploads\/\" alt=\"GPD G1 2024, en slank h&#xE5;ndholdt spilleenhed med en levende sk&#xE6;rm, ergonomiske kontroller og et moderne design.\" class=\"wp-image-1464\"\/><\/figure>\n\n\n\n<figure class=\"wp-block-image size-large\"><img fetchpriority=\"high\" decoding=\"async\" width=\"1000\" height=\"1000\" data-id=\"1465\" src=\"https:\/\/gpdstore.net\/wp-content\/uploads\/2024\/05\/GPD-G1_2024-USAGE-IMAGE-5.jpg\" alt=\"Billede af en GPD G1 h&#xE5;ndholdt enhed tilsluttet en b&#xE6;rbar computer.\" class=\"wp-image-1465\" srcset=\"https:\/\/gpdstore.net\/wp-content\/uploads\/2024\/05\/GPD-G1_2024-USAGE-IMAGE-5.jpg 1000w, https:\/\/gpdstore.net\/wp-content\/uploads\/2024\/05\/GPD-G1_2024-USAGE-IMAGE-5-600x600.jpg 600w, https:\/\/gpdstore.net\/wp-content\/uploads\/2024\/05\/GPD-G1_2024-USAGE-IMAGE-5-150x150.jpg 150w, https:\/\/gpdstore.net\/wp-content\/uploads\/2024\/05\/GPD-G1_2024-USAGE-IMAGE-5-768x768.jpg 768w, https:\/\/gpdstore.net\/wp-content\/uploads\/2024\/05\/GPD-G1_2024-USAGE-IMAGE-5-990x990.jpg 990w, https:\/\/gpdstore.net\/wp-content\/uploads\/2024\/05\/GPD-G1_2024-USAGE-IMAGE-5-441x441.jpg 441w, https:\/\/gpdstore.net\/wp-content\/uploads\/2024\/05\/GPD-G1_2024-USAGE-IMAGE-5-100x100.jpg 100w\" sizes=\"(max-width: 1000px) 100vw, 1000px\" \/><\/figure>\n\n\n\n<figure class=\"wp-block-image size-large\"><img decoding=\"async\" data-id=\"1466\" src=\"https:\/\/gpdstore.net\/wp-content\/uploads\/\" alt=\"GPD G1 2024 eGPU-dockingstation: AMD Radeon RX 7600M XT GPU, TGP Toggle Switch og alsidige tilslutningsmuligheder. Ideel til gamere og professionelle. \" class=\"wp-image-1466\"\/><\/figure>\n<\/figure>\n\n<div class=\"wp-block-columns is-layout-flex wp-container-core-columns-is-layout-28f84493 wp-block-columns-is-layout-flex\">\n<div class=\"wp-block-column is-layout-flow wp-block-column-is-layout-flow\" style=\"flex-basis:66.66%\">\n<figure class=\"wp-block-image size-full\"><img decoding=\"async\" src=\"https:\/\/gpdstore.net\/wp-content\/uploads\/\" alt=\"Billedet viser GPD G1 2024 eGPU Docking Station med AMD Radeon RX 7600M XT GPU, TGP Toggle Switch og alsidige tilslutningsmuligheder. Perfekt til gamere og professionelle, der s&#xF8;ger uovertruffen ydeevne og slankt design. \" class=\"wp-image-995\"\/><\/figure>\n<\/div>\n\n\n\n<div class=\"wp-block-column is-layout-flow wp-block-column-is-layout-flow\" style=\"flex-basis:33.33%\">\n<h2 class=\"wp-block-heading has-text-align-left\"><strong>GPD G1 2024<\/strong>. <strong><strong>Den mindste udvidelsesdock til grafikkort <\/strong><\/strong> <\/h2>\n\n\n\n<p>eGPU Docking Station s\u00e6tter nye standarder inden for teknologi og tilbyder uovertruffen ydeevne, design og funktionalitet. Med sin kraftfulde AMD Radeon RX 7600M XT GPU, innovative TGP Toggle Switch og alsidige tilslutningsmuligheder er det den ultimative l\u00f8sning for gamere og professionelle. Forudbestil GPD G1 2024 eGPU Docking Station i dag, og v\u00e6r blandt de f\u00f8rste til at opleve dens banebrydende funktioner. Tr\u00e6d ind i fremtiden med GPD G1 &#8211; hvor ydeevne m\u00f8der b\u00e6rbarhed.   <\/p>\n<\/div>\n<\/div>\n\n<h2 class=\"wp-block-heading has-text-align-center\">N\u00e6ste generations pr\u00e6stationskontrol: TGP og Connectivity for Power Users<\/h2>\n\n<div class=\"wp-block-columns is-layout-flex wp-container-core-columns-is-layout-28f84493 wp-block-columns-is-layout-flex\">\n<div class=\"wp-block-column is-layout-flow wp-block-column-is-layout-flow\">\n<figure class=\"wp-block-image size-full is-resized\"><img decoding=\"async\" src=\"https:\/\/gpdstore.net\/wp-content\/uploads\/\" alt=\"Billede af GPD G1 2024 eGPU Docking Station med AMD Radeon RX 7600M XT GPU, TGP Toggle Switch til forbedret kontrol af ydeevnen og alsidige tilslutningsmuligheder. Perfekt til gamere og professionelle. Forudbestil nu for at f&#xE5; revolutionerende muligheder.\" class=\"wp-image-1510\" style=\"width:281px;height:auto\"\/><\/figure>\n\n\n\n<h3 class=\"wp-block-heading\"><strong>Lydl\u00f8s tilstand vs. forbedret ydeevne: S\u00e5dan optimerer TGP-omskifteren (60W\/100W) din oplevelse<\/strong><\/h3>\n\n\n\n<p>Eksklusiv \u00bbTGP Toggle Key\u00ab, under gaming kan du frit skifte mellem lydl\u00f8s og performance-tilstand.<br\/>TGP Toggle Switch giver brugerne mulighed for at v\u00e6lge mellem Quiet Mode (60W TGP) for mindre st\u00f8j og Normal Mode (100W TGP) for forbedret performance, hvilket giver fleksibilitet baseret p\u00e5 brugernes behov.<\/p>\n<\/div>\n\n\n\n<div class=\"wp-block-column is-layout-flow wp-block-column-is-layout-flow\">\n<figure class=\"wp-block-image size-full is-resized\"><img decoding=\"async\" src=\"https:\/\/gpdstore.net\/wp-content\/uploads\/\" alt=\"Billede af GPD G1 2024 M.2 NVMe Protocol to Oculink SFF-8612 Interface Adapter Card, der giver kompakt udvidelse til grafikkort \" class=\"wp-image-1507\" style=\"width:284px;height:auto\"\/><\/figure>\n\n\n\n<h3 class=\"wp-block-heading\"><strong>Oculink-fordelen: Hvorfor SFF-8612-gr\u00e6nsefladen leverer overlegen b\u00e5ndbredde til eGPU&#8217;er<\/strong><\/h3>\n\n\n\n<p>ITX-bundkort som Z690I har typisk tre M.2-gr\u00e6nseflader, hvoraf den ene kan bruges til at tilslutte adapterkortet. Et Oculink SF-8611 dual-port-kabel kan derefter bruges til at forbinde adapterkortets Oculink SFF-8612-gr\u00e6nseflade med GPD G1&#8217;s Oculink SFF-8612-gr\u00e6nseflade. <\/p>\n<\/div>\n\n\n\n<div class=\"wp-block-column is-layout-flow wp-block-column-is-layout-flow\">\n<figure class=\"wp-block-image size-full is-resized\"><img decoding=\"async\" src=\"https:\/\/gpdstore.net\/wp-content\/uploads\/\" alt=\"Billede af GPD G1 2024 SFF-8612 Interface Adapter Card, den mindste udvidelsesdock til grafikkort.\" class=\"wp-image-1508\" style=\"width:227px;height:auto\"\/><\/figure>\n\n\n\n<h3 class=\"wp-block-heading\"><strong>L\u00f8sning af problemet med halv h\u00f8jde: Brug af det lange og korte beslag til montering af grafikkort<\/strong><\/h3>\n\n\n\n<p>Halvh\u00f8je grafikkort, der passer til ITX-kabinetter, er sj\u00e6ldne, og h\u00f8jtydende halvh\u00f8je grafikkort findes n\u00e6sten ikke. Derfor kan du installere et PCIe 3.0 x4 til Oculink SFF-8612 interface-adapterkort for at forbinde GPD G1. Det lange beslag og det korte beslag kan nemt udskiftes.  <\/p>\n\n\n\n<h3 class=\"wp-block-heading\"><strong><br\/><\/strong><\/h3>\n<\/div>\n<\/div>\n\n<h2 class=\"wp-block-heading\"><strong>Produktoversigt<\/strong><\/h2>\n\n<p>GPD G1 2024 eGPU Docking Station er indbegrebet af teknologisk fremskridt og ergonomisk design. Den drives af AMD Radeon RX 7600M XT GPU og RDNA 3.0-arkitektur og tilbyder uovertruffen grafisk ydeevne, der er velegnet til AAA-spil i op til 4K-opl\u00f8sning. Denne enhed henvender sig til en bred vifte af brugere, lige fra spilentusiaster, der s\u00f8ger high-end performance, til professionelle, der har brug for computerkraft p\u00e5 farten.  <\/p>\n\n<figure class=\"wp-block-image size-full\"><img decoding=\"async\" src=\"https:\/\/gpdstore.net\/wp-content\/uploads\/\" alt=\"Billede af GPD G1 2024 eGPU Docking Station med AMD Radeon RX 7600M XT GPU, TGP Toggle Switch og  \" class=\"wp-image-1511\"\/><\/figure>\n\n<p>GPD G1 2024 eGPU-dockingstationen tilbyder enest\u00e5ende alsidighed med sine OcuLink- og USB 4-tilslutningsmuligheder, der underst\u00f8tter en lang r\u00e6kke h\u00e5ndholdte gaming-pc&#8217;er og -enheder. Det kompakte og lette design, der kun m\u00e5ler 22,5 \u00d7 11,1 \u00d7 3,0 cm og vejer 920 g, sikrer b\u00e6rbarhed uden at g\u00e5 p\u00e5 kompromis med ydeevnen. Uanset om du er hjemme eller p\u00e5 farten, forbedrer GPD G1 eGPU-dockingstationen b\u00e5de gaming-sessioner og produktivitetsopgaver med lethed. Derudover udvider dens kompatibilitet med ROG ALLY X dens anvendelighed p\u00e5 tv\u00e6rs af flere spilsystemer.   <\/p>\n\n<figure class=\"wp-block-image aligncenter size-full\"><img decoding=\"async\" width=\"900\" height=\"559\" src=\"https:\/\/gpdstore.net\/wp-content\/uploads\/2024\/05\/3-1.png\" alt=\"Dimensioner p&#xE5; GPD G1 eGPU: Kompakt og pladsbesparende til problemfri integration.\" class=\"wp-image-1512\" srcset=\"https:\/\/gpdstore.net\/wp-content\/uploads\/2024\/05\/3-1.png 900w, https:\/\/gpdstore.net\/wp-content\/uploads\/2024\/05\/3-1-600x373.png 600w, https:\/\/gpdstore.net\/wp-content\/uploads\/2024\/05\/3-1-768x477.png 768w, https:\/\/gpdstore.net\/wp-content\/uploads\/2024\/05\/3-1-320x200.png 320w, https:\/\/gpdstore.net\/wp-content\/uploads\/2024\/05\/3-1-360x224.png 360w, https:\/\/gpdstore.net\/wp-content\/uploads\/2024\/05\/3-1-441x274.png 441w, https:\/\/gpdstore.net\/wp-content\/uploads\/2024\/05\/3-1-150x93.png 150w\" sizes=\"(max-width: 900px) 100vw, 900px\" \/><\/figure>\n\n<h2 class=\"wp-block-heading\"><strong>Detaljerede funktioner<\/strong><\/h2>\n\n<p><strong>Ydeevne:<\/strong> Dockingstationen GPD G1 2024 er bygget til at opfylde kravene til de mest kr\u00e6vende spil og kreative applikationer og har AMD Radeon RX 7600M XT GPU med 32 beregningsenheder, der er clocket op til 2300 MHz og 8 GB GDDR6-hukommelse. Enhedens 240W indbyggede GaN-oplader giver rigeligt med str\u00f8m til vedvarende ydeevne. <\/p>\n\n<p><strong>Grafisk ydeevne:<\/strong> Hjertet i GPD G1\u00bbs enest\u00e5ende ydeevne ligger i GPU\u00ab en. Den er i stand til at k\u00f8re spil og applikationer i op til 4K-opl\u00f8sning og leverer levende billeder og flydende gameplay, perfekt til AAA-titler. <\/p>\n\n<figure class=\"wp-block-image aligncenter size-full\"><img decoding=\"async\" src=\"https:\/\/gpdstore.net\/wp-content\/uploads\/\" alt=\"Billede af GPD G1 2024 eGPU Docking Station med AMD Radeon RX 7600M XT GPU, TGP Toggle Switch og alsidige tilslutningsmuligheder. Ideel til gamere og professionelle.  Forudbestil nu for at f&#xE5; revolutionerende muligheder.\" class=\"wp-image-1505\"\/><\/figure>\n\n<h2 class=\"wp-block-heading\"><strong>Opdaterede HDMI- og USB-porte<\/strong><\/h2>\n\n<p>GPD G1 2024 eGPU-modellen har en opdateret HDMI 2.1-port, der underst\u00f8tter 4K 120Hz-output, og en USB 4-port med 65W str\u00f8moutput, hvilket forbedrer den visuelle kvalitet og enhedskompatibiliteten.<\/p>\n\n<h2 class=\"wp-block-heading\"><strong>Brugeroplevelse<\/strong><\/h2>\n\n<p>GPD G1 omdefinerer brugeroplevelsen ved at tilbyde gaming-ydelse p\u00e5 skrivebordsniveau i et b\u00e6rbart format. Med flere USB-porte og HDMI- og dobbelt DisplayPort-udgange kan brugerne skabe fordybende spilops\u00e6tninger eller produktive multitasking-milj\u00f8er. Enhedens ergonomiske design og nemme ops\u00e6tningsproces sikrer, at brugerne kan begynde at spille eller arbejde inden for f\u00e5 minutter.  <\/p>\n\n<div class=\"wp-block-columns is-layout-flex wp-container-core-columns-is-layout-28f84493 wp-block-columns-is-layout-flex\">\n<div class=\"wp-block-column is-layout-flow wp-block-column-is-layout-flow\" style=\"flex-basis:100%\">\n<h2 class=\"wp-block-heading\"><strong>Konklusion<\/strong><\/h2>\n<\/div>\n<\/div>\n\n<p>GPD G1 2024 eGPU Docking Station er f\u00f8rende inden for teknologisk innovation og kombinerer overlegen ydeevne, slankt design og enest\u00e5ende funktionalitet. Udstyret med den formidable AMD Radeon RX 7600M XT GPU og en banebrydende TGP Toggle Switch giver den alsidige tilslutningsmuligheder og er kompatibel med ROG ALLY X. GPD G1 eGPU-dockingstationen er det endelige valg for dem, der sigter mod de h\u00f8jeste niveauer af spil og produktivitet. Tr\u00e6d ind i fremtidens underholdning med en enhed, der frig\u00f8r sig fra begr\u00e6nsningerne ved konventionel computerbrug.  <\/p>\n\n<h2 class=\"wp-block-heading has-text-align-center\">Bedste h\u00e5ndholdte pc-spil til GPD G1<\/h2>\n\n<p>GPD G1 2024 er en topmoderne eGPU, der dramatisk h\u00e6ver spilydelsen p\u00e5 forskellige pc-h\u00e5ndholdte, hvilket g\u00f8r den til et ideelt tilbeh\u00f8r til GPD WIN MAX 2 2024, WIN 4 2024 og WIN Mini 2024. GPD Win Max 2 2024 har en stor 10,1-tommers sk\u00e6rm, en kraftfuld Intel 12. generations processor og et tastatur i fuld st\u00f8rrelse, hvilket giver en alsidig l\u00f8sning til b\u00e5de spil og produktivitet. GPD Win 4 2024 har et kompakt design med et udskydeligt tastatur og drives af en AMD Ryzen 7 7840U-processor, der skaber en perfekt balance mellem b\u00e6rbarhed og kraft. GPD Win Mini 2024, den nyeste og mindste i serien, leverer en imponerende ydeevne med sit effektive design og avancerede indmad, hvilket g\u00f8r den til et ideelt valg for gamere p\u00e5 farten. N\u00e5r de parres med GPD G1 2024, forvandles disse enheder til b\u00e6rbare gaming-kraftcentre, der er i stand til at h\u00e5ndtere de nyeste AAA-titler med lethed og give en problemfri, fordybende spiloplevelse.<\/p>\n","protected":false},"excerpt":{"rendered":"<ul>\n<li>GPU: AMD Radeon\u2122<strong> RX 7600M XT<\/strong> eGPU  <\/li>\n<li>KOMPATIBILITET:<strong> OCuLink, USB 4, Thunderbolt 3 &amp; 4<\/strong><\/li>\n<li>OCULINK:<strong> PCI Express-forbindelse<\/strong><\/li>\n<li>USB 4:<strong> op til 40 Gbps<\/strong><\/li>\n<li>Designet til: <strong>GPD<\/strong> WIN MAX 2, WIN 4, WIN Mini, ROG Ally X  <\/li>\n<\/ul>\n[cg_accordion title=\"INFO OM BETALING\"]<\/p>\n<p>Vi bruger den nyeste teknologi inden for betalingsbehandling, som giver dig mulighed for at betale via dit betalingskort eller PayPal for en hurtig og sikker oplevelse.[\/cg_accordion]\n[cg_accordion title=\"GARANTI\"]<\/p>\n<p>2 \u00e5rs garanti fra <a href=\"https:\/\/droix.net\/\" target=\"_blank\" rel=\"nofollow noopener\">DROIX Global<\/a> for at give dig ro i sindet[\/cg_accordion]\n[cg_accordion title=\"KVALITETSSIKRING OG TEST F\u00d8R AFSENDELSE\"]<\/p>\n<p>Sikrer kundetilfredshed p\u00e5 h\u00f8jeste niveau: Hver enhed gennemg\u00e5r strenge tests og et kvalitetssikringstjek p\u00e5 flere punkter, f\u00f8r den sendes af sted. Vores dedikerede team kontrollerer ydeevne, funktionalitet og komponentintegritet for at garantere, at din GPD-enhed er i perfekt stand ved ankomsten, hvilket giver dig tillid og ro i sindet. [\/cg_accordion]\n[cg_accordion title=\"PRISER, AFGIFTER OG FORSENDELSE\"]<\/p>\n<p><strong><u>Bem\u00e6rk:<\/u><\/strong><\/p>\n<ul>\n<li>Kunder i USA: Den viste pris inkluderer IKKE SKAT eller afgifter. Ansvaret for at toldbehandle og betale eventuelle tilknyttede skatter\/afgifter ligger hos kunden. <\/li>\n<li>EU-kunder: Den viste pris inkluderer g\u00e6ldende SKAT, som kan v\u00e6re op til 25% afh\u00e6ngigt af dit land.<\/li>\n<li>Kunder i Canada: Den viste pris inkluderer g\u00e6ldende skatter, som kan omfatte 5% GST og yderligere Provincial Sales Taxes (PST), Harmonized Sales Tax (HST) eller Quebec Sales Tax (QST), afh\u00e6ngigt af din provins.<\/li>\n<\/ul>\n<p><strong>KUN for EU-kunder:<\/strong> Express DDP (Delivered Duty Paid). Dette betyder: <\/p>\n<ul>\n<li>Alle toldafgifter og skatter er inkluderet i den pris, der vises p\u00e5 produktsiden.<\/li>\n<li>Du skal ikke betale yderligere gebyrer ved levering.<\/li>\n<li>I sj\u00e6ldne tilf\u00e6lde af toldrelaterede problemer vil vores team h\u00e5ndtere fortoldningsprocessen p\u00e5 dine vegne for at sikre en problemfri leveringsoplevelse.<\/li>\n<p>Vigtig information om returnering:<\/p>\n<li>Hvis du beslutter at returnere din ordre eller anmode om refusion, skal du v\u00e6re opm\u00e6rksom p\u00e5, at skatter og afgifter, der er betalt p\u00e5 dine vegne i henhold til DDP-vilk\u00e5r, ikke kan refunderes.<\/li>\n<p>Se vores <a href=\"https:\/\/droix.net\/terms-and-conditions\/\" target=\"_blank\" rel=\"nofollow noopener\">vilk\u00e5r og betingelser<\/a> for detaljerede oplysninger.\n<\/ul>\n<p>[\/cg_accordion]\n[cg_accordion title=\"KUNDESUPPORT\"]<\/p>\n<p>Har du et sp\u00f8rgsm\u00e5l? Vi er kun en kort sms v\u00e6k fra at have l\u00f8st dit problem! <\/p>\n<p>Se vores <a href=\"https:\/\/gpdstore.net\/da\/terms-of-service\/\" target=\"_blank\" rel=\"nofollow noopener\">vilk\u00e5r og betingelser<\/a> for detaljerede oplysninger.\n<\/ul>\n<p>[\/cg_accordion]\n[cg_accordion title=\"HVAD DER ER INKLUDERET\"]<\/p>\n<ul>\n<li>1x GPD G1 2024<\/li>\n<li>1x str\u00f8madapter<\/li>\n<li>1x USB Type-C-kabel<\/li>\n<li>1x brugervejledning<\/li>\n<\/ul>\n<p>[\/cg_accordion]\n","protected":false},"featured_media":15371,"template":"","meta":{"_acf_changed":false},"product_brand":[],"product_cat":[1211],"product_tag":[16610,1967],"woo-feed-brand":[981],"class_list":{"0":"post-8476","1":"product","2":"type-product","3":"status-publish","4":"has-post-thumbnail","6":"product_cat-tilbehor-da","7":"product_tag-10xmsale-da","8":"product_tag-gpd-g1-da","9":"product_shipping_class-premium","10":"pa_brand-gpd","11":"pa_graphics-gpu-model-radeon-rx-7600m-xt-da","12":"pa_i-o-video-1x-oculink-da","13":"pa_i-o-video-via-1x-usb-4-0-type-c-40gb-s-da","14":"woo-feed-brand-gpd-da","16":"first","17":"outofstock","18":"taxable","19":"shipping-taxable","20":"purchasable","21":"product-type-variable","22":"has-default-attributes"},"acf":[],"aioseo_notices":[],"_links":{"self":[{"href":"https:\/\/gpdstore.net\/da\/wp-json\/wp\/v2\/product\/8476","targetHints":{"allow":["GET"]}}],"collection":[{"href":"https:\/\/gpdstore.net\/da\/wp-json\/wp\/v2\/product"}],"about":[{"href":"https:\/\/gpdstore.net\/da\/wp-json\/wp\/v2\/types\/product"}],"wp:featuredmedia":[{"embeddable":true,"href":"https:\/\/gpdstore.net\/da\/wp-json\/wp\/v2\/media\/15371"}],"wp:attachment":[{"href":"https:\/\/gpdstore.net\/da\/wp-json\/wp\/v2\/media?parent=8476"}],"wp:term":[{"taxonomy":"product_brand","embeddable":true,"href":"https:\/\/gpdstore.net\/da\/wp-json\/wp\/v2\/product_brand?post=8476"},{"taxonomy":"product_cat","embeddable":true,"href":"https:\/\/gpdstore.net\/da\/wp-json\/wp\/v2\/product_cat?post=8476"},{"taxonomy":"product_tag","embeddable":true,"href":"https:\/\/gpdstore.net\/da\/wp-json\/wp\/v2\/product_tag?post=8476"},{"taxonomy":"woo-feed-brand","embeddable":true,"href":"https:\/\/gpdstore.net\/da\/wp-json\/wp\/v2\/woo-feed-brand?post=8476"}],"curies":[{"name":"wp","href":"https:\/\/api.w.org\/{rel}","templated":true}]}}