{"id":8408,"date":"2024-01-23T13:57:51","date_gmt":"2024-01-23T13:57:51","guid":{"rendered":"https:\/\/gpdstore.net\/Ikke%20kategoriseret\/usb-4-0-type-c-kabel\/"},"modified":"2025-12-23T10:22:35","modified_gmt":"2025-12-23T10:22:35","slug":"usb-4-0-type-c-cable","status":"publish","type":"product","link":"https:\/\/gpdstore.net\/da\/product\/usb-4-0-type-c-cable\/","title":{"rendered":"USB 4.0 Type-C-kabel"},"content":{"rendered":"\n<h3 class=\"wp-block-heading\"><strong>L\u00f8ft forbindelsesmulighederne med vores banebrydende USB 4.0 Type-C-kabel<\/strong><br\/><strong>Udforsk kraften i s\u00f8ml\u00f8s forbindelse<\/strong><\/h3>\n\n<h4 class=\"wp-block-heading\"><strong>Frig\u00f8r potentialet i data<\/strong><\/h4>\n\n<p>Slip datapotentialet l\u00f8s med vores revolutionerende USB 4.0 Type-C-kabel. Med en imponerende dataoverf\u00f8rselshastighed p\u00e5 40 Gbps sikrer det hurtige filoverf\u00f8rsler og eliminerer besv\u00e6ret med forsinkede overf\u00f8rsler. <\/p>\n\n<h4 class=\"wp-block-heading\"><strong>Kompatibilitet, der er klar til fremtiden<\/strong><\/h4>\n\n<p>Hold dig p\u00e5 forkant med teknologien med vores kabels kompatibilitet med Thunderbolt 3 og 4. Det garanterer problemfri integration med de nyeste enheder og sikrer, at din forbindelsesl\u00f8sning forbliver opdateret langt ud i fremtiden. <\/p>\n\n<h4 class=\"wp-block-heading\"><strong>Uovertruffen str\u00f8mforsyning<\/strong><\/h4>\n\n<p>Oplev f\u00f8rsteklasses str\u00f8mforsyningsfunktioner med vores USB 4.0 Type-C-kabel, der leverer enest\u00e5ende 240 W. Det betyder hurtigere opladning og forl\u00e6nget oppetid for enheden, hvilket giver mulighed for uafbrudt tilslutning. <\/p>\n\n<h4 class=\"wp-block-heading\"><strong>Fordyb dig i enest\u00e5ende visuel virkelighedstrohed<\/strong><\/h4>\n\n<p>Fordyb dig i en verden af fantastisk klarhed med underst\u00f8ttelse af op til 8K ved 60 Hz. Hver detalje kommer til live med bem\u00e6rkelsesv\u00e6rdig pr\u00e6cision og henvender sig til skabere af indhold i h\u00f8j opl\u00f8sning, gamere og underholdningsentusiaster. <\/p>\n\n<h4 class=\"wp-block-heading\"><strong>Innovativ sk\u00e6rm for str\u00f8mforbrug<\/strong><\/h4>\n\n<p>Hold dig orienteret om str\u00f8mforbruget med den integrerede sk\u00e6rm p\u00e5 USB-stikket, som giver information om str\u00f8mforbruget i realtid. Overv\u00e5g dine enheders str\u00f8mforbrug og f\u00e5 en mere effektiv og kontrolleret opladningsoplevelse. <\/p>\n\n<h4 class=\"wp-block-heading\"><strong>Skr\u00e6ddersyede l\u00f8sninger til dine behov<\/strong><\/h4>\n\n<p>V\u00e6lg den l\u00e6ngde, der passer bedst til din ops\u00e6tning, med muligheder som standardkablet i 0,8 m og 1,5 m eller det L-formede kabel, der ogs\u00e5 f\u00e5s i 0,8 m og 1,5 m varianter. Uanset om du prioriterer fleksibilitet eller har brug for en pladsbesparende l\u00f8sning, opfylder vores USB 4.0 Type-C-kabel dine tilslutningsbehov. <\/p>\n\n<h4 class=\"wp-block-heading\"><strong>Oplev tilslutningsmuligheder uden kompromisser<\/strong><\/h4>\n\n<p>Vores USB 4.0 Type-C-kabel er fremstillet med pr\u00e6cision og ekspertise og er den ultimative f\u00f8lgesvend for teknologientusiaster, kreative fagfolk og hverdagsbrugere, der kr\u00e6ver fremragende forbindelsesl\u00f8sninger. Omfavn en verden af ubegr\u00e6nsede muligheder med USB 4.0 Type-C-kablet. <\/p>\n","protected":false},"excerpt":{"rendered":"<ul>\n<li><strong>40 Gbps<\/strong> dataoverf\u00f8rselshastighed<\/li>\n<li>Thunderbolt <strong>3<\/strong> og <strong>4<\/strong><\/li>\n<li>Op til <strong>240W<\/strong> str\u00f8mforsyning<\/li>\n<li>Underst\u00f8tter op til <strong>8K @ 60Hz<\/strong> videooutput<\/li>\n<li>Indbygget <strong>watt-visning<\/strong><\/li>\n<\/ul>\n[cg_accordion title=\"INFO OM BETALING\"]<\/p>\n<p>Vi bruger den nyeste teknologi inden for betalingsbehandling, som giver dig mulighed for at betale via dit betalingskort eller PayPal for en hurtig og sikker oplevelse.[\/cg_accordion]\n[cg_accordion title=\"GARANTI\"]<\/p>\n<p>2 \u00e5rs garanti fra <a href=\"https:\/\/droix.net\/\" target=\"_blank\" rel=\"nofollow noopener\">DROIX Global<\/a> for at give dig ro i sindet[\/cg_accordion]\n[cg_accordion title=\"PRISER, AFGIFTER OG FORSENDELSE\"]<\/p>\n<p><strong><u>Bem\u00e6rk:<\/u><\/strong><\/p>\n<ul>\n<li>Kunder i USA: Den viste pris inkluderer IKKE SKAT eller afgifter. Ansvaret for at toldbehandle og betale eventuelle tilknyttede skatter\/afgifter ligger hos kunden. <\/li>\n<li>EU-kunder: Den viste pris inkluderer g\u00e6ldende SKAT, som kan v\u00e6re op til 25% afh\u00e6ngigt af dit land.<\/li>\n<li>Kunder i Canada: Den viste pris inkluderer g\u00e6ldende skatter, som kan omfatte 5% GST og yderligere Provincial Sales Taxes (PST), Harmonized Sales Tax (HST) eller Quebec Sales Tax (QST), afh\u00e6ngigt af din provins.<\/li>\n<\/ul>\n<p><strong>KUN for EU-kunder:<\/strong> Express DDP (Delivered Duty Paid). Dette betyder: <\/p>\n<ul>\n<li>Alle toldafgifter og skatter er inkluderet i den pris, der vises p\u00e5 produktsiden.<\/li>\n<li>Du skal ikke betale yderligere gebyrer ved levering.<\/li>\n<li>I sj\u00e6ldne tilf\u00e6lde af toldrelaterede problemer vil vores team h\u00e5ndtere fortoldningsprocessen p\u00e5 dine vegne for at sikre en problemfri leveringsoplevelse.<\/li>\n<p>Vigtig information om returnering:<\/p>\n<li>Hvis du beslutter at returnere din ordre eller anmode om refusion, skal du v\u00e6re opm\u00e6rksom p\u00e5, at skatter og afgifter, der er betalt p\u00e5 dine vegne i henhold til DDP-vilk\u00e5r, ikke kan refunderes.<\/li>\n<p>Se vores <a href=\"https:\/\/droix.net\/terms-and-conditions\/\" target=\"_blank\" rel=\"nofollow noopener\">vilk\u00e5r og betingelser<\/a> for detaljerede oplysninger.\n<\/ul>\n<p>[\/cg_accordion]\n[cg_accordion title=\"KUNDESUPPORT\"]<\/p>\n<p>Har du et sp\u00f8rgsm\u00e5l? Vi er kun en kort sms v\u00e6k fra at have l\u00f8st dit problem! <\/p>\n<p>Se vores <a href=\"https:\/\/gpdstore.net\/da\/terms-of-service\/\" target=\"_blank\" rel=\"nofollow noopener\">vilk\u00e5r og betingelser<\/a> for detaljerede oplysninger.\n<\/ul>\n<p>[\/cg_accordion]\n[cg_accordion title=\"HVAD DER ER INKLUDERET\"]<\/p>\n<ul>\n<li>1x USB 4.0 Type-C-kabel<\/li>\n<\/ul>\n<p>[\/cg_accordion]\n","protected":false},"featured_media":10960,"template":"","meta":{"_acf_changed":false},"product_brand":[],"product_cat":[1211],"product_tag":[12559,4584],"woo-feed-brand":[2493],"class_list":{"0":"post-8408","1":"product","2":"type-product","3":"status-publish","4":"has-post-thumbnail","6":"product_cat-tilbehor-da","7":"product_tag-40bfsale-da","8":"product_tag-generelt-tilbehor","9":"product_shipping_class-low-end","10":"pa_accessory-type-kabel-da","11":"pa_i-o-video-1x-via-usb-4-0-type-c-dp-8k60hz-da","12":"woo-feed-brand-droix-da","14":"first","15":"outofstock","16":"sale","17":"taxable","18":"shipping-taxable","19":"purchasable","20":"product-type-variable","21":"has-default-attributes"},"acf":[],"aioseo_notices":[],"_links":{"self":[{"href":"https:\/\/gpdstore.net\/da\/wp-json\/wp\/v2\/product\/8408","targetHints":{"allow":["GET"]}}],"collection":[{"href":"https:\/\/gpdstore.net\/da\/wp-json\/wp\/v2\/product"}],"about":[{"href":"https:\/\/gpdstore.net\/da\/wp-json\/wp\/v2\/types\/product"}],"wp:featuredmedia":[{"embeddable":true,"href":"https:\/\/gpdstore.net\/da\/wp-json\/wp\/v2\/media\/10960"}],"wp:attachment":[{"href":"https:\/\/gpdstore.net\/da\/wp-json\/wp\/v2\/media?parent=8408"}],"wp:term":[{"taxonomy":"product_brand","embeddable":true,"href":"https:\/\/gpdstore.net\/da\/wp-json\/wp\/v2\/product_brand?post=8408"},{"taxonomy":"product_cat","embeddable":true,"href":"https:\/\/gpdstore.net\/da\/wp-json\/wp\/v2\/product_cat?post=8408"},{"taxonomy":"product_tag","embeddable":true,"href":"https:\/\/gpdstore.net\/da\/wp-json\/wp\/v2\/product_tag?post=8408"},{"taxonomy":"woo-feed-brand","embeddable":true,"href":"https:\/\/gpdstore.net\/da\/wp-json\/wp\/v2\/woo-feed-brand?post=8408"}],"curies":[{"name":"wp","href":"https:\/\/api.w.org\/{rel}","templated":true}]}}