{"id":8369,"date":"2024-01-23T12:16:16","date_gmt":"2024-01-23T12:16:16","guid":{"rendered":"https:\/\/gpdstore.net\/Ikke%20kategoriseret\/gpd-micro-pc\/"},"modified":"2025-12-23T10:23:33","modified_gmt":"2025-12-23T10:23:33","slug":"gpd-micro-pc","status":"publish","type":"product","link":"https:\/\/gpdstore.net\/da\/product\/gpd-micro-pc\/","title":{"rendered":"GPD Micro PC UMPC"},"content":{"rendered":"\n<figure class=\"wp-block-video\"><video controls=\"\" muted=\"\" poster=\"https:\/\/gpdstore.net\/wp-content\/uploads\/2024\/01\/gpd-hero.jpg\" src=\"https:\/\/gpdstore.net\/wp-content\/uploads\/2024\/01\/Video-Project-22.mp4\"><\/video><\/figure>\n\n<div class=\"wp-block-columns is-layout-flex wp-container-core-columns-is-layout-28f84493 wp-block-columns-is-layout-flex\">\n<div class=\"wp-block-column is-layout-flow wp-block-column-is-layout-flow\" style=\"flex-basis:33.33%\">\n<figure class=\"wp-block-image size-full\"><img fetchpriority=\"high\" decoding=\"async\" width=\"1200\" height=\"929\" src=\"https:\/\/gpdstore.net\/wp-content\/uploads\/2024\/05\/1271643.jpg\" alt=\"GPD Micro PC, en kompakt og alsidig mini-pc designet til on-the-go computing og produktivitet.\" class=\"wp-image-1670\" srcset=\"https:\/\/gpdstore.net\/wp-content\/uploads\/2024\/05\/1271643.jpg 1200w, https:\/\/gpdstore.net\/wp-content\/uploads\/2024\/05\/1271643-150x116.jpg 150w, https:\/\/gpdstore.net\/wp-content\/uploads\/2024\/05\/1271643-600x465.jpg 600w, https:\/\/gpdstore.net\/wp-content\/uploads\/2024\/05\/1271643-768x595.jpg 768w, https:\/\/gpdstore.net\/wp-content\/uploads\/2024\/05\/1271643-990x766.jpg 990w, https:\/\/gpdstore.net\/wp-content\/uploads\/2024\/05\/1271643-441x341.jpg 441w\" sizes=\"(max-width: 1200px) 100vw, 1200px\" \/><\/figure>\n<\/div>\n\n\n\n<div class=\"wp-block-column is-layout-flow wp-block-column-is-layout-flow\" style=\"flex-basis:66.66%\">\n<h2 class=\"wp-block-heading\">Mobilt produktivitetsv\u00e6rkt\u00f8j med flere gr\u00e6nseflader: 6&#8243; MicroPC!<\/h2>\n\n\n\n<p>Mens Microsoft Surface Go er blevet hyldet som et kompakt, let og prisbilligt kraftv\u00e6rk, tager 6&#8243; MicroPC&#8217;en det til n\u00e6ste niveau. Ikke alene er den mindre end Surface Go, men den har ogs\u00e5 flere gr\u00e6nseflader, hvilket g\u00f8r den til en utrolig alsidig enhed. Dette vidunder i h\u00e5ndfladest\u00f8rrelse, der kun m\u00e5ler 15 mm p\u00e5 det tyndeste sted og kun vejer 440 g, er designet til at v\u00e6re ultrab\u00e6rbar uden at g\u00e5 p\u00e5 kompromis med ydeevnen. Med et termisk designstr\u00f8mforbrug p\u00e5 kun 10 W leverer MicroPC&#8217;en en ydeevne p\u00e5 niveau med Surface Go, alt sammen til en mere budgetvenlig pris. MicroPC&#8217;en er ideel til professionelle i alle brancher og er det vigtigste mobile produktivitetsv\u00e6rkt\u00f8j!<\/p>\n<\/div>\n<\/div>\n\n<h2 class=\"wp-block-heading has-text-align-center\">Ekstrem b\u00e6rbarhed m\u00f8der praktisk design: GPD Micro PC specifikationer og formfaktor<\/h2>\n\n<div class=\"wp-block-columns is-layout-flex wp-container-core-columns-is-layout-28f84493 wp-block-columns-is-layout-flex\">\n<div class=\"wp-block-column is-layout-flow wp-block-column-is-layout-flow\">\n<figure class=\"wp-block-image size-full is-resized\"><img decoding=\"async\" width=\"1000\" height=\"899\" src=\"https:\/\/gpdstore.net\/wp-content\/uploads\/2024\/05\/714PPtewL._AC_UF10001000_QL80_.jpg\" alt=\"GPD Micro PC med en 6-tommers IPS-sk&#xE6;rm, ideel til b&#xE6;rbare computere og multimedieopgaver.\" class=\"wp-image-1675\" style=\"width:299px;height:auto\" srcset=\"https:\/\/gpdstore.net\/wp-content\/uploads\/2024\/05\/714PPtewL._AC_UF10001000_QL80_.jpg 1000w, https:\/\/gpdstore.net\/wp-content\/uploads\/2024\/05\/714PPtewL._AC_UF10001000_QL80_-150x135.jpg 150w, https:\/\/gpdstore.net\/wp-content\/uploads\/2024\/05\/714PPtewL._AC_UF10001000_QL80_-600x539.jpg 600w, https:\/\/gpdstore.net\/wp-content\/uploads\/2024\/05\/714PPtewL._AC_UF10001000_QL80_-768x690.jpg 768w, https:\/\/gpdstore.net\/wp-content\/uploads\/2024\/05\/714PPtewL._AC_UF10001000_QL80_-990x890.jpg 990w, https:\/\/gpdstore.net\/wp-content\/uploads\/2024\/05\/714PPtewL._AC_UF10001000_QL80_-441x396.jpg 441w\" sizes=\"(max-width: 1000px) 100vw, 1000px\" \/><\/figure>\n\n\n\n<h3 class=\"wp-block-heading\">Den ultimative lomme-pc: Hvorfor 6-tommer-formfaktoren er perfekt til digitale nomader<\/h3>\n\n\n\n<p>Med en st\u00f8rrelse p\u00e5 kun 6 x 4 tommer og en v\u00e6gt p\u00e5 kun 440 gram er denne mini-pc perfekt til professionelle, studerende og digitale nomader, der altid er p\u00e5 farten. Med en quad-core Intel-processor, <a href=\"https:\/\/gpdstore.net\/da\/product-attribute\/memory-ram-capacity\/8-gb-da\/\" target=\"_blank\" rel=\"noreferrer noopener\">8 GB<\/a> RAM og <a href=\"https:\/\/gpdstore.net\/da\/product-attribute\/storage-capacity\/256-gb-da\/\" target=\"_blank\" data-type=\"link\" data-id=\"https:\/\/gpdstore.net\/product-attribute\/storage-capacity\/256gb\/\" rel=\"noreferrer noopener\">256 GB<\/a>, <a href=\"https:\/\/gpdstore.net\/da\/product-attribute\/storage-capacity\/512-gb-da\/\" target=\"_blank\" rel=\"noreferrer noopener\">512 GB<\/a> eller <a href=\"https:\/\/gpdstore.net\/da\/product-attribute\/storage-capacity\/1tb-da\/\" target=\"_blank\" rel=\"noreferrer noopener\">1 TB<\/a> lagerplads leverer den en hurtig ydeevne til multitasking og underholdning p\u00e5 den h\u00f8jopl\u00f8ste sk\u00e6rm.<\/p>\n<\/div>\n\n\n\n<div class=\"wp-block-column is-layout-flow wp-block-column-is-layout-flow\">\n<figure class=\"wp-block-image size-full\"><img decoding=\"async\" width=\"300\" height=\"300\" src=\"https:\/\/gpdstore.net\/wp-content\/uploads\/2024\/05\/078e6b89-8d78-4318-bf09-8caf8fecef63.__CR1800840840_PT0_SX300_V1___.jpg\" alt=\"GPD Micro PC, designet til at v&#xE6;re slagfast for holdbarhed i forskellige milj&#xF8;er\" class=\"wp-image-1672\" srcset=\"https:\/\/gpdstore.net\/wp-content\/uploads\/2024\/05\/078e6b89-8d78-4318-bf09-8caf8fecef63.__CR1800840840_PT0_SX300_V1___.jpg 300w, https:\/\/gpdstore.net\/wp-content\/uploads\/2024\/05\/078e6b89-8d78-4318-bf09-8caf8fecef63.__CR1800840840_PT0_SX300_V1___-150x150.jpg 150w, https:\/\/gpdstore.net\/wp-content\/uploads\/2024\/05\/078e6b89-8d78-4318-bf09-8caf8fecef63.__CR1800840840_PT0_SX300_V1___-100x100.jpg 100w\" sizes=\"(max-width: 300px) 100vw, 300px\" \/><\/figure>\n\n\n\n<h3 class=\"wp-block-heading\"><strong>ABS-skal i flykvalitet: Gennemgang af GPD Micro PC&#8217;s holdbarhed og beskyttelse<\/strong><\/h3>\n\n\n\n<p>Dette materiale er fremstillet af f\u00f8rsteklasses ABS-syntetisk harpiks af luftfartskvalitet LG-DOW 121H, der er importeret fra Sydkorea, og som giver enest\u00e5ende holdbarhed og beskyttelse. Med en betydelig tykkelse p\u00e5 1 mm kan det prale af flammeh\u00e6mning, h\u00f8j varmebestandighed og V-0 brandsikker certificering. Dens imponerende Rockwell-h\u00e5rdhed p\u00e5 op til 109 R og b\u00f8jningsstyrke p\u00e5 26000 kg\/cm\u00b2.<\/p>\n<\/div>\n\n\n\n<div class=\"wp-block-column is-layout-flow wp-block-column-is-layout-flow\">\n<figure class=\"wp-block-image size-full\"><img loading=\"lazy\" decoding=\"async\" width=\"300\" height=\"300\" src=\"https:\/\/gpdstore.net\/wp-content\/uploads\/2024\/05\/84908091-c530-4179-9369-d0a566b13ce8.__CR1260949949_PT0_SX300_V1___.jpg\" alt=\"GPD Micro PC med underst&#xF8;ttelse af udvidet periferiudstyr, der muligg&#xF8;r alsidige tilslutningsmuligheder og funktionalitet i en kompakt form\" class=\"wp-image-1674\" srcset=\"https:\/\/gpdstore.net\/wp-content\/uploads\/2024\/05\/84908091-c530-4179-9369-d0a566b13ce8.__CR1260949949_PT0_SX300_V1___.jpg 300w, https:\/\/gpdstore.net\/wp-content\/uploads\/2024\/05\/84908091-c530-4179-9369-d0a566b13ce8.__CR1260949949_PT0_SX300_V1___-150x150.jpg 150w, https:\/\/gpdstore.net\/wp-content\/uploads\/2024\/05\/84908091-c530-4179-9369-d0a566b13ce8.__CR1260949949_PT0_SX300_V1___-100x100.jpg 100w\" sizes=\"(max-width: 300px) 100vw, 300px\" \/><\/figure>\n\n\n\n<h3 class=\"wp-block-heading\"><strong>Udvidelse af lagerplads og funktionalitet: Brug af USB 3.0 og Micro SD-slot<\/strong><\/h3>\n\n\n\n<p>Udstyret med tre USB 3.0-gr\u00e6nseflader og et Micro SD-slot kan denne enhed rumme op til fire eksterne lagerenheder, hvilket giver n\u00e6sten ubegr\u00e6nset lagerkapacitet. Men alsidigheden stopper ikke der. Med mulighed for at tilslutte ekstra periferiudstyr via hubben kan du tilpasse din ops\u00e6tning, s\u00e5 den passer til dine behov, uanset om det drejer sig om at \u00f8ge produktiviteten eller udvide funktionaliteten.<\/p>\n<\/div>\n<\/div>\n\n<figure class=\"wp-block-image size-large\"><img loading=\"lazy\" decoding=\"async\" width=\"1200\" height=\"563\" src=\"https:\/\/gpdstore.net\/wp-content\/uploads\/2024\/05\/1068053-1200x563.jpg\" alt=\"GPD Micro PC, en kompakt og kraftfuld minicomputer, der er ideel til mobil computing og produktivitet p&#xE5; farten\" class=\"wp-image-1678\" srcset=\"https:\/\/gpdstore.net\/wp-content\/uploads\/2024\/05\/1068053-1200x563.jpg 1200w, https:\/\/gpdstore.net\/wp-content\/uploads\/2024\/05\/1068053-150x70.jpg 150w, https:\/\/gpdstore.net\/wp-content\/uploads\/2024\/05\/1068053-600x281.jpg 600w, https:\/\/gpdstore.net\/wp-content\/uploads\/2024\/05\/1068053-768x360.jpg 768w, https:\/\/gpdstore.net\/wp-content\/uploads\/2024\/05\/1068053-1536x720.jpg 1536w, https:\/\/gpdstore.net\/wp-content\/uploads\/2024\/05\/1068053-990x464.jpg 990w, https:\/\/gpdstore.net\/wp-content\/uploads\/2024\/05\/1068053-441x207.jpg 441w, https:\/\/gpdstore.net\/wp-content\/uploads\/2024\/05\/1068053.jpg 1920w\" sizes=\"(max-width: 1200px) 100vw, 1200px\" \/><\/figure>\n\n<p><br\/>Oplev f\u00f8rsteklasses ydeevne i en kompakt pakke med GPD Micro PC. Denne Windows 10 PRO mini-b\u00e6rbare computer er skr\u00e6ddersyet til dem, der s\u00f8ger en hurtig og effektiv industri-pc med robuste kommunikationsporte.<\/p>\n\n<figure class=\"wp-block-image size-large\"><img loading=\"lazy\" decoding=\"async\" width=\"1200\" height=\"600\" src=\"https:\/\/gpdstore.net\/wp-content\/uploads\/2024\/05\/MicroPC-1200x600.jpg\" alt=\"GPD Micro PC, en lille, men kraftfuld b&#xE6;rbar computer designet til alsidige computeropgaver\" class=\"wp-image-1677\" srcset=\"https:\/\/gpdstore.net\/wp-content\/uploads\/2024\/05\/MicroPC-1200x600.jpg 1200w, https:\/\/gpdstore.net\/wp-content\/uploads\/2024\/05\/MicroPC-150x75.jpg 150w, https:\/\/gpdstore.net\/wp-content\/uploads\/2024\/05\/MicroPC-600x300.jpg 600w, https:\/\/gpdstore.net\/wp-content\/uploads\/2024\/05\/MicroPC-768x384.jpg 768w, https:\/\/gpdstore.net\/wp-content\/uploads\/2024\/05\/MicroPC-1536x768.jpg 1536w, https:\/\/gpdstore.net\/wp-content\/uploads\/2024\/05\/MicroPC-990x495.jpg 990w, https:\/\/gpdstore.net\/wp-content\/uploads\/2024\/05\/MicroPC-441x221.jpg 441w, https:\/\/gpdstore.net\/wp-content\/uploads\/2024\/05\/MicroPC.jpg 1920w\" sizes=\"(max-width: 1200px) 100vw, 1200px\" \/><\/figure>\n\n<p>Med en hurtig Intel\u00ae Celeron\u00ae N4120 Quad Core-processor, der n\u00e5r en turbofrekvens p\u00e5 op til 2,6 GHz og underst\u00f8ttes af <a href=\"https:\/\/gpdstore.net\/da\/product-attribute\/memory-ram-capacity\/8-gb-da\/\" target=\"_blank\" rel=\"noreferrer noopener\">8 GB<\/a> hurtig <a href=\"https:\/\/gpdstore.net\/da\/product-attribute\/memory-ram-technology\/lpddr4-da\/\" target=\"_blank\" rel=\"noreferrer noopener\">LPDDR4<\/a> RAM, leverer mikro-pc&#8217;en en imponerende ydeevne. V\u00e6lg mellem tre lagringsmuligheder: <a href=\"https:\/\/gpdstore.net\/da\/product-attribute\/storage-capacity\/256-gb-da\/\" target=\"_blank\" rel=\"noreferrer noopener\">256 GB<\/a>, <a href=\"https:\/\/gpdstore.net\/da\/product-attribute\/storage-capacity\/512-gb-da\/\" target=\"_blank\" rel=\"noreferrer noopener\">512 GB<\/a> eller <a href=\"https:\/\/gpdstore.net\/da\/product-attribute\/storage-capacity\/1tb-da\/\" target=\"_blank\" rel=\"noreferrer noopener\">1 TB<\/a> NGFF M.2 SATA SSD, med mulighed for at opgradere senere.<\/p>\n\n<p>Tilslutningsmulighederne er et h\u00f8jdepunkt, der endda kan konkurrere med industri-pc&#8217;er i fuld st\u00f8rrelse, med tre USB 3.0 Type A-porte, en USB Type-C-port, en seriel RS232-port, RJ45 1GB\/s Ethernet-port, HDMI-port og en MicroSD-kortl\u00e6ser. De tr\u00e5dl\u00f8se muligheder omfatter 802.11b\/g\/n\/ac, 2.4G\/5G Dual-band Wi-Fi og <a href=\"https:\/\/gpdstore.net\/da\/product-attribute\/bluetooth\/4-2-da\/\" target=\"_blank\" rel=\"noreferrer noopener\">Bluetooth 4.2<\/a>.<\/p>\n\n<p>Mikro-pc&#8217;ens 6-tommers sk\u00e6rm har en opl\u00f8sning p\u00e5 1280&#215;720 og er beskyttet af ridsefast Corning Gorilla Glass 4. P\u00e5 trods af den kraftige hardware er denne enhed kompakt og m\u00e5ler kun 6&#8243; x 4,4&#8243; x 0,9&#8243;, n\u00e5r den er lukket &#8211; lille nok til at passe i en lomme eller en lille taske.<\/p>\n\n<p>For den ultimative mikro-pc-oplevelse tilbyder GPD Micro enest\u00e5ende b\u00e6rbarhed, omfattende tilslutningsmuligheder og h\u00f8jtydende funktioner, hvilket g\u00f8r den til det ideelle valg for Windows 10-mikro-pc-entusiaster.<\/p>\n\n<figure class=\"wp-block-image size-large\"><img loading=\"lazy\" decoding=\"async\" width=\"1200\" height=\"500\" src=\"https:\/\/gpdstore.net\/wp-content\/uploads\/2024\/05\/1068559-1200x500.jpg\" alt=\"GPD Micro PC, en kompakt og robust minicomputer, der er perfekt til mobil computing og produktivitet.\" class=\"wp-image-1676\" srcset=\"https:\/\/gpdstore.net\/wp-content\/uploads\/2024\/05\/1068559-1200x500.jpg 1200w, https:\/\/gpdstore.net\/wp-content\/uploads\/2024\/05\/1068559-150x63.jpg 150w, https:\/\/gpdstore.net\/wp-content\/uploads\/2024\/05\/1068559-600x250.jpg 600w, https:\/\/gpdstore.net\/wp-content\/uploads\/2024\/05\/1068559-768x320.jpg 768w, https:\/\/gpdstore.net\/wp-content\/uploads\/2024\/05\/1068559-1536x640.jpg 1536w, https:\/\/gpdstore.net\/wp-content\/uploads\/2024\/05\/1068559-990x413.jpg 990w, https:\/\/gpdstore.net\/wp-content\/uploads\/2024\/05\/1068559-441x184.jpg 441w, https:\/\/gpdstore.net\/wp-content\/uploads\/2024\/05\/1068559.jpg 1920w\" sizes=\"(max-width: 1200px) 100vw, 1200px\" \/><\/figure>\n","protected":false},"excerpt":{"rendered":"<ul>\n<li>Skr\u00e6ddersyet til it-professionelle<\/li>\n<li>Intel-chips\u00e6t N4120<\/li>\n<li>Windows 10 <strong>Pro<\/strong><\/li>\n<li>RS-232 seriel port<\/li>\n<li>Dual-Band Wi-Fi og 1 Gigabit RJ45-port<\/li>\n<\/ul>\n<p>[cg_accordion title=\"INFO OM BETALING\"]  Vi bruger den nyeste teknologi inden for betalingsbehandling, som giver dig mulighed for at betale via dit betalingskort eller PayPal for en hurtig og sikker oplevelse.[\/cg_accordion] [cg_accordion title=\"GARANTI\"]  2 \u00e5rs garanti fra <a href=\"https:\/\/droix.net\/\" target=\"_blank\" rel=\"nofollow noopener\">DROIX Global<\/a> for at give dig ro i sindet[\/cg_accordion] [cg_accordion title=\"KVALITETSSIKRING OG TEST F\u00d8R AFSENDELSE\"]  Sikrer kundetilfredshed p\u00e5 h\u00f8jeste niveau: Hver enhed gennemg\u00e5r strenge tests og et kvalitetssikringstjek p\u00e5 flere punkter, f\u00f8r den sendes af sted. Vores dedikerede team kontrollerer ydeevne, funktionalitet og komponentintegritet for at garantere, at din GPD-enhed er i perfekt stand ved ankomsten, hvilket giver dig tillid og ro i sindet. [\/cg_accordion] [cg_accordion title=\"PRICING, TAXES AND SHIPPING\"] <strong><u>Bem\u00e6rk:<\/u><\/strong><\/p>\n<ul>\n<li>Kunder i USA: Den viste pris inkluderer IKKE SKAT eller afgifter. Ansvaret for at toldbehandle og betale eventuelle tilknyttede skatter\/afgifter ligger hos kunden. <\/li>\n<li>EU-kunder: Den viste pris inkluderer g\u00e6ldende SKAT, som kan v\u00e6re op til 25% afh\u00e6ngigt af dit land.<\/li>\n<li>Kunder i Canada: Den viste pris inkluderer g\u00e6ldende skatter, som kan omfatte 5% GST og yderligere Provincial Sales Taxes (PST), Harmonized Sales Tax (HST) eller Quebec Sales Tax (QST), afh\u00e6ngigt af din provins.<\/li>\n<\/ul>\n<p><strong>KUN for EU-kunder:<\/strong> Express DDP (Delivered Duty Paid). Dette betyder: <\/p>\n<ul>\n<li style=\"list-style-type: none;\">\n<ul>\n<li>Alle toldafgifter og skatter er inkluderet i den pris, der vises p\u00e5 produktsiden.<\/li>\n<li>Du skal ikke betale yderligere gebyrer ved levering.<\/li>\n<li>I sj\u00e6ldne tilf\u00e6lde af toldrelaterede problemer vil vores team h\u00e5ndtere fortoldningsprocessen p\u00e5 dine vegne for at sikre en problemfri leveringsoplevelse.<\/li>\n<p>Vigtig information om returnering:<\/p>\n<li>Hvis du beslutter at returnere din ordre eller anmode om refusion, skal du v\u00e6re opm\u00e6rksom p\u00e5, at skatter og afgifter, der er betalt p\u00e5 dine vegne i henhold til DDP-vilk\u00e5r, ikke kan refunderes.<\/li>\n<p>Se venligst vores<\/ul>\n<\/li>\n<\/ul>\n<p><a href=\"https:\/\/droix.net\/terms-and-conditions\/\" target=\"_blank\" rel=\"nofollow noopener\">Vilk\u00e5r og betingelser<\/a><\/p>\n<ul>for detaljeret information.<\/ul>\n<p>[\/cg_accordion] [cg_accordion title=\"KUNDESUPPORT\"]  Har du et sp\u00f8rgsm\u00e5l? Vi er kun en kort sms v\u00e6k fra at have l\u00f8st dit problem!  Se vores <a href=\"https:\/\/gpdstore.net\/da\/terms-of-service\/\" target=\"_blank\" rel=\"nofollow noopener\">vilk\u00e5r og betingelser<\/a> for detaljerede oplysninger.  [\/cg_accordion] [cg_accordion title=\"WHAT'S INCLUDED\"]<\/p>\n<ul>\n<li>1x GPD Micro PC<\/li>\n<li>1x str\u00f8madapter<\/li>\n<li>1x USB Type-C-kabel<\/li>\n<li>1x brugervejledning<\/li>\n<\/ul>\n<p>[\/cg_accordion]<\/p>\n","protected":false},"featured_media":10845,"template":"","meta":{"_acf_changed":false},"product_brand":[],"product_cat":[1012],"product_tag":[16610,4535],"woo-feed-brand":[981],"class_list":{"0":"post-8369","1":"product","2":"type-product","3":"status-publish","4":"has-post-thumbnail","6":"product_cat-gpd-mini-laptops","7":"product_tag-10xmsale-da","8":"product_tag-gpd-micro-pc-da","9":"product_shipping_class-premium","10":"product_shipping_class-standard","11":"pa_bluetooth-4-2-da","12":"pa_brand-gpd","13":"pa_graphics-gpu-model-uhd-grafik-600","14":"pa_i-o-video-1x-hdmi-2-0-type-a-da","15":"pa_memory-ram-capacity-8-gb-da","16":"pa_memory-ram-technology-lpddr4-da","17":"pa_processor-cpu-model-celeron-n4120-processor","18":"pa_storage-capacity-256-gb-da","19":"pa_storage-capacity-256gb","20":"pa_storage-capacity-512-gb-da","21":"pa_storage-capacity-512gb","22":"pa_storage-capacity-1tb-da","23":"pa_storage-capacity-1tb","24":"pa_storage-technology-m-2-2242-ssd-da","25":"pa_wi-fi-2-4g-5g-dual-band-da","26":"woo-feed-brand-gpd-da","28":"first","29":"outofstock","30":"sale","31":"taxable","32":"shipping-taxable","33":"purchasable","34":"product-type-variable","35":"has-default-attributes"},"acf":[],"aioseo_notices":[],"_links":{"self":[{"href":"https:\/\/gpdstore.net\/da\/wp-json\/wp\/v2\/product\/8369","targetHints":{"allow":["GET"]}}],"collection":[{"href":"https:\/\/gpdstore.net\/da\/wp-json\/wp\/v2\/product"}],"about":[{"href":"https:\/\/gpdstore.net\/da\/wp-json\/wp\/v2\/types\/product"}],"wp:featuredmedia":[{"embeddable":true,"href":"https:\/\/gpdstore.net\/da\/wp-json\/wp\/v2\/media\/10845"}],"wp:attachment":[{"href":"https:\/\/gpdstore.net\/da\/wp-json\/wp\/v2\/media?parent=8369"}],"wp:term":[{"taxonomy":"product_brand","embeddable":true,"href":"https:\/\/gpdstore.net\/da\/wp-json\/wp\/v2\/product_brand?post=8369"},{"taxonomy":"product_cat","embeddable":true,"href":"https:\/\/gpdstore.net\/da\/wp-json\/wp\/v2\/product_cat?post=8369"},{"taxonomy":"product_tag","embeddable":true,"href":"https:\/\/gpdstore.net\/da\/wp-json\/wp\/v2\/product_tag?post=8369"},{"taxonomy":"woo-feed-brand","embeddable":true,"href":"https:\/\/gpdstore.net\/da\/wp-json\/wp\/v2\/woo-feed-brand?post=8369"}],"curies":[{"name":"wp","href":"https:\/\/api.w.org\/{rel}","templated":true}]}}