{"id":8269,"date":"2023-11-17T17:45:40","date_gmt":"2023-11-17T17:45:40","guid":{"rendered":"https:\/\/gpdstore.net\/Ikke%20kategoriseret\/gpd-win-mini-gaming-haandholdt-pc\/"},"modified":"2025-12-19T16:26:37","modified_gmt":"2025-12-19T16:26:37","slug":"gpd-win-mini","status":"publish","type":"product","link":"https:\/\/gpdstore.net\/da\/product\/gpd-win-mini\/","title":{"rendered":"GPD WIN Mini Gaming h\u00e5ndholdt pc"},"content":{"rendered":"\n<figure class=\"wp-block-video\"><video controls=\"\" src=\"https:\/\/gpdstore.net\/wp-content\/uploads\/\"><\/video><\/figure>\n\n<div class=\"wp-block-columns is-layout-flex wp-container-core-columns-is-layout-28f84493 wp-block-columns-is-layout-flex\">\n<div class=\"wp-block-column is-layout-flow wp-block-column-is-layout-flow\" style=\"flex-basis:33.33%\">\n<figure class=\"wp-block-image size-full\"><img fetchpriority=\"high\" decoding=\"async\" width=\"640\" height=\"640\" src=\"https:\/\/gpdstore.net\/wp-content\/uploads\/2024\/03\/4ebac7a0-58e9-47ef-a036-783efd2a5e00._CR00640640_.jpg\" alt=\"gpd win mini 2024\" class=\"wp-image-1650\" srcset=\"https:\/\/gpdstore.net\/wp-content\/uploads\/2024\/03\/4ebac7a0-58e9-47ef-a036-783efd2a5e00._CR00640640_.jpg 640w, https:\/\/gpdstore.net\/wp-content\/uploads\/2024\/03\/4ebac7a0-58e9-47ef-a036-783efd2a5e00._CR00640640_-600x600.jpg 600w, https:\/\/gpdstore.net\/wp-content\/uploads\/2024\/03\/4ebac7a0-58e9-47ef-a036-783efd2a5e00._CR00640640_-150x150.jpg 150w, https:\/\/gpdstore.net\/wp-content\/uploads\/2024\/03\/4ebac7a0-58e9-47ef-a036-783efd2a5e00._CR00640640_-441x441.jpg 441w, https:\/\/gpdstore.net\/wp-content\/uploads\/2024\/03\/4ebac7a0-58e9-47ef-a036-783efd2a5e00._CR00640640_-100x100.jpg 100w\" sizes=\"(max-width: 640px) 100vw, 640px\" \/><\/figure>\n<\/div>\n\n\n\n<div class=\"wp-block-column is-layout-flow wp-block-column-is-layout-flow\" style=\"flex-basis:66.66%\">\n<h2 class=\"wp-block-heading\"><strong>GPD WIN Mini (2023 Edition) &#8211; AMD Ryzen 7 7840U Handheld Gaming PC | 7&#8243; 120Hz LTPS Screen | 32GB\/64GB LPDDR5 | OcuLink SGLM Support &#8211; Best Value UMPC<\/strong><\/h2>\n\n\n\n<p>Why pay 2025 flagship prices? The GPD WIN Mini (2023 Edition) remains the ultimate &#8220;Silicon Sweet Spot.&#8221; Powered by the legendary AMD Ryzen 7 7840U, it delivers the perfect balance of Zen 4 power and portability for gamers who demand elite performance without the &#8220;Strix Point&#8221; premium. This Mobile Gaming PC redefines on-the-go gaming by seamlessly integrating the raw power of top-tier hardware into a form factor that comfortably nestles in the palm of your hand. Brace yourself for unparalleled gaming adventures with the GPD WIN Mini, your portal to gaming excellence in a compact, lightweight, and formidable package.<\/p>\n<\/div>\n<\/div>\n\n<h2 class=\"wp-block-heading has-text-align-center\">Pr\u00e6cision m\u00f8der b\u00e6rbarhed: GPD WIN Mini&#8217;s avancerede kontroller og muslingeskalsdesign<\/h2>\n\n<div class=\"wp-block-columns is-layout-flex wp-container-core-columns-is-layout-28f84493 wp-block-columns-is-layout-flex\">\n<div class=\"wp-block-column is-layout-flow wp-block-column-is-layout-flow\">\n<figure class=\"wp-block-image size-full\"><img decoding=\"async\" width=\"300\" height=\"300\" src=\"https:\/\/gpdstore.net\/wp-content\/uploads\/2024\/03\/cc2489ee-271a-4803-836e-eb3326d46fd8.__CR1310638638_PT0_SX300_V1___-1.png\" alt=\"GPD Win Mini-joysticks\" class=\"wp-image-1652\" srcset=\"https:\/\/gpdstore.net\/wp-content\/uploads\/2024\/03\/cc2489ee-271a-4803-836e-eb3326d46fd8.__CR1310638638_PT0_SX300_V1___-1.png 300w, https:\/\/gpdstore.net\/wp-content\/uploads\/2024\/03\/cc2489ee-271a-4803-836e-eb3326d46fd8.__CR1310638638_PT0_SX300_V1___-1-150x150.png 150w, https:\/\/gpdstore.net\/wp-content\/uploads\/2024\/03\/cc2489ee-271a-4803-836e-eb3326d46fd8.__CR1310638638_PT0_SX300_V1___-1-100x100.png 100w\" sizes=\"(max-width: 300px) 100vw, 300px\" \/><\/figure>\n\n\n\n<h3 class=\"wp-block-heading\"><strong><strong>Nul d\u00f8de zoner:<\/strong> Opn\u00e5else af 37,5 % forbedret n\u00f8jagtighed med mini-joysticks med hall-effekt.<\/strong><\/h3>\n\n\n\n<p>De indbyggede mini-joysticks med Hall-effekt har et neds\u00e6nket design med st\u00f8tte til at trykke L3 og R3 ned, og de kan justeres trinl\u00f8st og er superline\u00e6re. Efter kalibrering har Hall Effect-joystickene forbedret return\u00f8jagtigheden og sp\u00e6ndingsdelingspr\u00e6cisionen med henholdsvis 37,5 % og 25 % sammenlignet med standardjoysticks, hvilket n\u00e6sten helt eliminerer risikoen for, at der opst\u00e5r d\u00f8de zoner ved centerpunktet. <\/p>\n<\/div>\n\n\n\n<div class=\"wp-block-column is-layout-flow wp-block-column-is-layout-flow\">\n<figure class=\"wp-block-image size-full\"><img decoding=\"async\" src=\"https:\/\/gpdstore.net\/wp-content\/uploads\/\" alt=\"GPD Win Mini L2 R2\" class=\"wp-image-1654\"\/><\/figure>\n\n\n\n<h3 class=\"wp-block-heading\"><strong><strong>Fordybende realisme:<\/strong> Simulering af skydning og acceleration med line\u00e6re, analoge L2\/R2-udl\u00f8sere.<\/strong><\/h3>\n\n\n\n<p>Sammenlignet med WIN 2 er L2\/R2-triggerne p\u00e5 WIN Mini blevet \u00e6ndret til line\u00e6re analoge triggerknapper, der n\u00f8jagtigt simulerer knapresponsen under forskellige intensiteter og giver mulighed for pr\u00e6cis skydning, acceleration og andre operationer. Dette giver en mere realistisk oplevelse af de dynamiske \u00e6ndringer i spil, komfortabel brug af controlleren og \u00f8get fordybelse og spilbarhed i spil. <\/p>\n<\/div>\n\n\n\n<div class=\"wp-block-column is-layout-flow wp-block-column-is-layout-flow\">\n<figure class=\"wp-block-image size-full\"><img decoding=\"async\" width=\"300\" height=\"300\" src=\"https:\/\/gpdstore.net\/wp-content\/uploads\/2024\/05\/81bbfc87-3418-4c8a-90fa-bd4c521a3eba.__CR1710559559_PT0_SX300_V1___-1.png\" alt=\"GPD Win Mini SSD\" class=\"wp-image-1655\" srcset=\"https:\/\/gpdstore.net\/wp-content\/uploads\/2024\/05\/81bbfc87-3418-4c8a-90fa-bd4c521a3eba.__CR1710559559_PT0_SX300_V1___-1.png 300w, https:\/\/gpdstore.net\/wp-content\/uploads\/2024\/05\/81bbfc87-3418-4c8a-90fa-bd4c521a3eba.__CR1710559559_PT0_SX300_V1___-1-150x150.png 150w, https:\/\/gpdstore.net\/wp-content\/uploads\/2024\/05\/81bbfc87-3418-4c8a-90fa-bd4c521a3eba.__CR1710559559_PT0_SX300_V1___-1-65x65.png 65w, https:\/\/gpdstore.net\/wp-content\/uploads\/2024\/05\/81bbfc87-3418-4c8a-90fa-bd4c521a3eba.__CR1710559559_PT0_SX300_V1___-1-100x100.png 100w\" sizes=\"(max-width: 300px) 100vw, 300px\" \/><\/figure>\n\n\n\n<h3 class=\"wp-block-heading\"><strong><strong>Nul forsinkelse: Eliminering af indl\u00e6sningstider med op til 4 TB PCIe 4.0 SSD-lagring.<\/strong><\/strong><\/h3>\n\n\n\n<p>AMD Ryzen 7 7840U underst\u00f8tter PCIe Gen4-specifikationen med en teoretisk maksimal gennemstr\u00f8mning p\u00e5 op til 7.877 GB\/s. Den officielle konfiguration omfatter en 512 GB til 2 TB WD SN740 M.2 2230 SSD (PCIe Gen4) med en m\u00e5lt sekventiel l\u00e6se- og skrivehastighed p\u00e5 op til 5150 MB\/s, og den kan udvides uden begr\u00e6nsninger.  <br\/><\/p>\n<\/div>\n<\/div>\n\n<h2 class=\"wp-block-heading has-text-align-center\">Frig\u00f8relse af det fulde potentiale: Forbindelse, tilpasning og \u00f8kosystem<\/h2>\n\n<div class=\"wp-block-columns is-layout-flex wp-container-core-columns-is-layout-28f84493 wp-block-columns-is-layout-flex\">\n<div class=\"wp-block-column is-layout-flow wp-block-column-is-layout-flow\" style=\"flex-basis:33.33%\">\n<figure class=\"wp-block-image size-full\"><img loading=\"lazy\" decoding=\"async\" width=\"300\" height=\"300\" src=\"https:\/\/gpdstore.net\/wp-content\/uploads\/2024\/03\/49ca9adf-2d79-4de3-8125-bfa7036712ac.__CR00742742_PT0_SX300_V1___.png\" alt=\"65W\" class=\"wp-image-1656\" srcset=\"https:\/\/gpdstore.net\/wp-content\/uploads\/2024\/03\/49ca9adf-2d79-4de3-8125-bfa7036712ac.__CR00742742_PT0_SX300_V1___.png 300w, https:\/\/gpdstore.net\/wp-content\/uploads\/2024\/03\/49ca9adf-2d79-4de3-8125-bfa7036712ac.__CR00742742_PT0_SX300_V1___-150x150.png 150w, https:\/\/gpdstore.net\/wp-content\/uploads\/2024\/03\/49ca9adf-2d79-4de3-8125-bfa7036712ac.__CR00742742_PT0_SX300_V1___-65x65.png 65w, https:\/\/gpdstore.net\/wp-content\/uploads\/2024\/03\/49ca9adf-2d79-4de3-8125-bfa7036712ac.__CR00742742_PT0_SX300_V1___-100x100.png 100w\" sizes=\"(max-width: 300px) 100vw, 300px\" \/><\/figure>\n<\/div>\n\n\n\n<div class=\"wp-block-column is-layout-flow wp-block-column-is-layout-flow\" style=\"flex-basis:66.66%\">\n<h3 class=\"wp-block-heading\"><br\/><br\/>Fuldt udstyret Type-C-port<\/h3>\n\n\n\n<p>N\u00e5r USB4-porten bruges, kan WIN Mini stadig oplade og overf\u00f8re lyd, video og data via denne fuldt udstyrede Type-C-port med en b\u00e5ndbredde p\u00e5 10 Gbps (USB 3.2 Gen 2) og underst\u00f8ttelse af en ekstern 8K@60Hz-sk\u00e6rm.<\/p>\n<\/div>\n<\/div>\n\n<h2 class=\"wp-block-heading\"><strong>Frig\u00f8relse af uovertruffen processorkraft: AMD Ryzen-dominans<\/strong><\/h2>\n\n<p>Zen 4 Performance: The Legendary 7840U &#8220;Phoenix&#8221;<\/p>\n\n<p>The Emulation King: Native AVX-512 support makes the 7840U faster than many newer chips for PS3 (RPCS3) and Xbox 360 (Xenia) emulation.<\/p>\n\n<p>Radeon 780M + AFMF 2: Boost your frame rates in AAA titles like <em>Cyberpunk 2077<\/em> using the latest AMD Fluid Motion Frames software.<\/p>\n\n<p>64GB LPDDR5 Power: One of the few ultra-portables offering massive RAM configurations for heavy multitasking and virtualization.<\/p>\n\n<p>This Portable Gaming PC fearlessly tackles the most demanding gaming titles and resource-intensive applications, showcasing unparalleled prowess. Immerse yourself in seamless multitasking, accelerated load times, and ultra-smooth gameplay as you traverse the expansive gaming universe on the go.<\/p>\n\n<p>The AMD Ryzen 7 7840U remains a fan favorite in 2025 for its incredible efficiency-to-power ratio.<\/p>\n\n<h2 class=\"wp-block-heading\"><strong>L\u00f8fter det visuelle ud over virkeligheden: AMD Radeon-grafik<\/strong><\/h2>\n\n<p>Fork\u00e6l dig selv med spilbilleder, der overg\u00e5r virkeligheden, takket v\u00e6re AMD Radeon-grafikken i GPD WIN Mini. <a href=\"https:\/\/www.techpowerup.com\/gpu-specs\/radeon-780m.c4020\">AMD Radeon 780M<\/a> (7840U-modellen) med 12 Compute Units og clockhastigheder p\u00e5 op til 2700 MHz eller AMD Radeon 760M (7640U-modellen) med 8 Compute Units og clockhastigheder p\u00e5 op til 2600 MHz leverer betagende virkelighedstro grafik og ultra-responsive framerates. Fordyb dig i frodige landskaber, realistiske milj\u00f8er og eksplosiv action, alt sammen pr\u00e6senteret p\u00e5 det h\u00e5ndfladestore l\u00e6rred i dette b\u00e6rbare spilvidunder.  <\/p>\n\n<h2 class=\"wp-block-heading\"><strong>Uimodst\u00e5elig hukommelse og lagerplads: Kraftfuld ydeevne<\/strong><\/h2>\n\n<p>N\u00e6gt at g\u00e5 p\u00e5 kompromis, n\u00e5r det g\u00e6lder hukommelse og lagerplads. GPD WIN Mini har to RAM-muligheder: en svimlende 64 GB <a href=\"https:\/\/en.wikipedia.org\/wiki\/LPDDR\">LPDDR5<\/a> 6400 MT\/s med 7840U-modellen eller en robust 16 GB LPDDR5 6400 MT\/s med 7640U-modellen. Det sikrer, at du er udstyret til at h\u00e5ndtere de mest intensive multitasking-scenarier uden problemer. Med lagringsmuligheder p\u00e5 op til kolossale 2 TB PCIe 4.0 x 4 NVMe 1.3\/1.4 kan du nyde godt af rigelig plads til dit omfattende spilbibliotek, multimediefiler og meget mere. Ikke flere kompromiser, bare ren kraft lige ved h\u00e5nden.    <\/p>\n\n<h2 class=\"wp-block-heading\"><strong>Forh\u00f8jet visuelt mesterskab: Afsl\u00f8ring af 7-tommers 120Hz gaming-sk\u00e6rm med h\u00f8j opdateringshastighed<\/strong><\/h2>\n\n<p>Kast dig ud i en verden af visuel perfektion med den revolutionerende 7&#8243; gamingsk\u00e6rm, en symfoni af LTPS-teknologi og en betagende 120Hz h\u00f8j opdateringshastighed. Indkapslet i sjette generation af Corning Gorilla Glass imponerer denne sk\u00e6rm med lavere responstider, mens AF+AR antirefleksbel\u00e6gningen s\u00f8rger for en reflektionsfri sk\u00e6rm, der giver en str\u00e5lende lysstyrke p\u00e5 500 nit. En 1080P-opl\u00f8sning maler omhyggeligt hver eneste pixel, mens muligheden for at skifte mellem 60 Hz og 120 Hz opdateringshastighed former din visuelle oplevelse. Ved 314PPI konvergerer skarphed og fordybelse, og innovationen stopper ikke &#8211; DC-d\u00e6mpning sikrer flimmerfri nydelse af spilverdenens vidundere.   <\/p>\n\n<h2 class=\"wp-block-heading\"><strong>Turbooplad din GPD WIN Mini med GPD G1 eGPU-dockingstationen<\/strong><\/h2>\n\n<p>GPD G1 eGPU Docking Station med grafikkort omdefinerer spilydelsen med sin AMD Radeon RX 7600M XT GPU med RDNA 3.0-arkitektur, der giver fantastiske billeder og j\u00e6vnt gameplay. Med 8 GB GDDR6 RAM bliver multitasking problemfrit, og lynhurtige indl\u00e6sningstider l\u00f8fter din spiloplevelse. Dens <a href=\"https:\/\/droix.net\/blogs\/oculink-transforming-graphics-card-connectivity\/\">OCuLink-<\/a> og USB 4-kompatibilitet sikrer alsidige tilslutningsmuligheder p\u00e5 tv\u00e6rs af enheder, herunder GPD WIN Mini, mens flere grafik- og videoporte giver mulighed for tilslutning til tre eksterne sk\u00e6rme for en omsluttende ops\u00e6tning. GPD G1 &#8216;s aktive k\u00f8lesystem opretholder optimal ydeevne under intense sessioner.   <\/p>\n\n<h2 class=\"wp-block-heading\"><strong>Kontrol af spil: En revolution i pr\u00e6cision<\/strong><\/h2>\n\n<p>GPD WIN Mini l\u00f8fter spilstyringen til det n\u00e6ste niveau. Dobbelte hall-effekt-joysticks giver pr\u00e6cist og responsivt input, mens det uendelige, ultraline\u00e6re design udrydder d\u00f8de zoner og sikrer, at hver bev\u00e6gelse t\u00e6ller. L3\/R3-funktionen giver et ekstra lag af kontrol, n\u00e5r den trykkes ned. Linear Analog Trigger L2- og R2-knapperne tilbyder uovertruffen f\u00f8lsomhed, s\u00e5 du kan finjustere dine handlinger. Tilf\u00f8jelsen af programmerbare makroknapper, klassisk D-pad og menuknapper giver dig mulighed for at tilpasse din spiloplevelse ned til mindste detalje.    <\/p>\n\n<h2 class=\"wp-block-heading\"><strong>Forbedret input-oplevelse: Fremragende tastatur og touchpad<\/strong><\/h2>\n\n<p>Med et fuldt QWERTY-tastatur med saksetaster og et baggrundsbelyst design er GPD WIN Mini en h\u00e5ndholdt gamingcomputer, der er mere end bare en gamingcomputer. Den forvandles til et produktivt kraftcenter p\u00e5 farten, s\u00e5 du problemfrit kan skifte mellem arbejde og fritid. Den pr\u00e6cise touchpad med underst\u00f8ttelse af bev\u00e6gelser med op til 4 fingre giver et nyt niveau af kontrol, uanset om du navigerer i menuer eller redigerer dokumenter. Denne b\u00e6rbare gaming-pc handler ikke kun om gaming; den handler om at forbedre hele din b\u00e6rbare computeroplevelse.   <\/p>\n\n<h2 class=\"wp-block-heading\"><strong>Fordybende audiovisuelle effekter: DTS:X Ultra-lydeffekter<\/strong><\/h2>\n\n<p>Forbered dig p\u00e5 en fordybende audiovisuel oplevelse, der overg\u00e5r alle forventninger. GPD WIN Mini har to indbyggede hyperline\u00e6re h\u00f8jttalere suppleret med <a href=\"DTS:X%20Ultra%20Sound%20Effects\">DTS:X Ultra Sound Effects.<\/a> Disse effekter simulerer lydoplevelsen af en fysisk 7.1-kanals ops\u00e6tning og indhyller dig i hver eneste lyd, uanset om det er raslen af blade eller det eksplosive br\u00f8l fra et skyderi. Med underst\u00f8ttelse af hovedtelefoner og h\u00f8jttalere er du garanteret et auditivt eventyr, der matcher det visuelle spektakel.   <\/p>\n\n<h2 class=\"wp-block-heading\"><strong>Tilslutningsmuligheder ud over alle gr\u00e6nser: Wi-Fi 6 og Bluetooth 5.2<\/strong><\/h2>\n\n<p>Hold forbindelsen, uanset hvor din spilrejse f\u00f8rer dig hen. GPD WIN Mini underst\u00f8tter Wi-Fi 6 IEEE 802.11 a\/b\/g\/n\/ac\/ax med underst\u00f8ttelse af 2,4G\/5G dobbelt frekvensb\u00e5nd og en maksimal transmissionshastighed p\u00e5 2402 Mbps med to kanaler. Det sikrer problemfri onlinespil, hurtige downloads og problemfri streaming. Med Bluetooth 5.2 kan du nemt tilslutte eksterne enheder, hovedtelefoner og meget mere, hvilket g\u00f8r denne kompakte gaming-pc til dit ultimative mobile gaming-hub.   <\/p>\n\n<h2 class=\"wp-block-heading\"><strong>Alsidige I\/O-gr\u00e6nseflader: USB4 og USB 3.2 Gen 2 Type-C<\/strong><\/h2>\n\n<p>GPD WIN Mini er udstyret med et bredt udvalg af I\/O-gr\u00e6nseflader, herunder en lynhurtig USB4-port med hastigheder p\u00e5 op til 40 Gbps. Derudover giver USB 3.2 Gen 2 Type-C-porten hastigheder p\u00e5 op til 10 Gbps, hvilket sikrer lynhurtige dataoverf\u00f8rsler og problemfri tilslutning af periferiudstyr. OCuLink-porten (SFF-8612) g\u00f8r denne b\u00e6rbare gaming-computer endnu mere alsidig og g\u00f8r den til et knudepunkt for alle dine tilslutningsbehov.  <\/p>\n\n<h2 class=\"wp-block-heading\"><strong>Udvidet lagerplads: microSD-slot for ekstra bekvemmelighed<\/strong><\/h2>\n\n<p>GPD WIN Mini stopper ikke ved rigeligt internt lager. Den har et microSD-slot med SD 3.0-protokol, der underst\u00f8tter UHS-I-businterface, Video Speed Class V30 og imponerende I\/O-ydelse. Med en teoretisk l\u00e6sehastighed p\u00e5 160 MB\/s og skrivehastighed p\u00e5 120 MB\/s kan du ubesv\u00e6ret udvide dit lager p\u00e5 farten. Den er kompatibel med microSDHC-, microSDXC- og microSDUC-kort, s\u00e5 du kan nemt transportere dine medier, dokumenter og filer.   <\/p>\n\n<h2 class=\"wp-block-heading\"><strong>Forl\u00e6ngede gaming-sessioner: Batteri med lang levetid<\/strong><\/h2>\n\n<p>Spil i l\u00e6ngere tid uden at bekymre dig om at l\u00f8be t\u00f8r for batteri. GPD WIN Mini er udstyret med et 44,24Wh litiumpolymerbatteri, der tilpasser sig din brug. Uanset om du er opslugt af tunge spilsessioner eller har brug for at udf\u00f8re arbejdsopgaver, vil batterilevetiden ikke skuffe. Oplev op til 3 timers tung brug, 6-8 timers moderat brug eller imponerende 14 timers let brug, afh\u00e6ngigt af dit specifikke brugsscenarie.   <\/p>\n\n<h2 class=\"wp-block-heading\"><strong>Fremstillet med henblik p\u00e5 elegance: Rustfarvet muslingeskalsdesign<\/strong><\/h2>\n\n<p>GPD WIN Mini er ikke bare et kraftv\u00e6rk i ydeevne; det er et mesterv\u00e6rk i design. Det rustfarvede clamshell-design, der er fremstillet af en f\u00f8rsteklasses aluminiumslegering, udstr\u00e5ler ikke kun elegance, men sikrer ogs\u00e5 holdbarhed. Den kompakte formfaktor p\u00e5 6,6 x 4,2 x 1,02 tommer (16,8\u00d710,9\u00d72,6 cm) og en v\u00e6gt p\u00e5 kun 520 g g\u00f8r den nem at putte i tasken eller lommen, s\u00e5 du altid har den bedste gaming inden for r\u00e6kkevidde.  <\/p>\n\n<h2 class=\"wp-block-heading\"><strong>Hvorfor du skal v\u00e6lge GPD WIN Mini<\/strong><\/h2>\n\n<p>Konklusionen er, at GPD WIN Mini Portable Gaming PC ikke bare er en spilleenhed; det er et b\u00e6rbart kraftv\u00e6rk, der garanterer kompromisl\u00f8s ydeevne, enest\u00e5ende alsidighed og en fordybende spiloplevelse, der overg\u00e5r forventningerne. Med f\u00f8rsteklasses hardware, gennemt\u00e6nkt design og en formfaktor, der omdefinerer b\u00e6rbarhed, er denne kompakte gaming-pc din indgang til storspil p\u00e5 farten. L\u00f8ft din gaming-livsstil med GPD WIN Mini, og tag p\u00e5 en rejse, der udvisker gr\u00e6nserne mellem virkelighed og virtuelle verdener.  <\/p>\n\n<h3 class=\"wp-block-heading\"><strong>Order Your GPD WIN Mini \u2013 In Stock &amp; Ready to Ship<\/strong><\/h3>\n\n<p>Secure the best-value ultra-portable on the market. Get flagship power without the flagship price tag.<\/p>\n\n<ul class=\"wp-block-list\">\n<li>Authentic GPD Product: Guaranteed genuine Zen 4 hardware.<\/li>\n\n\n\n<li>12-Month Official Warranty: Full support for your high-performance investment.<\/li>\n\n\n\n<li>Global Express Shipping: Tracked and insured delivery to your door.<\/li>\n<\/ul>\n\n<p>G\u00e5 p\u00e5 opdagelse i vores fulde anmeldelse af GPD WIN Mini <a href=\"https:\/\/droix.net\/blogs\/gpd-win-mini-review\/\">her.<\/a> Er du interesseret i GPD G1 eGPU-dockingstationen til at forbedre din spilydelse? Dyk ned i vores dybdeg\u00e5ende anmeldelse af GPD G1 eGPU-dockingstationen <a href=\"https:\/\/droix.net\/blogs\/gpd-g1-egpu-docking-station-review\/\">her.<\/a><\/p>\n","protected":false},"excerpt":{"rendered":"<ul>\n<li>CPU: AMD Ryzen 5 \/ 7<strong> 7640U \/ 7840U <\/strong> <\/li>\n<li>GPU: AMD Radeon<strong> 760M \/ 780M<\/strong><\/li>\n<li>RAM: op til<strong> 64 GB LPDDR5 @ 6400 MT\/s<\/strong><\/li>\n<li>OPBEVARING: op til<strong> 2 TB<\/strong> <strong>Gen 4<\/strong> PCI-E NVMe SSD<\/li>\n<li>FORBINDELSE: Underst\u00f8ttelse af Wi-Fi<strong> 6<\/strong> og Bluetooth <strong>5.2<\/strong> <\/li>\n<\/ul>\n[cg_accordion title=\"INFO OM BETALING\"]<\/p>\n<p>Vi bruger den nyeste teknologi inden for betalingsbehandling, som giver dig mulighed for at betale via dit betalingskort eller PayPal for en hurtig og sikker oplevelse.[\/cg_accordion]\n[cg_accordion title=\"GARANTI\"]<\/p>\n<p>2 \u00e5rs garanti fra <a href=\"https:\/\/droix.net\/\" target=\"_blank\" rel=\"nofollow noopener\">DROIX Global<\/a> for at give dig ro i sindet[\/cg_accordion]\n[cg_accordion title=\"KVALITETSSIKRING OG TEST F\u00d8R AFSENDELSE\"]<\/p>\n<p>Sikrer kundetilfredshed p\u00e5 h\u00f8jeste niveau: Hver enhed gennemg\u00e5r strenge tests og et kvalitetssikringstjek p\u00e5 flere punkter, f\u00f8r den sendes af sted. Vores dedikerede team kontrollerer ydeevne, funktionalitet og komponentintegritet for at garantere, at din GPD-enhed er i perfekt stand ved ankomsten, hvilket giver dig tillid og ro i sindet. [\/cg_accordion]\n[cg_accordion title=\"PRISER, AFGIFTER OG FORSENDELSE\"]<\/p>\n<p><strong><u>Bem\u00e6rk:<\/u><\/strong><\/p>\n<ul>\n<li>Kunder i USA: Den viste pris inkluderer IKKE SKAT eller afgifter. Ansvaret for at toldbehandle og betale eventuelle tilknyttede skatter\/afgifter ligger hos kunden. <\/li>\n<li>EU-kunder: Den viste pris inkluderer g\u00e6ldende SKAT, som kan v\u00e6re op til 25% afh\u00e6ngigt af dit land.<\/li>\n<li>Kunder i Canada: Den viste pris inkluderer g\u00e6ldende skatter, som kan omfatte 5% GST og yderligere Provincial Sales Taxes (PST), Harmonized Sales Tax (HST) eller Quebec Sales Tax (QST), afh\u00e6ngigt af din provins.<\/li>\n<\/ul>\n<p><strong>KUN for EU-kunder:<\/strong> Express DDP (Delivered Duty Paid). Dette betyder: <\/p>\n<ul>\n<li>Alle toldafgifter og skatter er inkluderet i den pris, der vises p\u00e5 produktsiden.<\/li>\n<li>Du skal ikke betale yderligere gebyrer ved levering.<\/li>\n<li>I sj\u00e6ldne tilf\u00e6lde af toldrelaterede problemer vil vores team h\u00e5ndtere fortoldningsprocessen p\u00e5 dine vegne for at sikre en problemfri leveringsoplevelse.<\/li>\n<p>Vigtig information om returnering:<\/p>\n<li>Hvis du beslutter at returnere din ordre eller anmode om refusion, skal du v\u00e6re opm\u00e6rksom p\u00e5, at skatter og afgifter, der er betalt p\u00e5 dine vegne i henhold til DDP-vilk\u00e5r, ikke kan refunderes.<\/li>\n<p>Se vores <a href=\"https:\/\/droix.net\/terms-and-conditions\/\" target=\"_blank\" rel=\"nofollow noopener\">vilk\u00e5r og betingelser<\/a> for detaljerede oplysninger.\n<\/ul>\n<p>[\/cg_accordion]\n[cg_accordion title=\"KUNDESUPPORT\"]<\/p>\n<p>Har du et sp\u00f8rgsm\u00e5l? Vi er kun en kort sms v\u00e6k fra at have l\u00f8st dit problem! <\/p>\n<p>Se vores <a href=\"https:\/\/gpdstore.net\/da\/terms-of-service\/\" target=\"_blank\" rel=\"nofollow noopener\">vilk\u00e5r og betingelser<\/a> for detaljerede oplysninger.\n<\/ul>\n<p>[\/cg_accordion]\n[cg_accordion title=\"HVAD DER ER INKLUDERET\"]<\/p>\n<ul>\n<li>1x GPD WIN Mini<\/li>\n<li>1x USB-C-kabel<\/li>\n<li>1x str\u00f8mstik<\/li>\n<li>1x b\u00e6restrop<\/li>\n<li>1x USB C &gt; A-konverter<\/li>\n<li>1x brugervejledning<\/li>\n<\/ul>\n<p>[\/cg_accordion]\n","protected":false},"featured_media":10498,"template":"","meta":{"_acf_changed":false},"product_brand":[],"product_cat":[977],"product_tag":[16623,4455],"woo-feed-brand":[981],"class_list":{"0":"post-8269","1":"product","2":"type-product","3":"status-publish","4":"has-post-thumbnail","6":"product_cat-gpd-handholdt-pc-til-gaming","7":"product_tag-13xmsale-da","8":"product_tag-gpd-win-mini-da","9":"product_shipping_class-premium","10":"pa_bluetooth-5-2-da","11":"pa_brand-gpd","12":"pa_graphics-gpu-model-intel-iris-xe-grafik-da","13":"pa_graphics-gpu-model-radeon-760m-da","14":"pa_i-o-video-1x-oculink-da","15":"pa_i-o-video-via-1x-usb-3-2-gen-2-type-c-da","16":"pa_i-o-video-via-1x-usb-4-0-type-c-40gb-s-da","17":"pa_memory-ram-capacity-16-gb-da","18":"pa_memory-ram-capacity-32-gb-da","19":"pa_memory-ram-capacity-64-gb","20":"pa_memory-ram-technology-lpddr5-da","21":"pa_processor-cpu-model-amd-ryzen-5-7640u","22":"pa_processor-cpu-model-amd-ryzen-7-7840u","23":"pa_storage-capacity-1tb-da","24":"pa_storage-capacity-4tb-da","25":"pa_storage-capacity-512-gb-da","26":"pa_storage-technology-pcie-gen-4-da","27":"pa_wi-fi-wi-fi-6-da","28":"woo-feed-brand-gpd-da","30":"first","31":"outofstock","32":"sale","33":"taxable","34":"shipping-taxable","35":"purchasable","36":"product-type-variable","37":"has-default-attributes"},"acf":[],"aioseo_notices":[],"_links":{"self":[{"href":"https:\/\/gpdstore.net\/da\/wp-json\/wp\/v2\/product\/8269","targetHints":{"allow":["GET"]}}],"collection":[{"href":"https:\/\/gpdstore.net\/da\/wp-json\/wp\/v2\/product"}],"about":[{"href":"https:\/\/gpdstore.net\/da\/wp-json\/wp\/v2\/types\/product"}],"wp:featuredmedia":[{"embeddable":true,"href":"https:\/\/gpdstore.net\/da\/wp-json\/wp\/v2\/media\/10498"}],"wp:attachment":[{"href":"https:\/\/gpdstore.net\/da\/wp-json\/wp\/v2\/media?parent=8269"}],"wp:term":[{"taxonomy":"product_brand","embeddable":true,"href":"https:\/\/gpdstore.net\/da\/wp-json\/wp\/v2\/product_brand?post=8269"},{"taxonomy":"product_cat","embeddable":true,"href":"https:\/\/gpdstore.net\/da\/wp-json\/wp\/v2\/product_cat?post=8269"},{"taxonomy":"product_tag","embeddable":true,"href":"https:\/\/gpdstore.net\/da\/wp-json\/wp\/v2\/product_tag?post=8269"},{"taxonomy":"woo-feed-brand","embeddable":true,"href":"https:\/\/gpdstore.net\/da\/wp-json\/wp\/v2\/woo-feed-brand?post=8269"}],"curies":[{"name":"wp","href":"https:\/\/api.w.org\/{rel}","templated":true}]}}