{"id":808693,"date":"2024-11-21T09:56:41","date_gmt":"2024-11-21T09:56:41","guid":{"rendered":"https:\/\/gpdstore.net\/?post_type=product&#038;p=808693"},"modified":"2025-12-23T10:03:33","modified_gmt":"2025-12-23T10:03:33","slug":"gpd-duo-protective-case","status":"publish","type":"product","link":"https:\/\/gpdstore.net\/da\/product\/gpd-duo-protective-case\/","title":{"rendered":"GPD DUO beskyttelsesetui"},"content":{"rendered":"\n<p>Beskyt din GPD DUO med stil med det <strong>officielle GPD DUO-beskyttelsesetui<\/strong>. Dette slanke og holdbare etui er designet eksklusivt til GPD DUO og tilbyder den perfekte kombination af funktionalitet og beskyttelse. Uanset om du pendler, rejser eller blot opbevarer din enhed, sikrer dette etui, at din GPD DUO forbliver sikker og tryg.  <\/p>\n\n<p>Etuiet har en <strong>robust yderside i stof<\/strong>, der beskytter din enhed mod ydre skader, og en <strong>bl\u00f8d, polstret inderside<\/strong>, der beskytter mod ridser og st\u00f8d. Med sit kompakte design kan den nemt rumme din GPD DUO, samtidig med at der er plads til vigtigt tilbeh\u00f8r. <\/p>\n\n<p>Kufferten er udstyret med <strong>dobbelte h\u00e5ndtag<\/strong>, s\u00e5 den er nem at b\u00e6re, og en <strong>justerbar skulderrem<\/strong>, s\u00e5 du kan b\u00e6re den p\u00e5 den m\u00e5de, der passer dig bedst. Den lette konstruktion g\u00f8r den ideel til brugere p\u00e5 farten, som \u00f8nsker p\u00e5lidelig beskyttelse uden un\u00f8dig v\u00e6gt. <\/p>\n\n<h3 class=\"wp-block-heading\"><strong>Vigtige funktioner:<\/strong><\/h3>\n\n<ul class=\"wp-block-list\">\n<li>Officielt GPD-produkt designet specielt til GPD DUO<\/li>\n\n\n\n<li>Slidst\u00e6rkt stof p\u00e5 ydersiden giver bedre beskyttelse<\/li>\n\n\n\n<li>Bl\u00f8dt, polstret indre, der beskytter din enhed mod ridser og slag<\/li>\n\n\n\n<li>Dobbelt h\u00e5ndtag og justerbar skulderrem til alsidige b\u00e6remuligheder<\/li>\n\n\n\n<li>Kompakt og let design for maksimal b\u00e6rbarhed<\/li>\n<\/ul>\n\n<p>Tag din GPD DUO med overalt i sikker forvisning om, at den er beskyttet af et etui, der kombinerer praktisk anvendelighed, holdbarhed og stil.<\/p>\n\n<p><\/p>\n","protected":false},"excerpt":{"rendered":"<ul>\n<li>Officielt <strong>GPD-produkt<\/strong> <\/li>\n<li>Designet specielt til <strong>GPD DUO<\/strong><\/li>\n<li>Slidst\u00e6rkt stof p\u00e5 ydersiden giver bedre beskyttelse<\/li>\n<li>Bl\u00f8dt, polstret indre for at forhindre ridser og st\u00f8d<\/li>\n<li>Inkluderer b\u00e5de dobbelte h\u00e5ndtag og en justerbar skulderrem for alsidige b\u00e6remuligheder<\/li>\n<\/ul>\n[cg_accordion title=\"INFO OM BETALING\"]<\/p>\n<p>Vi bruger den nyeste teknologi inden for betalingsbehandling, som giver dig mulighed for at betale via Apple Pay, Google Pay, dit betalings-\/kreditkort, PayPal eller BNPL-metoder som Klarna, Affirm eller AfterPay for en hurtig og sikker oplevelse.[\/cg_accordion]\n[cg_accordion title=\"GARANTI\"]<\/p>\n<p>2 \u00e5rs garanti fra <a href=\"https:\/\/droix.net\/\" target=\"_blank\" rel=\"nofollow noopener\">DROIX Global<\/a> for at give dig ro i sindet[\/cg_accordion]\n[cg_accordion title=\"PRISER, AFGIFTER OG FORSENDELSE\"]<\/p>\n<p><strong><u>Bem\u00e6rk:<\/u><\/strong><\/p>\n<ul>\n<li>Kunder i USA: Den viste pris inkluderer IKKE SKAT eller afgifter. Ansvaret for fortoldning og betaling af eventuelle tilknyttede skatter\/afgifter ligger hos kunden. <\/li>\n<li>EU-kunder: Den viste pris inkluderer g\u00e6ldende SKAT, som kan v\u00e6re op til 25% afh\u00e6ngigt af dit land.<\/li>\n<li>Kunder i Canada: Den viste pris inkluderer g\u00e6ldende skatter, som kan omfatte 5% GST og yderligere Provincial Sales Taxes (PST), Harmonized Sales Tax (HST) eller Quebec Sales Tax (QST), afh\u00e6ngigt af din provins.<\/li>\n<\/ul>\n<p><strong>KUN for EU-kunder:<\/strong> Express DDP (leveret toldfrit). Det vil sige: <\/p>\n<ul>\n<li>Alle toldafgifter og skatter er inkluderet i den pris, der vises p\u00e5 produktsiden.<\/li>\n<li>Du skal ikke betale yderligere gebyrer ved levering.<\/li>\n<li>I sj\u00e6ldne tilf\u00e6lde af toldrelaterede problemer vil vores team h\u00e5ndtere fortoldningsprocessen p\u00e5 dine vegne for at sikre en problemfri leveringsoplevelse.<\/li>\n<p>Vigtig information om returnering:<\/p>\n<li>Hvis du beslutter at returnere din ordre eller anmode om refusion, skal du v\u00e6re opm\u00e6rksom p\u00e5, at skatter og afgifter, der er betalt p\u00e5 dine vegne i henhold til DDP-vilk\u00e5r, ikke kan refunderes.<\/li>\n<p>Se vores <a href=\"https:\/\/gpdstore.net\/da\/terms-of-service\/\" target=\"_blank\" rel=\"nofollow noopener\">vilk\u00e5r og betingelser<\/a> for detaljerede oplysninger.\n<\/ul>\n<p>[\/cg_accordion]\n[cg_accordion title=\"KUNDESUPPORT\"]<\/p>\n<p>Har du et sp\u00f8rgsm\u00e5l? Vi er kun en kort sms v\u00e6k fra at have l\u00f8st dit problem!<br \/>\n[\/cg_accordion]\n[cg_accordion title=\"HVAD DER ER INKLUDERET\"]<\/p>\n<ul>\n<li>1x GPD DUO-kuffert<\/li>\n<\/ul>\n<p>[\/cg_accordion]\n","protected":false},"featured_media":818162,"template":"","meta":{"_acf_changed":false},"product_brand":[],"product_cat":[1211],"product_tag":[15837],"woo-feed-brand":[],"class_list":{"0":"post-808693","1":"product","2":"type-product","3":"status-publish","4":"has-post-thumbnail","6":"product_cat-tilbehor-da","7":"product_tag-20xmsale-da-2","8":"product_shipping_class-low-end","9":"pa_accessory-type-beskyttende-etui-da","10":"pa_brand-gpd","12":"first","13":"instock","14":"sale","15":"taxable","16":"shipping-taxable","17":"purchasable","18":"product-type-simple"},"acf":[],"aioseo_notices":[],"_links":{"self":[{"href":"https:\/\/gpdstore.net\/da\/wp-json\/wp\/v2\/product\/808693","targetHints":{"allow":["GET"]}}],"collection":[{"href":"https:\/\/gpdstore.net\/da\/wp-json\/wp\/v2\/product"}],"about":[{"href":"https:\/\/gpdstore.net\/da\/wp-json\/wp\/v2\/types\/product"}],"wp:featuredmedia":[{"embeddable":true,"href":"https:\/\/gpdstore.net\/da\/wp-json\/wp\/v2\/media\/818162"}],"wp:attachment":[{"href":"https:\/\/gpdstore.net\/da\/wp-json\/wp\/v2\/media?parent=808693"}],"wp:term":[{"taxonomy":"product_brand","embeddable":true,"href":"https:\/\/gpdstore.net\/da\/wp-json\/wp\/v2\/product_brand?post=808693"},{"taxonomy":"product_cat","embeddable":true,"href":"https:\/\/gpdstore.net\/da\/wp-json\/wp\/v2\/product_cat?post=808693"},{"taxonomy":"product_tag","embeddable":true,"href":"https:\/\/gpdstore.net\/da\/wp-json\/wp\/v2\/product_tag?post=808693"},{"taxonomy":"woo-feed-brand","embeddable":true,"href":"https:\/\/gpdstore.net\/da\/wp-json\/wp\/v2\/woo-feed-brand?post=808693"}],"curies":[{"name":"wp","href":"https:\/\/api.w.org\/{rel}","templated":true}]}}